{"id":1648,"date":"2018-12-11T08:12:32","date_gmt":"2018-12-11T08:12:32","guid":{"rendered":"https:\/\/www.plastic-crates.com\/?post_type=product&#038;p=1648"},"modified":"2021-09-07T23:02:26","modified_gmt":"2021-09-07T23:02:26","slug":"cuba-de-almacenamiento-apilable-6430","status":"publish","type":"product","link":"https:\/\/www.plastic-crates.com\/es\/product\/cuba-de-almacenamiento-apilable-6430\/","title":{"rendered":"Caja de almacenamiento apilable 6430"},"content":{"rendered":"<p><strong>Recipientes de almacenamiento apilables<\/strong>\u00a0Son perfectas para usar en l\u00edneas de montaje, almacenar material o piezas fabricadas. Las cajas encajables se apilan cuando est\u00e1n llenas, giran 180\u00b0 y encajan cuando est\u00e1n vac\u00edas. Las \u00e1reas de manijas moldeadas brindan manijas ergon\u00f3micas seguras. Se limpian f\u00e1cilmente con agua caliente o vapor con detergentes est\u00e1ndar.<br \/>\nLas cajas nido se pueden apilar una encima de otra, lo que no solo ayuda a ahorrar espacio, sino que las cajas de mudanza de pl\u00e1stico hacen que el transporte sea m\u00e1s f\u00e1cil y seguro. Ahorre espacio 75%<\/p>\n<p><img loading=\"lazy\" decoding=\"async\" class=\"alignnone size-medium wp-image-1649\" src=\"https:\/\/www.plastic-crates.com\/wp-content\/uploads\/2018\/12\/Uncapping-Tank_large-300x296.jpg\" alt=\"Tina de almacenamiento encajable \" width=\"300\" height=\"296\" srcset=\"https:\/\/www.plastic-crates.com\/wp-content\/uploads\/2018\/12\/Uncapping-Tank_large-300x296.jpg 300w, https:\/\/www.plastic-crates.com\/wp-content\/uploads\/2018\/12\/Uncapping-Tank_large-100x100.jpg 100w, https:\/\/www.plastic-crates.com\/wp-content\/uploads\/2018\/12\/Uncapping-Tank_large.jpg 480w\" sizes=\"auto, (max-width: 300px) 100vw, 300px\" \/><\/p>","protected":false},"excerpt":{"rendered":"<p><strong>Caracter\u00edsticas y beneficios<\/strong><\/p>\n<ul>\n<li>Contenedores cubo 48\u2033 x 45\u2033 palets<\/li>\n<li>Los lados y fondos reforzados mejoran la protecci\u00f3n del producto.<\/li>\n<li>Los tama\u00f1os interoperables permiten el apilamiento mixto en un pal\u00e9<\/li>\n<li>Fald\u00f3n antipolvo en tama\u00f1os selectos para mayor protecci\u00f3n del producto<\/li>\n<li>Compatible con otras marcas para ampliar su sistema existente<\/li>\n<li>Manijas ergon\u00f3micas para levantar f\u00e1cilmente.<\/li>\n<li>La construcci\u00f3n de HDPE moldeado por inyecci\u00f3n resiste el impacto, la humedad y la mayor\u00eda de los productos qu\u00edmicos.<\/li>\n<li>\u00daselo con temperaturas de -20\u02da a 120\u02da F<\/li>\n<li>Opciones de personalizaci\u00f3n e identificaci\u00f3n disponibles.<\/li>\n<li>Respaldado por una garant\u00eda limitada de un a\u00f1o<\/li>\n<li>100% reciclable<\/li>\n<\/ul>","protected":false},"featured_media":1649,"template":"","meta":{"_acf_changed":false},"product_brand":[],"product_cat":[80],"product_tag":[81,82],"class_list":{"0":"post-1648","1":"product","2":"type-product","3":"status-publish","4":"has-post-thumbnail","6":"product_cat-nestable-storage-tub","7":"product_tag-nestable-storage-tub","8":"product_tag-storage-tubs","10":"first","11":"instock","12":"shipping-taxable","13":"product-type-simple"},"acf":[],"yoast_head":"<!-- This site is optimized with the Yoast SEO plugin v26.1.1 - https:\/\/yoast.com\/wordpress\/plugins\/seo\/ -->\n<title>Nestable Storage Tub 6430 - plastic-crates.com<\/title>\n<meta name=\"robots\" content=\"index, follow, max-snippet:-1, max-image-preview:large, max-video-preview:-1\" \/>\n<link rel=\"canonical\" href=\"https:\/\/www.plastic-crates.com\/es\/product\/cuba-de-almacenamiento-apilable-6430\/\" \/>\n<meta property=\"og:locale\" content=\"es_ES\" \/>\n<meta property=\"og:type\" content=\"article\" \/>\n<meta property=\"og:title\" content=\"Nestable Storage Tub 6430 - plastic-crates.com\" \/>\n<meta property=\"og:description\" content=\"Features and Benefits   Containers cube 48\u2033 x 45\u2033 pallets  Reinforced sides and bottoms enhance product protection  Interworking sizes allow mixed stacking on a pallet  Dust skirt on select sizes for added product protection  Compatible with other brands to expand your existing system  Ergonomic handles for easy lifting  Injection-molded HDPE construction resists impact, moisture and most chemicals  Use with temperatures of -20\u02da to 120\u02da F  Customization and identification options available  Backed by a one-year limited warranty  100% recyclable\" \/>\n<meta property=\"og:url\" content=\"https:\/\/www.plastic-crates.com\/es\/product\/cuba-de-almacenamiento-apilable-6430\/\" \/>\n<meta property=\"og:site_name\" content=\"plastic-crates.com\" \/>\n<meta property=\"article:modified_time\" content=\"2021-09-07T23:02:26+00:00\" \/>\n<meta property=\"og:image\" content=\"https:\/\/www.plastic-crates.com\/wp-content\/uploads\/2018\/12\/Uncapping-Tank_large.jpg\" \/>\n\t<meta property=\"og:image:width\" content=\"480\" \/>\n\t<meta property=\"og:image:height\" content=\"473\" \/>\n\t<meta property=\"og:image:type\" content=\"image\/jpeg\" \/>\n<meta name=\"twitter:card\" content=\"summary_large_image\" \/>\n<script type=\"application\/ld+json\" class=\"yoast-schema-graph\">{\"@context\":\"https:\/\/schema.org\",\"@graph\":[{\"@type\":\"WebPage\",\"@id\":\"https:\/\/www.plastic-crates.com\/product\/nestable-storage-tub-6430\/\",\"url\":\"https:\/\/www.plastic-crates.com\/product\/nestable-storage-tub-6430\/\",\"name\":\"Nestable Storage Tub 6430 - plastic-crates.com\",\"isPartOf\":{\"@id\":\"https:\/\/www.plastic-crates.com\/#website\"},\"primaryImageOfPage\":{\"@id\":\"https:\/\/www.plastic-crates.com\/product\/nestable-storage-tub-6430\/#primaryimage\"},\"image\":{\"@id\":\"https:\/\/www.plastic-crates.com\/product\/nestable-storage-tub-6430\/#primaryimage\"},\"thumbnailUrl\":\"https:\/\/www.plastic-crates.com\/wp-content\/uploads\/2018\/12\/Uncapping-Tank_large.jpg\",\"datePublished\":\"2018-12-11T08:12:32+00:00\",\"dateModified\":\"2021-09-07T23:02:26+00:00\",\"breadcrumb\":{\"@id\":\"https:\/\/www.plastic-crates.com\/product\/nestable-storage-tub-6430\/#breadcrumb\"},\"inLanguage\":\"es\",\"potentialAction\":[{\"@type\":\"ReadAction\",\"target\":[\"https:\/\/www.plastic-crates.com\/product\/nestable-storage-tub-6430\/\"]}]},{\"@type\":\"ImageObject\",\"inLanguage\":\"es\",\"@id\":\"https:\/\/www.plastic-crates.com\/product\/nestable-storage-tub-6430\/#primaryimage\",\"url\":\"https:\/\/www.plastic-crates.com\/wp-content\/uploads\/2018\/12\/Uncapping-Tank_large.jpg\",\"contentUrl\":\"https:\/\/www.plastic-crates.com\/wp-content\/uploads\/2018\/12\/Uncapping-Tank_large.jpg\",\"width\":480,\"height\":473,\"caption\":\"Nestable Storage Tub\"},{\"@type\":\"BreadcrumbList\",\"@id\":\"https:\/\/www.plastic-crates.com\/product\/nestable-storage-tub-6430\/#breadcrumb\",\"itemListElement\":[{\"@type\":\"ListItem\",\"position\":1,\"name\":\"Home\",\"item\":\"https:\/\/www.plastic-crates.com\/\"},{\"@type\":\"ListItem\",\"position\":2,\"name\":\"Products\",\"item\":\"https:\/\/www.plastic-crates.com\/shop\/\"},{\"@type\":\"ListItem\",\"position\":3,\"name\":\"Nestable Storage Tub 6430\"}]},{\"@type\":\"WebSite\",\"@id\":\"https:\/\/www.plastic-crates.com\/#website\",\"url\":\"https:\/\/www.plastic-crates.com\/\",\"name\":\"plastic-crates.com\",\"description\":\"Leading plastic crates manufacturer in China\",\"potentialAction\":[{\"@type\":\"SearchAction\",\"target\":{\"@type\":\"EntryPoint\",\"urlTemplate\":\"https:\/\/www.plastic-crates.com\/?s={search_term_string}\"},\"query-input\":{\"@type\":\"PropertyValueSpecification\",\"valueRequired\":true,\"valueName\":\"search_term_string\"}}],\"inLanguage\":\"es\"}]}<\/script>\n<!-- \/ Yoast SEO plugin. -->","yoast_head_json":{"title":"Tina de almacenamiento encajable 6430 - plastic-crates.com","robots":{"index":"index","follow":"follow","max-snippet":"max-snippet:-1","max-image-preview":"max-image-preview:large","max-video-preview":"max-video-preview:-1"},"canonical":"https:\/\/www.plastic-crates.com\/es\/product\/cuba-de-almacenamiento-apilable-6430\/","og_locale":"es_ES","og_type":"article","og_title":"Nestable Storage Tub 6430 - plastic-crates.com","og_description":"Features and Benefits   Containers cube 48\u2033 x 45\u2033 pallets  Reinforced sides and bottoms enhance product protection  Interworking sizes allow mixed stacking on a pallet  Dust skirt on select sizes for added product protection  Compatible with other brands to expand your existing system  Ergonomic handles for easy lifting  Injection-molded HDPE construction resists impact, moisture and most chemicals  Use with temperatures of -20\u02da to 120\u02da F  Customization and identification options available  Backed by a one-year limited warranty  100% recyclable","og_url":"https:\/\/www.plastic-crates.com\/es\/product\/cuba-de-almacenamiento-apilable-6430\/","og_site_name":"plastic-crates.com","article_modified_time":"2021-09-07T23:02:26+00:00","og_image":[{"width":480,"height":473,"url":"https:\/\/www.plastic-crates.com\/wp-content\/uploads\/2018\/12\/Uncapping-Tank_large.jpg","type":"image\/jpeg"}],"twitter_card":"summary_large_image","schema":{"@context":"https:\/\/schema.org","@graph":[{"@type":"WebPage","@id":"https:\/\/www.plastic-crates.com\/product\/nestable-storage-tub-6430\/","url":"https:\/\/www.plastic-crates.com\/product\/nestable-storage-tub-6430\/","name":"Tina de almacenamiento encajable 6430 - plastic-crates.com","isPartOf":{"@id":"https:\/\/www.plastic-crates.com\/#website"},"primaryImageOfPage":{"@id":"https:\/\/www.plastic-crates.com\/product\/nestable-storage-tub-6430\/#primaryimage"},"image":{"@id":"https:\/\/www.plastic-crates.com\/product\/nestable-storage-tub-6430\/#primaryimage"},"thumbnailUrl":"https:\/\/www.plastic-crates.com\/wp-content\/uploads\/2018\/12\/Uncapping-Tank_large.jpg","datePublished":"2018-12-11T08:12:32+00:00","dateModified":"2021-09-07T23:02:26+00:00","breadcrumb":{"@id":"https:\/\/www.plastic-crates.com\/product\/nestable-storage-tub-6430\/#breadcrumb"},"inLanguage":"es","potentialAction":[{"@type":"ReadAction","target":["https:\/\/www.plastic-crates.com\/product\/nestable-storage-tub-6430\/"]}]},{"@type":"ImageObject","inLanguage":"es","@id":"https:\/\/www.plastic-crates.com\/product\/nestable-storage-tub-6430\/#primaryimage","url":"https:\/\/www.plastic-crates.com\/wp-content\/uploads\/2018\/12\/Uncapping-Tank_large.jpg","contentUrl":"https:\/\/www.plastic-crates.com\/wp-content\/uploads\/2018\/12\/Uncapping-Tank_large.jpg","width":480,"height":473,"caption":"Nestable Storage Tub"},{"@type":"BreadcrumbList","@id":"https:\/\/www.plastic-crates.com\/product\/nestable-storage-tub-6430\/#breadcrumb","itemListElement":[{"@type":"ListItem","position":1,"name":"Home","item":"https:\/\/www.plastic-crates.com\/"},{"@type":"ListItem","position":2,"name":"Products","item":"https:\/\/www.plastic-crates.com\/shop\/"},{"@type":"ListItem","position":3,"name":"Nestable Storage Tub 6430"}]},{"@type":"WebSite","@id":"https:\/\/www.plastic-crates.com\/#website","url":"https:\/\/www.plastic-crates.com\/","name":"plastic-crates.com","description":"Fabricante l\u00edder de cajas de pl\u00e1stico en China","potentialAction":[{"@type":"SearchAction","target":{"@type":"EntryPoint","urlTemplate":"https:\/\/www.plastic-crates.com\/?s={search_term_string}"},"query-input":{"@type":"PropertyValueSpecification","valueRequired":true,"valueName":"search_term_string"}}],"inLanguage":"es"}]}},"_links":{"self":[{"href":"https:\/\/www.plastic-crates.com\/es\/wp-json\/wp\/v2\/product\/1648","targetHints":{"allow":["GET"]}}],"collection":[{"href":"https:\/\/www.plastic-crates.com\/es\/wp-json\/wp\/v2\/product"}],"about":[{"href":"https:\/\/www.plastic-crates.com\/es\/wp-json\/wp\/v2\/types\/product"}],"wp:featuredmedia":[{"embeddable":true,"href":"https:\/\/www.plastic-crates.com\/es\/wp-json\/wp\/v2\/media\/1649"}],"wp:attachment":[{"href":"https:\/\/www.plastic-crates.com\/es\/wp-json\/wp\/v2\/media?parent=1648"}],"wp:term":[{"taxonomy":"product_brand","embeddable":true,"href":"https:\/\/www.plastic-crates.com\/es\/wp-json\/wp\/v2\/product_brand?post=1648"},{"taxonomy":"product_cat","embeddable":true,"href":"https:\/\/www.plastic-crates.com\/es\/wp-json\/wp\/v2\/product_cat?post=1648"},{"taxonomy":"product_tag","embeddable":true,"href":"https:\/\/www.plastic-crates.com\/es\/wp-json\/wp\/v2\/product_tag?post=1648"}],"curies":[{"name":"gracias","href":"https:\/\/api.w.org\/{rel}","templated":true}]}}