{"id":5817,"date":"2019-08-15T07:35:00","date_gmt":"2019-08-15T07:35:00","guid":{"rendered":"https:\/\/www.plastic-crates.com\/product\/collapsible-plastic-boxes-zjxs6040318c-1\/"},"modified":"2019-11-23T03:41:29","modified_gmt":"2019-11-23T03:41:29","slug":"cajas-de-plastico-plegables-zjxs6040318c-1","status":"publish","type":"product","link":"https:\/\/www.plastic-crates.com\/es\/product\/cajas-de-plastico-plegables-zjxs6040318c-1\/","title":{"rendered":"cajas de pl\u00e1stico plegables-JOIN-XS6040318C-1"},"content":{"rendered":"","protected":false},"excerpt":{"rendered":"<div><a href=\"https:\/\/www.plastic-crates.com\/es\/product-category\/contenedores-de-almacenamiento-de-piezas\/\" target=\"_blank\" rel=\"noopener noreferrer\">contenedores de estanter\u00eda<\/a>,<a href=\"https:\/\/www.plastic-crates.com\/es\/product-category\/contenedores-con-tapa\/\" target=\"_blank\" rel=\"noopener noreferrer\">Contenedores de almacenamiento de pl\u00e1stico por tama\u00f1o<\/a>,<a href=\"https:\/\/www.plastic-crates.com\/es\/product-category\/contenedores-apilables\/\" target=\"_blank\" rel=\"noopener noreferrer\">cajas de pl\u00e1stico apilables<\/a>,<a href=\"https:\/\/www.plastic-crates.com\/es\/product-category\/contenedor-de-paletas\/\" target=\"_blank\" rel=\"noopener noreferrer\">Industria de contenedores de pl\u00e1stico<\/a>,<a href=\"https:\/\/www.plastic-crates.com\/es\/product-category\/caja-plegable\/\" target=\"_blank\" rel=\"noopener noreferrer\">caja plegable<\/a><\/div>","protected":false},"featured_media":5818,"template":"","meta":{"_acf_changed":false},"product_brand":[],"product_cat":[11],"product_tag":[101],"class_list":{"0":"post-5817","1":"product","2":"type-product","3":"status-publish","4":"has-post-thumbnail","6":"product_cat-collapsable-box","7":"product_tag-plastic-folding-boxes","9":"first","10":"instock","11":"product-type-simple"},"acf":[],"yoast_head":"<!-- This site is optimized with the Yoast SEO plugin v26.1.1 - https:\/\/yoast.com\/wordpress\/plugins\/seo\/ -->\n<title>collapsible plastic boxes wholesale &amp; Factory Price<\/title>\n<meta name=\"description\" content=\"Wholesale collapsible plastic boxes, collapsable box supplier, Dimensions(L*W*H):600 * 400 * 318 mm, Volume: 58.46L, collapsible plastic boxes for sale\" \/>\n<meta name=\"robots\" content=\"index, follow, max-snippet:-1, max-image-preview:large, max-video-preview:-1\" \/>\n<link rel=\"canonical\" href=\"https:\/\/www.plastic-crates.com\/es\/product\/cajas-de-plastico-plegables-zjxs6040318c-1\/\" \/>\n<meta property=\"og:locale\" content=\"es_ES\" \/>\n<meta property=\"og:type\" content=\"article\" \/>\n<meta property=\"og:title\" content=\"collapsible plastic boxes\" \/>\n<meta property=\"og:description\" content=\"Wholesale collapsible plastic boxes, collapsable box supplier, Dimensions(L*W*H):600 * 400 * 318 mm, Volume: 58.46L, collapsible plastic boxes for sale\" \/>\n<meta property=\"og:url\" content=\"https:\/\/www.plastic-crates.com\/es\/product\/cajas-de-plastico-plegables-zjxs6040318c-1\/\" \/>\n<meta property=\"og:site_name\" content=\"plastic-crates.com\" \/>\n<meta property=\"article:modified_time\" content=\"2019-11-23T03:41:29+00:00\" \/>\n<meta property=\"og:image\" content=\"https:\/\/www.plastic-crates.com\/wp-content\/uploads\/2019\/11\/collapsible-plastic-boxes.jpg\" \/>\n\t<meta property=\"og:image:width\" content=\"498\" \/>\n\t<meta property=\"og:image:height\" content=\"314\" \/>\n\t<meta property=\"og:image:type\" content=\"image\/jpeg\" \/>\n<meta name=\"twitter:card\" content=\"summary_large_image\" \/>\n<meta name=\"twitter:title\" content=\"collapsible plastic boxes\" \/>\n<script type=\"application\/ld+json\" class=\"yoast-schema-graph\">{\"@context\":\"https:\/\/schema.org\",\"@graph\":[{\"@type\":\"WebPage\",\"@id\":\"https:\/\/www.plastic-crates.com\/product\/collapsible-plastic-boxes-zjxs6040318c-1\/\",\"url\":\"https:\/\/www.plastic-crates.com\/product\/collapsible-plastic-boxes-zjxs6040318c-1\/\",\"name\":\"collapsible plastic boxes wholesale & Factory Price\",\"isPartOf\":{\"@id\":\"https:\/\/www.plastic-crates.com\/#website\"},\"primaryImageOfPage\":{\"@id\":\"https:\/\/www.plastic-crates.com\/product\/collapsible-plastic-boxes-zjxs6040318c-1\/#primaryimage\"},\"image\":{\"@id\":\"https:\/\/www.plastic-crates.com\/product\/collapsible-plastic-boxes-zjxs6040318c-1\/#primaryimage\"},\"thumbnailUrl\":\"https:\/\/www.plastic-crates.com\/wp-content\/uploads\/2019\/11\/collapsible-plastic-boxes.jpg\",\"datePublished\":\"2019-08-15T07:35:00+00:00\",\"dateModified\":\"2019-11-23T03:41:29+00:00\",\"description\":\"Wholesale collapsible plastic boxes, collapsable box supplier, Dimensions(L*W*H):600 * 400 * 318 mm, Volume: 58.46L, collapsible plastic boxes for sale\",\"breadcrumb\":{\"@id\":\"https:\/\/www.plastic-crates.com\/product\/collapsible-plastic-boxes-zjxs6040318c-1\/#breadcrumb\"},\"inLanguage\":\"es\",\"potentialAction\":[{\"@type\":\"ReadAction\",\"target\":[\"https:\/\/www.plastic-crates.com\/product\/collapsible-plastic-boxes-zjxs6040318c-1\/\"]}]},{\"@type\":\"ImageObject\",\"inLanguage\":\"es\",\"@id\":\"https:\/\/www.plastic-crates.com\/product\/collapsible-plastic-boxes-zjxs6040318c-1\/#primaryimage\",\"url\":\"https:\/\/www.plastic-crates.com\/wp-content\/uploads\/2019\/11\/collapsible-plastic-boxes.jpg\",\"contentUrl\":\"https:\/\/www.plastic-crates.com\/wp-content\/uploads\/2019\/11\/collapsible-plastic-boxes.jpg\",\"width\":498,\"height\":314,\"caption\":\"collapsible plastic boxes\"},{\"@type\":\"BreadcrumbList\",\"@id\":\"https:\/\/www.plastic-crates.com\/product\/collapsible-plastic-boxes-zjxs6040318c-1\/#breadcrumb\",\"itemListElement\":[{\"@type\":\"ListItem\",\"position\":1,\"name\":\"Home\",\"item\":\"https:\/\/www.plastic-crates.com\/\"},{\"@type\":\"ListItem\",\"position\":2,\"name\":\"Products\",\"item\":\"https:\/\/www.plastic-crates.com\/shop\/\"},{\"@type\":\"ListItem\",\"position\":3,\"name\":\"collapsible plastic boxes-JOIN-XS6040318C-1\"}]},{\"@type\":\"WebSite\",\"@id\":\"https:\/\/www.plastic-crates.com\/#website\",\"url\":\"https:\/\/www.plastic-crates.com\/\",\"name\":\"plastic-crates.com\",\"description\":\"Leading plastic crates manufacturer in China\",\"potentialAction\":[{\"@type\":\"SearchAction\",\"target\":{\"@type\":\"EntryPoint\",\"urlTemplate\":\"https:\/\/www.plastic-crates.com\/?s={search_term_string}\"},\"query-input\":{\"@type\":\"PropertyValueSpecification\",\"valueRequired\":true,\"valueName\":\"search_term_string\"}}],\"inLanguage\":\"es\"}]}<\/script>\n<!-- \/ Yoast SEO plugin. -->","yoast_head_json":{"title":"Cajas de pl\u00e1stico plegables al por mayor y precio de f\u00e1brica","description":"Cajas de pl\u00e1stico plegables al por mayor, proveedor de cajas plegables, Dimensiones (L * W * H): 600 * 400 * 318 mm, Volumen: 58,46 L, cajas de pl\u00e1stico plegables a la venta","robots":{"index":"index","follow":"follow","max-snippet":"max-snippet:-1","max-image-preview":"max-image-preview:large","max-video-preview":"max-video-preview:-1"},"canonical":"https:\/\/www.plastic-crates.com\/es\/product\/cajas-de-plastico-plegables-zjxs6040318c-1\/","og_locale":"es_ES","og_type":"article","og_title":"collapsible plastic boxes","og_description":"Wholesale collapsible plastic boxes, collapsable box supplier, Dimensions(L*W*H):600 * 400 * 318 mm, Volume: 58.46L, collapsible plastic boxes for sale","og_url":"https:\/\/www.plastic-crates.com\/es\/product\/cajas-de-plastico-plegables-zjxs6040318c-1\/","og_site_name":"plastic-crates.com","article_modified_time":"2019-11-23T03:41:29+00:00","og_image":[{"width":498,"height":314,"url":"https:\/\/www.plastic-crates.com\/wp-content\/uploads\/2019\/11\/collapsible-plastic-boxes.jpg","type":"image\/jpeg"}],"twitter_card":"summary_large_image","twitter_title":"collapsible plastic boxes","schema":{"@context":"https:\/\/schema.org","@graph":[{"@type":"WebPage","@id":"https:\/\/www.plastic-crates.com\/product\/collapsible-plastic-boxes-zjxs6040318c-1\/","url":"https:\/\/www.plastic-crates.com\/product\/collapsible-plastic-boxes-zjxs6040318c-1\/","name":"Cajas de pl\u00e1stico plegables al por mayor y precio de f\u00e1brica","isPartOf":{"@id":"https:\/\/www.plastic-crates.com\/#website"},"primaryImageOfPage":{"@id":"https:\/\/www.plastic-crates.com\/product\/collapsible-plastic-boxes-zjxs6040318c-1\/#primaryimage"},"image":{"@id":"https:\/\/www.plastic-crates.com\/product\/collapsible-plastic-boxes-zjxs6040318c-1\/#primaryimage"},"thumbnailUrl":"https:\/\/www.plastic-crates.com\/wp-content\/uploads\/2019\/11\/collapsible-plastic-boxes.jpg","datePublished":"2019-08-15T07:35:00+00:00","dateModified":"2019-11-23T03:41:29+00:00","description":"Cajas de pl\u00e1stico plegables al por mayor, proveedor de cajas plegables, Dimensiones (L * W * H): 600 * 400 * 318 mm, Volumen: 58,46 L, cajas de pl\u00e1stico plegables a la venta","breadcrumb":{"@id":"https:\/\/www.plastic-crates.com\/product\/collapsible-plastic-boxes-zjxs6040318c-1\/#breadcrumb"},"inLanguage":"es","potentialAction":[{"@type":"ReadAction","target":["https:\/\/www.plastic-crates.com\/product\/collapsible-plastic-boxes-zjxs6040318c-1\/"]}]},{"@type":"ImageObject","inLanguage":"es","@id":"https:\/\/www.plastic-crates.com\/product\/collapsible-plastic-boxes-zjxs6040318c-1\/#primaryimage","url":"https:\/\/www.plastic-crates.com\/wp-content\/uploads\/2019\/11\/collapsible-plastic-boxes.jpg","contentUrl":"https:\/\/www.plastic-crates.com\/wp-content\/uploads\/2019\/11\/collapsible-plastic-boxes.jpg","width":498,"height":314,"caption":"collapsible plastic boxes"},{"@type":"BreadcrumbList","@id":"https:\/\/www.plastic-crates.com\/product\/collapsible-plastic-boxes-zjxs6040318c-1\/#breadcrumb","itemListElement":[{"@type":"ListItem","position":1,"name":"Home","item":"https:\/\/www.plastic-crates.com\/"},{"@type":"ListItem","position":2,"name":"Products","item":"https:\/\/www.plastic-crates.com\/shop\/"},{"@type":"ListItem","position":3,"name":"collapsible plastic boxes-JOIN-XS6040318C-1"}]},{"@type":"WebSite","@id":"https:\/\/www.plastic-crates.com\/#website","url":"https:\/\/www.plastic-crates.com\/","name":"plastic-crates.com","description":"Fabricante l\u00edder de cajas de pl\u00e1stico en China","potentialAction":[{"@type":"SearchAction","target":{"@type":"EntryPoint","urlTemplate":"https:\/\/www.plastic-crates.com\/?s={search_term_string}"},"query-input":{"@type":"PropertyValueSpecification","valueRequired":true,"valueName":"search_term_string"}}],"inLanguage":"es"}]}},"_links":{"self":[{"href":"https:\/\/www.plastic-crates.com\/es\/wp-json\/wp\/v2\/product\/5817","targetHints":{"allow":["GET"]}}],"collection":[{"href":"https:\/\/www.plastic-crates.com\/es\/wp-json\/wp\/v2\/product"}],"about":[{"href":"https:\/\/www.plastic-crates.com\/es\/wp-json\/wp\/v2\/types\/product"}],"wp:featuredmedia":[{"embeddable":true,"href":"https:\/\/www.plastic-crates.com\/es\/wp-json\/wp\/v2\/media\/5818"}],"wp:attachment":[{"href":"https:\/\/www.plastic-crates.com\/es\/wp-json\/wp\/v2\/media?parent=5817"}],"wp:term":[{"taxonomy":"product_brand","embeddable":true,"href":"https:\/\/www.plastic-crates.com\/es\/wp-json\/wp\/v2\/product_brand?post=5817"},{"taxonomy":"product_cat","embeddable":true,"href":"https:\/\/www.plastic-crates.com\/es\/wp-json\/wp\/v2\/product_cat?post=5817"},{"taxonomy":"product_tag","embeddable":true,"href":"https:\/\/www.plastic-crates.com\/es\/wp-json\/wp\/v2\/product_tag?post=5817"}],"curies":[{"name":"gracias","href":"https:\/\/api.w.org\/{rel}","templated":true}]}}