{"id":6053,"date":"2019-10-23T22:52:42","date_gmt":"2019-10-23T22:52:42","guid":{"rendered":"https:\/\/www.plastic-crates.com\/product\/high-loading-plastic-collapsible-crate-for-sale-zjks6333257w\/"},"modified":"2019-11-23T03:42:52","modified_gmt":"2019-11-23T03:42:52","slug":"caja-plegable-de-plastico-de-gran-capacidad-de-carga-en-venta-zjks6333257w","status":"publish","type":"product","link":"https:\/\/www.plastic-crates.com\/es\/product\/caja-plegable-de-plastico-de-gran-capacidad-de-carga-en-venta-zjks6333257w\/","title":{"rendered":"Caja plegable de pl\u00e1stico de alta capacidad de carga a la venta -JOIN-KS6333257W"},"content":{"rendered":"","protected":false},"excerpt":{"rendered":"<div><a href=\"https:\/\/www.plastic-crates.com\/es\/product-category\/contenedores-apilables\/\" target=\"_blank\" rel=\"noopener noreferrer\">cajas de pl\u00e1stico apilables<\/a>,<a href=\"https:\/\/www.plastic-crates.com\/es\/product-category\/contenedor-de-paletas\/\" target=\"_blank\" rel=\"noopener noreferrer\">contenedores de almacenamiento grandes<\/a>,<a href=\"https:\/\/www.plastic-crates.com\/es\/product-category\/caja-plegable\/\" target=\"_blank\" rel=\"noopener noreferrer\">Cajas de pl\u00e1stico plegables de alta resistencia<\/a>,<a href=\"https:\/\/www.plastic-crates.com\/es\/product-category\/contenedores-con-tapa\/\" target=\"_blank\" rel=\"noopener noreferrer\">caja de mudanza de plastico<\/a>,<a href=\"https:\/\/www.plastic-crates.com\/es\/product-category\/contenedores-de-almacenamiento-de-piezas\/\" target=\"_blank\" rel=\"noopener noreferrer\">Contenedores de almacenamiento en estanter\u00edas<\/a><\/div>","protected":false},"featured_media":6054,"template":"","meta":{"_acf_changed":false},"product_brand":[],"product_cat":[11],"product_tag":[102],"class_list":{"0":"post-6053","1":"product","2":"type-product","3":"status-publish","4":"has-post-thumbnail","6":"product_cat-collapsable-box","7":"product_tag-plastic-folding-basket","9":"first","10":"instock","11":"product-type-simple"},"acf":[],"yoast_head":"<!-- This site is optimized with the Yoast SEO plugin v26.1.1 - https:\/\/yoast.com\/wordpress\/plugins\/seo\/ -->\n<title>high loading plastic collapsible crate for sale wholesale &amp; Factory Price<\/title>\n<meta name=\"description\" content=\"Wholesale high loading plastic collapsible crate for sale, collapsable box supplier, Dimensions(L*W*H):630 * 330 * 257 mm, Volume: 43.73L, high loading plastic collapsible crate for sale for sale\" \/>\n<meta name=\"robots\" content=\"index, follow, max-snippet:-1, max-image-preview:large, max-video-preview:-1\" \/>\n<link rel=\"canonical\" href=\"https:\/\/www.plastic-crates.com\/es\/product\/caja-plegable-de-plastico-de-gran-capacidad-de-carga-en-venta-zjks6333257w\/\" \/>\n<meta property=\"og:locale\" content=\"es_ES\" \/>\n<meta property=\"og:type\" content=\"article\" \/>\n<meta property=\"og:title\" content=\"high loading plastic collapsible crate for sale\" \/>\n<meta property=\"og:description\" content=\"Wholesale high loading plastic collapsible crate for sale, collapsable box supplier, Dimensions(L*W*H):630 * 330 * 257 mm, Volume: 43.73L, high loading plastic collapsible crate for sale for sale\" \/>\n<meta property=\"og:url\" content=\"https:\/\/www.plastic-crates.com\/es\/product\/caja-plegable-de-plastico-de-gran-capacidad-de-carga-en-venta-zjks6333257w\/\" \/>\n<meta property=\"og:site_name\" content=\"plastic-crates.com\" \/>\n<meta property=\"article:modified_time\" content=\"2019-11-23T03:42:52+00:00\" \/>\n<meta property=\"og:image\" content=\"https:\/\/www.plastic-crates.com\/wp-content\/uploads\/2019\/11\/high-loading-plastic-collapsible-crate-for-sale.gif\" \/>\n\t<meta property=\"og:image:width\" content=\"450\" \/>\n\t<meta property=\"og:image:height\" content=\"280\" \/>\n\t<meta property=\"og:image:type\" content=\"image\/gif\" \/>\n<meta name=\"twitter:card\" content=\"summary_large_image\" \/>\n<meta name=\"twitter:title\" content=\"high loading plastic collapsible crate for sale\" \/>\n<script type=\"application\/ld+json\" class=\"yoast-schema-graph\">{\"@context\":\"https:\/\/schema.org\",\"@graph\":[{\"@type\":\"WebPage\",\"@id\":\"https:\/\/www.plastic-crates.com\/product\/high-loading-plastic-collapsible-crate-for-sale-zjks6333257w\/\",\"url\":\"https:\/\/www.plastic-crates.com\/product\/high-loading-plastic-collapsible-crate-for-sale-zjks6333257w\/\",\"name\":\"high loading plastic collapsible crate for sale wholesale & Factory Price\",\"isPartOf\":{\"@id\":\"https:\/\/www.plastic-crates.com\/#website\"},\"primaryImageOfPage\":{\"@id\":\"https:\/\/www.plastic-crates.com\/product\/high-loading-plastic-collapsible-crate-for-sale-zjks6333257w\/#primaryimage\"},\"image\":{\"@id\":\"https:\/\/www.plastic-crates.com\/product\/high-loading-plastic-collapsible-crate-for-sale-zjks6333257w\/#primaryimage\"},\"thumbnailUrl\":\"https:\/\/www.plastic-crates.com\/wp-content\/uploads\/2019\/11\/high-loading-plastic-collapsible-crate-for-sale.gif\",\"datePublished\":\"2019-10-23T22:52:42+00:00\",\"dateModified\":\"2019-11-23T03:42:52+00:00\",\"description\":\"Wholesale high loading plastic collapsible crate for sale, collapsable box supplier, Dimensions(L*W*H):630 * 330 * 257 mm, Volume: 43.73L, high loading plastic collapsible crate for sale for sale\",\"breadcrumb\":{\"@id\":\"https:\/\/www.plastic-crates.com\/product\/high-loading-plastic-collapsible-crate-for-sale-zjks6333257w\/#breadcrumb\"},\"inLanguage\":\"es\",\"potentialAction\":[{\"@type\":\"ReadAction\",\"target\":[\"https:\/\/www.plastic-crates.com\/product\/high-loading-plastic-collapsible-crate-for-sale-zjks6333257w\/\"]}]},{\"@type\":\"ImageObject\",\"inLanguage\":\"es\",\"@id\":\"https:\/\/www.plastic-crates.com\/product\/high-loading-plastic-collapsible-crate-for-sale-zjks6333257w\/#primaryimage\",\"url\":\"https:\/\/www.plastic-crates.com\/wp-content\/uploads\/2019\/11\/high-loading-plastic-collapsible-crate-for-sale.gif\",\"contentUrl\":\"https:\/\/www.plastic-crates.com\/wp-content\/uploads\/2019\/11\/high-loading-plastic-collapsible-crate-for-sale.gif\",\"width\":450,\"height\":280,\"caption\":\"high loading plastic collapsible crate for sale\"},{\"@type\":\"BreadcrumbList\",\"@id\":\"https:\/\/www.plastic-crates.com\/product\/high-loading-plastic-collapsible-crate-for-sale-zjks6333257w\/#breadcrumb\",\"itemListElement\":[{\"@type\":\"ListItem\",\"position\":1,\"name\":\"Home\",\"item\":\"https:\/\/www.plastic-crates.com\/\"},{\"@type\":\"ListItem\",\"position\":2,\"name\":\"Products\",\"item\":\"https:\/\/www.plastic-crates.com\/shop\/\"},{\"@type\":\"ListItem\",\"position\":3,\"name\":\"high loading plastic collapsible crate for sale-JOIN-KS6333257W\"}]},{\"@type\":\"WebSite\",\"@id\":\"https:\/\/www.plastic-crates.com\/#website\",\"url\":\"https:\/\/www.plastic-crates.com\/\",\"name\":\"plastic-crates.com\",\"description\":\"Leading plastic crates manufacturer in China\",\"potentialAction\":[{\"@type\":\"SearchAction\",\"target\":{\"@type\":\"EntryPoint\",\"urlTemplate\":\"https:\/\/www.plastic-crates.com\/?s={search_term_string}\"},\"query-input\":{\"@type\":\"PropertyValueSpecification\",\"valueRequired\":true,\"valueName\":\"search_term_string\"}}],\"inLanguage\":\"es\"}]}<\/script>\n<!-- \/ Yoast SEO plugin. -->","yoast_head_json":{"title":"Caja plegable de pl\u00e1stico de alta carga para la venta al por mayor y precio de f\u00e1brica","description":"Venta al por mayor de cajas plegables de pl\u00e1stico de alta capacidad de carga, proveedor de cajas plegables, Dimensiones (L * W * H): 630 * 330 * 257 mm, Volumen: 43,73 L, venta de cajas plegables de pl\u00e1stico de alta capacidad de carga","robots":{"index":"index","follow":"follow","max-snippet":"max-snippet:-1","max-image-preview":"max-image-preview:large","max-video-preview":"max-video-preview:-1"},"canonical":"https:\/\/www.plastic-crates.com\/es\/product\/caja-plegable-de-plastico-de-gran-capacidad-de-carga-en-venta-zjks6333257w\/","og_locale":"es_ES","og_type":"article","og_title":"high loading plastic collapsible crate for sale","og_description":"Wholesale high loading plastic collapsible crate for sale, collapsable box supplier, Dimensions(L*W*H):630 * 330 * 257 mm, Volume: 43.73L, high loading plastic collapsible crate for sale for sale","og_url":"https:\/\/www.plastic-crates.com\/es\/product\/caja-plegable-de-plastico-de-gran-capacidad-de-carga-en-venta-zjks6333257w\/","og_site_name":"plastic-crates.com","article_modified_time":"2019-11-23T03:42:52+00:00","og_image":[{"width":450,"height":280,"url":"https:\/\/www.plastic-crates.com\/wp-content\/uploads\/2019\/11\/high-loading-plastic-collapsible-crate-for-sale.gif","type":"image\/gif"}],"twitter_card":"summary_large_image","twitter_title":"high loading plastic collapsible crate for sale","schema":{"@context":"https:\/\/schema.org","@graph":[{"@type":"WebPage","@id":"https:\/\/www.plastic-crates.com\/product\/high-loading-plastic-collapsible-crate-for-sale-zjks6333257w\/","url":"https:\/\/www.plastic-crates.com\/product\/high-loading-plastic-collapsible-crate-for-sale-zjks6333257w\/","name":"Caja plegable de pl\u00e1stico de alta carga para la venta al por mayor y precio de f\u00e1brica","isPartOf":{"@id":"https:\/\/www.plastic-crates.com\/#website"},"primaryImageOfPage":{"@id":"https:\/\/www.plastic-crates.com\/product\/high-loading-plastic-collapsible-crate-for-sale-zjks6333257w\/#primaryimage"},"image":{"@id":"https:\/\/www.plastic-crates.com\/product\/high-loading-plastic-collapsible-crate-for-sale-zjks6333257w\/#primaryimage"},"thumbnailUrl":"https:\/\/www.plastic-crates.com\/wp-content\/uploads\/2019\/11\/high-loading-plastic-collapsible-crate-for-sale.gif","datePublished":"2019-10-23T22:52:42+00:00","dateModified":"2019-11-23T03:42:52+00:00","description":"Venta al por mayor de cajas plegables de pl\u00e1stico de alta capacidad de carga, proveedor de cajas plegables, Dimensiones (L * W * H): 630 * 330 * 257 mm, Volumen: 43,73 L, venta de cajas plegables de pl\u00e1stico de alta capacidad de carga","breadcrumb":{"@id":"https:\/\/www.plastic-crates.com\/product\/high-loading-plastic-collapsible-crate-for-sale-zjks6333257w\/#breadcrumb"},"inLanguage":"es","potentialAction":[{"@type":"ReadAction","target":["https:\/\/www.plastic-crates.com\/product\/high-loading-plastic-collapsible-crate-for-sale-zjks6333257w\/"]}]},{"@type":"ImageObject","inLanguage":"es","@id":"https:\/\/www.plastic-crates.com\/product\/high-loading-plastic-collapsible-crate-for-sale-zjks6333257w\/#primaryimage","url":"https:\/\/www.plastic-crates.com\/wp-content\/uploads\/2019\/11\/high-loading-plastic-collapsible-crate-for-sale.gif","contentUrl":"https:\/\/www.plastic-crates.com\/wp-content\/uploads\/2019\/11\/high-loading-plastic-collapsible-crate-for-sale.gif","width":450,"height":280,"caption":"high loading plastic collapsible crate for sale"},{"@type":"BreadcrumbList","@id":"https:\/\/www.plastic-crates.com\/product\/high-loading-plastic-collapsible-crate-for-sale-zjks6333257w\/#breadcrumb","itemListElement":[{"@type":"ListItem","position":1,"name":"Home","item":"https:\/\/www.plastic-crates.com\/"},{"@type":"ListItem","position":2,"name":"Products","item":"https:\/\/www.plastic-crates.com\/shop\/"},{"@type":"ListItem","position":3,"name":"high loading plastic collapsible crate for sale-JOIN-KS6333257W"}]},{"@type":"WebSite","@id":"https:\/\/www.plastic-crates.com\/#website","url":"https:\/\/www.plastic-crates.com\/","name":"plastic-crates.com","description":"Fabricante l\u00edder de cajas de pl\u00e1stico en China","potentialAction":[{"@type":"SearchAction","target":{"@type":"EntryPoint","urlTemplate":"https:\/\/www.plastic-crates.com\/?s={search_term_string}"},"query-input":{"@type":"PropertyValueSpecification","valueRequired":true,"valueName":"search_term_string"}}],"inLanguage":"es"}]}},"_links":{"self":[{"href":"https:\/\/www.plastic-crates.com\/es\/wp-json\/wp\/v2\/product\/6053","targetHints":{"allow":["GET"]}}],"collection":[{"href":"https:\/\/www.plastic-crates.com\/es\/wp-json\/wp\/v2\/product"}],"about":[{"href":"https:\/\/www.plastic-crates.com\/es\/wp-json\/wp\/v2\/types\/product"}],"wp:featuredmedia":[{"embeddable":true,"href":"https:\/\/www.plastic-crates.com\/es\/wp-json\/wp\/v2\/media\/6054"}],"wp:attachment":[{"href":"https:\/\/www.plastic-crates.com\/es\/wp-json\/wp\/v2\/media?parent=6053"}],"wp:term":[{"taxonomy":"product_brand","embeddable":true,"href":"https:\/\/www.plastic-crates.com\/es\/wp-json\/wp\/v2\/product_brand?post=6053"},{"taxonomy":"product_cat","embeddable":true,"href":"https:\/\/www.plastic-crates.com\/es\/wp-json\/wp\/v2\/product_cat?post=6053"},{"taxonomy":"product_tag","embeddable":true,"href":"https:\/\/www.plastic-crates.com\/es\/wp-json\/wp\/v2\/product_tag?post=6053"}],"curies":[{"name":"gracias","href":"https:\/\/api.w.org\/{rel}","templated":true}]}}