{"id":6075,"date":"2019-07-22T03:00:33","date_gmt":"2019-07-22T03:00:33","guid":{"rendered":"https:\/\/www.plastic-crates.com\/product\/color-customized-foldable-plastic-container-s504\/"},"modified":"2019-11-23T03:43:02","modified_gmt":"2019-11-23T03:43:02","slug":"contenedor-de-plastico-plegable-personalizado-por-color-s504","status":"publish","type":"product","link":"https:\/\/www.plastic-crates.com\/es\/product\/contenedor-de-plastico-plegable-personalizado-por-color-s504\/","title":{"rendered":"Contenedor de pl\u00e1stico plegable personalizado por color - S504"},"content":{"rendered":"","protected":false},"excerpt":{"rendered":"<div><a href=\"https:\/\/www.plastic-crates.com\/es\/product-category\/contenedores-de-almacenamiento-de-piezas\/\" target=\"_blank\" rel=\"noopener noreferrer\">contenedores de pl\u00e1stico apilables con tapa<\/a>,<a href=\"https:\/\/www.plastic-crates.com\/es\/product-category\/contenedor-de-paletas\/\" target=\"_blank\" rel=\"noopener noreferrer\">contenedores de env\u00edo plegables<\/a>,<a href=\"https:\/\/www.plastic-crates.com\/es\/product-category\/contenedores-apilables\/\" target=\"_blank\" rel=\"noopener noreferrer\">cajas de pl\u00e1stico para almacenamiento<\/a>,<a href=\"https:\/\/www.plastic-crates.com\/es\/product-category\/caja-plegable\/\" target=\"_blank\" rel=\"noopener noreferrer\">caja plegable con ruedas<\/a>,<a href=\"https:\/\/www.plastic-crates.com\/es\/product-category\/contenedores-con-tapa\/\" target=\"_blank\" rel=\"noopener noreferrer\">contenedores de pl\u00e1stico para almacenamiento con tapa<\/a><\/div>","protected":false},"featured_media":6076,"template":"","meta":{"_acf_changed":false},"product_brand":[],"product_cat":[11],"product_tag":[103],"class_list":{"0":"post-6075","1":"product","2":"type-product","3":"status-publish","4":"has-post-thumbnail","6":"product_cat-collapsable-box","7":"product_tag-folding-crate","9":"first","10":"instock","11":"product-type-simple"},"acf":[],"yoast_head":"<!-- This site is optimized with the Yoast SEO plugin v26.1.1 - https:\/\/yoast.com\/wordpress\/plugins\/seo\/ -->\n<title>color customized foldable plastic container wholesale &amp; Factory Price<\/title>\n<meta name=\"description\" content=\"Wholesale color customized foldable plastic container, collapsable box supplier, Dimensions(L*W*H):550 * 365 * 210 mm, Volume: 33.4L, color customized foldable plastic container for sale\" \/>\n<meta name=\"robots\" content=\"index, follow, max-snippet:-1, max-image-preview:large, max-video-preview:-1\" \/>\n<link rel=\"canonical\" href=\"https:\/\/www.plastic-crates.com\/es\/product\/contenedor-de-plastico-plegable-personalizado-por-color-s504\/\" \/>\n<meta property=\"og:locale\" content=\"es_ES\" \/>\n<meta property=\"og:type\" content=\"article\" \/>\n<meta property=\"og:title\" content=\"color customized foldable plastic container\" \/>\n<meta property=\"og:description\" content=\"Wholesale color customized foldable plastic container, collapsable box supplier, Dimensions(L*W*H):550 * 365 * 210 mm, Volume: 33.4L, color customized foldable plastic container for sale\" \/>\n<meta property=\"og:url\" content=\"https:\/\/www.plastic-crates.com\/es\/product\/contenedor-de-plastico-plegable-personalizado-por-color-s504\/\" \/>\n<meta property=\"og:site_name\" content=\"plastic-crates.com\" \/>\n<meta property=\"article:modified_time\" content=\"2019-11-23T03:43:02+00:00\" \/>\n<meta property=\"og:image\" content=\"https:\/\/www.plastic-crates.com\/wp-content\/uploads\/2019\/11\/color-customized-foldable-plastic-container.jpg\" \/>\n\t<meta property=\"og:image:width\" content=\"1984\" \/>\n\t<meta property=\"og:image:height\" content=\"1984\" \/>\n\t<meta property=\"og:image:type\" content=\"image\/jpeg\" \/>\n<meta name=\"twitter:card\" content=\"summary_large_image\" \/>\n<meta name=\"twitter:title\" content=\"color customized foldable plastic container\" \/>\n<script type=\"application\/ld+json\" class=\"yoast-schema-graph\">{\"@context\":\"https:\/\/schema.org\",\"@graph\":[{\"@type\":\"WebPage\",\"@id\":\"https:\/\/www.plastic-crates.com\/product\/color-customized-foldable-plastic-container-s504\/\",\"url\":\"https:\/\/www.plastic-crates.com\/product\/color-customized-foldable-plastic-container-s504\/\",\"name\":\"color customized foldable plastic container wholesale & Factory Price\",\"isPartOf\":{\"@id\":\"https:\/\/www.plastic-crates.com\/#website\"},\"primaryImageOfPage\":{\"@id\":\"https:\/\/www.plastic-crates.com\/product\/color-customized-foldable-plastic-container-s504\/#primaryimage\"},\"image\":{\"@id\":\"https:\/\/www.plastic-crates.com\/product\/color-customized-foldable-plastic-container-s504\/#primaryimage\"},\"thumbnailUrl\":\"https:\/\/www.plastic-crates.com\/wp-content\/uploads\/2019\/11\/color-customized-foldable-plastic-container.jpg\",\"datePublished\":\"2019-07-22T03:00:33+00:00\",\"dateModified\":\"2019-11-23T03:43:02+00:00\",\"description\":\"Wholesale color customized foldable plastic container, collapsable box supplier, Dimensions(L*W*H):550 * 365 * 210 mm, Volume: 33.4L, color customized foldable plastic container for sale\",\"breadcrumb\":{\"@id\":\"https:\/\/www.plastic-crates.com\/product\/color-customized-foldable-plastic-container-s504\/#breadcrumb\"},\"inLanguage\":\"es\",\"potentialAction\":[{\"@type\":\"ReadAction\",\"target\":[\"https:\/\/www.plastic-crates.com\/product\/color-customized-foldable-plastic-container-s504\/\"]}]},{\"@type\":\"ImageObject\",\"inLanguage\":\"es\",\"@id\":\"https:\/\/www.plastic-crates.com\/product\/color-customized-foldable-plastic-container-s504\/#primaryimage\",\"url\":\"https:\/\/www.plastic-crates.com\/wp-content\/uploads\/2019\/11\/color-customized-foldable-plastic-container.jpg\",\"contentUrl\":\"https:\/\/www.plastic-crates.com\/wp-content\/uploads\/2019\/11\/color-customized-foldable-plastic-container.jpg\",\"width\":1984,\"height\":1984,\"caption\":\"color customized foldable plastic container\"},{\"@type\":\"BreadcrumbList\",\"@id\":\"https:\/\/www.plastic-crates.com\/product\/color-customized-foldable-plastic-container-s504\/#breadcrumb\",\"itemListElement\":[{\"@type\":\"ListItem\",\"position\":1,\"name\":\"Home\",\"item\":\"https:\/\/www.plastic-crates.com\/\"},{\"@type\":\"ListItem\",\"position\":2,\"name\":\"Products\",\"item\":\"https:\/\/www.plastic-crates.com\/shop\/\"},{\"@type\":\"ListItem\",\"position\":3,\"name\":\"color customized foldable plastic container-S504\"}]},{\"@type\":\"WebSite\",\"@id\":\"https:\/\/www.plastic-crates.com\/#website\",\"url\":\"https:\/\/www.plastic-crates.com\/\",\"name\":\"plastic-crates.com\",\"description\":\"Leading plastic crates manufacturer in China\",\"potentialAction\":[{\"@type\":\"SearchAction\",\"target\":{\"@type\":\"EntryPoint\",\"urlTemplate\":\"https:\/\/www.plastic-crates.com\/?s={search_term_string}\"},\"query-input\":{\"@type\":\"PropertyValueSpecification\",\"valueRequired\":true,\"valueName\":\"search_term_string\"}}],\"inLanguage\":\"es\"}]}<\/script>\n<!-- \/ Yoast SEO plugin. -->","yoast_head_json":{"title":"Contenedor de pl\u00e1stico plegable personalizado a color, venta al por mayor y precio de f\u00e1brica","description":"Contenedor de pl\u00e1stico plegable personalizado en color al por mayor, proveedor de cajas plegables, Dimensiones (L * An * Al): 550 * 365 * 210 mm, Volumen: 33,4 L, contenedor de pl\u00e1stico plegable personalizado en color a la venta","robots":{"index":"index","follow":"follow","max-snippet":"max-snippet:-1","max-image-preview":"max-image-preview:large","max-video-preview":"max-video-preview:-1"},"canonical":"https:\/\/www.plastic-crates.com\/es\/product\/contenedor-de-plastico-plegable-personalizado-por-color-s504\/","og_locale":"es_ES","og_type":"article","og_title":"color customized foldable plastic container","og_description":"Wholesale color customized foldable plastic container, collapsable box supplier, Dimensions(L*W*H):550 * 365 * 210 mm, Volume: 33.4L, color customized foldable plastic container for sale","og_url":"https:\/\/www.plastic-crates.com\/es\/product\/contenedor-de-plastico-plegable-personalizado-por-color-s504\/","og_site_name":"plastic-crates.com","article_modified_time":"2019-11-23T03:43:02+00:00","og_image":[{"width":1984,"height":1984,"url":"https:\/\/www.plastic-crates.com\/wp-content\/uploads\/2019\/11\/color-customized-foldable-plastic-container.jpg","type":"image\/jpeg"}],"twitter_card":"summary_large_image","twitter_title":"color customized foldable plastic container","schema":{"@context":"https:\/\/schema.org","@graph":[{"@type":"WebPage","@id":"https:\/\/www.plastic-crates.com\/product\/color-customized-foldable-plastic-container-s504\/","url":"https:\/\/www.plastic-crates.com\/product\/color-customized-foldable-plastic-container-s504\/","name":"Contenedor de pl\u00e1stico plegable personalizado a color, venta al por mayor y precio de f\u00e1brica","isPartOf":{"@id":"https:\/\/www.plastic-crates.com\/#website"},"primaryImageOfPage":{"@id":"https:\/\/www.plastic-crates.com\/product\/color-customized-foldable-plastic-container-s504\/#primaryimage"},"image":{"@id":"https:\/\/www.plastic-crates.com\/product\/color-customized-foldable-plastic-container-s504\/#primaryimage"},"thumbnailUrl":"https:\/\/www.plastic-crates.com\/wp-content\/uploads\/2019\/11\/color-customized-foldable-plastic-container.jpg","datePublished":"2019-07-22T03:00:33+00:00","dateModified":"2019-11-23T03:43:02+00:00","description":"Contenedor de pl\u00e1stico plegable personalizado en color al por mayor, proveedor de cajas plegables, Dimensiones (L * An * Al): 550 * 365 * 210 mm, Volumen: 33,4 L, contenedor de pl\u00e1stico plegable personalizado en color a la venta","breadcrumb":{"@id":"https:\/\/www.plastic-crates.com\/product\/color-customized-foldable-plastic-container-s504\/#breadcrumb"},"inLanguage":"es","potentialAction":[{"@type":"ReadAction","target":["https:\/\/www.plastic-crates.com\/product\/color-customized-foldable-plastic-container-s504\/"]}]},{"@type":"ImageObject","inLanguage":"es","@id":"https:\/\/www.plastic-crates.com\/product\/color-customized-foldable-plastic-container-s504\/#primaryimage","url":"https:\/\/www.plastic-crates.com\/wp-content\/uploads\/2019\/11\/color-customized-foldable-plastic-container.jpg","contentUrl":"https:\/\/www.plastic-crates.com\/wp-content\/uploads\/2019\/11\/color-customized-foldable-plastic-container.jpg","width":1984,"height":1984,"caption":"color customized foldable plastic container"},{"@type":"BreadcrumbList","@id":"https:\/\/www.plastic-crates.com\/product\/color-customized-foldable-plastic-container-s504\/#breadcrumb","itemListElement":[{"@type":"ListItem","position":1,"name":"Home","item":"https:\/\/www.plastic-crates.com\/"},{"@type":"ListItem","position":2,"name":"Products","item":"https:\/\/www.plastic-crates.com\/shop\/"},{"@type":"ListItem","position":3,"name":"color customized foldable plastic container-S504"}]},{"@type":"WebSite","@id":"https:\/\/www.plastic-crates.com\/#website","url":"https:\/\/www.plastic-crates.com\/","name":"plastic-crates.com","description":"Fabricante l\u00edder de cajas de pl\u00e1stico en China","potentialAction":[{"@type":"SearchAction","target":{"@type":"EntryPoint","urlTemplate":"https:\/\/www.plastic-crates.com\/?s={search_term_string}"},"query-input":{"@type":"PropertyValueSpecification","valueRequired":true,"valueName":"search_term_string"}}],"inLanguage":"es"}]}},"_links":{"self":[{"href":"https:\/\/www.plastic-crates.com\/es\/wp-json\/wp\/v2\/product\/6075","targetHints":{"allow":["GET"]}}],"collection":[{"href":"https:\/\/www.plastic-crates.com\/es\/wp-json\/wp\/v2\/product"}],"about":[{"href":"https:\/\/www.plastic-crates.com\/es\/wp-json\/wp\/v2\/types\/product"}],"wp:featuredmedia":[{"embeddable":true,"href":"https:\/\/www.plastic-crates.com\/es\/wp-json\/wp\/v2\/media\/6076"}],"wp:attachment":[{"href":"https:\/\/www.plastic-crates.com\/es\/wp-json\/wp\/v2\/media?parent=6075"}],"wp:term":[{"taxonomy":"product_brand","embeddable":true,"href":"https:\/\/www.plastic-crates.com\/es\/wp-json\/wp\/v2\/product_brand?post=6075"},{"taxonomy":"product_cat","embeddable":true,"href":"https:\/\/www.plastic-crates.com\/es\/wp-json\/wp\/v2\/product_cat?post=6075"},{"taxonomy":"product_tag","embeddable":true,"href":"https:\/\/www.plastic-crates.com\/es\/wp-json\/wp\/v2\/product_tag?post=6075"}],"curies":[{"name":"gracias","href":"https:\/\/api.w.org\/{rel}","templated":true}]}}