{"id":6147,"date":"2019-07-17T22:48:58","date_gmt":"2019-07-17T22:48:58","guid":{"rendered":"https:\/\/www.plastic-crates.com\/product\/plastic-collapsible-crates-egg-plastic-crate\/"},"modified":"2025-04-15T21:36:57","modified_gmt":"2025-04-15T21:36:57","slug":"cajas-de-plastico-plegables-caja-de-plastico-para-huevos","status":"publish","type":"product","link":"https:\/\/www.plastic-crates.com\/es\/product\/cajas-de-plastico-plegables-caja-de-plastico-para-huevos\/","title":{"rendered":"Cajas de pl\u00e1stico plegables - Caja de pl\u00e1stico para huevos"},"content":{"rendered":"","protected":false},"excerpt":{"rendered":"<div><a href=\"https:\/\/www.plastic-crates.com\/es\/product-category\/contenedores-apilables\/\" target=\"_blank\" rel=\"noopener noreferrer\">peque\u00f1os contenedores de almacenamiento apilables<\/a>,<a href=\"https:\/\/www.plastic-crates.com\/es\/product-category\/contenedores-con-tapa\/\" target=\"_blank\" rel=\"noopener noreferrer\">comprar contenedores de pl\u00e1stico al por mayor<\/a>,<a href=\"https:\/\/www.plastic-crates.com\/es\/product-category\/contenedores-de-almacenamiento-de-piezas\/\" target=\"_blank\" rel=\"noopener noreferrer\">contenedores de estantes<\/a>,<a href=\"https:\/\/www.plastic-crates.com\/es\/product-category\/contenedor-de-paletas\/\" target=\"_blank\" rel=\"noopener noreferrer\">contenedores de pl\u00e1stico a granel<\/a>,<a href=\"https:\/\/www.plastic-crates.com\/es\/product-category\/caja-plegable\/\" target=\"_blank\" rel=\"noopener noreferrer\">Contenedor de pl\u00e1stico plegable personalizado por color<\/a><\/div>","protected":false},"featured_media":229,"template":"","meta":{"_acf_changed":false},"product_brand":[],"product_cat":[11],"product_tag":[67,23],"class_list":{"0":"post-6147","1":"product","2":"type-product","3":"status-publish","4":"has-post-thumbnail","6":"product_cat-collapsable-box","7":"product_tag-collapsible-egg-crate","8":"product_tag-collapsible-plastic-crate","10":"first","11":"instock","12":"product-type-simple"},"acf":[],"yoast_head":"<!-- This site is optimized with the Yoast SEO plugin v26.1.1 - https:\/\/yoast.com\/wordpress\/plugins\/seo\/ -->\n<title>plastic collapsible crates wholesale &amp; Factory Price<\/title>\n<meta name=\"description\" content=\"Wholesale plastic collapsible crates, collapsable box supplier, Dimensions(L*W*H):630 * 330 * 257 mm, Volume: 43.7L, plastic collapsible crates for sale\" \/>\n<meta name=\"robots\" content=\"index, follow, max-snippet:-1, max-image-preview:large, max-video-preview:-1\" \/>\n<link rel=\"canonical\" href=\"https:\/\/www.plastic-crates.com\/es\/product\/cajas-de-plastico-plegables-caja-de-plastico-para-huevos\/\" \/>\n<meta property=\"og:locale\" content=\"es_ES\" \/>\n<meta property=\"og:type\" content=\"article\" \/>\n<meta property=\"og:title\" content=\"plastic collapsible crates\" \/>\n<meta property=\"og:description\" content=\"Wholesale plastic collapsible crates, collapsable box supplier, Dimensions(L*W*H):630 * 330 * 257 mm, Volume: 43.7L, plastic collapsible crates for sale\" \/>\n<meta property=\"og:url\" content=\"https:\/\/www.plastic-crates.com\/es\/product\/cajas-de-plastico-plegables-caja-de-plastico-para-huevos\/\" \/>\n<meta property=\"og:site_name\" content=\"plastic-crates.com\" \/>\n<meta property=\"article:modified_time\" content=\"2025-04-15T21:36:57+00:00\" \/>\n<meta property=\"og:image\" content=\"https:\/\/www.plastic-crates.com\/wp-content\/uploads\/2017\/06\/foldable-egg-crate.jpg\" \/>\n\t<meta property=\"og:image:width\" content=\"360\" \/>\n\t<meta property=\"og:image:height\" content=\"270\" \/>\n\t<meta property=\"og:image:type\" content=\"image\/jpeg\" \/>\n<meta name=\"twitter:card\" content=\"summary_large_image\" \/>\n<meta name=\"twitter:title\" content=\"plastic collapsible crates\" \/>\n<meta name=\"twitter:label1\" content=\"Tiempo de lectura\" \/>\n\t<meta name=\"twitter:data1\" content=\"1 minuto\" \/>\n<script type=\"application\/ld+json\" class=\"yoast-schema-graph\">{\"@context\":\"https:\/\/schema.org\",\"@graph\":[{\"@type\":\"WebPage\",\"@id\":\"https:\/\/www.plastic-crates.com\/product\/plastic-collapsible-crates-egg-plastic-crate\/\",\"url\":\"https:\/\/www.plastic-crates.com\/product\/plastic-collapsible-crates-egg-plastic-crate\/\",\"name\":\"plastic collapsible crates wholesale & Factory Price\",\"isPartOf\":{\"@id\":\"https:\/\/www.plastic-crates.com\/#website\"},\"primaryImageOfPage\":{\"@id\":\"https:\/\/www.plastic-crates.com\/product\/plastic-collapsible-crates-egg-plastic-crate\/#primaryimage\"},\"image\":{\"@id\":\"https:\/\/www.plastic-crates.com\/product\/plastic-collapsible-crates-egg-plastic-crate\/#primaryimage\"},\"thumbnailUrl\":\"https:\/\/www.plastic-crates.com\/wp-content\/uploads\/2017\/06\/foldable-egg-crate.jpg\",\"datePublished\":\"2019-07-17T22:48:58+00:00\",\"dateModified\":\"2025-04-15T21:36:57+00:00\",\"description\":\"Wholesale plastic collapsible crates, collapsable box supplier, Dimensions(L*W*H):630 * 330 * 257 mm, Volume: 43.7L, plastic collapsible crates for sale\",\"breadcrumb\":{\"@id\":\"https:\/\/www.plastic-crates.com\/product\/plastic-collapsible-crates-egg-plastic-crate\/#breadcrumb\"},\"inLanguage\":\"es\",\"potentialAction\":[{\"@type\":\"ReadAction\",\"target\":[\"https:\/\/www.plastic-crates.com\/product\/plastic-collapsible-crates-egg-plastic-crate\/\"]}]},{\"@type\":\"ImageObject\",\"inLanguage\":\"es\",\"@id\":\"https:\/\/www.plastic-crates.com\/product\/plastic-collapsible-crates-egg-plastic-crate\/#primaryimage\",\"url\":\"https:\/\/www.plastic-crates.com\/wp-content\/uploads\/2017\/06\/foldable-egg-crate.jpg\",\"contentUrl\":\"https:\/\/www.plastic-crates.com\/wp-content\/uploads\/2017\/06\/foldable-egg-crate.jpg\",\"width\":360,\"height\":270,\"caption\":\"foldable egg crate\"},{\"@type\":\"BreadcrumbList\",\"@id\":\"https:\/\/www.plastic-crates.com\/product\/plastic-collapsible-crates-egg-plastic-crate\/#breadcrumb\",\"itemListElement\":[{\"@type\":\"ListItem\",\"position\":1,\"name\":\"Home\",\"item\":\"https:\/\/www.plastic-crates.com\/\"},{\"@type\":\"ListItem\",\"position\":2,\"name\":\"Products\",\"item\":\"https:\/\/www.plastic-crates.com\/shop\/\"},{\"@type\":\"ListItem\",\"position\":3,\"name\":\"plastic collapsible crates-Egg plastic crate\"}]},{\"@type\":\"WebSite\",\"@id\":\"https:\/\/www.plastic-crates.com\/#website\",\"url\":\"https:\/\/www.plastic-crates.com\/\",\"name\":\"plastic-crates.com\",\"description\":\"Leading plastic crates manufacturer in China\",\"potentialAction\":[{\"@type\":\"SearchAction\",\"target\":{\"@type\":\"EntryPoint\",\"urlTemplate\":\"https:\/\/www.plastic-crates.com\/?s={search_term_string}\"},\"query-input\":{\"@type\":\"PropertyValueSpecification\",\"valueRequired\":true,\"valueName\":\"search_term_string\"}}],\"inLanguage\":\"es\"}]}<\/script>\n<!-- \/ Yoast SEO plugin. -->","yoast_head_json":{"title":"Cajas de pl\u00e1stico plegables al por mayor y precio de f\u00e1brica","description":"Cajas plegables de pl\u00e1stico al por mayor, proveedor de cajas plegables, Dimensiones (L * W * H): 630 * 330 * 257 mm, Volumen: 43,7 L, cajas plegables de pl\u00e1stico a la venta","robots":{"index":"index","follow":"follow","max-snippet":"max-snippet:-1","max-image-preview":"max-image-preview:large","max-video-preview":"max-video-preview:-1"},"canonical":"https:\/\/www.plastic-crates.com\/es\/product\/cajas-de-plastico-plegables-caja-de-plastico-para-huevos\/","og_locale":"es_ES","og_type":"article","og_title":"plastic collapsible crates","og_description":"Wholesale plastic collapsible crates, collapsable box supplier, Dimensions(L*W*H):630 * 330 * 257 mm, Volume: 43.7L, plastic collapsible crates for sale","og_url":"https:\/\/www.plastic-crates.com\/es\/product\/cajas-de-plastico-plegables-caja-de-plastico-para-huevos\/","og_site_name":"plastic-crates.com","article_modified_time":"2025-04-15T21:36:57+00:00","og_image":[{"width":360,"height":270,"url":"https:\/\/www.plastic-crates.com\/wp-content\/uploads\/2017\/06\/foldable-egg-crate.jpg","type":"image\/jpeg"}],"twitter_card":"summary_large_image","twitter_title":"plastic collapsible crates","twitter_misc":{"Tiempo de lectura":"1 minuto"},"schema":{"@context":"https:\/\/schema.org","@graph":[{"@type":"WebPage","@id":"https:\/\/www.plastic-crates.com\/product\/plastic-collapsible-crates-egg-plastic-crate\/","url":"https:\/\/www.plastic-crates.com\/product\/plastic-collapsible-crates-egg-plastic-crate\/","name":"Cajas de pl\u00e1stico plegables al por mayor y precio de f\u00e1brica","isPartOf":{"@id":"https:\/\/www.plastic-crates.com\/#website"},"primaryImageOfPage":{"@id":"https:\/\/www.plastic-crates.com\/product\/plastic-collapsible-crates-egg-plastic-crate\/#primaryimage"},"image":{"@id":"https:\/\/www.plastic-crates.com\/product\/plastic-collapsible-crates-egg-plastic-crate\/#primaryimage"},"thumbnailUrl":"https:\/\/www.plastic-crates.com\/wp-content\/uploads\/2017\/06\/foldable-egg-crate.jpg","datePublished":"2019-07-17T22:48:58+00:00","dateModified":"2025-04-15T21:36:57+00:00","description":"Cajas plegables de pl\u00e1stico al por mayor, proveedor de cajas plegables, Dimensiones (L * W * H): 630 * 330 * 257 mm, Volumen: 43,7 L, cajas plegables de pl\u00e1stico a la venta","breadcrumb":{"@id":"https:\/\/www.plastic-crates.com\/product\/plastic-collapsible-crates-egg-plastic-crate\/#breadcrumb"},"inLanguage":"es","potentialAction":[{"@type":"ReadAction","target":["https:\/\/www.plastic-crates.com\/product\/plastic-collapsible-crates-egg-plastic-crate\/"]}]},{"@type":"ImageObject","inLanguage":"es","@id":"https:\/\/www.plastic-crates.com\/product\/plastic-collapsible-crates-egg-plastic-crate\/#primaryimage","url":"https:\/\/www.plastic-crates.com\/wp-content\/uploads\/2017\/06\/foldable-egg-crate.jpg","contentUrl":"https:\/\/www.plastic-crates.com\/wp-content\/uploads\/2017\/06\/foldable-egg-crate.jpg","width":360,"height":270,"caption":"foldable egg crate"},{"@type":"BreadcrumbList","@id":"https:\/\/www.plastic-crates.com\/product\/plastic-collapsible-crates-egg-plastic-crate\/#breadcrumb","itemListElement":[{"@type":"ListItem","position":1,"name":"Home","item":"https:\/\/www.plastic-crates.com\/"},{"@type":"ListItem","position":2,"name":"Products","item":"https:\/\/www.plastic-crates.com\/shop\/"},{"@type":"ListItem","position":3,"name":"plastic collapsible crates-Egg plastic crate"}]},{"@type":"WebSite","@id":"https:\/\/www.plastic-crates.com\/#website","url":"https:\/\/www.plastic-crates.com\/","name":"plastic-crates.com","description":"Fabricante l\u00edder de cajas de pl\u00e1stico en China","potentialAction":[{"@type":"SearchAction","target":{"@type":"EntryPoint","urlTemplate":"https:\/\/www.plastic-crates.com\/?s={search_term_string}"},"query-input":{"@type":"PropertyValueSpecification","valueRequired":true,"valueName":"search_term_string"}}],"inLanguage":"es"}]}},"_links":{"self":[{"href":"https:\/\/www.plastic-crates.com\/es\/wp-json\/wp\/v2\/product\/6147","targetHints":{"allow":["GET"]}}],"collection":[{"href":"https:\/\/www.plastic-crates.com\/es\/wp-json\/wp\/v2\/product"}],"about":[{"href":"https:\/\/www.plastic-crates.com\/es\/wp-json\/wp\/v2\/types\/product"}],"wp:featuredmedia":[{"embeddable":true,"href":"https:\/\/www.plastic-crates.com\/es\/wp-json\/wp\/v2\/media\/229"}],"wp:attachment":[{"href":"https:\/\/www.plastic-crates.com\/es\/wp-json\/wp\/v2\/media?parent=6147"}],"wp:term":[{"taxonomy":"product_brand","embeddable":true,"href":"https:\/\/www.plastic-crates.com\/es\/wp-json\/wp\/v2\/product_brand?post=6147"},{"taxonomy":"product_cat","embeddable":true,"href":"https:\/\/www.plastic-crates.com\/es\/wp-json\/wp\/v2\/product_cat?post=6147"},{"taxonomy":"product_tag","embeddable":true,"href":"https:\/\/www.plastic-crates.com\/es\/wp-json\/wp\/v2\/product_tag?post=6147"}],"curies":[{"name":"gracias","href":"https:\/\/api.w.org\/{rel}","templated":true}]}}