{"id":6422,"date":"2019-11-05T04:24:35","date_gmt":"2019-11-05T04:24:35","guid":{"rendered":"https:\/\/www.plastic-crates.com\/product\/foldable-plastic-storage-bins-zjkk604024w\/"},"modified":"2025-04-24T11:57:23","modified_gmt":"2025-04-24T11:57:23","slug":"contenedores-de-almacenamiento-de-plastico-plegables-zjkk604024w","status":"publish","type":"product","link":"https:\/\/www.plastic-crates.com\/es\/product\/contenedores-de-almacenamiento-de-plastico-plegables-zjkk604024w\/","title":{"rendered":"Contenedores de almacenamiento de pl\u00e1stico plegables -JOIN-KK604024W"},"content":{"rendered":"","protected":false},"excerpt":{"rendered":"<div><a href=\"https:\/\/www.plastic-crates.com\/es\/product-category\/contenedores-de-almacenamiento-de-piezas\/\" target=\"_blank\" rel=\"noopener noreferrer\">Estanter\u00edas para contenedores de almacenamiento<\/a>,<a href=\"https:\/\/www.plastic-crates.com\/es\/product-category\/contenedores-con-tapa\/\" target=\"_blank\" rel=\"noopener noreferrer\">grandes contenedores de almacenamiento de pl\u00e1stico con ruedas<\/a>,<a href=\"https:\/\/www.plastic-crates.com\/es\/product-category\/contenedor-de-paletas\/\" target=\"_blank\" rel=\"noopener noreferrer\">contenedores de env\u00edo a granel<\/a>,<a href=\"https:\/\/www.plastic-crates.com\/es\/product-category\/contenedores-apilables\/\" target=\"_blank\" rel=\"noopener noreferrer\">Contenedores de almacenamiento de pl\u00e1stico con ruedas<\/a>,<a href=\"https:\/\/www.plastic-crates.com\/es\/product-category\/caja-plegable\/\" target=\"_blank\" rel=\"noopener noreferrer\">cajas de pl\u00e1stico plegables<\/a><\/div>","protected":false},"featured_media":6423,"template":"","meta":{"_acf_changed":false},"product_brand":[],"product_cat":[11],"product_tag":[102,149],"class_list":{"0":"post-6422","1":"product","2":"type-product","3":"status-publish","4":"has-post-thumbnail","6":"product_cat-collapsable-box","7":"product_tag-plastic-folding-basket","8":"product_tag-plastic-milk-crates","10":"first","11":"instock","12":"product-type-simple"},"acf":[],"yoast_head":"<!-- This site is optimized with the Yoast SEO plugin v26.1.1 - https:\/\/yoast.com\/wordpress\/plugins\/seo\/ -->\n<title>foldable plastic storage bins wholesale &amp; Factory Price<\/title>\n<meta name=\"description\" content=\"Wholesale foldable plastic storage bins, collapsable box supplier, Dimensions(L*W*H):600 * 400 * 240 mm, Volume: 45.36L, foldable plastic storage bins for sale\" \/>\n<meta name=\"robots\" content=\"index, follow, max-snippet:-1, max-image-preview:large, max-video-preview:-1\" \/>\n<link rel=\"canonical\" href=\"https:\/\/www.plastic-crates.com\/es\/product\/contenedores-de-almacenamiento-de-plastico-plegables-zjkk604024w\/\" \/>\n<meta property=\"og:locale\" content=\"es_ES\" \/>\n<meta property=\"og:type\" content=\"article\" \/>\n<meta property=\"og:title\" content=\"foldable plastic storage bins\" \/>\n<meta property=\"og:description\" content=\"Wholesale foldable plastic storage bins, collapsable box supplier, Dimensions(L*W*H):600 * 400 * 240 mm, Volume: 45.36L, foldable plastic storage bins for sale\" \/>\n<meta property=\"og:url\" content=\"https:\/\/www.plastic-crates.com\/es\/product\/contenedores-de-almacenamiento-de-plastico-plegables-zjkk604024w\/\" \/>\n<meta property=\"og:site_name\" content=\"plastic-crates.com\" \/>\n<meta property=\"article:modified_time\" content=\"2025-04-24T11:57:23+00:00\" \/>\n<meta property=\"og:image\" content=\"https:\/\/www.plastic-crates.com\/wp-content\/uploads\/2019\/11\/foldable-plastic-storage-bins.jpg\" \/>\n\t<meta property=\"og:image:width\" content=\"700\" \/>\n\t<meta property=\"og:image:height\" content=\"443\" \/>\n\t<meta property=\"og:image:type\" content=\"image\/jpeg\" \/>\n<meta name=\"twitter:card\" content=\"summary_large_image\" \/>\n<meta name=\"twitter:title\" content=\"foldable plastic storage bins\" \/>\n<meta name=\"twitter:label1\" content=\"Tiempo de lectura\" \/>\n\t<meta name=\"twitter:data1\" content=\"1 minuto\" \/>\n<script type=\"application\/ld+json\" class=\"yoast-schema-graph\">{\"@context\":\"https:\/\/schema.org\",\"@graph\":[{\"@type\":\"WebPage\",\"@id\":\"https:\/\/www.plastic-crates.com\/product\/foldable-plastic-storage-bins-zjkk604024w\/\",\"url\":\"https:\/\/www.plastic-crates.com\/product\/foldable-plastic-storage-bins-zjkk604024w\/\",\"name\":\"foldable plastic storage bins wholesale & Factory Price\",\"isPartOf\":{\"@id\":\"https:\/\/www.plastic-crates.com\/#website\"},\"primaryImageOfPage\":{\"@id\":\"https:\/\/www.plastic-crates.com\/product\/foldable-plastic-storage-bins-zjkk604024w\/#primaryimage\"},\"image\":{\"@id\":\"https:\/\/www.plastic-crates.com\/product\/foldable-plastic-storage-bins-zjkk604024w\/#primaryimage\"},\"thumbnailUrl\":\"https:\/\/www.plastic-crates.com\/wp-content\/uploads\/2019\/11\/foldable-plastic-storage-bins.jpg\",\"datePublished\":\"2019-11-05T04:24:35+00:00\",\"dateModified\":\"2025-04-24T11:57:23+00:00\",\"description\":\"Wholesale foldable plastic storage bins, collapsable box supplier, Dimensions(L*W*H):600 * 400 * 240 mm, Volume: 45.36L, foldable plastic storage bins for sale\",\"breadcrumb\":{\"@id\":\"https:\/\/www.plastic-crates.com\/product\/foldable-plastic-storage-bins-zjkk604024w\/#breadcrumb\"},\"inLanguage\":\"es\",\"potentialAction\":[{\"@type\":\"ReadAction\",\"target\":[\"https:\/\/www.plastic-crates.com\/product\/foldable-plastic-storage-bins-zjkk604024w\/\"]}]},{\"@type\":\"ImageObject\",\"inLanguage\":\"es\",\"@id\":\"https:\/\/www.plastic-crates.com\/product\/foldable-plastic-storage-bins-zjkk604024w\/#primaryimage\",\"url\":\"https:\/\/www.plastic-crates.com\/wp-content\/uploads\/2019\/11\/foldable-plastic-storage-bins.jpg\",\"contentUrl\":\"https:\/\/www.plastic-crates.com\/wp-content\/uploads\/2019\/11\/foldable-plastic-storage-bins.jpg\",\"width\":700,\"height\":443,\"caption\":\"foldable plastic storage bins\"},{\"@type\":\"BreadcrumbList\",\"@id\":\"https:\/\/www.plastic-crates.com\/product\/foldable-plastic-storage-bins-zjkk604024w\/#breadcrumb\",\"itemListElement\":[{\"@type\":\"ListItem\",\"position\":1,\"name\":\"Home\",\"item\":\"https:\/\/www.plastic-crates.com\/\"},{\"@type\":\"ListItem\",\"position\":2,\"name\":\"Products\",\"item\":\"https:\/\/www.plastic-crates.com\/shop\/\"},{\"@type\":\"ListItem\",\"position\":3,\"name\":\"foldable plastic storage bins-JOIN-KK604024W\"}]},{\"@type\":\"WebSite\",\"@id\":\"https:\/\/www.plastic-crates.com\/#website\",\"url\":\"https:\/\/www.plastic-crates.com\/\",\"name\":\"plastic-crates.com\",\"description\":\"Leading plastic crates manufacturer in China\",\"potentialAction\":[{\"@type\":\"SearchAction\",\"target\":{\"@type\":\"EntryPoint\",\"urlTemplate\":\"https:\/\/www.plastic-crates.com\/?s={search_term_string}\"},\"query-input\":{\"@type\":\"PropertyValueSpecification\",\"valueRequired\":true,\"valueName\":\"search_term_string\"}}],\"inLanguage\":\"es\"}]}<\/script>\n<!-- \/ Yoast SEO plugin. -->","yoast_head_json":{"title":"Contenedores de almacenamiento de pl\u00e1stico plegables al por mayor y precio de f\u00e1brica","description":"Contenedores de almacenamiento de pl\u00e1stico plegables al por mayor, proveedor de cajas plegables, Dimensiones (L * An * Al): 600 * 400 * 240 mm, Volumen: 45.36L, contenedores de almacenamiento de pl\u00e1stico plegables a la venta","robots":{"index":"index","follow":"follow","max-snippet":"max-snippet:-1","max-image-preview":"max-image-preview:large","max-video-preview":"max-video-preview:-1"},"canonical":"https:\/\/www.plastic-crates.com\/es\/product\/contenedores-de-almacenamiento-de-plastico-plegables-zjkk604024w\/","og_locale":"es_ES","og_type":"article","og_title":"foldable plastic storage bins","og_description":"Wholesale foldable plastic storage bins, collapsable box supplier, Dimensions(L*W*H):600 * 400 * 240 mm, Volume: 45.36L, foldable plastic storage bins for sale","og_url":"https:\/\/www.plastic-crates.com\/es\/product\/contenedores-de-almacenamiento-de-plastico-plegables-zjkk604024w\/","og_site_name":"plastic-crates.com","article_modified_time":"2025-04-24T11:57:23+00:00","og_image":[{"width":700,"height":443,"url":"https:\/\/www.plastic-crates.com\/wp-content\/uploads\/2019\/11\/foldable-plastic-storage-bins.jpg","type":"image\/jpeg"}],"twitter_card":"summary_large_image","twitter_title":"foldable plastic storage bins","twitter_misc":{"Tiempo de lectura":"1 minuto"},"schema":{"@context":"https:\/\/schema.org","@graph":[{"@type":"WebPage","@id":"https:\/\/www.plastic-crates.com\/product\/foldable-plastic-storage-bins-zjkk604024w\/","url":"https:\/\/www.plastic-crates.com\/product\/foldable-plastic-storage-bins-zjkk604024w\/","name":"Contenedores de almacenamiento de pl\u00e1stico plegables al por mayor y precio de f\u00e1brica","isPartOf":{"@id":"https:\/\/www.plastic-crates.com\/#website"},"primaryImageOfPage":{"@id":"https:\/\/www.plastic-crates.com\/product\/foldable-plastic-storage-bins-zjkk604024w\/#primaryimage"},"image":{"@id":"https:\/\/www.plastic-crates.com\/product\/foldable-plastic-storage-bins-zjkk604024w\/#primaryimage"},"thumbnailUrl":"https:\/\/www.plastic-crates.com\/wp-content\/uploads\/2019\/11\/foldable-plastic-storage-bins.jpg","datePublished":"2019-11-05T04:24:35+00:00","dateModified":"2025-04-24T11:57:23+00:00","description":"Contenedores de almacenamiento de pl\u00e1stico plegables al por mayor, proveedor de cajas plegables, Dimensiones (L * An * Al): 600 * 400 * 240 mm, Volumen: 45.36L, contenedores de almacenamiento de pl\u00e1stico plegables a la venta","breadcrumb":{"@id":"https:\/\/www.plastic-crates.com\/product\/foldable-plastic-storage-bins-zjkk604024w\/#breadcrumb"},"inLanguage":"es","potentialAction":[{"@type":"ReadAction","target":["https:\/\/www.plastic-crates.com\/product\/foldable-plastic-storage-bins-zjkk604024w\/"]}]},{"@type":"ImageObject","inLanguage":"es","@id":"https:\/\/www.plastic-crates.com\/product\/foldable-plastic-storage-bins-zjkk604024w\/#primaryimage","url":"https:\/\/www.plastic-crates.com\/wp-content\/uploads\/2019\/11\/foldable-plastic-storage-bins.jpg","contentUrl":"https:\/\/www.plastic-crates.com\/wp-content\/uploads\/2019\/11\/foldable-plastic-storage-bins.jpg","width":700,"height":443,"caption":"foldable plastic storage bins"},{"@type":"BreadcrumbList","@id":"https:\/\/www.plastic-crates.com\/product\/foldable-plastic-storage-bins-zjkk604024w\/#breadcrumb","itemListElement":[{"@type":"ListItem","position":1,"name":"Home","item":"https:\/\/www.plastic-crates.com\/"},{"@type":"ListItem","position":2,"name":"Products","item":"https:\/\/www.plastic-crates.com\/shop\/"},{"@type":"ListItem","position":3,"name":"foldable plastic storage bins-JOIN-KK604024W"}]},{"@type":"WebSite","@id":"https:\/\/www.plastic-crates.com\/#website","url":"https:\/\/www.plastic-crates.com\/","name":"plastic-crates.com","description":"Fabricante l\u00edder de cajas de pl\u00e1stico en China","potentialAction":[{"@type":"SearchAction","target":{"@type":"EntryPoint","urlTemplate":"https:\/\/www.plastic-crates.com\/?s={search_term_string}"},"query-input":{"@type":"PropertyValueSpecification","valueRequired":true,"valueName":"search_term_string"}}],"inLanguage":"es"}]}},"_links":{"self":[{"href":"https:\/\/www.plastic-crates.com\/es\/wp-json\/wp\/v2\/product\/6422","targetHints":{"allow":["GET"]}}],"collection":[{"href":"https:\/\/www.plastic-crates.com\/es\/wp-json\/wp\/v2\/product"}],"about":[{"href":"https:\/\/www.plastic-crates.com\/es\/wp-json\/wp\/v2\/types\/product"}],"wp:featuredmedia":[{"embeddable":true,"href":"https:\/\/www.plastic-crates.com\/es\/wp-json\/wp\/v2\/media\/6423"}],"wp:attachment":[{"href":"https:\/\/www.plastic-crates.com\/es\/wp-json\/wp\/v2\/media?parent=6422"}],"wp:term":[{"taxonomy":"product_brand","embeddable":true,"href":"https:\/\/www.plastic-crates.com\/es\/wp-json\/wp\/v2\/product_brand?post=6422"},{"taxonomy":"product_cat","embeddable":true,"href":"https:\/\/www.plastic-crates.com\/es\/wp-json\/wp\/v2\/product_cat?post=6422"},{"taxonomy":"product_tag","embeddable":true,"href":"https:\/\/www.plastic-crates.com\/es\/wp-json\/wp\/v2\/product_tag?post=6422"}],"curies":[{"name":"gracias","href":"https:\/\/api.w.org\/{rel}","templated":true}]}}