{"id":6547,"date":"2019-07-14T00:51:03","date_gmt":"2019-07-14T00:51:03","guid":{"rendered":"https:\/\/www.plastic-crates.com\/product\/plastic-stackable-containers-euc\/"},"modified":"2019-11-23T03:53:26","modified_gmt":"2019-11-23T03:53:26","slug":"contenedores-apilables-de-plastico-euc","status":"publish","type":"product","link":"https:\/\/www.plastic-crates.com\/es\/product\/contenedores-apilables-de-plastico-euc\/","title":{"rendered":"contenedores de pl\u00e1stico apilables-EUC"},"content":{"rendered":"","protected":false},"excerpt":{"rendered":"<div><a href=\"https:\/\/www.plastic-crates.com\/es\/product-category\/contenedores-con-tapa\/\" target=\"_blank\" rel=\"noopener noreferrer\">Cajas de pl\u00e1stico para almacenamiento apilables y encajables econ\u00f3micas<\/a>,<a href=\"https:\/\/www.plastic-crates.com\/es\/product-category\/caja-plegable\/\" target=\"_blank\" rel=\"noopener noreferrer\">Cajas de almacenamiento plegables de pl\u00e1stico<\/a>,<a href=\"https:\/\/www.plastic-crates.com\/es\/product-category\/contenedores-de-almacenamiento-de-piezas\/\" target=\"_blank\" rel=\"noopener noreferrer\">contenedores de repuestos de plastico<\/a>,<a href=\"https:\/\/www.plastic-crates.com\/es\/product-category\/contenedor-de-paletas\/\" target=\"_blank\" rel=\"noopener noreferrer\">cajas de palets en venta<\/a>,<a href=\"https:\/\/www.plastic-crates.com\/es\/product-category\/contenedores-apilables\/\" target=\"_blank\" rel=\"noopener noreferrer\">Cajas apilables para almacenamiento<\/a><\/div>","protected":false},"featured_media":6548,"template":"","meta":{"_acf_changed":false},"product_brand":[],"product_cat":[15],"product_tag":[111,109],"class_list":{"0":"post-6547","1":"product","2":"type-product","3":"status-publish","4":"has-post-thumbnail","6":"product_cat-stackable-containers","7":"product_tag-stackable-bin","8":"product_tag-stacking-crate","10":"first","11":"instock","12":"product-type-simple"},"acf":[],"yoast_head":"<!-- This site is optimized with the Yoast SEO plugin v26.1.1 - https:\/\/yoast.com\/wordpress\/plugins\/seo\/ -->\n<title>plastic stackable containers wholesale &amp; Factory Price<\/title>\n<meta name=\"description\" content=\"Wholesale plastic stackable containers, stackable plastic containers supplier, Dimensions(L*W*H):400 * 300 * 280 mm, Volume: 26.8L, plastic stackable containers for sale\" \/>\n<meta name=\"robots\" content=\"index, follow, max-snippet:-1, max-image-preview:large, max-video-preview:-1\" \/>\n<link rel=\"canonical\" href=\"https:\/\/www.plastic-crates.com\/es\/product\/contenedores-apilables-de-plastico-euc\/\" \/>\n<meta property=\"og:locale\" content=\"es_ES\" \/>\n<meta property=\"og:type\" content=\"article\" \/>\n<meta property=\"og:title\" content=\"plastic stackable containers\" \/>\n<meta property=\"og:description\" content=\"Wholesale plastic stackable containers, stackable plastic containers supplier, Dimensions(L*W*H):400 * 300 * 280 mm, Volume: 26.8L, plastic stackable containers for sale\" \/>\n<meta property=\"og:url\" content=\"https:\/\/www.plastic-crates.com\/es\/product\/contenedores-apilables-de-plastico-euc\/\" \/>\n<meta property=\"og:site_name\" content=\"plastic-crates.com\" \/>\n<meta property=\"article:modified_time\" content=\"2019-11-23T03:53:26+00:00\" \/>\n<meta property=\"og:image\" content=\"https:\/\/www.plastic-crates.com\/wp-content\/uploads\/2019\/11\/plastic-stackable-containers.jpg\" \/>\n\t<meta property=\"og:image:width\" content=\"700\" \/>\n\t<meta property=\"og:image:height\" content=\"504\" \/>\n\t<meta property=\"og:image:type\" content=\"image\/jpeg\" \/>\n<meta name=\"twitter:card\" content=\"summary_large_image\" \/>\n<meta name=\"twitter:title\" content=\"plastic stackable containers\" \/>\n<script type=\"application\/ld+json\" class=\"yoast-schema-graph\">{\"@context\":\"https:\/\/schema.org\",\"@graph\":[{\"@type\":\"WebPage\",\"@id\":\"https:\/\/www.plastic-crates.com\/product\/plastic-stackable-containers-euc\/\",\"url\":\"https:\/\/www.plastic-crates.com\/product\/plastic-stackable-containers-euc\/\",\"name\":\"plastic stackable containers wholesale & Factory Price\",\"isPartOf\":{\"@id\":\"https:\/\/www.plastic-crates.com\/#website\"},\"primaryImageOfPage\":{\"@id\":\"https:\/\/www.plastic-crates.com\/product\/plastic-stackable-containers-euc\/#primaryimage\"},\"image\":{\"@id\":\"https:\/\/www.plastic-crates.com\/product\/plastic-stackable-containers-euc\/#primaryimage\"},\"thumbnailUrl\":\"https:\/\/www.plastic-crates.com\/wp-content\/uploads\/2019\/11\/plastic-stackable-containers.jpg\",\"datePublished\":\"2019-07-14T00:51:03+00:00\",\"dateModified\":\"2019-11-23T03:53:26+00:00\",\"description\":\"Wholesale plastic stackable containers, stackable plastic containers supplier, Dimensions(L*W*H):400 * 300 * 280 mm, Volume: 26.8L, plastic stackable containers for sale\",\"breadcrumb\":{\"@id\":\"https:\/\/www.plastic-crates.com\/product\/plastic-stackable-containers-euc\/#breadcrumb\"},\"inLanguage\":\"es\",\"potentialAction\":[{\"@type\":\"ReadAction\",\"target\":[\"https:\/\/www.plastic-crates.com\/product\/plastic-stackable-containers-euc\/\"]}]},{\"@type\":\"ImageObject\",\"inLanguage\":\"es\",\"@id\":\"https:\/\/www.plastic-crates.com\/product\/plastic-stackable-containers-euc\/#primaryimage\",\"url\":\"https:\/\/www.plastic-crates.com\/wp-content\/uploads\/2019\/11\/plastic-stackable-containers.jpg\",\"contentUrl\":\"https:\/\/www.plastic-crates.com\/wp-content\/uploads\/2019\/11\/plastic-stackable-containers.jpg\",\"width\":700,\"height\":504,\"caption\":\"plastic stackable containers\"},{\"@type\":\"BreadcrumbList\",\"@id\":\"https:\/\/www.plastic-crates.com\/product\/plastic-stackable-containers-euc\/#breadcrumb\",\"itemListElement\":[{\"@type\":\"ListItem\",\"position\":1,\"name\":\"Home\",\"item\":\"https:\/\/www.plastic-crates.com\/\"},{\"@type\":\"ListItem\",\"position\":2,\"name\":\"Products\",\"item\":\"https:\/\/www.plastic-crates.com\/shop\/\"},{\"@type\":\"ListItem\",\"position\":3,\"name\":\"plastic stackable containers-EUC\"}]},{\"@type\":\"WebSite\",\"@id\":\"https:\/\/www.plastic-crates.com\/#website\",\"url\":\"https:\/\/www.plastic-crates.com\/\",\"name\":\"plastic-crates.com\",\"description\":\"Leading plastic crates manufacturer in China\",\"potentialAction\":[{\"@type\":\"SearchAction\",\"target\":{\"@type\":\"EntryPoint\",\"urlTemplate\":\"https:\/\/www.plastic-crates.com\/?s={search_term_string}\"},\"query-input\":{\"@type\":\"PropertyValueSpecification\",\"valueRequired\":true,\"valueName\":\"search_term_string\"}}],\"inLanguage\":\"es\"}]}<\/script>\n<!-- \/ Yoast SEO plugin. -->","yoast_head_json":{"title":"Contenedores apilables de pl\u00e1stico al por mayor y precio de f\u00e1brica","description":"Contenedores apilables de pl\u00e1stico al por mayor, proveedor de contenedores apilables de pl\u00e1stico, Dimensiones (L * An * Al): 400 * 300 * 280 mm, Volumen: 26,8 L, contenedores apilables de pl\u00e1stico a la venta","robots":{"index":"index","follow":"follow","max-snippet":"max-snippet:-1","max-image-preview":"max-image-preview:large","max-video-preview":"max-video-preview:-1"},"canonical":"https:\/\/www.plastic-crates.com\/es\/product\/contenedores-apilables-de-plastico-euc\/","og_locale":"es_ES","og_type":"article","og_title":"plastic stackable containers","og_description":"Wholesale plastic stackable containers, stackable plastic containers supplier, Dimensions(L*W*H):400 * 300 * 280 mm, Volume: 26.8L, plastic stackable containers for sale","og_url":"https:\/\/www.plastic-crates.com\/es\/product\/contenedores-apilables-de-plastico-euc\/","og_site_name":"plastic-crates.com","article_modified_time":"2019-11-23T03:53:26+00:00","og_image":[{"width":700,"height":504,"url":"https:\/\/www.plastic-crates.com\/wp-content\/uploads\/2019\/11\/plastic-stackable-containers.jpg","type":"image\/jpeg"}],"twitter_card":"summary_large_image","twitter_title":"plastic stackable containers","schema":{"@context":"https:\/\/schema.org","@graph":[{"@type":"WebPage","@id":"https:\/\/www.plastic-crates.com\/product\/plastic-stackable-containers-euc\/","url":"https:\/\/www.plastic-crates.com\/product\/plastic-stackable-containers-euc\/","name":"Contenedores apilables de pl\u00e1stico al por mayor y precio de f\u00e1brica","isPartOf":{"@id":"https:\/\/www.plastic-crates.com\/#website"},"primaryImageOfPage":{"@id":"https:\/\/www.plastic-crates.com\/product\/plastic-stackable-containers-euc\/#primaryimage"},"image":{"@id":"https:\/\/www.plastic-crates.com\/product\/plastic-stackable-containers-euc\/#primaryimage"},"thumbnailUrl":"https:\/\/www.plastic-crates.com\/wp-content\/uploads\/2019\/11\/plastic-stackable-containers.jpg","datePublished":"2019-07-14T00:51:03+00:00","dateModified":"2019-11-23T03:53:26+00:00","description":"Contenedores apilables de pl\u00e1stico al por mayor, proveedor de contenedores apilables de pl\u00e1stico, Dimensiones (L * An * Al): 400 * 300 * 280 mm, Volumen: 26,8 L, contenedores apilables de pl\u00e1stico a la venta","breadcrumb":{"@id":"https:\/\/www.plastic-crates.com\/product\/plastic-stackable-containers-euc\/#breadcrumb"},"inLanguage":"es","potentialAction":[{"@type":"ReadAction","target":["https:\/\/www.plastic-crates.com\/product\/plastic-stackable-containers-euc\/"]}]},{"@type":"ImageObject","inLanguage":"es","@id":"https:\/\/www.plastic-crates.com\/product\/plastic-stackable-containers-euc\/#primaryimage","url":"https:\/\/www.plastic-crates.com\/wp-content\/uploads\/2019\/11\/plastic-stackable-containers.jpg","contentUrl":"https:\/\/www.plastic-crates.com\/wp-content\/uploads\/2019\/11\/plastic-stackable-containers.jpg","width":700,"height":504,"caption":"plastic stackable containers"},{"@type":"BreadcrumbList","@id":"https:\/\/www.plastic-crates.com\/product\/plastic-stackable-containers-euc\/#breadcrumb","itemListElement":[{"@type":"ListItem","position":1,"name":"Home","item":"https:\/\/www.plastic-crates.com\/"},{"@type":"ListItem","position":2,"name":"Products","item":"https:\/\/www.plastic-crates.com\/shop\/"},{"@type":"ListItem","position":3,"name":"plastic stackable containers-EUC"}]},{"@type":"WebSite","@id":"https:\/\/www.plastic-crates.com\/#website","url":"https:\/\/www.plastic-crates.com\/","name":"plastic-crates.com","description":"Fabricante l\u00edder de cajas de pl\u00e1stico en China","potentialAction":[{"@type":"SearchAction","target":{"@type":"EntryPoint","urlTemplate":"https:\/\/www.plastic-crates.com\/?s={search_term_string}"},"query-input":{"@type":"PropertyValueSpecification","valueRequired":true,"valueName":"search_term_string"}}],"inLanguage":"es"}]}},"_links":{"self":[{"href":"https:\/\/www.plastic-crates.com\/es\/wp-json\/wp\/v2\/product\/6547","targetHints":{"allow":["GET"]}}],"collection":[{"href":"https:\/\/www.plastic-crates.com\/es\/wp-json\/wp\/v2\/product"}],"about":[{"href":"https:\/\/www.plastic-crates.com\/es\/wp-json\/wp\/v2\/types\/product"}],"wp:featuredmedia":[{"embeddable":true,"href":"https:\/\/www.plastic-crates.com\/es\/wp-json\/wp\/v2\/media\/6548"}],"wp:attachment":[{"href":"https:\/\/www.plastic-crates.com\/es\/wp-json\/wp\/v2\/media?parent=6547"}],"wp:term":[{"taxonomy":"product_brand","embeddable":true,"href":"https:\/\/www.plastic-crates.com\/es\/wp-json\/wp\/v2\/product_brand?post=6547"},{"taxonomy":"product_cat","embeddable":true,"href":"https:\/\/www.plastic-crates.com\/es\/wp-json\/wp\/v2\/product_cat?post=6547"},{"taxonomy":"product_tag","embeddable":true,"href":"https:\/\/www.plastic-crates.com\/es\/wp-json\/wp\/v2\/product_tag?post=6547"}],"curies":[{"name":"gracias","href":"https:\/\/api.w.org\/{rel}","templated":true}]}}