{"id":6797,"date":"2019-10-21T12:35:46","date_gmt":"2019-10-21T12:35:46","guid":{"rendered":"https:\/\/www.plastic-crates.com\/product\/collapsible-plastic-pallet-box-fast-supplier-1200-800\/"},"modified":"2022-03-14T15:44:52","modified_gmt":"2022-03-14T15:44:52","slug":"caja-de-palets-de-plastico-plegable-proveedor-rapido-1200-800","status":"publish","type":"product","link":"https:\/\/www.plastic-crates.com\/es\/product\/caja-de-palets-de-plastico-plegable-proveedor-rapido-1200-800\/","title":{"rendered":"caja pal\u00e9 de pl\u00e1stico plegable proveedor r\u00e1pido-1200-800"},"content":{"rendered":"","protected":false},"excerpt":{"rendered":"<div><a href=\"https:\/\/www.plastic-crates.com\/es\/product-category\/contenedores-de-almacenamiento-de-piezas\/\" target=\"_blank\" rel=\"noopener noreferrer\">Contenedores de pl\u00e1stico para estantes<\/a>,<a href=\"https:\/\/www.plastic-crates.com\/es\/product-category\/contenedores-apilables\/\" target=\"_blank\" rel=\"noopener noreferrer\">contenedores de almacenamiento de pl\u00e1stico<\/a>,<a href=\"https:\/\/www.plastic-crates.com\/es\/product-category\/contenedor-de-paletas\/\" target=\"_blank\" rel=\"noopener noreferrer\">contenedores apilables<\/a>,<a href=\"https:\/\/www.plastic-crates.com\/es\/product-category\/caja-plegable\/\" target=\"_blank\" rel=\"noopener noreferrer\">Cajas de pl\u00e1stico plegables<\/a>,<a href=\"https:\/\/www.plastic-crates.com\/es\/product-category\/contenedores-con-tapa\/\" target=\"_blank\" rel=\"noopener noreferrer\">Contenedores de almacenamiento de pl\u00e1stico en oferta<\/a><\/div>","protected":false},"featured_media":6798,"template":"","meta":{"_acf_changed":false},"product_brand":[],"product_cat":[14],"product_tag":[91,89,88,138,139],"class_list":{"0":"post-6797","1":"product","2":"type-product","3":"status-publish","4":"has-post-thumbnail","6":"product_cat-pallet-container","7":"product_tag-collapsible-plastic-pallet-box","8":"product_tag-corrugated-pallet-box","9":"product_tag-foldable-coaming-box","10":"product_tag-pallet-sleeve-box","11":"product_tag-plastic-gaylord-box-reusable-plastic-gaylord-pallet-container","13":"first","14":"instock","15":"product-type-simple"},"acf":[],"yoast_head":"<!-- This site is optimized with the Yoast SEO plugin v26.1.1 - https:\/\/yoast.com\/wordpress\/plugins\/seo\/ -->\n<title>collapsible plastic pallet box fast supplier wholesale &amp; Factory Price<\/title>\n<meta name=\"description\" content=\"Wholesale collapsible plastic pallet box fast supplier, pallet container supplier, Dimensions(L*W*H):1200 * 800 * 710 mm, Volume: 493L, collapsible plastic pallet box fast supplier for sale\" \/>\n<meta name=\"robots\" content=\"index, follow, max-snippet:-1, max-image-preview:large, max-video-preview:-1\" \/>\n<link rel=\"canonical\" href=\"https:\/\/www.plastic-crates.com\/es\/product\/caja-de-palets-de-plastico-plegable-proveedor-rapido-1200-800\/\" \/>\n<meta property=\"og:locale\" content=\"es_ES\" \/>\n<meta property=\"og:type\" content=\"article\" \/>\n<meta property=\"og:title\" content=\"collapsible plastic pallet box fast supplier\" \/>\n<meta property=\"og:description\" content=\"Wholesale collapsible plastic pallet box fast supplier, pallet container supplier, Dimensions(L*W*H):1200 * 800 * 710 mm, Volume: 493L, collapsible plastic pallet box fast supplier for sale\" \/>\n<meta property=\"og:url\" content=\"https:\/\/www.plastic-crates.com\/es\/product\/caja-de-palets-de-plastico-plegable-proveedor-rapido-1200-800\/\" \/>\n<meta property=\"og:site_name\" content=\"plastic-crates.com\" \/>\n<meta property=\"article:modified_time\" content=\"2022-03-14T15:44:52+00:00\" \/>\n<meta property=\"og:image\" content=\"https:\/\/www.plastic-crates.com\/wp-content\/uploads\/2019\/11\/collapsible-plastic-pallet-box-fast-supplier.jpg\" \/>\n\t<meta property=\"og:image:width\" content=\"700\" \/>\n\t<meta property=\"og:image:height\" content=\"700\" \/>\n\t<meta property=\"og:image:type\" content=\"image\/jpeg\" \/>\n<meta name=\"twitter:card\" content=\"summary_large_image\" \/>\n<meta name=\"twitter:title\" content=\"collapsible plastic pallet box fast supplier\" \/>\n<script type=\"application\/ld+json\" class=\"yoast-schema-graph\">{\"@context\":\"https:\/\/schema.org\",\"@graph\":[{\"@type\":\"WebPage\",\"@id\":\"https:\/\/www.plastic-crates.com\/product\/collapsible-plastic-pallet-box-fast-supplier-1200-800\/\",\"url\":\"https:\/\/www.plastic-crates.com\/product\/collapsible-plastic-pallet-box-fast-supplier-1200-800\/\",\"name\":\"collapsible plastic pallet box fast supplier wholesale & Factory Price\",\"isPartOf\":{\"@id\":\"https:\/\/www.plastic-crates.com\/#website\"},\"primaryImageOfPage\":{\"@id\":\"https:\/\/www.plastic-crates.com\/product\/collapsible-plastic-pallet-box-fast-supplier-1200-800\/#primaryimage\"},\"image\":{\"@id\":\"https:\/\/www.plastic-crates.com\/product\/collapsible-plastic-pallet-box-fast-supplier-1200-800\/#primaryimage\"},\"thumbnailUrl\":\"https:\/\/www.plastic-crates.com\/wp-content\/uploads\/2019\/11\/collapsible-plastic-pallet-box-fast-supplier.jpg\",\"datePublished\":\"2019-10-21T12:35:46+00:00\",\"dateModified\":\"2022-03-14T15:44:52+00:00\",\"description\":\"Wholesale collapsible plastic pallet box fast supplier, pallet container supplier, Dimensions(L*W*H):1200 * 800 * 710 mm, Volume: 493L, collapsible plastic pallet box fast supplier for sale\",\"breadcrumb\":{\"@id\":\"https:\/\/www.plastic-crates.com\/product\/collapsible-plastic-pallet-box-fast-supplier-1200-800\/#breadcrumb\"},\"inLanguage\":\"es\",\"potentialAction\":[{\"@type\":\"ReadAction\",\"target\":[\"https:\/\/www.plastic-crates.com\/product\/collapsible-plastic-pallet-box-fast-supplier-1200-800\/\"]}]},{\"@type\":\"ImageObject\",\"inLanguage\":\"es\",\"@id\":\"https:\/\/www.plastic-crates.com\/product\/collapsible-plastic-pallet-box-fast-supplier-1200-800\/#primaryimage\",\"url\":\"https:\/\/www.plastic-crates.com\/wp-content\/uploads\/2019\/11\/collapsible-plastic-pallet-box-fast-supplier.jpg\",\"contentUrl\":\"https:\/\/www.plastic-crates.com\/wp-content\/uploads\/2019\/11\/collapsible-plastic-pallet-box-fast-supplier.jpg\",\"width\":700,\"height\":700,\"caption\":\"collapsible plastic pallet box fast supplier\"},{\"@type\":\"BreadcrumbList\",\"@id\":\"https:\/\/www.plastic-crates.com\/product\/collapsible-plastic-pallet-box-fast-supplier-1200-800\/#breadcrumb\",\"itemListElement\":[{\"@type\":\"ListItem\",\"position\":1,\"name\":\"Home\",\"item\":\"https:\/\/www.plastic-crates.com\/\"},{\"@type\":\"ListItem\",\"position\":2,\"name\":\"Products\",\"item\":\"https:\/\/www.plastic-crates.com\/shop\/\"},{\"@type\":\"ListItem\",\"position\":3,\"name\":\"collapsible plastic pallet box fast supplier-1200-800\"}]},{\"@type\":\"WebSite\",\"@id\":\"https:\/\/www.plastic-crates.com\/#website\",\"url\":\"https:\/\/www.plastic-crates.com\/\",\"name\":\"plastic-crates.com\",\"description\":\"Leading plastic crates manufacturer in China\",\"potentialAction\":[{\"@type\":\"SearchAction\",\"target\":{\"@type\":\"EntryPoint\",\"urlTemplate\":\"https:\/\/www.plastic-crates.com\/?s={search_term_string}\"},\"query-input\":{\"@type\":\"PropertyValueSpecification\",\"valueRequired\":true,\"valueName\":\"search_term_string\"}}],\"inLanguage\":\"es\"}]}<\/script>\n<!-- \/ Yoast SEO plugin. -->","yoast_head_json":{"title":"Proveedor r\u00e1pido de cajas de paletas de pl\u00e1stico plegables al por mayor y precio de f\u00e1brica","description":"Proveedor r\u00e1pido de cajas de paletas de pl\u00e1stico plegables al por mayor, proveedor de contenedores de paletas, Dimensiones (L * W * H): 1200 * 800 * 710 mm, Volumen: 493L, proveedor r\u00e1pido de cajas de paletas de pl\u00e1stico plegables a la venta","robots":{"index":"index","follow":"follow","max-snippet":"max-snippet:-1","max-image-preview":"max-image-preview:large","max-video-preview":"max-video-preview:-1"},"canonical":"https:\/\/www.plastic-crates.com\/es\/product\/caja-de-palets-de-plastico-plegable-proveedor-rapido-1200-800\/","og_locale":"es_ES","og_type":"article","og_title":"collapsible plastic pallet box fast supplier","og_description":"Wholesale collapsible plastic pallet box fast supplier, pallet container supplier, Dimensions(L*W*H):1200 * 800 * 710 mm, Volume: 493L, collapsible plastic pallet box fast supplier for sale","og_url":"https:\/\/www.plastic-crates.com\/es\/product\/caja-de-palets-de-plastico-plegable-proveedor-rapido-1200-800\/","og_site_name":"plastic-crates.com","article_modified_time":"2022-03-14T15:44:52+00:00","og_image":[{"width":700,"height":700,"url":"https:\/\/www.plastic-crates.com\/wp-content\/uploads\/2019\/11\/collapsible-plastic-pallet-box-fast-supplier.jpg","type":"image\/jpeg"}],"twitter_card":"summary_large_image","twitter_title":"collapsible plastic pallet box fast supplier","schema":{"@context":"https:\/\/schema.org","@graph":[{"@type":"WebPage","@id":"https:\/\/www.plastic-crates.com\/product\/collapsible-plastic-pallet-box-fast-supplier-1200-800\/","url":"https:\/\/www.plastic-crates.com\/product\/collapsible-plastic-pallet-box-fast-supplier-1200-800\/","name":"Proveedor r\u00e1pido de cajas de paletas de pl\u00e1stico plegables al por mayor y precio de f\u00e1brica","isPartOf":{"@id":"https:\/\/www.plastic-crates.com\/#website"},"primaryImageOfPage":{"@id":"https:\/\/www.plastic-crates.com\/product\/collapsible-plastic-pallet-box-fast-supplier-1200-800\/#primaryimage"},"image":{"@id":"https:\/\/www.plastic-crates.com\/product\/collapsible-plastic-pallet-box-fast-supplier-1200-800\/#primaryimage"},"thumbnailUrl":"https:\/\/www.plastic-crates.com\/wp-content\/uploads\/2019\/11\/collapsible-plastic-pallet-box-fast-supplier.jpg","datePublished":"2019-10-21T12:35:46+00:00","dateModified":"2022-03-14T15:44:52+00:00","description":"Proveedor r\u00e1pido de cajas de paletas de pl\u00e1stico plegables al por mayor, proveedor de contenedores de paletas, Dimensiones (L * W * H): 1200 * 800 * 710 mm, Volumen: 493L, proveedor r\u00e1pido de cajas de paletas de pl\u00e1stico plegables a la venta","breadcrumb":{"@id":"https:\/\/www.plastic-crates.com\/product\/collapsible-plastic-pallet-box-fast-supplier-1200-800\/#breadcrumb"},"inLanguage":"es","potentialAction":[{"@type":"ReadAction","target":["https:\/\/www.plastic-crates.com\/product\/collapsible-plastic-pallet-box-fast-supplier-1200-800\/"]}]},{"@type":"ImageObject","inLanguage":"es","@id":"https:\/\/www.plastic-crates.com\/product\/collapsible-plastic-pallet-box-fast-supplier-1200-800\/#primaryimage","url":"https:\/\/www.plastic-crates.com\/wp-content\/uploads\/2019\/11\/collapsible-plastic-pallet-box-fast-supplier.jpg","contentUrl":"https:\/\/www.plastic-crates.com\/wp-content\/uploads\/2019\/11\/collapsible-plastic-pallet-box-fast-supplier.jpg","width":700,"height":700,"caption":"collapsible plastic pallet box fast supplier"},{"@type":"BreadcrumbList","@id":"https:\/\/www.plastic-crates.com\/product\/collapsible-plastic-pallet-box-fast-supplier-1200-800\/#breadcrumb","itemListElement":[{"@type":"ListItem","position":1,"name":"Home","item":"https:\/\/www.plastic-crates.com\/"},{"@type":"ListItem","position":2,"name":"Products","item":"https:\/\/www.plastic-crates.com\/shop\/"},{"@type":"ListItem","position":3,"name":"collapsible plastic pallet box fast supplier-1200-800"}]},{"@type":"WebSite","@id":"https:\/\/www.plastic-crates.com\/#website","url":"https:\/\/www.plastic-crates.com\/","name":"plastic-crates.com","description":"Fabricante l\u00edder de cajas de pl\u00e1stico en China","potentialAction":[{"@type":"SearchAction","target":{"@type":"EntryPoint","urlTemplate":"https:\/\/www.plastic-crates.com\/?s={search_term_string}"},"query-input":{"@type":"PropertyValueSpecification","valueRequired":true,"valueName":"search_term_string"}}],"inLanguage":"es"}]}},"_links":{"self":[{"href":"https:\/\/www.plastic-crates.com\/es\/wp-json\/wp\/v2\/product\/6797","targetHints":{"allow":["GET"]}}],"collection":[{"href":"https:\/\/www.plastic-crates.com\/es\/wp-json\/wp\/v2\/product"}],"about":[{"href":"https:\/\/www.plastic-crates.com\/es\/wp-json\/wp\/v2\/types\/product"}],"wp:featuredmedia":[{"embeddable":true,"href":"https:\/\/www.plastic-crates.com\/es\/wp-json\/wp\/v2\/media\/6798"}],"wp:attachment":[{"href":"https:\/\/www.plastic-crates.com\/es\/wp-json\/wp\/v2\/media?parent=6797"}],"wp:term":[{"taxonomy":"product_brand","embeddable":true,"href":"https:\/\/www.plastic-crates.com\/es\/wp-json\/wp\/v2\/product_brand?post=6797"},{"taxonomy":"product_cat","embeddable":true,"href":"https:\/\/www.plastic-crates.com\/es\/wp-json\/wp\/v2\/product_cat?post=6797"},{"taxonomy":"product_tag","embeddable":true,"href":"https:\/\/www.plastic-crates.com\/es\/wp-json\/wp\/v2\/product_tag?post=6797"}],"curies":[{"name":"gracias","href":"https:\/\/api.w.org\/{rel}","templated":true}]}}