{"id":6823,"date":"2019-09-11T06:33:25","date_gmt":"2019-09-11T06:33:25","guid":{"rendered":"https:\/\/www.plastic-crates.com\/product\/parts-storage-bins-drawers-a5\/"},"modified":"2025-03-24T20:32:49","modified_gmt":"2025-03-24T20:32:49","slug":"cajones-para-guardar-piezas-a5","status":"publish","type":"product","link":"https:\/\/www.plastic-crates.com\/es\/product\/cajones-para-guardar-piezas-a5\/","title":{"rendered":"Cajones para guardar piezas - A5"},"content":{"rendered":"<div>Contenedores apilables de pl\u00e1stico para almacenar piezas (juego de 2)<\/div>\n<div><\/div>\n<div>\n<div>\n<div class=\"css-146c3p1 r-bcqeeo r-1ttztb7 r-qvutc0 r-37j5jr r-a023e6 r-16dba41 r-1adg3ll r-a8ghvy r-p1pxzi\" dir=\"ltr\">Organice su espacio de trabajo f\u00e1cilmente con este juego de dos contenedores apilables de pl\u00e1stico para piezas, perfectos para guardar art\u00edculos peque\u00f1os y medianos en diversos entornos, como talleres, garajes, almacenes y oficinas. Fabricados con pl\u00e1stico azul duradero y de alta calidad, estos contenedores est\u00e1n dise\u00f1ados para resistir el uso diario, manteniendo sus art\u00edculos seguros y accesibles.<\/div>\n<div class=\"css-146c3p1 r-bcqeeo r-1ttztb7 r-qvutc0 r-37j5jr r-a023e6 r-16dba41 r-1adg3ll r-a8ghvy r-p1pxzi\" dir=\"ltr\">Cada contenedor de pl\u00e1stico para estanter\u00eda presenta un pr\u00e1ctico dise\u00f1o frontal abierto con borde inclinado, lo que permite un acceso r\u00e1pido y sencillo al contenido sin necesidad de desapilar. Su robusta construcci\u00f3n incluye soportes laterales reforzados y clavijas de apilamiento blancas, lo que garantiza que los contenedores se apilen de forma segura, ahorrando valioso espacio y manteniendo la estabilidad. Para mayor comodidad, cada contenedor incluye un portaetiquetas frontal, que facilita la clasificaci\u00f3n e identificaci\u00f3n del contenido de un vistazo.<\/div>\n<div class=\"css-146c3p1 r-bcqeeo r-1ttztb7 r-qvutc0 r-37j5jr r-a023e6 r-16dba41 r-1adg3ll r-a8ghvy r-p1pxzi\" dir=\"ltr\">Ya sea que guardes herramientas, ferreter\u00eda, materiales para manualidades u otros componentes peque\u00f1os, estos contenedores apilables de pl\u00e1stico para piezas ofrecen una soluci\u00f3n confiable y eficiente para mantener tu espacio de trabajo ordenado y organizado. Ideal tanto para profesionales como para aficionados, este juego combina durabilidad, funcionalidad y versatilidad para satisfacer tus necesidades de almacenamiento.<\/div>\n<\/div>\n<\/div>\n<p><a href=\"https:\/\/www.plastic-crates.com\/es\/product-category\/contenedores-con-tapa\/\" target=\"_blank\" rel=\"noopener\">contenedores grandes con tapa<\/a><\/p>","protected":false},"excerpt":{"rendered":"<div><a href=\"https:\/\/www.plastic-crates.com\/es\/product-category\/caja-plegable\/\" target=\"_blank\" rel=\"noopener noreferrer\">caja plegable de pl\u00e1stico<\/a>,<a href=\"https:\/\/www.plastic-crates.com\/es\/product-category\/contenedores-de-almacenamiento-de-piezas\/\" target=\"_blank\" rel=\"noopener noreferrer\">Contenedores de pl\u00e1stico para almacenar piezas<\/a>,<a href=\"https:\/\/www.plastic-crates.com\/es\/product-category\/contenedor-de-paletas\/\" target=\"_blank\" rel=\"noopener noreferrer\">Cajas de palets de pl\u00e1stico<\/a>,<a href=\"https:\/\/www.plastic-crates.com\/es\/product-category\/contenedores-con-tapa\/\" target=\"_blank\" rel=\"noopener noreferrer\">Contenedor de almacenamiento negro con tapa<\/a>,<a href=\"https:\/\/www.plastic-crates.com\/es\/product-category\/contenedores-apilables\/\" target=\"_blank\" rel=\"noopener noreferrer\">cajas apilables de euro<\/a><\/div>","protected":false},"featured_media":6828,"template":"","meta":{"_acf_changed":false},"product_brand":[],"product_cat":[18],"product_tag":[96,98],"class_list":{"0":"post-6823","1":"product","2":"type-product","3":"status-publish","4":"has-post-thumbnail","6":"product_cat-parts-storage-bins","7":"product_tag-drawer-bin","8":"product_tag-warehouse-bin","10":"first","11":"instock","12":"product-type-simple"},"acf":[],"yoast_head":"<!-- This site is optimized with the Yoast SEO plugin v26.1.1 - https:\/\/yoast.com\/wordpress\/plugins\/seo\/ -->\n<title>parts storage bins drawers wholesale &amp; Factory Price<\/title>\n<meta name=\"description\" content=\"Wholesale parts storage bins drawers, parts storage bins supplier, Dimensions(L*W*H):452 * 300 * 180 mm, Volume: 19L, parts storage bins drawers for sale\" \/>\n<meta name=\"robots\" content=\"index, follow, max-snippet:-1, max-image-preview:large, max-video-preview:-1\" \/>\n<link rel=\"canonical\" href=\"https:\/\/www.plastic-crates.com\/es\/product\/cajones-para-guardar-piezas-a5\/\" \/>\n<meta property=\"og:locale\" content=\"es_ES\" \/>\n<meta property=\"og:type\" content=\"article\" \/>\n<meta property=\"og:title\" content=\"parts storage bins drawers\" \/>\n<meta property=\"og:description\" content=\"Wholesale parts storage bins drawers, parts storage bins supplier, Dimensions(L*W*H):452 * 300 * 180 mm, Volume: 19L, parts storage bins drawers for sale\" \/>\n<meta property=\"og:url\" content=\"https:\/\/www.plastic-crates.com\/es\/product\/cajones-para-guardar-piezas-a5\/\" \/>\n<meta property=\"og:site_name\" content=\"plastic-crates.com\" \/>\n<meta property=\"article:modified_time\" content=\"2025-03-24T20:32:49+00:00\" \/>\n<meta property=\"og:image\" content=\"https:\/\/www.plastic-crates.com\/wp-content\/uploads\/2019\/11\/parts-storage-bins-drawers-4.jpg\" \/>\n\t<meta property=\"og:image:width\" content=\"700\" \/>\n\t<meta property=\"og:image:height\" content=\"700\" \/>\n\t<meta property=\"og:image:type\" content=\"image\/jpeg\" \/>\n<meta name=\"twitter:card\" content=\"summary_large_image\" \/>\n<meta name=\"twitter:title\" content=\"parts storage bins drawers\" \/>\n<meta name=\"twitter:label1\" content=\"Tiempo de lectura\" \/>\n\t<meta name=\"twitter:data1\" content=\"2 minutos\" \/>\n<script type=\"application\/ld+json\" class=\"yoast-schema-graph\">{\"@context\":\"https:\/\/schema.org\",\"@graph\":[{\"@type\":\"WebPage\",\"@id\":\"https:\/\/www.plastic-crates.com\/product\/parts-storage-bins-drawers-a5\/\",\"url\":\"https:\/\/www.plastic-crates.com\/product\/parts-storage-bins-drawers-a5\/\",\"name\":\"parts storage bins drawers wholesale & Factory Price\",\"isPartOf\":{\"@id\":\"https:\/\/www.plastic-crates.com\/#website\"},\"primaryImageOfPage\":{\"@id\":\"https:\/\/www.plastic-crates.com\/product\/parts-storage-bins-drawers-a5\/#primaryimage\"},\"image\":{\"@id\":\"https:\/\/www.plastic-crates.com\/product\/parts-storage-bins-drawers-a5\/#primaryimage\"},\"thumbnailUrl\":\"https:\/\/www.plastic-crates.com\/wp-content\/uploads\/2019\/11\/parts-storage-bins-drawers-4.jpg\",\"datePublished\":\"2019-09-11T06:33:25+00:00\",\"dateModified\":\"2025-03-24T20:32:49+00:00\",\"description\":\"Wholesale parts storage bins drawers, parts storage bins supplier, Dimensions(L*W*H):452 * 300 * 180 mm, Volume: 19L, parts storage bins drawers for sale\",\"breadcrumb\":{\"@id\":\"https:\/\/www.plastic-crates.com\/product\/parts-storage-bins-drawers-a5\/#breadcrumb\"},\"inLanguage\":\"es\",\"potentialAction\":[{\"@type\":\"ReadAction\",\"target\":[\"https:\/\/www.plastic-crates.com\/product\/parts-storage-bins-drawers-a5\/\"]}]},{\"@type\":\"ImageObject\",\"inLanguage\":\"es\",\"@id\":\"https:\/\/www.plastic-crates.com\/product\/parts-storage-bins-drawers-a5\/#primaryimage\",\"url\":\"https:\/\/www.plastic-crates.com\/wp-content\/uploads\/2019\/11\/parts-storage-bins-drawers-4.jpg\",\"contentUrl\":\"https:\/\/www.plastic-crates.com\/wp-content\/uploads\/2019\/11\/parts-storage-bins-drawers-4.jpg\",\"width\":700,\"height\":700,\"caption\":\"parts storage bins drawers\"},{\"@type\":\"BreadcrumbList\",\"@id\":\"https:\/\/www.plastic-crates.com\/product\/parts-storage-bins-drawers-a5\/#breadcrumb\",\"itemListElement\":[{\"@type\":\"ListItem\",\"position\":1,\"name\":\"Home\",\"item\":\"https:\/\/www.plastic-crates.com\/\"},{\"@type\":\"ListItem\",\"position\":2,\"name\":\"Products\",\"item\":\"https:\/\/www.plastic-crates.com\/shop\/\"},{\"@type\":\"ListItem\",\"position\":3,\"name\":\"parts storage bins drawers-A5\"}]},{\"@type\":\"WebSite\",\"@id\":\"https:\/\/www.plastic-crates.com\/#website\",\"url\":\"https:\/\/www.plastic-crates.com\/\",\"name\":\"plastic-crates.com\",\"description\":\"Leading plastic crates manufacturer in China\",\"potentialAction\":[{\"@type\":\"SearchAction\",\"target\":{\"@type\":\"EntryPoint\",\"urlTemplate\":\"https:\/\/www.plastic-crates.com\/?s={search_term_string}\"},\"query-input\":{\"@type\":\"PropertyValueSpecification\",\"valueRequired\":true,\"valueName\":\"search_term_string\"}}],\"inLanguage\":\"es\"}]}<\/script>\n<!-- \/ Yoast SEO plugin. -->","yoast_head_json":{"title":"Cajones para contenedores de almacenamiento de piezas al por mayor y precio de f\u00e1brica","description":"Cajones para contenedores de almacenamiento de piezas al por mayor, proveedor de contenedores de almacenamiento de piezas, Dimensiones (L * W * H): 452 * 300 * 180 mm, Volumen: 19L, cajones para contenedores de almacenamiento de piezas a la venta","robots":{"index":"index","follow":"follow","max-snippet":"max-snippet:-1","max-image-preview":"max-image-preview:large","max-video-preview":"max-video-preview:-1"},"canonical":"https:\/\/www.plastic-crates.com\/es\/product\/cajones-para-guardar-piezas-a5\/","og_locale":"es_ES","og_type":"article","og_title":"parts storage bins drawers","og_description":"Wholesale parts storage bins drawers, parts storage bins supplier, Dimensions(L*W*H):452 * 300 * 180 mm, Volume: 19L, parts storage bins drawers for sale","og_url":"https:\/\/www.plastic-crates.com\/es\/product\/cajones-para-guardar-piezas-a5\/","og_site_name":"plastic-crates.com","article_modified_time":"2025-03-24T20:32:49+00:00","og_image":[{"width":700,"height":700,"url":"https:\/\/www.plastic-crates.com\/wp-content\/uploads\/2019\/11\/parts-storage-bins-drawers-4.jpg","type":"image\/jpeg"}],"twitter_card":"summary_large_image","twitter_title":"parts storage bins drawers","twitter_misc":{"Tiempo de lectura":"2 minutos"},"schema":{"@context":"https:\/\/schema.org","@graph":[{"@type":"WebPage","@id":"https:\/\/www.plastic-crates.com\/product\/parts-storage-bins-drawers-a5\/","url":"https:\/\/www.plastic-crates.com\/product\/parts-storage-bins-drawers-a5\/","name":"Cajones para contenedores de almacenamiento de piezas al por mayor y precio de f\u00e1brica","isPartOf":{"@id":"https:\/\/www.plastic-crates.com\/#website"},"primaryImageOfPage":{"@id":"https:\/\/www.plastic-crates.com\/product\/parts-storage-bins-drawers-a5\/#primaryimage"},"image":{"@id":"https:\/\/www.plastic-crates.com\/product\/parts-storage-bins-drawers-a5\/#primaryimage"},"thumbnailUrl":"https:\/\/www.plastic-crates.com\/wp-content\/uploads\/2019\/11\/parts-storage-bins-drawers-4.jpg","datePublished":"2019-09-11T06:33:25+00:00","dateModified":"2025-03-24T20:32:49+00:00","description":"Cajones para contenedores de almacenamiento de piezas al por mayor, proveedor de contenedores de almacenamiento de piezas, Dimensiones (L * W * H): 452 * 300 * 180 mm, Volumen: 19L, cajones para contenedores de almacenamiento de piezas a la venta","breadcrumb":{"@id":"https:\/\/www.plastic-crates.com\/product\/parts-storage-bins-drawers-a5\/#breadcrumb"},"inLanguage":"es","potentialAction":[{"@type":"ReadAction","target":["https:\/\/www.plastic-crates.com\/product\/parts-storage-bins-drawers-a5\/"]}]},{"@type":"ImageObject","inLanguage":"es","@id":"https:\/\/www.plastic-crates.com\/product\/parts-storage-bins-drawers-a5\/#primaryimage","url":"https:\/\/www.plastic-crates.com\/wp-content\/uploads\/2019\/11\/parts-storage-bins-drawers-4.jpg","contentUrl":"https:\/\/www.plastic-crates.com\/wp-content\/uploads\/2019\/11\/parts-storage-bins-drawers-4.jpg","width":700,"height":700,"caption":"parts storage bins drawers"},{"@type":"BreadcrumbList","@id":"https:\/\/www.plastic-crates.com\/product\/parts-storage-bins-drawers-a5\/#breadcrumb","itemListElement":[{"@type":"ListItem","position":1,"name":"Home","item":"https:\/\/www.plastic-crates.com\/"},{"@type":"ListItem","position":2,"name":"Products","item":"https:\/\/www.plastic-crates.com\/shop\/"},{"@type":"ListItem","position":3,"name":"parts storage bins drawers-A5"}]},{"@type":"WebSite","@id":"https:\/\/www.plastic-crates.com\/#website","url":"https:\/\/www.plastic-crates.com\/","name":"plastic-crates.com","description":"Fabricante l\u00edder de cajas de pl\u00e1stico en China","potentialAction":[{"@type":"SearchAction","target":{"@type":"EntryPoint","urlTemplate":"https:\/\/www.plastic-crates.com\/?s={search_term_string}"},"query-input":{"@type":"PropertyValueSpecification","valueRequired":true,"valueName":"search_term_string"}}],"inLanguage":"es"}]}},"_links":{"self":[{"href":"https:\/\/www.plastic-crates.com\/es\/wp-json\/wp\/v2\/product\/6823","targetHints":{"allow":["GET"]}}],"collection":[{"href":"https:\/\/www.plastic-crates.com\/es\/wp-json\/wp\/v2\/product"}],"about":[{"href":"https:\/\/www.plastic-crates.com\/es\/wp-json\/wp\/v2\/types\/product"}],"wp:featuredmedia":[{"embeddable":true,"href":"https:\/\/www.plastic-crates.com\/es\/wp-json\/wp\/v2\/media\/6828"}],"wp:attachment":[{"href":"https:\/\/www.plastic-crates.com\/es\/wp-json\/wp\/v2\/media?parent=6823"}],"wp:term":[{"taxonomy":"product_brand","embeddable":true,"href":"https:\/\/www.plastic-crates.com\/es\/wp-json\/wp\/v2\/product_brand?post=6823"},{"taxonomy":"product_cat","embeddable":true,"href":"https:\/\/www.plastic-crates.com\/es\/wp-json\/wp\/v2\/product_cat?post=6823"},{"taxonomy":"product_tag","embeddable":true,"href":"https:\/\/www.plastic-crates.com\/es\/wp-json\/wp\/v2\/product_tag?post=6823"}],"curies":[{"name":"gracias","href":"https:\/\/api.w.org\/{rel}","templated":true}]}}