{"id":6871,"date":"2019-11-21T22:08:28","date_gmt":"2019-11-21T22:08:28","guid":{"rendered":"https:\/\/www.plastic-crates.com\/product\/plastic-bins-for-cube-shelf-b4\/"},"modified":"2019-11-23T05:15:54","modified_gmt":"2019-11-23T05:15:54","slug":"contenedores-de-plastico-para-estanteria-cubica-b4","status":"publish","type":"product","link":"https:\/\/www.plastic-crates.com\/es\/product\/contenedores-de-plastico-para-estanteria-cubica-b4\/","title":{"rendered":"Contenedores de pl\u00e1stico para estanter\u00edas c\u00fabicas - B4#"},"content":{"rendered":"","protected":false},"excerpt":{"rendered":"<div><a href=\"https:\/\/www.plastic-crates.com\/es\/product-category\/contenedores-con-tapa\/\" target=\"_blank\" rel=\"noopener noreferrer\">Cajas de almacenamiento de pl\u00e1stico grandes con tapa abatible<\/a>,<a href=\"https:\/\/www.plastic-crates.com\/es\/product-category\/contenedores-de-almacenamiento-de-piezas\/\" target=\"_blank\" rel=\"noopener noreferrer\">Cajones de contenedores de almacenamiento de pl\u00e1stico<\/a>,<a href=\"https:\/\/www.plastic-crates.com\/es\/product-category\/caja-plegable\/\" target=\"_blank\" rel=\"noopener noreferrer\">cesta plegable de pl\u00e1stico<\/a>,<a href=\"https:\/\/www.plastic-crates.com\/es\/product-category\/contenedores-apilables\/\" target=\"_blank\" rel=\"noopener noreferrer\">grandes contenedores de almacenamiento<\/a>,<a href=\"https:\/\/www.plastic-crates.com\/es\/product-category\/contenedor-de-paletas\/\" target=\"_blank\" rel=\"noopener noreferrer\">caja pal\u00e9 de pl\u00e1stico plegable proveedor r\u00e1pido<\/a><\/div>","protected":false},"featured_media":6872,"template":"","meta":{"_acf_changed":false},"product_brand":[],"product_cat":[18],"product_tag":[96,100],"class_list":{"0":"post-6871","1":"product","2":"type-product","3":"status-publish","4":"has-post-thumbnail","6":"product_cat-parts-storage-bins","7":"product_tag-drawer-bin","8":"product_tag-small-storage-bin-stackable-organizer-bins","10":"first","11":"instock","12":"product-type-simple"},"acf":[],"yoast_head":"<!-- This site is optimized with the Yoast SEO plugin v26.1.1 - https:\/\/yoast.com\/wordpress\/plugins\/seo\/ -->\n<title>plastic bins for cube shelf wholesale &amp; Factory Price<\/title>\n<meta name=\"description\" content=\"Wholesale plastic bins for cube shelf, parts storage bins supplier, Dimensions(L*W*H):220 * 140 * 125 mm, Volume: 2.9L, plastic bins for cube shelf for sale\" \/>\n<meta name=\"robots\" content=\"index, follow, max-snippet:-1, max-image-preview:large, max-video-preview:-1\" \/>\n<link rel=\"canonical\" href=\"https:\/\/www.plastic-crates.com\/es\/product\/contenedores-de-plastico-para-estanteria-cubica-b4\/\" \/>\n<meta property=\"og:locale\" content=\"es_ES\" \/>\n<meta property=\"og:type\" content=\"article\" \/>\n<meta property=\"og:title\" content=\"plastic bins for cube shelf\" \/>\n<meta property=\"og:description\" content=\"Wholesale plastic bins for cube shelf, parts storage bins supplier, Dimensions(L*W*H):220 * 140 * 125 mm, Volume: 2.9L, plastic bins for cube shelf for sale\" \/>\n<meta property=\"og:url\" content=\"https:\/\/www.plastic-crates.com\/es\/product\/contenedores-de-plastico-para-estanteria-cubica-b4\/\" \/>\n<meta property=\"og:site_name\" content=\"plastic-crates.com\" \/>\n<meta property=\"article:modified_time\" content=\"2019-11-23T05:15:54+00:00\" \/>\n<meta property=\"og:image\" content=\"https:\/\/www.plastic-crates.com\/wp-content\/uploads\/2019\/11\/plastic-bins-for-cube-shelf.jpg\" \/>\n\t<meta property=\"og:image:width\" content=\"960\" \/>\n\t<meta property=\"og:image:height\" content=\"544\" \/>\n\t<meta property=\"og:image:type\" content=\"image\/jpeg\" \/>\n<meta name=\"twitter:card\" content=\"summary_large_image\" \/>\n<meta name=\"twitter:title\" content=\"plastic bins for cube shelf\" \/>\n<script type=\"application\/ld+json\" class=\"yoast-schema-graph\">{\"@context\":\"https:\/\/schema.org\",\"@graph\":[{\"@type\":\"WebPage\",\"@id\":\"https:\/\/www.plastic-crates.com\/product\/plastic-bins-for-cube-shelf-b4\/\",\"url\":\"https:\/\/www.plastic-crates.com\/product\/plastic-bins-for-cube-shelf-b4\/\",\"name\":\"plastic bins for cube shelf wholesale & Factory Price\",\"isPartOf\":{\"@id\":\"https:\/\/www.plastic-crates.com\/#website\"},\"primaryImageOfPage\":{\"@id\":\"https:\/\/www.plastic-crates.com\/product\/plastic-bins-for-cube-shelf-b4\/#primaryimage\"},\"image\":{\"@id\":\"https:\/\/www.plastic-crates.com\/product\/plastic-bins-for-cube-shelf-b4\/#primaryimage\"},\"thumbnailUrl\":\"https:\/\/www.plastic-crates.com\/wp-content\/uploads\/2019\/11\/plastic-bins-for-cube-shelf.jpg\",\"datePublished\":\"2019-11-21T22:08:28+00:00\",\"dateModified\":\"2019-11-23T05:15:54+00:00\",\"description\":\"Wholesale plastic bins for cube shelf, parts storage bins supplier, Dimensions(L*W*H):220 * 140 * 125 mm, Volume: 2.9L, plastic bins for cube shelf for sale\",\"breadcrumb\":{\"@id\":\"https:\/\/www.plastic-crates.com\/product\/plastic-bins-for-cube-shelf-b4\/#breadcrumb\"},\"inLanguage\":\"es\",\"potentialAction\":[{\"@type\":\"ReadAction\",\"target\":[\"https:\/\/www.plastic-crates.com\/product\/plastic-bins-for-cube-shelf-b4\/\"]}]},{\"@type\":\"ImageObject\",\"inLanguage\":\"es\",\"@id\":\"https:\/\/www.plastic-crates.com\/product\/plastic-bins-for-cube-shelf-b4\/#primaryimage\",\"url\":\"https:\/\/www.plastic-crates.com\/wp-content\/uploads\/2019\/11\/plastic-bins-for-cube-shelf.jpg\",\"contentUrl\":\"https:\/\/www.plastic-crates.com\/wp-content\/uploads\/2019\/11\/plastic-bins-for-cube-shelf.jpg\",\"width\":960,\"height\":544,\"caption\":\"plastic bins for cube shelf\"},{\"@type\":\"BreadcrumbList\",\"@id\":\"https:\/\/www.plastic-crates.com\/product\/plastic-bins-for-cube-shelf-b4\/#breadcrumb\",\"itemListElement\":[{\"@type\":\"ListItem\",\"position\":1,\"name\":\"Home\",\"item\":\"https:\/\/www.plastic-crates.com\/\"},{\"@type\":\"ListItem\",\"position\":2,\"name\":\"Products\",\"item\":\"https:\/\/www.plastic-crates.com\/shop\/\"},{\"@type\":\"ListItem\",\"position\":3,\"name\":\"plastic bins for cube shelf-B4#\"}]},{\"@type\":\"WebSite\",\"@id\":\"https:\/\/www.plastic-crates.com\/#website\",\"url\":\"https:\/\/www.plastic-crates.com\/\",\"name\":\"plastic-crates.com\",\"description\":\"Leading plastic crates manufacturer in China\",\"potentialAction\":[{\"@type\":\"SearchAction\",\"target\":{\"@type\":\"EntryPoint\",\"urlTemplate\":\"https:\/\/www.plastic-crates.com\/?s={search_term_string}\"},\"query-input\":{\"@type\":\"PropertyValueSpecification\",\"valueRequired\":true,\"valueName\":\"search_term_string\"}}],\"inLanguage\":\"es\"}]}<\/script>\n<!-- \/ Yoast SEO plugin. -->","yoast_head_json":{"title":"Contenedores de pl\u00e1stico para estantes c\u00fabicos al por mayor y precio de f\u00e1brica","description":"Contenedores de pl\u00e1stico al por mayor para estantes c\u00fabicos, proveedor de contenedores de almacenamiento de piezas, Dimensiones (L * W * H): 220 * 140 * 125 mm, Volumen: 2,9 L, contenedores de pl\u00e1stico para estantes c\u00fabicos a la venta","robots":{"index":"index","follow":"follow","max-snippet":"max-snippet:-1","max-image-preview":"max-image-preview:large","max-video-preview":"max-video-preview:-1"},"canonical":"https:\/\/www.plastic-crates.com\/es\/product\/contenedores-de-plastico-para-estanteria-cubica-b4\/","og_locale":"es_ES","og_type":"article","og_title":"plastic bins for cube shelf","og_description":"Wholesale plastic bins for cube shelf, parts storage bins supplier, Dimensions(L*W*H):220 * 140 * 125 mm, Volume: 2.9L, plastic bins for cube shelf for sale","og_url":"https:\/\/www.plastic-crates.com\/es\/product\/contenedores-de-plastico-para-estanteria-cubica-b4\/","og_site_name":"plastic-crates.com","article_modified_time":"2019-11-23T05:15:54+00:00","og_image":[{"width":960,"height":544,"url":"https:\/\/www.plastic-crates.com\/wp-content\/uploads\/2019\/11\/plastic-bins-for-cube-shelf.jpg","type":"image\/jpeg"}],"twitter_card":"summary_large_image","twitter_title":"plastic bins for cube shelf","schema":{"@context":"https:\/\/schema.org","@graph":[{"@type":"WebPage","@id":"https:\/\/www.plastic-crates.com\/product\/plastic-bins-for-cube-shelf-b4\/","url":"https:\/\/www.plastic-crates.com\/product\/plastic-bins-for-cube-shelf-b4\/","name":"Contenedores de pl\u00e1stico para estantes c\u00fabicos al por mayor y precio de f\u00e1brica","isPartOf":{"@id":"https:\/\/www.plastic-crates.com\/#website"},"primaryImageOfPage":{"@id":"https:\/\/www.plastic-crates.com\/product\/plastic-bins-for-cube-shelf-b4\/#primaryimage"},"image":{"@id":"https:\/\/www.plastic-crates.com\/product\/plastic-bins-for-cube-shelf-b4\/#primaryimage"},"thumbnailUrl":"https:\/\/www.plastic-crates.com\/wp-content\/uploads\/2019\/11\/plastic-bins-for-cube-shelf.jpg","datePublished":"2019-11-21T22:08:28+00:00","dateModified":"2019-11-23T05:15:54+00:00","description":"Contenedores de pl\u00e1stico al por mayor para estantes c\u00fabicos, proveedor de contenedores de almacenamiento de piezas, Dimensiones (L * W * H): 220 * 140 * 125 mm, Volumen: 2,9 L, contenedores de pl\u00e1stico para estantes c\u00fabicos a la venta","breadcrumb":{"@id":"https:\/\/www.plastic-crates.com\/product\/plastic-bins-for-cube-shelf-b4\/#breadcrumb"},"inLanguage":"es","potentialAction":[{"@type":"ReadAction","target":["https:\/\/www.plastic-crates.com\/product\/plastic-bins-for-cube-shelf-b4\/"]}]},{"@type":"ImageObject","inLanguage":"es","@id":"https:\/\/www.plastic-crates.com\/product\/plastic-bins-for-cube-shelf-b4\/#primaryimage","url":"https:\/\/www.plastic-crates.com\/wp-content\/uploads\/2019\/11\/plastic-bins-for-cube-shelf.jpg","contentUrl":"https:\/\/www.plastic-crates.com\/wp-content\/uploads\/2019\/11\/plastic-bins-for-cube-shelf.jpg","width":960,"height":544,"caption":"plastic bins for cube shelf"},{"@type":"BreadcrumbList","@id":"https:\/\/www.plastic-crates.com\/product\/plastic-bins-for-cube-shelf-b4\/#breadcrumb","itemListElement":[{"@type":"ListItem","position":1,"name":"Home","item":"https:\/\/www.plastic-crates.com\/"},{"@type":"ListItem","position":2,"name":"Products","item":"https:\/\/www.plastic-crates.com\/shop\/"},{"@type":"ListItem","position":3,"name":"plastic bins for cube shelf-B4#"}]},{"@type":"WebSite","@id":"https:\/\/www.plastic-crates.com\/#website","url":"https:\/\/www.plastic-crates.com\/","name":"plastic-crates.com","description":"Fabricante l\u00edder de cajas de pl\u00e1stico en China","potentialAction":[{"@type":"SearchAction","target":{"@type":"EntryPoint","urlTemplate":"https:\/\/www.plastic-crates.com\/?s={search_term_string}"},"query-input":{"@type":"PropertyValueSpecification","valueRequired":true,"valueName":"search_term_string"}}],"inLanguage":"es"}]}},"_links":{"self":[{"href":"https:\/\/www.plastic-crates.com\/es\/wp-json\/wp\/v2\/product\/6871","targetHints":{"allow":["GET"]}}],"collection":[{"href":"https:\/\/www.plastic-crates.com\/es\/wp-json\/wp\/v2\/product"}],"about":[{"href":"https:\/\/www.plastic-crates.com\/es\/wp-json\/wp\/v2\/types\/product"}],"wp:featuredmedia":[{"embeddable":true,"href":"https:\/\/www.plastic-crates.com\/es\/wp-json\/wp\/v2\/media\/6872"}],"wp:attachment":[{"href":"https:\/\/www.plastic-crates.com\/es\/wp-json\/wp\/v2\/media?parent=6871"}],"wp:term":[{"taxonomy":"product_brand","embeddable":true,"href":"https:\/\/www.plastic-crates.com\/es\/wp-json\/wp\/v2\/product_brand?post=6871"},{"taxonomy":"product_cat","embeddable":true,"href":"https:\/\/www.plastic-crates.com\/es\/wp-json\/wp\/v2\/product_cat?post=6871"},{"taxonomy":"product_tag","embeddable":true,"href":"https:\/\/www.plastic-crates.com\/es\/wp-json\/wp\/v2\/product_tag?post=6871"}],"curies":[{"name":"gracias","href":"https:\/\/api.w.org\/{rel}","templated":true}]}}