{"id":6958,"date":"2021-07-15T05:53:43","date_gmt":"2021-07-15T05:53:43","guid":{"rendered":"https:\/\/www.plastic-crates.com\/?post_type=product&#038;p=6958"},"modified":"2025-04-21T13:14:48","modified_gmt":"2025-04-21T13:14:48","slug":"cajas-de-plastico-para-frutas-y-verduras-6424","status":"publish","type":"product","link":"https:\/\/www.plastic-crates.com\/es\/product\/cajas-de-plastico-para-frutas-y-verduras-6424\/","title":{"rendered":"Cajas de pl\u00e1stico para frutas y verduras 6424"},"content":{"rendered":"<p>Las cajas de fruta est\u00e1n disponibles en varios tama\u00f1os y estilos para recoger, procesar y enviar frutas y verduras peque\u00f1as como fresas o esp\u00e1rragos.<\/p>\n<p><strong>Caracter\u00edsticas y beneficios<\/strong><\/p>\n<ul>\n<li>Fabricado con materiales que cumplen con la FDA<\/li>\n<li>Resiste la exposici\u00f3n a la luz solar y a los procesos de enfriamiento; resiste el impacto y la humedad; no se astilla, no se pudre ni absorbe olores.<\/li>\n<li>Interiores f\u00e1ciles de limpiar<\/li>\n<li>Se apila cuando est\u00e1 cargado y se anida cuando est\u00e1 vac\u00edo para ahorrar espacio<\/li>\n<li>Dise\u00f1os ventilados para enfriamiento r\u00e1pido, control de temperatura y drenaje.<\/li>\n<li>\u00daselo con temperaturas de -20\u02da a 120\u02da F<\/li>\n<li>Opciones de personalizaci\u00f3n e identificaci\u00f3n disponibles.<\/li>\n<li>Respaldado por una garant\u00eda limitada de un a\u00f1o<\/li>\n<li>100% HDPE reciclable<\/li>\n<\/ul>","protected":false},"excerpt":{"rendered":"<p>Tambi\u00e9n te puede interesar <a href=\"https:\/\/www.plastic-crates.com\/es\/product-category\/contenedores-con-tapa\/\" target=\"_blank\" rel=\"noopener\">contenedores de pl\u00e1stico con tapa<\/a>,<a href=\"https:\/\/www.plastic-crates.com\/es\/product-category\/contenedores-de-almacenamiento-de-piezas\/\" target=\"_blank\" rel=\"noopener\">contenedor apilable de piezas<\/a><\/p>","protected":false},"featured_media":6976,"template":"","meta":{"_acf_changed":false},"product_brand":[],"product_cat":[20],"product_tag":[148,126,127],"class_list":{"0":"post-6958","1":"product","2":"type-product","3":"status-publish","4":"has-post-thumbnail","6":"product_cat-fruit-crates","7":"product_tag-plastic-shipping-crates","8":"product_tag-plastic-vegetable-and-fruit-crate","9":"product_tag-plastic-vegetable-basket","11":"first","12":"instock","13":"product-type-simple"},"acf":[],"yoast_head":"<!-- This site is optimized with the Yoast SEO plugin v26.1.1 - https:\/\/yoast.com\/wordpress\/plugins\/seo\/ -->\n<title>Plastic Crates for fruits and vegetables | High Quality &amp; Factory Price\u200e<\/title>\n<meta name=\"description\" content=\"Plastic Crates for fruits and vegetables, Harvest Crates, Dimensions(L*W*H):600*400*245mm, Volumn:48L,plastic fruit crates for sale\" \/>\n<meta name=\"robots\" content=\"index, follow, max-snippet:-1, max-image-preview:large, max-video-preview:-1\" \/>\n<link rel=\"canonical\" href=\"https:\/\/www.plastic-crates.com\/es\/product\/cajas-de-plastico-para-frutas-y-verduras-6424\/\" \/>\n<meta property=\"og:locale\" content=\"es_ES\" \/>\n<meta property=\"og:type\" content=\"article\" \/>\n<meta property=\"og:title\" content=\"fruit crates | High Quality &amp; Factory Price\u200e\" \/>\n<meta property=\"og:description\" content=\"Plastic Crates for fruits and vegetables, Harvest Crates, Dimensions(L*W*H):600*400*245mm, Volumn:48L,plastic fruit crates for sale\" \/>\n<meta property=\"og:url\" content=\"https:\/\/www.plastic-crates.com\/es\/product\/cajas-de-plastico-para-frutas-y-verduras-6424\/\" \/>\n<meta property=\"og:site_name\" content=\"plastic-crates.com\" \/>\n<meta property=\"article:modified_time\" content=\"2025-04-21T13:14:48+00:00\" \/>\n<meta property=\"og:image\" content=\"https:\/\/www.plastic-crates.com\/wp-content\/uploads\/2021\/07\/fruit-crates-2.jpg\" \/>\n\t<meta property=\"og:image:width\" content=\"700\" \/>\n\t<meta property=\"og:image:height\" content=\"700\" \/>\n\t<meta property=\"og:image:type\" content=\"image\/jpeg\" \/>\n<meta name=\"twitter:card\" content=\"summary_large_image\" \/>\n<meta name=\"twitter:title\" content=\"fruit crates | High Quality &amp; Factory Price\u200e\" \/>\n<meta name=\"twitter:label1\" content=\"Tiempo de lectura\" \/>\n\t<meta name=\"twitter:data1\" content=\"1 minuto\" \/>\n<script type=\"application\/ld+json\" class=\"yoast-schema-graph\">{\"@context\":\"https:\/\/schema.org\",\"@graph\":[{\"@type\":\"WebPage\",\"@id\":\"https:\/\/www.plastic-crates.com\/product\/plastic-crates-for-fruits-and-vegetables-6424\/\",\"url\":\"https:\/\/www.plastic-crates.com\/product\/plastic-crates-for-fruits-and-vegetables-6424\/\",\"name\":\"Plastic Crates for fruits and vegetables | High Quality & Factory Price\u200e\",\"isPartOf\":{\"@id\":\"https:\/\/www.plastic-crates.com\/#website\"},\"primaryImageOfPage\":{\"@id\":\"https:\/\/www.plastic-crates.com\/product\/plastic-crates-for-fruits-and-vegetables-6424\/#primaryimage\"},\"image\":{\"@id\":\"https:\/\/www.plastic-crates.com\/product\/plastic-crates-for-fruits-and-vegetables-6424\/#primaryimage\"},\"thumbnailUrl\":\"https:\/\/www.plastic-crates.com\/wp-content\/uploads\/2021\/07\/fruit-crates-2.jpg\",\"datePublished\":\"2021-07-15T05:53:43+00:00\",\"dateModified\":\"2025-04-21T13:14:48+00:00\",\"description\":\"Plastic Crates for fruits and vegetables, Harvest Crates, Dimensions(L*W*H):600*400*245mm, Volumn:48L,plastic fruit crates for sale\",\"breadcrumb\":{\"@id\":\"https:\/\/www.plastic-crates.com\/product\/plastic-crates-for-fruits-and-vegetables-6424\/#breadcrumb\"},\"inLanguage\":\"es\",\"potentialAction\":[{\"@type\":\"ReadAction\",\"target\":[\"https:\/\/www.plastic-crates.com\/product\/plastic-crates-for-fruits-and-vegetables-6424\/\"]}]},{\"@type\":\"ImageObject\",\"inLanguage\":\"es\",\"@id\":\"https:\/\/www.plastic-crates.com\/product\/plastic-crates-for-fruits-and-vegetables-6424\/#primaryimage\",\"url\":\"https:\/\/www.plastic-crates.com\/wp-content\/uploads\/2021\/07\/fruit-crates-2.jpg\",\"contentUrl\":\"https:\/\/www.plastic-crates.com\/wp-content\/uploads\/2021\/07\/fruit-crates-2.jpg\",\"width\":700,\"height\":700,\"caption\":\"Plastic Crates for fruits and vegetables\"},{\"@type\":\"BreadcrumbList\",\"@id\":\"https:\/\/www.plastic-crates.com\/product\/plastic-crates-for-fruits-and-vegetables-6424\/#breadcrumb\",\"itemListElement\":[{\"@type\":\"ListItem\",\"position\":1,\"name\":\"Home\",\"item\":\"https:\/\/www.plastic-crates.com\/\"},{\"@type\":\"ListItem\",\"position\":2,\"name\":\"Products\",\"item\":\"https:\/\/www.plastic-crates.com\/shop\/\"},{\"@type\":\"ListItem\",\"position\":3,\"name\":\"Plastic Crates for fruits and vegetables 6424\"}]},{\"@type\":\"WebSite\",\"@id\":\"https:\/\/www.plastic-crates.com\/#website\",\"url\":\"https:\/\/www.plastic-crates.com\/\",\"name\":\"plastic-crates.com\",\"description\":\"Leading plastic crates manufacturer in China\",\"potentialAction\":[{\"@type\":\"SearchAction\",\"target\":{\"@type\":\"EntryPoint\",\"urlTemplate\":\"https:\/\/www.plastic-crates.com\/?s={search_term_string}\"},\"query-input\":{\"@type\":\"PropertyValueSpecification\",\"valueRequired\":true,\"valueName\":\"search_term_string\"}}],\"inLanguage\":\"es\"}]}<\/script>\n<!-- \/ Yoast SEO plugin. -->","yoast_head_json":{"title":"Cajas de pl\u00e1stico para frutas y verduras | Alta calidad y precio de f\u00e1brica","description":"Cajas de pl\u00e1stico para frutas y verduras, cajas de cosecha, dimensiones (L * W * H): 600 * 400 * 245 mm, volumen: 48L, cajas de pl\u00e1stico para frutas a la venta","robots":{"index":"index","follow":"follow","max-snippet":"max-snippet:-1","max-image-preview":"max-image-preview:large","max-video-preview":"max-video-preview:-1"},"canonical":"https:\/\/www.plastic-crates.com\/es\/product\/cajas-de-plastico-para-frutas-y-verduras-6424\/","og_locale":"es_ES","og_type":"article","og_title":"fruit crates | High Quality & Factory Price\u200e","og_description":"Plastic Crates for fruits and vegetables, Harvest Crates, Dimensions(L*W*H):600*400*245mm, Volumn:48L,plastic fruit crates for sale","og_url":"https:\/\/www.plastic-crates.com\/es\/product\/cajas-de-plastico-para-frutas-y-verduras-6424\/","og_site_name":"plastic-crates.com","article_modified_time":"2025-04-21T13:14:48+00:00","og_image":[{"width":700,"height":700,"url":"https:\/\/www.plastic-crates.com\/wp-content\/uploads\/2021\/07\/fruit-crates-2.jpg","type":"image\/jpeg"}],"twitter_card":"summary_large_image","twitter_title":"fruit crates | High Quality & Factory Price\u200e","twitter_misc":{"Tiempo de lectura":"1 minuto"},"schema":{"@context":"https:\/\/schema.org","@graph":[{"@type":"WebPage","@id":"https:\/\/www.plastic-crates.com\/product\/plastic-crates-for-fruits-and-vegetables-6424\/","url":"https:\/\/www.plastic-crates.com\/product\/plastic-crates-for-fruits-and-vegetables-6424\/","name":"Cajas de pl\u00e1stico para frutas y verduras | Alta calidad y precio de f\u00e1brica","isPartOf":{"@id":"https:\/\/www.plastic-crates.com\/#website"},"primaryImageOfPage":{"@id":"https:\/\/www.plastic-crates.com\/product\/plastic-crates-for-fruits-and-vegetables-6424\/#primaryimage"},"image":{"@id":"https:\/\/www.plastic-crates.com\/product\/plastic-crates-for-fruits-and-vegetables-6424\/#primaryimage"},"thumbnailUrl":"https:\/\/www.plastic-crates.com\/wp-content\/uploads\/2021\/07\/fruit-crates-2.jpg","datePublished":"2021-07-15T05:53:43+00:00","dateModified":"2025-04-21T13:14:48+00:00","description":"Cajas de pl\u00e1stico para frutas y verduras, cajas de cosecha, dimensiones (L * W * H): 600 * 400 * 245 mm, volumen: 48L, cajas de pl\u00e1stico para frutas a la venta","breadcrumb":{"@id":"https:\/\/www.plastic-crates.com\/product\/plastic-crates-for-fruits-and-vegetables-6424\/#breadcrumb"},"inLanguage":"es","potentialAction":[{"@type":"ReadAction","target":["https:\/\/www.plastic-crates.com\/product\/plastic-crates-for-fruits-and-vegetables-6424\/"]}]},{"@type":"ImageObject","inLanguage":"es","@id":"https:\/\/www.plastic-crates.com\/product\/plastic-crates-for-fruits-and-vegetables-6424\/#primaryimage","url":"https:\/\/www.plastic-crates.com\/wp-content\/uploads\/2021\/07\/fruit-crates-2.jpg","contentUrl":"https:\/\/www.plastic-crates.com\/wp-content\/uploads\/2021\/07\/fruit-crates-2.jpg","width":700,"height":700,"caption":"Plastic Crates for fruits and vegetables"},{"@type":"BreadcrumbList","@id":"https:\/\/www.plastic-crates.com\/product\/plastic-crates-for-fruits-and-vegetables-6424\/#breadcrumb","itemListElement":[{"@type":"ListItem","position":1,"name":"Home","item":"https:\/\/www.plastic-crates.com\/"},{"@type":"ListItem","position":2,"name":"Products","item":"https:\/\/www.plastic-crates.com\/shop\/"},{"@type":"ListItem","position":3,"name":"Plastic Crates for fruits and vegetables 6424"}]},{"@type":"WebSite","@id":"https:\/\/www.plastic-crates.com\/#website","url":"https:\/\/www.plastic-crates.com\/","name":"plastic-crates.com","description":"Fabricante l\u00edder de cajas de pl\u00e1stico en China","potentialAction":[{"@type":"SearchAction","target":{"@type":"EntryPoint","urlTemplate":"https:\/\/www.plastic-crates.com\/?s={search_term_string}"},"query-input":{"@type":"PropertyValueSpecification","valueRequired":true,"valueName":"search_term_string"}}],"inLanguage":"es"}]}},"_links":{"self":[{"href":"https:\/\/www.plastic-crates.com\/es\/wp-json\/wp\/v2\/product\/6958","targetHints":{"allow":["GET"]}}],"collection":[{"href":"https:\/\/www.plastic-crates.com\/es\/wp-json\/wp\/v2\/product"}],"about":[{"href":"https:\/\/www.plastic-crates.com\/es\/wp-json\/wp\/v2\/types\/product"}],"wp:featuredmedia":[{"embeddable":true,"href":"https:\/\/www.plastic-crates.com\/es\/wp-json\/wp\/v2\/media\/6976"}],"wp:attachment":[{"href":"https:\/\/www.plastic-crates.com\/es\/wp-json\/wp\/v2\/media?parent=6958"}],"wp:term":[{"taxonomy":"product_brand","embeddable":true,"href":"https:\/\/www.plastic-crates.com\/es\/wp-json\/wp\/v2\/product_brand?post=6958"},{"taxonomy":"product_cat","embeddable":true,"href":"https:\/\/www.plastic-crates.com\/es\/wp-json\/wp\/v2\/product_cat?post=6958"},{"taxonomy":"product_tag","embeddable":true,"href":"https:\/\/www.plastic-crates.com\/es\/wp-json\/wp\/v2\/product_tag?post=6958"}],"curies":[{"name":"gracias","href":"https:\/\/api.w.org\/{rel}","templated":true}]}}