{"id":6967,"date":"2021-07-15T05:53:44","date_gmt":"2021-07-15T05:53:44","guid":{"rendered":"https:\/\/www.plastic-crates.com\/?post_type=product&#038;p=6967"},"modified":"2021-07-15T06:00:23","modified_gmt":"2021-07-15T06:00:23","slug":"cajas-de-plastico-ventiladas-para-camarones","status":"publish","type":"product","link":"https:\/\/www.plastic-crates.com\/es\/product\/cajas-de-plastico-ventiladas-para-camarones\/","title":{"rendered":"Cajas de pl\u00e1stico ventiladas para camarones"},"content":{"rendered":"<p>Estas cajas de pl\u00e1stico ventiladas para camarones est\u00e1n hechas con materiales de alta calidad y las \u00faltimas t\u00e9cnicas para garantizar su mayor durabilidad y excelente calidad. Teniendo en cuenta la naturaleza perecedera de las frutas y verduras, las cajas tienen muy buena ventilaci\u00f3n e interiores lisos, son adecuadas para tomates, manzanas, naranjas, uvas, mangos, etc., y las cajas para tomates tienen exteriores resistentes para soportar la carga.<\/p>\n<p><img loading=\"lazy\" decoding=\"async\" class=\"alignnone size-full wp-image-6556\" src=\"https:\/\/www.vegcrates.com\/wp-content\/uploads\/2021\/06\/ventilated-plastic-crates-detail.png\" alt=\"Detalle de cajas de pl\u00e1stico ventiladas\" width=\"750\" height=\"750\" \/><\/p>\n<p>&nbsp;<\/p>\n<p>Detalles del producto<\/p>\n<table class=\"table\">\n<tbody>\n<tr>\n<td>Nombre del producto<\/td>\n<td>Cajas de pl\u00e1stico ventiladas<\/td>\n<\/tr>\n<\/tbody>\n<tbody>\n<tr>\n<td>material<\/td>\n<td>HDPE de grado alimenticio<\/td>\n<\/tr>\n<\/tbody>\n<tbody>\n<tr>\n<td>tama\u00f1o<\/td>\n<td>618*415*180 mm<\/td>\n<\/tr>\n<\/tbody>\n<tbody>\n<tr>\n<td>peso<\/td>\n<td>1,6 kg<\/td>\n<\/tr>\n<\/tbody>\n<tbody>\n<tr>\n<td>color<\/td>\n<td>blanco,azul,rojo<\/td>\n<\/tr>\n<\/tbody>\n<tbody>\n<tr>\n<td>logotipo personalizado<\/td>\n<td>aceptado<\/td>\n<\/tr>\n<\/tbody>\n<tbody>\n<tr>\n<td>Ventajas<\/td>\n<td>Cajas de pl\u00e1stico<\/td>\n<\/tr>\n<\/tbody>\n<\/table>\n<div>\n<div>\n<table>\n<tbody>\n<tr>\n<td>Cantidad por 20GP\/40HQ<\/td>\n<td>585 piezas \/ 1620 piezas<\/td>\n<\/tr>\n<\/tbody>\n<\/table>\n<\/div>\n<\/div>\n<p><strong>Aplicaci\u00f3n de cajas de pl\u00e1stico para verduras<\/strong><\/p>\n<p><img loading=\"lazy\" decoding=\"async\" class=\"alignnone size-full wp-image-6557\" src=\"https:\/\/www.vegcrates.com\/wp-content\/uploads\/2021\/06\/ventilated-plastic-crates-detail-2.png\" alt=\"cajas de pl\u00e1stico ventiladas\" width=\"750\" height=\"347\" \/><\/p>\n<p><img loading=\"lazy\" decoding=\"async\" class=\"alignnone wp-image-6558 size-full\" src=\"https:\/\/www.vegcrates.com\/wp-content\/uploads\/2021\/06\/ventilated-plastic-crates-application.png\" alt=\"Aplicaci\u00f3n de cajas de pl\u00e1stico ventiladas\" width=\"718\" height=\"1132\" \/><\/p>\n<p><img loading=\"lazy\" decoding=\"async\" class=\"alignnone wp-image-6528\" src=\"https:\/\/www.vegcrates.com\/wp-content\/uploads\/2021\/06\/vegetable-crates-application-2-1024x437.png\" alt=\"Aplicaci\u00f3n de cajas para verduras\" width=\"800\" height=\"341\" \/> <img loading=\"lazy\" decoding=\"async\" class=\"alignnone wp-image-6529\" src=\"https:\/\/www.vegcrates.com\/wp-content\/uploads\/2021\/06\/vegetable-crates-application-3-1024x361.png\" alt=\"Aplicaci\u00f3n de cajas para verduras\" width=\"800\" height=\"282\" \/> <img loading=\"lazy\" decoding=\"async\" class=\"alignnone wp-image-6530\" src=\"https:\/\/www.vegcrates.com\/wp-content\/uploads\/2021\/06\/vegetable-crates-application-4-1024x350.png\" alt=\"Aplicaci\u00f3n de cajas para verduras\" width=\"800\" height=\"274\" \/><\/p>\n<p>&nbsp;<\/p>\n<p>Las cajas de pl\u00e1stico para verduras est\u00e1n disponibles en varios tama\u00f1os y estilos para recoger, procesar y enviar frutas y verduras peque\u00f1as como fresas o esp\u00e1rragos.<\/p>\n<p><strong>Embalaje y entrega<\/strong><\/p>\n<p><img loading=\"lazy\" decoding=\"async\" class=\"alignnone wp-image-6531\" src=\"https:\/\/www.vegcrates.com\/wp-content\/uploads\/2021\/06\/foldable-crates-for-groceries-delivery-1024x505.png\" alt=\"Cajas plegables para entrega de comestibles\" width=\"800\" height=\"395\" \/><\/p>\n<p><strong>Caracter\u00edsticas y beneficios<\/strong><\/p>\n<ul>\n<li>Fabricado con materiales que cumplen con la FDA<\/li>\n<li>Resiste la exposici\u00f3n a la luz solar y a los procesos de enfriamiento; resiste el impacto y la humedad; no se astilla, no se pudre ni absorbe olores.<\/li>\n<li>Interiores f\u00e1ciles de limpiar<\/li>\n<li>Se apila cuando est\u00e1 cargado y se anida cuando est\u00e1 vac\u00edo para ahorrar espacio<\/li>\n<li>Dise\u00f1os ventilados para enfriamiento r\u00e1pido, control de temperatura y drenaje.<\/li>\n<li>\u00daselo con temperaturas de -20\u02da a 120\u02da F<\/li>\n<li>Opciones de personalizaci\u00f3n e identificaci\u00f3n disponibles.<\/li>\n<li>Respaldado por una garant\u00eda limitada de un a\u00f1o<\/li>\n<li>100% HDPE reciclable<\/li>\n<\/ul>","protected":false},"excerpt":{"rendered":"<p>Tambi\u00e9n te puede interesar <a href=\"https:\/\/www.vegcrates.com\/product-category\/collapsible-storage-crate\/\" target=\"_blank\" rel=\"noopener\">cajas plegables<\/a>,<a href=\"https:\/\/www.vegcrates.com\/product-category\/euro-containers\/\" target=\"_blank\" rel=\"noopener\">cajas de euro en venta<\/a><\/p>","protected":false},"featured_media":7021,"template":"","meta":{"_acf_changed":false},"product_brand":[],"product_cat":[20],"product_tag":[126,127],"class_list":{"0":"post-6967","1":"product","2":"type-product","3":"status-publish","4":"has-post-thumbnail","6":"product_cat-fruit-crates","7":"product_tag-plastic-vegetable-and-fruit-crate","8":"product_tag-plastic-vegetable-basket","10":"first","11":"instock","12":"product-type-simple"},"acf":[],"yoast_head":"<!-- This site is optimized with the Yoast SEO plugin v26.1.1 - https:\/\/yoast.com\/wordpress\/plugins\/seo\/ -->\n<title>Ventilated plastic crates for shrimp | High Quality &amp; Factory Price\u200e<\/title>\n<meta name=\"description\" content=\"Professional manufacturer of Ventilated plastic crates for shrimp, Dimensions(L*W*H):618*415*180mm, Volumn:42.2L, fruit stackable produce crates for sale\" \/>\n<meta name=\"robots\" content=\"index, follow, max-snippet:-1, max-image-preview:large, max-video-preview:-1\" \/>\n<link rel=\"canonical\" href=\"https:\/\/www.plastic-crates.com\/es\/product\/cajas-de-plastico-ventiladas-para-camarones\/\" \/>\n<meta property=\"og:locale\" content=\"es_ES\" \/>\n<meta property=\"og:type\" content=\"article\" \/>\n<meta property=\"og:title\" content=\"vegetable plastic crates | High Quality &amp; Factory Price\u200e\" \/>\n<meta property=\"og:description\" content=\"Professional manufacturer of Ventilated plastic crates for shrimp, Dimensions(L*W*H):618*415*180mm, Volumn:42.2L, fruit stackable produce crates for sale\" \/>\n<meta property=\"og:url\" content=\"https:\/\/www.plastic-crates.com\/es\/product\/cajas-de-plastico-ventiladas-para-camarones\/\" \/>\n<meta property=\"og:site_name\" content=\"plastic-crates.com\" \/>\n<meta property=\"article:modified_time\" content=\"2021-07-15T06:00:23+00:00\" \/>\n<meta property=\"og:image\" content=\"https:\/\/www.plastic-crates.com\/wp-content\/uploads\/2021\/07\/ventilated-plastic-crates-5.png\" \/>\n\t<meta property=\"og:image:width\" content=\"750\" \/>\n\t<meta property=\"og:image:height\" content=\"750\" \/>\n\t<meta property=\"og:image:type\" content=\"image\/png\" \/>\n<meta name=\"twitter:card\" content=\"summary_large_image\" \/>\n<meta name=\"twitter:title\" content=\"vegetable plastic crates | High Quality &amp; Factory Price\u200e\" \/>\n<meta name=\"twitter:label1\" content=\"Tiempo de lectura\" \/>\n\t<meta name=\"twitter:data1\" content=\"3 minutos\" \/>\n<script type=\"application\/ld+json\" class=\"yoast-schema-graph\">{\"@context\":\"https:\/\/schema.org\",\"@graph\":[{\"@type\":\"WebPage\",\"@id\":\"https:\/\/www.plastic-crates.com\/product\/ventilated-plastic-crates-for-shrimp\/\",\"url\":\"https:\/\/www.plastic-crates.com\/product\/ventilated-plastic-crates-for-shrimp\/\",\"name\":\"Ventilated plastic crates for shrimp | High Quality &amp; Factory Price\u200e\",\"isPartOf\":{\"@id\":\"https:\/\/www.plastic-crates.com\/#website\"},\"primaryImageOfPage\":{\"@id\":\"https:\/\/www.plastic-crates.com\/product\/ventilated-plastic-crates-for-shrimp\/#primaryimage\"},\"image\":{\"@id\":\"https:\/\/www.plastic-crates.com\/product\/ventilated-plastic-crates-for-shrimp\/#primaryimage\"},\"thumbnailUrl\":\"https:\/\/www.plastic-crates.com\/wp-content\/uploads\/2021\/07\/ventilated-plastic-crates-5.png\",\"datePublished\":\"2021-07-15T05:53:44+00:00\",\"dateModified\":\"2021-07-15T06:00:23+00:00\",\"description\":\"Professional manufacturer of Ventilated plastic crates for shrimp, Dimensions(L*W*H):618*415*180mm, Volumn:42.2L, fruit stackable produce crates for sale\",\"breadcrumb\":{\"@id\":\"https:\/\/www.plastic-crates.com\/product\/ventilated-plastic-crates-for-shrimp\/#breadcrumb\"},\"inLanguage\":\"es\",\"potentialAction\":[{\"@type\":\"ReadAction\",\"target\":[\"https:\/\/www.plastic-crates.com\/product\/ventilated-plastic-crates-for-shrimp\/\"]}]},{\"@type\":\"ImageObject\",\"inLanguage\":\"es\",\"@id\":\"https:\/\/www.plastic-crates.com\/product\/ventilated-plastic-crates-for-shrimp\/#primaryimage\",\"url\":\"https:\/\/www.plastic-crates.com\/wp-content\/uploads\/2021\/07\/ventilated-plastic-crates-5.png\",\"contentUrl\":\"https:\/\/www.plastic-crates.com\/wp-content\/uploads\/2021\/07\/ventilated-plastic-crates-5.png\",\"width\":750,\"height\":750},{\"@type\":\"BreadcrumbList\",\"@id\":\"https:\/\/www.plastic-crates.com\/product\/ventilated-plastic-crates-for-shrimp\/#breadcrumb\",\"itemListElement\":[{\"@type\":\"ListItem\",\"position\":1,\"name\":\"Home\",\"item\":\"https:\/\/www.plastic-crates.com\/\"},{\"@type\":\"ListItem\",\"position\":2,\"name\":\"Products\",\"item\":\"https:\/\/www.plastic-crates.com\/shop\/\"},{\"@type\":\"ListItem\",\"position\":3,\"name\":\"Ventilated plastic crates for shrimp\"}]},{\"@type\":\"WebSite\",\"@id\":\"https:\/\/www.plastic-crates.com\/#website\",\"url\":\"https:\/\/www.plastic-crates.com\/\",\"name\":\"plastic-crates.com\",\"description\":\"Leading plastic crates manufacturer in China\",\"potentialAction\":[{\"@type\":\"SearchAction\",\"target\":{\"@type\":\"EntryPoint\",\"urlTemplate\":\"https:\/\/www.plastic-crates.com\/?s={search_term_string}\"},\"query-input\":{\"@type\":\"PropertyValueSpecification\",\"valueRequired\":true,\"valueName\":\"search_term_string\"}}],\"inLanguage\":\"es\"}]}<\/script>\n<!-- \/ Yoast SEO plugin. -->","yoast_head_json":{"title":"Cajas de pl\u00e1stico ventiladas para camarones | Alta calidad y precio de f\u00e1brica","description":"Fabricante profesional de cajas de pl\u00e1stico ventiladas para camarones, Dimensiones (L * W * H): 618 * 415 * 180 mm, Volumen: 42,2 L, cajas apilables para productos de frutas a la venta","robots":{"index":"index","follow":"follow","max-snippet":"max-snippet:-1","max-image-preview":"max-image-preview:large","max-video-preview":"max-video-preview:-1"},"canonical":"https:\/\/www.plastic-crates.com\/es\/product\/cajas-de-plastico-ventiladas-para-camarones\/","og_locale":"es_ES","og_type":"article","og_title":"vegetable plastic crates | High Quality &amp; Factory Price\u200e","og_description":"Professional manufacturer of Ventilated plastic crates for shrimp, Dimensions(L*W*H):618*415*180mm, Volumn:42.2L, fruit stackable produce crates for sale","og_url":"https:\/\/www.plastic-crates.com\/es\/product\/cajas-de-plastico-ventiladas-para-camarones\/","og_site_name":"plastic-crates.com","article_modified_time":"2021-07-15T06:00:23+00:00","og_image":[{"width":750,"height":750,"url":"https:\/\/www.plastic-crates.com\/wp-content\/uploads\/2021\/07\/ventilated-plastic-crates-5.png","type":"image\/png"}],"twitter_card":"summary_large_image","twitter_title":"vegetable plastic crates | High Quality &amp; Factory Price\u200e","twitter_misc":{"Tiempo de lectura":"3 minutos"},"schema":{"@context":"https:\/\/schema.org","@graph":[{"@type":"WebPage","@id":"https:\/\/www.plastic-crates.com\/product\/ventilated-plastic-crates-for-shrimp\/","url":"https:\/\/www.plastic-crates.com\/product\/ventilated-plastic-crates-for-shrimp\/","name":"Cajas de pl\u00e1stico ventiladas para camarones | Alta calidad y precio de f\u00e1brica","isPartOf":{"@id":"https:\/\/www.plastic-crates.com\/#website"},"primaryImageOfPage":{"@id":"https:\/\/www.plastic-crates.com\/product\/ventilated-plastic-crates-for-shrimp\/#primaryimage"},"image":{"@id":"https:\/\/www.plastic-crates.com\/product\/ventilated-plastic-crates-for-shrimp\/#primaryimage"},"thumbnailUrl":"https:\/\/www.plastic-crates.com\/wp-content\/uploads\/2021\/07\/ventilated-plastic-crates-5.png","datePublished":"2021-07-15T05:53:44+00:00","dateModified":"2021-07-15T06:00:23+00:00","description":"Fabricante profesional de cajas de pl\u00e1stico ventiladas para camarones, Dimensiones (L * W * H): 618 * 415 * 180 mm, Volumen: 42,2 L, cajas apilables para productos de frutas a la venta","breadcrumb":{"@id":"https:\/\/www.plastic-crates.com\/product\/ventilated-plastic-crates-for-shrimp\/#breadcrumb"},"inLanguage":"es","potentialAction":[{"@type":"ReadAction","target":["https:\/\/www.plastic-crates.com\/product\/ventilated-plastic-crates-for-shrimp\/"]}]},{"@type":"ImageObject","inLanguage":"es","@id":"https:\/\/www.plastic-crates.com\/product\/ventilated-plastic-crates-for-shrimp\/#primaryimage","url":"https:\/\/www.plastic-crates.com\/wp-content\/uploads\/2021\/07\/ventilated-plastic-crates-5.png","contentUrl":"https:\/\/www.plastic-crates.com\/wp-content\/uploads\/2021\/07\/ventilated-plastic-crates-5.png","width":750,"height":750},{"@type":"BreadcrumbList","@id":"https:\/\/www.plastic-crates.com\/product\/ventilated-plastic-crates-for-shrimp\/#breadcrumb","itemListElement":[{"@type":"ListItem","position":1,"name":"Home","item":"https:\/\/www.plastic-crates.com\/"},{"@type":"ListItem","position":2,"name":"Products","item":"https:\/\/www.plastic-crates.com\/shop\/"},{"@type":"ListItem","position":3,"name":"Ventilated plastic crates for shrimp"}]},{"@type":"WebSite","@id":"https:\/\/www.plastic-crates.com\/#website","url":"https:\/\/www.plastic-crates.com\/","name":"plastic-crates.com","description":"Fabricante l\u00edder de cajas de pl\u00e1stico en China","potentialAction":[{"@type":"SearchAction","target":{"@type":"EntryPoint","urlTemplate":"https:\/\/www.plastic-crates.com\/?s={search_term_string}"},"query-input":{"@type":"PropertyValueSpecification","valueRequired":true,"valueName":"search_term_string"}}],"inLanguage":"es"}]}},"_links":{"self":[{"href":"https:\/\/www.plastic-crates.com\/es\/wp-json\/wp\/v2\/product\/6967","targetHints":{"allow":["GET"]}}],"collection":[{"href":"https:\/\/www.plastic-crates.com\/es\/wp-json\/wp\/v2\/product"}],"about":[{"href":"https:\/\/www.plastic-crates.com\/es\/wp-json\/wp\/v2\/types\/product"}],"wp:featuredmedia":[{"embeddable":true,"href":"https:\/\/www.plastic-crates.com\/es\/wp-json\/wp\/v2\/media\/7021"}],"wp:attachment":[{"href":"https:\/\/www.plastic-crates.com\/es\/wp-json\/wp\/v2\/media?parent=6967"}],"wp:term":[{"taxonomy":"product_brand","embeddable":true,"href":"https:\/\/www.plastic-crates.com\/es\/wp-json\/wp\/v2\/product_brand?post=6967"},{"taxonomy":"product_cat","embeddable":true,"href":"https:\/\/www.plastic-crates.com\/es\/wp-json\/wp\/v2\/product_cat?post=6967"},{"taxonomy":"product_tag","embeddable":true,"href":"https:\/\/www.plastic-crates.com\/es\/wp-json\/wp\/v2\/product_tag?post=6967"}],"curies":[{"name":"gracias","href":"https:\/\/api.w.org\/{rel}","templated":true}]}}