{"id":6968,"date":"2021-07-15T05:53:44","date_gmt":"2021-07-15T05:53:44","guid":{"rendered":"https:\/\/www.plastic-crates.com\/?post_type=product&#038;p=6968"},"modified":"2021-07-15T07:00:11","modified_gmt":"2021-07-15T07:00:11","slug":"cajas-de-plastico-plegables-para-productos-agricolas","status":"publish","type":"product","link":"https:\/\/www.plastic-crates.com\/es\/product\/cajas-de-plastico-plegables-para-productos-agricolas\/","title":{"rendered":"Cajas de pl\u00e1stico plegables para productos agr\u00edcolas"},"content":{"rendered":"<p>Estas cajas de pl\u00e1stico plegables para productos est\u00e1n hechas con material de alta calidad y las \u00faltimas t\u00e9cnicas para garantizar su mayor durabilidad y excelente calidad. <strong>Cajas de pl\u00e1stico para productos agr\u00edcolas<\/strong> Son la mejor opci\u00f3n para almacenar y embalar productos durante el transporte y el almacenamiento. Estos contenedores agr\u00edcolas ventilados son ideales para que los utilicen exportadores y agricultores cuando transportan frutas y verduras. Las cajas ayudan a minimizar las p\u00e9rdidas posteriores a la cosecha y tienen exteriores resistentes para soportar la carga.<\/p>\n<div style=\"width: 960px;\" class=\"wp-video\"><!--[if lt IE 9]><script>document.createElement('video');<\/script><![endif]-->\n<video class=\"wp-video-shortcode\" id=\"video-6968-1\" width=\"960\" height=\"540\" preload=\"metadata\" controls=\"controls\"><source type=\"video\/mp4\" src=\"https:\/\/www.vegcrates.com\/wp-content\/uploads\/2021\/07\/agricultural-plastic-crates.mp4?_=1\" \/><a href=\"https:\/\/www.vegcrates.com\/wp-content\/uploads\/2021\/07\/agricultural-plastic-crates.mp4\">https:\/\/www.vegcrates.com\/wp-content\/uploads\/2021\/07\/agricultural-plastic-crates.mp4<\/a><\/video><\/div>\n<p><strong>Aplicaci\u00f3n de estas cajas de pl\u00e1stico para verduras<\/strong><\/p>\n<p><img loading=\"lazy\" decoding=\"async\" class=\"alignnone wp-image-6527\" src=\"https:\/\/www.vegcrates.com\/wp-content\/uploads\/2021\/06\/vegetable-crates-application-1-1024x265.png\" alt=\"Aplicaci\u00f3n de cajas para verduras\" width=\"800\" height=\"207\" \/> <img loading=\"lazy\" decoding=\"async\" class=\"alignnone wp-image-6528\" src=\"https:\/\/www.vegcrates.com\/wp-content\/uploads\/2021\/06\/vegetable-crates-application-2-1024x437.png\" alt=\"Aplicaci\u00f3n de cajas para verduras\" width=\"800\" height=\"341\" \/> <img loading=\"lazy\" decoding=\"async\" class=\"alignnone wp-image-6529\" src=\"https:\/\/www.vegcrates.com\/wp-content\/uploads\/2021\/06\/vegetable-crates-application-3-1024x361.png\" alt=\"Aplicaci\u00f3n de cajas para verduras\" width=\"800\" height=\"282\" \/> <img loading=\"lazy\" decoding=\"async\" class=\"alignnone wp-image-6530\" src=\"https:\/\/www.vegcrates.com\/wp-content\/uploads\/2021\/06\/vegetable-crates-application-4-1024x350.png\" alt=\"Aplicaci\u00f3n de cajas para verduras\" width=\"800\" height=\"274\" \/><\/p>\n<p>&nbsp;<\/p>\n<p>Las cajas de pl\u00e1stico para verduras est\u00e1n disponibles en varios tama\u00f1os y estilos para recoger, procesar y enviar frutas y verduras peque\u00f1as como fresas o esp\u00e1rragos.<\/p>\n<p><strong>Embalaje y entrega<\/strong><\/p>\n<p><img loading=\"lazy\" decoding=\"async\" class=\"alignnone wp-image-6531\" src=\"https:\/\/www.vegcrates.com\/wp-content\/uploads\/2021\/06\/foldable-crates-for-groceries-delivery-1024x505.png\" alt=\"Cajas plegables para entrega de comestibles\" width=\"800\" height=\"395\" \/><\/p>\n<p><strong>Caracter\u00edsticas y beneficios<\/strong><\/p>\n<ul>\n<li>Fabricado con materiales que cumplen con la FDA<\/li>\n<li>Resiste la exposici\u00f3n a la luz solar y a los procesos de enfriamiento; resiste el impacto y la humedad; no se astilla, no se pudre ni absorbe olores.<\/li>\n<li>Interiores f\u00e1ciles de limpiar<\/li>\n<li>Se apila cuando est\u00e1 cargado y se anida cuando est\u00e1 vac\u00edo para ahorrar espacio<\/li>\n<li>Dise\u00f1os ventilados para enfriamiento r\u00e1pido, control de temperatura y drenaje.<\/li>\n<li>\u00daselo con temperaturas de -20\u02da a 120\u02da F<\/li>\n<li>Opciones de personalizaci\u00f3n e identificaci\u00f3n disponibles.<\/li>\n<li>Respaldado por una garant\u00eda limitada de un a\u00f1o<\/li>\n<li>100% HDPE reciclable<\/li>\n<\/ul>","protected":false},"excerpt":{"rendered":"<p>Tambi\u00e9n te puede interesar <a href=\"https:\/\/www.plastic-crates.com\/es\/product-category\/contenedores-de-almacenamiento-de-piezas\/\" target=\"_blank\" rel=\"noopener\">Contenedores de pl\u00e1stico para estantes<\/a>,<a href=\"https:\/\/www.vegcrates.com\/product-category\/euro-containers\/\" target=\"_blank\" rel=\"noopener\">cajas de palets<\/a><\/p>","protected":false},"featured_media":7027,"template":"","meta":{"_acf_changed":false},"product_brand":[],"product_cat":[20],"product_tag":[126,127],"class_list":{"0":"post-6968","1":"product","2":"type-product","3":"status-publish","4":"has-post-thumbnail","6":"product_cat-fruit-crates","7":"product_tag-plastic-vegetable-and-fruit-crate","8":"product_tag-plastic-vegetable-basket","10":"first","11":"instock","12":"product-type-simple"},"acf":[],"yoast_head":"<!-- This site is optimized with the Yoast SEO plugin v26.1.1 - https:\/\/yoast.com\/wordpress\/plugins\/seo\/ -->\n<title>Collapsible plastic produce crates, produce containers wholesale<\/title>\n<meta name=\"description\" content=\"Professional supplier of Collapsible plastic produce crates, Dimensions(L*W*H):600*400*300mm, Volumn:56L, Ventilated produce crates for sale\" \/>\n<meta name=\"robots\" content=\"index, follow, max-snippet:-1, max-image-preview:large, max-video-preview:-1\" \/>\n<link rel=\"canonical\" href=\"https:\/\/www.plastic-crates.com\/es\/product\/cajas-de-plastico-plegables-para-productos-agricolas\/\" \/>\n<meta property=\"og:locale\" content=\"es_ES\" \/>\n<meta property=\"og:type\" content=\"article\" \/>\n<meta property=\"og:title\" content=\"vegetable plastic crates | High Quality &amp; Factory Price\u200e\" \/>\n<meta property=\"og:description\" content=\"Professional supplier of Collapsible plastic produce crates, Dimensions(L*W*H):600*400*300mm, Volumn:56L, Ventilated produce crates for sale\" \/>\n<meta property=\"og:url\" content=\"https:\/\/www.plastic-crates.com\/es\/product\/cajas-de-plastico-plegables-para-productos-agricolas\/\" \/>\n<meta property=\"og:site_name\" content=\"plastic-crates.com\" \/>\n<meta property=\"article:modified_time\" content=\"2021-07-15T07:00:11+00:00\" \/>\n<meta property=\"og:image\" content=\"https:\/\/www.plastic-crates.com\/wp-content\/uploads\/2021\/07\/agricultural-plastic-crates-3.jpeg\" \/>\n\t<meta property=\"og:image:width\" content=\"750\" \/>\n\t<meta property=\"og:image:height\" content=\"750\" \/>\n\t<meta property=\"og:image:type\" content=\"image\/jpeg\" \/>\n<meta name=\"twitter:card\" content=\"summary_large_image\" \/>\n<meta name=\"twitter:title\" content=\"vegetable plastic crates | High Quality &amp; Factory Price\u200e\" \/>\n<meta name=\"twitter:label1\" content=\"Tiempo de lectura\" \/>\n\t<meta name=\"twitter:data1\" content=\"2 minutos\" \/>\n<script type=\"application\/ld+json\" class=\"yoast-schema-graph\">{\"@context\":\"https:\/\/schema.org\",\"@graph\":[{\"@type\":\"WebPage\",\"@id\":\"https:\/\/www.plastic-crates.com\/product\/collapsible-plastic-produce-crates\/\",\"url\":\"https:\/\/www.plastic-crates.com\/product\/collapsible-plastic-produce-crates\/\",\"name\":\"Collapsible plastic produce crates, produce containers wholesale\",\"isPartOf\":{\"@id\":\"https:\/\/www.plastic-crates.com\/#website\"},\"primaryImageOfPage\":{\"@id\":\"https:\/\/www.plastic-crates.com\/product\/collapsible-plastic-produce-crates\/#primaryimage\"},\"image\":{\"@id\":\"https:\/\/www.plastic-crates.com\/product\/collapsible-plastic-produce-crates\/#primaryimage\"},\"thumbnailUrl\":\"https:\/\/www.plastic-crates.com\/wp-content\/uploads\/2021\/07\/agricultural-plastic-crates-3.jpeg\",\"datePublished\":\"2021-07-15T05:53:44+00:00\",\"dateModified\":\"2021-07-15T07:00:11+00:00\",\"description\":\"Professional supplier of Collapsible plastic produce crates, Dimensions(L*W*H):600*400*300mm, Volumn:56L, Ventilated produce crates for sale\",\"breadcrumb\":{\"@id\":\"https:\/\/www.plastic-crates.com\/product\/collapsible-plastic-produce-crates\/#breadcrumb\"},\"inLanguage\":\"es\",\"potentialAction\":[{\"@type\":\"ReadAction\",\"target\":[\"https:\/\/www.plastic-crates.com\/product\/collapsible-plastic-produce-crates\/\"]}]},{\"@type\":\"ImageObject\",\"inLanguage\":\"es\",\"@id\":\"https:\/\/www.plastic-crates.com\/product\/collapsible-plastic-produce-crates\/#primaryimage\",\"url\":\"https:\/\/www.plastic-crates.com\/wp-content\/uploads\/2021\/07\/agricultural-plastic-crates-3.jpeg\",\"contentUrl\":\"https:\/\/www.plastic-crates.com\/wp-content\/uploads\/2021\/07\/agricultural-plastic-crates-3.jpeg\",\"width\":750,\"height\":750,\"caption\":\"Collapsible plastic produce crates\"},{\"@type\":\"BreadcrumbList\",\"@id\":\"https:\/\/www.plastic-crates.com\/product\/collapsible-plastic-produce-crates\/#breadcrumb\",\"itemListElement\":[{\"@type\":\"ListItem\",\"position\":1,\"name\":\"Home\",\"item\":\"https:\/\/www.plastic-crates.com\/\"},{\"@type\":\"ListItem\",\"position\":2,\"name\":\"Products\",\"item\":\"https:\/\/www.plastic-crates.com\/shop\/\"},{\"@type\":\"ListItem\",\"position\":3,\"name\":\"Collapsible plastic produce crates\"}]},{\"@type\":\"WebSite\",\"@id\":\"https:\/\/www.plastic-crates.com\/#website\",\"url\":\"https:\/\/www.plastic-crates.com\/\",\"name\":\"plastic-crates.com\",\"description\":\"Leading plastic crates manufacturer in China\",\"potentialAction\":[{\"@type\":\"SearchAction\",\"target\":{\"@type\":\"EntryPoint\",\"urlTemplate\":\"https:\/\/www.plastic-crates.com\/?s={search_term_string}\"},\"query-input\":{\"@type\":\"PropertyValueSpecification\",\"valueRequired\":true,\"valueName\":\"search_term_string\"}}],\"inLanguage\":\"es\"}]}<\/script>\n<!-- \/ Yoast SEO plugin. -->","yoast_head_json":{"title":"Cajas de pl\u00e1stico plegables para productos agr\u00edcolas, contenedores para productos agr\u00edcolas al por mayor","description":"Proveedor profesional de cajas de pl\u00e1stico plegables para productos agr\u00edcolas, Dimensiones (L*An*Al): 600*400*300 mm, Volumen: 56 L, Cajas de productos agr\u00edcolas ventiladas a la venta","robots":{"index":"index","follow":"follow","max-snippet":"max-snippet:-1","max-image-preview":"max-image-preview:large","max-video-preview":"max-video-preview:-1"},"canonical":"https:\/\/www.plastic-crates.com\/es\/product\/cajas-de-plastico-plegables-para-productos-agricolas\/","og_locale":"es_ES","og_type":"article","og_title":"vegetable plastic crates | High Quality & Factory Price\u200e","og_description":"Professional supplier of Collapsible plastic produce crates, Dimensions(L*W*H):600*400*300mm, Volumn:56L, Ventilated produce crates for sale","og_url":"https:\/\/www.plastic-crates.com\/es\/product\/cajas-de-plastico-plegables-para-productos-agricolas\/","og_site_name":"plastic-crates.com","article_modified_time":"2021-07-15T07:00:11+00:00","og_image":[{"width":750,"height":750,"url":"https:\/\/www.plastic-crates.com\/wp-content\/uploads\/2021\/07\/agricultural-plastic-crates-3.jpeg","type":"image\/jpeg"}],"twitter_card":"summary_large_image","twitter_title":"vegetable plastic crates | High Quality & Factory Price\u200e","twitter_misc":{"Tiempo de lectura":"2 minutos"},"schema":{"@context":"https:\/\/schema.org","@graph":[{"@type":"WebPage","@id":"https:\/\/www.plastic-crates.com\/product\/collapsible-plastic-produce-crates\/","url":"https:\/\/www.plastic-crates.com\/product\/collapsible-plastic-produce-crates\/","name":"Cajas de pl\u00e1stico plegables para productos agr\u00edcolas, contenedores para productos agr\u00edcolas al por mayor","isPartOf":{"@id":"https:\/\/www.plastic-crates.com\/#website"},"primaryImageOfPage":{"@id":"https:\/\/www.plastic-crates.com\/product\/collapsible-plastic-produce-crates\/#primaryimage"},"image":{"@id":"https:\/\/www.plastic-crates.com\/product\/collapsible-plastic-produce-crates\/#primaryimage"},"thumbnailUrl":"https:\/\/www.plastic-crates.com\/wp-content\/uploads\/2021\/07\/agricultural-plastic-crates-3.jpeg","datePublished":"2021-07-15T05:53:44+00:00","dateModified":"2021-07-15T07:00:11+00:00","description":"Proveedor profesional de cajas de pl\u00e1stico plegables para productos agr\u00edcolas, Dimensiones (L*An*Al): 600*400*300 mm, Volumen: 56 L, Cajas de productos agr\u00edcolas ventiladas a la venta","breadcrumb":{"@id":"https:\/\/www.plastic-crates.com\/product\/collapsible-plastic-produce-crates\/#breadcrumb"},"inLanguage":"es","potentialAction":[{"@type":"ReadAction","target":["https:\/\/www.plastic-crates.com\/product\/collapsible-plastic-produce-crates\/"]}]},{"@type":"ImageObject","inLanguage":"es","@id":"https:\/\/www.plastic-crates.com\/product\/collapsible-plastic-produce-crates\/#primaryimage","url":"https:\/\/www.plastic-crates.com\/wp-content\/uploads\/2021\/07\/agricultural-plastic-crates-3.jpeg","contentUrl":"https:\/\/www.plastic-crates.com\/wp-content\/uploads\/2021\/07\/agricultural-plastic-crates-3.jpeg","width":750,"height":750,"caption":"Collapsible plastic produce crates"},{"@type":"BreadcrumbList","@id":"https:\/\/www.plastic-crates.com\/product\/collapsible-plastic-produce-crates\/#breadcrumb","itemListElement":[{"@type":"ListItem","position":1,"name":"Home","item":"https:\/\/www.plastic-crates.com\/"},{"@type":"ListItem","position":2,"name":"Products","item":"https:\/\/www.plastic-crates.com\/shop\/"},{"@type":"ListItem","position":3,"name":"Collapsible plastic produce crates"}]},{"@type":"WebSite","@id":"https:\/\/www.plastic-crates.com\/#website","url":"https:\/\/www.plastic-crates.com\/","name":"plastic-crates.com","description":"Fabricante l\u00edder de cajas de pl\u00e1stico en China","potentialAction":[{"@type":"SearchAction","target":{"@type":"EntryPoint","urlTemplate":"https:\/\/www.plastic-crates.com\/?s={search_term_string}"},"query-input":{"@type":"PropertyValueSpecification","valueRequired":true,"valueName":"search_term_string"}}],"inLanguage":"es"}]}},"_links":{"self":[{"href":"https:\/\/www.plastic-crates.com\/es\/wp-json\/wp\/v2\/product\/6968","targetHints":{"allow":["GET"]}}],"collection":[{"href":"https:\/\/www.plastic-crates.com\/es\/wp-json\/wp\/v2\/product"}],"about":[{"href":"https:\/\/www.plastic-crates.com\/es\/wp-json\/wp\/v2\/types\/product"}],"wp:featuredmedia":[{"embeddable":true,"href":"https:\/\/www.plastic-crates.com\/es\/wp-json\/wp\/v2\/media\/7027"}],"wp:attachment":[{"href":"https:\/\/www.plastic-crates.com\/es\/wp-json\/wp\/v2\/media?parent=6968"}],"wp:term":[{"taxonomy":"product_brand","embeddable":true,"href":"https:\/\/www.plastic-crates.com\/es\/wp-json\/wp\/v2\/product_brand?post=6968"},{"taxonomy":"product_cat","embeddable":true,"href":"https:\/\/www.plastic-crates.com\/es\/wp-json\/wp\/v2\/product_cat?post=6968"},{"taxonomy":"product_tag","embeddable":true,"href":"https:\/\/www.plastic-crates.com\/es\/wp-json\/wp\/v2\/product_tag?post=6968"}],"curies":[{"name":"gracias","href":"https:\/\/api.w.org\/{rel}","templated":true}]}}