{"id":7050,"date":"2021-07-15T17:23:04","date_gmt":"2021-07-15T17:23:04","guid":{"rendered":"https:\/\/www.plastic-crates.com\/?post_type=product&#038;p=7050"},"modified":"2021-07-16T00:21:32","modified_gmt":"2021-07-16T00:21:32","slug":"la-mejor-jaula-de-viaje-de-plastico-para-perros-jaula-de-plastico-para-perros","status":"publish","type":"product","link":"https:\/\/www.plastic-crates.com\/es\/product\/la-mejor-jaula-de-viaje-de-plastico-para-perros-jaula-de-plastico-para-perros\/","title":{"rendered":"La mejor jaula de viaje de pl\u00e1stico para perros, jaula de pl\u00e1stico para perros"},"content":{"rendered":"<div style=\"width: 952px;\" class=\"wp-video\"><!--[if lt IE 9]><script>document.createElement('video');<\/script><![endif]-->\n<video class=\"wp-video-shortcode\" id=\"video-7050-1\" width=\"952\" height=\"540\" preload=\"metadata\" controls=\"controls\"><source type=\"video\/mp4\" src=\"https:\/\/www.plastic-crates.com\/wp-content\/uploads\/2021\/07\/plastic-dog-crate.mp4?_=1\" \/><a href=\"https:\/\/www.plastic-crates.com\/wp-content\/uploads\/2021\/07\/plastic-dog-crate.mp4\">https:\/\/www.plastic-crates.com\/wp-content\/uploads\/2021\/07\/plastic-dog-crate.mp4<\/a><\/video><\/div>\n<p>&nbsp;<\/p>\n<p><strong>Especificaci\u00f3n<\/strong><\/p>\n<table class=\"table\" style=\"height: 275px;\" width=\"524\">\n<tbody>\n<tr>\n<td colspan=\"1\" rowspan=\"1\">\n<div class=\"magic-4\" data-spm-anchor-id=\"a2700.details.0.i21.58e76911BJdnaT\">Material<\/div>\n<\/td>\n<td colspan=\"4\" rowspan=\"1\">\n<div class=\"magic-5\">abdominales<\/div>\n<\/td>\n<\/tr>\n<tr>\n<td colspan=\"1\" rowspan=\"1\">\n<div class=\"magic-4\">Tama\u00f1o<\/div>\n<\/td>\n<td colspan=\"4\" rowspan=\"1\">\n<div class=\"magic-5\">Tallas S, M, L, XL y XXL<\/div>\n<\/td>\n<\/tr>\n<tr>\n<td colspan=\"1\" rowspan=\"1\">\n<div class=\"magic-4\">Embalaje<\/div>\n<\/td>\n<td colspan=\"4\" rowspan=\"1\">\n<div class=\"magic-8\">Paquete est\u00e1ndar o seg\u00fan solicitud del cliente.<\/div>\n<\/td>\n<\/tr>\n<tr>\n<td colspan=\"1\" rowspan=\"1\">\n<div class=\"magic-4\">Bandera<\/div>\n<\/td>\n<td colspan=\"4\" rowspan=\"1\">\n<div class=\"magic-8\">Azul, rosa, amarillo, verde, caf\u00e9, azul oscuro<\/div>\n<\/td>\n<\/tr>\n<tr>\n<td colspan=\"1\" rowspan=\"1\">\n<div class=\"magic-4\">Caracter\u00edstica<\/div>\n<\/td>\n<td colspan=\"4\" rowspan=\"1\">\n<div class=\"magic-8\">Suave y acogedor, barato y bonito, lujoso y de moda.<\/div>\n<\/td>\n<\/tr>\n<tr>\n<td colspan=\"1\" rowspan=\"1\">\n<div class=\"magic-4\">El tiempo de entrega<\/div>\n<\/td>\n<td colspan=\"4\" rowspan=\"1\">\n<div class=\"magic-8\">20-25 d\u00edas<\/div>\n<\/td>\n<\/tr>\n<tr>\n<td colspan=\"1\" rowspan=\"1\">\n<div class=\"magic-4\">Fabricante de equipos originales (OEM) y fabricante de dise\u00f1os originales (ODM)<\/div>\n<\/td>\n<td colspan=\"4\" rowspan=\"1\">\n<div class=\"magic-5\">Disponible<\/div>\n<\/td>\n<\/tr>\n<tr>\n<td colspan=\"1\" rowspan=\"1\">\n<div class=\"magic-4\">Pago<\/div>\n<\/td>\n<td colspan=\"4\" rowspan=\"1\">\n<div class=\"magic-8\">T\/T o carta de cr\u00e9dito<\/div>\n<\/td>\n<\/tr>\n<tr>\n<td colspan=\"1\" rowspan=\"1\">\n<div class=\"magic-4\">Condiciones de env\u00edo<\/div>\n<\/td>\n<td colspan=\"4\" rowspan=\"1\">\n<div class=\"magic-8\">ENGA\u00d1AR<\/div>\n<\/td>\n<\/tr>\n<\/tbody>\n<\/table>\n<p><strong>Tama\u00f1o y color disponibles de esta jaula de pl\u00e1stico para perros.<\/strong><\/p>\n<p>Ofrecemos la mejor jaula de pl\u00e1stico para perros del mercado y este transportador para perros tiene diferentes tama\u00f1os disponibles: jaula de pl\u00e1stico para perros peque\u00f1a, jaula de pl\u00e1stico para perros mediana, jaula de pl\u00e1stico para perros grande, jaula de pl\u00e1stico para perros extra grande (jaula de pl\u00e1stico para perros xl).<\/p>\n<p><img loading=\"lazy\" decoding=\"async\" class=\"alignnone size-full wp-image-7059\" src=\"https:\/\/www.plastic-crates.com\/wp-content\/uploads\/2021\/07\/plastic-dog-crate-available-size.jpeg\" alt=\"Jaula de pl\u00e1stico para perros disponible en distintos tama\u00f1os\" width=\"790\" height=\"1080\" srcset=\"https:\/\/www.plastic-crates.com\/wp-content\/uploads\/2021\/07\/plastic-dog-crate-available-size.jpeg 790w, https:\/\/www.plastic-crates.com\/wp-content\/uploads\/2021\/07\/plastic-dog-crate-available-size-219x300.jpeg 219w, https:\/\/www.plastic-crates.com\/wp-content\/uploads\/2021\/07\/plastic-dog-crate-available-size-749x1024.jpeg 749w, https:\/\/www.plastic-crates.com\/wp-content\/uploads\/2021\/07\/plastic-dog-crate-available-size-768x1050.jpeg 768w, https:\/\/www.plastic-crates.com\/wp-content\/uploads\/2021\/07\/plastic-dog-crate-available-size-600x820.jpeg 600w\" sizes=\"auto, (max-width: 790px) 100vw, 790px\" \/><\/p>\n<p>Para los colores, azul, rosa, amarillo, verde, caf\u00e9 y azul oscuro est\u00e1n disponibles para estas jaulas para perros.<\/p>\n<p><img loading=\"lazy\" decoding=\"async\" class=\"alignnone size-full wp-image-7060\" src=\"https:\/\/www.plastic-crates.com\/wp-content\/uploads\/2021\/07\/plastic-dog-crate-available-color.jpeg\" alt=\"Jaula de pl\u00e1stico para perros disponible en varios colores\" width=\"790\" height=\"1578\" srcset=\"https:\/\/www.plastic-crates.com\/wp-content\/uploads\/2021\/07\/plastic-dog-crate-available-color.jpeg 790w, https:\/\/www.plastic-crates.com\/wp-content\/uploads\/2021\/07\/plastic-dog-crate-available-color-150x300.jpeg 150w, https:\/\/www.plastic-crates.com\/wp-content\/uploads\/2021\/07\/plastic-dog-crate-available-color-513x1024.jpeg 513w, https:\/\/www.plastic-crates.com\/wp-content\/uploads\/2021\/07\/plastic-dog-crate-available-color-768x1534.jpeg 768w, https:\/\/www.plastic-crates.com\/wp-content\/uploads\/2021\/07\/plastic-dog-crate-available-color-769x1536.jpeg 769w, https:\/\/www.plastic-crates.com\/wp-content\/uploads\/2021\/07\/plastic-dog-crate-available-color-600x1198.jpeg 600w\" sizes=\"auto, (max-width: 790px) 100vw, 790px\" \/><\/p>\n<p>La jaula de pl\u00e1stico para perros se puede equipar con asa, ruedas y palanca, lo que la hace muy c\u00f3moda de mover. <img loading=\"lazy\" decoding=\"async\" class=\"alignnone size-full wp-image-7061\" src=\"https:\/\/www.plastic-crates.com\/wp-content\/uploads\/2021\/07\/plastic-dog-crate-with-wheels-and-lever.jpeg\" alt=\"Jaula de pl\u00e1stico para perros con ruedas y palanca\" width=\"790\" height=\"1110\" srcset=\"https:\/\/www.plastic-crates.com\/wp-content\/uploads\/2021\/07\/plastic-dog-crate-with-wheels-and-lever.jpeg 790w, https:\/\/www.plastic-crates.com\/wp-content\/uploads\/2021\/07\/plastic-dog-crate-with-wheels-and-lever-214x300.jpeg 214w, https:\/\/www.plastic-crates.com\/wp-content\/uploads\/2021\/07\/plastic-dog-crate-with-wheels-and-lever-729x1024.jpeg 729w, https:\/\/www.plastic-crates.com\/wp-content\/uploads\/2021\/07\/plastic-dog-crate-with-wheels-and-lever-768x1079.jpeg 768w, https:\/\/www.plastic-crates.com\/wp-content\/uploads\/2021\/07\/plastic-dog-crate-with-wheels-and-lever-600x843.jpeg 600w\" sizes=\"auto, (max-width: 790px) 100vw, 790px\" \/><\/p>\n<p><img loading=\"lazy\" decoding=\"async\" class=\"alignnone size-full wp-image-7062\" src=\"https:\/\/www.plastic-crates.com\/wp-content\/uploads\/2021\/07\/plastic-dog-crate-product-detail.jpeg\" alt=\"Detalle de jaula de pl\u00e1stico para perros\" width=\"790\" height=\"1032\" srcset=\"https:\/\/www.plastic-crates.com\/wp-content\/uploads\/2021\/07\/plastic-dog-crate-product-detail.jpeg 790w, https:\/\/www.plastic-crates.com\/wp-content\/uploads\/2021\/07\/plastic-dog-crate-product-detail-230x300.jpeg 230w, https:\/\/www.plastic-crates.com\/wp-content\/uploads\/2021\/07\/plastic-dog-crate-product-detail-784x1024.jpeg 784w, https:\/\/www.plastic-crates.com\/wp-content\/uploads\/2021\/07\/plastic-dog-crate-product-detail-768x1003.jpeg 768w, https:\/\/www.plastic-crates.com\/wp-content\/uploads\/2021\/07\/plastic-dog-crate-product-detail-600x784.jpeg 600w\" sizes=\"auto, (max-width: 790px) 100vw, 790px\" \/><\/p>\n<p><b>Perreras de pl\u00e1stico para perros<\/b> Son f\u00e1ciles de limpiar y montar, es una <b>bien<\/b>\u00a0Opci\u00f3n para\u00a0<b>perros<\/b> que pasan mucho tiempo al aire libre. Son s\u00f3lidas, c\u00f3modas y resistentes al agua. Adem\u00e1s de ser compatibles con los requisitos de la mayor\u00eda de las aerol\u00edneas, esta caja est\u00e1 hecha de pl\u00e1stico resistente, lo que la hace duradera y segura. La caja es f\u00e1cil de instalar y transportar.<\/p>\n<p>Las jaulas de pl\u00e1stico para perros son ideales para aquellos perros que viajan constantemente. Estas jaulas mantienen a los perros seguros mientras viajan, ya sea en avi\u00f3n, en tren o en coche. Esta jaula para perros es duradera, est\u00e1 bien ventilada y est\u00e1 aprobada por las aerol\u00edneas si planeas viajar en avi\u00f3n.<\/p>\n<p>&nbsp;<\/p>\n<p><img loading=\"lazy\" decoding=\"async\" class=\"alignnone size-full wp-image-7063\" src=\"https:\/\/www.plastic-crates.com\/wp-content\/uploads\/2021\/07\/plastic-dog-crate-product-detail-a.jpeg\" alt=\"jaula grande de pl\u00e1stico para perros\" width=\"790\" height=\"1536\" srcset=\"https:\/\/www.plastic-crates.com\/wp-content\/uploads\/2021\/07\/plastic-dog-crate-product-detail-a.jpeg 790w, https:\/\/www.plastic-crates.com\/wp-content\/uploads\/2021\/07\/plastic-dog-crate-product-detail-a-154x300.jpeg 154w, https:\/\/www.plastic-crates.com\/wp-content\/uploads\/2021\/07\/plastic-dog-crate-product-detail-a-527x1024.jpeg 527w, https:\/\/www.plastic-crates.com\/wp-content\/uploads\/2021\/07\/plastic-dog-crate-product-detail-a-768x1493.jpeg 768w, https:\/\/www.plastic-crates.com\/wp-content\/uploads\/2021\/07\/plastic-dog-crate-product-detail-a-600x1167.jpeg 600w\" sizes=\"auto, (max-width: 790px) 100vw, 790px\" \/> <img loading=\"lazy\" decoding=\"async\" class=\"alignnone size-full wp-image-7064\" src=\"https:\/\/www.plastic-crates.com\/wp-content\/uploads\/2021\/07\/plastic-dog-crate-product-detail-b.jpeg\" alt=\"jaula grande de pl\u00e1stico para perros\" width=\"790\" height=\"1704\" srcset=\"https:\/\/www.plastic-crates.com\/wp-content\/uploads\/2021\/07\/plastic-dog-crate-product-detail-b.jpeg 790w, https:\/\/www.plastic-crates.com\/wp-content\/uploads\/2021\/07\/plastic-dog-crate-product-detail-b-139x300.jpeg 139w, https:\/\/www.plastic-crates.com\/wp-content\/uploads\/2021\/07\/plastic-dog-crate-product-detail-b-475x1024.jpeg 475w, https:\/\/www.plastic-crates.com\/wp-content\/uploads\/2021\/07\/plastic-dog-crate-product-detail-b-768x1657.jpeg 768w, https:\/\/www.plastic-crates.com\/wp-content\/uploads\/2021\/07\/plastic-dog-crate-product-detail-b-712x1536.jpeg 712w, https:\/\/www.plastic-crates.com\/wp-content\/uploads\/2021\/07\/plastic-dog-crate-product-detail-b-600x1294.jpeg 600w\" sizes=\"auto, (max-width: 790px) 100vw, 790px\" \/> <img loading=\"lazy\" decoding=\"async\" class=\"alignnone size-full wp-image-7065\" src=\"https:\/\/www.plastic-crates.com\/wp-content\/uploads\/2021\/07\/plastic-dog-crate-product-detail-c.jpeg\" alt=\"jaula grande de pl\u00e1stico para perros\" width=\"790\" height=\"978\" srcset=\"https:\/\/www.plastic-crates.com\/wp-content\/uploads\/2021\/07\/plastic-dog-crate-product-detail-c.jpeg 790w, https:\/\/www.plastic-crates.com\/wp-content\/uploads\/2021\/07\/plastic-dog-crate-product-detail-c-242x300.jpeg 242w, https:\/\/www.plastic-crates.com\/wp-content\/uploads\/2021\/07\/plastic-dog-crate-product-detail-c-768x951.jpeg 768w, https:\/\/www.plastic-crates.com\/wp-content\/uploads\/2021\/07\/plastic-dog-crate-product-detail-c-600x743.jpeg 600w\" sizes=\"auto, (max-width: 790px) 100vw, 790px\" \/><\/p>\n<p><img loading=\"lazy\" decoding=\"async\" class=\"alignnone wp-image-7066 size-full\" src=\"https:\/\/www.plastic-crates.com\/wp-content\/uploads\/2021\/07\/plastic-dog-crate-packing-e1626394440863.jpeg\" alt=\"El mejor embalaje de pl\u00e1stico para jaulas de perros\" width=\"790\" height=\"1192\" srcset=\"https:\/\/www.plastic-crates.com\/wp-content\/uploads\/2021\/07\/plastic-dog-crate-packing-e1626394440863.jpeg 790w, https:\/\/www.plastic-crates.com\/wp-content\/uploads\/2021\/07\/plastic-dog-crate-packing-e1626394440863-199x300.jpeg 199w, https:\/\/www.plastic-crates.com\/wp-content\/uploads\/2021\/07\/plastic-dog-crate-packing-e1626394440863-679x1024.jpeg 679w, https:\/\/www.plastic-crates.com\/wp-content\/uploads\/2021\/07\/plastic-dog-crate-packing-e1626394440863-768x1159.jpeg 768w, https:\/\/www.plastic-crates.com\/wp-content\/uploads\/2021\/07\/plastic-dog-crate-packing-e1626394440863-600x905.jpeg 600w\" sizes=\"auto, (max-width: 790px) 100vw, 790px\" \/><\/p>","protected":false},"excerpt":{"rendered":"<p>&nbsp; Especificaci\u00f3n Material ABS Tama\u00f1o S, M, L, XL, XXL Embalaje Paquete est\u00e1ndar o seg\u00fan solicitudes del cliente Colores Azul,\u2026<\/p>","protected":false},"featured_media":7051,"template":"","meta":{"_acf_changed":false},"product_brand":[],"product_cat":[123],"product_tag":[],"class_list":{"0":"post-7050","1":"product","2":"type-product","3":"status-publish","4":"has-post-thumbnail","6":"product_cat-plastic-dog-crates","8":"first","9":"instock","10":"shipping-taxable","11":"product-type-simple"},"acf":[],"yoast_head":"<!-- This site is optimized with the Yoast SEO plugin v26.1.1 - https:\/\/yoast.com\/wordpress\/plugins\/seo\/ -->\n<title>Best plastic dog travel crate, plastic dog crate - plastic-crates.com<\/title>\n<meta name=\"robots\" content=\"index, follow, max-snippet:-1, max-image-preview:large, max-video-preview:-1\" \/>\n<link rel=\"canonical\" href=\"https:\/\/www.plastic-crates.com\/es\/product\/la-mejor-jaula-de-viaje-de-plastico-para-perros-jaula-de-plastico-para-perros\/\" \/>\n<meta property=\"og:locale\" content=\"es_ES\" \/>\n<meta property=\"og:type\" content=\"article\" \/>\n<meta property=\"og:title\" content=\"Best plastic dog travel crate, plastic dog crate - plastic-crates.com\" \/>\n<meta property=\"og:description\" content=\"&nbsp; Specification Material ABS Size S, M, L, XL, XXL Packing Standard package or as per customer requests Colors Blue,&hellip;\" \/>\n<meta property=\"og:url\" content=\"https:\/\/www.plastic-crates.com\/es\/product\/la-mejor-jaula-de-viaje-de-plastico-para-perros-jaula-de-plastico-para-perros\/\" \/>\n<meta property=\"og:site_name\" content=\"plastic-crates.com\" \/>\n<meta property=\"article:modified_time\" content=\"2021-07-16T00:21:32+00:00\" \/>\n<meta property=\"og:image\" content=\"https:\/\/www.plastic-crates.com\/wp-content\/uploads\/2021\/07\/plastic-dog-crate-1.jpeg\" \/>\n\t<meta property=\"og:image:width\" content=\"800\" \/>\n\t<meta property=\"og:image:height\" content=\"800\" \/>\n\t<meta property=\"og:image:type\" content=\"image\/jpeg\" \/>\n<meta name=\"twitter:card\" content=\"summary_large_image\" \/>\n<meta name=\"twitter:label1\" content=\"Tiempo de lectura\" \/>\n\t<meta name=\"twitter:data1\" content=\"3 minutos\" \/>\n<script type=\"application\/ld+json\" class=\"yoast-schema-graph\">{\"@context\":\"https:\/\/schema.org\",\"@graph\":[{\"@type\":\"WebPage\",\"@id\":\"https:\/\/www.plastic-crates.com\/product\/best-plastic-dog-travel-crate-plastic-dog-crate\/\",\"url\":\"https:\/\/www.plastic-crates.com\/product\/best-plastic-dog-travel-crate-plastic-dog-crate\/\",\"name\":\"Best plastic dog travel crate, plastic dog crate - plastic-crates.com\",\"isPartOf\":{\"@id\":\"https:\/\/www.plastic-crates.com\/#website\"},\"primaryImageOfPage\":{\"@id\":\"https:\/\/www.plastic-crates.com\/product\/best-plastic-dog-travel-crate-plastic-dog-crate\/#primaryimage\"},\"image\":{\"@id\":\"https:\/\/www.plastic-crates.com\/product\/best-plastic-dog-travel-crate-plastic-dog-crate\/#primaryimage\"},\"thumbnailUrl\":\"https:\/\/www.plastic-crates.com\/wp-content\/uploads\/2021\/07\/plastic-dog-crate-1.jpeg\",\"datePublished\":\"2021-07-15T17:23:04+00:00\",\"dateModified\":\"2021-07-16T00:21:32+00:00\",\"breadcrumb\":{\"@id\":\"https:\/\/www.plastic-crates.com\/product\/best-plastic-dog-travel-crate-plastic-dog-crate\/#breadcrumb\"},\"inLanguage\":\"es\",\"potentialAction\":[{\"@type\":\"ReadAction\",\"target\":[\"https:\/\/www.plastic-crates.com\/product\/best-plastic-dog-travel-crate-plastic-dog-crate\/\"]}]},{\"@type\":\"ImageObject\",\"inLanguage\":\"es\",\"@id\":\"https:\/\/www.plastic-crates.com\/product\/best-plastic-dog-travel-crate-plastic-dog-crate\/#primaryimage\",\"url\":\"https:\/\/www.plastic-crates.com\/wp-content\/uploads\/2021\/07\/plastic-dog-crate-1.jpeg\",\"contentUrl\":\"https:\/\/www.plastic-crates.com\/wp-content\/uploads\/2021\/07\/plastic-dog-crate-1.jpeg\",\"width\":800,\"height\":800,\"caption\":\"plastic dog crate\"},{\"@type\":\"BreadcrumbList\",\"@id\":\"https:\/\/www.plastic-crates.com\/product\/best-plastic-dog-travel-crate-plastic-dog-crate\/#breadcrumb\",\"itemListElement\":[{\"@type\":\"ListItem\",\"position\":1,\"name\":\"Home\",\"item\":\"https:\/\/www.plastic-crates.com\/\"},{\"@type\":\"ListItem\",\"position\":2,\"name\":\"Products\",\"item\":\"https:\/\/www.plastic-crates.com\/shop\/\"},{\"@type\":\"ListItem\",\"position\":3,\"name\":\"Best plastic dog travel crate, plastic dog crate\"}]},{\"@type\":\"WebSite\",\"@id\":\"https:\/\/www.plastic-crates.com\/#website\",\"url\":\"https:\/\/www.plastic-crates.com\/\",\"name\":\"plastic-crates.com\",\"description\":\"Leading plastic crates manufacturer in China\",\"potentialAction\":[{\"@type\":\"SearchAction\",\"target\":{\"@type\":\"EntryPoint\",\"urlTemplate\":\"https:\/\/www.plastic-crates.com\/?s={search_term_string}\"},\"query-input\":{\"@type\":\"PropertyValueSpecification\",\"valueRequired\":true,\"valueName\":\"search_term_string\"}}],\"inLanguage\":\"es\"}]}<\/script>\n<!-- \/ Yoast SEO plugin. -->","yoast_head_json":{"title":"La mejor jaula de pl\u00e1stico para perros, jaula de pl\u00e1stico para perros - plastic-crates.com","robots":{"index":"index","follow":"follow","max-snippet":"max-snippet:-1","max-image-preview":"max-image-preview:large","max-video-preview":"max-video-preview:-1"},"canonical":"https:\/\/www.plastic-crates.com\/es\/product\/la-mejor-jaula-de-viaje-de-plastico-para-perros-jaula-de-plastico-para-perros\/","og_locale":"es_ES","og_type":"article","og_title":"Best plastic dog travel crate, plastic dog crate - plastic-crates.com","og_description":"&nbsp; Specification Material ABS Size S, M, L, XL, XXL Packing Standard package or as per customer requests Colors Blue,&hellip;","og_url":"https:\/\/www.plastic-crates.com\/es\/product\/la-mejor-jaula-de-viaje-de-plastico-para-perros-jaula-de-plastico-para-perros\/","og_site_name":"plastic-crates.com","article_modified_time":"2021-07-16T00:21:32+00:00","og_image":[{"width":800,"height":800,"url":"https:\/\/www.plastic-crates.com\/wp-content\/uploads\/2021\/07\/plastic-dog-crate-1.jpeg","type":"image\/jpeg"}],"twitter_card":"summary_large_image","twitter_misc":{"Tiempo de lectura":"3 minutos"},"schema":{"@context":"https:\/\/schema.org","@graph":[{"@type":"WebPage","@id":"https:\/\/www.plastic-crates.com\/product\/best-plastic-dog-travel-crate-plastic-dog-crate\/","url":"https:\/\/www.plastic-crates.com\/product\/best-plastic-dog-travel-crate-plastic-dog-crate\/","name":"La mejor jaula de pl\u00e1stico para perros, jaula de pl\u00e1stico para perros - plastic-crates.com","isPartOf":{"@id":"https:\/\/www.plastic-crates.com\/#website"},"primaryImageOfPage":{"@id":"https:\/\/www.plastic-crates.com\/product\/best-plastic-dog-travel-crate-plastic-dog-crate\/#primaryimage"},"image":{"@id":"https:\/\/www.plastic-crates.com\/product\/best-plastic-dog-travel-crate-plastic-dog-crate\/#primaryimage"},"thumbnailUrl":"https:\/\/www.plastic-crates.com\/wp-content\/uploads\/2021\/07\/plastic-dog-crate-1.jpeg","datePublished":"2021-07-15T17:23:04+00:00","dateModified":"2021-07-16T00:21:32+00:00","breadcrumb":{"@id":"https:\/\/www.plastic-crates.com\/product\/best-plastic-dog-travel-crate-plastic-dog-crate\/#breadcrumb"},"inLanguage":"es","potentialAction":[{"@type":"ReadAction","target":["https:\/\/www.plastic-crates.com\/product\/best-plastic-dog-travel-crate-plastic-dog-crate\/"]}]},{"@type":"ImageObject","inLanguage":"es","@id":"https:\/\/www.plastic-crates.com\/product\/best-plastic-dog-travel-crate-plastic-dog-crate\/#primaryimage","url":"https:\/\/www.plastic-crates.com\/wp-content\/uploads\/2021\/07\/plastic-dog-crate-1.jpeg","contentUrl":"https:\/\/www.plastic-crates.com\/wp-content\/uploads\/2021\/07\/plastic-dog-crate-1.jpeg","width":800,"height":800,"caption":"plastic dog crate"},{"@type":"BreadcrumbList","@id":"https:\/\/www.plastic-crates.com\/product\/best-plastic-dog-travel-crate-plastic-dog-crate\/#breadcrumb","itemListElement":[{"@type":"ListItem","position":1,"name":"Home","item":"https:\/\/www.plastic-crates.com\/"},{"@type":"ListItem","position":2,"name":"Products","item":"https:\/\/www.plastic-crates.com\/shop\/"},{"@type":"ListItem","position":3,"name":"Best plastic dog travel crate, plastic dog crate"}]},{"@type":"WebSite","@id":"https:\/\/www.plastic-crates.com\/#website","url":"https:\/\/www.plastic-crates.com\/","name":"plastic-crates.com","description":"Fabricante l\u00edder de cajas de pl\u00e1stico en China","potentialAction":[{"@type":"SearchAction","target":{"@type":"EntryPoint","urlTemplate":"https:\/\/www.plastic-crates.com\/?s={search_term_string}"},"query-input":{"@type":"PropertyValueSpecification","valueRequired":true,"valueName":"search_term_string"}}],"inLanguage":"es"}]}},"_links":{"self":[{"href":"https:\/\/www.plastic-crates.com\/es\/wp-json\/wp\/v2\/product\/7050","targetHints":{"allow":["GET"]}}],"collection":[{"href":"https:\/\/www.plastic-crates.com\/es\/wp-json\/wp\/v2\/product"}],"about":[{"href":"https:\/\/www.plastic-crates.com\/es\/wp-json\/wp\/v2\/types\/product"}],"wp:featuredmedia":[{"embeddable":true,"href":"https:\/\/www.plastic-crates.com\/es\/wp-json\/wp\/v2\/media\/7051"}],"wp:attachment":[{"href":"https:\/\/www.plastic-crates.com\/es\/wp-json\/wp\/v2\/media?parent=7050"}],"wp:term":[{"taxonomy":"product_brand","embeddable":true,"href":"https:\/\/www.plastic-crates.com\/es\/wp-json\/wp\/v2\/product_brand?post=7050"},{"taxonomy":"product_cat","embeddable":true,"href":"https:\/\/www.plastic-crates.com\/es\/wp-json\/wp\/v2\/product_cat?post=7050"},{"taxonomy":"product_tag","embeddable":true,"href":"https:\/\/www.plastic-crates.com\/es\/wp-json\/wp\/v2\/product_tag?post=7050"}],"curies":[{"name":"gracias","href":"https:\/\/api.w.org\/{rel}","templated":true}]}}