{"id":7097,"date":"2022-01-20T00:01:04","date_gmt":"2022-01-20T00:01:04","guid":{"rendered":"https:\/\/www.plastic-crates.com\/?post_type=product&#038;p=7097"},"modified":"2025-04-21T13:08:45","modified_gmt":"2025-04-21T13:08:45","slug":"contenedores-de-plastico-baratos-con-tapa-6436","status":"publish","type":"product","link":"https:\/\/www.plastic-crates.com\/es\/product\/contenedores-de-plastico-baratos-con-tapa-6436\/","title":{"rendered":"bolsas de pl\u00e1stico baratas con tapa-6436"},"content":{"rendered":"<h4>Presentaci\u00f3n del v\u00eddeo de contenedores de pl\u00e1stico baratos con tapas: 6436<\/h4>\n<div style=\"width: 960px;\" class=\"wp-video\"><!--[if lt IE 9]><script>document.createElement('video');<\/script><![endif]-->\n<video class=\"wp-video-shortcode\" id=\"video-7097-1\" width=\"960\" height=\"540\" preload=\"metadata\" controls=\"controls\"><source type=\"video\/mp4\" src=\"https:\/\/www.plastic-crates.com\/wp-content\/uploads\/2022\/01\/cheap-plastic-totes-with-lids-6436.mp4?_=1\" \/><a href=\"https:\/\/www.plastic-crates.com\/wp-content\/uploads\/2022\/01\/cheap-plastic-totes-with-lids-6436.mp4\">https:\/\/www.plastic-crates.com\/wp-content\/uploads\/2022\/01\/cheap-plastic-totes-with-lids-6436.mp4<\/a><\/video><\/div>","protected":false},"excerpt":{"rendered":"<div><a href=\"https:\/\/www.plastic-crates.com\/es\/product-category\/contenedores-apilables\/\" target=\"_blank\" rel=\"noopener noreferrer\">cajas apilables de pl\u00e1stico<\/a>,<a href=\"https:\/\/www.plastic-crates.com\/es\/product-category\/caja-plegable\/\" target=\"_blank\" rel=\"noopener noreferrer\">caja de almacenamiento de pl\u00e1stico plegable<\/a><\/div>","protected":false},"featured_media":7099,"template":"","meta":{"_acf_changed":false},"product_brand":[],"product_cat":[8],"product_tag":[142,146,119,148],"class_list":{"0":"post-7097","1":"product","2":"type-product","3":"status-publish","4":"has-post-thumbnail","6":"product_cat-totes-with-lids","7":"product_tag-alc-boxes","8":"product_tag-alc-containers","9":"product_tag-nestable-lidded-container","10":"product_tag-plastic-shipping-crates","12":"first","13":"instock","14":"product-type-simple"},"acf":[],"yoast_head":"<!-- This site is optimized with the Yoast SEO plugin v26.1.1 - https:\/\/yoast.com\/wordpress\/plugins\/seo\/ -->\n<title>cheap plastic totes with lids-6436 wholesale &amp; Factory Price<\/title>\n<meta name=\"description\" content=\"cheap plastic totes with lids 6436, cheap totes with lids supplier, Dimensions(L*W*H):600 * 400 * 365 mm, Volume: 59L, cheap totes for sale\" \/>\n<meta name=\"robots\" content=\"index, follow, max-snippet:-1, max-image-preview:large, max-video-preview:-1\" \/>\n<link rel=\"canonical\" href=\"https:\/\/www.plastic-crates.com\/es\/product\/contenedores-de-plastico-baratos-con-tapa-6436\/\" \/>\n<meta property=\"og:locale\" content=\"es_ES\" \/>\n<meta property=\"og:type\" content=\"article\" \/>\n<meta property=\"og:title\" content=\"hinged lid plastic crates\" \/>\n<meta property=\"og:description\" content=\"cheap plastic totes with lids 6436, cheap totes with lids supplier, Dimensions(L*W*H):600 * 400 * 365 mm, Volume: 59L, cheap totes for sale\" \/>\n<meta property=\"og:url\" content=\"https:\/\/www.plastic-crates.com\/es\/product\/contenedores-de-plastico-baratos-con-tapa-6436\/\" \/>\n<meta property=\"og:site_name\" content=\"plastic-crates.com\" \/>\n<meta property=\"article:modified_time\" content=\"2025-04-21T13:08:45+00:00\" \/>\n<meta property=\"og:image\" content=\"https:\/\/www.plastic-crates.com\/wp-content\/uploads\/2022\/01\/cheap-plastic-totes-with-lids-6436-1.png\" \/>\n\t<meta property=\"og:image:width\" content=\"1000\" \/>\n\t<meta property=\"og:image:height\" content=\"1000\" \/>\n\t<meta property=\"og:image:type\" content=\"image\/png\" \/>\n<meta name=\"twitter:card\" content=\"summary_large_image\" \/>\n<meta name=\"twitter:title\" content=\"hinged lid plastic crates\" \/>\n<meta name=\"twitter:label1\" content=\"Tiempo de lectura\" \/>\n\t<meta name=\"twitter:data1\" content=\"1 minuto\" \/>\n<script type=\"application\/ld+json\" class=\"yoast-schema-graph\">{\"@context\":\"https:\/\/schema.org\",\"@graph\":[{\"@type\":\"WebPage\",\"@id\":\"https:\/\/www.plastic-crates.com\/product\/cheap-plastic-totes-with-lids-6436\/\",\"url\":\"https:\/\/www.plastic-crates.com\/product\/cheap-plastic-totes-with-lids-6436\/\",\"name\":\"cheap plastic totes with lids-6436 wholesale & Factory Price\",\"isPartOf\":{\"@id\":\"https:\/\/www.plastic-crates.com\/#website\"},\"primaryImageOfPage\":{\"@id\":\"https:\/\/www.plastic-crates.com\/product\/cheap-plastic-totes-with-lids-6436\/#primaryimage\"},\"image\":{\"@id\":\"https:\/\/www.plastic-crates.com\/product\/cheap-plastic-totes-with-lids-6436\/#primaryimage\"},\"thumbnailUrl\":\"https:\/\/www.plastic-crates.com\/wp-content\/uploads\/2022\/01\/cheap-plastic-totes-with-lids-6436-1.png\",\"datePublished\":\"2022-01-20T00:01:04+00:00\",\"dateModified\":\"2025-04-21T13:08:45+00:00\",\"description\":\"cheap plastic totes with lids 6436, cheap totes with lids supplier, Dimensions(L*W*H):600 * 400 * 365 mm, Volume: 59L, cheap totes for sale\",\"breadcrumb\":{\"@id\":\"https:\/\/www.plastic-crates.com\/product\/cheap-plastic-totes-with-lids-6436\/#breadcrumb\"},\"inLanguage\":\"es\",\"potentialAction\":[{\"@type\":\"ReadAction\",\"target\":[\"https:\/\/www.plastic-crates.com\/product\/cheap-plastic-totes-with-lids-6436\/\"]}]},{\"@type\":\"ImageObject\",\"inLanguage\":\"es\",\"@id\":\"https:\/\/www.plastic-crates.com\/product\/cheap-plastic-totes-with-lids-6436\/#primaryimage\",\"url\":\"https:\/\/www.plastic-crates.com\/wp-content\/uploads\/2022\/01\/cheap-plastic-totes-with-lids-6436-1.png\",\"contentUrl\":\"https:\/\/www.plastic-crates.com\/wp-content\/uploads\/2022\/01\/cheap-plastic-totes-with-lids-6436-1.png\",\"width\":1000,\"height\":1000},{\"@type\":\"BreadcrumbList\",\"@id\":\"https:\/\/www.plastic-crates.com\/product\/cheap-plastic-totes-with-lids-6436\/#breadcrumb\",\"itemListElement\":[{\"@type\":\"ListItem\",\"position\":1,\"name\":\"Home\",\"item\":\"https:\/\/www.plastic-crates.com\/\"},{\"@type\":\"ListItem\",\"position\":2,\"name\":\"Products\",\"item\":\"https:\/\/www.plastic-crates.com\/shop\/\"},{\"@type\":\"ListItem\",\"position\":3,\"name\":\"cheap plastic totes with lids-6436\"}]},{\"@type\":\"WebSite\",\"@id\":\"https:\/\/www.plastic-crates.com\/#website\",\"url\":\"https:\/\/www.plastic-crates.com\/\",\"name\":\"plastic-crates.com\",\"description\":\"Leading plastic crates manufacturer in China\",\"potentialAction\":[{\"@type\":\"SearchAction\",\"target\":{\"@type\":\"EntryPoint\",\"urlTemplate\":\"https:\/\/www.plastic-crates.com\/?s={search_term_string}\"},\"query-input\":{\"@type\":\"PropertyValueSpecification\",\"valueRequired\":true,\"valueName\":\"search_term_string\"}}],\"inLanguage\":\"es\"}]}<\/script>\n<!-- \/ Yoast SEO plugin. -->","yoast_head_json":{"title":"Contenedores de pl\u00e1stico baratos con tapa - 6436 Venta al por mayor y precio de f\u00e1brica","description":"Contenedores de pl\u00e1stico baratos con tapa 6436, proveedor de contenedores baratos con tapa, Dimensiones (L*W*H): 600 * 400 * 365 mm, Volumen: 59L, contenedores baratos a la venta","robots":{"index":"index","follow":"follow","max-snippet":"max-snippet:-1","max-image-preview":"max-image-preview:large","max-video-preview":"max-video-preview:-1"},"canonical":"https:\/\/www.plastic-crates.com\/es\/product\/contenedores-de-plastico-baratos-con-tapa-6436\/","og_locale":"es_ES","og_type":"article","og_title":"hinged lid plastic crates","og_description":"cheap plastic totes with lids 6436, cheap totes with lids supplier, Dimensions(L*W*H):600 * 400 * 365 mm, Volume: 59L, cheap totes for sale","og_url":"https:\/\/www.plastic-crates.com\/es\/product\/contenedores-de-plastico-baratos-con-tapa-6436\/","og_site_name":"plastic-crates.com","article_modified_time":"2025-04-21T13:08:45+00:00","og_image":[{"width":1000,"height":1000,"url":"https:\/\/www.plastic-crates.com\/wp-content\/uploads\/2022\/01\/cheap-plastic-totes-with-lids-6436-1.png","type":"image\/png"}],"twitter_card":"summary_large_image","twitter_title":"hinged lid plastic crates","twitter_misc":{"Tiempo de lectura":"1 minuto"},"schema":{"@context":"https:\/\/schema.org","@graph":[{"@type":"WebPage","@id":"https:\/\/www.plastic-crates.com\/product\/cheap-plastic-totes-with-lids-6436\/","url":"https:\/\/www.plastic-crates.com\/product\/cheap-plastic-totes-with-lids-6436\/","name":"Contenedores de pl\u00e1stico baratos con tapa - 6436 Venta al por mayor y precio de f\u00e1brica","isPartOf":{"@id":"https:\/\/www.plastic-crates.com\/#website"},"primaryImageOfPage":{"@id":"https:\/\/www.plastic-crates.com\/product\/cheap-plastic-totes-with-lids-6436\/#primaryimage"},"image":{"@id":"https:\/\/www.plastic-crates.com\/product\/cheap-plastic-totes-with-lids-6436\/#primaryimage"},"thumbnailUrl":"https:\/\/www.plastic-crates.com\/wp-content\/uploads\/2022\/01\/cheap-plastic-totes-with-lids-6436-1.png","datePublished":"2022-01-20T00:01:04+00:00","dateModified":"2025-04-21T13:08:45+00:00","description":"Contenedores de pl\u00e1stico baratos con tapa 6436, proveedor de contenedores baratos con tapa, Dimensiones (L*W*H): 600 * 400 * 365 mm, Volumen: 59L, contenedores baratos a la venta","breadcrumb":{"@id":"https:\/\/www.plastic-crates.com\/product\/cheap-plastic-totes-with-lids-6436\/#breadcrumb"},"inLanguage":"es","potentialAction":[{"@type":"ReadAction","target":["https:\/\/www.plastic-crates.com\/product\/cheap-plastic-totes-with-lids-6436\/"]}]},{"@type":"ImageObject","inLanguage":"es","@id":"https:\/\/www.plastic-crates.com\/product\/cheap-plastic-totes-with-lids-6436\/#primaryimage","url":"https:\/\/www.plastic-crates.com\/wp-content\/uploads\/2022\/01\/cheap-plastic-totes-with-lids-6436-1.png","contentUrl":"https:\/\/www.plastic-crates.com\/wp-content\/uploads\/2022\/01\/cheap-plastic-totes-with-lids-6436-1.png","width":1000,"height":1000},{"@type":"BreadcrumbList","@id":"https:\/\/www.plastic-crates.com\/product\/cheap-plastic-totes-with-lids-6436\/#breadcrumb","itemListElement":[{"@type":"ListItem","position":1,"name":"Home","item":"https:\/\/www.plastic-crates.com\/"},{"@type":"ListItem","position":2,"name":"Products","item":"https:\/\/www.plastic-crates.com\/shop\/"},{"@type":"ListItem","position":3,"name":"cheap plastic totes with lids-6436"}]},{"@type":"WebSite","@id":"https:\/\/www.plastic-crates.com\/#website","url":"https:\/\/www.plastic-crates.com\/","name":"plastic-crates.com","description":"Fabricante l\u00edder de cajas de pl\u00e1stico en China","potentialAction":[{"@type":"SearchAction","target":{"@type":"EntryPoint","urlTemplate":"https:\/\/www.plastic-crates.com\/?s={search_term_string}"},"query-input":{"@type":"PropertyValueSpecification","valueRequired":true,"valueName":"search_term_string"}}],"inLanguage":"es"}]}},"_links":{"self":[{"href":"https:\/\/www.plastic-crates.com\/es\/wp-json\/wp\/v2\/product\/7097","targetHints":{"allow":["GET"]}}],"collection":[{"href":"https:\/\/www.plastic-crates.com\/es\/wp-json\/wp\/v2\/product"}],"about":[{"href":"https:\/\/www.plastic-crates.com\/es\/wp-json\/wp\/v2\/types\/product"}],"wp:featuredmedia":[{"embeddable":true,"href":"https:\/\/www.plastic-crates.com\/es\/wp-json\/wp\/v2\/media\/7099"}],"wp:attachment":[{"href":"https:\/\/www.plastic-crates.com\/es\/wp-json\/wp\/v2\/media?parent=7097"}],"wp:term":[{"taxonomy":"product_brand","embeddable":true,"href":"https:\/\/www.plastic-crates.com\/es\/wp-json\/wp\/v2\/product_brand?post=7097"},{"taxonomy":"product_cat","embeddable":true,"href":"https:\/\/www.plastic-crates.com\/es\/wp-json\/wp\/v2\/product_cat?post=7097"},{"taxonomy":"product_tag","embeddable":true,"href":"https:\/\/www.plastic-crates.com\/es\/wp-json\/wp\/v2\/product_tag?post=7097"}],"curies":[{"name":"gracias","href":"https:\/\/api.w.org\/{rel}","templated":true}]}}