{"id":7259,"date":"2023-07-24T00:53:57","date_gmt":"2023-07-24T00:53:57","guid":{"rendered":"https:\/\/www.plastic-crates.com\/?post_type=product&#038;p=7259"},"modified":"2023-07-24T01:06:57","modified_gmt":"2023-07-24T01:06:57","slug":"recipientes-de-plastico-con-separadores","status":"publish","type":"product","link":"https:\/\/www.plastic-crates.com\/es\/product\/recipientes-de-plastico-con-separadores\/","title":{"rendered":"Contenedores de pl\u00e1stico con separadores"},"content":{"rendered":"<p>Los contenedores de pl\u00e1stico resistentes con divisores son ideales para aplicaciones de transferencia de trabajo en proceso o para clasificar inventario.<\/p>\n<p>&nbsp;<\/p>","protected":false},"excerpt":{"rendered":"<div><strong><span class=\"attr-name J-attr-name\" title=\"Tama\u00f1o de la cuadr\u00edcula\" data-spm-anchor-id=\"a2700.details.0.i61.587c3b94Ck232o\">Tama\u00f1o de la cuadr\u00edcula: <\/span>65*65*48 mm<\/strong><\/div>\n<div><\/div>\n<div><\/div>\n<div><a href=\"https:\/\/www.plastic-crates.com\/es\/product-category\/contenedores-apilables\/\" target=\"_blank\" rel=\"noopener noreferrer\">contenedores de pl\u00e1stico apilables<\/a>,<a href=\"https:\/\/www.plastic-crates.com\/es\/product-category\/contenedores-con-tapa\/\" target=\"_blank\" rel=\"noopener noreferrer\">contenedores de almacenamiento de pl\u00e1stico con tapa<\/a>,<a href=\"https:\/\/www.plastic-crates.com\/es\/product-category\/contenedores-de-almacenamiento-de-piezas\/\" target=\"_blank\" rel=\"noopener noreferrer\">Contenedores de almacenamiento de piezas de pl\u00e1stico<\/a>,<a href=\"https:\/\/www.plastic-crates.com\/es\/product-category\/caja-plegable\/\" target=\"_blank\" rel=\"noopener noreferrer\">cajas plegables<\/a>,<a href=\"https:\/\/www.plastic-crates.com\/es\/product-category\/contenedor-de-paletas\/\" target=\"_blank\" rel=\"noopener noreferrer\">contenedor de pl\u00e1stico a granel<\/a><\/div>","protected":false},"featured_media":7260,"template":"","meta":{"_acf_changed":false},"product_brand":[],"product_cat":[15],"product_tag":[109],"class_list":{"0":"post-7259","1":"product","2":"type-product","3":"status-publish","4":"has-post-thumbnail","6":"product_cat-stackable-containers","7":"product_tag-stacking-crate","9":"first","10":"instock","11":"product-type-simple"},"acf":[],"yoast_head":"<!-- This site is optimized with the Yoast SEO plugin v26.1.1 - https:\/\/yoast.com\/wordpress\/plugins\/seo\/ -->\n<title>Plastic containers with dividers wholesale &amp; Factory Price<\/title>\n<meta name=\"description\" content=\"Wholesale Plastic containers with dividers, plastic storage boxes with dividers, Dimensions(L*W*H):440*370*70 mm\" \/>\n<meta name=\"robots\" content=\"index, follow, max-snippet:-1, max-image-preview:large, max-video-preview:-1\" \/>\n<link rel=\"canonical\" href=\"https:\/\/www.plastic-crates.com\/es\/product\/recipientes-de-plastico-con-separadores\/\" \/>\n<meta property=\"og:locale\" content=\"es_ES\" \/>\n<meta property=\"og:type\" content=\"article\" \/>\n<meta property=\"og:title\" content=\"bale arm container\" \/>\n<meta property=\"og:description\" content=\"Wholesale Plastic containers with dividers, plastic storage boxes with dividers, Dimensions(L*W*H):440*370*70 mm\" \/>\n<meta property=\"og:url\" content=\"https:\/\/www.plastic-crates.com\/es\/product\/recipientes-de-plastico-con-separadores\/\" \/>\n<meta property=\"og:site_name\" content=\"plastic-crates.com\" \/>\n<meta property=\"article:modified_time\" content=\"2023-07-24T01:06:57+00:00\" \/>\n<meta property=\"og:image\" content=\"https:\/\/www.plastic-crates.com\/wp-content\/uploads\/2023\/07\/plastic-containers-with-dividers-1.jpeg\" \/>\n\t<meta property=\"og:image:width\" content=\"700\" \/>\n\t<meta property=\"og:image:height\" content=\"700\" \/>\n\t<meta property=\"og:image:type\" content=\"image\/jpeg\" \/>\n<meta name=\"twitter:card\" content=\"summary_large_image\" \/>\n<meta name=\"twitter:title\" content=\"bale arm container\" \/>\n<meta name=\"twitter:label1\" content=\"Tiempo de lectura\" \/>\n\t<meta name=\"twitter:data1\" content=\"1 minuto\" \/>\n<script type=\"application\/ld+json\" class=\"yoast-schema-graph\">{\"@context\":\"https:\/\/schema.org\",\"@graph\":[{\"@type\":\"WebPage\",\"@id\":\"https:\/\/www.plastic-crates.com\/product\/plastic-containers-with-dividers\/\",\"url\":\"https:\/\/www.plastic-crates.com\/product\/plastic-containers-with-dividers\/\",\"name\":\"Plastic containers with dividers wholesale & Factory Price\",\"isPartOf\":{\"@id\":\"https:\/\/www.plastic-crates.com\/#website\"},\"primaryImageOfPage\":{\"@id\":\"https:\/\/www.plastic-crates.com\/product\/plastic-containers-with-dividers\/#primaryimage\"},\"image\":{\"@id\":\"https:\/\/www.plastic-crates.com\/product\/plastic-containers-with-dividers\/#primaryimage\"},\"thumbnailUrl\":\"https:\/\/www.plastic-crates.com\/wp-content\/uploads\/2023\/07\/plastic-containers-with-dividers-1.jpeg\",\"datePublished\":\"2023-07-24T00:53:57+00:00\",\"dateModified\":\"2023-07-24T01:06:57+00:00\",\"description\":\"Wholesale Plastic containers with dividers, plastic storage boxes with dividers, Dimensions(L*W*H):440*370*70 mm\",\"breadcrumb\":{\"@id\":\"https:\/\/www.plastic-crates.com\/product\/plastic-containers-with-dividers\/#breadcrumb\"},\"inLanguage\":\"es\",\"potentialAction\":[{\"@type\":\"ReadAction\",\"target\":[\"https:\/\/www.plastic-crates.com\/product\/plastic-containers-with-dividers\/\"]}]},{\"@type\":\"ImageObject\",\"inLanguage\":\"es\",\"@id\":\"https:\/\/www.plastic-crates.com\/product\/plastic-containers-with-dividers\/#primaryimage\",\"url\":\"https:\/\/www.plastic-crates.com\/wp-content\/uploads\/2023\/07\/plastic-containers-with-dividers-1.jpeg\",\"contentUrl\":\"https:\/\/www.plastic-crates.com\/wp-content\/uploads\/2023\/07\/plastic-containers-with-dividers-1.jpeg\",\"width\":700,\"height\":700,\"caption\":\"plastic containers with dividers\"},{\"@type\":\"BreadcrumbList\",\"@id\":\"https:\/\/www.plastic-crates.com\/product\/plastic-containers-with-dividers\/#breadcrumb\",\"itemListElement\":[{\"@type\":\"ListItem\",\"position\":1,\"name\":\"Home\",\"item\":\"https:\/\/www.plastic-crates.com\/\"},{\"@type\":\"ListItem\",\"position\":2,\"name\":\"Products\",\"item\":\"https:\/\/www.plastic-crates.com\/shop\/\"},{\"@type\":\"ListItem\",\"position\":3,\"name\":\"Plastic containers with dividers\"}]},{\"@type\":\"WebSite\",\"@id\":\"https:\/\/www.plastic-crates.com\/#website\",\"url\":\"https:\/\/www.plastic-crates.com\/\",\"name\":\"plastic-crates.com\",\"description\":\"Leading plastic crates manufacturer in China\",\"potentialAction\":[{\"@type\":\"SearchAction\",\"target\":{\"@type\":\"EntryPoint\",\"urlTemplate\":\"https:\/\/www.plastic-crates.com\/?s={search_term_string}\"},\"query-input\":{\"@type\":\"PropertyValueSpecification\",\"valueRequired\":true,\"valueName\":\"search_term_string\"}}],\"inLanguage\":\"es\"}]}<\/script>\n<!-- \/ Yoast SEO plugin. -->","yoast_head_json":{"title":"Contenedores de pl\u00e1stico con divisores al por mayor y precio de f\u00e1brica","description":"Contenedores de pl\u00e1stico al por mayor con divisores, cajas de almacenamiento de pl\u00e1stico con divisores, Dimensiones (L * W * H): 440 * 370 * 70 mm","robots":{"index":"index","follow":"follow","max-snippet":"max-snippet:-1","max-image-preview":"max-image-preview:large","max-video-preview":"max-video-preview:-1"},"canonical":"https:\/\/www.plastic-crates.com\/es\/product\/recipientes-de-plastico-con-separadores\/","og_locale":"es_ES","og_type":"article","og_title":"bale arm container","og_description":"Wholesale Plastic containers with dividers, plastic storage boxes with dividers, Dimensions(L*W*H):440*370*70 mm","og_url":"https:\/\/www.plastic-crates.com\/es\/product\/recipientes-de-plastico-con-separadores\/","og_site_name":"plastic-crates.com","article_modified_time":"2023-07-24T01:06:57+00:00","og_image":[{"width":700,"height":700,"url":"https:\/\/www.plastic-crates.com\/wp-content\/uploads\/2023\/07\/plastic-containers-with-dividers-1.jpeg","type":"image\/jpeg"}],"twitter_card":"summary_large_image","twitter_title":"bale arm container","twitter_misc":{"Tiempo de lectura":"1 minuto"},"schema":{"@context":"https:\/\/schema.org","@graph":[{"@type":"WebPage","@id":"https:\/\/www.plastic-crates.com\/product\/plastic-containers-with-dividers\/","url":"https:\/\/www.plastic-crates.com\/product\/plastic-containers-with-dividers\/","name":"Contenedores de pl\u00e1stico con divisores al por mayor y precio de f\u00e1brica","isPartOf":{"@id":"https:\/\/www.plastic-crates.com\/#website"},"primaryImageOfPage":{"@id":"https:\/\/www.plastic-crates.com\/product\/plastic-containers-with-dividers\/#primaryimage"},"image":{"@id":"https:\/\/www.plastic-crates.com\/product\/plastic-containers-with-dividers\/#primaryimage"},"thumbnailUrl":"https:\/\/www.plastic-crates.com\/wp-content\/uploads\/2023\/07\/plastic-containers-with-dividers-1.jpeg","datePublished":"2023-07-24T00:53:57+00:00","dateModified":"2023-07-24T01:06:57+00:00","description":"Contenedores de pl\u00e1stico al por mayor con divisores, cajas de almacenamiento de pl\u00e1stico con divisores, Dimensiones (L * W * H): 440 * 370 * 70 mm","breadcrumb":{"@id":"https:\/\/www.plastic-crates.com\/product\/plastic-containers-with-dividers\/#breadcrumb"},"inLanguage":"es","potentialAction":[{"@type":"ReadAction","target":["https:\/\/www.plastic-crates.com\/product\/plastic-containers-with-dividers\/"]}]},{"@type":"ImageObject","inLanguage":"es","@id":"https:\/\/www.plastic-crates.com\/product\/plastic-containers-with-dividers\/#primaryimage","url":"https:\/\/www.plastic-crates.com\/wp-content\/uploads\/2023\/07\/plastic-containers-with-dividers-1.jpeg","contentUrl":"https:\/\/www.plastic-crates.com\/wp-content\/uploads\/2023\/07\/plastic-containers-with-dividers-1.jpeg","width":700,"height":700,"caption":"plastic containers with dividers"},{"@type":"BreadcrumbList","@id":"https:\/\/www.plastic-crates.com\/product\/plastic-containers-with-dividers\/#breadcrumb","itemListElement":[{"@type":"ListItem","position":1,"name":"Home","item":"https:\/\/www.plastic-crates.com\/"},{"@type":"ListItem","position":2,"name":"Products","item":"https:\/\/www.plastic-crates.com\/shop\/"},{"@type":"ListItem","position":3,"name":"Plastic containers with dividers"}]},{"@type":"WebSite","@id":"https:\/\/www.plastic-crates.com\/#website","url":"https:\/\/www.plastic-crates.com\/","name":"plastic-crates.com","description":"Fabricante l\u00edder de cajas de pl\u00e1stico en China","potentialAction":[{"@type":"SearchAction","target":{"@type":"EntryPoint","urlTemplate":"https:\/\/www.plastic-crates.com\/?s={search_term_string}"},"query-input":{"@type":"PropertyValueSpecification","valueRequired":true,"valueName":"search_term_string"}}],"inLanguage":"es"}]}},"_links":{"self":[{"href":"https:\/\/www.plastic-crates.com\/es\/wp-json\/wp\/v2\/product\/7259","targetHints":{"allow":["GET"]}}],"collection":[{"href":"https:\/\/www.plastic-crates.com\/es\/wp-json\/wp\/v2\/product"}],"about":[{"href":"https:\/\/www.plastic-crates.com\/es\/wp-json\/wp\/v2\/types\/product"}],"wp:featuredmedia":[{"embeddable":true,"href":"https:\/\/www.plastic-crates.com\/es\/wp-json\/wp\/v2\/media\/7260"}],"wp:attachment":[{"href":"https:\/\/www.plastic-crates.com\/es\/wp-json\/wp\/v2\/media?parent=7259"}],"wp:term":[{"taxonomy":"product_brand","embeddable":true,"href":"https:\/\/www.plastic-crates.com\/es\/wp-json\/wp\/v2\/product_brand?post=7259"},{"taxonomy":"product_cat","embeddable":true,"href":"https:\/\/www.plastic-crates.com\/es\/wp-json\/wp\/v2\/product_cat?post=7259"},{"taxonomy":"product_tag","embeddable":true,"href":"https:\/\/www.plastic-crates.com\/es\/wp-json\/wp\/v2\/product_tag?post=7259"}],"curies":[{"name":"gracias","href":"https:\/\/api.w.org\/{rel}","templated":true}]}}