{"id":7268,"date":"2023-10-29T14:41:52","date_gmt":"2023-10-29T14:41:52","guid":{"rendered":"https:\/\/www.plastic-crates.com\/?post_type=product&#038;p=7268"},"modified":"2023-10-29T14:41:57","modified_gmt":"2023-10-29T14:41:57","slug":"contenedores-de-plastico-transparente-de-12-l-caja-de-almacenamiento-transparente-con-asa","status":"publish","type":"product","link":"https:\/\/www.plastic-crates.com\/es\/product\/contenedores-de-plastico-transparente-de-12-l-caja-de-almacenamiento-transparente-con-asa\/","title":{"rendered":"Contenedores de pl\u00e1stico transparente de 12L, caja de almacenamiento transparente con asa"},"content":{"rendered":"<p>El dise\u00f1o transparente le permite ver el contenido sin tener que abrir la tapa, y un dise\u00f1o apilable facilita el uso de varios contenedores para un sistema de almacenamiento completo.<\/p>\n<h4>Caracter\u00edsticas de los contenedores de pl\u00e1stico transparente<\/h4>\n<ul>\n<li>Mantenga las salas de juegos, los dormitorios y los armarios organizados con estas cajas de almacenamiento.<\/li>\n<li>La base y la tapa de pl\u00e1stico transparente ayudan a identificar f\u00e1cilmente el contenido.<\/li>\n<li>El pestillo encaja f\u00e1cilmente en su lugar para asegurar los documentos.<\/li>\n<li>Apilable con otras cajas Stack &amp; Pull<\/li>\n<\/ul>\n<p>&nbsp;<\/p>\n<p><img loading=\"lazy\" decoding=\"async\" class=\"alignnone size-full wp-image-5038\" src=\"https:\/\/cdn.plastic-crates.com\/wp-content\/uploads\/2022\/08\/12L-clear-plastic-containers-detail-1.jpg\" alt=\"Detalle de contenedores de pl\u00e1stico transparente de 12L\" width=\"750\" height=\"1059\" \/><\/p>\n<p><img loading=\"lazy\" decoding=\"async\" class=\"alignnone size-full wp-image-5040\" src=\"https:\/\/cdn.plastic-crates.com\/wp-content\/uploads\/2022\/08\/12L-clear-plastic-containers-shipping.jpg\" alt=\"Detalle de env\u00edo de contenedores de pl\u00e1stico transparente de 12L\" width=\"750\" height=\"1039\" \/><\/p>","protected":false},"excerpt":{"rendered":"<p>El dise\u00f1o transparente le permite ver el contenido sin tener que abrir la tapa, y un dise\u00f1o apilable hace\u2026<\/p>","protected":false},"featured_media":7278,"template":"","meta":{"_acf_changed":false},"product_brand":[],"product_cat":[140],"product_tag":[],"class_list":{"0":"post-7268","1":"product","2":"type-product","3":"status-publish","4":"has-post-thumbnail","6":"product_cat-clear-plastic-totes","8":"first","9":"instock","10":"shipping-taxable","11":"product-type-simple"},"acf":[],"yoast_head":"<!-- This site is optimized with the Yoast SEO plugin v26.1.1 - https:\/\/yoast.com\/wordpress\/plugins\/seo\/ -->\n<title>12L clear plastic containers, clear storage box with handle - plastic-crates.com<\/title>\n<meta name=\"description\" content=\"Wholesale 12L clear plastic containers, clear storage box with handle, cheap clear storage totes supplier, clear plastic tote distributor\" \/>\n<meta name=\"robots\" content=\"index, follow, max-snippet:-1, max-image-preview:large, max-video-preview:-1\" \/>\n<link rel=\"canonical\" href=\"https:\/\/www.plastic-crates.com\/es\/product\/contenedores-de-plastico-transparente-de-12-l-caja-de-almacenamiento-transparente-con-asa\/\" \/>\n<meta property=\"og:locale\" content=\"es_ES\" \/>\n<meta property=\"og:type\" content=\"article\" \/>\n<meta property=\"og:title\" content=\"12L clear plastic containers, clear storage box with handle - plastic-crates.com\" \/>\n<meta property=\"og:description\" content=\"Wholesale 12L clear plastic containers, clear storage box with handle, cheap clear storage totes supplier, clear plastic tote distributor\" \/>\n<meta property=\"og:url\" content=\"https:\/\/www.plastic-crates.com\/es\/product\/contenedores-de-plastico-transparente-de-12-l-caja-de-almacenamiento-transparente-con-asa\/\" \/>\n<meta property=\"og:site_name\" content=\"plastic-crates.com\" \/>\n<meta property=\"article:modified_time\" content=\"2023-10-29T14:41:57+00:00\" \/>\n<meta property=\"og:image\" content=\"https:\/\/www.plastic-tote.com\/wp-content\/uploads\/2022\/07\/12L-clear-plastic-containers-detail-1.jpg\" \/>\n<meta name=\"twitter:card\" content=\"summary_large_image\" \/>\n<meta name=\"twitter:label1\" content=\"Tiempo de lectura\" \/>\n\t<meta name=\"twitter:data1\" content=\"1 minuto\" \/>\n<script type=\"application\/ld+json\" class=\"yoast-schema-graph\">{\"@context\":\"https:\/\/schema.org\",\"@graph\":[{\"@type\":\"WebPage\",\"@id\":\"https:\/\/www.plastic-crates.com\/product\/12l-clear-plastic-containers-clear-storage-box-with-handle\/\",\"url\":\"https:\/\/www.plastic-crates.com\/product\/12l-clear-plastic-containers-clear-storage-box-with-handle\/\",\"name\":\"12L clear plastic containers, clear storage box with handle - plastic-crates.com\",\"isPartOf\":{\"@id\":\"https:\/\/www.plastic-crates.com\/#website\"},\"primaryImageOfPage\":{\"@id\":\"https:\/\/www.plastic-crates.com\/product\/12l-clear-plastic-containers-clear-storage-box-with-handle\/#primaryimage\"},\"image\":{\"@id\":\"https:\/\/www.plastic-crates.com\/product\/12l-clear-plastic-containers-clear-storage-box-with-handle\/#primaryimage\"},\"thumbnailUrl\":\"https:\/\/www.plastic-crates.com\/wp-content\/uploads\/2023\/10\/12L-clear-plastic-containers-1.jpg\",\"datePublished\":\"2023-10-29T14:41:52+00:00\",\"dateModified\":\"2023-10-29T14:41:57+00:00\",\"description\":\"Wholesale 12L clear plastic containers, clear storage box with handle, cheap clear storage totes supplier, clear plastic tote distributor\",\"breadcrumb\":{\"@id\":\"https:\/\/www.plastic-crates.com\/product\/12l-clear-plastic-containers-clear-storage-box-with-handle\/#breadcrumb\"},\"inLanguage\":\"es\",\"potentialAction\":[{\"@type\":\"ReadAction\",\"target\":[\"https:\/\/www.plastic-crates.com\/product\/12l-clear-plastic-containers-clear-storage-box-with-handle\/\"]}]},{\"@type\":\"ImageObject\",\"inLanguage\":\"es\",\"@id\":\"https:\/\/www.plastic-crates.com\/product\/12l-clear-plastic-containers-clear-storage-box-with-handle\/#primaryimage\",\"url\":\"https:\/\/www.plastic-crates.com\/wp-content\/uploads\/2023\/10\/12L-clear-plastic-containers-1.jpg\",\"contentUrl\":\"https:\/\/www.plastic-crates.com\/wp-content\/uploads\/2023\/10\/12L-clear-plastic-containers-1.jpg\",\"width\":1000,\"height\":1000},{\"@type\":\"BreadcrumbList\",\"@id\":\"https:\/\/www.plastic-crates.com\/product\/12l-clear-plastic-containers-clear-storage-box-with-handle\/#breadcrumb\",\"itemListElement\":[{\"@type\":\"ListItem\",\"position\":1,\"name\":\"Home\",\"item\":\"https:\/\/www.plastic-crates.com\/\"},{\"@type\":\"ListItem\",\"position\":2,\"name\":\"Products\",\"item\":\"https:\/\/www.plastic-crates.com\/shop\/\"},{\"@type\":\"ListItem\",\"position\":3,\"name\":\"12L clear plastic containers, clear storage box with handle\"}]},{\"@type\":\"WebSite\",\"@id\":\"https:\/\/www.plastic-crates.com\/#website\",\"url\":\"https:\/\/www.plastic-crates.com\/\",\"name\":\"plastic-crates.com\",\"description\":\"Leading plastic crates manufacturer in China\",\"potentialAction\":[{\"@type\":\"SearchAction\",\"target\":{\"@type\":\"EntryPoint\",\"urlTemplate\":\"https:\/\/www.plastic-crates.com\/?s={search_term_string}\"},\"query-input\":{\"@type\":\"PropertyValueSpecification\",\"valueRequired\":true,\"valueName\":\"search_term_string\"}}],\"inLanguage\":\"es\"}]}<\/script>\n<!-- \/ Yoast SEO plugin. -->","yoast_head_json":{"title":"Contenedores de pl\u00e1stico transparente de 12 litros, caja de almacenamiento transparente con asa - plastic-crates.com","description":"Contenedores de pl\u00e1stico transparente de 12L al por mayor, caja de almacenamiento transparente con asa, proveedor de contenedores de almacenamiento transparentes baratos, distribuidor de contenedores de pl\u00e1stico transparente","robots":{"index":"index","follow":"follow","max-snippet":"max-snippet:-1","max-image-preview":"max-image-preview:large","max-video-preview":"max-video-preview:-1"},"canonical":"https:\/\/www.plastic-crates.com\/es\/product\/contenedores-de-plastico-transparente-de-12-l-caja-de-almacenamiento-transparente-con-asa\/","og_locale":"es_ES","og_type":"article","og_title":"12L clear plastic containers, clear storage box with handle - plastic-crates.com","og_description":"Wholesale 12L clear plastic containers, clear storage box with handle, cheap clear storage totes supplier, clear plastic tote distributor","og_url":"https:\/\/www.plastic-crates.com\/es\/product\/contenedores-de-plastico-transparente-de-12-l-caja-de-almacenamiento-transparente-con-asa\/","og_site_name":"plastic-crates.com","article_modified_time":"2023-10-29T14:41:57+00:00","og_image":[{"url":"https:\/\/www.plastic-tote.com\/wp-content\/uploads\/2022\/07\/12L-clear-plastic-containers-detail-1.jpg","type":"","width":"","height":""}],"twitter_card":"summary_large_image","twitter_misc":{"Tiempo de lectura":"1 minuto"},"schema":{"@context":"https:\/\/schema.org","@graph":[{"@type":"WebPage","@id":"https:\/\/www.plastic-crates.com\/product\/12l-clear-plastic-containers-clear-storage-box-with-handle\/","url":"https:\/\/www.plastic-crates.com\/product\/12l-clear-plastic-containers-clear-storage-box-with-handle\/","name":"Contenedores de pl\u00e1stico transparente de 12 litros, caja de almacenamiento transparente con asa - plastic-crates.com","isPartOf":{"@id":"https:\/\/www.plastic-crates.com\/#website"},"primaryImageOfPage":{"@id":"https:\/\/www.plastic-crates.com\/product\/12l-clear-plastic-containers-clear-storage-box-with-handle\/#primaryimage"},"image":{"@id":"https:\/\/www.plastic-crates.com\/product\/12l-clear-plastic-containers-clear-storage-box-with-handle\/#primaryimage"},"thumbnailUrl":"https:\/\/www.plastic-crates.com\/wp-content\/uploads\/2023\/10\/12L-clear-plastic-containers-1.jpg","datePublished":"2023-10-29T14:41:52+00:00","dateModified":"2023-10-29T14:41:57+00:00","description":"Contenedores de pl\u00e1stico transparente de 12L al por mayor, caja de almacenamiento transparente con asa, proveedor de contenedores de almacenamiento transparentes baratos, distribuidor de contenedores de pl\u00e1stico transparente","breadcrumb":{"@id":"https:\/\/www.plastic-crates.com\/product\/12l-clear-plastic-containers-clear-storage-box-with-handle\/#breadcrumb"},"inLanguage":"es","potentialAction":[{"@type":"ReadAction","target":["https:\/\/www.plastic-crates.com\/product\/12l-clear-plastic-containers-clear-storage-box-with-handle\/"]}]},{"@type":"ImageObject","inLanguage":"es","@id":"https:\/\/www.plastic-crates.com\/product\/12l-clear-plastic-containers-clear-storage-box-with-handle\/#primaryimage","url":"https:\/\/www.plastic-crates.com\/wp-content\/uploads\/2023\/10\/12L-clear-plastic-containers-1.jpg","contentUrl":"https:\/\/www.plastic-crates.com\/wp-content\/uploads\/2023\/10\/12L-clear-plastic-containers-1.jpg","width":1000,"height":1000},{"@type":"BreadcrumbList","@id":"https:\/\/www.plastic-crates.com\/product\/12l-clear-plastic-containers-clear-storage-box-with-handle\/#breadcrumb","itemListElement":[{"@type":"ListItem","position":1,"name":"Home","item":"https:\/\/www.plastic-crates.com\/"},{"@type":"ListItem","position":2,"name":"Products","item":"https:\/\/www.plastic-crates.com\/shop\/"},{"@type":"ListItem","position":3,"name":"12L clear plastic containers, clear storage box with handle"}]},{"@type":"WebSite","@id":"https:\/\/www.plastic-crates.com\/#website","url":"https:\/\/www.plastic-crates.com\/","name":"plastic-crates.com","description":"Fabricante l\u00edder de cajas de pl\u00e1stico en China","potentialAction":[{"@type":"SearchAction","target":{"@type":"EntryPoint","urlTemplate":"https:\/\/www.plastic-crates.com\/?s={search_term_string}"},"query-input":{"@type":"PropertyValueSpecification","valueRequired":true,"valueName":"search_term_string"}}],"inLanguage":"es"}]}},"_links":{"self":[{"href":"https:\/\/www.plastic-crates.com\/es\/wp-json\/wp\/v2\/product\/7268","targetHints":{"allow":["GET"]}}],"collection":[{"href":"https:\/\/www.plastic-crates.com\/es\/wp-json\/wp\/v2\/product"}],"about":[{"href":"https:\/\/www.plastic-crates.com\/es\/wp-json\/wp\/v2\/types\/product"}],"wp:featuredmedia":[{"embeddable":true,"href":"https:\/\/www.plastic-crates.com\/es\/wp-json\/wp\/v2\/media\/7278"}],"wp:attachment":[{"href":"https:\/\/www.plastic-crates.com\/es\/wp-json\/wp\/v2\/media?parent=7268"}],"wp:term":[{"taxonomy":"product_brand","embeddable":true,"href":"https:\/\/www.plastic-crates.com\/es\/wp-json\/wp\/v2\/product_brand?post=7268"},{"taxonomy":"product_cat","embeddable":true,"href":"https:\/\/www.plastic-crates.com\/es\/wp-json\/wp\/v2\/product_cat?post=7268"},{"taxonomy":"product_tag","embeddable":true,"href":"https:\/\/www.plastic-crates.com\/es\/wp-json\/wp\/v2\/product_tag?post=7268"}],"curies":[{"name":"gracias","href":"https:\/\/api.w.org\/{rel}","templated":true}]}}