{"id":7273,"date":"2023-10-29T14:41:53","date_gmt":"2023-10-29T14:41:53","guid":{"rendered":"https:\/\/www.plastic-crates.com\/?post_type=product&#038;p=7273"},"modified":"2025-01-15T04:37:28","modified_gmt":"2025-01-15T04:37:28","slug":"caja-de-almacenamiento-de-plastico-transparente-de-87-l-con-tapa-contenedor-grande","status":"publish","type":"product","link":"https:\/\/www.plastic-crates.com\/es\/product\/caja-de-almacenamiento-de-plastico-transparente-de-87-l-con-tapa-contenedor-grande\/","title":{"rendered":"Caja de almacenamiento transparente de 87 l con tapa, contenedores de almacenamiento de pl\u00e1stico transparente grandes"},"content":{"rendered":"<p>El dise\u00f1o transparente le permite ver el contenido sin tener que abrir la tapa, y un dise\u00f1o apilable facilita el uso de varios contenedores para un sistema de almacenamiento completo.<\/p>\n<h4>Caja de transporte transparente con tapa<\/h4>\n<ul>\n<li>Mantenga las salas de juegos, los dormitorios y los armarios organizados con estas cajas de almacenamiento.<\/li>\n<li>La base y la tapa de pl\u00e1stico transparente ayudan a identificar f\u00e1cilmente el contenido.<\/li>\n<li>El pestillo encaja f\u00e1cilmente en su lugar para asegurar los documentos.<\/li>\n<li>Apilable con otras cajas Stack &amp; Pull<\/li>\n<\/ul>\n<p><img loading=\"lazy\" decoding=\"async\" class=\"alignnone size-full wp-image-5038\" src=\"https:\/\/cdn.plastic-crates.com\/wp-content\/uploads\/2022\/08\/12L-clear-plastic-containers-detail-1.jpg\" alt=\"Detalle de contenedores de pl\u00e1stico transparente de 12L\" width=\"750\" height=\"1059\" \/><\/p>\n<div class=\"content content-eight\">\n<div class=\"content content-eight\">\n<div class=\"content content-eight\">\n<h3 id=\"text9\">20GP: 975 piezas<\/h3>\n<\/div>\n<div class=\"content content-nine\">\n<h3 id=\"text10\">40 GP: 2190 piezas<\/h3>\n<\/div>\n<div class=\"content content-ten\">\n<h3 id=\"text11\">40HQ: 2590 piezas<\/h3>\n<\/div>\n<\/div>\n<h3 id=\"text9\"><img loading=\"lazy\" decoding=\"async\" class=\"alignnone size-full wp-image-5040\" style=\"font-size: 16px;\" src=\"https:\/\/cdn.plastic-crates.com\/wp-content\/uploads\/2022\/08\/12L-clear-plastic-containers-shipping.jpg\" alt=\"Detalle de env\u00edo de contenedores de pl\u00e1stico transparente de 12L\" width=\"750\" height=\"1039\" \/><\/h3>\n<\/div>","protected":false},"excerpt":{"rendered":"<p><a href=\"https:\/\/www.dollymoving.com\/\">Plataforma rodante de servicio pesado<\/a>, <a href=\"https:\/\/www.plastic-crate.co.uk\/product-category\/supermarket-crates-bale-arm-crates\/\" target=\"_blank\" rel=\"noopener\">Cajas de supermercado en venta<\/a><\/p>","protected":false},"featured_media":7308,"template":"","meta":{"_acf_changed":false},"product_brand":[],"product_cat":[140],"product_tag":[],"class_list":{"0":"post-7273","1":"product","2":"type-product","3":"status-publish","4":"has-post-thumbnail","6":"product_cat-clear-plastic-totes","8":"first","9":"instock","10":"shipping-taxable","11":"product-type-simple"},"acf":[],"yoast_head":"<!-- This site is optimized with the Yoast SEO plugin v26.1.1 - https:\/\/yoast.com\/wordpress\/plugins\/seo\/ -->\n<title>87L clear tote box with lid, large clear plastic storage containers wholesale<\/title>\n<meta name=\"description\" content=\"Wholesale 87L clear tote box with lid, large clear plastic storage containers, Clear Plastic bins with Lids supplier.\" \/>\n<meta name=\"robots\" content=\"index, follow, max-snippet:-1, max-image-preview:large, max-video-preview:-1\" \/>\n<link rel=\"canonical\" href=\"https:\/\/www.plastic-crates.com\/es\/product\/caja-de-almacenamiento-de-plastico-transparente-de-87-l-con-tapa-contenedor-grande\/\" \/>\n<meta property=\"og:locale\" content=\"es_ES\" \/>\n<meta property=\"og:type\" content=\"article\" \/>\n<meta property=\"og:title\" content=\"87L clear tote box with lid, large clear plastic storage containers wholesale\" \/>\n<meta property=\"og:description\" content=\"Wholesale 87L clear tote box with lid, large clear plastic storage containers, Clear Plastic bins with Lids supplier.\" \/>\n<meta property=\"og:url\" content=\"https:\/\/www.plastic-crates.com\/es\/product\/caja-de-almacenamiento-de-plastico-transparente-de-87-l-con-tapa-contenedor-grande\/\" \/>\n<meta property=\"og:site_name\" content=\"plastic-crates.com\" \/>\n<meta property=\"article:modified_time\" content=\"2025-01-15T04:37:28+00:00\" \/>\n<meta property=\"og:image\" content=\"https:\/\/www.plastic-crates.com\/wp-content\/uploads\/2023\/10\/87L-clear-tote-box-with-lid-1.jpg\" \/>\n\t<meta property=\"og:image:width\" content=\"820\" \/>\n\t<meta property=\"og:image:height\" content=\"650\" \/>\n\t<meta property=\"og:image:type\" content=\"image\/jpeg\" \/>\n<meta name=\"twitter:card\" content=\"summary_large_image\" \/>\n<meta name=\"twitter:label1\" content=\"Tiempo de lectura\" \/>\n\t<meta name=\"twitter:data1\" content=\"1 minuto\" \/>\n<script type=\"application\/ld+json\" class=\"yoast-schema-graph\">{\"@context\":\"https:\/\/schema.org\",\"@graph\":[{\"@type\":\"WebPage\",\"@id\":\"https:\/\/www.plastic-crates.com\/product\/87l-clear-tote-box-with-lid-large-clear-plastic-storage-containers\/\",\"url\":\"https:\/\/www.plastic-crates.com\/product\/87l-clear-tote-box-with-lid-large-clear-plastic-storage-containers\/\",\"name\":\"87L clear tote box with lid, large clear plastic storage containers wholesale\",\"isPartOf\":{\"@id\":\"https:\/\/www.plastic-crates.com\/#website\"},\"primaryImageOfPage\":{\"@id\":\"https:\/\/www.plastic-crates.com\/product\/87l-clear-tote-box-with-lid-large-clear-plastic-storage-containers\/#primaryimage\"},\"image\":{\"@id\":\"https:\/\/www.plastic-crates.com\/product\/87l-clear-tote-box-with-lid-large-clear-plastic-storage-containers\/#primaryimage\"},\"thumbnailUrl\":\"https:\/\/www.plastic-crates.com\/wp-content\/uploads\/2023\/10\/87L-clear-tote-box-with-lid-1.jpg\",\"datePublished\":\"2023-10-29T14:41:53+00:00\",\"dateModified\":\"2025-01-15T04:37:28+00:00\",\"description\":\"Wholesale 87L clear tote box with lid, large clear plastic storage containers, Clear Plastic bins with Lids supplier.\",\"breadcrumb\":{\"@id\":\"https:\/\/www.plastic-crates.com\/product\/87l-clear-tote-box-with-lid-large-clear-plastic-storage-containers\/#breadcrumb\"},\"inLanguage\":\"es\",\"potentialAction\":[{\"@type\":\"ReadAction\",\"target\":[\"https:\/\/www.plastic-crates.com\/product\/87l-clear-tote-box-with-lid-large-clear-plastic-storage-containers\/\"]}]},{\"@type\":\"ImageObject\",\"inLanguage\":\"es\",\"@id\":\"https:\/\/www.plastic-crates.com\/product\/87l-clear-tote-box-with-lid-large-clear-plastic-storage-containers\/#primaryimage\",\"url\":\"https:\/\/www.plastic-crates.com\/wp-content\/uploads\/2023\/10\/87L-clear-tote-box-with-lid-1.jpg\",\"contentUrl\":\"https:\/\/www.plastic-crates.com\/wp-content\/uploads\/2023\/10\/87L-clear-tote-box-with-lid-1.jpg\",\"width\":820,\"height\":650},{\"@type\":\"BreadcrumbList\",\"@id\":\"https:\/\/www.plastic-crates.com\/product\/87l-clear-tote-box-with-lid-large-clear-plastic-storage-containers\/#breadcrumb\",\"itemListElement\":[{\"@type\":\"ListItem\",\"position\":1,\"name\":\"Home\",\"item\":\"https:\/\/www.plastic-crates.com\/\"},{\"@type\":\"ListItem\",\"position\":2,\"name\":\"Products\",\"item\":\"https:\/\/www.plastic-crates.com\/shop\/\"},{\"@type\":\"ListItem\",\"position\":3,\"name\":\"87L clear tote box with lid, large clear plastic storage containers\"}]},{\"@type\":\"WebSite\",\"@id\":\"https:\/\/www.plastic-crates.com\/#website\",\"url\":\"https:\/\/www.plastic-crates.com\/\",\"name\":\"plastic-crates.com\",\"description\":\"Leading plastic crates manufacturer in China\",\"potentialAction\":[{\"@type\":\"SearchAction\",\"target\":{\"@type\":\"EntryPoint\",\"urlTemplate\":\"https:\/\/www.plastic-crates.com\/?s={search_term_string}\"},\"query-input\":{\"@type\":\"PropertyValueSpecification\",\"valueRequired\":true,\"valueName\":\"search_term_string\"}}],\"inLanguage\":\"es\"}]}<\/script>\n<!-- \/ Yoast SEO plugin. -->","yoast_head_json":{"title":"Caja de almacenamiento transparente de 87 l con tapa, contenedores de almacenamiento de pl\u00e1stico transparente grandes al por mayor","description":"Proveedor de cajas de pl\u00e1stico transparente con tapa de 87L al por mayor, grandes contenedores de almacenamiento de pl\u00e1stico transparente, contenedores de pl\u00e1stico transparente con tapas.","robots":{"index":"index","follow":"follow","max-snippet":"max-snippet:-1","max-image-preview":"max-image-preview:large","max-video-preview":"max-video-preview:-1"},"canonical":"https:\/\/www.plastic-crates.com\/es\/product\/caja-de-almacenamiento-de-plastico-transparente-de-87-l-con-tapa-contenedor-grande\/","og_locale":"es_ES","og_type":"article","og_title":"87L clear tote box with lid, large clear plastic storage containers wholesale","og_description":"Wholesale 87L clear tote box with lid, large clear plastic storage containers, Clear Plastic bins with Lids supplier.","og_url":"https:\/\/www.plastic-crates.com\/es\/product\/caja-de-almacenamiento-de-plastico-transparente-de-87-l-con-tapa-contenedor-grande\/","og_site_name":"plastic-crates.com","article_modified_time":"2025-01-15T04:37:28+00:00","og_image":[{"width":820,"height":650,"url":"https:\/\/www.plastic-crates.com\/wp-content\/uploads\/2023\/10\/87L-clear-tote-box-with-lid-1.jpg","type":"image\/jpeg"}],"twitter_card":"summary_large_image","twitter_misc":{"Tiempo de lectura":"1 minuto"},"schema":{"@context":"https:\/\/schema.org","@graph":[{"@type":"WebPage","@id":"https:\/\/www.plastic-crates.com\/product\/87l-clear-tote-box-with-lid-large-clear-plastic-storage-containers\/","url":"https:\/\/www.plastic-crates.com\/product\/87l-clear-tote-box-with-lid-large-clear-plastic-storage-containers\/","name":"Caja de almacenamiento transparente de 87 l con tapa, contenedores de almacenamiento de pl\u00e1stico transparente grandes al por mayor","isPartOf":{"@id":"https:\/\/www.plastic-crates.com\/#website"},"primaryImageOfPage":{"@id":"https:\/\/www.plastic-crates.com\/product\/87l-clear-tote-box-with-lid-large-clear-plastic-storage-containers\/#primaryimage"},"image":{"@id":"https:\/\/www.plastic-crates.com\/product\/87l-clear-tote-box-with-lid-large-clear-plastic-storage-containers\/#primaryimage"},"thumbnailUrl":"https:\/\/www.plastic-crates.com\/wp-content\/uploads\/2023\/10\/87L-clear-tote-box-with-lid-1.jpg","datePublished":"2023-10-29T14:41:53+00:00","dateModified":"2025-01-15T04:37:28+00:00","description":"Proveedor de cajas de pl\u00e1stico transparente con tapa de 87L al por mayor, grandes contenedores de almacenamiento de pl\u00e1stico transparente, contenedores de pl\u00e1stico transparente con tapas.","breadcrumb":{"@id":"https:\/\/www.plastic-crates.com\/product\/87l-clear-tote-box-with-lid-large-clear-plastic-storage-containers\/#breadcrumb"},"inLanguage":"es","potentialAction":[{"@type":"ReadAction","target":["https:\/\/www.plastic-crates.com\/product\/87l-clear-tote-box-with-lid-large-clear-plastic-storage-containers\/"]}]},{"@type":"ImageObject","inLanguage":"es","@id":"https:\/\/www.plastic-crates.com\/product\/87l-clear-tote-box-with-lid-large-clear-plastic-storage-containers\/#primaryimage","url":"https:\/\/www.plastic-crates.com\/wp-content\/uploads\/2023\/10\/87L-clear-tote-box-with-lid-1.jpg","contentUrl":"https:\/\/www.plastic-crates.com\/wp-content\/uploads\/2023\/10\/87L-clear-tote-box-with-lid-1.jpg","width":820,"height":650},{"@type":"BreadcrumbList","@id":"https:\/\/www.plastic-crates.com\/product\/87l-clear-tote-box-with-lid-large-clear-plastic-storage-containers\/#breadcrumb","itemListElement":[{"@type":"ListItem","position":1,"name":"Home","item":"https:\/\/www.plastic-crates.com\/"},{"@type":"ListItem","position":2,"name":"Products","item":"https:\/\/www.plastic-crates.com\/shop\/"},{"@type":"ListItem","position":3,"name":"87L clear tote box with lid, large clear plastic storage containers"}]},{"@type":"WebSite","@id":"https:\/\/www.plastic-crates.com\/#website","url":"https:\/\/www.plastic-crates.com\/","name":"plastic-crates.com","description":"Fabricante l\u00edder de cajas de pl\u00e1stico en China","potentialAction":[{"@type":"SearchAction","target":{"@type":"EntryPoint","urlTemplate":"https:\/\/www.plastic-crates.com\/?s={search_term_string}"},"query-input":{"@type":"PropertyValueSpecification","valueRequired":true,"valueName":"search_term_string"}}],"inLanguage":"es"}]}},"_links":{"self":[{"href":"https:\/\/www.plastic-crates.com\/es\/wp-json\/wp\/v2\/product\/7273","targetHints":{"allow":["GET"]}}],"collection":[{"href":"https:\/\/www.plastic-crates.com\/es\/wp-json\/wp\/v2\/product"}],"about":[{"href":"https:\/\/www.plastic-crates.com\/es\/wp-json\/wp\/v2\/types\/product"}],"wp:featuredmedia":[{"embeddable":true,"href":"https:\/\/www.plastic-crates.com\/es\/wp-json\/wp\/v2\/media\/7308"}],"wp:attachment":[{"href":"https:\/\/www.plastic-crates.com\/es\/wp-json\/wp\/v2\/media?parent=7273"}],"wp:term":[{"taxonomy":"product_brand","embeddable":true,"href":"https:\/\/www.plastic-crates.com\/es\/wp-json\/wp\/v2\/product_brand?post=7273"},{"taxonomy":"product_cat","embeddable":true,"href":"https:\/\/www.plastic-crates.com\/es\/wp-json\/wp\/v2\/product_cat?post=7273"},{"taxonomy":"product_tag","embeddable":true,"href":"https:\/\/www.plastic-crates.com\/es\/wp-json\/wp\/v2\/product_tag?post=7273"}],"curies":[{"name":"gracias","href":"https:\/\/api.w.org\/{rel}","templated":true}]}}