{"id":7343,"date":"2023-11-26T07:59:05","date_gmt":"2023-11-26T07:59:05","guid":{"rendered":"https:\/\/www.plastic-crates.com\/?post_type=product&#038;p=7343"},"modified":"2023-11-26T08:19:13","modified_gmt":"2023-11-26T08:19:13","slug":"jardinera-jardineras-jardineras-para-jardin","status":"publish","type":"product","link":"https:\/\/www.plastic-crates.com\/es\/product\/jardinera-jardineras-jardineras-para-jardin\/","title":{"rendered":"Caja de jardiner\u00eda, jardineras para jard\u00edn"},"content":{"rendered":"<p>Presentando nuestro <strong>Caja de jardiner\u00eda<\/strong> \u2013 La fusi\u00f3n perfecta de estilo y funcionalidad para cultivar un jard\u00edn pr\u00f3spero al alcance de tu mano. Dise\u00f1adas para mejorar tu experiencia de jardiner\u00eda, estas jardineras ofrecen una soluci\u00f3n c\u00f3moda y est\u00e9ticamente agradable para cultivar hierbas, flores o verduras.<\/p>\n<p><strong>Construcci\u00f3n duradera<\/strong><\/p>\n<p>Estas jardineras est\u00e1n fabricadas con materiales sostenibles y resistentes a la intemperie y est\u00e1n dise\u00f1adas para soportar los elementos y, al mismo tiempo, mantener su integridad estructural. Su inversi\u00f3n en el jard\u00edn est\u00e1 protegida temporada tras temporada.<\/p>\n<p><strong>Dise\u00f1o personalizable<\/strong><\/p>\n<p>El dise\u00f1o modular permite configurar f\u00e1cilmente varias jardineras, lo que le permite crear un dise\u00f1o de jard\u00edn personalizado. Experimente con diferentes configuraciones para adaptarse a su espacio y preferencias est\u00e9ticas.<\/p>\n<p><strong>Drenaje incorporado<\/strong><\/p>\n<p>Cada caja viene equipada con un drenaje incorporado para evitar el riego excesivo y promover sistemas de ra\u00edces saludables. Dile adi\u00f3s al agua estancada y dale la bienvenida a plantas vibrantes y pr\u00f3speras.<\/p>\n<p><strong>Plantaci\u00f3n vers\u00e1til<\/strong><\/p>\n<p>Adecuadas para una variedad de plantas, desde hierbas culinarias hasta flores vibrantes o vegetales frescos, nuestras jardineras para plantar satisfacen sus aspiraciones de jardiner\u00eda. Cultive sus propios productos o cultive un para\u00edso floral floreciente: las posibilidades son infinitas.<\/p>\n<p>Solicitud:<\/p>\n<p><strong>jardinera para balc\u00f3n<\/strong><\/p>\n<p><strong><span data-spm-anchor-id=\"a2700.details.0.i89.49366eb2tVqa9e\">Caja de cultivo para jardineras<\/span><\/strong><\/p>\n<p>&nbsp;<\/p>\n<p><a href=\"https:\/\/www.plastic-crates.com\/es\/product-category\/contenedores-con-tapa\/\" target=\"_blank\" rel=\"noopener\">bolso flip top<\/a>, <a href=\"https:\/\/www.plastic-crate.co.uk\/product-category\/plastic-trays\/\" target=\"_blank\" rel=\"noopener\">fabricantes de bandejas de pl\u00e1stico personalizadas<\/a>,<a href=\"https:\/\/www.poolteststrip.com\/product-category\/ph-test-strips\/\" target=\"_blank\" rel=\"noopener\">Tiras de prueba para medir el nivel de pH<\/a><\/p>","protected":false},"excerpt":{"rendered":"<p>Presentamos nuestra jardinera de jard\u00edn: la fusi\u00f3n perfecta de estilo y funcionalidad para cultivar un jard\u00edn exuberante justo en\u2026<\/p>","protected":false},"featured_media":7348,"template":"","meta":{"_acf_changed":false},"product_brand":[],"product_cat":[68],"product_tag":[],"class_list":{"0":"post-7343","1":"product","2":"type-product","3":"status-publish","4":"has-post-thumbnail","6":"product_cat-uncategorized","8":"first","9":"instock","10":"shipping-taxable","11":"product-type-simple"},"acf":[],"yoast_head":"<!-- This site is optimized with the Yoast SEO plugin v26.1.1 - https:\/\/yoast.com\/wordpress\/plugins\/seo\/ -->\n<title>Garden planter box, planting boxes for garden - plastic-crates.com<\/title>\n<meta name=\"description\" content=\"Wholesale Garden planter box, planting boxes for garden, cheap planter boxes for gardensupplier, planting garden boxes distributor\" \/>\n<meta name=\"robots\" content=\"index, follow, max-snippet:-1, max-image-preview:large, max-video-preview:-1\" \/>\n<link rel=\"canonical\" href=\"https:\/\/www.plastic-crates.com\/es\/product\/jardinera-jardineras-jardineras-para-jardin\/\" \/>\n<meta property=\"og:locale\" content=\"es_ES\" \/>\n<meta property=\"og:type\" content=\"article\" \/>\n<meta property=\"og:title\" content=\"Garden planter box, planting boxes for garden - plastic-crates.com\" \/>\n<meta property=\"og:description\" content=\"Wholesale Garden planter box, planting boxes for garden, cheap planter boxes for gardensupplier, planting garden boxes distributor\" \/>\n<meta property=\"og:url\" content=\"https:\/\/www.plastic-crates.com\/es\/product\/jardinera-jardineras-jardineras-para-jardin\/\" \/>\n<meta property=\"og:site_name\" content=\"plastic-crates.com\" \/>\n<meta property=\"article:modified_time\" content=\"2023-11-26T08:19:13+00:00\" \/>\n<meta property=\"og:image\" content=\"https:\/\/www.plastic-crates.com\/wp-content\/uploads\/2023\/11\/garden-planter-box-5.jpeg\" \/>\n\t<meta property=\"og:image:width\" content=\"696\" \/>\n\t<meta property=\"og:image:height\" content=\"624\" \/>\n\t<meta property=\"og:image:type\" content=\"image\/jpeg\" \/>\n<meta name=\"twitter:card\" content=\"summary_large_image\" \/>\n<meta name=\"twitter:label1\" content=\"Tiempo de lectura\" \/>\n\t<meta name=\"twitter:data1\" content=\"1 minuto\" \/>\n<script type=\"application\/ld+json\" class=\"yoast-schema-graph\">{\"@context\":\"https:\/\/schema.org\",\"@graph\":[{\"@type\":\"WebPage\",\"@id\":\"https:\/\/www.plastic-crates.com\/product\/garden-planter-box-planting-boxes-for-garden\/\",\"url\":\"https:\/\/www.plastic-crates.com\/product\/garden-planter-box-planting-boxes-for-garden\/\",\"name\":\"Garden planter box, planting boxes for garden - plastic-crates.com\",\"isPartOf\":{\"@id\":\"https:\/\/www.plastic-crates.com\/#website\"},\"primaryImageOfPage\":{\"@id\":\"https:\/\/www.plastic-crates.com\/product\/garden-planter-box-planting-boxes-for-garden\/#primaryimage\"},\"image\":{\"@id\":\"https:\/\/www.plastic-crates.com\/product\/garden-planter-box-planting-boxes-for-garden\/#primaryimage\"},\"thumbnailUrl\":\"https:\/\/www.plastic-crates.com\/wp-content\/uploads\/2023\/11\/garden-planter-box-5.jpeg\",\"datePublished\":\"2023-11-26T07:59:05+00:00\",\"dateModified\":\"2023-11-26T08:19:13+00:00\",\"description\":\"Wholesale Garden planter box, planting boxes for garden, cheap planter boxes for gardensupplier, planting garden boxes distributor\",\"breadcrumb\":{\"@id\":\"https:\/\/www.plastic-crates.com\/product\/garden-planter-box-planting-boxes-for-garden\/#breadcrumb\"},\"inLanguage\":\"es\",\"potentialAction\":[{\"@type\":\"ReadAction\",\"target\":[\"https:\/\/www.plastic-crates.com\/product\/garden-planter-box-planting-boxes-for-garden\/\"]}]},{\"@type\":\"ImageObject\",\"inLanguage\":\"es\",\"@id\":\"https:\/\/www.plastic-crates.com\/product\/garden-planter-box-planting-boxes-for-garden\/#primaryimage\",\"url\":\"https:\/\/www.plastic-crates.com\/wp-content\/uploads\/2023\/11\/garden-planter-box-5.jpeg\",\"contentUrl\":\"https:\/\/www.plastic-crates.com\/wp-content\/uploads\/2023\/11\/garden-planter-box-5.jpeg\",\"width\":696,\"height\":624,\"caption\":\"planting boxes for garden\"},{\"@type\":\"BreadcrumbList\",\"@id\":\"https:\/\/www.plastic-crates.com\/product\/garden-planter-box-planting-boxes-for-garden\/#breadcrumb\",\"itemListElement\":[{\"@type\":\"ListItem\",\"position\":1,\"name\":\"Home\",\"item\":\"https:\/\/www.plastic-crates.com\/\"},{\"@type\":\"ListItem\",\"position\":2,\"name\":\"Products\",\"item\":\"https:\/\/www.plastic-crates.com\/shop\/\"},{\"@type\":\"ListItem\",\"position\":3,\"name\":\"Garden planter box, planting boxes for garden\"}]},{\"@type\":\"WebSite\",\"@id\":\"https:\/\/www.plastic-crates.com\/#website\",\"url\":\"https:\/\/www.plastic-crates.com\/\",\"name\":\"plastic-crates.com\",\"description\":\"Leading plastic crates manufacturer in China\",\"potentialAction\":[{\"@type\":\"SearchAction\",\"target\":{\"@type\":\"EntryPoint\",\"urlTemplate\":\"https:\/\/www.plastic-crates.com\/?s={search_term_string}\"},\"query-input\":{\"@type\":\"PropertyValueSpecification\",\"valueRequired\":true,\"valueName\":\"search_term_string\"}}],\"inLanguage\":\"es\"}]}<\/script>\n<!-- \/ Yoast SEO plugin. -->","yoast_head_json":{"title":"Cajas para jardineras, jardineras para jard\u00edn - plastic-crates.com","description":"Caja de jardiner\u00eda al por mayor, cajas de plantaci\u00f3n para jard\u00edn, proveedor de cajas de jardiner\u00eda baratas, distribuidor de cajas de plantaci\u00f3n para jard\u00edn","robots":{"index":"index","follow":"follow","max-snippet":"max-snippet:-1","max-image-preview":"max-image-preview:large","max-video-preview":"max-video-preview:-1"},"canonical":"https:\/\/www.plastic-crates.com\/es\/product\/jardinera-jardineras-jardineras-para-jardin\/","og_locale":"es_ES","og_type":"article","og_title":"Garden planter box, planting boxes for garden - plastic-crates.com","og_description":"Wholesale Garden planter box, planting boxes for garden, cheap planter boxes for gardensupplier, planting garden boxes distributor","og_url":"https:\/\/www.plastic-crates.com\/es\/product\/jardinera-jardineras-jardineras-para-jardin\/","og_site_name":"plastic-crates.com","article_modified_time":"2023-11-26T08:19:13+00:00","og_image":[{"width":696,"height":624,"url":"https:\/\/www.plastic-crates.com\/wp-content\/uploads\/2023\/11\/garden-planter-box-5.jpeg","type":"image\/jpeg"}],"twitter_card":"summary_large_image","twitter_misc":{"Tiempo de lectura":"1 minuto"},"schema":{"@context":"https:\/\/schema.org","@graph":[{"@type":"WebPage","@id":"https:\/\/www.plastic-crates.com\/product\/garden-planter-box-planting-boxes-for-garden\/","url":"https:\/\/www.plastic-crates.com\/product\/garden-planter-box-planting-boxes-for-garden\/","name":"Cajas para jardineras, jardineras para jard\u00edn - plastic-crates.com","isPartOf":{"@id":"https:\/\/www.plastic-crates.com\/#website"},"primaryImageOfPage":{"@id":"https:\/\/www.plastic-crates.com\/product\/garden-planter-box-planting-boxes-for-garden\/#primaryimage"},"image":{"@id":"https:\/\/www.plastic-crates.com\/product\/garden-planter-box-planting-boxes-for-garden\/#primaryimage"},"thumbnailUrl":"https:\/\/www.plastic-crates.com\/wp-content\/uploads\/2023\/11\/garden-planter-box-5.jpeg","datePublished":"2023-11-26T07:59:05+00:00","dateModified":"2023-11-26T08:19:13+00:00","description":"Caja de jardiner\u00eda al por mayor, cajas de plantaci\u00f3n para jard\u00edn, proveedor de cajas de jardiner\u00eda baratas, distribuidor de cajas de plantaci\u00f3n para jard\u00edn","breadcrumb":{"@id":"https:\/\/www.plastic-crates.com\/product\/garden-planter-box-planting-boxes-for-garden\/#breadcrumb"},"inLanguage":"es","potentialAction":[{"@type":"ReadAction","target":["https:\/\/www.plastic-crates.com\/product\/garden-planter-box-planting-boxes-for-garden\/"]}]},{"@type":"ImageObject","inLanguage":"es","@id":"https:\/\/www.plastic-crates.com\/product\/garden-planter-box-planting-boxes-for-garden\/#primaryimage","url":"https:\/\/www.plastic-crates.com\/wp-content\/uploads\/2023\/11\/garden-planter-box-5.jpeg","contentUrl":"https:\/\/www.plastic-crates.com\/wp-content\/uploads\/2023\/11\/garden-planter-box-5.jpeg","width":696,"height":624,"caption":"planting boxes for garden"},{"@type":"BreadcrumbList","@id":"https:\/\/www.plastic-crates.com\/product\/garden-planter-box-planting-boxes-for-garden\/#breadcrumb","itemListElement":[{"@type":"ListItem","position":1,"name":"Home","item":"https:\/\/www.plastic-crates.com\/"},{"@type":"ListItem","position":2,"name":"Products","item":"https:\/\/www.plastic-crates.com\/shop\/"},{"@type":"ListItem","position":3,"name":"Garden planter box, planting boxes for garden"}]},{"@type":"WebSite","@id":"https:\/\/www.plastic-crates.com\/#website","url":"https:\/\/www.plastic-crates.com\/","name":"plastic-crates.com","description":"Fabricante l\u00edder de cajas de pl\u00e1stico en China","potentialAction":[{"@type":"SearchAction","target":{"@type":"EntryPoint","urlTemplate":"https:\/\/www.plastic-crates.com\/?s={search_term_string}"},"query-input":{"@type":"PropertyValueSpecification","valueRequired":true,"valueName":"search_term_string"}}],"inLanguage":"es"}]}},"_links":{"self":[{"href":"https:\/\/www.plastic-crates.com\/es\/wp-json\/wp\/v2\/product\/7343","targetHints":{"allow":["GET"]}}],"collection":[{"href":"https:\/\/www.plastic-crates.com\/es\/wp-json\/wp\/v2\/product"}],"about":[{"href":"https:\/\/www.plastic-crates.com\/es\/wp-json\/wp\/v2\/types\/product"}],"wp:featuredmedia":[{"embeddable":true,"href":"https:\/\/www.plastic-crates.com\/es\/wp-json\/wp\/v2\/media\/7348"}],"wp:attachment":[{"href":"https:\/\/www.plastic-crates.com\/es\/wp-json\/wp\/v2\/media?parent=7343"}],"wp:term":[{"taxonomy":"product_brand","embeddable":true,"href":"https:\/\/www.plastic-crates.com\/es\/wp-json\/wp\/v2\/product_brand?post=7343"},{"taxonomy":"product_cat","embeddable":true,"href":"https:\/\/www.plastic-crates.com\/es\/wp-json\/wp\/v2\/product_cat?post=7343"},{"taxonomy":"product_tag","embeddable":true,"href":"https:\/\/www.plastic-crates.com\/es\/wp-json\/wp\/v2\/product_tag?post=7343"}],"curies":[{"name":"gracias","href":"https:\/\/api.w.org\/{rel}","templated":true}]}}