{"id":7349,"date":"2023-11-26T10:38:59","date_gmt":"2023-11-26T10:38:59","guid":{"rendered":"https:\/\/www.plastic-crates.com\/?post_type=product&#038;p=7349"},"modified":"2026-03-05T13:37:19","modified_gmt":"2026-03-05T13:37:19","slug":"paleta-de-contencion-de-derrames-paleta-de-contencion-de-derrames-de-tambor","status":"publish","type":"product","link":"https:\/\/www.plastic-crates.com\/es\/product\/paleta-de-contencion-de-derrames-paleta-de-contencion-de-derrames-de-tambor\/","title":{"rendered":"Paleta de contenci\u00f3n de derrames, paleta de contenci\u00f3n de derrames de bid\u00f3n"},"content":{"rendered":"<p>Presentamos nuestras paletas de contenci\u00f3n de derrames:<\/p>\n<p>La soluci\u00f3n definitiva para proteger su lugar de trabajo y el medio ambiente mediante la gesti\u00f3n y contenci\u00f3n eficaz de materiales peligrosos. Fabricados teniendo en cuenta la durabilidad y el cumplimiento normativo, estos pal\u00e9s proporcionan una defensa fiable contra derrames y fugas accidentales. Adecuados para bidones de aceite.<\/p>\n<div style=\"width: 1170px;\" class=\"wp-video\"><!--[if lt IE 9]><script>document.createElement('video');<\/script><![endif]-->\n<video class=\"wp-video-shortcode\" id=\"video-7349-1\" width=\"1170\" height=\"658\" preload=\"metadata\" controls=\"controls\"><source type=\"video\/mp4\" src=\"https:\/\/www.plastic-crates.com\/wp-content\/uploads\/2023\/11\/spill-containment-pallets.mp4?_=1\" \/><a href=\"https:\/\/www.plastic-crates.com\/wp-content\/uploads\/2023\/11\/spill-containment-pallets.mp4\">https:\/\/www.plastic-crates.com\/wp-content\/uploads\/2023\/11\/spill-containment-pallets.mp4<\/a><\/video><\/div>\n<p>&nbsp;<\/p>\n<h3>Dimensiones de los palets de contenci\u00f3n de derrames<\/h3>\n<p><img loading=\"lazy\" decoding=\"async\" class=\"alignnone size-full wp-image-7363\" src=\"https:\/\/www.plastic-crates.com\/wp-content\/uploads\/2023\/11\/oil-spill-pallet-two-types.jpeg\" alt=\"Dimensiones de la paleta de contenci\u00f3n de derrames de tambor\" width=\"750\" height=\"871\" srcset=\"https:\/\/www.plastic-crates.com\/wp-content\/uploads\/2023\/11\/oil-spill-pallet-two-types.jpeg 750w, https:\/\/www.plastic-crates.com\/wp-content\/uploads\/2023\/11\/oil-spill-pallet-two-types-258x300.jpeg 258w, https:\/\/www.plastic-crates.com\/wp-content\/uploads\/2023\/11\/oil-spill-pallet-two-types-600x697.jpeg 600w\" sizes=\"auto, (max-width: 750px) 100vw, 750px\" \/> <img loading=\"lazy\" decoding=\"async\" class=\"alignnone size-full wp-image-7362\" src=\"https:\/\/www.plastic-crates.com\/wp-content\/uploads\/2023\/11\/oil-spill-pallet-material.jpeg\" alt=\"Material de paletas de contenci\u00f3n de derrames de tambor\" width=\"750\" height=\"698\" srcset=\"https:\/\/www.plastic-crates.com\/wp-content\/uploads\/2023\/11\/oil-spill-pallet-material.jpeg 750w, https:\/\/www.plastic-crates.com\/wp-content\/uploads\/2023\/11\/oil-spill-pallet-material-300x279.jpeg 300w, https:\/\/www.plastic-crates.com\/wp-content\/uploads\/2023\/11\/oil-spill-pallet-material-600x558.jpeg 600w\" sizes=\"auto, (max-width: 750px) 100vw, 750px\" \/><\/p>\n<p><strong>Construcci\u00f3n robusta:<\/strong><\/p>\n<p>Nuestra tarima de contenci\u00f3n de derrames est\u00e1 fabricada con materiales de alta calidad y resistentes a los productos qu\u00edmicos para soportar los desaf\u00edos que plantean las sustancias peligrosas. El dise\u00f1o resistente garantiza durabilidad y longevidad en entornos industriales exigentes.<\/p>\n<p><strong>Dise\u00f1o modular:<\/strong><\/p>\n<p>El dise\u00f1o modular permite configurar los pallets de contenci\u00f3n de derrames en dise\u00f1os personalizados, adapt\u00e1ndose a los requisitos espec\u00edficos de su \u00e1rea de almacenamiento. Cree un sistema de contenci\u00f3n de derrames eficaz adaptado a sus necesidades operativas. <img loading=\"lazy\" decoding=\"async\" class=\"alignnone size-full wp-image-7361\" src=\"https:\/\/www.plastic-crates.com\/wp-content\/uploads\/2023\/11\/oil-spill-pallet-4-drum.jpeg\" alt=\"Paleta de contenci\u00f3n de derrames de bid\u00f3n 4 bidones\" width=\"750\" height=\"808\" srcset=\"https:\/\/www.plastic-crates.com\/wp-content\/uploads\/2023\/11\/oil-spill-pallet-4-drum.jpeg 750w, https:\/\/www.plastic-crates.com\/wp-content\/uploads\/2023\/11\/oil-spill-pallet-4-drum-278x300.jpeg 278w, https:\/\/www.plastic-crates.com\/wp-content\/uploads\/2023\/11\/oil-spill-pallet-4-drum-600x646.jpeg 600w\" sizes=\"auto, (max-width: 750px) 100vw, 750px\" \/> <img loading=\"lazy\" decoding=\"async\" class=\"alignnone size-full wp-image-7360\" src=\"https:\/\/www.plastic-crates.com\/wp-content\/uploads\/2023\/11\/oil-spill-containment-pallet-outfall.jpeg\" alt=\"Paleta de contenci\u00f3n de derrames de tambor\" width=\"750\" height=\"254\" srcset=\"https:\/\/www.plastic-crates.com\/wp-content\/uploads\/2023\/11\/oil-spill-containment-pallet-outfall.jpeg 750w, https:\/\/www.plastic-crates.com\/wp-content\/uploads\/2023\/11\/oil-spill-containment-pallet-outfall-300x102.jpeg 300w, https:\/\/www.plastic-crates.com\/wp-content\/uploads\/2023\/11\/oil-spill-containment-pallet-outfall-600x203.jpeg 600w\" sizes=\"auto, (max-width: 750px) 100vw, 750px\" \/> <img loading=\"lazy\" decoding=\"async\" class=\"alignnone size-full wp-image-7359\" src=\"https:\/\/www.plastic-crates.com\/wp-content\/uploads\/2023\/11\/oil-spill-containment-pallet-detail.jpeg\" alt=\"Detalle de la paleta de contenci\u00f3n de derrames de bid\u00f3n\" width=\"750\" height=\"503\" srcset=\"https:\/\/www.plastic-crates.com\/wp-content\/uploads\/2023\/11\/oil-spill-containment-pallet-detail.jpeg 750w, https:\/\/www.plastic-crates.com\/wp-content\/uploads\/2023\/11\/oil-spill-containment-pallet-detail-300x201.jpeg 300w, https:\/\/www.plastic-crates.com\/wp-content\/uploads\/2023\/11\/oil-spill-containment-pallet-detail-600x402.jpeg 600w\" sizes=\"auto, (max-width: 750px) 100vw, 750px\" \/><\/p>\n<p><strong>Contenci\u00f3n segura:<\/strong><\/p>\n<p>Equipadas con cubetas de contenci\u00f3n o rejillas, estas tarimas est\u00e1n dise\u00f1adas para capturar y retener los derrames, evitando que se propaguen y provoquen da\u00f1os ambientales. La contenci\u00f3n segura minimiza el riesgo de accidentes y facilita la limpieza.<\/p>\n<p>&nbsp;<\/p>\n<p>&nbsp;<\/p>\n<p><img loading=\"lazy\" decoding=\"async\" class=\"alignnone size-full wp-image-7358\" src=\"https:\/\/www.plastic-crates.com\/wp-content\/uploads\/2023\/11\/drum-spill-containment-pallet-show.jpeg\" alt=\"Paletas de contenci\u00f3n de derrames de tambor\" width=\"750\" height=\"1064\" srcset=\"https:\/\/www.plastic-crates.com\/wp-content\/uploads\/2023\/11\/drum-spill-containment-pallet-show.jpeg 750w, https:\/\/www.plastic-crates.com\/wp-content\/uploads\/2023\/11\/drum-spill-containment-pallet-show-211x300.jpeg 211w, https:\/\/www.plastic-crates.com\/wp-content\/uploads\/2023\/11\/drum-spill-containment-pallet-show-722x1024.jpeg 722w, https:\/\/www.plastic-crates.com\/wp-content\/uploads\/2023\/11\/drum-spill-containment-pallet-show-600x851.jpeg 600w\" sizes=\"auto, (max-width: 750px) 100vw, 750px\" \/><\/p>\n<p><strong>F\u00e1cil manejo:<\/strong><\/p>\n<p>Nuestros pal\u00e9s para contenci\u00f3n de derrames, que cuentan con bolsillos para montacargas u otras opciones de manipulaci\u00f3n, est\u00e1n dise\u00f1ados para facilitar el transporte y la maniobrabilidad, lo que facilita la colocaci\u00f3n, la reubicaci\u00f3n y el mantenimiento eficientes dentro de sus instalaciones.<\/p>\n<p><img loading=\"lazy\" decoding=\"async\" class=\"alignnone size-full wp-image-7357\" src=\"https:\/\/www.plastic-crates.com\/wp-content\/uploads\/2023\/11\/drum-spill-containment-pallet-nestable.jpeg\" alt=\"Contenci\u00f3n de derrames en tambor encajable\" width=\"750\" height=\"584\" srcset=\"https:\/\/www.plastic-crates.com\/wp-content\/uploads\/2023\/11\/drum-spill-containment-pallet-nestable.jpeg 750w, https:\/\/www.plastic-crates.com\/wp-content\/uploads\/2023\/11\/drum-spill-containment-pallet-nestable-300x234.jpeg 300w, https:\/\/www.plastic-crates.com\/wp-content\/uploads\/2023\/11\/drum-spill-containment-pallet-nestable-600x467.jpeg 600w\" sizes=\"auto, (max-width: 750px) 100vw, 750px\" \/><\/p>\n<p><a href=\"https:\/\/www.plastic-crates.com\/es\/product-category\/contenedores-con-tapa\/\" target=\"_blank\" rel=\"noopener\">contenedores con tapa<\/a>, <a href=\"https:\/\/www.plastic-crate.co.uk\/product-category\/plastic-trays\/\" target=\"_blank\" rel=\"noopener\">Bandeja de masa con tapa<\/a>,<a href=\"https:\/\/www.ph-teststrips.com\/product-category\/test-strips-for-water-hardness\/\" target=\"_blank\" rel=\"noopener\">tiras de prueba de dureza del agua<\/a><\/p>","protected":false},"excerpt":{"rendered":"<p>Introducing our Spill Containment Pallets: the ultimate solution for safeguarding your workplace and the environment by effectively managing and containing&hellip;<\/p>","protected":false},"featured_media":7350,"template":"","meta":{"_acf_changed":false},"product_brand":[],"product_cat":[155],"product_tag":[141],"class_list":{"0":"post-7349","1":"product","2":"type-product","3":"status-publish","4":"has-post-thumbnail","6":"product_cat-pallets-manufacturer","7":"product_tag-ibc-spill-containment-pallet","9":"first","10":"instock","11":"sale","12":"shipping-taxable","13":"purchasable","14":"product-type-simple"},"acf":[],"yoast_head":"<!-- This site is optimized with the Yoast SEO plugin v26.1.1 - https:\/\/yoast.com\/wordpress\/plugins\/seo\/ -->\n<title>Spill containment pallet, drum spill containment pallet - plastic-crates.com<\/title>\n<meta name=\"description\" content=\"Wholesale Spill containment pallet, drum spill containment pallets, cheap ibc spill containment pallet, Spill containment pallet for sale\" \/>\n<meta name=\"robots\" content=\"index, follow, max-snippet:-1, max-image-preview:large, max-video-preview:-1\" \/>\n<link rel=\"canonical\" href=\"https:\/\/www.plastic-crates.com\/es\/product\/paleta-de-contencion-de-derrames-paleta-de-contencion-de-derrames-de-tambor\/\" \/>\n<meta property=\"og:locale\" content=\"es_ES\" \/>\n<meta property=\"og:type\" content=\"article\" \/>\n<meta property=\"og:title\" content=\"Spill containment pallet, drum spill containment pallet - plastic-crates.com\" \/>\n<meta property=\"og:description\" content=\"Wholesale Spill containment pallet, drum spill containment pallets, cheap ibc spill containment pallet, Spill containment pallet for sale\" \/>\n<meta property=\"og:url\" content=\"https:\/\/www.plastic-crates.com\/es\/product\/paleta-de-contencion-de-derrames-paleta-de-contencion-de-derrames-de-tambor\/\" \/>\n<meta property=\"og:site_name\" content=\"plastic-crates.com\" \/>\n<meta property=\"article:modified_time\" content=\"2026-03-05T13:37:19+00:00\" \/>\n<meta property=\"og:image\" content=\"https:\/\/www.plastic-crates.com\/wp-content\/uploads\/2023\/11\/spill-containment-pallets-1.jpeg\" \/>\n\t<meta property=\"og:image:width\" content=\"800\" \/>\n\t<meta property=\"og:image:height\" content=\"800\" \/>\n\t<meta property=\"og:image:type\" content=\"image\/jpeg\" \/>\n<meta name=\"twitter:card\" content=\"summary_large_image\" \/>\n<meta name=\"twitter:label1\" content=\"Tiempo de lectura\" \/>\n\t<meta name=\"twitter:data1\" content=\"3 minutos\" \/>\n<script type=\"application\/ld+json\" class=\"yoast-schema-graph\">{\"@context\":\"https:\/\/schema.org\",\"@graph\":[{\"@type\":\"WebPage\",\"@id\":\"https:\/\/www.plastic-crates.com\/product\/spill-containment-pallet-drum-spill-containment-pallet\/\",\"url\":\"https:\/\/www.plastic-crates.com\/product\/spill-containment-pallet-drum-spill-containment-pallet\/\",\"name\":\"Spill containment pallet, drum spill containment pallet - plastic-crates.com\",\"isPartOf\":{\"@id\":\"https:\/\/www.plastic-crates.com\/#website\"},\"primaryImageOfPage\":{\"@id\":\"https:\/\/www.plastic-crates.com\/product\/spill-containment-pallet-drum-spill-containment-pallet\/#primaryimage\"},\"image\":{\"@id\":\"https:\/\/www.plastic-crates.com\/product\/spill-containment-pallet-drum-spill-containment-pallet\/#primaryimage\"},\"thumbnailUrl\":\"https:\/\/www.plastic-crates.com\/wp-content\/uploads\/2023\/11\/spill-containment-pallets-1.jpeg\",\"datePublished\":\"2023-11-26T10:38:59+00:00\",\"dateModified\":\"2026-03-05T13:37:19+00:00\",\"description\":\"Wholesale Spill containment pallet, drum spill containment pallets, cheap ibc spill containment pallet, Spill containment pallet for sale\",\"breadcrumb\":{\"@id\":\"https:\/\/www.plastic-crates.com\/product\/spill-containment-pallet-drum-spill-containment-pallet\/#breadcrumb\"},\"inLanguage\":\"es\",\"potentialAction\":[{\"@type\":\"ReadAction\",\"target\":[\"https:\/\/www.plastic-crates.com\/product\/spill-containment-pallet-drum-spill-containment-pallet\/\"]}]},{\"@type\":\"ImageObject\",\"inLanguage\":\"es\",\"@id\":\"https:\/\/www.plastic-crates.com\/product\/spill-containment-pallet-drum-spill-containment-pallet\/#primaryimage\",\"url\":\"https:\/\/www.plastic-crates.com\/wp-content\/uploads\/2023\/11\/spill-containment-pallets-1.jpeg\",\"contentUrl\":\"https:\/\/www.plastic-crates.com\/wp-content\/uploads\/2023\/11\/spill-containment-pallets-1.jpeg\",\"width\":800,\"height\":800,\"caption\":\"spill containment pallets\"},{\"@type\":\"BreadcrumbList\",\"@id\":\"https:\/\/www.plastic-crates.com\/product\/spill-containment-pallet-drum-spill-containment-pallet\/#breadcrumb\",\"itemListElement\":[{\"@type\":\"ListItem\",\"position\":1,\"name\":\"Home\",\"item\":\"https:\/\/www.plastic-crates.com\/\"},{\"@type\":\"ListItem\",\"position\":2,\"name\":\"Products\",\"item\":\"https:\/\/www.plastic-crates.com\/shop\/\"},{\"@type\":\"ListItem\",\"position\":3,\"name\":\"Spill containment pallet, drum spill containment pallet\"}]},{\"@type\":\"WebSite\",\"@id\":\"https:\/\/www.plastic-crates.com\/#website\",\"url\":\"https:\/\/www.plastic-crates.com\/\",\"name\":\"plastic-crates.com\",\"description\":\"Leading plastic crates manufacturer in China\",\"potentialAction\":[{\"@type\":\"SearchAction\",\"target\":{\"@type\":\"EntryPoint\",\"urlTemplate\":\"https:\/\/www.plastic-crates.com\/?s={search_term_string}\"},\"query-input\":{\"@type\":\"PropertyValueSpecification\",\"valueRequired\":true,\"valueName\":\"search_term_string\"}}],\"inLanguage\":\"es\"}]}<\/script>\n<!-- \/ Yoast SEO plugin. -->","yoast_head_json":{"title":"Paleta de contenci\u00f3n de derrames, paleta de contenci\u00f3n de derrames de bidones - plastic-crates.com","description":"Pal\u00e9s de contenci\u00f3n de derrames al por mayor, pal\u00e9s de contenci\u00f3n de derrames de tambor, pal\u00e9s de contenci\u00f3n de derrames de IBC baratos, pal\u00e9s de contenci\u00f3n de derrames a la venta","robots":{"index":"index","follow":"follow","max-snippet":"max-snippet:-1","max-image-preview":"max-image-preview:large","max-video-preview":"max-video-preview:-1"},"canonical":"https:\/\/www.plastic-crates.com\/es\/product\/paleta-de-contencion-de-derrames-paleta-de-contencion-de-derrames-de-tambor\/","og_locale":"es_ES","og_type":"article","og_title":"Spill containment pallet, drum spill containment pallet - plastic-crates.com","og_description":"Wholesale Spill containment pallet, drum spill containment pallets, cheap ibc spill containment pallet, Spill containment pallet for sale","og_url":"https:\/\/www.plastic-crates.com\/es\/product\/paleta-de-contencion-de-derrames-paleta-de-contencion-de-derrames-de-tambor\/","og_site_name":"plastic-crates.com","article_modified_time":"2026-03-05T13:37:19+00:00","og_image":[{"width":800,"height":800,"url":"https:\/\/www.plastic-crates.com\/wp-content\/uploads\/2023\/11\/spill-containment-pallets-1.jpeg","type":"image\/jpeg"}],"twitter_card":"summary_large_image","twitter_misc":{"Tiempo de lectura":"3 minutos"},"schema":{"@context":"https:\/\/schema.org","@graph":[{"@type":"WebPage","@id":"https:\/\/www.plastic-crates.com\/product\/spill-containment-pallet-drum-spill-containment-pallet\/","url":"https:\/\/www.plastic-crates.com\/product\/spill-containment-pallet-drum-spill-containment-pallet\/","name":"Paleta de contenci\u00f3n de derrames, paleta de contenci\u00f3n de derrames de bidones - plastic-crates.com","isPartOf":{"@id":"https:\/\/www.plastic-crates.com\/#website"},"primaryImageOfPage":{"@id":"https:\/\/www.plastic-crates.com\/product\/spill-containment-pallet-drum-spill-containment-pallet\/#primaryimage"},"image":{"@id":"https:\/\/www.plastic-crates.com\/product\/spill-containment-pallet-drum-spill-containment-pallet\/#primaryimage"},"thumbnailUrl":"https:\/\/www.plastic-crates.com\/wp-content\/uploads\/2023\/11\/spill-containment-pallets-1.jpeg","datePublished":"2023-11-26T10:38:59+00:00","dateModified":"2026-03-05T13:37:19+00:00","description":"Pal\u00e9s de contenci\u00f3n de derrames al por mayor, pal\u00e9s de contenci\u00f3n de derrames de tambor, pal\u00e9s de contenci\u00f3n de derrames de IBC baratos, pal\u00e9s de contenci\u00f3n de derrames a la venta","breadcrumb":{"@id":"https:\/\/www.plastic-crates.com\/product\/spill-containment-pallet-drum-spill-containment-pallet\/#breadcrumb"},"inLanguage":"es","potentialAction":[{"@type":"ReadAction","target":["https:\/\/www.plastic-crates.com\/product\/spill-containment-pallet-drum-spill-containment-pallet\/"]}]},{"@type":"ImageObject","inLanguage":"es","@id":"https:\/\/www.plastic-crates.com\/product\/spill-containment-pallet-drum-spill-containment-pallet\/#primaryimage","url":"https:\/\/www.plastic-crates.com\/wp-content\/uploads\/2023\/11\/spill-containment-pallets-1.jpeg","contentUrl":"https:\/\/www.plastic-crates.com\/wp-content\/uploads\/2023\/11\/spill-containment-pallets-1.jpeg","width":800,"height":800,"caption":"spill containment pallets"},{"@type":"BreadcrumbList","@id":"https:\/\/www.plastic-crates.com\/product\/spill-containment-pallet-drum-spill-containment-pallet\/#breadcrumb","itemListElement":[{"@type":"ListItem","position":1,"name":"Home","item":"https:\/\/www.plastic-crates.com\/"},{"@type":"ListItem","position":2,"name":"Products","item":"https:\/\/www.plastic-crates.com\/shop\/"},{"@type":"ListItem","position":3,"name":"Spill containment pallet, drum spill containment pallet"}]},{"@type":"WebSite","@id":"https:\/\/www.plastic-crates.com\/#website","url":"https:\/\/www.plastic-crates.com\/","name":"plastic-crates.com","description":"Fabricante l\u00edder de cajas de pl\u00e1stico en China","potentialAction":[{"@type":"SearchAction","target":{"@type":"EntryPoint","urlTemplate":"https:\/\/www.plastic-crates.com\/?s={search_term_string}"},"query-input":{"@type":"PropertyValueSpecification","valueRequired":true,"valueName":"search_term_string"}}],"inLanguage":"es"}]}},"_links":{"self":[{"href":"https:\/\/www.plastic-crates.com\/es\/wp-json\/wp\/v2\/product\/7349","targetHints":{"allow":["GET"]}}],"collection":[{"href":"https:\/\/www.plastic-crates.com\/es\/wp-json\/wp\/v2\/product"}],"about":[{"href":"https:\/\/www.plastic-crates.com\/es\/wp-json\/wp\/v2\/types\/product"}],"wp:featuredmedia":[{"embeddable":true,"href":"https:\/\/www.plastic-crates.com\/es\/wp-json\/wp\/v2\/media\/7350"}],"wp:attachment":[{"href":"https:\/\/www.plastic-crates.com\/es\/wp-json\/wp\/v2\/media?parent=7349"}],"wp:term":[{"taxonomy":"product_brand","embeddable":true,"href":"https:\/\/www.plastic-crates.com\/es\/wp-json\/wp\/v2\/product_brand?post=7349"},{"taxonomy":"product_cat","embeddable":true,"href":"https:\/\/www.plastic-crates.com\/es\/wp-json\/wp\/v2\/product_cat?post=7349"},{"taxonomy":"product_tag","embeddable":true,"href":"https:\/\/www.plastic-crates.com\/es\/wp-json\/wp\/v2\/product_tag?post=7349"}],"curies":[{"name":"gracias","href":"https:\/\/api.w.org\/{rel}","templated":true}]}}