{"id":7378,"date":"2024-10-28T00:44:59","date_gmt":"2024-10-28T00:44:59","guid":{"rendered":"https:\/\/www.plastic-crates.com\/?post_type=product&#038;p=7378"},"modified":"2026-03-05T21:11:26","modified_gmt":"2026-03-05T21:11:26","slug":"palet-de-plastico-de-gran-tamano-personalizado-3000x3000mm","status":"publish","type":"product","link":"https:\/\/www.plastic-crates.com\/es\/product\/palet-de-plastico-de-gran-tamano-personalizado-3000x3000mm\/","title":{"rendered":"Palet de pl\u00e1stico de gran tama\u00f1o personalizado 3000x3000mm"},"content":{"rendered":"<p>Los palets de pl\u00e1stico personalizados de gran tama\u00f1o son una excelente inversi\u00f3n para las empresas que necesitan transportar productos de gran tama\u00f1o de forma segura. Se pueden personalizar para adaptarse a los requisitos espec\u00edficos de diferentes empresas, lo que se traduce en una mayor eficiencia y ahorro de costes.<\/p>\n<p dir=\"auto\">Los pal\u00e9s de pl\u00e1stico han cambiado la forma de transportar y almacenar las mercanc\u00edas. Son una alternativa moderna y avanzada a los pal\u00e9s de madera tradicionales, que ofrecen muchos beneficios en t\u00e9rminos de durabilidad, higiene y sostenibilidad. Y ahora, con opciones de pal\u00e9s de pl\u00e1stico de gran tama\u00f1o personalizables, las empresas pueden optimizar su log\u00edstica para satisfacer sus necesidades espec\u00edficas.<\/p>\n<p dir=\"auto\">Una de estas opciones es el pal\u00e9 de pl\u00e1stico personalizado de gran tama\u00f1o, de 3000 x 3000 mm. Este tama\u00f1o es ideal para empresas que necesitan palets para transportar m\u00e1quinas, equipos o productos de gran tama\u00f1o. La personalizaci\u00f3n significa que el pal\u00e9 se puede adaptar a los requisitos espec\u00edficos de una empresa incorporando caracter\u00edsticas como la adici\u00f3n de soportes de varios niveles o superficies antideslizantes para garantizar la m\u00e1xima estabilidad.<\/p>\n<p><strong>Dise\u00f1o modular:<\/strong><\/p>\n<p>El dise\u00f1o modular permite configurar los pallets de contenci\u00f3n de derrames en dise\u00f1os personalizados, adapt\u00e1ndose a los requisitos espec\u00edficos de su \u00e1rea de almacenamiento. Cree un sistema de contenci\u00f3n de derrames eficaz adaptado a sus necesidades operativas.<\/p>\n<p><a href=\"https:\/\/www.plastic-crates.com\/es\/product-category\/contenedores-con-tapa\/\" target=\"_blank\" rel=\"noopener\">contenedores con tapa<\/a>, <a href=\"https:\/\/www.plastic-crate.co.uk\/product-category\/plastic-trays\/\" target=\"_blank\" rel=\"noopener\">Bandeja de masa con tapa<\/a>,<a href=\"https:\/\/www.ph-teststrips.com\/product-category\/salt-water-test-strips\/\" target=\"_blank\" rel=\"noopener\">water test strips manufacturer<\/a><\/p>","protected":false},"excerpt":{"rendered":"<p>Customized large size plastic pallets are an excellent investment for companies that need to transport large products safely and securely.&hellip;<\/p>","protected":false},"featured_media":7379,"template":"","meta":{"_acf_changed":false},"product_brand":[],"product_cat":[155],"product_tag":[141],"class_list":{"0":"post-7378","1":"product","2":"type-product","3":"status-publish","4":"has-post-thumbnail","6":"product_cat-pallets-manufacturer","7":"product_tag-ibc-spill-containment-pallet","9":"first","10":"instock","11":"shipping-taxable","12":"product-type-simple"},"acf":[],"yoast_head":"<!-- This site is optimized with the Yoast SEO plugin v26.1.1 - https:\/\/yoast.com\/wordpress\/plugins\/seo\/ -->\n<title>Customized large size plastic pallet 3000x3000mm - plastic-crates.com<\/title>\n<meta name=\"description\" content=\"Wholesale Customized large size plastic pallets are an excellent option to transport large products safely and securely.\" \/>\n<meta name=\"robots\" content=\"index, follow, max-snippet:-1, max-image-preview:large, max-video-preview:-1\" \/>\n<link rel=\"canonical\" href=\"https:\/\/www.plastic-crates.com\/es\/product\/palet-de-plastico-de-gran-tamano-personalizado-3000x3000mm\/\" \/>\n<meta property=\"og:locale\" content=\"es_ES\" \/>\n<meta property=\"og:type\" content=\"article\" \/>\n<meta property=\"og:title\" content=\"Customized large size plastic pallet 3000x3000mm - plastic-crates.com\" \/>\n<meta property=\"og:description\" content=\"Wholesale Customized large size plastic pallets are an excellent option to transport large products safely and securely.\" \/>\n<meta property=\"og:url\" content=\"https:\/\/www.plastic-crates.com\/es\/product\/palet-de-plastico-de-gran-tamano-personalizado-3000x3000mm\/\" \/>\n<meta property=\"og:site_name\" content=\"plastic-crates.com\" \/>\n<meta property=\"article:modified_time\" content=\"2026-03-05T21:11:26+00:00\" \/>\n<meta property=\"og:image\" content=\"https:\/\/www.plastic-crates.com\/wp-content\/uploads\/2024\/10\/large-size-3000x3000mm-special-custom-built-plastic-pallet.jpg\" \/>\n\t<meta property=\"og:image:width\" content=\"650\" \/>\n\t<meta property=\"og:image:height\" content=\"474\" \/>\n\t<meta property=\"og:image:type\" content=\"image\/jpeg\" \/>\n<meta name=\"twitter:card\" content=\"summary_large_image\" \/>\n<meta name=\"twitter:label1\" content=\"Tiempo de lectura\" \/>\n\t<meta name=\"twitter:data1\" content=\"2 minutos\" \/>\n<script type=\"application\/ld+json\" class=\"yoast-schema-graph\">{\"@context\":\"https:\/\/schema.org\",\"@graph\":[{\"@type\":\"WebPage\",\"@id\":\"https:\/\/www.plastic-crates.com\/product\/customized-large-size-plastic-pallet-3000x3000mm\/\",\"url\":\"https:\/\/www.plastic-crates.com\/product\/customized-large-size-plastic-pallet-3000x3000mm\/\",\"name\":\"Customized large size plastic pallet 3000x3000mm - plastic-crates.com\",\"isPartOf\":{\"@id\":\"https:\/\/www.plastic-crates.com\/#website\"},\"primaryImageOfPage\":{\"@id\":\"https:\/\/www.plastic-crates.com\/product\/customized-large-size-plastic-pallet-3000x3000mm\/#primaryimage\"},\"image\":{\"@id\":\"https:\/\/www.plastic-crates.com\/product\/customized-large-size-plastic-pallet-3000x3000mm\/#primaryimage\"},\"thumbnailUrl\":\"https:\/\/www.plastic-crates.com\/wp-content\/uploads\/2024\/10\/large-size-3000x3000mm-special-custom-built-plastic-pallet.jpg\",\"datePublished\":\"2024-10-28T00:44:59+00:00\",\"dateModified\":\"2026-03-05T21:11:26+00:00\",\"description\":\"Wholesale Customized large size plastic pallets are an excellent option to transport large products safely and securely.\",\"breadcrumb\":{\"@id\":\"https:\/\/www.plastic-crates.com\/product\/customized-large-size-plastic-pallet-3000x3000mm\/#breadcrumb\"},\"inLanguage\":\"es\",\"potentialAction\":[{\"@type\":\"ReadAction\",\"target\":[\"https:\/\/www.plastic-crates.com\/product\/customized-large-size-plastic-pallet-3000x3000mm\/\"]}]},{\"@type\":\"ImageObject\",\"inLanguage\":\"es\",\"@id\":\"https:\/\/www.plastic-crates.com\/product\/customized-large-size-plastic-pallet-3000x3000mm\/#primaryimage\",\"url\":\"https:\/\/www.plastic-crates.com\/wp-content\/uploads\/2024\/10\/large-size-3000x3000mm-special-custom-built-plastic-pallet.jpg\",\"contentUrl\":\"https:\/\/www.plastic-crates.com\/wp-content\/uploads\/2024\/10\/large-size-3000x3000mm-special-custom-built-plastic-pallet.jpg\",\"width\":650,\"height\":474,\"caption\":\"customized large size plastic pallet 3000x3000mm\"},{\"@type\":\"BreadcrumbList\",\"@id\":\"https:\/\/www.plastic-crates.com\/product\/customized-large-size-plastic-pallet-3000x3000mm\/#breadcrumb\",\"itemListElement\":[{\"@type\":\"ListItem\",\"position\":1,\"name\":\"Home\",\"item\":\"https:\/\/www.plastic-crates.com\/\"},{\"@type\":\"ListItem\",\"position\":2,\"name\":\"Products\",\"item\":\"https:\/\/www.plastic-crates.com\/shop\/\"},{\"@type\":\"ListItem\",\"position\":3,\"name\":\"Customized large size plastic pallet 3000x3000mm\"}]},{\"@type\":\"WebSite\",\"@id\":\"https:\/\/www.plastic-crates.com\/#website\",\"url\":\"https:\/\/www.plastic-crates.com\/\",\"name\":\"plastic-crates.com\",\"description\":\"Leading plastic crates manufacturer in China\",\"potentialAction\":[{\"@type\":\"SearchAction\",\"target\":{\"@type\":\"EntryPoint\",\"urlTemplate\":\"https:\/\/www.plastic-crates.com\/?s={search_term_string}\"},\"query-input\":{\"@type\":\"PropertyValueSpecification\",\"valueRequired\":true,\"valueName\":\"search_term_string\"}}],\"inLanguage\":\"es\"}]}<\/script>\n<!-- \/ Yoast SEO plugin. -->","yoast_head_json":{"title":"Palet de pl\u00e1stico personalizado de gran tama\u00f1o 3000x3000mm - plastic-crates.com","description":"Los pallets de pl\u00e1stico de gran tama\u00f1o personalizados al por mayor son una excelente opci\u00f3n para transportar productos de gran tama\u00f1o de forma segura.","robots":{"index":"index","follow":"follow","max-snippet":"max-snippet:-1","max-image-preview":"max-image-preview:large","max-video-preview":"max-video-preview:-1"},"canonical":"https:\/\/www.plastic-crates.com\/es\/product\/palet-de-plastico-de-gran-tamano-personalizado-3000x3000mm\/","og_locale":"es_ES","og_type":"article","og_title":"Customized large size plastic pallet 3000x3000mm - plastic-crates.com","og_description":"Wholesale Customized large size plastic pallets are an excellent option to transport large products safely and securely.","og_url":"https:\/\/www.plastic-crates.com\/es\/product\/palet-de-plastico-de-gran-tamano-personalizado-3000x3000mm\/","og_site_name":"plastic-crates.com","article_modified_time":"2026-03-05T21:11:26+00:00","og_image":[{"width":650,"height":474,"url":"https:\/\/www.plastic-crates.com\/wp-content\/uploads\/2024\/10\/large-size-3000x3000mm-special-custom-built-plastic-pallet.jpg","type":"image\/jpeg"}],"twitter_card":"summary_large_image","twitter_misc":{"Tiempo de lectura":"2 minutos"},"schema":{"@context":"https:\/\/schema.org","@graph":[{"@type":"WebPage","@id":"https:\/\/www.plastic-crates.com\/product\/customized-large-size-plastic-pallet-3000x3000mm\/","url":"https:\/\/www.plastic-crates.com\/product\/customized-large-size-plastic-pallet-3000x3000mm\/","name":"Palet de pl\u00e1stico personalizado de gran tama\u00f1o 3000x3000mm - plastic-crates.com","isPartOf":{"@id":"https:\/\/www.plastic-crates.com\/#website"},"primaryImageOfPage":{"@id":"https:\/\/www.plastic-crates.com\/product\/customized-large-size-plastic-pallet-3000x3000mm\/#primaryimage"},"image":{"@id":"https:\/\/www.plastic-crates.com\/product\/customized-large-size-plastic-pallet-3000x3000mm\/#primaryimage"},"thumbnailUrl":"https:\/\/www.plastic-crates.com\/wp-content\/uploads\/2024\/10\/large-size-3000x3000mm-special-custom-built-plastic-pallet.jpg","datePublished":"2024-10-28T00:44:59+00:00","dateModified":"2026-03-05T21:11:26+00:00","description":"Los pallets de pl\u00e1stico de gran tama\u00f1o personalizados al por mayor son una excelente opci\u00f3n para transportar productos de gran tama\u00f1o de forma segura.","breadcrumb":{"@id":"https:\/\/www.plastic-crates.com\/product\/customized-large-size-plastic-pallet-3000x3000mm\/#breadcrumb"},"inLanguage":"es","potentialAction":[{"@type":"ReadAction","target":["https:\/\/www.plastic-crates.com\/product\/customized-large-size-plastic-pallet-3000x3000mm\/"]}]},{"@type":"ImageObject","inLanguage":"es","@id":"https:\/\/www.plastic-crates.com\/product\/customized-large-size-plastic-pallet-3000x3000mm\/#primaryimage","url":"https:\/\/www.plastic-crates.com\/wp-content\/uploads\/2024\/10\/large-size-3000x3000mm-special-custom-built-plastic-pallet.jpg","contentUrl":"https:\/\/www.plastic-crates.com\/wp-content\/uploads\/2024\/10\/large-size-3000x3000mm-special-custom-built-plastic-pallet.jpg","width":650,"height":474,"caption":"customized large size plastic pallet 3000x3000mm"},{"@type":"BreadcrumbList","@id":"https:\/\/www.plastic-crates.com\/product\/customized-large-size-plastic-pallet-3000x3000mm\/#breadcrumb","itemListElement":[{"@type":"ListItem","position":1,"name":"Home","item":"https:\/\/www.plastic-crates.com\/"},{"@type":"ListItem","position":2,"name":"Products","item":"https:\/\/www.plastic-crates.com\/shop\/"},{"@type":"ListItem","position":3,"name":"Customized large size plastic pallet 3000x3000mm"}]},{"@type":"WebSite","@id":"https:\/\/www.plastic-crates.com\/#website","url":"https:\/\/www.plastic-crates.com\/","name":"plastic-crates.com","description":"Fabricante l\u00edder de cajas de pl\u00e1stico en China","potentialAction":[{"@type":"SearchAction","target":{"@type":"EntryPoint","urlTemplate":"https:\/\/www.plastic-crates.com\/?s={search_term_string}"},"query-input":{"@type":"PropertyValueSpecification","valueRequired":true,"valueName":"search_term_string"}}],"inLanguage":"es"}]}},"_links":{"self":[{"href":"https:\/\/www.plastic-crates.com\/es\/wp-json\/wp\/v2\/product\/7378","targetHints":{"allow":["GET"]}}],"collection":[{"href":"https:\/\/www.plastic-crates.com\/es\/wp-json\/wp\/v2\/product"}],"about":[{"href":"https:\/\/www.plastic-crates.com\/es\/wp-json\/wp\/v2\/types\/product"}],"wp:featuredmedia":[{"embeddable":true,"href":"https:\/\/www.plastic-crates.com\/es\/wp-json\/wp\/v2\/media\/7379"}],"wp:attachment":[{"href":"https:\/\/www.plastic-crates.com\/es\/wp-json\/wp\/v2\/media?parent=7378"}],"wp:term":[{"taxonomy":"product_brand","embeddable":true,"href":"https:\/\/www.plastic-crates.com\/es\/wp-json\/wp\/v2\/product_brand?post=7378"},{"taxonomy":"product_cat","embeddable":true,"href":"https:\/\/www.plastic-crates.com\/es\/wp-json\/wp\/v2\/product_cat?post=7378"},{"taxonomy":"product_tag","embeddable":true,"href":"https:\/\/www.plastic-crates.com\/es\/wp-json\/wp\/v2\/product_tag?post=7378"}],"curies":[{"name":"gracias","href":"https:\/\/api.w.org\/{rel}","templated":true}]}}