{"id":7389,"date":"2024-10-28T04:29:07","date_gmt":"2024-10-28T04:29:07","guid":{"rendered":"https:\/\/www.plastic-crates.com\/?post_type=product&#038;p=7389"},"modified":"2025-09-10T17:18:04","modified_gmt":"2025-09-10T17:18:04","slug":"bandejas-de-plastico-para-masa-bandeja-para-masa-de-pizza-con-tapa-453","status":"publish","type":"product","link":"https:\/\/www.plastic-crates.com\/es\/product\/bandejas-de-plastico-para-masa-bandeja-para-masa-de-pizza-con-tapa-453\/","title":{"rendered":"Bandejas de pl\u00e1stico para masa, bandeja para masa de pizza con tapa-453"},"content":{"rendered":"<p>Para un f\u00e1cil almacenamiento, esta bandeja de pl\u00e1stico para masa de pizza con tapa est\u00e1 dise\u00f1ada para apilarse de forma segura con otras cajas de tama\u00f1o similar. Simplemente combine cada bandeja de masa de pizza que compre con las tapas compatibles para obtener las condiciones perfectas para almacenar su masa casera. Perfecta para una panader\u00eda o una tienda de s\u00e1ndwiches.<\/p>\n<div style=\"width: 960px;\" class=\"wp-video\"><!--[if lt IE 9]><script>document.createElement('video');<\/script><![endif]-->\n<video class=\"wp-video-shortcode\" id=\"video-7389-1\" width=\"960\" height=\"540\" preload=\"metadata\" controls=\"controls\"><source type=\"video\/mp4\" src=\"https:\/\/www.plastic-crate.co.uk\/wp-content\/uploads\/2022\/04\/dough-tray-with-lid.mp4?_=1\" \/><a href=\"https:\/\/www.plastic-crate.co.uk\/wp-content\/uploads\/2022\/04\/dough-tray-with-lid.mp4\">https:\/\/www.plastic-crate.co.uk\/wp-content\/uploads\/2022\/04\/dough-tray-with-lid.mp4<\/a><\/video><\/div>\n<p><img loading=\"lazy\" decoding=\"async\" class=\"alignnone wp-image-6099 size-full\" src=\"https:\/\/www.plastic-crate.co.uk\/wp-content\/uploads\/2022\/04\/pizza-dough-tray-with-lid-food-grade.jpg\" alt=\"Bandeja para masa de pizza con tapa de calidad alimentaria\" width=\"750\" height=\"956\" \/><img loading=\"lazy\" decoding=\"async\" class=\"alignnone wp-image-6100 size-full\" src=\"https:\/\/www.plastic-crate.co.uk\/wp-content\/uploads\/2022\/04\/pizza-dough-tray-with-lid-application.jpg\" alt=\"Bandeja para masa de pizza con tapa de aplicaci\u00f3n\" width=\"750\" height=\"776\" \/><\/p>\n<p><a href=\"https:\/\/www.plastic-crate.co.uk\/product-category\/plastic-milk-crates\/\">cajas de leche en venta<\/a>, <a href=\"https:\/\/www.plastic-crate.co.uk\/product-category\/supermarket-crates-bale-arm-crates\/\">cajas con brazos para pacas<\/a>, <a href=\"https:\/\/www.plastic-crates.com\/es\/product-category\/contenedores-con-tapa\/\" target=\"_blank\" rel=\"noopener\">Contenedores de pl\u00e1stico con tapa adjunta<\/a><\/p>","protected":false},"excerpt":{"rendered":"<p>Para un f\u00e1cil almacenamiento, esta bandeja de masa de pizza de pl\u00e1stico con tapa est\u00e1 dise\u00f1ada para apilarse de forma segura con otras cajas de tama\u00f1o similar.<\/p>","protected":false},"featured_media":7418,"template":"","meta":{"_acf_changed":false},"product_brand":[],"product_cat":[144],"product_tag":[152],"class_list":{"0":"post-7389","1":"product","2":"type-product","3":"status-publish","4":"has-post-thumbnail","6":"product_cat-plastic-trays-wholesale","7":"product_tag-pizza-dough-proofing-box","9":"first","10":"instock","11":"product-type-simple"},"acf":[],"yoast_head":"<!-- This site is optimized with the Yoast SEO plugin v26.1.1 - https:\/\/yoast.com\/wordpress\/plugins\/seo\/ -->\n<title>Plastic dough trays, pizza dough tray with lid Wholesale<\/title>\n<meta name=\"description\" content=\"Plastic dough trays, pizza dough tray with lid at wholesale prices, OEM &amp; ODM service available, perfect for bakery or a sandwich shop\" \/>\n<meta name=\"robots\" content=\"index, follow, max-snippet:-1, max-image-preview:large, max-video-preview:-1\" \/>\n<link rel=\"canonical\" href=\"https:\/\/www.plastic-crates.com\/es\/product\/bandejas-de-plastico-para-masa-bandeja-para-masa-de-pizza-con-tapa-453\/\" \/>\n<meta property=\"og:locale\" content=\"es_ES\" \/>\n<meta property=\"og:type\" content=\"article\" \/>\n<meta property=\"og:title\" content=\"stackable folding crate, High Quality stackable folding crate Wholesale\" \/>\n<meta property=\"og:description\" content=\"Plastic dough trays, pizza dough tray with lid at wholesale prices, OEM &amp; ODM service available, perfect for bakery or a sandwich shop\" \/>\n<meta property=\"og:url\" content=\"https:\/\/www.plastic-crates.com\/es\/product\/bandejas-de-plastico-para-masa-bandeja-para-masa-de-pizza-con-tapa-453\/\" \/>\n<meta property=\"og:site_name\" content=\"plastic-crates.com\" \/>\n<meta property=\"article:modified_time\" content=\"2025-09-10T17:18:04+00:00\" \/>\n<meta property=\"og:image\" content=\"https:\/\/www.plastic-crates.com\/wp-content\/uploads\/2024\/10\/dough-tray-with-lid-6.png\" \/>\n\t<meta property=\"og:image:width\" content=\"801\" \/>\n\t<meta property=\"og:image:height\" content=\"469\" \/>\n\t<meta property=\"og:image:type\" content=\"image\/png\" \/>\n<meta name=\"twitter:card\" content=\"summary_large_image\" \/>\n<meta name=\"twitter:title\" content=\"stackable folding crate, High Quality stackable folding crate Wholesale\" \/>\n<meta name=\"twitter:label1\" content=\"Tiempo de lectura\" \/>\n\t<meta name=\"twitter:data1\" content=\"1 minuto\" \/>\n<script type=\"application\/ld+json\" class=\"yoast-schema-graph\">{\"@context\":\"https:\/\/schema.org\",\"@graph\":[{\"@type\":\"WebPage\",\"@id\":\"https:\/\/www.plastic-crates.com\/product\/plastic-dough-trays-pizza-dough-tray-with-lid-453\/\",\"url\":\"https:\/\/www.plastic-crates.com\/product\/plastic-dough-trays-pizza-dough-tray-with-lid-453\/\",\"name\":\"Plastic dough trays, pizza dough tray with lid Wholesale\",\"isPartOf\":{\"@id\":\"https:\/\/www.plastic-crates.com\/#website\"},\"primaryImageOfPage\":{\"@id\":\"https:\/\/www.plastic-crates.com\/product\/plastic-dough-trays-pizza-dough-tray-with-lid-453\/#primaryimage\"},\"image\":{\"@id\":\"https:\/\/www.plastic-crates.com\/product\/plastic-dough-trays-pizza-dough-tray-with-lid-453\/#primaryimage\"},\"thumbnailUrl\":\"https:\/\/www.plastic-crates.com\/wp-content\/uploads\/2024\/10\/dough-tray-with-lid-6.png\",\"datePublished\":\"2024-10-28T04:29:07+00:00\",\"dateModified\":\"2025-09-10T17:18:04+00:00\",\"description\":\"Plastic dough trays, pizza dough tray with lid at wholesale prices, OEM & ODM service available, perfect for bakery or a sandwich shop\",\"breadcrumb\":{\"@id\":\"https:\/\/www.plastic-crates.com\/product\/plastic-dough-trays-pizza-dough-tray-with-lid-453\/#breadcrumb\"},\"inLanguage\":\"es\",\"potentialAction\":[{\"@type\":\"ReadAction\",\"target\":[\"https:\/\/www.plastic-crates.com\/product\/plastic-dough-trays-pizza-dough-tray-with-lid-453\/\"]}]},{\"@type\":\"ImageObject\",\"inLanguage\":\"es\",\"@id\":\"https:\/\/www.plastic-crates.com\/product\/plastic-dough-trays-pizza-dough-tray-with-lid-453\/#primaryimage\",\"url\":\"https:\/\/www.plastic-crates.com\/wp-content\/uploads\/2024\/10\/dough-tray-with-lid-6.png\",\"contentUrl\":\"https:\/\/www.plastic-crates.com\/wp-content\/uploads\/2024\/10\/dough-tray-with-lid-6.png\",\"width\":801,\"height\":469},{\"@type\":\"BreadcrumbList\",\"@id\":\"https:\/\/www.plastic-crates.com\/product\/plastic-dough-trays-pizza-dough-tray-with-lid-453\/#breadcrumb\",\"itemListElement\":[{\"@type\":\"ListItem\",\"position\":1,\"name\":\"Home\",\"item\":\"https:\/\/www.plastic-crates.com\/\"},{\"@type\":\"ListItem\",\"position\":2,\"name\":\"Products\",\"item\":\"https:\/\/www.plastic-crates.com\/shop\/\"},{\"@type\":\"ListItem\",\"position\":3,\"name\":\"Plastic dough trays, pizza dough tray with lid-453\"}]},{\"@type\":\"WebSite\",\"@id\":\"https:\/\/www.plastic-crates.com\/#website\",\"url\":\"https:\/\/www.plastic-crates.com\/\",\"name\":\"plastic-crates.com\",\"description\":\"Leading plastic crates manufacturer in China\",\"potentialAction\":[{\"@type\":\"SearchAction\",\"target\":{\"@type\":\"EntryPoint\",\"urlTemplate\":\"https:\/\/www.plastic-crates.com\/?s={search_term_string}\"},\"query-input\":{\"@type\":\"PropertyValueSpecification\",\"valueRequired\":true,\"valueName\":\"search_term_string\"}}],\"inLanguage\":\"es\"}]}<\/script>\n<!-- \/ Yoast SEO plugin. -->","yoast_head_json":{"title":"Bandejas de masa de pl\u00e1stico, bandeja de masa de pizza con tapa Venta al por mayor","description":"Bandejas de masa de pl\u00e1stico, bandejas de masa de pizza con tapa a precios de mayorista, servicio OEM y ODM disponible, perfectas para panader\u00edas o tiendas de s\u00e1ndwiches.","robots":{"index":"index","follow":"follow","max-snippet":"max-snippet:-1","max-image-preview":"max-image-preview:large","max-video-preview":"max-video-preview:-1"},"canonical":"https:\/\/www.plastic-crates.com\/es\/product\/bandejas-de-plastico-para-masa-bandeja-para-masa-de-pizza-con-tapa-453\/","og_locale":"es_ES","og_type":"article","og_title":"stackable folding crate, High Quality stackable folding crate Wholesale","og_description":"Plastic dough trays, pizza dough tray with lid at wholesale prices, OEM & ODM service available, perfect for bakery or a sandwich shop","og_url":"https:\/\/www.plastic-crates.com\/es\/product\/bandejas-de-plastico-para-masa-bandeja-para-masa-de-pizza-con-tapa-453\/","og_site_name":"plastic-crates.com","article_modified_time":"2025-09-10T17:18:04+00:00","og_image":[{"width":801,"height":469,"url":"https:\/\/www.plastic-crates.com\/wp-content\/uploads\/2024\/10\/dough-tray-with-lid-6.png","type":"image\/png"}],"twitter_card":"summary_large_image","twitter_title":"stackable folding crate, High Quality stackable folding crate Wholesale","twitter_misc":{"Tiempo de lectura":"1 minuto"},"schema":{"@context":"https:\/\/schema.org","@graph":[{"@type":"WebPage","@id":"https:\/\/www.plastic-crates.com\/product\/plastic-dough-trays-pizza-dough-tray-with-lid-453\/","url":"https:\/\/www.plastic-crates.com\/product\/plastic-dough-trays-pizza-dough-tray-with-lid-453\/","name":"Bandejas de masa de pl\u00e1stico, bandeja de masa de pizza con tapa Venta al por mayor","isPartOf":{"@id":"https:\/\/www.plastic-crates.com\/#website"},"primaryImageOfPage":{"@id":"https:\/\/www.plastic-crates.com\/product\/plastic-dough-trays-pizza-dough-tray-with-lid-453\/#primaryimage"},"image":{"@id":"https:\/\/www.plastic-crates.com\/product\/plastic-dough-trays-pizza-dough-tray-with-lid-453\/#primaryimage"},"thumbnailUrl":"https:\/\/www.plastic-crates.com\/wp-content\/uploads\/2024\/10\/dough-tray-with-lid-6.png","datePublished":"2024-10-28T04:29:07+00:00","dateModified":"2025-09-10T17:18:04+00:00","description":"Bandejas de masa de pl\u00e1stico, bandejas de masa de pizza con tapa a precios de mayorista, servicio OEM y ODM disponible, perfectas para panader\u00edas o tiendas de s\u00e1ndwiches.","breadcrumb":{"@id":"https:\/\/www.plastic-crates.com\/product\/plastic-dough-trays-pizza-dough-tray-with-lid-453\/#breadcrumb"},"inLanguage":"es","potentialAction":[{"@type":"ReadAction","target":["https:\/\/www.plastic-crates.com\/product\/plastic-dough-trays-pizza-dough-tray-with-lid-453\/"]}]},{"@type":"ImageObject","inLanguage":"es","@id":"https:\/\/www.plastic-crates.com\/product\/plastic-dough-trays-pizza-dough-tray-with-lid-453\/#primaryimage","url":"https:\/\/www.plastic-crates.com\/wp-content\/uploads\/2024\/10\/dough-tray-with-lid-6.png","contentUrl":"https:\/\/www.plastic-crates.com\/wp-content\/uploads\/2024\/10\/dough-tray-with-lid-6.png","width":801,"height":469},{"@type":"BreadcrumbList","@id":"https:\/\/www.plastic-crates.com\/product\/plastic-dough-trays-pizza-dough-tray-with-lid-453\/#breadcrumb","itemListElement":[{"@type":"ListItem","position":1,"name":"Home","item":"https:\/\/www.plastic-crates.com\/"},{"@type":"ListItem","position":2,"name":"Products","item":"https:\/\/www.plastic-crates.com\/shop\/"},{"@type":"ListItem","position":3,"name":"Plastic dough trays, pizza dough tray with lid-453"}]},{"@type":"WebSite","@id":"https:\/\/www.plastic-crates.com\/#website","url":"https:\/\/www.plastic-crates.com\/","name":"plastic-crates.com","description":"Fabricante l\u00edder de cajas de pl\u00e1stico en China","potentialAction":[{"@type":"SearchAction","target":{"@type":"EntryPoint","urlTemplate":"https:\/\/www.plastic-crates.com\/?s={search_term_string}"},"query-input":{"@type":"PropertyValueSpecification","valueRequired":true,"valueName":"search_term_string"}}],"inLanguage":"es"}]}},"_links":{"self":[{"href":"https:\/\/www.plastic-crates.com\/es\/wp-json\/wp\/v2\/product\/7389","targetHints":{"allow":["GET"]}}],"collection":[{"href":"https:\/\/www.plastic-crates.com\/es\/wp-json\/wp\/v2\/product"}],"about":[{"href":"https:\/\/www.plastic-crates.com\/es\/wp-json\/wp\/v2\/types\/product"}],"wp:featuredmedia":[{"embeddable":true,"href":"https:\/\/www.plastic-crates.com\/es\/wp-json\/wp\/v2\/media\/7418"}],"wp:attachment":[{"href":"https:\/\/www.plastic-crates.com\/es\/wp-json\/wp\/v2\/media?parent=7389"}],"wp:term":[{"taxonomy":"product_brand","embeddable":true,"href":"https:\/\/www.plastic-crates.com\/es\/wp-json\/wp\/v2\/product_brand?post=7389"},{"taxonomy":"product_cat","embeddable":true,"href":"https:\/\/www.plastic-crates.com\/es\/wp-json\/wp\/v2\/product_cat?post=7389"},{"taxonomy":"product_tag","embeddable":true,"href":"https:\/\/www.plastic-crates.com\/es\/wp-json\/wp\/v2\/product_tag?post=7389"}],"curies":[{"name":"gracias","href":"https:\/\/api.w.org\/{rel}","templated":true}]}}