{"id":7391,"date":"2024-10-28T04:29:07","date_gmt":"2024-10-28T04:29:07","guid":{"rendered":"https:\/\/www.plastic-crates.com\/?post_type=product&#038;p=7391"},"modified":"2025-09-18T20:21:45","modified_gmt":"2025-09-18T20:21:45","slug":"bandejas-para-seguridad-bandejas-de-seguridad-para-aeropuertos-en-venta","status":"publish","type":"product","link":"https:\/\/www.plastic-crates.com\/es\/product\/bandejas-para-seguridad-bandejas-de-seguridad-para-aeropuertos-en-venta\/","title":{"rendered":"Bandejas de seguridad, venta de bandejas de seguridad para aeropuertos"},"content":{"rendered":"<p>Las bandejas de seguridad se utilizan para guardar art\u00edculos durante el check-in de vuelos, son duraderas y est\u00e1n dise\u00f1adas para un uso continuo. <strong>Bandejas de seguridad del aeropuerto<\/strong> Est\u00e1n tratadas con tecnolog\u00eda antimicrobiana para ayudar a prevenir el crecimiento de bacterias en los contenedores de inspecci\u00f3n del aeropuerto. Nuestras bandejas de seguridad brindan una experiencia de inspecci\u00f3n m\u00e1s limpia en el aeropuerto.<\/p>\n<p><a href=\"https:\/\/www.plastic-crate.co.uk\/product-category\/plastic-milk-crates\/\">cajas de leche en venta<\/a>, <a href=\"https:\/\/www.plastic-crate.co.uk\/product-category\/supermarket-crates-bale-arm-crates\/\">caj\u00f3n de brazo de paca<\/a>, <a href=\"https:\/\/www.plastic-crates.com\/es\/product-category\/contenedores-con-tapa\/\" target=\"_blank\" rel=\"noopener\">contenedores de pl\u00e1stico con tapa<\/a><\/p>","protected":false},"excerpt":{"rendered":"<p>Security trays are used to hold items during flight check-ins, Durable long lasting and designed for continuous use, the airport&hellip;<\/p>","protected":false},"featured_media":7431,"template":"","meta":{"_acf_changed":false},"product_brand":[],"product_cat":[144],"product_tag":[154],"class_list":{"0":"post-7391","1":"product","2":"type-product","3":"status-publish","4":"has-post-thumbnail","6":"product_cat-plastic-trays-wholesale","7":"product_tag-tsa-bins","9":"first","10":"instock","11":"product-type-simple"},"acf":[],"yoast_head":"<!-- This site is optimized with the Yoast SEO plugin v26.1.1 - https:\/\/yoast.com\/wordpress\/plugins\/seo\/ -->\n<title>Trays for security, airport security trays for sale<\/title>\n<meta name=\"description\" content=\"Trays for security, airport security trays for sale, OEM &amp; ODM service available, Trays for security wholesale price\" \/>\n<meta name=\"robots\" content=\"index, follow, max-snippet:-1, max-image-preview:large, max-video-preview:-1\" \/>\n<link rel=\"canonical\" href=\"https:\/\/www.plastic-crates.com\/es\/product\/bandejas-para-seguridad-bandejas-de-seguridad-para-aeropuertos-en-venta\/\" \/>\n<meta property=\"og:locale\" content=\"es_ES\" \/>\n<meta property=\"og:type\" content=\"article\" \/>\n<meta property=\"og:title\" content=\"stackable folding crate, High Quality stackable folding crate Wholesale\" \/>\n<meta property=\"og:description\" content=\"Trays for security, airport security trays for sale, OEM &amp; ODM service available, Trays for security wholesale price\" \/>\n<meta property=\"og:url\" content=\"https:\/\/www.plastic-crates.com\/es\/product\/bandejas-para-seguridad-bandejas-de-seguridad-para-aeropuertos-en-venta\/\" \/>\n<meta property=\"og:site_name\" content=\"plastic-crates.com\" \/>\n<meta property=\"article:modified_time\" content=\"2025-09-18T20:21:45+00:00\" \/>\n<meta property=\"og:image\" content=\"https:\/\/www.plastic-crates.com\/wp-content\/uploads\/2024\/10\/trays-for-security-1.png\" \/>\n\t<meta property=\"og:image:width\" content=\"667\" \/>\n\t<meta property=\"og:image:height\" content=\"667\" \/>\n\t<meta property=\"og:image:type\" content=\"image\/png\" \/>\n<meta name=\"twitter:card\" content=\"summary_large_image\" \/>\n<meta name=\"twitter:title\" content=\"stackable folding crate, High Quality stackable folding crate Wholesale\" \/>\n<meta name=\"twitter:label1\" content=\"Tiempo de lectura\" \/>\n\t<meta name=\"twitter:data1\" content=\"1 minuto\" \/>\n<script type=\"application\/ld+json\" class=\"yoast-schema-graph\">{\"@context\":\"https:\/\/schema.org\",\"@graph\":[{\"@type\":\"WebPage\",\"@id\":\"https:\/\/www.plastic-crates.com\/product\/trays-for-security-airport-security-trays-for-sale\/\",\"url\":\"https:\/\/www.plastic-crates.com\/product\/trays-for-security-airport-security-trays-for-sale\/\",\"name\":\"Trays for security, airport security trays for sale\",\"isPartOf\":{\"@id\":\"https:\/\/www.plastic-crates.com\/#website\"},\"primaryImageOfPage\":{\"@id\":\"https:\/\/www.plastic-crates.com\/product\/trays-for-security-airport-security-trays-for-sale\/#primaryimage\"},\"image\":{\"@id\":\"https:\/\/www.plastic-crates.com\/product\/trays-for-security-airport-security-trays-for-sale\/#primaryimage\"},\"thumbnailUrl\":\"https:\/\/www.plastic-crates.com\/wp-content\/uploads\/2024\/10\/trays-for-security-1.png\",\"datePublished\":\"2024-10-28T04:29:07+00:00\",\"dateModified\":\"2025-09-18T20:21:45+00:00\",\"description\":\"Trays for security, airport security trays for sale, OEM & ODM service available, Trays for security wholesale price\",\"breadcrumb\":{\"@id\":\"https:\/\/www.plastic-crates.com\/product\/trays-for-security-airport-security-trays-for-sale\/#breadcrumb\"},\"inLanguage\":\"es\",\"potentialAction\":[{\"@type\":\"ReadAction\",\"target\":[\"https:\/\/www.plastic-crates.com\/product\/trays-for-security-airport-security-trays-for-sale\/\"]}]},{\"@type\":\"ImageObject\",\"inLanguage\":\"es\",\"@id\":\"https:\/\/www.plastic-crates.com\/product\/trays-for-security-airport-security-trays-for-sale\/#primaryimage\",\"url\":\"https:\/\/www.plastic-crates.com\/wp-content\/uploads\/2024\/10\/trays-for-security-1.png\",\"contentUrl\":\"https:\/\/www.plastic-crates.com\/wp-content\/uploads\/2024\/10\/trays-for-security-1.png\",\"width\":667,\"height\":667},{\"@type\":\"BreadcrumbList\",\"@id\":\"https:\/\/www.plastic-crates.com\/product\/trays-for-security-airport-security-trays-for-sale\/#breadcrumb\",\"itemListElement\":[{\"@type\":\"ListItem\",\"position\":1,\"name\":\"Home\",\"item\":\"https:\/\/www.plastic-crates.com\/\"},{\"@type\":\"ListItem\",\"position\":2,\"name\":\"Products\",\"item\":\"https:\/\/www.plastic-crates.com\/shop\/\"},{\"@type\":\"ListItem\",\"position\":3,\"name\":\"Trays for security, airport security trays for sale\"}]},{\"@type\":\"WebSite\",\"@id\":\"https:\/\/www.plastic-crates.com\/#website\",\"url\":\"https:\/\/www.plastic-crates.com\/\",\"name\":\"plastic-crates.com\",\"description\":\"Leading plastic crates manufacturer in China\",\"potentialAction\":[{\"@type\":\"SearchAction\",\"target\":{\"@type\":\"EntryPoint\",\"urlTemplate\":\"https:\/\/www.plastic-crates.com\/?s={search_term_string}\"},\"query-input\":{\"@type\":\"PropertyValueSpecification\",\"valueRequired\":true,\"valueName\":\"search_term_string\"}}],\"inLanguage\":\"es\"}]}<\/script>\n<!-- \/ Yoast SEO plugin. -->","yoast_head_json":{"title":"Bandejas de seguridad, venta de bandejas de seguridad para aeropuertos","description":"Bandejas de seguridad, bandejas de seguridad para aeropuertos a la venta, servicio OEM y ODM disponible, bandejas de seguridad a precio mayorista","robots":{"index":"index","follow":"follow","max-snippet":"max-snippet:-1","max-image-preview":"max-image-preview:large","max-video-preview":"max-video-preview:-1"},"canonical":"https:\/\/www.plastic-crates.com\/es\/product\/bandejas-para-seguridad-bandejas-de-seguridad-para-aeropuertos-en-venta\/","og_locale":"es_ES","og_type":"article","og_title":"stackable folding crate, High Quality stackable folding crate Wholesale","og_description":"Trays for security, airport security trays for sale, OEM & ODM service available, Trays for security wholesale price","og_url":"https:\/\/www.plastic-crates.com\/es\/product\/bandejas-para-seguridad-bandejas-de-seguridad-para-aeropuertos-en-venta\/","og_site_name":"plastic-crates.com","article_modified_time":"2025-09-18T20:21:45+00:00","og_image":[{"width":667,"height":667,"url":"https:\/\/www.plastic-crates.com\/wp-content\/uploads\/2024\/10\/trays-for-security-1.png","type":"image\/png"}],"twitter_card":"summary_large_image","twitter_title":"stackable folding crate, High Quality stackable folding crate Wholesale","twitter_misc":{"Tiempo de lectura":"1 minuto"},"schema":{"@context":"https:\/\/schema.org","@graph":[{"@type":"WebPage","@id":"https:\/\/www.plastic-crates.com\/product\/trays-for-security-airport-security-trays-for-sale\/","url":"https:\/\/www.plastic-crates.com\/product\/trays-for-security-airport-security-trays-for-sale\/","name":"Bandejas de seguridad, venta de bandejas de seguridad para aeropuertos","isPartOf":{"@id":"https:\/\/www.plastic-crates.com\/#website"},"primaryImageOfPage":{"@id":"https:\/\/www.plastic-crates.com\/product\/trays-for-security-airport-security-trays-for-sale\/#primaryimage"},"image":{"@id":"https:\/\/www.plastic-crates.com\/product\/trays-for-security-airport-security-trays-for-sale\/#primaryimage"},"thumbnailUrl":"https:\/\/www.plastic-crates.com\/wp-content\/uploads\/2024\/10\/trays-for-security-1.png","datePublished":"2024-10-28T04:29:07+00:00","dateModified":"2025-09-18T20:21:45+00:00","description":"Bandejas de seguridad, bandejas de seguridad para aeropuertos a la venta, servicio OEM y ODM disponible, bandejas de seguridad a precio mayorista","breadcrumb":{"@id":"https:\/\/www.plastic-crates.com\/product\/trays-for-security-airport-security-trays-for-sale\/#breadcrumb"},"inLanguage":"es","potentialAction":[{"@type":"ReadAction","target":["https:\/\/www.plastic-crates.com\/product\/trays-for-security-airport-security-trays-for-sale\/"]}]},{"@type":"ImageObject","inLanguage":"es","@id":"https:\/\/www.plastic-crates.com\/product\/trays-for-security-airport-security-trays-for-sale\/#primaryimage","url":"https:\/\/www.plastic-crates.com\/wp-content\/uploads\/2024\/10\/trays-for-security-1.png","contentUrl":"https:\/\/www.plastic-crates.com\/wp-content\/uploads\/2024\/10\/trays-for-security-1.png","width":667,"height":667},{"@type":"BreadcrumbList","@id":"https:\/\/www.plastic-crates.com\/product\/trays-for-security-airport-security-trays-for-sale\/#breadcrumb","itemListElement":[{"@type":"ListItem","position":1,"name":"Home","item":"https:\/\/www.plastic-crates.com\/"},{"@type":"ListItem","position":2,"name":"Products","item":"https:\/\/www.plastic-crates.com\/shop\/"},{"@type":"ListItem","position":3,"name":"Trays for security, airport security trays for sale"}]},{"@type":"WebSite","@id":"https:\/\/www.plastic-crates.com\/#website","url":"https:\/\/www.plastic-crates.com\/","name":"plastic-crates.com","description":"Fabricante l\u00edder de cajas de pl\u00e1stico en China","potentialAction":[{"@type":"SearchAction","target":{"@type":"EntryPoint","urlTemplate":"https:\/\/www.plastic-crates.com\/?s={search_term_string}"},"query-input":{"@type":"PropertyValueSpecification","valueRequired":true,"valueName":"search_term_string"}}],"inLanguage":"es"}]}},"_links":{"self":[{"href":"https:\/\/www.plastic-crates.com\/es\/wp-json\/wp\/v2\/product\/7391","targetHints":{"allow":["GET"]}}],"collection":[{"href":"https:\/\/www.plastic-crates.com\/es\/wp-json\/wp\/v2\/product"}],"about":[{"href":"https:\/\/www.plastic-crates.com\/es\/wp-json\/wp\/v2\/types\/product"}],"wp:featuredmedia":[{"embeddable":true,"href":"https:\/\/www.plastic-crates.com\/es\/wp-json\/wp\/v2\/media\/7431"}],"wp:attachment":[{"href":"https:\/\/www.plastic-crates.com\/es\/wp-json\/wp\/v2\/media?parent=7391"}],"wp:term":[{"taxonomy":"product_brand","embeddable":true,"href":"https:\/\/www.plastic-crates.com\/es\/wp-json\/wp\/v2\/product_brand?post=7391"},{"taxonomy":"product_cat","embeddable":true,"href":"https:\/\/www.plastic-crates.com\/es\/wp-json\/wp\/v2\/product_cat?post=7391"},{"taxonomy":"product_tag","embeddable":true,"href":"https:\/\/www.plastic-crates.com\/es\/wp-json\/wp\/v2\/product_tag?post=7391"}],"curies":[{"name":"gracias","href":"https:\/\/api.w.org\/{rel}","templated":true}]}}