{"id":7392,"date":"2024-10-28T04:29:07","date_gmt":"2024-10-28T04:29:07","guid":{"rendered":"https:\/\/www.plastic-crates.com\/?post_type=product&#038;p=7392"},"modified":"2025-10-28T01:35:24","modified_gmt":"2025-10-28T01:35:24","slug":"bandejas-de-plastico-para-alimentos-bandejas-de-plastico-para-alimentos-bandejas-para-la-cena","status":"publish","type":"product","link":"https:\/\/www.plastic-crates.com\/es\/product\/bandejas-de-plastico-para-alimentos-bandejas-de-plastico-para-alimentos-bandejas-para-la-cena\/","title":{"rendered":"Bandejas de pl\u00e1stico para alimentos, bandejas de pl\u00e1stico para alimentos, bandejas para la cena"},"content":{"rendered":"<p>Presentamos nuestro vers\u00e1til y confiable <strong>Bandejas de pl\u00e1stico para alimentos<\/strong> \u2013 la soluci\u00f3n perfecta para mejorar su experiencia de servicio de alimentos. Entendemos la importancia de la presentaci\u00f3n, la conveniencia y la seguridad alimentaria en el mundo culinario. Nuestras bandejas de pl\u00e1stico para alimentos est\u00e1n dise\u00f1adas cuidadosamente para satisfacer estas necesidades esenciales, ofreciendo una variedad de beneficios tanto para establecimientos comerciales como para uso dom\u00e9stico.<\/p>\n<p><a href=\"https:\/\/www.plastic-crate.co.uk\/product-category\/supermarket-crates-bale-arm-crates\/\" target=\"_blank\" rel=\"noopener\">cajas apilables de supermercado<\/a>, <a href=\"https:\/\/www.ph-teststrips.com\/product-category\/salt-water-test-strips\/\" target=\"_blank\" rel=\"noopener\">Tiras reactivas para piscinas de agua salada<\/a>, <a href=\"https:\/\/www.ahotech.com\/custom-battery-packs\/\" target=\"_blank\" rel=\"noopener\">Paquete de bater\u00eda de litio hecho a medida<\/a><\/p>","protected":false},"excerpt":{"rendered":"<p>Servicio OEM y ODM disponible<\/p>\n<p>Colores disponibles de esta bandeja de comida.<\/p>\n<p>Negro, rosa, blanco, verde.<\/p>","protected":false},"featured_media":7437,"template":"","meta":{"_acf_changed":false},"product_brand":[],"product_cat":[144],"product_tag":[],"class_list":{"0":"post-7392","1":"product","2":"type-product","3":"status-publish","4":"has-post-thumbnail","6":"product_cat-plastic-trays-wholesale","8":"first","9":"instock","10":"product-type-simple"},"acf":[],"yoast_head":"<!-- This site is optimized with the Yoast SEO plugin v26.1.1 - https:\/\/yoast.com\/wordpress\/plugins\/seo\/ -->\n<title>Plastic trays for food, plastic food trays, dinner trays wholesale<\/title>\n<meta name=\"description\" content=\"Plastic trays for food, plastic food trays at wholesale prices, OEM &amp; ODM service available, dinner trays wholesale\" \/>\n<meta name=\"robots\" content=\"index, follow, max-snippet:-1, max-image-preview:large, max-video-preview:-1\" \/>\n<link rel=\"canonical\" href=\"https:\/\/www.plastic-crates.com\/es\/product\/bandejas-de-plastico-para-alimentos-bandejas-de-plastico-para-alimentos-bandejas-para-la-cena\/\" \/>\n<meta property=\"og:locale\" content=\"es_ES\" \/>\n<meta property=\"og:type\" content=\"article\" \/>\n<meta property=\"og:title\" content=\"stackable folding crate, High Quality stackable folding crate Wholesale\" \/>\n<meta property=\"og:description\" content=\"Plastic trays for food, plastic food trays at wholesale prices, OEM &amp; ODM service available, dinner trays wholesale\" \/>\n<meta property=\"og:url\" content=\"https:\/\/www.plastic-crates.com\/es\/product\/bandejas-de-plastico-para-alimentos-bandejas-de-plastico-para-alimentos-bandejas-para-la-cena\/\" \/>\n<meta property=\"og:site_name\" content=\"plastic-crates.com\" \/>\n<meta property=\"article:modified_time\" content=\"2025-10-28T01:35:24+00:00\" \/>\n<meta property=\"og:image\" content=\"https:\/\/www.plastic-crates.com\/wp-content\/uploads\/2024\/10\/plastic-food-tray-1.jpg\" \/>\n\t<meta property=\"og:image:width\" content=\"800\" \/>\n\t<meta property=\"og:image:height\" content=\"800\" \/>\n\t<meta property=\"og:image:type\" content=\"image\/jpeg\" \/>\n<meta name=\"twitter:card\" content=\"summary_large_image\" \/>\n<meta name=\"twitter:title\" content=\"stackable folding crate, High Quality stackable folding crate Wholesale\" \/>\n<meta name=\"twitter:label1\" content=\"Tiempo de lectura\" \/>\n\t<meta name=\"twitter:data1\" content=\"1 minuto\" \/>\n<script type=\"application\/ld+json\" class=\"yoast-schema-graph\">{\"@context\":\"https:\/\/schema.org\",\"@graph\":[{\"@type\":\"WebPage\",\"@id\":\"https:\/\/www.plastic-crates.com\/product\/plastic-trays-for-food-plastic-food-trays-dinner-trays\/\",\"url\":\"https:\/\/www.plastic-crates.com\/product\/plastic-trays-for-food-plastic-food-trays-dinner-trays\/\",\"name\":\"Plastic trays for food, plastic food trays, dinner trays wholesale\",\"isPartOf\":{\"@id\":\"https:\/\/www.plastic-crates.com\/#website\"},\"primaryImageOfPage\":{\"@id\":\"https:\/\/www.plastic-crates.com\/product\/plastic-trays-for-food-plastic-food-trays-dinner-trays\/#primaryimage\"},\"image\":{\"@id\":\"https:\/\/www.plastic-crates.com\/product\/plastic-trays-for-food-plastic-food-trays-dinner-trays\/#primaryimage\"},\"thumbnailUrl\":\"https:\/\/www.plastic-crates.com\/wp-content\/uploads\/2024\/10\/plastic-food-tray-1.jpg\",\"datePublished\":\"2024-10-28T04:29:07+00:00\",\"dateModified\":\"2025-10-28T01:35:24+00:00\",\"description\":\"Plastic trays for food, plastic food trays at wholesale prices, OEM & ODM service available, dinner trays wholesale\",\"breadcrumb\":{\"@id\":\"https:\/\/www.plastic-crates.com\/product\/plastic-trays-for-food-plastic-food-trays-dinner-trays\/#breadcrumb\"},\"inLanguage\":\"es\",\"potentialAction\":[{\"@type\":\"ReadAction\",\"target\":[\"https:\/\/www.plastic-crates.com\/product\/plastic-trays-for-food-plastic-food-trays-dinner-trays\/\"]}]},{\"@type\":\"ImageObject\",\"inLanguage\":\"es\",\"@id\":\"https:\/\/www.plastic-crates.com\/product\/plastic-trays-for-food-plastic-food-trays-dinner-trays\/#primaryimage\",\"url\":\"https:\/\/www.plastic-crates.com\/wp-content\/uploads\/2024\/10\/plastic-food-tray-1.jpg\",\"contentUrl\":\"https:\/\/www.plastic-crates.com\/wp-content\/uploads\/2024\/10\/plastic-food-tray-1.jpg\",\"width\":800,\"height\":800},{\"@type\":\"BreadcrumbList\",\"@id\":\"https:\/\/www.plastic-crates.com\/product\/plastic-trays-for-food-plastic-food-trays-dinner-trays\/#breadcrumb\",\"itemListElement\":[{\"@type\":\"ListItem\",\"position\":1,\"name\":\"Home\",\"item\":\"https:\/\/www.plastic-crates.com\/\"},{\"@type\":\"ListItem\",\"position\":2,\"name\":\"Products\",\"item\":\"https:\/\/www.plastic-crates.com\/shop\/\"},{\"@type\":\"ListItem\",\"position\":3,\"name\":\"Plastic trays for food, plastic food trays, dinner trays\"}]},{\"@type\":\"WebSite\",\"@id\":\"https:\/\/www.plastic-crates.com\/#website\",\"url\":\"https:\/\/www.plastic-crates.com\/\",\"name\":\"plastic-crates.com\",\"description\":\"Leading plastic crates manufacturer in China\",\"potentialAction\":[{\"@type\":\"SearchAction\",\"target\":{\"@type\":\"EntryPoint\",\"urlTemplate\":\"https:\/\/www.plastic-crates.com\/?s={search_term_string}\"},\"query-input\":{\"@type\":\"PropertyValueSpecification\",\"valueRequired\":true,\"valueName\":\"search_term_string\"}}],\"inLanguage\":\"es\"}]}<\/script>\n<!-- \/ Yoast SEO plugin. -->","yoast_head_json":{"title":"Bandejas de pl\u00e1stico para alimentos, bandejas de pl\u00e1stico para alimentos, bandejas de cena al por mayor","description":"Bandejas de pl\u00e1stico para alimentos, bandejas de pl\u00e1stico para alimentos a precios de mayorista, servicio OEM y ODM disponible, bandejas de cena al por mayor","robots":{"index":"index","follow":"follow","max-snippet":"max-snippet:-1","max-image-preview":"max-image-preview:large","max-video-preview":"max-video-preview:-1"},"canonical":"https:\/\/www.plastic-crates.com\/es\/product\/bandejas-de-plastico-para-alimentos-bandejas-de-plastico-para-alimentos-bandejas-para-la-cena\/","og_locale":"es_ES","og_type":"article","og_title":"stackable folding crate, High Quality stackable folding crate Wholesale","og_description":"Plastic trays for food, plastic food trays at wholesale prices, OEM & ODM service available, dinner trays wholesale","og_url":"https:\/\/www.plastic-crates.com\/es\/product\/bandejas-de-plastico-para-alimentos-bandejas-de-plastico-para-alimentos-bandejas-para-la-cena\/","og_site_name":"plastic-crates.com","article_modified_time":"2025-10-28T01:35:24+00:00","og_image":[{"width":800,"height":800,"url":"https:\/\/www.plastic-crates.com\/wp-content\/uploads\/2024\/10\/plastic-food-tray-1.jpg","type":"image\/jpeg"}],"twitter_card":"summary_large_image","twitter_title":"stackable folding crate, High Quality stackable folding crate Wholesale","twitter_misc":{"Tiempo de lectura":"1 minuto"},"schema":{"@context":"https:\/\/schema.org","@graph":[{"@type":"WebPage","@id":"https:\/\/www.plastic-crates.com\/product\/plastic-trays-for-food-plastic-food-trays-dinner-trays\/","url":"https:\/\/www.plastic-crates.com\/product\/plastic-trays-for-food-plastic-food-trays-dinner-trays\/","name":"Bandejas de pl\u00e1stico para alimentos, bandejas de pl\u00e1stico para alimentos, bandejas de cena al por mayor","isPartOf":{"@id":"https:\/\/www.plastic-crates.com\/#website"},"primaryImageOfPage":{"@id":"https:\/\/www.plastic-crates.com\/product\/plastic-trays-for-food-plastic-food-trays-dinner-trays\/#primaryimage"},"image":{"@id":"https:\/\/www.plastic-crates.com\/product\/plastic-trays-for-food-plastic-food-trays-dinner-trays\/#primaryimage"},"thumbnailUrl":"https:\/\/www.plastic-crates.com\/wp-content\/uploads\/2024\/10\/plastic-food-tray-1.jpg","datePublished":"2024-10-28T04:29:07+00:00","dateModified":"2025-10-28T01:35:24+00:00","description":"Bandejas de pl\u00e1stico para alimentos, bandejas de pl\u00e1stico para alimentos a precios de mayorista, servicio OEM y ODM disponible, bandejas de cena al por mayor","breadcrumb":{"@id":"https:\/\/www.plastic-crates.com\/product\/plastic-trays-for-food-plastic-food-trays-dinner-trays\/#breadcrumb"},"inLanguage":"es","potentialAction":[{"@type":"ReadAction","target":["https:\/\/www.plastic-crates.com\/product\/plastic-trays-for-food-plastic-food-trays-dinner-trays\/"]}]},{"@type":"ImageObject","inLanguage":"es","@id":"https:\/\/www.plastic-crates.com\/product\/plastic-trays-for-food-plastic-food-trays-dinner-trays\/#primaryimage","url":"https:\/\/www.plastic-crates.com\/wp-content\/uploads\/2024\/10\/plastic-food-tray-1.jpg","contentUrl":"https:\/\/www.plastic-crates.com\/wp-content\/uploads\/2024\/10\/plastic-food-tray-1.jpg","width":800,"height":800},{"@type":"BreadcrumbList","@id":"https:\/\/www.plastic-crates.com\/product\/plastic-trays-for-food-plastic-food-trays-dinner-trays\/#breadcrumb","itemListElement":[{"@type":"ListItem","position":1,"name":"Home","item":"https:\/\/www.plastic-crates.com\/"},{"@type":"ListItem","position":2,"name":"Products","item":"https:\/\/www.plastic-crates.com\/shop\/"},{"@type":"ListItem","position":3,"name":"Plastic trays for food, plastic food trays, dinner trays"}]},{"@type":"WebSite","@id":"https:\/\/www.plastic-crates.com\/#website","url":"https:\/\/www.plastic-crates.com\/","name":"plastic-crates.com","description":"Fabricante l\u00edder de cajas de pl\u00e1stico en China","potentialAction":[{"@type":"SearchAction","target":{"@type":"EntryPoint","urlTemplate":"https:\/\/www.plastic-crates.com\/?s={search_term_string}"},"query-input":{"@type":"PropertyValueSpecification","valueRequired":true,"valueName":"search_term_string"}}],"inLanguage":"es"}]}},"_links":{"self":[{"href":"https:\/\/www.plastic-crates.com\/es\/wp-json\/wp\/v2\/product\/7392","targetHints":{"allow":["GET"]}}],"collection":[{"href":"https:\/\/www.plastic-crates.com\/es\/wp-json\/wp\/v2\/product"}],"about":[{"href":"https:\/\/www.plastic-crates.com\/es\/wp-json\/wp\/v2\/types\/product"}],"wp:featuredmedia":[{"embeddable":true,"href":"https:\/\/www.plastic-crates.com\/es\/wp-json\/wp\/v2\/media\/7437"}],"wp:attachment":[{"href":"https:\/\/www.plastic-crates.com\/es\/wp-json\/wp\/v2\/media?parent=7392"}],"wp:term":[{"taxonomy":"product_brand","embeddable":true,"href":"https:\/\/www.plastic-crates.com\/es\/wp-json\/wp\/v2\/product_brand?post=7392"},{"taxonomy":"product_cat","embeddable":true,"href":"https:\/\/www.plastic-crates.com\/es\/wp-json\/wp\/v2\/product_cat?post=7392"},{"taxonomy":"product_tag","embeddable":true,"href":"https:\/\/www.plastic-crates.com\/es\/wp-json\/wp\/v2\/product_tag?post=7392"}],"curies":[{"name":"gracias","href":"https:\/\/api.w.org\/{rel}","templated":true}]}}