{"id":7393,"date":"2024-10-28T04:29:07","date_gmt":"2024-10-28T04:29:07","guid":{"rendered":"https:\/\/www.plastic-crates.com\/?post_type=product&#038;p=7393"},"modified":"2025-02-17T04:38:13","modified_gmt":"2025-02-17T04:38:13","slug":"caja-de-cria-de-moscas-soldado-negras","status":"publish","type":"product","link":"https:\/\/www.plastic-crates.com\/es\/product\/caja-de-cria-de-moscas-soldado-negras\/","title":{"rendered":"Caja de cr\u00eda de moscas soldado negras"},"content":{"rendered":"<p>La caja de cr\u00eda para moscas soldado negras es una soluci\u00f3n innovadora y ecol\u00f3gica dise\u00f1ada para la cr\u00eda eficaz de moscas soldado negras. Esta caja compacta ofrece un entorno propicio para el crecimiento y la reproducci\u00f3n de las moscas, lo que la hace ideal para la gesti\u00f3n de residuos y la agricultura ecol\u00f3gica. Su dise\u00f1o f\u00e1cil de usar es perfecto tanto para principiantes como para criadores experimentados. Empieza hoy mismo tu camino hacia la sostenibilidad con nuestra caja de cr\u00eda para moscas soldado negras.<\/p>\n<p>Una caja de mayor volumen, dise\u00f1ada espec\u00edficamente para la producci\u00f3n de prote\u00ednas con mosca soldado negra (BSF), cuenta con dimensiones optimizadas para la cr\u00eda y la altura de apilado, lo que la hace perfecta para una alta producci\u00f3n y rentabilidad. El proceso de cr\u00eda genera una cantidad considerable de calor, CO2 y amon\u00edaco. Las esquinas abiertas de la caja, junto con un lateral alargado de dise\u00f1o distintivo, se adaptan espec\u00edficamente a este requisito. Junto con una base lisa de nuevo dise\u00f1o, estas caracter\u00edsticas mejoran el flujo de aire, lo que resulta en un mejor desplazamiento del aire. Esto facilita un clima m\u00e1s equilibrado entre las cajas.<\/p>\n<p><a href=\"https:\/\/www.plastic-crates.com\/es\/product-category\/contenedores-de-plastico-transparente\/\">Caja de pl\u00e1stico transparente<\/a>, <a href=\"https:\/\/www.plastic-crate.co.uk\/product-category\/supermarket-crates-bale-arm-crates\/\">caj\u00f3n de brazo de paca<\/a>,<\/p>","protected":false},"excerpt":{"rendered":"<p>The Black Soldier Fly Breeding Box is an innovative and eco-friendly solution designed for the effective breeding of black soldier&hellip;<\/p>","protected":false},"featured_media":7461,"template":"","meta":{"_acf_changed":false},"product_brand":[],"product_cat":[144],"product_tag":[],"class_list":{"0":"post-7393","1":"product","2":"type-product","3":"status-publish","4":"has-post-thumbnail","6":"product_cat-plastic-trays-wholesale","8":"first","9":"instock","10":"product-type-simple"},"acf":[],"yoast_head":"<!-- This site is optimized with the Yoast SEO plugin v26.1.1 - https:\/\/yoast.com\/wordpress\/plugins\/seo\/ -->\n<title>Black soldier fly breeding box for sale<\/title>\n<meta name=\"description\" content=\"Black soldier fly breeding box, Insect Rearing Trays, OEM &amp; ODM service available, insect breeding boxes wholesale price!\" \/>\n<meta name=\"robots\" content=\"index, follow, max-snippet:-1, max-image-preview:large, max-video-preview:-1\" \/>\n<link rel=\"canonical\" href=\"https:\/\/www.plastic-crates.com\/es\/product\/caja-de-cria-de-moscas-soldado-negras\/\" \/>\n<meta property=\"og:locale\" content=\"es_ES\" \/>\n<meta property=\"og:type\" content=\"article\" \/>\n<meta property=\"og:title\" content=\"stackable folding crate, High Quality stackable folding crate Wholesale\" \/>\n<meta property=\"og:description\" content=\"Black soldier fly breeding box, Insect Rearing Trays, OEM &amp; ODM service available, insect breeding boxes wholesale price!\" \/>\n<meta property=\"og:url\" content=\"https:\/\/www.plastic-crates.com\/es\/product\/caja-de-cria-de-moscas-soldado-negras\/\" \/>\n<meta property=\"og:site_name\" content=\"plastic-crates.com\" \/>\n<meta property=\"article:modified_time\" content=\"2025-02-17T04:38:13+00:00\" \/>\n<meta property=\"og:image\" content=\"https:\/\/www.plastic-crates.com\/wp-content\/uploads\/2024\/10\/black-soldier-fly-breeding-box-5.png\" \/>\n\t<meta property=\"og:image:width\" content=\"720\" \/>\n\t<meta property=\"og:image:height\" content=\"720\" \/>\n\t<meta property=\"og:image:type\" content=\"image\/png\" \/>\n<meta name=\"twitter:card\" content=\"summary_large_image\" \/>\n<meta name=\"twitter:title\" content=\"stackable folding crate, High Quality stackable folding crate Wholesale\" \/>\n<meta name=\"twitter:label1\" content=\"Tiempo de lectura\" \/>\n\t<meta name=\"twitter:data1\" content=\"1 minuto\" \/>\n<script type=\"application\/ld+json\" class=\"yoast-schema-graph\">{\"@context\":\"https:\/\/schema.org\",\"@graph\":[{\"@type\":\"WebPage\",\"@id\":\"https:\/\/www.plastic-crates.com\/product\/black-soldier-fly-breeding-box\/\",\"url\":\"https:\/\/www.plastic-crates.com\/product\/black-soldier-fly-breeding-box\/\",\"name\":\"Black soldier fly breeding box for sale\",\"isPartOf\":{\"@id\":\"https:\/\/www.plastic-crates.com\/#website\"},\"primaryImageOfPage\":{\"@id\":\"https:\/\/www.plastic-crates.com\/product\/black-soldier-fly-breeding-box\/#primaryimage\"},\"image\":{\"@id\":\"https:\/\/www.plastic-crates.com\/product\/black-soldier-fly-breeding-box\/#primaryimage\"},\"thumbnailUrl\":\"https:\/\/www.plastic-crates.com\/wp-content\/uploads\/2024\/10\/black-soldier-fly-breeding-box-5.png\",\"datePublished\":\"2024-10-28T04:29:07+00:00\",\"dateModified\":\"2025-02-17T04:38:13+00:00\",\"description\":\"Black soldier fly breeding box, Insect Rearing Trays, OEM & ODM service available, insect breeding boxes wholesale price!\",\"breadcrumb\":{\"@id\":\"https:\/\/www.plastic-crates.com\/product\/black-soldier-fly-breeding-box\/#breadcrumb\"},\"inLanguage\":\"es\",\"potentialAction\":[{\"@type\":\"ReadAction\",\"target\":[\"https:\/\/www.plastic-crates.com\/product\/black-soldier-fly-breeding-box\/\"]}]},{\"@type\":\"ImageObject\",\"inLanguage\":\"es\",\"@id\":\"https:\/\/www.plastic-crates.com\/product\/black-soldier-fly-breeding-box\/#primaryimage\",\"url\":\"https:\/\/www.plastic-crates.com\/wp-content\/uploads\/2024\/10\/black-soldier-fly-breeding-box-5.png\",\"contentUrl\":\"https:\/\/www.plastic-crates.com\/wp-content\/uploads\/2024\/10\/black-soldier-fly-breeding-box-5.png\",\"width\":720,\"height\":720,\"caption\":\"black soldier fly breeding box\"},{\"@type\":\"BreadcrumbList\",\"@id\":\"https:\/\/www.plastic-crates.com\/product\/black-soldier-fly-breeding-box\/#breadcrumb\",\"itemListElement\":[{\"@type\":\"ListItem\",\"position\":1,\"name\":\"Home\",\"item\":\"https:\/\/www.plastic-crates.com\/\"},{\"@type\":\"ListItem\",\"position\":2,\"name\":\"Products\",\"item\":\"https:\/\/www.plastic-crates.com\/shop\/\"},{\"@type\":\"ListItem\",\"position\":3,\"name\":\"Black soldier fly breeding box\"}]},{\"@type\":\"WebSite\",\"@id\":\"https:\/\/www.plastic-crates.com\/#website\",\"url\":\"https:\/\/www.plastic-crates.com\/\",\"name\":\"plastic-crates.com\",\"description\":\"Leading plastic crates manufacturer in China\",\"potentialAction\":[{\"@type\":\"SearchAction\",\"target\":{\"@type\":\"EntryPoint\",\"urlTemplate\":\"https:\/\/www.plastic-crates.com\/?s={search_term_string}\"},\"query-input\":{\"@type\":\"PropertyValueSpecification\",\"valueRequired\":true,\"valueName\":\"search_term_string\"}}],\"inLanguage\":\"es\"}]}<\/script>\n<!-- \/ Yoast SEO plugin. -->","yoast_head_json":{"title":"Caja de cr\u00eda de mosca soldado negra en venta","description":"Caja de cr\u00eda de moscas soldado negras, bandejas de cr\u00eda de insectos, servicio OEM y ODM disponible, precio mayorista de cajas de cr\u00eda de insectos.","robots":{"index":"index","follow":"follow","max-snippet":"max-snippet:-1","max-image-preview":"max-image-preview:large","max-video-preview":"max-video-preview:-1"},"canonical":"https:\/\/www.plastic-crates.com\/es\/product\/caja-de-cria-de-moscas-soldado-negras\/","og_locale":"es_ES","og_type":"article","og_title":"stackable folding crate, High Quality stackable folding crate Wholesale","og_description":"Black soldier fly breeding box, Insect Rearing Trays, OEM & ODM service available, insect breeding boxes wholesale price!","og_url":"https:\/\/www.plastic-crates.com\/es\/product\/caja-de-cria-de-moscas-soldado-negras\/","og_site_name":"plastic-crates.com","article_modified_time":"2025-02-17T04:38:13+00:00","og_image":[{"width":720,"height":720,"url":"https:\/\/www.plastic-crates.com\/wp-content\/uploads\/2024\/10\/black-soldier-fly-breeding-box-5.png","type":"image\/png"}],"twitter_card":"summary_large_image","twitter_title":"stackable folding crate, High Quality stackable folding crate Wholesale","twitter_misc":{"Tiempo de lectura":"1 minuto"},"schema":{"@context":"https:\/\/schema.org","@graph":[{"@type":"WebPage","@id":"https:\/\/www.plastic-crates.com\/product\/black-soldier-fly-breeding-box\/","url":"https:\/\/www.plastic-crates.com\/product\/black-soldier-fly-breeding-box\/","name":"Caja de cr\u00eda de mosca soldado negra en venta","isPartOf":{"@id":"https:\/\/www.plastic-crates.com\/#website"},"primaryImageOfPage":{"@id":"https:\/\/www.plastic-crates.com\/product\/black-soldier-fly-breeding-box\/#primaryimage"},"image":{"@id":"https:\/\/www.plastic-crates.com\/product\/black-soldier-fly-breeding-box\/#primaryimage"},"thumbnailUrl":"https:\/\/www.plastic-crates.com\/wp-content\/uploads\/2024\/10\/black-soldier-fly-breeding-box-5.png","datePublished":"2024-10-28T04:29:07+00:00","dateModified":"2025-02-17T04:38:13+00:00","description":"Caja de cr\u00eda de moscas soldado negras, bandejas de cr\u00eda de insectos, servicio OEM y ODM disponible, precio mayorista de cajas de cr\u00eda de insectos.","breadcrumb":{"@id":"https:\/\/www.plastic-crates.com\/product\/black-soldier-fly-breeding-box\/#breadcrumb"},"inLanguage":"es","potentialAction":[{"@type":"ReadAction","target":["https:\/\/www.plastic-crates.com\/product\/black-soldier-fly-breeding-box\/"]}]},{"@type":"ImageObject","inLanguage":"es","@id":"https:\/\/www.plastic-crates.com\/product\/black-soldier-fly-breeding-box\/#primaryimage","url":"https:\/\/www.plastic-crates.com\/wp-content\/uploads\/2024\/10\/black-soldier-fly-breeding-box-5.png","contentUrl":"https:\/\/www.plastic-crates.com\/wp-content\/uploads\/2024\/10\/black-soldier-fly-breeding-box-5.png","width":720,"height":720,"caption":"black soldier fly breeding box"},{"@type":"BreadcrumbList","@id":"https:\/\/www.plastic-crates.com\/product\/black-soldier-fly-breeding-box\/#breadcrumb","itemListElement":[{"@type":"ListItem","position":1,"name":"Home","item":"https:\/\/www.plastic-crates.com\/"},{"@type":"ListItem","position":2,"name":"Products","item":"https:\/\/www.plastic-crates.com\/shop\/"},{"@type":"ListItem","position":3,"name":"Black soldier fly breeding box"}]},{"@type":"WebSite","@id":"https:\/\/www.plastic-crates.com\/#website","url":"https:\/\/www.plastic-crates.com\/","name":"plastic-crates.com","description":"Fabricante l\u00edder de cajas de pl\u00e1stico en China","potentialAction":[{"@type":"SearchAction","target":{"@type":"EntryPoint","urlTemplate":"https:\/\/www.plastic-crates.com\/?s={search_term_string}"},"query-input":{"@type":"PropertyValueSpecification","valueRequired":true,"valueName":"search_term_string"}}],"inLanguage":"es"}]}},"_links":{"self":[{"href":"https:\/\/www.plastic-crates.com\/es\/wp-json\/wp\/v2\/product\/7393","targetHints":{"allow":["GET"]}}],"collection":[{"href":"https:\/\/www.plastic-crates.com\/es\/wp-json\/wp\/v2\/product"}],"about":[{"href":"https:\/\/www.plastic-crates.com\/es\/wp-json\/wp\/v2\/types\/product"}],"wp:featuredmedia":[{"embeddable":true,"href":"https:\/\/www.plastic-crates.com\/es\/wp-json\/wp\/v2\/media\/7461"}],"wp:attachment":[{"href":"https:\/\/www.plastic-crates.com\/es\/wp-json\/wp\/v2\/media?parent=7393"}],"wp:term":[{"taxonomy":"product_brand","embeddable":true,"href":"https:\/\/www.plastic-crates.com\/es\/wp-json\/wp\/v2\/product_brand?post=7393"},{"taxonomy":"product_cat","embeddable":true,"href":"https:\/\/www.plastic-crates.com\/es\/wp-json\/wp\/v2\/product_cat?post=7393"},{"taxonomy":"product_tag","embeddable":true,"href":"https:\/\/www.plastic-crates.com\/es\/wp-json\/wp\/v2\/product_tag?post=7393"}],"curies":[{"name":"gracias","href":"https:\/\/api.w.org\/{rel}","templated":true}]}}