{"id":7463,"date":"2025-02-20T06:28:29","date_gmt":"2025-02-20T06:28:29","guid":{"rendered":"https:\/\/www.plastic-crates.com\/?post_type=product&#038;p=7463"},"modified":"2025-03-24T21:14:58","modified_gmt":"2025-03-24T21:14:58","slug":"contenedores-de-almacenamiento-con-apertura-frontal","status":"publish","type":"product","link":"https:\/\/www.plastic-crates.com\/es\/product\/contenedores-de-almacenamiento-con-apertura-frontal\/","title":{"rendered":"Contenedores de almacenamiento con apertura frontal"},"content":{"rendered":"<p>Descubra una organizaci\u00f3n f\u00e1cil y eficiente con nuestros contenedores de almacenamiento con apertura frontal. Estas unidades vers\u00e1tiles ofrecen una soluci\u00f3n inteligente para organizar cualquier espacio, desde talleres en garajes hasta cub\u00edculos de oficina. Su exclusiva apertura frontal permite un acceso r\u00e1pido a sus art\u00edculos, incluso cuando los contenedores est\u00e1n apilados. Resistentes, duraderos y dise\u00f1ados para un almacenamiento compacto, estos contenedores transformar\u00e1n su forma de organizarse. Simplifique su vida con nuestros contenedores de almacenamiento con apertura frontal.<\/p>\n<div style=\"width: 1170px;\" class=\"wp-video\"><!--[if lt IE 9]><script>document.createElement('video');<\/script><![endif]-->\n<video class=\"wp-video-shortcode\" id=\"video-7463-1\" width=\"1170\" height=\"658\" preload=\"metadata\" controls=\"controls\"><source type=\"video\/mp4\" src=\"https:\/\/www.plastic-crates.com\/wp-content\/uploads\/2025\/02\/front-opening-storage-containers.mp4?_=1\" \/><a href=\"https:\/\/www.plastic-crates.com\/wp-content\/uploads\/2025\/02\/front-opening-storage-containers.mp4\">https:\/\/www.plastic-crates.com\/wp-content\/uploads\/2025\/02\/front-opening-storage-containers.mp4<\/a><\/video><\/div>","protected":false},"excerpt":{"rendered":"<div><a href=\"https:\/\/www.plastic-crates.com\/es\/product-category\/contenedor-de-paletas\/\" target=\"_blank\" rel=\"noopener\">contenedor para pal\u00e9s<\/a>,<a href=\"https:\/\/www.plastic-crates.com\/es\/product-category\/contenedores-con-tapa\/\" target=\"_blank\" rel=\"noopener noreferrer\">Contenedores de almacenamiento de pl\u00e1stico con cerradura<\/a>,<a href=\"https:\/\/www.plastic-crates.com\/es\/product-category\/cajas-de-fruta\/\" target=\"_blank\" rel=\"noopener\">cajas de fruta al por mayor<\/a>,<a href=\"https:\/\/www.plastic-crates.com\/es\/product-category\/cajas-de-fruta\/\" target=\"_blank\" rel=\"noopener\">cajas de fruta al por mayor<\/a>,<a href=\"https:\/\/www.rollingcrates.com\/product-category\/folding-wagon\/\" target=\"_blank\" rel=\"noopener\">carro plegable grande<\/a><\/div>","protected":false},"featured_media":7464,"template":"","meta":{"_acf_changed":false},"product_brand":[],"product_cat":[18,15],"product_tag":[],"class_list":{"0":"post-7463","1":"product","2":"type-product","3":"status-publish","4":"has-post-thumbnail","6":"product_cat-parts-storage-bins","7":"product_cat-stackable-containers","9":"first","10":"instock","11":"product-type-simple"},"acf":[],"yoast_head":"<!-- This site is optimized with the Yoast SEO plugin v26.1.1 - https:\/\/yoast.com\/wordpress\/plugins\/seo\/ -->\n<title>Front opening storage containers wholesale &amp; Factory Price<\/title>\n<meta name=\"description\" content=\"Wholesale front opening storage containers, open front crates supplier, Dimensions(L*W*H):600 * 400 * 450 mm, Weight: 2.18kg\" \/>\n<meta name=\"robots\" content=\"index, follow, max-snippet:-1, max-image-preview:large, max-video-preview:-1\" \/>\n<link rel=\"canonical\" href=\"https:\/\/www.plastic-crates.com\/es\/product\/contenedores-de-almacenamiento-con-apertura-frontal\/\" \/>\n<meta property=\"og:locale\" content=\"es_ES\" \/>\n<meta property=\"og:type\" content=\"article\" \/>\n<meta property=\"og:title\" content=\"auto parts storage bins\" \/>\n<meta property=\"og:description\" content=\"Wholesale front opening storage containers, open front crates supplier, Dimensions(L*W*H):600 * 400 * 450 mm, Weight: 2.18kg\" \/>\n<meta property=\"og:url\" content=\"https:\/\/www.plastic-crates.com\/es\/product\/contenedores-de-almacenamiento-con-apertura-frontal\/\" \/>\n<meta property=\"og:site_name\" content=\"plastic-crates.com\" \/>\n<meta property=\"article:modified_time\" content=\"2025-03-24T21:14:58+00:00\" \/>\n<meta property=\"og:image\" content=\"https:\/\/www.plastic-crates.com\/wp-content\/uploads\/2025\/02\/front-opening-storage-containers-1.png\" \/>\n\t<meta property=\"og:image:width\" content=\"720\" \/>\n\t<meta property=\"og:image:height\" content=\"720\" \/>\n\t<meta property=\"og:image:type\" content=\"image\/png\" \/>\n<meta name=\"twitter:card\" content=\"summary_large_image\" \/>\n<meta name=\"twitter:title\" content=\"auto parts storage bins\" \/>\n<meta name=\"twitter:label1\" content=\"Tiempo de lectura\" \/>\n\t<meta name=\"twitter:data1\" content=\"1 minuto\" \/>\n<script type=\"application\/ld+json\" class=\"yoast-schema-graph\">{\"@context\":\"https:\/\/schema.org\",\"@graph\":[{\"@type\":\"WebPage\",\"@id\":\"https:\/\/www.plastic-crates.com\/product\/front-opening-storage-containers\/\",\"url\":\"https:\/\/www.plastic-crates.com\/product\/front-opening-storage-containers\/\",\"name\":\"Front opening storage containers wholesale & Factory Price\",\"isPartOf\":{\"@id\":\"https:\/\/www.plastic-crates.com\/#website\"},\"primaryImageOfPage\":{\"@id\":\"https:\/\/www.plastic-crates.com\/product\/front-opening-storage-containers\/#primaryimage\"},\"image\":{\"@id\":\"https:\/\/www.plastic-crates.com\/product\/front-opening-storage-containers\/#primaryimage\"},\"thumbnailUrl\":\"https:\/\/www.plastic-crates.com\/wp-content\/uploads\/2025\/02\/front-opening-storage-containers-1.png\",\"datePublished\":\"2025-02-20T06:28:29+00:00\",\"dateModified\":\"2025-03-24T21:14:58+00:00\",\"description\":\"Wholesale front opening storage containers, open front crates supplier, Dimensions(L*W*H):600 * 400 * 450 mm, Weight: 2.18kg\",\"breadcrumb\":{\"@id\":\"https:\/\/www.plastic-crates.com\/product\/front-opening-storage-containers\/#breadcrumb\"},\"inLanguage\":\"es\",\"potentialAction\":[{\"@type\":\"ReadAction\",\"target\":[\"https:\/\/www.plastic-crates.com\/product\/front-opening-storage-containers\/\"]}]},{\"@type\":\"ImageObject\",\"inLanguage\":\"es\",\"@id\":\"https:\/\/www.plastic-crates.com\/product\/front-opening-storage-containers\/#primaryimage\",\"url\":\"https:\/\/www.plastic-crates.com\/wp-content\/uploads\/2025\/02\/front-opening-storage-containers-1.png\",\"contentUrl\":\"https:\/\/www.plastic-crates.com\/wp-content\/uploads\/2025\/02\/front-opening-storage-containers-1.png\",\"width\":720,\"height\":720,\"caption\":\"front opening storage containers\"},{\"@type\":\"BreadcrumbList\",\"@id\":\"https:\/\/www.plastic-crates.com\/product\/front-opening-storage-containers\/#breadcrumb\",\"itemListElement\":[{\"@type\":\"ListItem\",\"position\":1,\"name\":\"Home\",\"item\":\"https:\/\/www.plastic-crates.com\/\"},{\"@type\":\"ListItem\",\"position\":2,\"name\":\"Products\",\"item\":\"https:\/\/www.plastic-crates.com\/shop\/\"},{\"@type\":\"ListItem\",\"position\":3,\"name\":\"front opening storage containers\"}]},{\"@type\":\"WebSite\",\"@id\":\"https:\/\/www.plastic-crates.com\/#website\",\"url\":\"https:\/\/www.plastic-crates.com\/\",\"name\":\"plastic-crates.com\",\"description\":\"Leading plastic crates manufacturer in China\",\"potentialAction\":[{\"@type\":\"SearchAction\",\"target\":{\"@type\":\"EntryPoint\",\"urlTemplate\":\"https:\/\/www.plastic-crates.com\/?s={search_term_string}\"},\"query-input\":{\"@type\":\"PropertyValueSpecification\",\"valueRequired\":true,\"valueName\":\"search_term_string\"}}],\"inLanguage\":\"es\"}]}<\/script>\n<!-- \/ Yoast SEO plugin. -->","yoast_head_json":{"title":"Contenedores de almacenamiento con apertura frontal al por mayor y precio de f\u00e1brica","description":"Proveedor de contenedores de almacenamiento con apertura frontal al por mayor, dimensiones (largo x ancho x alto): 600 x 400 x 450 mm, peso: 2,18 kg.","robots":{"index":"index","follow":"follow","max-snippet":"max-snippet:-1","max-image-preview":"max-image-preview:large","max-video-preview":"max-video-preview:-1"},"canonical":"https:\/\/www.plastic-crates.com\/es\/product\/contenedores-de-almacenamiento-con-apertura-frontal\/","og_locale":"es_ES","og_type":"article","og_title":"auto parts storage bins","og_description":"Wholesale front opening storage containers, open front crates supplier, Dimensions(L*W*H):600 * 400 * 450 mm, Weight: 2.18kg","og_url":"https:\/\/www.plastic-crates.com\/es\/product\/contenedores-de-almacenamiento-con-apertura-frontal\/","og_site_name":"plastic-crates.com","article_modified_time":"2025-03-24T21:14:58+00:00","og_image":[{"width":720,"height":720,"url":"https:\/\/www.plastic-crates.com\/wp-content\/uploads\/2025\/02\/front-opening-storage-containers-1.png","type":"image\/png"}],"twitter_card":"summary_large_image","twitter_title":"auto parts storage bins","twitter_misc":{"Tiempo de lectura":"1 minuto"},"schema":{"@context":"https:\/\/schema.org","@graph":[{"@type":"WebPage","@id":"https:\/\/www.plastic-crates.com\/product\/front-opening-storage-containers\/","url":"https:\/\/www.plastic-crates.com\/product\/front-opening-storage-containers\/","name":"Contenedores de almacenamiento con apertura frontal al por mayor y precio de f\u00e1brica","isPartOf":{"@id":"https:\/\/www.plastic-crates.com\/#website"},"primaryImageOfPage":{"@id":"https:\/\/www.plastic-crates.com\/product\/front-opening-storage-containers\/#primaryimage"},"image":{"@id":"https:\/\/www.plastic-crates.com\/product\/front-opening-storage-containers\/#primaryimage"},"thumbnailUrl":"https:\/\/www.plastic-crates.com\/wp-content\/uploads\/2025\/02\/front-opening-storage-containers-1.png","datePublished":"2025-02-20T06:28:29+00:00","dateModified":"2025-03-24T21:14:58+00:00","description":"Proveedor de contenedores de almacenamiento con apertura frontal al por mayor, dimensiones (largo x ancho x alto): 600 x 400 x 450 mm, peso: 2,18 kg.","breadcrumb":{"@id":"https:\/\/www.plastic-crates.com\/product\/front-opening-storage-containers\/#breadcrumb"},"inLanguage":"es","potentialAction":[{"@type":"ReadAction","target":["https:\/\/www.plastic-crates.com\/product\/front-opening-storage-containers\/"]}]},{"@type":"ImageObject","inLanguage":"es","@id":"https:\/\/www.plastic-crates.com\/product\/front-opening-storage-containers\/#primaryimage","url":"https:\/\/www.plastic-crates.com\/wp-content\/uploads\/2025\/02\/front-opening-storage-containers-1.png","contentUrl":"https:\/\/www.plastic-crates.com\/wp-content\/uploads\/2025\/02\/front-opening-storage-containers-1.png","width":720,"height":720,"caption":"front opening storage containers"},{"@type":"BreadcrumbList","@id":"https:\/\/www.plastic-crates.com\/product\/front-opening-storage-containers\/#breadcrumb","itemListElement":[{"@type":"ListItem","position":1,"name":"Home","item":"https:\/\/www.plastic-crates.com\/"},{"@type":"ListItem","position":2,"name":"Products","item":"https:\/\/www.plastic-crates.com\/shop\/"},{"@type":"ListItem","position":3,"name":"front opening storage containers"}]},{"@type":"WebSite","@id":"https:\/\/www.plastic-crates.com\/#website","url":"https:\/\/www.plastic-crates.com\/","name":"plastic-crates.com","description":"Fabricante l\u00edder de cajas de pl\u00e1stico en China","potentialAction":[{"@type":"SearchAction","target":{"@type":"EntryPoint","urlTemplate":"https:\/\/www.plastic-crates.com\/?s={search_term_string}"},"query-input":{"@type":"PropertyValueSpecification","valueRequired":true,"valueName":"search_term_string"}}],"inLanguage":"es"}]}},"_links":{"self":[{"href":"https:\/\/www.plastic-crates.com\/es\/wp-json\/wp\/v2\/product\/7463","targetHints":{"allow":["GET"]}}],"collection":[{"href":"https:\/\/www.plastic-crates.com\/es\/wp-json\/wp\/v2\/product"}],"about":[{"href":"https:\/\/www.plastic-crates.com\/es\/wp-json\/wp\/v2\/types\/product"}],"wp:featuredmedia":[{"embeddable":true,"href":"https:\/\/www.plastic-crates.com\/es\/wp-json\/wp\/v2\/media\/7464"}],"wp:attachment":[{"href":"https:\/\/www.plastic-crates.com\/es\/wp-json\/wp\/v2\/media?parent=7463"}],"wp:term":[{"taxonomy":"product_brand","embeddable":true,"href":"https:\/\/www.plastic-crates.com\/es\/wp-json\/wp\/v2\/product_brand?post=7463"},{"taxonomy":"product_cat","embeddable":true,"href":"https:\/\/www.plastic-crates.com\/es\/wp-json\/wp\/v2\/product_cat?post=7463"},{"taxonomy":"product_tag","embeddable":true,"href":"https:\/\/www.plastic-crates.com\/es\/wp-json\/wp\/v2\/product_tag?post=7463"}],"curies":[{"name":"gracias","href":"https:\/\/api.w.org\/{rel}","templated":true}]}}