{"id":7497,"date":"2025-03-24T20:47:23","date_gmt":"2025-03-24T20:47:23","guid":{"rendered":"https:\/\/www.plastic-crates.com\/?post_type=product&#038;p=7497"},"modified":"2025-03-24T21:08:26","modified_gmt":"2025-03-24T21:08:26","slug":"bandeja-de-cria-de-plastico-bsf-para-gusanos-de-la-harina","status":"publish","type":"product","link":"https:\/\/www.plastic-crates.com\/es\/product\/bandeja-de-cria-de-plastico-bsf-para-gusanos-de-la-harina\/","title":{"rendered":"Bandeja de cr\u00eda de pl\u00e1stico BSF para gusanos de la harina"},"content":{"rendered":"<p>Mejore sus proyectos de cr\u00eda u observaci\u00f3n de insectos con esta robusta caja de cr\u00eda, dise\u00f1ada para proporcionar un entorno seguro y pr\u00e1ctico para la cr\u00eda o el estudio de insectos. Fabricada con pl\u00e1stico azul duradero y de alta calidad, esta caja de cr\u00eda est\u00e1 dise\u00f1ada para resistir el uso regular y garantizar la seguridad de sus habitantes. Su espacioso dise\u00f1o rectangular ofrece amplio espacio para que los insectos prosperen, lo que la hace ideal para aficionados, educadores e investigadores.<\/p>\n<div style=\"width: 1170px;\" class=\"wp-video\"><!--[if lt IE 9]><script>document.createElement('video');<\/script><![endif]-->\n<video class=\"wp-video-shortcode\" id=\"video-7497-1\" width=\"1170\" height=\"658\" preload=\"metadata\" controls=\"controls\"><source type=\"video\/mp4\" src=\"https:\/\/www.plastic-crates.com\/wp-content\/uploads\/2025\/03\/Insect-Breeding-Box.mp4?_=1\" \/><a href=\"https:\/\/www.plastic-crates.com\/wp-content\/uploads\/2025\/03\/Insect-Breeding-Box.mp4\">https:\/\/www.plastic-crates.com\/wp-content\/uploads\/2025\/03\/Insect-Breeding-Box.mp4<\/a><\/video><\/div>\n<p>La caja cuenta con una estructura ventilada con m\u00faltiples secciones laterales recortadas que favorecen una ventilaci\u00f3n adecuada para mantener un ambiente saludable para los insectos. Su base s\u00f3lida garantiza la estabilidad, mientras que los bordes elevados mantienen el contenido bien contenido. Su vibrante color azul no solo le da un aspecto profesional, sino que tambi\u00e9n facilita su localizaci\u00f3n en cualquier espacio de trabajo. Perfecta para la cr\u00eda, observaci\u00f3n o transporte de insectos como orugas, escarabajos de la familia de las garrapatas (BSF), escarabajos u otras especies peque\u00f1as, esta caja de cr\u00eda de insectos es una herramienta fiable y vers\u00e1til para los aficionados a la entomolog\u00eda. Tanto si cultiva un h\u00e1bitat para mariposas como si estudia el comportamiento de los insectos, esta caja ofrece la funcionalidad y la durabilidad necesarias para una cr\u00eda exitosa de insectos.<\/p>\n<p><a href=\"https:\/\/www.plastic-crates.com\/es\/product-category\/contenedores-de-plastico-transparente\/\">Contenedores de pl\u00e1stico transparente<\/a>, <a href=\"https:\/\/www.plastic-crate.co.uk\/product-category\/supermarket-crates-bale-arm-crates\/\">cajas con brazos para pacas<\/a>,<\/p>","protected":false},"excerpt":{"rendered":"<p>Mejore sus proyectos de cr\u00eda u observaci\u00f3n de insectos con esta resistente caja de cr\u00eda de insectos, dise\u00f1ada para proporcionar un lugar seguro y pr\u00e1ctico\u2026<\/p>","protected":false},"featured_media":7504,"template":"","meta":{"_acf_changed":false},"product_brand":[],"product_cat":[144],"product_tag":[],"class_list":{"0":"post-7497","1":"product","2":"type-product","3":"status-publish","4":"has-post-thumbnail","6":"product_cat-plastic-trays-wholesale","8":"first","9":"instock","10":"sale","11":"purchasable","12":"product-type-simple"},"acf":[],"yoast_head":"<!-- This site is optimized with the Yoast SEO plugin v26.1.1 - https:\/\/yoast.com\/wordpress\/plugins\/seo\/ -->\n<title>Plastic BSF Breeding Tray Box for Mealworm for sale<\/title>\n<meta name=\"description\" content=\"Plastic BSF Breeding Tray Box for Mealworm, Insect Rearing box, OEM &amp; ODM service available, insect breeding boxes wholesale price!\" \/>\n<meta name=\"robots\" content=\"index, follow, max-snippet:-1, max-image-preview:large, max-video-preview:-1\" \/>\n<link rel=\"canonical\" href=\"https:\/\/www.plastic-crates.com\/es\/product\/bandeja-de-cria-de-plastico-bsf-para-gusanos-de-la-harina\/\" \/>\n<meta property=\"og:locale\" content=\"es_ES\" \/>\n<meta property=\"og:type\" content=\"article\" \/>\n<meta property=\"og:title\" content=\"stackable folding crate, High Quality stackable folding crate Wholesale\" \/>\n<meta property=\"og:description\" content=\"Plastic BSF Breeding Tray Box for Mealworm, Insect Rearing box, OEM &amp; ODM service available, insect breeding boxes wholesale price!\" \/>\n<meta property=\"og:url\" content=\"https:\/\/www.plastic-crates.com\/es\/product\/bandeja-de-cria-de-plastico-bsf-para-gusanos-de-la-harina\/\" \/>\n<meta property=\"og:site_name\" content=\"plastic-crates.com\" \/>\n<meta property=\"article:modified_time\" content=\"2025-03-24T21:08:26+00:00\" \/>\n<meta property=\"og:image\" content=\"https:\/\/www.plastic-crates.com\/wp-content\/uploads\/2025\/03\/black-soldier-fly-breeding-box-7.jpg\" \/>\n\t<meta property=\"og:image:width\" content=\"720\" \/>\n\t<meta property=\"og:image:height\" content=\"720\" \/>\n\t<meta property=\"og:image:type\" content=\"image\/jpeg\" \/>\n<meta name=\"twitter:card\" content=\"summary_large_image\" \/>\n<meta name=\"twitter:title\" content=\"stackable folding crate, High Quality stackable folding crate Wholesale\" \/>\n<meta name=\"twitter:label1\" content=\"Tiempo de lectura\" \/>\n\t<meta name=\"twitter:data1\" content=\"2 minutos\" \/>\n<script type=\"application\/ld+json\" class=\"yoast-schema-graph\">{\"@context\":\"https:\/\/schema.org\",\"@graph\":[{\"@type\":\"WebPage\",\"@id\":\"https:\/\/www.plastic-crates.com\/product\/plastic-bsf-breeding-tray-box-for-mealworm\/\",\"url\":\"https:\/\/www.plastic-crates.com\/product\/plastic-bsf-breeding-tray-box-for-mealworm\/\",\"name\":\"Plastic BSF Breeding Tray Box for Mealworm for sale\",\"isPartOf\":{\"@id\":\"https:\/\/www.plastic-crates.com\/#website\"},\"primaryImageOfPage\":{\"@id\":\"https:\/\/www.plastic-crates.com\/product\/plastic-bsf-breeding-tray-box-for-mealworm\/#primaryimage\"},\"image\":{\"@id\":\"https:\/\/www.plastic-crates.com\/product\/plastic-bsf-breeding-tray-box-for-mealworm\/#primaryimage\"},\"thumbnailUrl\":\"https:\/\/www.plastic-crates.com\/wp-content\/uploads\/2025\/03\/black-soldier-fly-breeding-box-7.jpg\",\"datePublished\":\"2025-03-24T20:47:23+00:00\",\"dateModified\":\"2025-03-24T21:08:26+00:00\",\"description\":\"Plastic BSF Breeding Tray Box for Mealworm, Insect Rearing box, OEM & ODM service available, insect breeding boxes wholesale price!\",\"breadcrumb\":{\"@id\":\"https:\/\/www.plastic-crates.com\/product\/plastic-bsf-breeding-tray-box-for-mealworm\/#breadcrumb\"},\"inLanguage\":\"es\",\"potentialAction\":[{\"@type\":\"ReadAction\",\"target\":[\"https:\/\/www.plastic-crates.com\/product\/plastic-bsf-breeding-tray-box-for-mealworm\/\"]}]},{\"@type\":\"ImageObject\",\"inLanguage\":\"es\",\"@id\":\"https:\/\/www.plastic-crates.com\/product\/plastic-bsf-breeding-tray-box-for-mealworm\/#primaryimage\",\"url\":\"https:\/\/www.plastic-crates.com\/wp-content\/uploads\/2025\/03\/black-soldier-fly-breeding-box-7.jpg\",\"contentUrl\":\"https:\/\/www.plastic-crates.com\/wp-content\/uploads\/2025\/03\/black-soldier-fly-breeding-box-7.jpg\",\"width\":720,\"height\":720,\"caption\":\"Insect breeding box\"},{\"@type\":\"BreadcrumbList\",\"@id\":\"https:\/\/www.plastic-crates.com\/product\/plastic-bsf-breeding-tray-box-for-mealworm\/#breadcrumb\",\"itemListElement\":[{\"@type\":\"ListItem\",\"position\":1,\"name\":\"Home\",\"item\":\"https:\/\/www.plastic-crates.com\/\"},{\"@type\":\"ListItem\",\"position\":2,\"name\":\"Products\",\"item\":\"https:\/\/www.plastic-crates.com\/shop\/\"},{\"@type\":\"ListItem\",\"position\":3,\"name\":\"Plastic BSF Breeding Tray Box for Mealworm\"}]},{\"@type\":\"WebSite\",\"@id\":\"https:\/\/www.plastic-crates.com\/#website\",\"url\":\"https:\/\/www.plastic-crates.com\/\",\"name\":\"plastic-crates.com\",\"description\":\"Leading plastic crates manufacturer in China\",\"potentialAction\":[{\"@type\":\"SearchAction\",\"target\":{\"@type\":\"EntryPoint\",\"urlTemplate\":\"https:\/\/www.plastic-crates.com\/?s={search_term_string}\"},\"query-input\":{\"@type\":\"PropertyValueSpecification\",\"valueRequired\":true,\"valueName\":\"search_term_string\"}}],\"inLanguage\":\"es\"}]}<\/script>\n<!-- \/ Yoast SEO plugin. -->","yoast_head_json":{"title":"Bandeja de cr\u00eda de pl\u00e1stico BSF para gusanos de la harina a la venta","description":"Caja de bandeja de cr\u00eda de pl\u00e1stico BSF para gusanos de la harina, caja de cr\u00eda de insectos, servicio OEM y ODM disponible, precio mayorista de cajas de cr\u00eda de insectos.","robots":{"index":"index","follow":"follow","max-snippet":"max-snippet:-1","max-image-preview":"max-image-preview:large","max-video-preview":"max-video-preview:-1"},"canonical":"https:\/\/www.plastic-crates.com\/es\/product\/bandeja-de-cria-de-plastico-bsf-para-gusanos-de-la-harina\/","og_locale":"es_ES","og_type":"article","og_title":"stackable folding crate, High Quality stackable folding crate Wholesale","og_description":"Plastic BSF Breeding Tray Box for Mealworm, Insect Rearing box, OEM & ODM service available, insect breeding boxes wholesale price!","og_url":"https:\/\/www.plastic-crates.com\/es\/product\/bandeja-de-cria-de-plastico-bsf-para-gusanos-de-la-harina\/","og_site_name":"plastic-crates.com","article_modified_time":"2025-03-24T21:08:26+00:00","og_image":[{"width":720,"height":720,"url":"https:\/\/www.plastic-crates.com\/wp-content\/uploads\/2025\/03\/black-soldier-fly-breeding-box-7.jpg","type":"image\/jpeg"}],"twitter_card":"summary_large_image","twitter_title":"stackable folding crate, High Quality stackable folding crate Wholesale","twitter_misc":{"Tiempo de lectura":"2 minutos"},"schema":{"@context":"https:\/\/schema.org","@graph":[{"@type":"WebPage","@id":"https:\/\/www.plastic-crates.com\/product\/plastic-bsf-breeding-tray-box-for-mealworm\/","url":"https:\/\/www.plastic-crates.com\/product\/plastic-bsf-breeding-tray-box-for-mealworm\/","name":"Bandeja de cr\u00eda de pl\u00e1stico BSF para gusanos de la harina a la venta","isPartOf":{"@id":"https:\/\/www.plastic-crates.com\/#website"},"primaryImageOfPage":{"@id":"https:\/\/www.plastic-crates.com\/product\/plastic-bsf-breeding-tray-box-for-mealworm\/#primaryimage"},"image":{"@id":"https:\/\/www.plastic-crates.com\/product\/plastic-bsf-breeding-tray-box-for-mealworm\/#primaryimage"},"thumbnailUrl":"https:\/\/www.plastic-crates.com\/wp-content\/uploads\/2025\/03\/black-soldier-fly-breeding-box-7.jpg","datePublished":"2025-03-24T20:47:23+00:00","dateModified":"2025-03-24T21:08:26+00:00","description":"Caja de bandeja de cr\u00eda de pl\u00e1stico BSF para gusanos de la harina, caja de cr\u00eda de insectos, servicio OEM y ODM disponible, precio mayorista de cajas de cr\u00eda de insectos.","breadcrumb":{"@id":"https:\/\/www.plastic-crates.com\/product\/plastic-bsf-breeding-tray-box-for-mealworm\/#breadcrumb"},"inLanguage":"es","potentialAction":[{"@type":"ReadAction","target":["https:\/\/www.plastic-crates.com\/product\/plastic-bsf-breeding-tray-box-for-mealworm\/"]}]},{"@type":"ImageObject","inLanguage":"es","@id":"https:\/\/www.plastic-crates.com\/product\/plastic-bsf-breeding-tray-box-for-mealworm\/#primaryimage","url":"https:\/\/www.plastic-crates.com\/wp-content\/uploads\/2025\/03\/black-soldier-fly-breeding-box-7.jpg","contentUrl":"https:\/\/www.plastic-crates.com\/wp-content\/uploads\/2025\/03\/black-soldier-fly-breeding-box-7.jpg","width":720,"height":720,"caption":"Insect breeding box"},{"@type":"BreadcrumbList","@id":"https:\/\/www.plastic-crates.com\/product\/plastic-bsf-breeding-tray-box-for-mealworm\/#breadcrumb","itemListElement":[{"@type":"ListItem","position":1,"name":"Home","item":"https:\/\/www.plastic-crates.com\/"},{"@type":"ListItem","position":2,"name":"Products","item":"https:\/\/www.plastic-crates.com\/shop\/"},{"@type":"ListItem","position":3,"name":"Plastic BSF Breeding Tray Box for Mealworm"}]},{"@type":"WebSite","@id":"https:\/\/www.plastic-crates.com\/#website","url":"https:\/\/www.plastic-crates.com\/","name":"plastic-crates.com","description":"Fabricante l\u00edder de cajas de pl\u00e1stico en China","potentialAction":[{"@type":"SearchAction","target":{"@type":"EntryPoint","urlTemplate":"https:\/\/www.plastic-crates.com\/?s={search_term_string}"},"query-input":{"@type":"PropertyValueSpecification","valueRequired":true,"valueName":"search_term_string"}}],"inLanguage":"es"}]}},"_links":{"self":[{"href":"https:\/\/www.plastic-crates.com\/es\/wp-json\/wp\/v2\/product\/7497","targetHints":{"allow":["GET"]}}],"collection":[{"href":"https:\/\/www.plastic-crates.com\/es\/wp-json\/wp\/v2\/product"}],"about":[{"href":"https:\/\/www.plastic-crates.com\/es\/wp-json\/wp\/v2\/types\/product"}],"wp:featuredmedia":[{"embeddable":true,"href":"https:\/\/www.plastic-crates.com\/es\/wp-json\/wp\/v2\/media\/7504"}],"wp:attachment":[{"href":"https:\/\/www.plastic-crates.com\/es\/wp-json\/wp\/v2\/media?parent=7497"}],"wp:term":[{"taxonomy":"product_brand","embeddable":true,"href":"https:\/\/www.plastic-crates.com\/es\/wp-json\/wp\/v2\/product_brand?post=7497"},{"taxonomy":"product_cat","embeddable":true,"href":"https:\/\/www.plastic-crates.com\/es\/wp-json\/wp\/v2\/product_cat?post=7497"},{"taxonomy":"product_tag","embeddable":true,"href":"https:\/\/www.plastic-crates.com\/es\/wp-json\/wp\/v2\/product_tag?post=7497"}],"curies":[{"name":"gracias","href":"https:\/\/api.w.org\/{rel}","templated":true}]}}