{"id":7518,"date":"2025-04-26T10:01:42","date_gmt":"2025-04-26T10:01:42","guid":{"rendered":"https:\/\/www.plastic-crates.com\/?post_type=product&#038;p=7518"},"modified":"2025-05-11T09:51:05","modified_gmt":"2025-05-11T09:51:05","slug":"cajas-para-pollos-cajas-para-transporte-de-pollos-cajas-para-pollos-en-venta","status":"publish","type":"product","link":"https:\/\/www.plastic-crates.com\/es\/product\/cajas-para-pollos-cajas-para-transporte-de-pollos-cajas-para-pollos-en-venta\/","title":{"rendered":"jaulas para pollos, jaulas para transporte de pollos, jaulas para pollos en venta"},"content":{"rendered":"<p><strong>Soluci\u00f3n de almacenamiento duradera y eficiente para aves de corral<\/strong><\/p>\n<p>Presentando nuestro <strong>Cajas para pollos premium<\/strong>Dise\u00f1adas por expertos para el transporte y almacenamiento seguro y eficiente de pollos. Estas vibrantes cajas naranjas combinan funcionalidad y durabilidad, lo que las convierte en un producto imprescindible para avicultores y proveedores.<\/p>\n<table class=\"table table-auto w-full border border-gray-300\">\n<thead>\n<tr>\n<th class=\"border px-4! py-2! text-left\">Art\u00edculo<\/th>\n<th class=\"border px-4! py-2! text-left\">Detalles<\/th>\n<\/tr>\n<\/thead>\n<tbody>\n<tr>\n<td class=\"border px-4! py-2!\">Tama\u00f1o del producto (CM)<\/td>\n<td class=\"border px-4! py-2!\">75 \u00d7 55,5 \u00d7 28,5<\/td>\n<\/tr>\n<tr>\n<td class=\"border px-4! py-2!\">Altura interior (CM)<\/td>\n<td class=\"border px-4! py-2!\">23<\/td>\n<\/tr>\n<tr>\n<td class=\"border px-4! py-2!\">Tama\u00f1o de la boca de la jaula (CM)<\/td>\n<td class=\"border px-4! py-2!\">33,5 \u00d7 32,5<\/td>\n<\/tr>\n<tr>\n<td class=\"border px-4! py-2!\">Solicitud<\/td>\n<td class=\"border px-4! py-2!\">Transporte de ganado<\/td>\n<\/tr>\n<tr>\n<td class=\"border px-4! py-2!\">Descripci\u00f3n del Producto<\/td>\n<td class=\"border px-4! py-2!\">Para el transporte de pollos<\/td>\n<\/tr>\n<tr>\n<td class=\"border px-4! py-2!\">Ventajas<\/td>\n<td class=\"border px-4! py-2!\">F\u00e1cil de montar<\/td>\n<\/tr>\n<tr>\n<td class=\"border px-4! py-2!\">Capacidad<\/td>\n<td class=\"border px-4! py-2!\">Se utiliza para 8 a 12 pollos adultos (1,5 kg a 3,5 kg)<\/td>\n<\/tr>\n<\/tbody>\n<\/table>\n<p><strong>Caracter\u00edsticas principales de las cajas para pollos:<\/strong><\/p>\n<ul>\n<li><strong>Construcci\u00f3n robusta:<\/strong>\u00a0Fabricadas con pl\u00e1stico de alta calidad apto para uso alimentario, garantizan una larga vida \u00fatil, incluso en las condiciones m\u00e1s dif\u00edciles. Resistentes al desgaste, estas cajas est\u00e1n dise\u00f1adas para soportar el uso diario.<\/li>\n<li><strong>Dise\u00f1o ventilado:<\/strong>\u00a0Nuestras jaulas cuentan con una estructura perforada cuidadosamente dise\u00f1ada que favorece la circulaci\u00f3n del aire y evita el sobrecalentamiento durante el transporte. Esto garantiza la comodidad y el bienestar de sus aves.<\/li>\n<li><strong>Manejo c\u00f3modo:<\/strong>\u00a0Ligeras pero resistentes, estas cajas son f\u00e1ciles de apilar, transportar y almacenar. Su dise\u00f1o \u00fanico permite levantarlas y maniobrarlas sin esfuerzo.<\/li>\n<li><strong>F\u00e1cil de limpiar:<\/strong>\u00a0Las superficies lisas de pl\u00e1stico permiten una limpieza r\u00e1pida y sencilla, garantizando excelentes est\u00e1ndares de higiene para sus aves de corral.<\/li>\n<li><strong>Uso vers\u00e1til:<\/strong>\u00a0Ideal no solo para transportar pollos, sino que tambi\u00e9n es compatible con otros animales peque\u00f1os y productos, lo que los convierte en un complemento vers\u00e1til para sus operaciones agr\u00edcolas o de suministro.<\/li>\n<\/ul>","protected":false},"excerpt":{"rendered":"<p><a href=\"https:\/\/www.plastic-crates.com\/es\/product-tag\/cajas-de-leche-de-plastico\/\">cajas de leche de pl\u00e1stico<\/a>, <a href=\"https:\/\/www.plastic-crates.com\/es\/product-category\/contenedores-apilables\/\">cajas apilables<\/a><\/p>","protected":false},"featured_media":7519,"template":"","meta":{"_acf_changed":false},"product_brand":[],"product_cat":[150],"product_tag":[],"class_list":{"0":"post-7518","1":"product","2":"type-product","3":"status-publish","4":"has-post-thumbnail","6":"product_cat-others","8":"first","9":"instock","10":"shipping-taxable","11":"product-type-simple"},"acf":[],"yoast_head":"<!-- This site is optimized with the Yoast SEO plugin v26.1.1 - https:\/\/yoast.com\/wordpress\/plugins\/seo\/ -->\n<title>chicken crates, chicken transport crates, chicken crates for sale - plastic-crates.com<\/title>\n<meta name=\"robots\" content=\"index, follow, max-snippet:-1, max-image-preview:large, max-video-preview:-1\" \/>\n<link rel=\"canonical\" href=\"https:\/\/www.plastic-crates.com\/es\/product\/cajas-para-pollos-cajas-para-transporte-de-pollos-cajas-para-pollos-en-venta\/\" \/>\n<meta property=\"og:locale\" content=\"es_ES\" \/>\n<meta property=\"og:type\" content=\"article\" \/>\n<meta property=\"og:title\" content=\"chicken crates, chicken transport crates, chicken crates for sale - plastic-crates.com\" \/>\n<meta property=\"og:description\" content=\"plastic milk crates, stackable crates\" \/>\n<meta property=\"og:url\" content=\"https:\/\/www.plastic-crates.com\/es\/product\/cajas-para-pollos-cajas-para-transporte-de-pollos-cajas-para-pollos-en-venta\/\" \/>\n<meta property=\"og:site_name\" content=\"plastic-crates.com\" \/>\n<meta property=\"article:modified_time\" content=\"2025-05-11T09:51:05+00:00\" \/>\n<meta property=\"og:image\" content=\"https:\/\/www.plastic-crates.com\/wp-content\/uploads\/2025\/04\/chicken-transport-crates-for-sale-1.jpg\" \/>\n\t<meta property=\"og:image:width\" content=\"750\" \/>\n\t<meta property=\"og:image:height\" content=\"750\" \/>\n\t<meta property=\"og:image:type\" content=\"image\/jpeg\" \/>\n<meta name=\"twitter:card\" content=\"summary_large_image\" \/>\n<meta name=\"twitter:label1\" content=\"Tiempo de lectura\" \/>\n\t<meta name=\"twitter:data1\" content=\"2 minutos\" \/>\n<script type=\"application\/ld+json\" class=\"yoast-schema-graph\">{\"@context\":\"https:\/\/schema.org\",\"@graph\":[{\"@type\":\"WebPage\",\"@id\":\"https:\/\/www.plastic-crates.com\/product\/chicken-crates-chicken-transport-crates-chicken-crates-for-sale\/\",\"url\":\"https:\/\/www.plastic-crates.com\/product\/chicken-crates-chicken-transport-crates-chicken-crates-for-sale\/\",\"name\":\"chicken crates, chicken transport crates, chicken crates for sale - plastic-crates.com\",\"isPartOf\":{\"@id\":\"https:\/\/www.plastic-crates.com\/#website\"},\"primaryImageOfPage\":{\"@id\":\"https:\/\/www.plastic-crates.com\/product\/chicken-crates-chicken-transport-crates-chicken-crates-for-sale\/#primaryimage\"},\"image\":{\"@id\":\"https:\/\/www.plastic-crates.com\/product\/chicken-crates-chicken-transport-crates-chicken-crates-for-sale\/#primaryimage\"},\"thumbnailUrl\":\"https:\/\/www.plastic-crates.com\/wp-content\/uploads\/2025\/04\/chicken-transport-crates-for-sale-1.jpg\",\"datePublished\":\"2025-04-26T10:01:42+00:00\",\"dateModified\":\"2025-05-11T09:51:05+00:00\",\"breadcrumb\":{\"@id\":\"https:\/\/www.plastic-crates.com\/product\/chicken-crates-chicken-transport-crates-chicken-crates-for-sale\/#breadcrumb\"},\"inLanguage\":\"es\",\"potentialAction\":[{\"@type\":\"ReadAction\",\"target\":[\"https:\/\/www.plastic-crates.com\/product\/chicken-crates-chicken-transport-crates-chicken-crates-for-sale\/\"]}]},{\"@type\":\"ImageObject\",\"inLanguage\":\"es\",\"@id\":\"https:\/\/www.plastic-crates.com\/product\/chicken-crates-chicken-transport-crates-chicken-crates-for-sale\/#primaryimage\",\"url\":\"https:\/\/www.plastic-crates.com\/wp-content\/uploads\/2025\/04\/chicken-transport-crates-for-sale-1.jpg\",\"contentUrl\":\"https:\/\/www.plastic-crates.com\/wp-content\/uploads\/2025\/04\/chicken-transport-crates-for-sale-1.jpg\",\"width\":750,\"height\":750,\"caption\":\"chicken crates\"},{\"@type\":\"BreadcrumbList\",\"@id\":\"https:\/\/www.plastic-crates.com\/product\/chicken-crates-chicken-transport-crates-chicken-crates-for-sale\/#breadcrumb\",\"itemListElement\":[{\"@type\":\"ListItem\",\"position\":1,\"name\":\"Home\",\"item\":\"https:\/\/www.plastic-crates.com\/\"},{\"@type\":\"ListItem\",\"position\":2,\"name\":\"Products\",\"item\":\"https:\/\/www.plastic-crates.com\/shop\/\"},{\"@type\":\"ListItem\",\"position\":3,\"name\":\"chicken crates, chicken transport crates, chicken crates for sale\"}]},{\"@type\":\"WebSite\",\"@id\":\"https:\/\/www.plastic-crates.com\/#website\",\"url\":\"https:\/\/www.plastic-crates.com\/\",\"name\":\"plastic-crates.com\",\"description\":\"Leading plastic crates manufacturer in China\",\"potentialAction\":[{\"@type\":\"SearchAction\",\"target\":{\"@type\":\"EntryPoint\",\"urlTemplate\":\"https:\/\/www.plastic-crates.com\/?s={search_term_string}\"},\"query-input\":{\"@type\":\"PropertyValueSpecification\",\"valueRequired\":true,\"valueName\":\"search_term_string\"}}],\"inLanguage\":\"es\"}]}<\/script>\n<!-- \/ Yoast SEO plugin. -->","yoast_head_json":{"title":"Jaulas para pollos, jaulas para transporte de pollos, jaulas para pollos en venta - plastic-crates.com","robots":{"index":"index","follow":"follow","max-snippet":"max-snippet:-1","max-image-preview":"max-image-preview:large","max-video-preview":"max-video-preview:-1"},"canonical":"https:\/\/www.plastic-crates.com\/es\/product\/cajas-para-pollos-cajas-para-transporte-de-pollos-cajas-para-pollos-en-venta\/","og_locale":"es_ES","og_type":"article","og_title":"chicken crates, chicken transport crates, chicken crates for sale - plastic-crates.com","og_description":"plastic milk crates, stackable crates","og_url":"https:\/\/www.plastic-crates.com\/es\/product\/cajas-para-pollos-cajas-para-transporte-de-pollos-cajas-para-pollos-en-venta\/","og_site_name":"plastic-crates.com","article_modified_time":"2025-05-11T09:51:05+00:00","og_image":[{"width":750,"height":750,"url":"https:\/\/www.plastic-crates.com\/wp-content\/uploads\/2025\/04\/chicken-transport-crates-for-sale-1.jpg","type":"image\/jpeg"}],"twitter_card":"summary_large_image","twitter_misc":{"Tiempo de lectura":"2 minutos"},"schema":{"@context":"https:\/\/schema.org","@graph":[{"@type":"WebPage","@id":"https:\/\/www.plastic-crates.com\/product\/chicken-crates-chicken-transport-crates-chicken-crates-for-sale\/","url":"https:\/\/www.plastic-crates.com\/product\/chicken-crates-chicken-transport-crates-chicken-crates-for-sale\/","name":"Jaulas para pollos, jaulas para transporte de pollos, jaulas para pollos en venta - plastic-crates.com","isPartOf":{"@id":"https:\/\/www.plastic-crates.com\/#website"},"primaryImageOfPage":{"@id":"https:\/\/www.plastic-crates.com\/product\/chicken-crates-chicken-transport-crates-chicken-crates-for-sale\/#primaryimage"},"image":{"@id":"https:\/\/www.plastic-crates.com\/product\/chicken-crates-chicken-transport-crates-chicken-crates-for-sale\/#primaryimage"},"thumbnailUrl":"https:\/\/www.plastic-crates.com\/wp-content\/uploads\/2025\/04\/chicken-transport-crates-for-sale-1.jpg","datePublished":"2025-04-26T10:01:42+00:00","dateModified":"2025-05-11T09:51:05+00:00","breadcrumb":{"@id":"https:\/\/www.plastic-crates.com\/product\/chicken-crates-chicken-transport-crates-chicken-crates-for-sale\/#breadcrumb"},"inLanguage":"es","potentialAction":[{"@type":"ReadAction","target":["https:\/\/www.plastic-crates.com\/product\/chicken-crates-chicken-transport-crates-chicken-crates-for-sale\/"]}]},{"@type":"ImageObject","inLanguage":"es","@id":"https:\/\/www.plastic-crates.com\/product\/chicken-crates-chicken-transport-crates-chicken-crates-for-sale\/#primaryimage","url":"https:\/\/www.plastic-crates.com\/wp-content\/uploads\/2025\/04\/chicken-transport-crates-for-sale-1.jpg","contentUrl":"https:\/\/www.plastic-crates.com\/wp-content\/uploads\/2025\/04\/chicken-transport-crates-for-sale-1.jpg","width":750,"height":750,"caption":"chicken crates"},{"@type":"BreadcrumbList","@id":"https:\/\/www.plastic-crates.com\/product\/chicken-crates-chicken-transport-crates-chicken-crates-for-sale\/#breadcrumb","itemListElement":[{"@type":"ListItem","position":1,"name":"Home","item":"https:\/\/www.plastic-crates.com\/"},{"@type":"ListItem","position":2,"name":"Products","item":"https:\/\/www.plastic-crates.com\/shop\/"},{"@type":"ListItem","position":3,"name":"chicken crates, chicken transport crates, chicken crates for sale"}]},{"@type":"WebSite","@id":"https:\/\/www.plastic-crates.com\/#website","url":"https:\/\/www.plastic-crates.com\/","name":"plastic-crates.com","description":"Fabricante l\u00edder de cajas de pl\u00e1stico en China","potentialAction":[{"@type":"SearchAction","target":{"@type":"EntryPoint","urlTemplate":"https:\/\/www.plastic-crates.com\/?s={search_term_string}"},"query-input":{"@type":"PropertyValueSpecification","valueRequired":true,"valueName":"search_term_string"}}],"inLanguage":"es"}]}},"_links":{"self":[{"href":"https:\/\/www.plastic-crates.com\/es\/wp-json\/wp\/v2\/product\/7518","targetHints":{"allow":["GET"]}}],"collection":[{"href":"https:\/\/www.plastic-crates.com\/es\/wp-json\/wp\/v2\/product"}],"about":[{"href":"https:\/\/www.plastic-crates.com\/es\/wp-json\/wp\/v2\/types\/product"}],"wp:featuredmedia":[{"embeddable":true,"href":"https:\/\/www.plastic-crates.com\/es\/wp-json\/wp\/v2\/media\/7519"}],"wp:attachment":[{"href":"https:\/\/www.plastic-crates.com\/es\/wp-json\/wp\/v2\/media?parent=7518"}],"wp:term":[{"taxonomy":"product_brand","embeddable":true,"href":"https:\/\/www.plastic-crates.com\/es\/wp-json\/wp\/v2\/product_brand?post=7518"},{"taxonomy":"product_cat","embeddable":true,"href":"https:\/\/www.plastic-crates.com\/es\/wp-json\/wp\/v2\/product_cat?post=7518"},{"taxonomy":"product_tag","embeddable":true,"href":"https:\/\/www.plastic-crates.com\/es\/wp-json\/wp\/v2\/product_tag?post=7518"}],"curies":[{"name":"gracias","href":"https:\/\/api.w.org\/{rel}","templated":true}]}}