{"id":7542,"date":"2025-04-28T22:41:26","date_gmt":"2025-04-28T22:41:26","guid":{"rendered":"https:\/\/www.plastic-crates.com\/product\/plastic-green-stackable-bakery-tray\/"},"modified":"2025-04-28T22:59:52","modified_gmt":"2025-04-28T22:59:52","slug":"bandeja-de-panaderia-apilable-de-plastico-verde","status":"publish","type":"product","link":"https:\/\/www.plastic-crates.com\/es\/product\/bandeja-de-panaderia-apilable-de-plastico-verde\/","title":{"rendered":"Bandeja de panader\u00eda apilable de pl\u00e1stico verde"},"content":{"rendered":"<p>Presentamos nuestra bandeja de pl\u00e1stico multiusos ecol\u00f3gica para reposter\u00eda, dise\u00f1ada para ofrecer versatilidad y practicidad. Esta resistente bandeja ecol\u00f3gica es perfecta para jardiner\u00eda, almacenamiento y organizaci\u00f3n de diversos art\u00edculos en casa o en el trabajo.<\/p>\n<div style=\"width: 1170px;\" class=\"wp-video\"><!--[if lt IE 9]><script>document.createElement('video');<\/script><![endif]-->\n<video class=\"wp-video-shortcode\" id=\"video-7542-1\" width=\"1170\" height=\"658\" preload=\"metadata\" controls=\"controls\"><source type=\"video\/mp4\" src=\"https:\/\/www.plastic-crates.com\/wp-content\/uploads\/2025\/04\/plastic-bakery-rack-tray.mp4?_=1\" \/><a href=\"https:\/\/www.plastic-crates.com\/wp-content\/uploads\/2025\/04\/plastic-bakery-rack-tray.mp4\">https:\/\/www.plastic-crates.com\/wp-content\/uploads\/2025\/04\/plastic-bakery-rack-tray.mp4<\/a><\/video><\/div>\n<ul>\n<li><strong>Construcci\u00f3n duradera:<\/strong>\u00a0Fabricado con pl\u00e1stico duradero y de alta calidad que soporta el desgaste.<\/li>\n<li><strong>Orificios de drenaje:<\/strong>\u00a0Equipado con orificios ubicados estrat\u00e9gicamente para promover el flujo de aire y evitar la acumulaci\u00f3n de agua, lo que lo hace ideal para la jardiner\u00eda de plantas.<\/li>\n<li><strong>Dise\u00f1o apilable:<\/strong>\u00a0F\u00e1cilmente apilable para un almacenamiento eficiente, ahorr\u00e1ndole espacio cuando no est\u00e9 en uso.<\/li>\n<li><strong>Ligero:<\/strong>\u00a0F\u00e1cil de transportar y maniobrar, perfecto para uso en interiores y exteriores.<\/li>\n<li><strong>Uso vers\u00e1til:<\/strong>\u00a0Ideal para organizar herramientas, suministros para manualidades, art\u00edculos de cocina y m\u00e1s.<\/li>\n<\/ul>\n<p>Transforme su organizaci\u00f3n con nuestra bandeja de panader\u00eda de pl\u00e1stico multiusos ecol\u00f3gica, \u00a1donde la funcionalidad se combina con la sustentabilidad!<\/p>","protected":false},"excerpt":{"rendered":"<p><a href=\"https:\/\/www.plastic-crates.com\/es\/product-tag\/cajas-de-leche-de-plastico\/\">cajas de leche de pl\u00e1stico<\/a>,<a href=\"https:\/\/www.plastic-crates.com\/es\/product-category\/contenedores-con-tapa\/\">Contenedores con tapa<\/a>, <a class=\"___SBoxInline_cv2w1-red-team ___SLink_pr68d-red-team __inline_pr68d-red-team ___SText_d7yy4-red-team _size_200_d7yy4-red-team __lineHeight_d7yy4-red-team\" tabindex=\"0\" role=\"link\" href=\"https:\/\/www.best-boxes.com\/product-category\/straight-wall-containers\/\" target=\"_blank\" rel=\"noopener\" data-ui-name=\"Link\" data-at=\"display-keyword\" aria-label=\"Analizar contenedor de pared recta en Descripci\u00f3n general de palabras clave\"><span class=\"___SText_pr68d-red-team\" data-ui-name=\"Link.Text\">contenedor de pared recta<\/span><\/a><\/p>","protected":false},"featured_media":7535,"template":"","meta":{"_acf_changed":false},"product_brand":[],"product_cat":[151],"product_tag":[],"class_list":{"0":"post-7542","1":"product","2":"type-product","3":"status-publish","4":"has-post-thumbnail","6":"product_cat-bakery-rack","8":"first","9":"instock","10":"shipping-taxable","11":"product-type-simple"},"acf":[],"yoast_head":"<!-- This site is optimized with the Yoast SEO plugin v26.1.1 - https:\/\/yoast.com\/wordpress\/plugins\/seo\/ -->\n<title>Plastic green stackable bakery tray - plastic-crates.com<\/title>\n<meta name=\"robots\" content=\"index, follow, max-snippet:-1, max-image-preview:large, max-video-preview:-1\" \/>\n<link rel=\"canonical\" href=\"https:\/\/www.plastic-crates.com\/es\/product\/bandeja-de-panaderia-apilable-de-plastico-verde\/\" \/>\n<meta property=\"og:locale\" content=\"es_ES\" \/>\n<meta property=\"og:type\" content=\"article\" \/>\n<meta property=\"og:title\" content=\"Plastic green stackable bakery tray - plastic-crates.com\" \/>\n<meta property=\"og:description\" content=\"plastic milk crates,Totes With Lids, straight wall container\" \/>\n<meta property=\"og:url\" content=\"https:\/\/www.plastic-crates.com\/es\/product\/bandeja-de-panaderia-apilable-de-plastico-verde\/\" \/>\n<meta property=\"og:site_name\" content=\"plastic-crates.com\" \/>\n<meta property=\"article:modified_time\" content=\"2025-04-28T22:59:52+00:00\" \/>\n<meta property=\"og:image\" content=\"https:\/\/www.plastic-crates.com\/wp-content\/uploads\/2025\/04\/stackable-bakery-tray-1.webp\" \/>\n\t<meta property=\"og:image:width\" content=\"2000\" \/>\n\t<meta property=\"og:image:height\" content=\"2000\" \/>\n\t<meta property=\"og:image:type\" content=\"image\/webp\" \/>\n<meta name=\"twitter:card\" content=\"summary_large_image\" \/>\n<meta name=\"twitter:label1\" content=\"Tiempo de lectura\" \/>\n\t<meta name=\"twitter:data1\" content=\"1 minuto\" \/>\n<script type=\"application\/ld+json\" class=\"yoast-schema-graph\">{\"@context\":\"https:\/\/schema.org\",\"@graph\":[{\"@type\":\"WebPage\",\"@id\":\"https:\/\/www.plastic-crates.com\/product\/plastic-green-stackable-bakery-tray\/\",\"url\":\"https:\/\/www.plastic-crates.com\/product\/plastic-green-stackable-bakery-tray\/\",\"name\":\"Plastic green stackable bakery tray - plastic-crates.com\",\"isPartOf\":{\"@id\":\"https:\/\/www.plastic-crates.com\/#website\"},\"primaryImageOfPage\":{\"@id\":\"https:\/\/www.plastic-crates.com\/product\/plastic-green-stackable-bakery-tray\/#primaryimage\"},\"image\":{\"@id\":\"https:\/\/www.plastic-crates.com\/product\/plastic-green-stackable-bakery-tray\/#primaryimage\"},\"thumbnailUrl\":\"https:\/\/www.plastic-crates.com\/wp-content\/uploads\/2025\/04\/stackable-bakery-tray-1.webp\",\"datePublished\":\"2025-04-28T22:41:26+00:00\",\"dateModified\":\"2025-04-28T22:59:52+00:00\",\"breadcrumb\":{\"@id\":\"https:\/\/www.plastic-crates.com\/product\/plastic-green-stackable-bakery-tray\/#breadcrumb\"},\"inLanguage\":\"es\",\"potentialAction\":[{\"@type\":\"ReadAction\",\"target\":[\"https:\/\/www.plastic-crates.com\/product\/plastic-green-stackable-bakery-tray\/\"]}]},{\"@type\":\"ImageObject\",\"inLanguage\":\"es\",\"@id\":\"https:\/\/www.plastic-crates.com\/product\/plastic-green-stackable-bakery-tray\/#primaryimage\",\"url\":\"https:\/\/www.plastic-crates.com\/wp-content\/uploads\/2025\/04\/stackable-bakery-tray-1.webp\",\"contentUrl\":\"https:\/\/www.plastic-crates.com\/wp-content\/uploads\/2025\/04\/stackable-bakery-tray-1.webp\",\"width\":2000,\"height\":2000,\"caption\":\"stackable bakery tray\"},{\"@type\":\"BreadcrumbList\",\"@id\":\"https:\/\/www.plastic-crates.com\/product\/plastic-green-stackable-bakery-tray\/#breadcrumb\",\"itemListElement\":[{\"@type\":\"ListItem\",\"position\":1,\"name\":\"Home\",\"item\":\"https:\/\/www.plastic-crates.com\/\"},{\"@type\":\"ListItem\",\"position\":2,\"name\":\"Products\",\"item\":\"https:\/\/www.plastic-crates.com\/shop\/\"},{\"@type\":\"ListItem\",\"position\":3,\"name\":\"Plastic green stackable bakery tray\"}]},{\"@type\":\"WebSite\",\"@id\":\"https:\/\/www.plastic-crates.com\/#website\",\"url\":\"https:\/\/www.plastic-crates.com\/\",\"name\":\"plastic-crates.com\",\"description\":\"Leading plastic crates manufacturer in China\",\"potentialAction\":[{\"@type\":\"SearchAction\",\"target\":{\"@type\":\"EntryPoint\",\"urlTemplate\":\"https:\/\/www.plastic-crates.com\/?s={search_term_string}\"},\"query-input\":{\"@type\":\"PropertyValueSpecification\",\"valueRequired\":true,\"valueName\":\"search_term_string\"}}],\"inLanguage\":\"es\"}]}<\/script>\n<!-- \/ Yoast SEO plugin. -->","yoast_head_json":{"title":"Bandeja de panader\u00eda apilable de pl\u00e1stico verde - plastic-crates.com","robots":{"index":"index","follow":"follow","max-snippet":"max-snippet:-1","max-image-preview":"max-image-preview:large","max-video-preview":"max-video-preview:-1"},"canonical":"https:\/\/www.plastic-crates.com\/es\/product\/bandeja-de-panaderia-apilable-de-plastico-verde\/","og_locale":"es_ES","og_type":"article","og_title":"Plastic green stackable bakery tray - plastic-crates.com","og_description":"plastic milk crates,Totes With Lids, straight wall container","og_url":"https:\/\/www.plastic-crates.com\/es\/product\/bandeja-de-panaderia-apilable-de-plastico-verde\/","og_site_name":"plastic-crates.com","article_modified_time":"2025-04-28T22:59:52+00:00","og_image":[{"width":2000,"height":2000,"url":"https:\/\/www.plastic-crates.com\/wp-content\/uploads\/2025\/04\/stackable-bakery-tray-1.webp","type":"image\/webp"}],"twitter_card":"summary_large_image","twitter_misc":{"Tiempo de lectura":"1 minuto"},"schema":{"@context":"https:\/\/schema.org","@graph":[{"@type":"WebPage","@id":"https:\/\/www.plastic-crates.com\/product\/plastic-green-stackable-bakery-tray\/","url":"https:\/\/www.plastic-crates.com\/product\/plastic-green-stackable-bakery-tray\/","name":"Bandeja de panader\u00eda apilable de pl\u00e1stico verde - plastic-crates.com","isPartOf":{"@id":"https:\/\/www.plastic-crates.com\/#website"},"primaryImageOfPage":{"@id":"https:\/\/www.plastic-crates.com\/product\/plastic-green-stackable-bakery-tray\/#primaryimage"},"image":{"@id":"https:\/\/www.plastic-crates.com\/product\/plastic-green-stackable-bakery-tray\/#primaryimage"},"thumbnailUrl":"https:\/\/www.plastic-crates.com\/wp-content\/uploads\/2025\/04\/stackable-bakery-tray-1.webp","datePublished":"2025-04-28T22:41:26+00:00","dateModified":"2025-04-28T22:59:52+00:00","breadcrumb":{"@id":"https:\/\/www.plastic-crates.com\/product\/plastic-green-stackable-bakery-tray\/#breadcrumb"},"inLanguage":"es","potentialAction":[{"@type":"ReadAction","target":["https:\/\/www.plastic-crates.com\/product\/plastic-green-stackable-bakery-tray\/"]}]},{"@type":"ImageObject","inLanguage":"es","@id":"https:\/\/www.plastic-crates.com\/product\/plastic-green-stackable-bakery-tray\/#primaryimage","url":"https:\/\/www.plastic-crates.com\/wp-content\/uploads\/2025\/04\/stackable-bakery-tray-1.webp","contentUrl":"https:\/\/www.plastic-crates.com\/wp-content\/uploads\/2025\/04\/stackable-bakery-tray-1.webp","width":2000,"height":2000,"caption":"stackable bakery tray"},{"@type":"BreadcrumbList","@id":"https:\/\/www.plastic-crates.com\/product\/plastic-green-stackable-bakery-tray\/#breadcrumb","itemListElement":[{"@type":"ListItem","position":1,"name":"Home","item":"https:\/\/www.plastic-crates.com\/"},{"@type":"ListItem","position":2,"name":"Products","item":"https:\/\/www.plastic-crates.com\/shop\/"},{"@type":"ListItem","position":3,"name":"Plastic green stackable bakery tray"}]},{"@type":"WebSite","@id":"https:\/\/www.plastic-crates.com\/#website","url":"https:\/\/www.plastic-crates.com\/","name":"plastic-crates.com","description":"Fabricante l\u00edder de cajas de pl\u00e1stico en China","potentialAction":[{"@type":"SearchAction","target":{"@type":"EntryPoint","urlTemplate":"https:\/\/www.plastic-crates.com\/?s={search_term_string}"},"query-input":{"@type":"PropertyValueSpecification","valueRequired":true,"valueName":"search_term_string"}}],"inLanguage":"es"}]}},"_links":{"self":[{"href":"https:\/\/www.plastic-crates.com\/es\/wp-json\/wp\/v2\/product\/7542","targetHints":{"allow":["GET"]}}],"collection":[{"href":"https:\/\/www.plastic-crates.com\/es\/wp-json\/wp\/v2\/product"}],"about":[{"href":"https:\/\/www.plastic-crates.com\/es\/wp-json\/wp\/v2\/types\/product"}],"wp:featuredmedia":[{"embeddable":true,"href":"https:\/\/www.plastic-crates.com\/es\/wp-json\/wp\/v2\/media\/7535"}],"wp:attachment":[{"href":"https:\/\/www.plastic-crates.com\/es\/wp-json\/wp\/v2\/media?parent=7542"}],"wp:term":[{"taxonomy":"product_brand","embeddable":true,"href":"https:\/\/www.plastic-crates.com\/es\/wp-json\/wp\/v2\/product_brand?post=7542"},{"taxonomy":"product_cat","embeddable":true,"href":"https:\/\/www.plastic-crates.com\/es\/wp-json\/wp\/v2\/product_cat?post=7542"},{"taxonomy":"product_tag","embeddable":true,"href":"https:\/\/www.plastic-crates.com\/es\/wp-json\/wp\/v2\/product_tag?post=7542"}],"curies":[{"name":"gracias","href":"https:\/\/api.w.org\/{rel}","templated":true}]}}