{"id":7565,"date":"2025-05-11T21:51:48","date_gmt":"2025-05-11T21:51:48","guid":{"rendered":"https:\/\/www.plastic-crates.com\/product\/heavy-duty-milk-crates\/"},"modified":"2025-09-12T21:45:42","modified_gmt":"2025-09-12T21:45:42","slug":"cajas-de-leche-de-alta-resistencia","status":"publish","type":"product","link":"https:\/\/www.plastic-crates.com\/es\/product\/cajas-de-leche-de-alta-resistencia\/","title":{"rendered":"Cajas de leche de alta resistencia"},"content":{"rendered":"<p>Maximice la eficiencia de su almacenamiento con nuestra robusta caja para leche, dise\u00f1ada para ofrecer versatilidad y durabilidad. Con unas medidas de 508 mm x 346 mm x 275 mm, este robusto contenedor es perfecto para transportar, almacenar y organizar una variedad de art\u00edculos, desde productos l\u00e1cteos hasta art\u00edculos para el hogar.<\/p>\n<div style=\"width: 1170px;\" class=\"wp-video\"><!--[if lt IE 9]><script>document.createElement('video');<\/script><![endif]-->\n<video class=\"wp-video-shortcode\" id=\"video-7565-1\" width=\"1170\" height=\"658\" preload=\"metadata\" controls=\"controls\"><source type=\"video\/mp4\" src=\"https:\/\/www.plastic-crates.com\/wp-content\/uploads\/2025\/05\/heavy-duty-milk-crates-24-bottle.mp4?_=1\" \/><a href=\"https:\/\/www.plastic-crates.com\/wp-content\/uploads\/2025\/05\/heavy-duty-milk-crates-24-bottle.mp4\">https:\/\/www.plastic-crates.com\/wp-content\/uploads\/2025\/05\/heavy-duty-milk-crates-24-bottle.mp4<\/a><\/video><\/div>\n<p>Dise\u00f1adas para ser resistentes, nuestras cajas para leche se pueden apilar sin comprometer la integridad del contenido. Su dise\u00f1o ventilado favorece la circulaci\u00f3n del aire, reduciendo la acumulaci\u00f3n de humedad y garantizando la frescura de sus productos. Con compartimentos personalizables, la caja para leche de alta resistencia permite una colocaci\u00f3n organizada, ideal tanto para comercios minoristas como para almacenes.<\/p>","protected":false},"excerpt":{"rendered":"<p>Disponibles para pedidos al por mayor, nuestras cajas son la opci\u00f3n ideal para empresas que buscan optimizar sus soluciones de almacenamiento. Tambi\u00e9n ofrecemos servicios OEM\/ODM para satisfacer sus necesidades espec\u00edficas de dise\u00f1o y marca. Ya sea minorista, distribuidor o busque soluciones a granel, nuestra caja para leche de alta resistencia es la soluci\u00f3n.<\/p>\n<p><a href=\"https:\/\/www.plastic-crates.com\/es\/product\/cajas-para-pollos-cajas-para-transporte-de-pollos-cajas-para-pollos-en-venta\/\">cajas de transporte para pollos<\/a>, <a href=\"https:\/\/www.plastic-crates.com\/es\/product-tag\/paleta-de-contencion-de-vertidos-ibc\/\">paleta de contenci\u00f3n de derrames<\/a><\/p>\n<p>&nbsp;<\/p>","protected":false},"featured_media":7559,"template":"","meta":{"_acf_changed":false},"product_brand":[],"product_cat":[15],"product_tag":[153,149],"class_list":{"0":"post-7565","1":"product","2":"type-product","3":"status-publish","4":"has-post-thumbnail","6":"product_cat-stackable-containers","7":"product_tag-bottle-crate","8":"product_tag-plastic-milk-crates","10":"first","11":"instock","12":"shipping-taxable","13":"product-type-simple"},"acf":[],"yoast_head":"<!-- This site is optimized with the Yoast SEO plugin v26.1.1 - https:\/\/yoast.com\/wordpress\/plugins\/seo\/ -->\n<title>Heavy duty milk crates - plastic-crates.com<\/title>\n<meta name=\"robots\" content=\"index, follow, max-snippet:-1, max-image-preview:large, max-video-preview:-1\" \/>\n<link rel=\"canonical\" href=\"https:\/\/www.plastic-crates.com\/es\/product\/cajas-de-leche-de-alta-resistencia\/\" \/>\n<meta property=\"og:locale\" content=\"es_ES\" \/>\n<meta property=\"og:type\" content=\"article\" \/>\n<meta property=\"og:title\" content=\"Heavy duty milk crates - plastic-crates.com\" \/>\n<meta property=\"og:description\" content=\"Available for wholesale orders, our crates are the perfect choice for businesses looking to enhance their storage solutions. We also provide OEM\/ODM services to meet your specific design and branding requests. Whether you&#039;re a retailer, distributor, or looking for bulk solutions, our Heavy Duty Milk Crate is your answer.  chicken transport crates, spill containment pallet  &nbsp;\" \/>\n<meta property=\"og:url\" content=\"https:\/\/www.plastic-crates.com\/es\/product\/cajas-de-leche-de-alta-resistencia\/\" \/>\n<meta property=\"og:site_name\" content=\"plastic-crates.com\" \/>\n<meta property=\"article:modified_time\" content=\"2025-09-12T21:45:42+00:00\" \/>\n<meta property=\"og:image\" content=\"https:\/\/www.plastic-crates.com\/wp-content\/uploads\/2025\/05\/heavy-duty-milk-crates-1.png\" \/>\n\t<meta property=\"og:image:width\" content=\"1000\" \/>\n\t<meta property=\"og:image:height\" content=\"1000\" \/>\n\t<meta property=\"og:image:type\" content=\"image\/png\" \/>\n<meta name=\"twitter:card\" content=\"summary_large_image\" \/>\n<meta name=\"twitter:label1\" content=\"Tiempo de lectura\" \/>\n\t<meta name=\"twitter:data1\" content=\"1 minuto\" \/>\n<script type=\"application\/ld+json\" class=\"yoast-schema-graph\">{\"@context\":\"https:\/\/schema.org\",\"@graph\":[{\"@type\":\"WebPage\",\"@id\":\"https:\/\/www.plastic-crates.com\/product\/heavy-duty-milk-crates\/\",\"url\":\"https:\/\/www.plastic-crates.com\/product\/heavy-duty-milk-crates\/\",\"name\":\"Heavy duty milk crates - plastic-crates.com\",\"isPartOf\":{\"@id\":\"https:\/\/www.plastic-crates.com\/#website\"},\"primaryImageOfPage\":{\"@id\":\"https:\/\/www.plastic-crates.com\/product\/heavy-duty-milk-crates\/#primaryimage\"},\"image\":{\"@id\":\"https:\/\/www.plastic-crates.com\/product\/heavy-duty-milk-crates\/#primaryimage\"},\"thumbnailUrl\":\"https:\/\/www.plastic-crates.com\/wp-content\/uploads\/2025\/05\/heavy-duty-milk-crates-1.png\",\"datePublished\":\"2025-05-11T21:51:48+00:00\",\"dateModified\":\"2025-09-12T21:45:42+00:00\",\"breadcrumb\":{\"@id\":\"https:\/\/www.plastic-crates.com\/product\/heavy-duty-milk-crates\/#breadcrumb\"},\"inLanguage\":\"es\",\"potentialAction\":[{\"@type\":\"ReadAction\",\"target\":[\"https:\/\/www.plastic-crates.com\/product\/heavy-duty-milk-crates\/\"]}]},{\"@type\":\"ImageObject\",\"inLanguage\":\"es\",\"@id\":\"https:\/\/www.plastic-crates.com\/product\/heavy-duty-milk-crates\/#primaryimage\",\"url\":\"https:\/\/www.plastic-crates.com\/wp-content\/uploads\/2025\/05\/heavy-duty-milk-crates-1.png\",\"contentUrl\":\"https:\/\/www.plastic-crates.com\/wp-content\/uploads\/2025\/05\/heavy-duty-milk-crates-1.png\",\"width\":1000,\"height\":1000,\"caption\":\"heavy duty milk crates\"},{\"@type\":\"BreadcrumbList\",\"@id\":\"https:\/\/www.plastic-crates.com\/product\/heavy-duty-milk-crates\/#breadcrumb\",\"itemListElement\":[{\"@type\":\"ListItem\",\"position\":1,\"name\":\"Home\",\"item\":\"https:\/\/www.plastic-crates.com\/\"},{\"@type\":\"ListItem\",\"position\":2,\"name\":\"Products\",\"item\":\"https:\/\/www.plastic-crates.com\/shop\/\"},{\"@type\":\"ListItem\",\"position\":3,\"name\":\"Heavy duty milk crates\"}]},{\"@type\":\"WebSite\",\"@id\":\"https:\/\/www.plastic-crates.com\/#website\",\"url\":\"https:\/\/www.plastic-crates.com\/\",\"name\":\"plastic-crates.com\",\"description\":\"Leading plastic crates manufacturer in China\",\"potentialAction\":[{\"@type\":\"SearchAction\",\"target\":{\"@type\":\"EntryPoint\",\"urlTemplate\":\"https:\/\/www.plastic-crates.com\/?s={search_term_string}\"},\"query-input\":{\"@type\":\"PropertyValueSpecification\",\"valueRequired\":true,\"valueName\":\"search_term_string\"}}],\"inLanguage\":\"es\"}]}<\/script>\n<!-- \/ Yoast SEO plugin. -->","yoast_head_json":{"title":"Cajas de leche resistentes - plastic-crates.com","robots":{"index":"index","follow":"follow","max-snippet":"max-snippet:-1","max-image-preview":"max-image-preview:large","max-video-preview":"max-video-preview:-1"},"canonical":"https:\/\/www.plastic-crates.com\/es\/product\/cajas-de-leche-de-alta-resistencia\/","og_locale":"es_ES","og_type":"article","og_title":"Heavy duty milk crates - plastic-crates.com","og_description":"Available for wholesale orders, our crates are the perfect choice for businesses looking to enhance their storage solutions. We also provide OEM\/ODM services to meet your specific design and branding requests. Whether you're a retailer, distributor, or looking for bulk solutions, our Heavy Duty Milk Crate is your answer.  chicken transport crates, spill containment pallet  &nbsp;","og_url":"https:\/\/www.plastic-crates.com\/es\/product\/cajas-de-leche-de-alta-resistencia\/","og_site_name":"plastic-crates.com","article_modified_time":"2025-09-12T21:45:42+00:00","og_image":[{"width":1000,"height":1000,"url":"https:\/\/www.plastic-crates.com\/wp-content\/uploads\/2025\/05\/heavy-duty-milk-crates-1.png","type":"image\/png"}],"twitter_card":"summary_large_image","twitter_misc":{"Tiempo de lectura":"1 minuto"},"schema":{"@context":"https:\/\/schema.org","@graph":[{"@type":"WebPage","@id":"https:\/\/www.plastic-crates.com\/product\/heavy-duty-milk-crates\/","url":"https:\/\/www.plastic-crates.com\/product\/heavy-duty-milk-crates\/","name":"Cajas de leche resistentes - plastic-crates.com","isPartOf":{"@id":"https:\/\/www.plastic-crates.com\/#website"},"primaryImageOfPage":{"@id":"https:\/\/www.plastic-crates.com\/product\/heavy-duty-milk-crates\/#primaryimage"},"image":{"@id":"https:\/\/www.plastic-crates.com\/product\/heavy-duty-milk-crates\/#primaryimage"},"thumbnailUrl":"https:\/\/www.plastic-crates.com\/wp-content\/uploads\/2025\/05\/heavy-duty-milk-crates-1.png","datePublished":"2025-05-11T21:51:48+00:00","dateModified":"2025-09-12T21:45:42+00:00","breadcrumb":{"@id":"https:\/\/www.plastic-crates.com\/product\/heavy-duty-milk-crates\/#breadcrumb"},"inLanguage":"es","potentialAction":[{"@type":"ReadAction","target":["https:\/\/www.plastic-crates.com\/product\/heavy-duty-milk-crates\/"]}]},{"@type":"ImageObject","inLanguage":"es","@id":"https:\/\/www.plastic-crates.com\/product\/heavy-duty-milk-crates\/#primaryimage","url":"https:\/\/www.plastic-crates.com\/wp-content\/uploads\/2025\/05\/heavy-duty-milk-crates-1.png","contentUrl":"https:\/\/www.plastic-crates.com\/wp-content\/uploads\/2025\/05\/heavy-duty-milk-crates-1.png","width":1000,"height":1000,"caption":"heavy duty milk crates"},{"@type":"BreadcrumbList","@id":"https:\/\/www.plastic-crates.com\/product\/heavy-duty-milk-crates\/#breadcrumb","itemListElement":[{"@type":"ListItem","position":1,"name":"Home","item":"https:\/\/www.plastic-crates.com\/"},{"@type":"ListItem","position":2,"name":"Products","item":"https:\/\/www.plastic-crates.com\/shop\/"},{"@type":"ListItem","position":3,"name":"Heavy duty milk crates"}]},{"@type":"WebSite","@id":"https:\/\/www.plastic-crates.com\/#website","url":"https:\/\/www.plastic-crates.com\/","name":"plastic-crates.com","description":"Fabricante l\u00edder de cajas de pl\u00e1stico en China","potentialAction":[{"@type":"SearchAction","target":{"@type":"EntryPoint","urlTemplate":"https:\/\/www.plastic-crates.com\/?s={search_term_string}"},"query-input":{"@type":"PropertyValueSpecification","valueRequired":true,"valueName":"search_term_string"}}],"inLanguage":"es"}]}},"_links":{"self":[{"href":"https:\/\/www.plastic-crates.com\/es\/wp-json\/wp\/v2\/product\/7565","targetHints":{"allow":["GET"]}}],"collection":[{"href":"https:\/\/www.plastic-crates.com\/es\/wp-json\/wp\/v2\/product"}],"about":[{"href":"https:\/\/www.plastic-crates.com\/es\/wp-json\/wp\/v2\/types\/product"}],"wp:featuredmedia":[{"embeddable":true,"href":"https:\/\/www.plastic-crates.com\/es\/wp-json\/wp\/v2\/media\/7559"}],"wp:attachment":[{"href":"https:\/\/www.plastic-crates.com\/es\/wp-json\/wp\/v2\/media?parent=7565"}],"wp:term":[{"taxonomy":"product_brand","embeddable":true,"href":"https:\/\/www.plastic-crates.com\/es\/wp-json\/wp\/v2\/product_brand?post=7565"},{"taxonomy":"product_cat","embeddable":true,"href":"https:\/\/www.plastic-crates.com\/es\/wp-json\/wp\/v2\/product_cat?post=7565"},{"taxonomy":"product_tag","embeddable":true,"href":"https:\/\/www.plastic-crates.com\/es\/wp-json\/wp\/v2\/product_tag?post=7565"}],"curies":[{"name":"gracias","href":"https:\/\/api.w.org\/{rel}","templated":true}]}}