{"id":7596,"date":"2025-05-31T01:22:16","date_gmt":"2025-05-31T01:22:16","guid":{"rendered":"https:\/\/www.plastic-crates.com\/?post_type=product&#038;p=7596"},"modified":"2025-09-12T21:44:21","modified_gmt":"2025-09-12T21:44:21","slug":"caja-de-leche-negra-al-por-mayor-12-botellas","status":"publish","type":"product","link":"https:\/\/www.plastic-crates.com\/es\/product\/caja-de-leche-negra-al-por-mayor-12-botellas\/","title":{"rendered":"Caja de leche negra al por mayor 12 botellas"},"content":{"rendered":"<p>Mejore sus posibilidades de almacenamiento y transporte con nuestro elegante <strong>Caja de leche negra<\/strong> Dise\u00f1ada para albergar hasta 12 botellas de forma segura. Fabricada con pl\u00e1stico duradero de alta calidad, esta vers\u00e1til caja combina estilo y funcionalidad, perfecta para uso dom\u00e9stico, picnics o eventos al aire libre.<\/p>\n<p><strong>Caracter\u00edsticas principales:<\/strong><\/p>\n<ul>\n<li><strong>Construcci\u00f3n duradera:<\/strong>\u00a0Fabricado con materiales robustos y livianos para soportar el desgaste diario, lo que garantiza que sus botellas est\u00e9n seguras y protegidas.<\/li>\n<li><strong>Dise\u00f1o eficiente:<\/strong>\u00a0El interior especialmente dise\u00f1ado mantiene las botellas en su lugar de forma segura, evitando roturas o derrames durante el transporte.<\/li>\n<li><strong>Uso vers\u00e1til:<\/strong>\u00a0Ideal para bebidas, comestibles u organizar suministros para manualidades, esta caja es perfecta para cualquier necesidad.<\/li>\n<li><strong>Conveniencia apilable:<\/strong>\u00a0Apile f\u00e1cilmente varias cajas para ahorrar espacio en su hogar o veh\u00edculo, lo que hace que el almacenamiento sea muy f\u00e1cil.<\/li>\n<li><strong>Est\u00e9tica elegante:<\/strong>\u00a0El acabado negro atemporal a\u00f1ade un toque moderno a cualquier entorno, complementando varios estilos de decoraci\u00f3n.<\/li>\n<\/ul>\n<p>Ya seas cervecero casero, te gusten los picnics o simplemente necesites una soluci\u00f3n de almacenamiento confiable, la caja negra para 12 botellas de leche es tu accesorio ideal. \u00a1Transforma tu forma de organizar y transportar tus bebidas favoritas hoy mismo!<\/p>","protected":false},"excerpt":{"rendered":"<div><a href=\"https:\/\/www.plastic-crates.com\/es\/product-category\/caja-plegable\/\" target=\"_blank\" rel=\"noopener noreferrer\">caja plegable de pl\u00e1stico<\/a>,<a href=\"https:\/\/www.plastic-crates.com\/es\/product-category\/contenedor-de-paletas\/\" target=\"_blank\" rel=\"noopener noreferrer\">caja pal\u00e9 de pl\u00e1stico<\/a>,<a href=\"https:\/\/www.plastic-crates.com\/es\/product-tag\/contenedores-de-plastico-grandes\/\" target=\"_blank\" rel=\"noopener noreferrer\">grandes cajas de almacenamiento<\/a><\/div>","protected":false},"featured_media":7597,"template":"","meta":{"_acf_changed":false},"product_brand":[],"product_cat":[15],"product_tag":[153,149],"class_list":{"0":"post-7596","1":"product","2":"type-product","3":"status-publish","4":"has-post-thumbnail","6":"product_cat-stackable-containers","7":"product_tag-bottle-crate","8":"product_tag-plastic-milk-crates","10":"first","11":"instock","12":"sale","13":"purchasable","14":"product-type-simple"},"acf":[],"yoast_head":"<!-- This site is optimized with the Yoast SEO plugin v26.1.1 - https:\/\/yoast.com\/wordpress\/plugins\/seo\/ -->\n<title>Black milk crate wholesale 12 bottles, milk crates &amp; Factory Price<\/title>\n<meta name=\"description\" content=\"Wholesale Black milk crates, plastic black crates supplier, Dimensions(L*W*H):430*360*330 mm, black milk crates for sale!\" \/>\n<meta name=\"robots\" content=\"index, follow, max-snippet:-1, max-image-preview:large, max-video-preview:-1\" \/>\n<link rel=\"canonical\" href=\"https:\/\/www.plastic-crates.com\/es\/product\/caja-de-leche-negra-al-por-mayor-12-botellas\/\" \/>\n<meta property=\"og:locale\" content=\"es_ES\" \/>\n<meta property=\"og:type\" content=\"article\" \/>\n<meta property=\"og:title\" content=\"kis collapsible crate\" \/>\n<meta property=\"og:description\" content=\"Wholesale Black milk crates, plastic black crates supplier, Dimensions(L*W*H):430*360*330 mm, black milk crates for sale!\" \/>\n<meta property=\"og:url\" content=\"https:\/\/www.plastic-crates.com\/es\/product\/caja-de-leche-negra-al-por-mayor-12-botellas\/\" \/>\n<meta property=\"og:site_name\" content=\"plastic-crates.com\" \/>\n<meta property=\"article:modified_time\" content=\"2025-09-12T21:44:21+00:00\" \/>\n<meta property=\"og:image\" content=\"https:\/\/www.plastic-crates.com\/wp-content\/uploads\/2025\/05\/black-milk-crate-12-bottle-1.jpeg\" \/>\n\t<meta property=\"og:image:width\" content=\"2000\" \/>\n\t<meta property=\"og:image:height\" content=\"2000\" \/>\n\t<meta property=\"og:image:type\" content=\"image\/jpeg\" \/>\n<meta name=\"twitter:card\" content=\"summary_large_image\" \/>\n<meta name=\"twitter:title\" content=\"kis collapsible crate\" \/>\n<meta name=\"twitter:label1\" content=\"Tiempo de lectura\" \/>\n\t<meta name=\"twitter:data1\" content=\"1 minuto\" \/>\n<script type=\"application\/ld+json\" class=\"yoast-schema-graph\">{\"@context\":\"https:\/\/schema.org\",\"@graph\":[{\"@type\":\"WebPage\",\"@id\":\"https:\/\/www.plastic-crates.com\/product\/black-milk-crate-wholesale-12-bottles\/\",\"url\":\"https:\/\/www.plastic-crates.com\/product\/black-milk-crate-wholesale-12-bottles\/\",\"name\":\"Black milk crate wholesale 12 bottles, milk crates & Factory Price\",\"isPartOf\":{\"@id\":\"https:\/\/www.plastic-crates.com\/#website\"},\"primaryImageOfPage\":{\"@id\":\"https:\/\/www.plastic-crates.com\/product\/black-milk-crate-wholesale-12-bottles\/#primaryimage\"},\"image\":{\"@id\":\"https:\/\/www.plastic-crates.com\/product\/black-milk-crate-wholesale-12-bottles\/#primaryimage\"},\"thumbnailUrl\":\"https:\/\/www.plastic-crates.com\/wp-content\/uploads\/2025\/05\/black-milk-crate-12-bottle-1.jpeg\",\"datePublished\":\"2025-05-31T01:22:16+00:00\",\"dateModified\":\"2025-09-12T21:44:21+00:00\",\"description\":\"Wholesale Black milk crates, plastic black crates supplier, Dimensions(L*W*H):430*360*330 mm, black milk crates for sale!\",\"breadcrumb\":{\"@id\":\"https:\/\/www.plastic-crates.com\/product\/black-milk-crate-wholesale-12-bottles\/#breadcrumb\"},\"inLanguage\":\"es\",\"potentialAction\":[{\"@type\":\"ReadAction\",\"target\":[\"https:\/\/www.plastic-crates.com\/product\/black-milk-crate-wholesale-12-bottles\/\"]}]},{\"@type\":\"ImageObject\",\"inLanguage\":\"es\",\"@id\":\"https:\/\/www.plastic-crates.com\/product\/black-milk-crate-wholesale-12-bottles\/#primaryimage\",\"url\":\"https:\/\/www.plastic-crates.com\/wp-content\/uploads\/2025\/05\/black-milk-crate-12-bottle-1.jpeg\",\"contentUrl\":\"https:\/\/www.plastic-crates.com\/wp-content\/uploads\/2025\/05\/black-milk-crate-12-bottle-1.jpeg\",\"width\":2000,\"height\":2000,\"caption\":\"black milk crate\"},{\"@type\":\"BreadcrumbList\",\"@id\":\"https:\/\/www.plastic-crates.com\/product\/black-milk-crate-wholesale-12-bottles\/#breadcrumb\",\"itemListElement\":[{\"@type\":\"ListItem\",\"position\":1,\"name\":\"Home\",\"item\":\"https:\/\/www.plastic-crates.com\/\"},{\"@type\":\"ListItem\",\"position\":2,\"name\":\"Products\",\"item\":\"https:\/\/www.plastic-crates.com\/shop\/\"},{\"@type\":\"ListItem\",\"position\":3,\"name\":\"Black milk crate wholesale 12 bottles\"}]},{\"@type\":\"WebSite\",\"@id\":\"https:\/\/www.plastic-crates.com\/#website\",\"url\":\"https:\/\/www.plastic-crates.com\/\",\"name\":\"plastic-crates.com\",\"description\":\"Leading plastic crates manufacturer in China\",\"potentialAction\":[{\"@type\":\"SearchAction\",\"target\":{\"@type\":\"EntryPoint\",\"urlTemplate\":\"https:\/\/www.plastic-crates.com\/?s={search_term_string}\"},\"query-input\":{\"@type\":\"PropertyValueSpecification\",\"valueRequired\":true,\"valueName\":\"search_term_string\"}}],\"inLanguage\":\"es\"}]}<\/script>\n<!-- \/ Yoast SEO plugin. -->","yoast_head_json":{"title":"Caja de leche negra al por mayor de 12 botellas, cajas de leche y precio de f\u00e1brica","description":"Cajas de leche negras al por mayor, proveedor de cajas de pl\u00e1stico negras, Dimensiones (L * W * H): 430 * 360 * 330 mm, \u00a1cajas de leche negras a la venta!","robots":{"index":"index","follow":"follow","max-snippet":"max-snippet:-1","max-image-preview":"max-image-preview:large","max-video-preview":"max-video-preview:-1"},"canonical":"https:\/\/www.plastic-crates.com\/es\/product\/caja-de-leche-negra-al-por-mayor-12-botellas\/","og_locale":"es_ES","og_type":"article","og_title":"kis collapsible crate","og_description":"Wholesale Black milk crates, plastic black crates supplier, Dimensions(L*W*H):430*360*330 mm, black milk crates for sale!","og_url":"https:\/\/www.plastic-crates.com\/es\/product\/caja-de-leche-negra-al-por-mayor-12-botellas\/","og_site_name":"plastic-crates.com","article_modified_time":"2025-09-12T21:44:21+00:00","og_image":[{"width":2000,"height":2000,"url":"https:\/\/www.plastic-crates.com\/wp-content\/uploads\/2025\/05\/black-milk-crate-12-bottle-1.jpeg","type":"image\/jpeg"}],"twitter_card":"summary_large_image","twitter_title":"kis collapsible crate","twitter_misc":{"Tiempo de lectura":"1 minuto"},"schema":{"@context":"https:\/\/schema.org","@graph":[{"@type":"WebPage","@id":"https:\/\/www.plastic-crates.com\/product\/black-milk-crate-wholesale-12-bottles\/","url":"https:\/\/www.plastic-crates.com\/product\/black-milk-crate-wholesale-12-bottles\/","name":"Caja de leche negra al por mayor de 12 botellas, cajas de leche y precio de f\u00e1brica","isPartOf":{"@id":"https:\/\/www.plastic-crates.com\/#website"},"primaryImageOfPage":{"@id":"https:\/\/www.plastic-crates.com\/product\/black-milk-crate-wholesale-12-bottles\/#primaryimage"},"image":{"@id":"https:\/\/www.plastic-crates.com\/product\/black-milk-crate-wholesale-12-bottles\/#primaryimage"},"thumbnailUrl":"https:\/\/www.plastic-crates.com\/wp-content\/uploads\/2025\/05\/black-milk-crate-12-bottle-1.jpeg","datePublished":"2025-05-31T01:22:16+00:00","dateModified":"2025-09-12T21:44:21+00:00","description":"Cajas de leche negras al por mayor, proveedor de cajas de pl\u00e1stico negras, Dimensiones (L * W * H): 430 * 360 * 330 mm, \u00a1cajas de leche negras a la venta!","breadcrumb":{"@id":"https:\/\/www.plastic-crates.com\/product\/black-milk-crate-wholesale-12-bottles\/#breadcrumb"},"inLanguage":"es","potentialAction":[{"@type":"ReadAction","target":["https:\/\/www.plastic-crates.com\/product\/black-milk-crate-wholesale-12-bottles\/"]}]},{"@type":"ImageObject","inLanguage":"es","@id":"https:\/\/www.plastic-crates.com\/product\/black-milk-crate-wholesale-12-bottles\/#primaryimage","url":"https:\/\/www.plastic-crates.com\/wp-content\/uploads\/2025\/05\/black-milk-crate-12-bottle-1.jpeg","contentUrl":"https:\/\/www.plastic-crates.com\/wp-content\/uploads\/2025\/05\/black-milk-crate-12-bottle-1.jpeg","width":2000,"height":2000,"caption":"black milk crate"},{"@type":"BreadcrumbList","@id":"https:\/\/www.plastic-crates.com\/product\/black-milk-crate-wholesale-12-bottles\/#breadcrumb","itemListElement":[{"@type":"ListItem","position":1,"name":"Home","item":"https:\/\/www.plastic-crates.com\/"},{"@type":"ListItem","position":2,"name":"Products","item":"https:\/\/www.plastic-crates.com\/shop\/"},{"@type":"ListItem","position":3,"name":"Black milk crate wholesale 12 bottles"}]},{"@type":"WebSite","@id":"https:\/\/www.plastic-crates.com\/#website","url":"https:\/\/www.plastic-crates.com\/","name":"plastic-crates.com","description":"Fabricante l\u00edder de cajas de pl\u00e1stico en China","potentialAction":[{"@type":"SearchAction","target":{"@type":"EntryPoint","urlTemplate":"https:\/\/www.plastic-crates.com\/?s={search_term_string}"},"query-input":{"@type":"PropertyValueSpecification","valueRequired":true,"valueName":"search_term_string"}}],"inLanguage":"es"}]}},"_links":{"self":[{"href":"https:\/\/www.plastic-crates.com\/es\/wp-json\/wp\/v2\/product\/7596","targetHints":{"allow":["GET"]}}],"collection":[{"href":"https:\/\/www.plastic-crates.com\/es\/wp-json\/wp\/v2\/product"}],"about":[{"href":"https:\/\/www.plastic-crates.com\/es\/wp-json\/wp\/v2\/types\/product"}],"wp:featuredmedia":[{"embeddable":true,"href":"https:\/\/www.plastic-crates.com\/es\/wp-json\/wp\/v2\/media\/7597"}],"wp:attachment":[{"href":"https:\/\/www.plastic-crates.com\/es\/wp-json\/wp\/v2\/media?parent=7596"}],"wp:term":[{"taxonomy":"product_brand","embeddable":true,"href":"https:\/\/www.plastic-crates.com\/es\/wp-json\/wp\/v2\/product_brand?post=7596"},{"taxonomy":"product_cat","embeddable":true,"href":"https:\/\/www.plastic-crates.com\/es\/wp-json\/wp\/v2\/product_cat?post=7596"},{"taxonomy":"product_tag","embeddable":true,"href":"https:\/\/www.plastic-crates.com\/es\/wp-json\/wp\/v2\/product_tag?post=7596"}],"curies":[{"name":"gracias","href":"https:\/\/api.w.org\/{rel}","templated":true}]}}