{"id":7647,"date":"2025-08-07T23:56:40","date_gmt":"2025-08-07T23:56:40","guid":{"rendered":"https:\/\/www.plastic-crates.com\/?post_type=product&#038;p=7647"},"modified":"2025-08-08T00:45:32","modified_gmt":"2025-08-08T00:45:32","slug":"bandejas-apilables-grandes-para-gusanos-de-la-harina-equipo-para-el-cultivo-de-gusanos-de-la-harina","status":"publish","type":"product","link":"https:\/\/www.plastic-crates.com\/es\/product\/bandejas-apilables-grandes-para-gusanos-de-la-harina-equipo-para-el-cultivo-de-gusanos-de-la-harina\/","title":{"rendered":"Bandejas apilables grandes para gusanos de la harina, equipo para el cultivo de gusanos de la harina"},"content":{"rendered":"<div style=\"width: 1170px;\" class=\"wp-video\"><!--[if lt IE 9]><script>document.createElement('video');<\/script><![endif]-->\n<video class=\"wp-video-shortcode\" id=\"video-7647-1\" width=\"1170\" height=\"658\" preload=\"metadata\" controls=\"controls\"><source type=\"video\/mp4\" src=\"https:\/\/www.plastic-crates.com\/wp-content\/uploads\/2025\/08\/big-stackable-mealworm-trays-mealworm-farming-equipment.mp4?_=1\" \/><a href=\"https:\/\/www.plastic-crates.com\/wp-content\/uploads\/2025\/08\/big-stackable-mealworm-trays-mealworm-farming-equipment.mp4\">https:\/\/www.plastic-crates.com\/wp-content\/uploads\/2025\/08\/big-stackable-mealworm-trays-mealworm-farming-equipment.mp4<\/a><\/video><\/div>\n<p><strong>Bandeja apilable para gusanos de la harina Caracter\u00edsticas:<\/strong><\/p>\n<ul>\n<li><strong>Dise\u00f1o espacioso:<\/strong>\u00a0Con amplio espacio para diversos proyectos de cr\u00eda, nuestras bandejas permiten un espacio \u00f3ptimo para que los insectos prosperen, lo que garantiza un entorno de cr\u00eda saludable.<\/li>\n<li><strong>Estructura ventilada:<\/strong>\u00a0El innovador dise\u00f1o de malla promueve un excelente flujo de aire, reduciendo la acumulaci\u00f3n de humedad y previniendo el crecimiento de bacterias da\u00f1inas.<\/li>\n<li><strong>Conveniencia apilable:<\/strong>\u00a0Ahorre espacio y mantenga la organizaci\u00f3n en su \u00e1rea de cr\u00eda con nuestras bandejas apilables, que permiten un f\u00e1cil transporte y almacenamiento.<\/li>\n<li><strong>F\u00e1cil de limpiar:<\/strong>\u00a0La superficie lisa y los materiales duraderos facilitan la limpieza, lo que garantiza un h\u00e1bitat higi\u00e9nico para sus insectos.<\/li>\n<li><strong>Uso vers\u00e1til:<\/strong> Perfecto para la cr\u00eda de grillos, gusanos de la harina, mosca soldado negra (BSF), gusanos b\u00fafalo, grillos, moscas, geckos, lagartos, escorpiones, unicornios y reptiles.<\/li>\n<\/ul>\n<p><a href=\"https:\/\/papallet.com\/category\/plastic-spill-pallet\/\" target=\"_blank\" rel=\"noopener\">paleta de derrames<\/a><\/p>","protected":false},"excerpt":{"rendered":"<ul>\n<li>Dimensiones: De tama\u00f1o generoso para acomodar m\u00faltiples capas.<\/li>\n<li>Material: Polietileno de alta densidad<\/li>\n<li>Color: Turquesa o rojo brillante y atractivo para una f\u00e1cil visibilidad.<\/li>\n<\/ul>\n<p>&nbsp;<\/p>","protected":false},"featured_media":7649,"template":"","meta":{"_acf_changed":false},"product_brand":[],"product_cat":[144],"product_tag":[],"class_list":{"0":"post-7647","1":"product","2":"type-product","3":"status-publish","4":"has-post-thumbnail","6":"product_cat-plastic-trays-wholesale","8":"first","9":"instock","10":"product-type-simple"},"acf":[],"yoast_head":"<!-- This site is optimized with the Yoast SEO plugin v26.1.1 - https:\/\/yoast.com\/wordpress\/plugins\/seo\/ -->\n<title>Big Stackable mealworm trays, Mealworm farming equipment for sale<\/title>\n<meta name=\"description\" content=\"Stackable mealworm trays, Insect Rearing boxes, OEM &amp; ODM service available, Mealworm farming equipment wholesale! 1100x1100x350cm.\" \/>\n<meta name=\"robots\" content=\"index, follow, max-snippet:-1, max-image-preview:large, max-video-preview:-1\" \/>\n<link rel=\"canonical\" href=\"https:\/\/www.plastic-crates.com\/es\/product\/bandejas-apilables-grandes-para-gusanos-de-la-harina-equipo-para-el-cultivo-de-gusanos-de-la-harina\/\" \/>\n<meta property=\"og:locale\" content=\"es_ES\" \/>\n<meta property=\"og:type\" content=\"article\" \/>\n<meta property=\"og:title\" content=\"stackable folding crate, High Quality stackable folding crate Wholesale\" \/>\n<meta property=\"og:description\" content=\"Stackable mealworm trays, Insect Rearing boxes, OEM &amp; ODM service available, Mealworm farming equipment wholesale! 1100x1100x350cm.\" \/>\n<meta property=\"og:url\" content=\"https:\/\/www.plastic-crates.com\/es\/product\/bandejas-apilables-grandes-para-gusanos-de-la-harina-equipo-para-el-cultivo-de-gusanos-de-la-harina\/\" \/>\n<meta property=\"og:site_name\" content=\"plastic-crates.com\" \/>\n<meta property=\"article:modified_time\" content=\"2025-08-08T00:45:32+00:00\" \/>\n<meta property=\"og:image\" content=\"https:\/\/www.plastic-crates.com\/wp-content\/uploads\/2025\/08\/big-stackable-mealworm-trays-mealworm-farming-equipment-2-min.jpg\" \/>\n\t<meta property=\"og:image:width\" content=\"2000\" \/>\n\t<meta property=\"og:image:height\" content=\"2000\" \/>\n\t<meta property=\"og:image:type\" content=\"image\/jpeg\" \/>\n<meta name=\"twitter:card\" content=\"summary_large_image\" \/>\n<meta name=\"twitter:title\" content=\"stackable folding crate, High Quality stackable folding crate Wholesale\" \/>\n<meta name=\"twitter:label1\" content=\"Tiempo de lectura\" \/>\n\t<meta name=\"twitter:data1\" content=\"1 minuto\" \/>\n<script type=\"application\/ld+json\" class=\"yoast-schema-graph\">{\"@context\":\"https:\/\/schema.org\",\"@graph\":[{\"@type\":\"WebPage\",\"@id\":\"https:\/\/www.plastic-crates.com\/product\/big-stackable-mealworm-trays-mealworm-farming-equipment\/\",\"url\":\"https:\/\/www.plastic-crates.com\/product\/big-stackable-mealworm-trays-mealworm-farming-equipment\/\",\"name\":\"Big Stackable mealworm trays, Mealworm farming equipment for sale\",\"isPartOf\":{\"@id\":\"https:\/\/www.plastic-crates.com\/#website\"},\"primaryImageOfPage\":{\"@id\":\"https:\/\/www.plastic-crates.com\/product\/big-stackable-mealworm-trays-mealworm-farming-equipment\/#primaryimage\"},\"image\":{\"@id\":\"https:\/\/www.plastic-crates.com\/product\/big-stackable-mealworm-trays-mealworm-farming-equipment\/#primaryimage\"},\"thumbnailUrl\":\"https:\/\/www.plastic-crates.com\/wp-content\/uploads\/2025\/08\/big-stackable-mealworm-trays-mealworm-farming-equipment-2-min.jpg\",\"datePublished\":\"2025-08-07T23:56:40+00:00\",\"dateModified\":\"2025-08-08T00:45:32+00:00\",\"description\":\"Stackable mealworm trays, Insect Rearing boxes, OEM & ODM service available, Mealworm farming equipment wholesale! 1100x1100x350cm.\",\"breadcrumb\":{\"@id\":\"https:\/\/www.plastic-crates.com\/product\/big-stackable-mealworm-trays-mealworm-farming-equipment\/#breadcrumb\"},\"inLanguage\":\"es\",\"potentialAction\":[{\"@type\":\"ReadAction\",\"target\":[\"https:\/\/www.plastic-crates.com\/product\/big-stackable-mealworm-trays-mealworm-farming-equipment\/\"]}]},{\"@type\":\"ImageObject\",\"inLanguage\":\"es\",\"@id\":\"https:\/\/www.plastic-crates.com\/product\/big-stackable-mealworm-trays-mealworm-farming-equipment\/#primaryimage\",\"url\":\"https:\/\/www.plastic-crates.com\/wp-content\/uploads\/2025\/08\/big-stackable-mealworm-trays-mealworm-farming-equipment-2-min.jpg\",\"contentUrl\":\"https:\/\/www.plastic-crates.com\/wp-content\/uploads\/2025\/08\/big-stackable-mealworm-trays-mealworm-farming-equipment-2-min.jpg\",\"width\":2000,\"height\":2000,\"caption\":\"Big Stackable mealworm trays\"},{\"@type\":\"BreadcrumbList\",\"@id\":\"https:\/\/www.plastic-crates.com\/product\/big-stackable-mealworm-trays-mealworm-farming-equipment\/#breadcrumb\",\"itemListElement\":[{\"@type\":\"ListItem\",\"position\":1,\"name\":\"Home\",\"item\":\"https:\/\/www.plastic-crates.com\/\"},{\"@type\":\"ListItem\",\"position\":2,\"name\":\"Products\",\"item\":\"https:\/\/www.plastic-crates.com\/shop\/\"},{\"@type\":\"ListItem\",\"position\":3,\"name\":\"Big Stackable mealworm trays, Mealworm farming equipment\"}]},{\"@type\":\"WebSite\",\"@id\":\"https:\/\/www.plastic-crates.com\/#website\",\"url\":\"https:\/\/www.plastic-crates.com\/\",\"name\":\"plastic-crates.com\",\"description\":\"Leading plastic crates manufacturer in China\",\"potentialAction\":[{\"@type\":\"SearchAction\",\"target\":{\"@type\":\"EntryPoint\",\"urlTemplate\":\"https:\/\/www.plastic-crates.com\/?s={search_term_string}\"},\"query-input\":{\"@type\":\"PropertyValueSpecification\",\"valueRequired\":true,\"valueName\":\"search_term_string\"}}],\"inLanguage\":\"es\"}]}<\/script>\n<!-- \/ Yoast SEO plugin. -->","yoast_head_json":{"title":"Bandejas apilables grandes para gusanos de la harina, equipos de cultivo para gusanos de la harina a la venta","description":"Bandejas apilables para gusanos de la harina, cajas para la cr\u00eda de insectos, servicio OEM y ODM disponible, equipos para el cultivo de gusanos de la harina al por mayor. 1100 x 1100 x 350 cm.","robots":{"index":"index","follow":"follow","max-snippet":"max-snippet:-1","max-image-preview":"max-image-preview:large","max-video-preview":"max-video-preview:-1"},"canonical":"https:\/\/www.plastic-crates.com\/es\/product\/bandejas-apilables-grandes-para-gusanos-de-la-harina-equipo-para-el-cultivo-de-gusanos-de-la-harina\/","og_locale":"es_ES","og_type":"article","og_title":"stackable folding crate, High Quality stackable folding crate Wholesale","og_description":"Stackable mealworm trays, Insect Rearing boxes, OEM & ODM service available, Mealworm farming equipment wholesale! 1100x1100x350cm.","og_url":"https:\/\/www.plastic-crates.com\/es\/product\/bandejas-apilables-grandes-para-gusanos-de-la-harina-equipo-para-el-cultivo-de-gusanos-de-la-harina\/","og_site_name":"plastic-crates.com","article_modified_time":"2025-08-08T00:45:32+00:00","og_image":[{"width":2000,"height":2000,"url":"https:\/\/www.plastic-crates.com\/wp-content\/uploads\/2025\/08\/big-stackable-mealworm-trays-mealworm-farming-equipment-2-min.jpg","type":"image\/jpeg"}],"twitter_card":"summary_large_image","twitter_title":"stackable folding crate, High Quality stackable folding crate Wholesale","twitter_misc":{"Tiempo de lectura":"1 minuto"},"schema":{"@context":"https:\/\/schema.org","@graph":[{"@type":"WebPage","@id":"https:\/\/www.plastic-crates.com\/product\/big-stackable-mealworm-trays-mealworm-farming-equipment\/","url":"https:\/\/www.plastic-crates.com\/product\/big-stackable-mealworm-trays-mealworm-farming-equipment\/","name":"Bandejas apilables grandes para gusanos de la harina, equipos de cultivo para gusanos de la harina a la venta","isPartOf":{"@id":"https:\/\/www.plastic-crates.com\/#website"},"primaryImageOfPage":{"@id":"https:\/\/www.plastic-crates.com\/product\/big-stackable-mealworm-trays-mealworm-farming-equipment\/#primaryimage"},"image":{"@id":"https:\/\/www.plastic-crates.com\/product\/big-stackable-mealworm-trays-mealworm-farming-equipment\/#primaryimage"},"thumbnailUrl":"https:\/\/www.plastic-crates.com\/wp-content\/uploads\/2025\/08\/big-stackable-mealworm-trays-mealworm-farming-equipment-2-min.jpg","datePublished":"2025-08-07T23:56:40+00:00","dateModified":"2025-08-08T00:45:32+00:00","description":"Bandejas apilables para gusanos de la harina, cajas para la cr\u00eda de insectos, servicio OEM y ODM disponible, equipos para el cultivo de gusanos de la harina al por mayor. 1100 x 1100 x 350 cm.","breadcrumb":{"@id":"https:\/\/www.plastic-crates.com\/product\/big-stackable-mealworm-trays-mealworm-farming-equipment\/#breadcrumb"},"inLanguage":"es","potentialAction":[{"@type":"ReadAction","target":["https:\/\/www.plastic-crates.com\/product\/big-stackable-mealworm-trays-mealworm-farming-equipment\/"]}]},{"@type":"ImageObject","inLanguage":"es","@id":"https:\/\/www.plastic-crates.com\/product\/big-stackable-mealworm-trays-mealworm-farming-equipment\/#primaryimage","url":"https:\/\/www.plastic-crates.com\/wp-content\/uploads\/2025\/08\/big-stackable-mealworm-trays-mealworm-farming-equipment-2-min.jpg","contentUrl":"https:\/\/www.plastic-crates.com\/wp-content\/uploads\/2025\/08\/big-stackable-mealworm-trays-mealworm-farming-equipment-2-min.jpg","width":2000,"height":2000,"caption":"Big Stackable mealworm trays"},{"@type":"BreadcrumbList","@id":"https:\/\/www.plastic-crates.com\/product\/big-stackable-mealworm-trays-mealworm-farming-equipment\/#breadcrumb","itemListElement":[{"@type":"ListItem","position":1,"name":"Home","item":"https:\/\/www.plastic-crates.com\/"},{"@type":"ListItem","position":2,"name":"Products","item":"https:\/\/www.plastic-crates.com\/shop\/"},{"@type":"ListItem","position":3,"name":"Big Stackable mealworm trays, Mealworm farming equipment"}]},{"@type":"WebSite","@id":"https:\/\/www.plastic-crates.com\/#website","url":"https:\/\/www.plastic-crates.com\/","name":"plastic-crates.com","description":"Fabricante l\u00edder de cajas de pl\u00e1stico en China","potentialAction":[{"@type":"SearchAction","target":{"@type":"EntryPoint","urlTemplate":"https:\/\/www.plastic-crates.com\/?s={search_term_string}"},"query-input":{"@type":"PropertyValueSpecification","valueRequired":true,"valueName":"search_term_string"}}],"inLanguage":"es"}]}},"_links":{"self":[{"href":"https:\/\/www.plastic-crates.com\/es\/wp-json\/wp\/v2\/product\/7647","targetHints":{"allow":["GET"]}}],"collection":[{"href":"https:\/\/www.plastic-crates.com\/es\/wp-json\/wp\/v2\/product"}],"about":[{"href":"https:\/\/www.plastic-crates.com\/es\/wp-json\/wp\/v2\/types\/product"}],"wp:featuredmedia":[{"embeddable":true,"href":"https:\/\/www.plastic-crates.com\/es\/wp-json\/wp\/v2\/media\/7649"}],"wp:attachment":[{"href":"https:\/\/www.plastic-crates.com\/es\/wp-json\/wp\/v2\/media?parent=7647"}],"wp:term":[{"taxonomy":"product_brand","embeddable":true,"href":"https:\/\/www.plastic-crates.com\/es\/wp-json\/wp\/v2\/product_brand?post=7647"},{"taxonomy":"product_cat","embeddable":true,"href":"https:\/\/www.plastic-crates.com\/es\/wp-json\/wp\/v2\/product_cat?post=7647"},{"taxonomy":"product_tag","embeddable":true,"href":"https:\/\/www.plastic-crates.com\/es\/wp-json\/wp\/v2\/product_tag?post=7647"}],"curies":[{"name":"gracias","href":"https:\/\/api.w.org\/{rel}","templated":true}]}}