{"id":7752,"date":"2025-09-18T20:36:59","date_gmt":"2025-09-18T20:36:59","guid":{"rendered":"https:\/\/www.plastic-crates.com\/product\/airport-security-check-tray\/"},"modified":"2025-09-18T20:53:07","modified_gmt":"2025-09-18T20:53:07","slug":"bandeja-de-control-de-seguridad-del-aeropuerto","status":"publish","type":"product","link":"https:\/\/www.plastic-crates.com\/es\/product\/bandeja-de-control-de-seguridad-del-aeropuerto\/","title":{"rendered":"Bandeja de control de seguridad del aeropuerto"},"content":{"rendered":"<p>Las bandejas de control de seguridad aeroportuaria, a menudo denominadas contenedores TSA, son un componente vital del control de pasajeros en los puntos de control aeroportuarios. Dise\u00f1adas para albergar art\u00edculos personales como computadoras port\u00e1tiles, zapatos, cinturones y peque\u00f1os art\u00edculos de mano, estas bandejas garantizan que las pertenencias se procesen de forma segura y eficiente a trav\u00e9s de los esc\u00e1neres de rayos X.<\/p>\n<p>Para aeropuertos, autoridades aeron\u00e1uticas y contratistas de seguridad, adquirir bandejas de control de seguridad aeroportuaria al por mayor ofrece valor y fiabilidad a largo plazo. Fabricadas con pl\u00e1stico duradero y resistente a impactos, estas bandejas soportan el uso continuo en entornos de alto tr\u00e1fico. Sus superficies lisas y no porosas permiten una limpieza y desinfecci\u00f3n r\u00e1pidas y eficientes, cumpliendo con los estrictos est\u00e1ndares de higiene en las zonas de control de pasajeros.<\/p>\n<p>Con un tama\u00f1o y dise\u00f1o uniformes, las bandejas de control de seguridad aeroportuarias se integran a la perfecci\u00f3n con los sistemas de inspecci\u00f3n tradicionales y automatizados, lo que ayuda a reducir las demoras y agilizar las operaciones en los puntos de control. La compra a granel directamente a proveedores o fabricantes de confianza garantiza ahorros, disponibilidad constante y equipos estandarizados en todas las filas de seguridad.<\/p>\n<p>Ya sea para aeropuertos internacionales, centros regionales o instalaciones de seguridad gubernamentales, las bandejas de control de seguridad del aeropuerto son una soluci\u00f3n indispensable para un control de pasajeros seguro, compatible y eficiente.<\/p>","protected":false},"excerpt":{"rendered":"<p>Airport security check trays, often referred to as TSA bins, are a vital component of passenger screening at airport checkpoints.&hellip;<\/p>","protected":false},"featured_media":7747,"template":"","meta":{"_acf_changed":false},"product_brand":[],"product_cat":[144],"product_tag":[154],"class_list":{"0":"post-7752","1":"product","2":"type-product","3":"status-publish","4":"has-post-thumbnail","6":"product_cat-plastic-trays-wholesale","7":"product_tag-tsa-bins","9":"first","10":"instock","11":"shipping-taxable","12":"product-type-simple"},"acf":[],"yoast_head":"<!-- This site is optimized with the Yoast SEO plugin v26.1.1 - https:\/\/yoast.com\/wordpress\/plugins\/seo\/ -->\n<title>Airport security check tray - plastic-crates.com<\/title>\n<meta name=\"robots\" content=\"index, follow, max-snippet:-1, max-image-preview:large, max-video-preview:-1\" \/>\n<link rel=\"canonical\" href=\"https:\/\/www.plastic-crates.com\/es\/product\/bandeja-de-control-de-seguridad-del-aeropuerto\/\" \/>\n<meta property=\"og:locale\" content=\"es_ES\" \/>\n<meta property=\"og:type\" content=\"article\" \/>\n<meta property=\"og:title\" content=\"Airport security check tray - plastic-crates.com\" \/>\n<meta property=\"og:description\" content=\"Airport security check trays, often referred to as TSA bins, are a vital component of passenger screening at airport checkpoints.&hellip;\" \/>\n<meta property=\"og:url\" content=\"https:\/\/www.plastic-crates.com\/es\/product\/bandeja-de-control-de-seguridad-del-aeropuerto\/\" \/>\n<meta property=\"og:site_name\" content=\"plastic-crates.com\" \/>\n<meta property=\"article:modified_time\" content=\"2025-09-18T20:53:07+00:00\" \/>\n<meta property=\"og:image\" content=\"https:\/\/www.plastic-crates.com\/wp-content\/uploads\/2025\/09\/airport-security-check-tray-1.jpg\" \/>\n\t<meta property=\"og:image:width\" content=\"2000\" \/>\n\t<meta property=\"og:image:height\" content=\"2000\" \/>\n\t<meta property=\"og:image:type\" content=\"image\/jpeg\" \/>\n<meta name=\"twitter:card\" content=\"summary_large_image\" \/>\n<meta name=\"twitter:label1\" content=\"Tiempo de lectura\" \/>\n\t<meta name=\"twitter:data1\" content=\"1 minuto\" \/>\n<script type=\"application\/ld+json\" class=\"yoast-schema-graph\">{\"@context\":\"https:\/\/schema.org\",\"@graph\":[{\"@type\":\"WebPage\",\"@id\":\"https:\/\/www.plastic-crates.com\/product\/airport-security-check-tray\/\",\"url\":\"https:\/\/www.plastic-crates.com\/product\/airport-security-check-tray\/\",\"name\":\"Airport security check tray - plastic-crates.com\",\"isPartOf\":{\"@id\":\"https:\/\/www.plastic-crates.com\/#website\"},\"primaryImageOfPage\":{\"@id\":\"https:\/\/www.plastic-crates.com\/product\/airport-security-check-tray\/#primaryimage\"},\"image\":{\"@id\":\"https:\/\/www.plastic-crates.com\/product\/airport-security-check-tray\/#primaryimage\"},\"thumbnailUrl\":\"https:\/\/www.plastic-crates.com\/wp-content\/uploads\/2025\/09\/airport-security-check-tray-1.jpg\",\"datePublished\":\"2025-09-18T20:36:59+00:00\",\"dateModified\":\"2025-09-18T20:53:07+00:00\",\"breadcrumb\":{\"@id\":\"https:\/\/www.plastic-crates.com\/product\/airport-security-check-tray\/#breadcrumb\"},\"inLanguage\":\"es\",\"potentialAction\":[{\"@type\":\"ReadAction\",\"target\":[\"https:\/\/www.plastic-crates.com\/product\/airport-security-check-tray\/\"]}]},{\"@type\":\"ImageObject\",\"inLanguage\":\"es\",\"@id\":\"https:\/\/www.plastic-crates.com\/product\/airport-security-check-tray\/#primaryimage\",\"url\":\"https:\/\/www.plastic-crates.com\/wp-content\/uploads\/2025\/09\/airport-security-check-tray-1.jpg\",\"contentUrl\":\"https:\/\/www.plastic-crates.com\/wp-content\/uploads\/2025\/09\/airport-security-check-tray-1.jpg\",\"width\":2000,\"height\":2000,\"caption\":\"airport security check tray\"},{\"@type\":\"BreadcrumbList\",\"@id\":\"https:\/\/www.plastic-crates.com\/product\/airport-security-check-tray\/#breadcrumb\",\"itemListElement\":[{\"@type\":\"ListItem\",\"position\":1,\"name\":\"Home\",\"item\":\"https:\/\/www.plastic-crates.com\/\"},{\"@type\":\"ListItem\",\"position\":2,\"name\":\"Products\",\"item\":\"https:\/\/www.plastic-crates.com\/shop\/\"},{\"@type\":\"ListItem\",\"position\":3,\"name\":\"Airport security check tray\"}]},{\"@type\":\"WebSite\",\"@id\":\"https:\/\/www.plastic-crates.com\/#website\",\"url\":\"https:\/\/www.plastic-crates.com\/\",\"name\":\"plastic-crates.com\",\"description\":\"Leading plastic crates manufacturer in China\",\"potentialAction\":[{\"@type\":\"SearchAction\",\"target\":{\"@type\":\"EntryPoint\",\"urlTemplate\":\"https:\/\/www.plastic-crates.com\/?s={search_term_string}\"},\"query-input\":{\"@type\":\"PropertyValueSpecification\",\"valueRequired\":true,\"valueName\":\"search_term_string\"}}],\"inLanguage\":\"es\"}]}<\/script>\n<!-- \/ Yoast SEO plugin. -->","yoast_head_json":{"title":"Bandeja de control de seguridad del aeropuerto - plastic-crates.com","robots":{"index":"index","follow":"follow","max-snippet":"max-snippet:-1","max-image-preview":"max-image-preview:large","max-video-preview":"max-video-preview:-1"},"canonical":"https:\/\/www.plastic-crates.com\/es\/product\/bandeja-de-control-de-seguridad-del-aeropuerto\/","og_locale":"es_ES","og_type":"article","og_title":"Airport security check tray - plastic-crates.com","og_description":"Airport security check trays, often referred to as TSA bins, are a vital component of passenger screening at airport checkpoints.&hellip;","og_url":"https:\/\/www.plastic-crates.com\/es\/product\/bandeja-de-control-de-seguridad-del-aeropuerto\/","og_site_name":"plastic-crates.com","article_modified_time":"2025-09-18T20:53:07+00:00","og_image":[{"width":2000,"height":2000,"url":"https:\/\/www.plastic-crates.com\/wp-content\/uploads\/2025\/09\/airport-security-check-tray-1.jpg","type":"image\/jpeg"}],"twitter_card":"summary_large_image","twitter_misc":{"Tiempo de lectura":"1 minuto"},"schema":{"@context":"https:\/\/schema.org","@graph":[{"@type":"WebPage","@id":"https:\/\/www.plastic-crates.com\/product\/airport-security-check-tray\/","url":"https:\/\/www.plastic-crates.com\/product\/airport-security-check-tray\/","name":"Bandeja de control de seguridad del aeropuerto - plastic-crates.com","isPartOf":{"@id":"https:\/\/www.plastic-crates.com\/#website"},"primaryImageOfPage":{"@id":"https:\/\/www.plastic-crates.com\/product\/airport-security-check-tray\/#primaryimage"},"image":{"@id":"https:\/\/www.plastic-crates.com\/product\/airport-security-check-tray\/#primaryimage"},"thumbnailUrl":"https:\/\/www.plastic-crates.com\/wp-content\/uploads\/2025\/09\/airport-security-check-tray-1.jpg","datePublished":"2025-09-18T20:36:59+00:00","dateModified":"2025-09-18T20:53:07+00:00","breadcrumb":{"@id":"https:\/\/www.plastic-crates.com\/product\/airport-security-check-tray\/#breadcrumb"},"inLanguage":"es","potentialAction":[{"@type":"ReadAction","target":["https:\/\/www.plastic-crates.com\/product\/airport-security-check-tray\/"]}]},{"@type":"ImageObject","inLanguage":"es","@id":"https:\/\/www.plastic-crates.com\/product\/airport-security-check-tray\/#primaryimage","url":"https:\/\/www.plastic-crates.com\/wp-content\/uploads\/2025\/09\/airport-security-check-tray-1.jpg","contentUrl":"https:\/\/www.plastic-crates.com\/wp-content\/uploads\/2025\/09\/airport-security-check-tray-1.jpg","width":2000,"height":2000,"caption":"airport security check tray"},{"@type":"BreadcrumbList","@id":"https:\/\/www.plastic-crates.com\/product\/airport-security-check-tray\/#breadcrumb","itemListElement":[{"@type":"ListItem","position":1,"name":"Home","item":"https:\/\/www.plastic-crates.com\/"},{"@type":"ListItem","position":2,"name":"Products","item":"https:\/\/www.plastic-crates.com\/shop\/"},{"@type":"ListItem","position":3,"name":"Airport security check tray"}]},{"@type":"WebSite","@id":"https:\/\/www.plastic-crates.com\/#website","url":"https:\/\/www.plastic-crates.com\/","name":"plastic-crates.com","description":"Fabricante l\u00edder de cajas de pl\u00e1stico en China","potentialAction":[{"@type":"SearchAction","target":{"@type":"EntryPoint","urlTemplate":"https:\/\/www.plastic-crates.com\/?s={search_term_string}"},"query-input":{"@type":"PropertyValueSpecification","valueRequired":true,"valueName":"search_term_string"}}],"inLanguage":"es"}]}},"_links":{"self":[{"href":"https:\/\/www.plastic-crates.com\/es\/wp-json\/wp\/v2\/product\/7752","targetHints":{"allow":["GET"]}}],"collection":[{"href":"https:\/\/www.plastic-crates.com\/es\/wp-json\/wp\/v2\/product"}],"about":[{"href":"https:\/\/www.plastic-crates.com\/es\/wp-json\/wp\/v2\/types\/product"}],"wp:featuredmedia":[{"embeddable":true,"href":"https:\/\/www.plastic-crates.com\/es\/wp-json\/wp\/v2\/media\/7747"}],"wp:attachment":[{"href":"https:\/\/www.plastic-crates.com\/es\/wp-json\/wp\/v2\/media?parent=7752"}],"wp:term":[{"taxonomy":"product_brand","embeddable":true,"href":"https:\/\/www.plastic-crates.com\/es\/wp-json\/wp\/v2\/product_brand?post=7752"},{"taxonomy":"product_cat","embeddable":true,"href":"https:\/\/www.plastic-crates.com\/es\/wp-json\/wp\/v2\/product_cat?post=7752"},{"taxonomy":"product_tag","embeddable":true,"href":"https:\/\/www.plastic-crates.com\/es\/wp-json\/wp\/v2\/product_tag?post=7752"}],"curies":[{"name":"gracias","href":"https:\/\/api.w.org\/{rel}","templated":true}]}}