{"id":7758,"date":"2025-09-18T20:40:39","date_gmt":"2025-09-18T20:40:39","guid":{"rendered":"https:\/\/www.plastic-crates.com\/product\/airport-bins-airport-security-bins\/"},"modified":"2025-09-18T20:52:53","modified_gmt":"2025-09-18T20:52:53","slug":"contenedores-de-seguridad-del-aeropuerto","status":"publish","type":"product","link":"https:\/\/www.plastic-crates.com\/es\/product\/contenedores-de-seguridad-del-aeropuerto\/","title":{"rendered":"Contenedores de aeropuerto, contenedores de seguridad del aeropuerto"},"content":{"rendered":"<p>Los contenedores de seguridad aeroportuarios, tambi\u00e9n conocidos como bandejas TSA, son fundamentales en las operaciones de control de pasajeros en los puntos de control de todo el mundo. Est\u00e1n dise\u00f1ados para guardar de forma segura pertenencias personales, como computadoras port\u00e1tiles, dispositivos electr\u00f3nicos, zapatos, cinturones y equipaje de mano, mientras pasan por los esc\u00e1neres de rayos X. Al estandarizar el proceso, los contenedores de seguridad aeroportuarios garantizan una experiencia de control fluida, segura y eficiente tanto para los viajeros como para el personal.<\/p>\n<p>Fabricados con pl\u00e1stico resistente a impactos y de alta resistencia, los contenedores de seguridad aeroportuaria est\u00e1n dise\u00f1ados para soportar las rigurosas exigencias del uso constante en aeropuertos y centros de transporte con alto tr\u00e1fico. Sus superficies no porosas y f\u00e1ciles de limpiar facilitan una r\u00e1pida desinfecci\u00f3n, cumpliendo con los est\u00e1ndares de higiene y cumplimiento normativo. Con un tama\u00f1o uniforme, estos contenedores se integran a la perfecci\u00f3n tanto con las filas de inspecci\u00f3n manual tradicionales como con los sistemas de seguridad automatizados.<\/p>\n<p>Para aeropuertos, autoridades aeron\u00e1uticas y contratistas de seguridad, solicitar contenedores de seguridad aeroportuaria al por mayor ofrece un suministro confiable, rentabilidad y estandarizaci\u00f3n en todas las zonas de seguridad. Asociarse con fabricantes o proveedores de confianza tambi\u00e9n garantiza el acceso a precios mayoristas, opciones de personalizaci\u00f3n y soporte operativo a largo plazo.<\/p>","protected":false},"excerpt":{"rendered":"<p>Airport security bins, also known as TSA trays, are a critical part of passenger screening operations at checkpoints worldwide. These&hellip;<\/p>","protected":false},"featured_media":7753,"template":"","meta":{"_acf_changed":false},"product_brand":[],"product_cat":[144],"product_tag":[154],"class_list":{"0":"post-7758","1":"product","2":"type-product","3":"status-publish","4":"has-post-thumbnail","6":"product_cat-plastic-trays-wholesale","7":"product_tag-tsa-bins","9":"first","10":"instock","11":"shipping-taxable","12":"product-type-simple"},"acf":[],"yoast_head":"<!-- This site is optimized with the Yoast SEO plugin v26.1.1 - https:\/\/yoast.com\/wordpress\/plugins\/seo\/ -->\n<title>Airport bins, airport security bins - plastic-crates.com<\/title>\n<meta name=\"robots\" content=\"index, follow, max-snippet:-1, max-image-preview:large, max-video-preview:-1\" \/>\n<link rel=\"canonical\" href=\"https:\/\/www.plastic-crates.com\/es\/product\/contenedores-de-seguridad-del-aeropuerto\/\" \/>\n<meta property=\"og:locale\" content=\"es_ES\" \/>\n<meta property=\"og:type\" content=\"article\" \/>\n<meta property=\"og:title\" content=\"Airport bins, airport security bins - plastic-crates.com\" \/>\n<meta property=\"og:description\" content=\"Airport security bins, also known as TSA trays, are a critical part of passenger screening operations at checkpoints worldwide. These&hellip;\" \/>\n<meta property=\"og:url\" content=\"https:\/\/www.plastic-crates.com\/es\/product\/contenedores-de-seguridad-del-aeropuerto\/\" \/>\n<meta property=\"og:site_name\" content=\"plastic-crates.com\" \/>\n<meta property=\"article:modified_time\" content=\"2025-09-18T20:52:53+00:00\" \/>\n<meta property=\"og:image\" content=\"https:\/\/www.plastic-crates.com\/wp-content\/uploads\/2025\/09\/airport-bins-airport-security-bins-1.jpg\" \/>\n\t<meta property=\"og:image:width\" content=\"2000\" \/>\n\t<meta property=\"og:image:height\" content=\"2000\" \/>\n\t<meta property=\"og:image:type\" content=\"image\/jpeg\" \/>\n<meta name=\"twitter:card\" content=\"summary_large_image\" \/>\n<meta name=\"twitter:label1\" content=\"Tiempo de lectura\" \/>\n\t<meta name=\"twitter:data1\" content=\"1 minuto\" \/>\n<script type=\"application\/ld+json\" class=\"yoast-schema-graph\">{\"@context\":\"https:\/\/schema.org\",\"@graph\":[{\"@type\":\"WebPage\",\"@id\":\"https:\/\/www.plastic-crates.com\/product\/airport-bins-airport-security-bins\/\",\"url\":\"https:\/\/www.plastic-crates.com\/product\/airport-bins-airport-security-bins\/\",\"name\":\"Airport bins, airport security bins - plastic-crates.com\",\"isPartOf\":{\"@id\":\"https:\/\/www.plastic-crates.com\/#website\"},\"primaryImageOfPage\":{\"@id\":\"https:\/\/www.plastic-crates.com\/product\/airport-bins-airport-security-bins\/#primaryimage\"},\"image\":{\"@id\":\"https:\/\/www.plastic-crates.com\/product\/airport-bins-airport-security-bins\/#primaryimage\"},\"thumbnailUrl\":\"https:\/\/www.plastic-crates.com\/wp-content\/uploads\/2025\/09\/airport-bins-airport-security-bins-1.jpg\",\"datePublished\":\"2025-09-18T20:40:39+00:00\",\"dateModified\":\"2025-09-18T20:52:53+00:00\",\"breadcrumb\":{\"@id\":\"https:\/\/www.plastic-crates.com\/product\/airport-bins-airport-security-bins\/#breadcrumb\"},\"inLanguage\":\"es\",\"potentialAction\":[{\"@type\":\"ReadAction\",\"target\":[\"https:\/\/www.plastic-crates.com\/product\/airport-bins-airport-security-bins\/\"]}]},{\"@type\":\"ImageObject\",\"inLanguage\":\"es\",\"@id\":\"https:\/\/www.plastic-crates.com\/product\/airport-bins-airport-security-bins\/#primaryimage\",\"url\":\"https:\/\/www.plastic-crates.com\/wp-content\/uploads\/2025\/09\/airport-bins-airport-security-bins-1.jpg\",\"contentUrl\":\"https:\/\/www.plastic-crates.com\/wp-content\/uploads\/2025\/09\/airport-bins-airport-security-bins-1.jpg\",\"width\":2000,\"height\":2000,\"caption\":\"airport security bins\"},{\"@type\":\"BreadcrumbList\",\"@id\":\"https:\/\/www.plastic-crates.com\/product\/airport-bins-airport-security-bins\/#breadcrumb\",\"itemListElement\":[{\"@type\":\"ListItem\",\"position\":1,\"name\":\"Home\",\"item\":\"https:\/\/www.plastic-crates.com\/\"},{\"@type\":\"ListItem\",\"position\":2,\"name\":\"Products\",\"item\":\"https:\/\/www.plastic-crates.com\/shop\/\"},{\"@type\":\"ListItem\",\"position\":3,\"name\":\"Airport bins, airport security bins\"}]},{\"@type\":\"WebSite\",\"@id\":\"https:\/\/www.plastic-crates.com\/#website\",\"url\":\"https:\/\/www.plastic-crates.com\/\",\"name\":\"plastic-crates.com\",\"description\":\"Leading plastic crates manufacturer in China\",\"potentialAction\":[{\"@type\":\"SearchAction\",\"target\":{\"@type\":\"EntryPoint\",\"urlTemplate\":\"https:\/\/www.plastic-crates.com\/?s={search_term_string}\"},\"query-input\":{\"@type\":\"PropertyValueSpecification\",\"valueRequired\":true,\"valueName\":\"search_term_string\"}}],\"inLanguage\":\"es\"}]}<\/script>\n<!-- \/ Yoast SEO plugin. -->","yoast_head_json":{"title":"Contenedores de seguridad para aeropuertos - plastic-crates.com","robots":{"index":"index","follow":"follow","max-snippet":"max-snippet:-1","max-image-preview":"max-image-preview:large","max-video-preview":"max-video-preview:-1"},"canonical":"https:\/\/www.plastic-crates.com\/es\/product\/contenedores-de-seguridad-del-aeropuerto\/","og_locale":"es_ES","og_type":"article","og_title":"Airport bins, airport security bins - plastic-crates.com","og_description":"Airport security bins, also known as TSA trays, are a critical part of passenger screening operations at checkpoints worldwide. These&hellip;","og_url":"https:\/\/www.plastic-crates.com\/es\/product\/contenedores-de-seguridad-del-aeropuerto\/","og_site_name":"plastic-crates.com","article_modified_time":"2025-09-18T20:52:53+00:00","og_image":[{"width":2000,"height":2000,"url":"https:\/\/www.plastic-crates.com\/wp-content\/uploads\/2025\/09\/airport-bins-airport-security-bins-1.jpg","type":"image\/jpeg"}],"twitter_card":"summary_large_image","twitter_misc":{"Tiempo de lectura":"1 minuto"},"schema":{"@context":"https:\/\/schema.org","@graph":[{"@type":"WebPage","@id":"https:\/\/www.plastic-crates.com\/product\/airport-bins-airport-security-bins\/","url":"https:\/\/www.plastic-crates.com\/product\/airport-bins-airport-security-bins\/","name":"Contenedores de seguridad para aeropuertos - plastic-crates.com","isPartOf":{"@id":"https:\/\/www.plastic-crates.com\/#website"},"primaryImageOfPage":{"@id":"https:\/\/www.plastic-crates.com\/product\/airport-bins-airport-security-bins\/#primaryimage"},"image":{"@id":"https:\/\/www.plastic-crates.com\/product\/airport-bins-airport-security-bins\/#primaryimage"},"thumbnailUrl":"https:\/\/www.plastic-crates.com\/wp-content\/uploads\/2025\/09\/airport-bins-airport-security-bins-1.jpg","datePublished":"2025-09-18T20:40:39+00:00","dateModified":"2025-09-18T20:52:53+00:00","breadcrumb":{"@id":"https:\/\/www.plastic-crates.com\/product\/airport-bins-airport-security-bins\/#breadcrumb"},"inLanguage":"es","potentialAction":[{"@type":"ReadAction","target":["https:\/\/www.plastic-crates.com\/product\/airport-bins-airport-security-bins\/"]}]},{"@type":"ImageObject","inLanguage":"es","@id":"https:\/\/www.plastic-crates.com\/product\/airport-bins-airport-security-bins\/#primaryimage","url":"https:\/\/www.plastic-crates.com\/wp-content\/uploads\/2025\/09\/airport-bins-airport-security-bins-1.jpg","contentUrl":"https:\/\/www.plastic-crates.com\/wp-content\/uploads\/2025\/09\/airport-bins-airport-security-bins-1.jpg","width":2000,"height":2000,"caption":"airport security bins"},{"@type":"BreadcrumbList","@id":"https:\/\/www.plastic-crates.com\/product\/airport-bins-airport-security-bins\/#breadcrumb","itemListElement":[{"@type":"ListItem","position":1,"name":"Home","item":"https:\/\/www.plastic-crates.com\/"},{"@type":"ListItem","position":2,"name":"Products","item":"https:\/\/www.plastic-crates.com\/shop\/"},{"@type":"ListItem","position":3,"name":"Airport bins, airport security bins"}]},{"@type":"WebSite","@id":"https:\/\/www.plastic-crates.com\/#website","url":"https:\/\/www.plastic-crates.com\/","name":"plastic-crates.com","description":"Fabricante l\u00edder de cajas de pl\u00e1stico en China","potentialAction":[{"@type":"SearchAction","target":{"@type":"EntryPoint","urlTemplate":"https:\/\/www.plastic-crates.com\/?s={search_term_string}"},"query-input":{"@type":"PropertyValueSpecification","valueRequired":true,"valueName":"search_term_string"}}],"inLanguage":"es"}]}},"_links":{"self":[{"href":"https:\/\/www.plastic-crates.com\/es\/wp-json\/wp\/v2\/product\/7758","targetHints":{"allow":["GET"]}}],"collection":[{"href":"https:\/\/www.plastic-crates.com\/es\/wp-json\/wp\/v2\/product"}],"about":[{"href":"https:\/\/www.plastic-crates.com\/es\/wp-json\/wp\/v2\/types\/product"}],"wp:featuredmedia":[{"embeddable":true,"href":"https:\/\/www.plastic-crates.com\/es\/wp-json\/wp\/v2\/media\/7753"}],"wp:attachment":[{"href":"https:\/\/www.plastic-crates.com\/es\/wp-json\/wp\/v2\/media?parent=7758"}],"wp:term":[{"taxonomy":"product_brand","embeddable":true,"href":"https:\/\/www.plastic-crates.com\/es\/wp-json\/wp\/v2\/product_brand?post=7758"},{"taxonomy":"product_cat","embeddable":true,"href":"https:\/\/www.plastic-crates.com\/es\/wp-json\/wp\/v2\/product_cat?post=7758"},{"taxonomy":"product_tag","embeddable":true,"href":"https:\/\/www.plastic-crates.com\/es\/wp-json\/wp\/v2\/product_tag?post=7758"}],"curies":[{"name":"gracias","href":"https:\/\/api.w.org\/{rel}","templated":true}]}}