{"id":7765,"date":"2025-09-18T20:45:53","date_gmt":"2025-09-18T20:45:53","guid":{"rendered":"https:\/\/www.plastic-crates.com\/product\/security-tray-airport\/"},"modified":"2025-09-18T20:55:48","modified_gmt":"2025-09-18T20:55:48","slug":"bandeja-de-seguridad-del-aeropuerto","status":"publish","type":"product","link":"https:\/\/www.plastic-crates.com\/es\/product\/bandeja-de-seguridad-del-aeropuerto\/","title":{"rendered":"Bandeja de seguridad del aeropuerto"},"content":{"rendered":"<p>Nuestras bandejas de seguridad aeroportuaria est\u00e1n dise\u00f1adas para una inspecci\u00f3n de pasajeros eficiente y fiable. Fabricadas con pl\u00e1stico duradero y resistente a impactos, estas bandejas sujetan de forma segura computadoras port\u00e1tiles, zapatos, cinturones y art\u00edculos personales durante la inspecci\u00f3n por rayos X. Sus superficies lisas y no porosas facilitan la limpieza y la desinfecci\u00f3n, cumpliendo as\u00ed con los est\u00e1ndares de higiene en entornos aeroportuarios con mucha actividad.<\/p>\n<p>Compatibles con carriles manuales y sistemas de inspecci\u00f3n automatizados, estas bandejas estandarizadas garantizan un rendimiento constante en cada punto de control. Disponibles para pedidos al por mayor y en grandes cantidades, son la soluci\u00f3n ideal para aeropuertos, instalaciones gubernamentales y contratistas de seguridad que buscan durabilidad, cumplimiento normativo y rentabilidad.<\/p>\n<p><strong>Dise\u00f1o espacioso<\/strong>Con unas medidas de 680 mm x 520 mm x 110 mm, esta bandeja proporciona amplio espacio para sus pertenencias, incluidas computadoras port\u00e1tiles, bolsos y art\u00edculos personales.<br \/>\n<strong>Compartimentos funcionales<\/strong>:La bandeja incluye secciones designadas para mantener sus art\u00edculos organizados, lo que permite un proceso de control de seguridad r\u00e1pido y sin problemas.<br \/>\n<strong>F\u00e1cil de usar<\/strong>Su dise\u00f1o liviano hace que sea f\u00e1cil de maniobrar a trav\u00e9s de las l\u00edneas de seguridad, lo que garantiza que tenga una experiencia de viaje sin estr\u00e9s.<br \/>\n<strong>Marcas visibles<\/strong>:Las instrucciones claras y los \u00edconos impresos en la superficie gu\u00edan a los usuarios sobre c\u00f3mo colocar sus art\u00edculos, lo que mejora la eficiencia en los puntos de control de seguridad.<br \/>\n<strong>Superficie f\u00e1cil de limpiar<\/strong>:El material suave permite una limpieza r\u00e1pida, promoviendo la higiene y asegurando que su bandeja est\u00e9 siempre lista para usar.<br \/>\n\u00bfPor qu\u00e9 elegir nuestra bandeja de seguridad?<br \/>\nOptimice su tiempo en el aeropuerto y elimine la molestia de buscar a tientas sus pertenencias. Con nuestra Bandeja de Seguridad, podr\u00e1 concentrarse en lo que realmente importa: su pr\u00f3ximo viaje. \u00a1Viaje m\u00e1s f\u00e1cil y eficiente con este accesorio esencial para su equipo de viaje!<\/p>","protected":false},"excerpt":{"rendered":"<p>Our airport security trays are designed for efficient and reliable passenger screening. Made from durable, impact-resistant plastic, these trays securely&hellip;<\/p>","protected":false},"featured_media":7759,"template":"","meta":{"_acf_changed":false},"product_brand":[],"product_cat":[144],"product_tag":[154],"class_list":{"0":"post-7765","1":"product","2":"type-product","3":"status-publish","4":"has-post-thumbnail","6":"product_cat-plastic-trays-wholesale","7":"product_tag-tsa-bins","9":"first","10":"instock","11":"shipping-taxable","12":"product-type-simple"},"acf":[],"yoast_head":"<!-- This site is optimized with the Yoast SEO plugin v26.1.1 - https:\/\/yoast.com\/wordpress\/plugins\/seo\/ -->\n<title>Security tray airport - plastic-crates.com<\/title>\n<meta name=\"robots\" content=\"index, follow, max-snippet:-1, max-image-preview:large, max-video-preview:-1\" \/>\n<link rel=\"canonical\" href=\"https:\/\/www.plastic-crates.com\/es\/product\/bandeja-de-seguridad-del-aeropuerto\/\" \/>\n<meta property=\"og:locale\" content=\"es_ES\" \/>\n<meta property=\"og:type\" content=\"article\" \/>\n<meta property=\"og:title\" content=\"Security tray airport - plastic-crates.com\" \/>\n<meta property=\"og:description\" content=\"Our airport security trays are designed for efficient and reliable passenger screening. Made from durable, impact-resistant plastic, these trays securely&hellip;\" \/>\n<meta property=\"og:url\" content=\"https:\/\/www.plastic-crates.com\/es\/product\/bandeja-de-seguridad-del-aeropuerto\/\" \/>\n<meta property=\"og:site_name\" content=\"plastic-crates.com\" \/>\n<meta property=\"article:modified_time\" content=\"2025-09-18T20:55:48+00:00\" \/>\n<meta property=\"og:image\" content=\"https:\/\/www.plastic-crates.com\/wp-content\/uploads\/2025\/09\/security-tray-airport-1.jpg\" \/>\n\t<meta property=\"og:image:width\" content=\"2000\" \/>\n\t<meta property=\"og:image:height\" content=\"2000\" \/>\n\t<meta property=\"og:image:type\" content=\"image\/jpeg\" \/>\n<meta name=\"twitter:card\" content=\"summary_large_image\" \/>\n<meta name=\"twitter:label1\" content=\"Tiempo de lectura\" \/>\n\t<meta name=\"twitter:data1\" content=\"2 minutos\" \/>\n<script type=\"application\/ld+json\" class=\"yoast-schema-graph\">{\"@context\":\"https:\/\/schema.org\",\"@graph\":[{\"@type\":\"WebPage\",\"@id\":\"https:\/\/www.plastic-crates.com\/product\/security-tray-airport\/\",\"url\":\"https:\/\/www.plastic-crates.com\/product\/security-tray-airport\/\",\"name\":\"Security tray airport - plastic-crates.com\",\"isPartOf\":{\"@id\":\"https:\/\/www.plastic-crates.com\/#website\"},\"primaryImageOfPage\":{\"@id\":\"https:\/\/www.plastic-crates.com\/product\/security-tray-airport\/#primaryimage\"},\"image\":{\"@id\":\"https:\/\/www.plastic-crates.com\/product\/security-tray-airport\/#primaryimage\"},\"thumbnailUrl\":\"https:\/\/www.plastic-crates.com\/wp-content\/uploads\/2025\/09\/security-tray-airport-1.jpg\",\"datePublished\":\"2025-09-18T20:45:53+00:00\",\"dateModified\":\"2025-09-18T20:55:48+00:00\",\"breadcrumb\":{\"@id\":\"https:\/\/www.plastic-crates.com\/product\/security-tray-airport\/#breadcrumb\"},\"inLanguage\":\"es\",\"potentialAction\":[{\"@type\":\"ReadAction\",\"target\":[\"https:\/\/www.plastic-crates.com\/product\/security-tray-airport\/\"]}]},{\"@type\":\"ImageObject\",\"inLanguage\":\"es\",\"@id\":\"https:\/\/www.plastic-crates.com\/product\/security-tray-airport\/#primaryimage\",\"url\":\"https:\/\/www.plastic-crates.com\/wp-content\/uploads\/2025\/09\/security-tray-airport-1.jpg\",\"contentUrl\":\"https:\/\/www.plastic-crates.com\/wp-content\/uploads\/2025\/09\/security-tray-airport-1.jpg\",\"width\":2000,\"height\":2000,\"caption\":\"security tray airport\"},{\"@type\":\"BreadcrumbList\",\"@id\":\"https:\/\/www.plastic-crates.com\/product\/security-tray-airport\/#breadcrumb\",\"itemListElement\":[{\"@type\":\"ListItem\",\"position\":1,\"name\":\"Home\",\"item\":\"https:\/\/www.plastic-crates.com\/\"},{\"@type\":\"ListItem\",\"position\":2,\"name\":\"Products\",\"item\":\"https:\/\/www.plastic-crates.com\/shop\/\"},{\"@type\":\"ListItem\",\"position\":3,\"name\":\"Security tray airport\"}]},{\"@type\":\"WebSite\",\"@id\":\"https:\/\/www.plastic-crates.com\/#website\",\"url\":\"https:\/\/www.plastic-crates.com\/\",\"name\":\"plastic-crates.com\",\"description\":\"Leading plastic crates manufacturer in China\",\"potentialAction\":[{\"@type\":\"SearchAction\",\"target\":{\"@type\":\"EntryPoint\",\"urlTemplate\":\"https:\/\/www.plastic-crates.com\/?s={search_term_string}\"},\"query-input\":{\"@type\":\"PropertyValueSpecification\",\"valueRequired\":true,\"valueName\":\"search_term_string\"}}],\"inLanguage\":\"es\"}]}<\/script>\n<!-- \/ Yoast SEO plugin. -->","yoast_head_json":{"title":"Bandeja de seguridad para aeropuerto - plastic-crates.com","robots":{"index":"index","follow":"follow","max-snippet":"max-snippet:-1","max-image-preview":"max-image-preview:large","max-video-preview":"max-video-preview:-1"},"canonical":"https:\/\/www.plastic-crates.com\/es\/product\/bandeja-de-seguridad-del-aeropuerto\/","og_locale":"es_ES","og_type":"article","og_title":"Security tray airport - plastic-crates.com","og_description":"Our airport security trays are designed for efficient and reliable passenger screening. Made from durable, impact-resistant plastic, these trays securely&hellip;","og_url":"https:\/\/www.plastic-crates.com\/es\/product\/bandeja-de-seguridad-del-aeropuerto\/","og_site_name":"plastic-crates.com","article_modified_time":"2025-09-18T20:55:48+00:00","og_image":[{"width":2000,"height":2000,"url":"https:\/\/www.plastic-crates.com\/wp-content\/uploads\/2025\/09\/security-tray-airport-1.jpg","type":"image\/jpeg"}],"twitter_card":"summary_large_image","twitter_misc":{"Tiempo de lectura":"2 minutos"},"schema":{"@context":"https:\/\/schema.org","@graph":[{"@type":"WebPage","@id":"https:\/\/www.plastic-crates.com\/product\/security-tray-airport\/","url":"https:\/\/www.plastic-crates.com\/product\/security-tray-airport\/","name":"Bandeja de seguridad para aeropuerto - plastic-crates.com","isPartOf":{"@id":"https:\/\/www.plastic-crates.com\/#website"},"primaryImageOfPage":{"@id":"https:\/\/www.plastic-crates.com\/product\/security-tray-airport\/#primaryimage"},"image":{"@id":"https:\/\/www.plastic-crates.com\/product\/security-tray-airport\/#primaryimage"},"thumbnailUrl":"https:\/\/www.plastic-crates.com\/wp-content\/uploads\/2025\/09\/security-tray-airport-1.jpg","datePublished":"2025-09-18T20:45:53+00:00","dateModified":"2025-09-18T20:55:48+00:00","breadcrumb":{"@id":"https:\/\/www.plastic-crates.com\/product\/security-tray-airport\/#breadcrumb"},"inLanguage":"es","potentialAction":[{"@type":"ReadAction","target":["https:\/\/www.plastic-crates.com\/product\/security-tray-airport\/"]}]},{"@type":"ImageObject","inLanguage":"es","@id":"https:\/\/www.plastic-crates.com\/product\/security-tray-airport\/#primaryimage","url":"https:\/\/www.plastic-crates.com\/wp-content\/uploads\/2025\/09\/security-tray-airport-1.jpg","contentUrl":"https:\/\/www.plastic-crates.com\/wp-content\/uploads\/2025\/09\/security-tray-airport-1.jpg","width":2000,"height":2000,"caption":"security tray airport"},{"@type":"BreadcrumbList","@id":"https:\/\/www.plastic-crates.com\/product\/security-tray-airport\/#breadcrumb","itemListElement":[{"@type":"ListItem","position":1,"name":"Home","item":"https:\/\/www.plastic-crates.com\/"},{"@type":"ListItem","position":2,"name":"Products","item":"https:\/\/www.plastic-crates.com\/shop\/"},{"@type":"ListItem","position":3,"name":"Security tray airport"}]},{"@type":"WebSite","@id":"https:\/\/www.plastic-crates.com\/#website","url":"https:\/\/www.plastic-crates.com\/","name":"plastic-crates.com","description":"Fabricante l\u00edder de cajas de pl\u00e1stico en China","potentialAction":[{"@type":"SearchAction","target":{"@type":"EntryPoint","urlTemplate":"https:\/\/www.plastic-crates.com\/?s={search_term_string}"},"query-input":{"@type":"PropertyValueSpecification","valueRequired":true,"valueName":"search_term_string"}}],"inLanguage":"es"}]}},"_links":{"self":[{"href":"https:\/\/www.plastic-crates.com\/es\/wp-json\/wp\/v2\/product\/7765","targetHints":{"allow":["GET"]}}],"collection":[{"href":"https:\/\/www.plastic-crates.com\/es\/wp-json\/wp\/v2\/product"}],"about":[{"href":"https:\/\/www.plastic-crates.com\/es\/wp-json\/wp\/v2\/types\/product"}],"wp:featuredmedia":[{"embeddable":true,"href":"https:\/\/www.plastic-crates.com\/es\/wp-json\/wp\/v2\/media\/7759"}],"wp:attachment":[{"href":"https:\/\/www.plastic-crates.com\/es\/wp-json\/wp\/v2\/media?parent=7765"}],"wp:term":[{"taxonomy":"product_brand","embeddable":true,"href":"https:\/\/www.plastic-crates.com\/es\/wp-json\/wp\/v2\/product_brand?post=7765"},{"taxonomy":"product_cat","embeddable":true,"href":"https:\/\/www.plastic-crates.com\/es\/wp-json\/wp\/v2\/product_cat?post=7765"},{"taxonomy":"product_tag","embeddable":true,"href":"https:\/\/www.plastic-crates.com\/es\/wp-json\/wp\/v2\/product_tag?post=7765"}],"curies":[{"name":"gracias","href":"https:\/\/api.w.org\/{rel}","templated":true}]}}