{"id":7772,"date":"2025-09-18T20:50:24","date_gmt":"2025-09-18T20:50:24","guid":{"rendered":"https:\/\/www.plastic-crates.com\/product\/esd-airport-security-trays\/"},"modified":"2025-09-18T20:52:34","modified_gmt":"2025-09-18T20:52:34","slug":"bandejas-de-seguridad-esd-para-aeropuertos","status":"publish","type":"product","link":"https:\/\/www.plastic-crates.com\/es\/product\/bandejas-de-seguridad-esd-para-aeropuertos\/","title":{"rendered":"Bandejas de seguridad ESD para aeropuertos"},"content":{"rendered":"<p>Mejore su experiencia de seguridad aeroportuaria con nuestras bandejas de seguridad ESD premium, dise\u00f1adas meticulosamente para garantizar la eficiencia y la seguridad en entornos de alto tr\u00e1fico. Con unas medidas de 840 mm x 550 mm x 250 mm, estas espaciosas bandejas ofrecen amplio espacio para que los pasajeros coloquen sus pertenencias durante el control de seguridad.<\/p>\n<p>Caracter\u00edsticas principales:<\/p>\n<p>Protecci\u00f3n contra descarga electrost\u00e1tica (ESD): fabricadas con materiales de alta calidad a prueba de ESD, estas bandejas minimizan el riesgo de da\u00f1os por electricidad est\u00e1tica en art\u00edculos electr\u00f3nicos sensibles, como computadoras port\u00e1tiles, tabletas y c\u00e1maras.<\/p>\n<p>Construcci\u00f3n duradera: Dise\u00f1adas para soportar los rigores del uso diario, nuestras bandejas son robustas y resistentes al desgaste, lo que garantiza longevidad y confiabilidad en entornos aeroportuarios con mucha actividad.<\/p>\n<p>Dise\u00f1o ergon\u00f3mico: El dise\u00f1o liviano y las c\u00f3modas manijas de agarre facilitan que los pasajeros transporten y coloquen las bandejas, lo que mejora la eficiencia general en los puntos de control de seguridad.<\/p>\n<p>Apilables para un f\u00e1cil almacenamiento: dise\u00f1adas para ser apilables, estas bandejas ahorran espacio cuando no est\u00e1n en uso, lo que facilita su manejo y almacenamiento eficiente.<\/p>\n<p>Superficie lisa para una f\u00e1cil limpieza: la superficie no porosa es f\u00e1cil de limpiar y desinfectar, lo que garantiza una soluci\u00f3n higi\u00e9nica tanto para los viajeros como para el personal de seguridad.<\/p>\n<p>Mejore la seguridad de su aeropuerto con nuestras bandejas de seguridad ESD. \u00a1Proteja sus valiosos dispositivos electr\u00f3nicos y agilice el proceso de inspecci\u00f3n para una experiencia de viaje sin contratiempos!<\/p>","protected":false},"excerpt":{"rendered":"<p>Mejore su experiencia de seguridad en el aeropuerto con nuestras bandejas de seguridad ESD premium para aeropuertos, dise\u00f1adas meticulosamente para brindar eficiencia y seguridad en \u00e1reas de alto tr\u00e1fico...<\/p>","protected":false},"featured_media":7766,"template":"","meta":{"_acf_changed":false},"product_brand":[],"product_cat":[144],"product_tag":[154],"class_list":{"0":"post-7772","1":"product","2":"type-product","3":"status-publish","4":"has-post-thumbnail","6":"product_cat-plastic-trays-wholesale","7":"product_tag-tsa-bins","9":"first","10":"instock","11":"shipping-taxable","12":"product-type-simple"},"acf":[],"yoast_head":"<!-- This site is optimized with the Yoast SEO plugin v26.1.1 - https:\/\/yoast.com\/wordpress\/plugins\/seo\/ -->\n<title>ESD airport security trays - plastic-crates.com<\/title>\n<meta name=\"robots\" content=\"index, follow, max-snippet:-1, max-image-preview:large, max-video-preview:-1\" \/>\n<link rel=\"canonical\" href=\"https:\/\/www.plastic-crates.com\/es\/product\/bandejas-de-seguridad-esd-para-aeropuertos\/\" \/>\n<meta property=\"og:locale\" content=\"es_ES\" \/>\n<meta property=\"og:type\" content=\"article\" \/>\n<meta property=\"og:title\" content=\"ESD airport security trays - plastic-crates.com\" \/>\n<meta property=\"og:description\" content=\"Enhance your airport security experience with our premium ESD Airport Security Trays, meticulously designed for efficiency and safety in high-traffic&hellip;\" \/>\n<meta property=\"og:url\" content=\"https:\/\/www.plastic-crates.com\/es\/product\/bandejas-de-seguridad-esd-para-aeropuertos\/\" \/>\n<meta property=\"og:site_name\" content=\"plastic-crates.com\" \/>\n<meta property=\"article:modified_time\" content=\"2025-09-18T20:52:34+00:00\" \/>\n<meta property=\"og:image\" content=\"https:\/\/www.plastic-crates.com\/wp-content\/uploads\/2025\/09\/esd-airport-security-trays-1.jpg\" \/>\n\t<meta property=\"og:image:width\" content=\"2000\" \/>\n\t<meta property=\"og:image:height\" content=\"2000\" \/>\n\t<meta property=\"og:image:type\" content=\"image\/jpeg\" \/>\n<meta name=\"twitter:card\" content=\"summary_large_image\" \/>\n<meta name=\"twitter:label1\" content=\"Tiempo de lectura\" \/>\n\t<meta name=\"twitter:data1\" content=\"1 minuto\" \/>\n<script type=\"application\/ld+json\" class=\"yoast-schema-graph\">{\"@context\":\"https:\/\/schema.org\",\"@graph\":[{\"@type\":\"WebPage\",\"@id\":\"https:\/\/www.plastic-crates.com\/product\/esd-airport-security-trays\/\",\"url\":\"https:\/\/www.plastic-crates.com\/product\/esd-airport-security-trays\/\",\"name\":\"ESD airport security trays - plastic-crates.com\",\"isPartOf\":{\"@id\":\"https:\/\/www.plastic-crates.com\/#website\"},\"primaryImageOfPage\":{\"@id\":\"https:\/\/www.plastic-crates.com\/product\/esd-airport-security-trays\/#primaryimage\"},\"image\":{\"@id\":\"https:\/\/www.plastic-crates.com\/product\/esd-airport-security-trays\/#primaryimage\"},\"thumbnailUrl\":\"https:\/\/www.plastic-crates.com\/wp-content\/uploads\/2025\/09\/esd-airport-security-trays-1.jpg\",\"datePublished\":\"2025-09-18T20:50:24+00:00\",\"dateModified\":\"2025-09-18T20:52:34+00:00\",\"breadcrumb\":{\"@id\":\"https:\/\/www.plastic-crates.com\/product\/esd-airport-security-trays\/#breadcrumb\"},\"inLanguage\":\"es\",\"potentialAction\":[{\"@type\":\"ReadAction\",\"target\":[\"https:\/\/www.plastic-crates.com\/product\/esd-airport-security-trays\/\"]}]},{\"@type\":\"ImageObject\",\"inLanguage\":\"es\",\"@id\":\"https:\/\/www.plastic-crates.com\/product\/esd-airport-security-trays\/#primaryimage\",\"url\":\"https:\/\/www.plastic-crates.com\/wp-content\/uploads\/2025\/09\/esd-airport-security-trays-1.jpg\",\"contentUrl\":\"https:\/\/www.plastic-crates.com\/wp-content\/uploads\/2025\/09\/esd-airport-security-trays-1.jpg\",\"width\":2000,\"height\":2000,\"caption\":\"ESD airport security trays\"},{\"@type\":\"BreadcrumbList\",\"@id\":\"https:\/\/www.plastic-crates.com\/product\/esd-airport-security-trays\/#breadcrumb\",\"itemListElement\":[{\"@type\":\"ListItem\",\"position\":1,\"name\":\"Home\",\"item\":\"https:\/\/www.plastic-crates.com\/\"},{\"@type\":\"ListItem\",\"position\":2,\"name\":\"Products\",\"item\":\"https:\/\/www.plastic-crates.com\/shop\/\"},{\"@type\":\"ListItem\",\"position\":3,\"name\":\"ESD airport security trays\"}]},{\"@type\":\"WebSite\",\"@id\":\"https:\/\/www.plastic-crates.com\/#website\",\"url\":\"https:\/\/www.plastic-crates.com\/\",\"name\":\"plastic-crates.com\",\"description\":\"Leading plastic crates manufacturer in China\",\"potentialAction\":[{\"@type\":\"SearchAction\",\"target\":{\"@type\":\"EntryPoint\",\"urlTemplate\":\"https:\/\/www.plastic-crates.com\/?s={search_term_string}\"},\"query-input\":{\"@type\":\"PropertyValueSpecification\",\"valueRequired\":true,\"valueName\":\"search_term_string\"}}],\"inLanguage\":\"es\"}]}<\/script>\n<!-- \/ Yoast SEO plugin. -->","yoast_head_json":{"title":"Bandejas de seguridad ESD para aeropuertos - plastic-crates.com","robots":{"index":"index","follow":"follow","max-snippet":"max-snippet:-1","max-image-preview":"max-image-preview:large","max-video-preview":"max-video-preview:-1"},"canonical":"https:\/\/www.plastic-crates.com\/es\/product\/bandejas-de-seguridad-esd-para-aeropuertos\/","og_locale":"es_ES","og_type":"article","og_title":"ESD airport security trays - plastic-crates.com","og_description":"Enhance your airport security experience with our premium ESD Airport Security Trays, meticulously designed for efficiency and safety in high-traffic&hellip;","og_url":"https:\/\/www.plastic-crates.com\/es\/product\/bandejas-de-seguridad-esd-para-aeropuertos\/","og_site_name":"plastic-crates.com","article_modified_time":"2025-09-18T20:52:34+00:00","og_image":[{"width":2000,"height":2000,"url":"https:\/\/www.plastic-crates.com\/wp-content\/uploads\/2025\/09\/esd-airport-security-trays-1.jpg","type":"image\/jpeg"}],"twitter_card":"summary_large_image","twitter_misc":{"Tiempo de lectura":"1 minuto"},"schema":{"@context":"https:\/\/schema.org","@graph":[{"@type":"WebPage","@id":"https:\/\/www.plastic-crates.com\/product\/esd-airport-security-trays\/","url":"https:\/\/www.plastic-crates.com\/product\/esd-airport-security-trays\/","name":"Bandejas de seguridad ESD para aeropuertos - plastic-crates.com","isPartOf":{"@id":"https:\/\/www.plastic-crates.com\/#website"},"primaryImageOfPage":{"@id":"https:\/\/www.plastic-crates.com\/product\/esd-airport-security-trays\/#primaryimage"},"image":{"@id":"https:\/\/www.plastic-crates.com\/product\/esd-airport-security-trays\/#primaryimage"},"thumbnailUrl":"https:\/\/www.plastic-crates.com\/wp-content\/uploads\/2025\/09\/esd-airport-security-trays-1.jpg","datePublished":"2025-09-18T20:50:24+00:00","dateModified":"2025-09-18T20:52:34+00:00","breadcrumb":{"@id":"https:\/\/www.plastic-crates.com\/product\/esd-airport-security-trays\/#breadcrumb"},"inLanguage":"es","potentialAction":[{"@type":"ReadAction","target":["https:\/\/www.plastic-crates.com\/product\/esd-airport-security-trays\/"]}]},{"@type":"ImageObject","inLanguage":"es","@id":"https:\/\/www.plastic-crates.com\/product\/esd-airport-security-trays\/#primaryimage","url":"https:\/\/www.plastic-crates.com\/wp-content\/uploads\/2025\/09\/esd-airport-security-trays-1.jpg","contentUrl":"https:\/\/www.plastic-crates.com\/wp-content\/uploads\/2025\/09\/esd-airport-security-trays-1.jpg","width":2000,"height":2000,"caption":"ESD airport security trays"},{"@type":"BreadcrumbList","@id":"https:\/\/www.plastic-crates.com\/product\/esd-airport-security-trays\/#breadcrumb","itemListElement":[{"@type":"ListItem","position":1,"name":"Home","item":"https:\/\/www.plastic-crates.com\/"},{"@type":"ListItem","position":2,"name":"Products","item":"https:\/\/www.plastic-crates.com\/shop\/"},{"@type":"ListItem","position":3,"name":"ESD airport security trays"}]},{"@type":"WebSite","@id":"https:\/\/www.plastic-crates.com\/#website","url":"https:\/\/www.plastic-crates.com\/","name":"plastic-crates.com","description":"Fabricante l\u00edder de cajas de pl\u00e1stico en China","potentialAction":[{"@type":"SearchAction","target":{"@type":"EntryPoint","urlTemplate":"https:\/\/www.plastic-crates.com\/?s={search_term_string}"},"query-input":{"@type":"PropertyValueSpecification","valueRequired":true,"valueName":"search_term_string"}}],"inLanguage":"es"}]}},"_links":{"self":[{"href":"https:\/\/www.plastic-crates.com\/es\/wp-json\/wp\/v2\/product\/7772","targetHints":{"allow":["GET"]}}],"collection":[{"href":"https:\/\/www.plastic-crates.com\/es\/wp-json\/wp\/v2\/product"}],"about":[{"href":"https:\/\/www.plastic-crates.com\/es\/wp-json\/wp\/v2\/types\/product"}],"wp:featuredmedia":[{"embeddable":true,"href":"https:\/\/www.plastic-crates.com\/es\/wp-json\/wp\/v2\/media\/7766"}],"wp:attachment":[{"href":"https:\/\/www.plastic-crates.com\/es\/wp-json\/wp\/v2\/media?parent=7772"}],"wp:term":[{"taxonomy":"product_brand","embeddable":true,"href":"https:\/\/www.plastic-crates.com\/es\/wp-json\/wp\/v2\/product_brand?post=7772"},{"taxonomy":"product_cat","embeddable":true,"href":"https:\/\/www.plastic-crates.com\/es\/wp-json\/wp\/v2\/product_cat?post=7772"},{"taxonomy":"product_tag","embeddable":true,"href":"https:\/\/www.plastic-crates.com\/es\/wp-json\/wp\/v2\/product_tag?post=7772"}],"curies":[{"name":"gracias","href":"https:\/\/api.w.org\/{rel}","templated":true}]}}