{"id":419,"date":"2018-04-27T04:50:03","date_gmt":"2018-04-27T04:50:03","guid":{"rendered":"https:\/\/www.plastic-crates.com\/?page_id=419"},"modified":"2025-08-25T23:01:03","modified_gmt":"2025-08-25T23:01:03","slug":"contactez-nous","status":"publish","type":"page","link":"https:\/\/www.plastic-crates.com\/fr\/contactez-nous\/","title":{"rendered":"Contactez-nous"},"content":{"rendered":"<div class=\"mb-20p\">\n  <p>\n    Shanghai Qusheng Plastics Co., Ltd est une entreprise renomm\u00e9e d&#039;injection plastique poss\u00e9dant sa propre usine \u00e0 Shanghai, en Chine. Nous sommes une entreprise de fabrication exportatrice sp\u00e9cialis\u00e9e dans tous types de produits.\n    <strong>bo\u00eetes en plastique<\/strong>\n    ,\n    <strong>Dollies<\/strong>\n    ,\n    <strong>Palettes<\/strong>\n    ,\n    <strong>Pi\u00e8ces en plastique<\/strong>\n    ,\n    <strong>Bacs \u00e0 pi\u00e8ces en plastique<\/strong>\n    ,\n    <strong>Conteneurs empilables<\/strong>\n    . et peut \u00e9galement \u00eatre personnalis\u00e9 selon vos besoins.\n  <\/p>\n  <p>Nous sommes sp\u00e9cialis\u00e9s dans les produits plastiques depuis de nombreuses ann\u00e9es. Notre excellente qualit\u00e9, nos prix comp\u00e9titifs et notre service rapide nous ont valu une excellente r\u00e9putation aupr\u00e8s de nos clients. Depuis 2005, nous (joinplastic group) comptons plus de 350 clients dans 48 pays (et aux \u00c9tats-Unis) dans les secteurs du d\u00e9m\u00e9nagement, du stockage, de l&#039;entreposage et de l&#039;industrie.<\/p>\n  <p>Nous nous engageons \u00e0 b\u00e2tir des partenariats durables avec nos clients du monde entier. Nous sommes impatients de collaborer avec tous nos partenaires et amis potentiels, nationaux et internationaux, pour b\u00e2tir un avenir encore plus prosp\u00e8re.<\/p>\n<\/div>\n\n\n\n<figure class=\"wp-block-image\"><img loading=\"lazy\" decoding=\"async\" width=\"1024\" height=\"263\" src=\"https:\/\/www.plastic-crates.com\/wp-content\/uploads\/2019\/01\/moving-crates-factory-inside-1024x263.jpg\" alt=\"usine de cartons de d\u00e9m\u00e9nagement en plastique\" class=\"wp-image-1816\" srcset=\"https:\/\/www.plastic-crates.com\/wp-content\/uploads\/2019\/01\/moving-crates-factory-inside-1024x263.jpg 1024w, https:\/\/www.plastic-crates.com\/wp-content\/uploads\/2019\/01\/moving-crates-factory-inside-600x154.jpg 600w, https:\/\/www.plastic-crates.com\/wp-content\/uploads\/2019\/01\/moving-crates-factory-inside-300x77.jpg 300w, https:\/\/www.plastic-crates.com\/wp-content\/uploads\/2019\/01\/moving-crates-factory-inside-768x197.jpg 768w, https:\/\/www.plastic-crates.com\/wp-content\/uploads\/2019\/01\/moving-crates-factory-inside.jpg 1200w\" sizes=\"auto, (max-width: 1024px) 100vw, 1024px\" \/><figcaption class=\"wp-element-caption\">\u00c0 l&#039;int\u00e9rieur de notre usine<\/figcaption><\/figure>\n\n\n\nVOUS POUVEZ NOUS JOINDRE VIA LE FORMULAIRE DE CONTACT CI-DESSOUS.\n\n\n\n<div class=\"row\">\n  <div class=\"col-sm-6\">\n<div class=\"wpcf7 no-js\" id=\"wpcf7-f244-o1\" lang=\"en-US\" dir=\"ltr\" data-wpcf7-id=\"244\">\n<div class=\"screen-reader-response\"><p role=\"status\" aria-live=\"polite\" aria-atomic=\"true\"><\/p> <ul><\/ul><\/div>\n<form action=\"\/fr\/wp-json\/wp\/v2\/pages\/419#wpcf7-f244-o1\" method=\"post\" class=\"wpcf7-form init\" aria-label=\"Contact form\" novalidate=\"novalidate\" data-status=\"init\" data-trp-original-action=\"\/fr\/wp-json\/wp\/v2\/pages\/419#wpcf7-f244-o1\">\n<fieldset class=\"hidden-fields-container\"><input type=\"hidden\" name=\"_wpcf7\" value=\"244\" \/><input type=\"hidden\" name=\"_wpcf7_version\" value=\"6.1.2\" \/><input type=\"hidden\" name=\"_wpcf7_locale\" value=\"en_US\" \/><input type=\"hidden\" name=\"_wpcf7_unit_tag\" value=\"wpcf7-f244-o1\" \/><input type=\"hidden\" name=\"_wpcf7_container_post\" value=\"0\" \/><input type=\"hidden\" name=\"_wpcf7_posted_data_hash\" value=\"\" \/>\n<\/fieldset>\n<p><label> Mod\u00e8le de produit<br \/>\n<span class=\"wpcf7-form-control-wrap\" data-name=\"ProductModel\"><input size=\"40\" maxlength=\"400\" class=\"wpcf7-form-control wpcf7-text contact-input\" id=\"ProductModel\" aria-invalid=\"false\" value=\"\" type=\"text\" name=\"ProductModel\" \/><\/span> <\/label>\n<\/p>\n<p><label> Quantit\u00e9<br \/>\n<span class=\"wpcf7-form-control-wrap\" data-name=\"Quantity\"><input size=\"40\" maxlength=\"400\" class=\"wpcf7-form-control wpcf7-text contact-input\" aria-invalid=\"false\" value=\"\" type=\"text\" name=\"Quantity\" \/><\/span> <\/label>\n<\/p>\n<p><label> Votre nom (obligatoire)<br \/>\n<span class=\"wpcf7-form-control-wrap\" data-name=\"your-name\"><input size=\"40\" maxlength=\"400\" class=\"wpcf7-form-control wpcf7-text wpcf7-validates-as-required contact-input\" aria-required=\"true\" aria-invalid=\"false\" value=\"\" type=\"text\" name=\"your-name\" \/><\/span> <\/label>\n<\/p>\n<p><label> Votre e-mail (obligatoire)<br \/>\n<span class=\"wpcf7-form-control-wrap\" data-name=\"your-email\"><input size=\"40\" maxlength=\"400\" class=\"wpcf7-form-control wpcf7-email wpcf7-validates-as-required wpcf7-text wpcf7-validates-as-email contact-input\" aria-required=\"true\" aria-invalid=\"false\" value=\"\" type=\"email\" name=\"your-email\" \/><\/span> <\/label>\n<\/p>\n<p><label> Votre message<br \/>\n<span class=\"wpcf7-form-control-wrap\" data-name=\"your-message\"><textarea cols=\"40\" rows=\"10\" maxlength=\"2000\" class=\"wpcf7-form-control wpcf7-textarea contact-product-detail\" id=\"productDetail\" aria-invalid=\"false\" placeholder=\"Veuillez nous indiquer les d\u00e9tails et la qualit\u00e9 du produit, nous vous contacterons dans les plus brefs d\u00e9lais !\" name=\"your-message\"><\/textarea><\/span> <\/label>\n<\/p>\n<p><input class=\"wpcf7-form-control wpcf7-submit has-spinner\" type=\"submit\" value=\"Envoyer\" \/>\n<\/p>\n<p><span id=\"wpcf7-69dec6787f0a0-wrapper\" class=\"wpcf7-form-control-wrap website-wrap\" style=\"display:none !important; visibility:hidden !important;\"><label for=\"wpcf7-69dec6787f0a0-field\" class=\"hp-message\">Please leave this field empty.<\/label><input id=\"wpcf7-69dec6787f0a0-field\"  class=\"wpcf7-form-control wpcf7-text\" type=\"text\" name=\"website\" value=\"\" size=\"40\" tabindex=\"-1\" autocomplete=\"new-password\" \/><\/span><br \/>\n<span class=\"wpcf7-form-control-wrap\" data-name=\"to_email\"><input size=\"40\" maxlength=\"400\" class=\"wpcf7-form-control wpcf7-text hidden\" aria-invalid=\"false\" value=\"inquiry@joinplastic.com\" type=\"text\" name=\"to_email\" \/><\/span><br \/>\n<span class=\"wpcf7-form-control-wrap\" data-name=\"company_name\"><input size=\"40\" maxlength=\"400\" class=\"wpcf7-form-control wpcf7-text hidden\" aria-invalid=\"false\" value=\"joinplastic\" type=\"text\" name=\"company_name\" \/><\/span>\n<\/p><p style=\"display: none !important;\" class=\"akismet-fields-container\" data-prefix=\"_wpcf7_ak_\"><label>&#916;<textarea name=\"_wpcf7_ak_hp_textarea\" cols=\"45\" rows=\"8\" maxlength=\"100\"><\/textarea><\/label><input type=\"hidden\" id=\"ak_js_1\" name=\"_wpcf7_ak_js\" value=\"185\"\/><script>document.getElementById( \"ak_js_1\" ).setAttribute( \"value\", ( new Date() ).getTime() );<\/script><\/p><div class=\"wpcf7-response-output\" aria-hidden=\"true\"><\/div>\n<input type=\"hidden\" name=\"trp-form-language\" value=\"fr\"\/><\/form>\n<\/div>\n<\/div>\n  <div class=\"col-sm-6\">\n    <div class=\"mb-20p\">\n      <div id=\"map\" style=\"width: 100%; height: 300px;\">&nbsp;<\/div>\n    <\/div>\n    <h4 class=\"theme-color mb-0\">Adresse du bureau :<\/h4>\n    <h5 class=\"mt-0\">Salle 1404 ~ 1406, No.28 Moyu Road, district de Jiading, Shanghai.<\/h5>\n    <h4 class=\"theme-color mb-0\">Adresse de l&#039;usine :<\/h4>\n    <h5 class=\"mt-0\">No.28 Hengtang Road, ville de Huaqiao, Kunshan, Jiangsu.<\/h5>\n  <\/div>\n<\/div>","protected":false},"excerpt":{"rendered":"<p>Shanghai Qusheng Plastics Co.,Ltd is a wellknown plastic injection enterprise with its own factory located at Shanghai,China. We are an&hellip;<\/p>","protected":false},"author":1,"featured_media":0,"parent":0,"menu_order":0,"comment_status":"closed","ping_status":"closed","template":"","meta":{"_acf_changed":false,"footnotes":""},"class_list":["post-419","page","type-page","status-publish","hentry"],"acf":[],"yoast_head":"<!-- This site is optimized with the Yoast SEO plugin v26.1.1 - https:\/\/yoast.com\/wordpress\/plugins\/seo\/ -->\n<title>Contact us | Storage Bins With Lids supplier - plastic-crates.com<\/title>\n<meta name=\"robots\" content=\"index, follow, max-snippet:-1, max-image-preview:large, max-video-preview:-1\" \/>\n<link rel=\"canonical\" href=\"https:\/\/www.plastic-crates.com\/fr\/contactez-nous\/\" \/>\n<meta property=\"og:locale\" content=\"fr_FR\" \/>\n<meta property=\"og:type\" content=\"article\" \/>\n<meta property=\"og:title\" content=\"Contact us | Storage Bins With Lids supplier - plastic-crates.com\" \/>\n<meta property=\"og:description\" content=\"Shanghai Qusheng Plastics Co.,Ltd is a wellknown plastic injection enterprise with its own factory located at Shanghai,China. We are an&hellip;\" \/>\n<meta property=\"og:url\" content=\"https:\/\/www.plastic-crates.com\/fr\/contactez-nous\/\" \/>\n<meta property=\"og:site_name\" content=\"plastic-crates.com\" \/>\n<meta property=\"article:modified_time\" content=\"2025-08-25T23:01:03+00:00\" \/>\n<meta property=\"og:image\" content=\"https:\/\/www.plastic-crates.com\/wp-content\/uploads\/2019\/01\/moving-crates-factory-inside.jpg\" \/>\n\t<meta property=\"og:image:width\" content=\"1200\" \/>\n\t<meta property=\"og:image:height\" content=\"308\" \/>\n\t<meta property=\"og:image:type\" content=\"image\/jpeg\" \/>\n<meta name=\"twitter:card\" content=\"summary_large_image\" \/>\n<meta name=\"twitter:label1\" content=\"Dur\u00e9e de lecture estim\u00e9e\" \/>\n\t<meta name=\"twitter:data1\" content=\"1 minute\" \/>\n<script type=\"application\/ld+json\" class=\"yoast-schema-graph\">{\"@context\":\"https:\/\/schema.org\",\"@graph\":[{\"@type\":\"WebPage\",\"@id\":\"https:\/\/www.plastic-crates.com\/contact-us\/\",\"url\":\"https:\/\/www.plastic-crates.com\/contact-us\/\",\"name\":\"Contact us | Storage Bins With Lids supplier - plastic-crates.com\",\"isPartOf\":{\"@id\":\"https:\/\/www.plastic-crates.com\/#website\"},\"primaryImageOfPage\":{\"@id\":\"https:\/\/www.plastic-crates.com\/contact-us\/#primaryimage\"},\"image\":{\"@id\":\"https:\/\/www.plastic-crates.com\/contact-us\/#primaryimage\"},\"thumbnailUrl\":\"https:\/\/www.plastic-crates.com\/wp-content\/uploads\/2019\/01\/moving-crates-factory-inside-1024x263.jpg\",\"datePublished\":\"2018-04-27T04:50:03+00:00\",\"dateModified\":\"2025-08-25T23:01:03+00:00\",\"breadcrumb\":{\"@id\":\"https:\/\/www.plastic-crates.com\/contact-us\/#breadcrumb\"},\"inLanguage\":\"fr-FR\",\"potentialAction\":[{\"@type\":\"ReadAction\",\"target\":[\"https:\/\/www.plastic-crates.com\/contact-us\/\"]}]},{\"@type\":\"ImageObject\",\"inLanguage\":\"fr-FR\",\"@id\":\"https:\/\/www.plastic-crates.com\/contact-us\/#primaryimage\",\"url\":\"https:\/\/www.plastic-crates.com\/wp-content\/uploads\/2019\/01\/moving-crates-factory-inside-1024x263.jpg\",\"contentUrl\":\"https:\/\/www.plastic-crates.com\/wp-content\/uploads\/2019\/01\/moving-crates-factory-inside-1024x263.jpg\"},{\"@type\":\"BreadcrumbList\",\"@id\":\"https:\/\/www.plastic-crates.com\/contact-us\/#breadcrumb\",\"itemListElement\":[{\"@type\":\"ListItem\",\"position\":1,\"name\":\"Home\",\"item\":\"https:\/\/www.plastic-crates.com\/\"},{\"@type\":\"ListItem\",\"position\":2,\"name\":\"Contact us\"}]},{\"@type\":\"WebSite\",\"@id\":\"https:\/\/www.plastic-crates.com\/#website\",\"url\":\"https:\/\/www.plastic-crates.com\/\",\"name\":\"plastic-crates.com\",\"description\":\"Leading plastic crates manufacturer in China\",\"potentialAction\":[{\"@type\":\"SearchAction\",\"target\":{\"@type\":\"EntryPoint\",\"urlTemplate\":\"https:\/\/www.plastic-crates.com\/?s={search_term_string}\"},\"query-input\":{\"@type\":\"PropertyValueSpecification\",\"valueRequired\":true,\"valueName\":\"search_term_string\"}}],\"inLanguage\":\"fr-FR\"}]}<\/script>\n<!-- \/ Yoast SEO plugin. -->","yoast_head_json":{"title":"Contactez-nous | Fournisseur de bacs de rangement avec couvercles - plastic-crates.com","robots":{"index":"index","follow":"follow","max-snippet":"max-snippet:-1","max-image-preview":"max-image-preview:large","max-video-preview":"max-video-preview:-1"},"canonical":"https:\/\/www.plastic-crates.com\/fr\/contactez-nous\/","og_locale":"fr_FR","og_type":"article","og_title":"Contact us | Storage Bins With Lids supplier - plastic-crates.com","og_description":"Shanghai Qusheng Plastics Co.,Ltd is a wellknown plastic injection enterprise with its own factory located at Shanghai,China. We are an&hellip;","og_url":"https:\/\/www.plastic-crates.com\/fr\/contactez-nous\/","og_site_name":"plastic-crates.com","article_modified_time":"2025-08-25T23:01:03+00:00","og_image":[{"width":1200,"height":308,"url":"https:\/\/www.plastic-crates.com\/wp-content\/uploads\/2019\/01\/moving-crates-factory-inside.jpg","type":"image\/jpeg"}],"twitter_card":"summary_large_image","twitter_misc":{"Dur\u00e9e de lecture estim\u00e9e":"1 minute"},"schema":{"@context":"https:\/\/schema.org","@graph":[{"@type":"WebPage","@id":"https:\/\/www.plastic-crates.com\/contact-us\/","url":"https:\/\/www.plastic-crates.com\/contact-us\/","name":"Contactez-nous | Fournisseur de bacs de rangement avec couvercles - plastic-crates.com","isPartOf":{"@id":"https:\/\/www.plastic-crates.com\/#website"},"primaryImageOfPage":{"@id":"https:\/\/www.plastic-crates.com\/contact-us\/#primaryimage"},"image":{"@id":"https:\/\/www.plastic-crates.com\/contact-us\/#primaryimage"},"thumbnailUrl":"https:\/\/www.plastic-crates.com\/wp-content\/uploads\/2019\/01\/moving-crates-factory-inside-1024x263.jpg","datePublished":"2018-04-27T04:50:03+00:00","dateModified":"2025-08-25T23:01:03+00:00","breadcrumb":{"@id":"https:\/\/www.plastic-crates.com\/contact-us\/#breadcrumb"},"inLanguage":"fr-FR","potentialAction":[{"@type":"ReadAction","target":["https:\/\/www.plastic-crates.com\/contact-us\/"]}]},{"@type":"ImageObject","inLanguage":"fr-FR","@id":"https:\/\/www.plastic-crates.com\/contact-us\/#primaryimage","url":"https:\/\/www.plastic-crates.com\/wp-content\/uploads\/2019\/01\/moving-crates-factory-inside-1024x263.jpg","contentUrl":"https:\/\/www.plastic-crates.com\/wp-content\/uploads\/2019\/01\/moving-crates-factory-inside-1024x263.jpg"},{"@type":"BreadcrumbList","@id":"https:\/\/www.plastic-crates.com\/contact-us\/#breadcrumb","itemListElement":[{"@type":"ListItem","position":1,"name":"Home","item":"https:\/\/www.plastic-crates.com\/"},{"@type":"ListItem","position":2,"name":"Contact us"}]},{"@type":"WebSite","@id":"https:\/\/www.plastic-crates.com\/#website","url":"https:\/\/www.plastic-crates.com\/","name":"plastic-crates.com","description":"Fabricant leader de caisses en plastique en Chine","potentialAction":[{"@type":"SearchAction","target":{"@type":"EntryPoint","urlTemplate":"https:\/\/www.plastic-crates.com\/?s={search_term_string}"},"query-input":{"@type":"PropertyValueSpecification","valueRequired":true,"valueName":"search_term_string"}}],"inLanguage":"fr-FR"}]}},"_links":{"self":[{"href":"https:\/\/www.plastic-crates.com\/fr\/wp-json\/wp\/v2\/pages\/419","targetHints":{"allow":["GET"]}}],"collection":[{"href":"https:\/\/www.plastic-crates.com\/fr\/wp-json\/wp\/v2\/pages"}],"about":[{"href":"https:\/\/www.plastic-crates.com\/fr\/wp-json\/wp\/v2\/types\/page"}],"author":[{"embeddable":true,"href":"https:\/\/www.plastic-crates.com\/fr\/wp-json\/wp\/v2\/users\/1"}],"replies":[{"embeddable":true,"href":"https:\/\/www.plastic-crates.com\/fr\/wp-json\/wp\/v2\/comments?post=419"}],"version-history":[{"count":31,"href":"https:\/\/www.plastic-crates.com\/fr\/wp-json\/wp\/v2\/pages\/419\/revisions"}],"predecessor-version":[{"id":7675,"href":"https:\/\/www.plastic-crates.com\/fr\/wp-json\/wp\/v2\/pages\/419\/revisions\/7675"}],"wp:attachment":[{"href":"https:\/\/www.plastic-crates.com\/fr\/wp-json\/wp\/v2\/media?parent=419"}],"curies":[{"name":"wp","href":"https:\/\/api.w.org\/{rel}","templated":true}]}}