{"id":7,"date":"2016-10-30T18:08:01","date_gmt":"2016-10-30T18:08:01","guid":{"rendered":"https:\/\/www.plastic-crates.com\/?page_id=7"},"modified":"2025-08-25T23:09:09","modified_gmt":"2025-08-25T23:09:09","slug":"wholesale-plastic-crates-pallet-boxes-moving-boxes","status":"publish","type":"page","link":"https:\/\/www.plastic-crates.com\/fr\/","title":{"rendered":""},"content":{"rendered":"<div>\n  <section class=\"video-section\">\n    <div class=\"video-wrap\">\n      <div class=\"video-bg-img video-bg-img-a\">\n        <div class=\"video-bg-overlay\"> <\/div>\n        <div class=\"video-text\">\n          <h1 class=\"h2 video-text-header hidden-xs\">Caisses en plastique en gros<\/h1>\n          <h1 class=\"h2 video-text-header visible-xs\">\n            <span class=\"h1 text-danger\" style=\"font-size: 55px; font-weight: bold;\">De gros<\/span>\n            <br>\n            <span class=\"h4\"><a href=\"https:\/\/www.plastic-crates.com\/fr\/product-category\/sacs-fourre-tout-avec-couvercles\/\">Sacs fourre-tout avec couvercles<\/a><\/span>\n            <br>\n            <span class=\"h4\"><a href=\"https:\/\/www.plastic-crates.com\/fr\/product-category\/conteneur-palette\/\">Conteneur-palette<\/a><\/span>\n            <br>\n            <span class=\"h4\"><a href=\"https:\/\/www.plastic-crates.com\/fr\/product-category\/conteneurs-empilables\/\">Conteneurs empilables<\/a><\/span>\n            <br>\n            <span class=\"h4\"><a href=\"https:\/\/www.plastic-crates.com\/fr\/product-category\/boite-pliable\/\">Bo\u00eete pliable<\/a><\/span>\n            <br>\n            <span class=\"h3\">\u2026 etc.<\/span>\n            <br>\n          <\/h1>\n          <h4 class=\"h3 video-text-detail hidden-xs\">Ne cherchez pas plus loin, nous recherchons un b\u00e9n\u00e9fice mutuel et cherchons \u00e0 construire une relation commerciale durable.<\/h4>\n          <div class=\"h3 btn-wrap\">\n            <button type=\"button\" class=\"btn btn-danger\">Fabricant fiable<\/button>\n            <button type=\"button\" class=\"btn btn-danger\">Assurance qualit\u00e9<\/button>\n            <button type=\"button\" class=\"btn btn-danger\">Assurance commerciale<\/button>\n          <\/div>\n        <\/div>\n        <div class=\"video-inner-wrap\" style=\"width: 70%;\">\n          <video width=\"100%\" controls=\"\">\n            <source src=\"https:\/\/www.plastic-crates.com\/wp-content\/uploads\/2025\/08\/qs-plastic-crates-factory.mp4\" type=\"video\/mp4\">\n            Votre navigateur ne prend pas en charge la vid\u00e9o HTML5.\n          <\/video>\n        <\/div>\n      <\/div>\n    <\/div>\n  <\/section>\n<\/div>\n<div>\n  <div>\n  \t<section class=\"text-section text-center mt-1 container\">\n      <div class=\"text-header h2 font-weight-bold\">Produits phares<\/div>\n      <hr>\n      <div class=\"row\">\n        <div class=\"col-xs-6 col-md-3\">\n          <a href=\"\/fr\/product-category\/boite-pliable\/\">\n            <img decoding=\"async\" class=\"img-responsive\" src=\"\/wp-content\/uploads\/2019\/11\/kis-collapsible-crate.jpg\" alt=\"Bo\u00eete pliable\">\n          <\/a>\n          <a href=\"\/fr\/product-category\/boite-pliable\/\">\n            <span class=\"h5 font-weight-bold cat-name-title\">Bo\u00eete pliable<\/span>\n          <\/a>\n        <\/div>\n        <div class=\"col-xs-6 col-md-3\">\n          <a href=\"\/fr\/product-category\/sacs-fourre-tout-avec-couvercles\/\">\n            <img decoding=\"async\" class=\"img-responsive\" src=\"\/wp-content\/uploads\/2019\/09\/attached-lid-containers.jpg\" alt=\"Sacs fourre-tout avec couvercles\">\n          <\/a>\n          <a href=\"\/fr\/product-category\/sacs-fourre-tout-avec-couvercles\/\">\n            <span class=\"h5 font-weight-bold cat-name-title\">Sacs fourre-tout avec couvercles<\/span>\n          <\/a>\n        <\/div>\n        <div class=\"col-xs-6 col-md-3\">\n          <a href=\"\/fr\/product-category\/conteneurs-empilables\/\">\n            <img decoding=\"async\" class=\"img-responsive\" src=\"\/wp-content\/uploads\/2019\/10\/eub360270.jpg\" alt=\"Conteneurs empilables\">\n          <\/a>\n          <a href=\"\/fr\/product-category\/conteneurs-empilables\/\">\n            <span class=\"h5 font-weight-bold cat-name-title\">Conteneurs empilables<\/span>\n          <\/a>\n        <\/div>\n        <div class=\"col-xs-6 col-md-3\">\n          <a href=\"\/fr\/product-category\/conteneur-palette\/\">\n            <img decoding=\"async\" class=\"img-responsive\" src=\"\/wp-content\/uploads\/2019\/10\/plastic-coaming-pack-container.png\" alt=\"conteneur-palette en plastique\">\n          <\/a>\n          <a href=\"\/fr\/product-category\/conteneur-palette\/\">\n            <span class=\"h5 font-weight-bold cat-name-title\">Conteneurs en plastique en vrac<\/span>\n          <\/a>\n        <\/div>\n      <\/div>\n    <\/section>\n  <\/div>\n<\/div>\n\n\n\n<section class=\"py-12 bg-gray-50 mt-5\">\n  <div class=\"mx-auto px-4 sm:px-6 lg:px-8\">\n    <h2 class=\"text-2xl md:text-3xl font-bold text-center mb-4\">Des solutions pour tous les besoins<\/h2>\n    <p class=\"text-center text-gray-600 mb-10 max-w-4xl mx-auto\">D\u00e9couvrez des solutions de palettes en plastique ax\u00e9es sur l&#039;industrie, con\u00e7ues pour l&#039;agriculture, la logistique, l&#039;alimentation et les boissons, l&#039;entreposage frigorifique, l&#039;automobile et le recyclage des d\u00e9chets.<\/p>\n\n    <div class=\"grid grid-cols-1 md:grid-cols-2 lg:grid-cols-3 gap-6\">\n      <!-- Card 1 -->\n      <div class=\"relative group rounded-lg overflow-hidden shadow-lg\">\n        <a href=\"\/fr\/product-category\/conteneur-palette\/\">\n          <img decoding=\"async\" src=\"https:\/\/cdn.plastic-crates.com\/wp-content\/uploads\/2019\/11\/stackable-pallet-containers-1.jpg\" alt=\"Caisses agricoles\" class=\"w-full h-auto object-cover\">\n        <\/a>\n        <div class=\"absolute bottom-0 left-0 w-full bg-black\/30 text-white px-4 py-2\">\n          <h3 class=\"text-lg font-semibold\"><a href=\"\/fr\/product-category\/conteneur-palette\/\">01 Agriculture<\/a><\/h3>\n        <\/div>\n        <div class=\"absolute inset-0 bg-blue-900\/80 flex flex-col justify-center p-6 text-white opacity-0 translate-y-full group-hover:translate-y-0 group-hover:opacity-100 transition-all duration-500 ease-in-out\">\n          <h3 class=\"text-xl font-bold mb-2\">Agriculture<\/h3>\n          <p class=\"mb-4\">Caisses-palettes en plastique ventil\u00e9es, approuv\u00e9es par la FDA, pour le transport et le stockage de produits frais. Id\u00e9ales pour une utilisation agricole \u00e0 long terme, elles r\u00e9sistent \u00e0 l&#039;humidit\u00e9.<\/p>\n         <a href=\"\/fr\/product-category\/conteneur-palette\/\" class=\"inline-flex items-center gap-2 border border-white px-4 py-2 rounded hover:bg-white hover:text-blue-900 transition\">\n            En savoir plus\n            <svg xmlns=\"http:\/\/www.w3.org\/2000\/svg\" class=\"h-4 w-4\" fill=\"none\" viewbox=\"0 0 24 24\" stroke=\"currentColor\">\n              <path stroke-linecap=\"round\" stroke-linejoin=\"round\" stroke-width=\"2\" d=\"M9 5l7 7-7 7\" \/>\n            <\/svg>\n          <\/a>\n        <\/div>\n      <\/div>\n\n      <!-- Card 2 -->\n      <div class=\"relative group rounded-lg overflow-hidden shadow-lg\">\n        <a href=\"\/fr\/product\/palette-de-confinement-des-deversements-palette-de-confinement-des-deversements-de-futs\/\">\n          <img decoding=\"async\" src=\"https:\/\/cdn.plastic-crates.com\/wp-content\/uploads\/2019\/11\/pallet-size-storage-containers-2.jpg\" alt=\"Industrie\" class=\"w-full h-auto object-cover\">\n        <\/a>\n        <div class=\"absolute bottom-0 left-0 w-full bg-black\/30 text-white px-4 py-2\">\n          <h3 class=\"text-lg font-semibold\"><a href=\"\/fr\/product\/palette-de-confinement-des-deversements-palette-de-confinement-des-deversements-de-futs\/\">02 Industrie<\/a><\/h3>\n        <\/div>\n        <div class=\"absolute inset-0 bg-blue-900\/80 flex flex-col justify-center p-6 text-white opacity-0 translate-y-full group-hover:translate-y-0 group-hover:opacity-100 transition-all duration-500 ease-in-out\">\n          <h3 class=\"text-xl font-bold mb-2\">Industrie<\/h3>\n          <p class=\"mb-4\">Palettes en plastique r\u00e9sistantes aux produits chimiques et empilables, id\u00e9ales pour les environnements industriels tels que les usines et les entrep\u00f4ts pharmaceutiques, garantissant une manipulation propre et efficace.<\/p>\n          <a href=\"\/fr\/product\/palette-de-confinement-des-deversements-palette-de-confinement-des-deversements-de-futs\/\" class=\"inline-flex items-center gap-2 border border-white px-4 py-2 rounded hover:bg-white hover:text-blue-900 transition\">\n            En savoir plus\n            <svg xmlns=\"http:\/\/www.w3.org\/2000\/svg\" class=\"h-4 w-4\" fill=\"none\" viewbox=\"0 0 24 24\" stroke=\"currentColor\">\n              <path stroke-linecap=\"round\" stroke-linejoin=\"round\" stroke-width=\"2\" d=\"M9 5l7 7-7 7\" \/>\n            <\/svg>\n          <\/a>\n        <\/div>\n      <\/div>\n\n      <!-- Card 3 -->\n      <div class=\"relative group rounded-lg overflow-hidden shadow-lg\">\n        <a href=\"\/fr\/product\/plateaux-a-pate-en-plastique-plateau-a-pate-a-pizza-avec-couvercle-453\/\">\n          <img decoding=\"async\" src=\"https:\/\/cdn.plastic-crates.com\/wp-content\/uploads\/2024\/10\/dough-tray-with-lid-7.png\" alt=\"Alimentation et boissons\" class=\"w-full h-auto object-cover\">\n        <\/a>\n        <div class=\"absolute bottom-0 left-0 w-full bg-black\/30 text-white px-4 py-2\">\n          <h3 class=\"text-lg font-semibold\"><a href=\"\/fr\/product\/plateaux-a-pate-en-plastique-plateau-a-pate-a-pizza-avec-couvercle-453\/\">03 Alimentation et boissons<\/a> <\/h3>\n        <\/div>\n        <div class=\"absolute inset-0 bg-blue-900\/80 flex flex-col justify-center p-6 text-white opacity-0 translate-y-full group-hover:translate-y-0 group-hover:opacity-100 transition-all duration-500 ease-in-out\">\n          <h3 class=\"text-xl font-bold mb-2\">Alimentation et boissons<\/h3>\n          <p class=\"mb-4\">Palettes hygi\u00e9niques en plastique alimentaire con\u00e7ues pour le stockage des boissons et des aliments. Plus solides et plus durables que les palettes en bois traditionnelles.<\/p>\n          <a href=\"\/fr\/product\/plateaux-a-pate-en-plastique-plateau-a-pate-a-pizza-avec-couvercle-453\/\" class=\"inline-flex items-center gap-2 border border-white px-4 py-2 rounded hover:bg-white hover:text-blue-900 transition\">\n            En savoir plus\n            <svg xmlns=\"http:\/\/www.w3.org\/2000\/svg\" class=\"h-4 w-4\" fill=\"none\" viewbox=\"0 0 24 24\" stroke=\"currentColor\">\n              <path stroke-linecap=\"round\" stroke-linejoin=\"round\" stroke-width=\"2\" d=\"M9 5l7 7-7 7\" \/>\n            <\/svg>\n          <\/a>\n        <\/div>\n      <\/div>\n\n      <!-- Card 4 -->\n      <div class=\"relative group rounded-lg overflow-hidden shadow-lg\">\n        <a href=\"\/fr\/product-category\/bacs-en-plastique-transparent\/\">\n          <img decoding=\"async\" src=\"https:\/\/cdn.plastic-crates.com\/wp-content\/uploads\/2023\/10\/128L-Extra-Large-Clear-Plastic-Storage-containers-with-Lids-1.jpg\" alt=\"Rangement m\u00e9nager\" class=\"w-full h-auto object-cover\">\n        <\/a>\n        <div class=\"absolute bottom-0 left-0 w-full bg-black\/30 text-white px-4 py-2\">\n          <h3 class=\"text-lg font-semibold\"> <a href=\"\/fr\/product-category\/bacs-en-plastique-transparent\/\">04 Rangement m\u00e9nager<\/a><\/h3>\n        <\/div>\n        <div class=\"absolute inset-0 bg-blue-900\/80 flex flex-col justify-center p-6 text-white opacity-0 translate-y-full group-hover:translate-y-0 group-hover:opacity-100 transition-all duration-500 ease-in-out\">\n          <h3 class=\"text-xl font-bold mb-2\">Rangement m\u00e9nager<\/h3>\n          <p class=\"mb-4\">Organisez votre maison gr\u00e2ce \u00e0 des bacs de rangement en plastique transparent et r\u00e9sistants, con\u00e7us pour un usage domestique. Ces contenants transparents permettent d&#039;identifier facilement leur contenu d&#039;un coup d&#039;\u0153il tout en les prot\u00e9geant de la poussi\u00e8re et de l&#039;humidit\u00e9. <\/p>\n          <a href=\"\/fr\/product-category\/bacs-en-plastique-transparent\/\" class=\"inline-flex items-center gap-2 border border-white px-4 py-2 rounded hover:bg-white hover:text-blue-900 transition\">\n            En savoir plus\n            <svg xmlns=\"http:\/\/www.w3.org\/2000\/svg\" class=\"h-4 w-4\" fill=\"none\" viewbox=\"0 0 24 24\" stroke=\"currentColor\">\n              <path stroke-linecap=\"round\" stroke-linejoin=\"round\" stroke-width=\"2\" d=\"M9 5l7 7-7 7\" \/>\n            <\/svg>\n          <\/a>\n        <\/div>\n      <\/div>\n\n      <!-- Card 5 -->\n      <div class=\"relative group rounded-lg overflow-hidden shadow-lg\">\n        <a href=\"\/fr\/product-category\/conteneurs-empilables\/\">\n          <img decoding=\"async\" src=\"https:\/\/cdn.plastic-crates.com\/wp-content\/uploads\/2019\/11\/collapsible-storage-bins-plastic.jpg\" alt=\"bo\u00eete pliante\" class=\"w-full h-auto object-cover\">\n        <\/a>\n        <div class=\"absolute bottom-0 left-0 w-full bg-black\/30 text-white px-4 py-2\">\n          <h3 class=\"text-lg font-semibold\"><a href=\"\/fr\/product-category\/conteneurs-empilables\/\">05 Automobile<\/a> <\/h3>\n        <\/div>\n        <div class=\"absolute inset-0 bg-blue-900\/80 flex flex-col justify-center p-6 text-white opacity-0 translate-y-full group-hover:translate-y-0 group-hover:opacity-100 transition-all duration-500 ease-in-out\">\n          <h3 class=\"text-xl font-bold mb-2\">Automobile<\/h3>\n          <p class=\"mb-4\">Les bo\u00eetes europ\u00e9ennes durables r\u00e9duisent les d\u00e9chets d&#039;emballage et les co\u00fbts des pi\u00e8ces automobiles. Elles sont utilis\u00e9es par Ford, Thyssen-Krupp et Chep dans le monde entier.<\/p>\n          <a href=\"\/fr\/product-category\/conteneurs-empilables\/\" class=\"inline-flex items-center gap-2 border border-white px-4 py-2 rounded hover:bg-white hover:text-blue-900 transition\">\n            En savoir plus\n            <svg xmlns=\"http:\/\/www.w3.org\/2000\/svg\" class=\"h-4 w-4\" fill=\"none\" viewbox=\"0 0 24 24\" stroke=\"currentColor\">\n              <path stroke-linecap=\"round\" stroke-linejoin=\"round\" stroke-width=\"2\" d=\"M9 5l7 7-7 7\" \/>\n            <\/svg>\n          <\/a>\n        <\/div>\n      <\/div>\n\n      <!-- Card 6 -->\n      <div class=\"relative group rounded-lg overflow-hidden shadow-lg\">\n        <a href=\"\/fr\/product-category\/sacs-fourre-tout-avec-couvercles\/\">\n          <img decoding=\"async\" src=\"https:\/\/cdn.plastic-crates.com\/wp-content\/uploads\/2022\/03\/attached-lid-storage-containers-1.jpg\" alt=\"Logistique et entreposage\" class=\"w-full h-auto object-cover\">\n        <\/a>\n        <div class=\"absolute bottom-0 left-0 w-full bg-black\/30 text-white px-4 py-2\">\n          <h3 class=\"text-lg font-semibold\"><a href=\"\/fr\/product-category\/sacs-fourre-tout-avec-couvercles\/\">06 Logistique et entreposage<\/a><\/h3>\n        <\/div>\n        <div class=\"absolute inset-0 bg-blue-900\/80 flex flex-col justify-center p-6 text-white opacity-0 translate-y-full group-hover:translate-y-0 group-hover:opacity-100 transition-all duration-500 ease-in-out\">\n          <h3 class=\"text-xl font-bold mb-2\">Logistique et entreposage<\/h3>\n          <p class=\"mb-4\">Optimisez votre cha\u00eene d&#039;approvisionnement et maximisez votre capacit\u00e9 de stockage avec nos bo\u00eetes d&#039;entrep\u00f4t en plastique robustes et empilables, con\u00e7ues pour les syst\u00e8mes d&#039;entreposage automatis\u00e9s et le transport s\u00e9curis\u00e9 des produits.<\/p>\n          <a href=\"\/fr\/product-category\/sacs-fourre-tout-avec-couvercles\/\" class=\"inline-flex items-center gap-2 border border-white px-4 py-2 rounded hover:bg-white hover:text-blue-900 transition\">\n            En savoir plus\n            <svg xmlns=\"http:\/\/www.w3.org\/2000\/svg\" class=\"h-4 w-4\" fill=\"none\" viewbox=\"0 0 24 24\" stroke=\"currentColor\">\n              <path stroke-linecap=\"round\" stroke-linejoin=\"round\" stroke-width=\"2\" d=\"M9 5l7 7-7 7\" \/>\n            <\/svg>\n          <\/a>\n        <\/div>\n      <\/div>\n\n    <\/div>\n  <\/div>\n<\/section>\n\n\n\n<section class=\"text-section text-center mt-1\">\n      <div class=\"text-header h2 font-weight-bold\">\u00c0 PROPOS DE NOUS<\/div>\n      <div class=\"text-header h3 theme-color hidden-xs\">Fabricant et fournisseur de caisses en plastique<\/div>\n      <hr>\n      <div class=\"text-header h3 theme-color visible-xs\">\n        Fabricant de caisses en plastique\n        <br>\n        &amp; Fournisseur\n      <\/div>\n      <div class=\"text-detail h4 p-3\" style=\"line-height: 1.2;\">B\u00e9n\u00e9ficiez des meilleures offres sur des bacs avec couvercle, des bo\u00eetes pliables, des conteneurs empilables et des bacs de rangement pour pi\u00e8ces d\u00e9tach\u00e9es, directement aupr\u00e8s d&#039;un fabricant chinois. Sp\u00e9cialis\u00e9 dans les caisses et caisses en plastique pour le stockage, la logistique et le transport.<\/div>\n      <div>\n        <a type=\"button\" href=\"\/fr\/contactez-nous\/\" class=\"btn btn-danger\">Apprendre encore plus<\/a>\n      <\/div>\n      <hr>\n      <div class=\"text-detail h4 p-3 visible-xs\" style=\"line-height: 1.2;\">Ne cherchez pas plus loin, nous recherchons un b\u00e9n\u00e9fice mutuel et cherchons \u00e0 construire une relation commerciale durable.<\/div>\n    <\/section>","protected":false},"excerpt":{"rendered":"<p>Wholesale plastic crates Wholesale Totes With Lids Pallet Container Stackable Containers Collapsable Box &#8230; etc. Look no further, we strive&hellip;<\/p>","protected":false},"author":1,"featured_media":0,"parent":0,"menu_order":0,"comment_status":"closed","ping_status":"closed","template":"","meta":{"_acf_changed":false,"footnotes":""},"class_list":["post-7","page","type-page","status-publish","hentry"],"acf":[],"yoast_head":"<!-- This site is optimized with the Yoast SEO plugin v26.1.1 - https:\/\/yoast.com\/wordpress\/plugins\/seo\/ -->\n<title>Plastic Crates, Plastic Storage Crates, Cheap Stackable Plastic crates sale<\/title>\n<meta name=\"description\" content=\"we are a Plastic Crates manufacturer and wholesale a range of Plastic Storage Crates, including Stackable Plastic crates, plastic pallet containers, etc!\" \/>\n<meta name=\"robots\" content=\"index, follow, max-snippet:-1, max-image-preview:large, max-video-preview:-1\" \/>\n<link rel=\"canonical\" href=\"https:\/\/www.plastic-crates.com\/fr\/\" \/>\n<meta property=\"og:locale\" content=\"fr_FR\" \/>\n<meta property=\"og:type\" content=\"article\" \/>\n<meta property=\"og:title\" content=\"Plastic Crates, Plastic Storage Crates, Cheap Stackable Plastic crates sale\" \/>\n<meta property=\"og:description\" content=\"we are a Plastic Crates manufacturer and wholesale a range of Plastic Storage Crates, including Stackable Plastic crates, plastic pallet containers, etc!\" \/>\n<meta property=\"og:url\" content=\"https:\/\/www.plastic-crates.com\/fr\/\" \/>\n<meta property=\"og:site_name\" content=\"plastic-crates.com\" \/>\n<meta property=\"article:modified_time\" content=\"2025-08-25T23:09:09+00:00\" \/>\n<meta property=\"og:image\" content=\"https:\/\/cdn.plastic-crates.com\/wp-content\/uploads\/2019\/11\/stackable-pallet-containers-1.jpg\" \/>\n<meta name=\"twitter:card\" content=\"summary_large_image\" \/>\n<meta name=\"twitter:label1\" content=\"Dur\u00e9e de lecture estim\u00e9e\" \/>\n\t<meta name=\"twitter:data1\" content=\"4 minutes\" \/>\n<script type=\"application\/ld+json\" class=\"yoast-schema-graph\">{\"@context\":\"https:\/\/schema.org\",\"@graph\":[{\"@type\":\"WebPage\",\"@id\":\"https:\/\/www.plastic-crates.com\/\",\"url\":\"https:\/\/www.plastic-crates.com\/\",\"name\":\"Plastic Crates, Plastic Storage Crates, Cheap Stackable Plastic crates sale\",\"isPartOf\":{\"@id\":\"https:\/\/www.plastic-crates.com\/#website\"},\"primaryImageOfPage\":{\"@id\":\"https:\/\/www.plastic-crates.com\/#primaryimage\"},\"image\":{\"@id\":\"https:\/\/www.plastic-crates.com\/#primaryimage\"},\"thumbnailUrl\":\"https:\/\/cdn.plastic-crates.com\/wp-content\/uploads\/2019\/11\/stackable-pallet-containers-1.jpg\",\"datePublished\":\"2016-10-30T18:08:01+00:00\",\"dateModified\":\"2025-08-25T23:09:09+00:00\",\"description\":\"we are a Plastic Crates manufacturer and wholesale a range of Plastic Storage Crates, including Stackable Plastic crates, plastic pallet containers, etc!\",\"inLanguage\":\"fr-FR\",\"potentialAction\":[{\"@type\":\"ReadAction\",\"target\":[\"https:\/\/www.plastic-crates.com\/\"]}]},{\"@type\":\"ImageObject\",\"inLanguage\":\"fr-FR\",\"@id\":\"https:\/\/www.plastic-crates.com\/#primaryimage\",\"url\":\"https:\/\/cdn.plastic-crates.com\/wp-content\/uploads\/2019\/11\/stackable-pallet-containers-1.jpg\",\"contentUrl\":\"https:\/\/cdn.plastic-crates.com\/wp-content\/uploads\/2019\/11\/stackable-pallet-containers-1.jpg\"},{\"@type\":\"WebSite\",\"@id\":\"https:\/\/www.plastic-crates.com\/#website\",\"url\":\"https:\/\/www.plastic-crates.com\/\",\"name\":\"plastic-crates.com\",\"description\":\"Leading plastic crates manufacturer in China\",\"potentialAction\":[{\"@type\":\"SearchAction\",\"target\":{\"@type\":\"EntryPoint\",\"urlTemplate\":\"https:\/\/www.plastic-crates.com\/?s={search_term_string}\"},\"query-input\":{\"@type\":\"PropertyValueSpecification\",\"valueRequired\":true,\"valueName\":\"search_term_string\"}}],\"inLanguage\":\"fr-FR\"}]}<\/script>\n<!-- \/ Yoast SEO plugin. -->","yoast_head_json":{"title":"Caisses en plastique, caisses de rangement en plastique, vente de caisses en plastique empilables \u00e0 bas prix","description":"nous sommes un fabricant de caisses en plastique et vendons en gros une gamme de caisses de stockage en plastique, y compris des caisses en plastique empilables, des conteneurs-palettes en plastique, etc. !","robots":{"index":"index","follow":"follow","max-snippet":"max-snippet:-1","max-image-preview":"max-image-preview:large","max-video-preview":"max-video-preview:-1"},"canonical":"https:\/\/www.plastic-crates.com\/fr\/","og_locale":"fr_FR","og_type":"article","og_title":"Plastic Crates, Plastic Storage Crates, Cheap Stackable Plastic crates sale","og_description":"we are a Plastic Crates manufacturer and wholesale a range of Plastic Storage Crates, including Stackable Plastic crates, plastic pallet containers, etc!","og_url":"https:\/\/www.plastic-crates.com\/fr\/","og_site_name":"plastic-crates.com","article_modified_time":"2025-08-25T23:09:09+00:00","og_image":[{"url":"https:\/\/cdn.plastic-crates.com\/wp-content\/uploads\/2019\/11\/stackable-pallet-containers-1.jpg","type":"","width":"","height":""}],"twitter_card":"summary_large_image","twitter_misc":{"Dur\u00e9e de lecture estim\u00e9e":"4 minutes"},"schema":{"@context":"https:\/\/schema.org","@graph":[{"@type":"WebPage","@id":"https:\/\/www.plastic-crates.com\/","url":"https:\/\/www.plastic-crates.com\/","name":"Caisses en plastique, caisses de rangement en plastique, vente de caisses en plastique empilables \u00e0 bas prix","isPartOf":{"@id":"https:\/\/www.plastic-crates.com\/#website"},"primaryImageOfPage":{"@id":"https:\/\/www.plastic-crates.com\/#primaryimage"},"image":{"@id":"https:\/\/www.plastic-crates.com\/#primaryimage"},"thumbnailUrl":"https:\/\/cdn.plastic-crates.com\/wp-content\/uploads\/2019\/11\/stackable-pallet-containers-1.jpg","datePublished":"2016-10-30T18:08:01+00:00","dateModified":"2025-08-25T23:09:09+00:00","description":"nous sommes un fabricant de caisses en plastique et vendons en gros une gamme de caisses de stockage en plastique, y compris des caisses en plastique empilables, des conteneurs-palettes en plastique, etc. !","inLanguage":"fr-FR","potentialAction":[{"@type":"ReadAction","target":["https:\/\/www.plastic-crates.com\/"]}]},{"@type":"ImageObject","inLanguage":"fr-FR","@id":"https:\/\/www.plastic-crates.com\/#primaryimage","url":"https:\/\/cdn.plastic-crates.com\/wp-content\/uploads\/2019\/11\/stackable-pallet-containers-1.jpg","contentUrl":"https:\/\/cdn.plastic-crates.com\/wp-content\/uploads\/2019\/11\/stackable-pallet-containers-1.jpg"},{"@type":"WebSite","@id":"https:\/\/www.plastic-crates.com\/#website","url":"https:\/\/www.plastic-crates.com\/","name":"plastic-crates.com","description":"Fabricant leader de caisses en plastique en Chine","potentialAction":[{"@type":"SearchAction","target":{"@type":"EntryPoint","urlTemplate":"https:\/\/www.plastic-crates.com\/?s={search_term_string}"},"query-input":{"@type":"PropertyValueSpecification","valueRequired":true,"valueName":"search_term_string"}}],"inLanguage":"fr-FR"}]}},"_links":{"self":[{"href":"https:\/\/www.plastic-crates.com\/fr\/wp-json\/wp\/v2\/pages\/7","targetHints":{"allow":["GET"]}}],"collection":[{"href":"https:\/\/www.plastic-crates.com\/fr\/wp-json\/wp\/v2\/pages"}],"about":[{"href":"https:\/\/www.plastic-crates.com\/fr\/wp-json\/wp\/v2\/types\/page"}],"author":[{"embeddable":true,"href":"https:\/\/www.plastic-crates.com\/fr\/wp-json\/wp\/v2\/users\/1"}],"replies":[{"embeddable":true,"href":"https:\/\/www.plastic-crates.com\/fr\/wp-json\/wp\/v2\/comments?post=7"}],"version-history":[{"count":88,"href":"https:\/\/www.plastic-crates.com\/fr\/wp-json\/wp\/v2\/pages\/7\/revisions"}],"predecessor-version":[{"id":7677,"href":"https:\/\/www.plastic-crates.com\/fr\/wp-json\/wp\/v2\/pages\/7\/revisions\/7677"}],"wp:attachment":[{"href":"https:\/\/www.plastic-crates.com\/fr\/wp-json\/wp\/v2\/media?parent=7"}],"curies":[{"name":"wp","href":"https:\/\/api.w.org\/{rel}","templated":true}]}}