{"id":193,"date":"2017-04-14T05:41:00","date_gmt":"2017-04-14T05:41:00","guid":{"rendered":"http:\/\/www.plastic-crate.com\/?post_type=product&#038;p=193"},"modified":"2018-01-08T06:14:49","modified_gmt":"2018-01-08T06:14:49","slug":"caisse-de-fruits-et-legumes","status":"publish","type":"product","link":"https:\/\/www.plastic-crates.com\/fr\/product\/caisse-de-fruits-et-legumes\/","title":{"rendered":"Caisse de fruits et l\u00e9gumes en PP vierge 100% en vente \u00e0 chaud"},"content":{"rendered":"<p>Notre toute nouvelle caisse \u00e0 fruits et l\u00e9gumes 100% est en promotion. Fabriqu\u00e9e en PP alimentaire robuste, durable et r\u00e9sistant aux UV, elle est dot\u00e9e d&#039;une conception astucieuse permettant une rotation \u00e0 180\u00b0 pour un empilage et un embo\u00eetement faciles. Elle permet de r\u00e9aliser des \u00e9conomies substantielles en termes de transport et de logistique lorsqu&#039;elle n&#039;est pas utilis\u00e9e et s&#039;empile une fois pleine. Sa conception perfor\u00e9e, avec des trous pour la circulation de l&#039;air, est id\u00e9ale pour le stockage des l\u00e9gumes.<\/p>\n<p>Les caisses \u00e0 fruits et l\u00e9gumes en PP vierge 100% sont id\u00e9ales pour un large \u00e9ventail d&#039;industries, notamment : le commerce alimentaire, la fabrication de petits produits, la manutention, l&#039;ing\u00e9nierie, l&#039;automobile, l&#039;entreposage et la distribution, etc.<\/p>\n<div id=\"attachment_194\" style=\"width: 310px\" class=\"wp-caption alignnone\"><img loading=\"lazy\" decoding=\"async\" aria-describedby=\"caption-attachment-194\" class=\"size-medium wp-image-194\" src=\"http:\/\/www.plastic-crate.com\/wp-content\/uploads\/2017\/04\/fruit-and-vegetable-crate-300x300.jpg\" alt=\"\" width=\"300\" height=\"300\" srcset=\"https:\/\/www.plastic-crates.com\/wp-content\/uploads\/2017\/04\/fruit-and-vegetable-crate-300x300.jpg 300w, https:\/\/www.plastic-crates.com\/wp-content\/uploads\/2017\/04\/fruit-and-vegetable-crate-100x100.jpg 100w, https:\/\/www.plastic-crates.com\/wp-content\/uploads\/2017\/04\/fruit-and-vegetable-crate-600x600.jpg 600w, https:\/\/www.plastic-crates.com\/wp-content\/uploads\/2017\/04\/fruit-and-vegetable-crate-150x150.jpg 150w, https:\/\/www.plastic-crates.com\/wp-content\/uploads\/2017\/04\/fruit-and-vegetable-crate.jpg 700w\" sizes=\"auto, (max-width: 300px) 100vw, 300px\" \/><p id=\"caption-attachment-194\" class=\"wp-caption-text\">caisse de fruits et l\u00e9gumes<\/p><\/div>\n<p>&nbsp;<\/p>","protected":false},"excerpt":{"rendered":"<p>Our 100% brand new fruit and vegetable crate on hot sell. They are made from \u00a0tough, durable and UV resistant&hellip;<\/p>","protected":false},"featured_media":194,"template":"","meta":{"_acf_changed":false},"product_brand":[],"product_cat":[20],"product_tag":[31,32,33],"class_list":{"0":"post-193","1":"product","2":"type-product","3":"status-publish","4":"has-post-thumbnail","6":"product_cat-fruit-crates","7":"product_tag-fruit-and-vegetable-crate","8":"product_tag-fruit-crate","9":"product_tag-vegetable-crate","11":"first","12":"instock","13":"shipping-taxable","14":"product-type-simple"},"acf":[],"yoast_head":"<!-- This site is optimized with the Yoast SEO plugin v26.1.1 - https:\/\/yoast.com\/wordpress\/plugins\/seo\/ -->\n<title>fruit and vegetable crate<\/title>\n<meta name=\"description\" content=\"100% virgin PP fruit and vegetable crate on hot sell\" \/>\n<meta name=\"robots\" content=\"index, follow, max-snippet:-1, max-image-preview:large, max-video-preview:-1\" \/>\n<link rel=\"canonical\" href=\"https:\/\/www.plastic-crates.com\/fr\/product\/caisse-de-fruits-et-legumes\/\" \/>\n<meta property=\"og:locale\" content=\"fr_FR\" \/>\n<meta property=\"og:type\" content=\"article\" \/>\n<meta property=\"og:title\" content=\"fruit and vegetable crate\" \/>\n<meta property=\"og:description\" content=\"100% virgin PP fruit and vegetable crate on hot sell\" \/>\n<meta property=\"og:url\" content=\"https:\/\/www.plastic-crates.com\/fr\/product\/caisse-de-fruits-et-legumes\/\" \/>\n<meta property=\"og:site_name\" content=\"plastic-crates.com\" \/>\n<meta property=\"article:modified_time\" content=\"2018-01-08T06:14:49+00:00\" \/>\n<meta property=\"og:image\" content=\"https:\/\/www.plastic-crates.com\/wp-content\/uploads\/2017\/04\/fruit-and-vegetable-crate.jpg\" \/>\n\t<meta property=\"og:image:width\" content=\"700\" \/>\n\t<meta property=\"og:image:height\" content=\"700\" \/>\n\t<meta property=\"og:image:type\" content=\"image\/jpeg\" \/>\n<meta name=\"twitter:card\" content=\"summary_large_image\" \/>\n<meta name=\"twitter:label1\" content=\"Dur\u00e9e de lecture estim\u00e9e\" \/>\n\t<meta name=\"twitter:data1\" content=\"1 minute\" \/>\n<script type=\"application\/ld+json\" class=\"yoast-schema-graph\">{\"@context\":\"https:\/\/schema.org\",\"@graph\":[{\"@type\":\"WebPage\",\"@id\":\"https:\/\/www.plastic-crates.com\/product\/fruit-and-vegetable-crate\/\",\"url\":\"https:\/\/www.plastic-crates.com\/product\/fruit-and-vegetable-crate\/\",\"name\":\"fruit and vegetable crate\",\"isPartOf\":{\"@id\":\"https:\/\/www.plastic-crates.com\/#website\"},\"primaryImageOfPage\":{\"@id\":\"https:\/\/www.plastic-crates.com\/product\/fruit-and-vegetable-crate\/#primaryimage\"},\"image\":{\"@id\":\"https:\/\/www.plastic-crates.com\/product\/fruit-and-vegetable-crate\/#primaryimage\"},\"thumbnailUrl\":\"https:\/\/www.plastic-crates.com\/wp-content\/uploads\/2017\/04\/fruit-and-vegetable-crate.jpg\",\"datePublished\":\"2017-04-14T05:41:00+00:00\",\"dateModified\":\"2018-01-08T06:14:49+00:00\",\"description\":\"100% virgin PP fruit and vegetable crate on hot sell\",\"breadcrumb\":{\"@id\":\"https:\/\/www.plastic-crates.com\/product\/fruit-and-vegetable-crate\/#breadcrumb\"},\"inLanguage\":\"fr-FR\",\"potentialAction\":[{\"@type\":\"ReadAction\",\"target\":[\"https:\/\/www.plastic-crates.com\/product\/fruit-and-vegetable-crate\/\"]}]},{\"@type\":\"ImageObject\",\"inLanguage\":\"fr-FR\",\"@id\":\"https:\/\/www.plastic-crates.com\/product\/fruit-and-vegetable-crate\/#primaryimage\",\"url\":\"https:\/\/www.plastic-crates.com\/wp-content\/uploads\/2017\/04\/fruit-and-vegetable-crate.jpg\",\"contentUrl\":\"https:\/\/www.plastic-crates.com\/wp-content\/uploads\/2017\/04\/fruit-and-vegetable-crate.jpg\",\"width\":700,\"height\":700,\"caption\":\"fruit and vegetable crate\"},{\"@type\":\"BreadcrumbList\",\"@id\":\"https:\/\/www.plastic-crates.com\/product\/fruit-and-vegetable-crate\/#breadcrumb\",\"itemListElement\":[{\"@type\":\"ListItem\",\"position\":1,\"name\":\"Home\",\"item\":\"https:\/\/www.plastic-crates.com\/\"},{\"@type\":\"ListItem\",\"position\":2,\"name\":\"Products\",\"item\":\"https:\/\/www.plastic-crates.com\/shop\/\"},{\"@type\":\"ListItem\",\"position\":3,\"name\":\"100% virgin PP fruit and vegetable crate on hot sell\"}]},{\"@type\":\"WebSite\",\"@id\":\"https:\/\/www.plastic-crates.com\/#website\",\"url\":\"https:\/\/www.plastic-crates.com\/\",\"name\":\"plastic-crates.com\",\"description\":\"Leading plastic crates manufacturer in China\",\"potentialAction\":[{\"@type\":\"SearchAction\",\"target\":{\"@type\":\"EntryPoint\",\"urlTemplate\":\"https:\/\/www.plastic-crates.com\/?s={search_term_string}\"},\"query-input\":{\"@type\":\"PropertyValueSpecification\",\"valueRequired\":true,\"valueName\":\"search_term_string\"}}],\"inLanguage\":\"fr-FR\"}]}<\/script>\n<!-- \/ Yoast SEO plugin. -->","yoast_head_json":{"title":"caisse de fruits et l\u00e9gumes","description":"Caisse de fruits et l\u00e9gumes en PP vierge 100% en vente \u00e0 chaud","robots":{"index":"index","follow":"follow","max-snippet":"max-snippet:-1","max-image-preview":"max-image-preview:large","max-video-preview":"max-video-preview:-1"},"canonical":"https:\/\/www.plastic-crates.com\/fr\/product\/caisse-de-fruits-et-legumes\/","og_locale":"fr_FR","og_type":"article","og_title":"fruit and vegetable crate","og_description":"100% virgin PP fruit and vegetable crate on hot sell","og_url":"https:\/\/www.plastic-crates.com\/fr\/product\/caisse-de-fruits-et-legumes\/","og_site_name":"plastic-crates.com","article_modified_time":"2018-01-08T06:14:49+00:00","og_image":[{"width":700,"height":700,"url":"https:\/\/www.plastic-crates.com\/wp-content\/uploads\/2017\/04\/fruit-and-vegetable-crate.jpg","type":"image\/jpeg"}],"twitter_card":"summary_large_image","twitter_misc":{"Dur\u00e9e de lecture estim\u00e9e":"1 minute"},"schema":{"@context":"https:\/\/schema.org","@graph":[{"@type":"WebPage","@id":"https:\/\/www.plastic-crates.com\/product\/fruit-and-vegetable-crate\/","url":"https:\/\/www.plastic-crates.com\/product\/fruit-and-vegetable-crate\/","name":"caisse de fruits et l\u00e9gumes","isPartOf":{"@id":"https:\/\/www.plastic-crates.com\/#website"},"primaryImageOfPage":{"@id":"https:\/\/www.plastic-crates.com\/product\/fruit-and-vegetable-crate\/#primaryimage"},"image":{"@id":"https:\/\/www.plastic-crates.com\/product\/fruit-and-vegetable-crate\/#primaryimage"},"thumbnailUrl":"https:\/\/www.plastic-crates.com\/wp-content\/uploads\/2017\/04\/fruit-and-vegetable-crate.jpg","datePublished":"2017-04-14T05:41:00+00:00","dateModified":"2018-01-08T06:14:49+00:00","description":"Caisse de fruits et l\u00e9gumes en PP vierge 100% en vente \u00e0 chaud","breadcrumb":{"@id":"https:\/\/www.plastic-crates.com\/product\/fruit-and-vegetable-crate\/#breadcrumb"},"inLanguage":"fr-FR","potentialAction":[{"@type":"ReadAction","target":["https:\/\/www.plastic-crates.com\/product\/fruit-and-vegetable-crate\/"]}]},{"@type":"ImageObject","inLanguage":"fr-FR","@id":"https:\/\/www.plastic-crates.com\/product\/fruit-and-vegetable-crate\/#primaryimage","url":"https:\/\/www.plastic-crates.com\/wp-content\/uploads\/2017\/04\/fruit-and-vegetable-crate.jpg","contentUrl":"https:\/\/www.plastic-crates.com\/wp-content\/uploads\/2017\/04\/fruit-and-vegetable-crate.jpg","width":700,"height":700,"caption":"fruit and vegetable crate"},{"@type":"BreadcrumbList","@id":"https:\/\/www.plastic-crates.com\/product\/fruit-and-vegetable-crate\/#breadcrumb","itemListElement":[{"@type":"ListItem","position":1,"name":"Home","item":"https:\/\/www.plastic-crates.com\/"},{"@type":"ListItem","position":2,"name":"Products","item":"https:\/\/www.plastic-crates.com\/shop\/"},{"@type":"ListItem","position":3,"name":"100% virgin PP fruit and vegetable crate on hot sell"}]},{"@type":"WebSite","@id":"https:\/\/www.plastic-crates.com\/#website","url":"https:\/\/www.plastic-crates.com\/","name":"plastic-crates.com","description":"Fabricant leader de caisses en plastique en Chine","potentialAction":[{"@type":"SearchAction","target":{"@type":"EntryPoint","urlTemplate":"https:\/\/www.plastic-crates.com\/?s={search_term_string}"},"query-input":{"@type":"PropertyValueSpecification","valueRequired":true,"valueName":"search_term_string"}}],"inLanguage":"fr-FR"}]}},"_links":{"self":[{"href":"https:\/\/www.plastic-crates.com\/fr\/wp-json\/wp\/v2\/product\/193","targetHints":{"allow":["GET"]}}],"collection":[{"href":"https:\/\/www.plastic-crates.com\/fr\/wp-json\/wp\/v2\/product"}],"about":[{"href":"https:\/\/www.plastic-crates.com\/fr\/wp-json\/wp\/v2\/types\/product"}],"wp:featuredmedia":[{"embeddable":true,"href":"https:\/\/www.plastic-crates.com\/fr\/wp-json\/wp\/v2\/media\/194"}],"wp:attachment":[{"href":"https:\/\/www.plastic-crates.com\/fr\/wp-json\/wp\/v2\/media?parent=193"}],"wp:term":[{"taxonomy":"product_brand","embeddable":true,"href":"https:\/\/www.plastic-crates.com\/fr\/wp-json\/wp\/v2\/product_brand?post=193"},{"taxonomy":"product_cat","embeddable":true,"href":"https:\/\/www.plastic-crates.com\/fr\/wp-json\/wp\/v2\/product_cat?post=193"},{"taxonomy":"product_tag","embeddable":true,"href":"https:\/\/www.plastic-crates.com\/fr\/wp-json\/wp\/v2\/product_tag?post=193"}],"curies":[{"name":"wp","href":"https:\/\/api.w.org\/{rel}","templated":true}]}}