{"id":5832,"date":"2019-07-17T16:56:22","date_gmt":"2019-07-17T16:56:22","guid":{"rendered":"https:\/\/www.plastic-crates.com\/product\/foldable-plastic-box-zjeu604022w\/"},"modified":"2019-11-23T03:41:33","modified_gmt":"2019-11-23T03:41:33","slug":"boite-en-plastique-pliable-zjeu604022w","status":"publish","type":"product","link":"https:\/\/www.plastic-crates.com\/fr\/product\/boite-en-plastique-pliable-zjeu604022w\/","title":{"rendered":"bo\u00eete en plastique pliable-JOIN-EU604022W"},"content":{"rendered":"","protected":false},"excerpt":{"rendered":"<div><a href=\"https:\/\/www.plastic-crates.com\/fr\/product-category\/boite-pliable\/\" target=\"_blank\" rel=\"noopener noreferrer\">conteneurs pliables de style maille<\/a>,<a href=\"https:\/\/www.plastic-crates.com\/fr\/product-category\/conteneurs-empilables\/\" target=\"_blank\" rel=\"noopener noreferrer\">bacs de rangement empilables avec couvercles<\/a>,<a href=\"https:\/\/www.plastic-crates.com\/fr\/product-category\/sacs-fourre-tout-avec-couvercles\/\" target=\"_blank\" rel=\"noopener noreferrer\">bo\u00eete de transport en plastique<\/a>,<a href=\"https:\/\/www.plastic-crates.com\/fr\/product-category\/bacs-de-stockage-de-pieces\/\" target=\"_blank\" rel=\"noopener noreferrer\">\u00e9tag\u00e8res avec bacs<\/a>,<a href=\"https:\/\/www.plastic-crates.com\/fr\/product-category\/conteneur-palette\/\" target=\"_blank\" rel=\"noopener noreferrer\">caisses-palettes pliables<\/a><\/div>","protected":false},"featured_media":5833,"template":"","meta":{"_acf_changed":false},"product_brand":[],"product_cat":[11],"product_tag":[101],"class_list":{"0":"post-5832","1":"product","2":"type-product","3":"status-publish","4":"has-post-thumbnail","6":"product_cat-collapsable-box","7":"product_tag-plastic-folding-boxes","9":"first","10":"instock","11":"product-type-simple"},"acf":[],"yoast_head":"<!-- This site is optimized with the Yoast SEO plugin v26.1.1 - https:\/\/yoast.com\/wordpress\/plugins\/seo\/ -->\n<title>foldable plastic box wholesale &amp; Factory Price<\/title>\n<meta name=\"description\" content=\"Wholesale foldable plastic box, collapsable box supplier, Dimensions(L*W*H):600 * 400 * 220 mm, Volume: 41.33L, foldable plastic box for sale\" \/>\n<meta name=\"robots\" content=\"index, follow, max-snippet:-1, max-image-preview:large, max-video-preview:-1\" \/>\n<link rel=\"canonical\" href=\"https:\/\/www.plastic-crates.com\/fr\/product\/boite-en-plastique-pliable-zjeu604022w\/\" \/>\n<meta property=\"og:locale\" content=\"fr_FR\" \/>\n<meta property=\"og:type\" content=\"article\" \/>\n<meta property=\"og:title\" content=\"foldable plastic box\" \/>\n<meta property=\"og:description\" content=\"Wholesale foldable plastic box, collapsable box supplier, Dimensions(L*W*H):600 * 400 * 220 mm, Volume: 41.33L, foldable plastic box for sale\" \/>\n<meta property=\"og:url\" content=\"https:\/\/www.plastic-crates.com\/fr\/product\/boite-en-plastique-pliable-zjeu604022w\/\" \/>\n<meta property=\"og:site_name\" content=\"plastic-crates.com\" \/>\n<meta property=\"article:modified_time\" content=\"2019-11-23T03:41:33+00:00\" \/>\n<meta property=\"og:image\" content=\"https:\/\/www.plastic-crates.com\/wp-content\/uploads\/2019\/11\/foldable-plastic-box.jpg\" \/>\n\t<meta property=\"og:image:width\" content=\"498\" \/>\n\t<meta property=\"og:image:height\" content=\"314\" \/>\n\t<meta property=\"og:image:type\" content=\"image\/jpeg\" \/>\n<meta name=\"twitter:card\" content=\"summary_large_image\" \/>\n<meta name=\"twitter:title\" content=\"foldable plastic box\" \/>\n<script type=\"application\/ld+json\" class=\"yoast-schema-graph\">{\"@context\":\"https:\/\/schema.org\",\"@graph\":[{\"@type\":\"WebPage\",\"@id\":\"https:\/\/www.plastic-crates.com\/product\/foldable-plastic-box-zjeu604022w\/\",\"url\":\"https:\/\/www.plastic-crates.com\/product\/foldable-plastic-box-zjeu604022w\/\",\"name\":\"foldable plastic box wholesale & Factory Price\",\"isPartOf\":{\"@id\":\"https:\/\/www.plastic-crates.com\/#website\"},\"primaryImageOfPage\":{\"@id\":\"https:\/\/www.plastic-crates.com\/product\/foldable-plastic-box-zjeu604022w\/#primaryimage\"},\"image\":{\"@id\":\"https:\/\/www.plastic-crates.com\/product\/foldable-plastic-box-zjeu604022w\/#primaryimage\"},\"thumbnailUrl\":\"https:\/\/www.plastic-crates.com\/wp-content\/uploads\/2019\/11\/foldable-plastic-box.jpg\",\"datePublished\":\"2019-07-17T16:56:22+00:00\",\"dateModified\":\"2019-11-23T03:41:33+00:00\",\"description\":\"Wholesale foldable plastic box, collapsable box supplier, Dimensions(L*W*H):600 * 400 * 220 mm, Volume: 41.33L, foldable plastic box for sale\",\"breadcrumb\":{\"@id\":\"https:\/\/www.plastic-crates.com\/product\/foldable-plastic-box-zjeu604022w\/#breadcrumb\"},\"inLanguage\":\"fr-FR\",\"potentialAction\":[{\"@type\":\"ReadAction\",\"target\":[\"https:\/\/www.plastic-crates.com\/product\/foldable-plastic-box-zjeu604022w\/\"]}]},{\"@type\":\"ImageObject\",\"inLanguage\":\"fr-FR\",\"@id\":\"https:\/\/www.plastic-crates.com\/product\/foldable-plastic-box-zjeu604022w\/#primaryimage\",\"url\":\"https:\/\/www.plastic-crates.com\/wp-content\/uploads\/2019\/11\/foldable-plastic-box.jpg\",\"contentUrl\":\"https:\/\/www.plastic-crates.com\/wp-content\/uploads\/2019\/11\/foldable-plastic-box.jpg\",\"width\":498,\"height\":314,\"caption\":\"foldable plastic box\"},{\"@type\":\"BreadcrumbList\",\"@id\":\"https:\/\/www.plastic-crates.com\/product\/foldable-plastic-box-zjeu604022w\/#breadcrumb\",\"itemListElement\":[{\"@type\":\"ListItem\",\"position\":1,\"name\":\"Home\",\"item\":\"https:\/\/www.plastic-crates.com\/\"},{\"@type\":\"ListItem\",\"position\":2,\"name\":\"Products\",\"item\":\"https:\/\/www.plastic-crates.com\/shop\/\"},{\"@type\":\"ListItem\",\"position\":3,\"name\":\"foldable plastic box-JOIN-EU604022W\"}]},{\"@type\":\"WebSite\",\"@id\":\"https:\/\/www.plastic-crates.com\/#website\",\"url\":\"https:\/\/www.plastic-crates.com\/\",\"name\":\"plastic-crates.com\",\"description\":\"Leading plastic crates manufacturer in China\",\"potentialAction\":[{\"@type\":\"SearchAction\",\"target\":{\"@type\":\"EntryPoint\",\"urlTemplate\":\"https:\/\/www.plastic-crates.com\/?s={search_term_string}\"},\"query-input\":{\"@type\":\"PropertyValueSpecification\",\"valueRequired\":true,\"valueName\":\"search_term_string\"}}],\"inLanguage\":\"fr-FR\"}]}<\/script>\n<!-- \/ Yoast SEO plugin. -->","yoast_head_json":{"title":"Bo\u00eetes en plastique pliables en gros et \u00e0 prix d&#039;usine","description":"Bo\u00eete en plastique pliable en gros, fournisseur de bo\u00eetes pliables, dimensions (L*l*H)\u00a0: 600\u00a0\u00d7\u00a0400\u00a0\u00d7\u00a0220\u00a0mm, volume\u00a0: 41,33\u00a0L, bo\u00eete en plastique pliable \u00e0 vendre","robots":{"index":"index","follow":"follow","max-snippet":"max-snippet:-1","max-image-preview":"max-image-preview:large","max-video-preview":"max-video-preview:-1"},"canonical":"https:\/\/www.plastic-crates.com\/fr\/product\/boite-en-plastique-pliable-zjeu604022w\/","og_locale":"fr_FR","og_type":"article","og_title":"foldable plastic box","og_description":"Wholesale foldable plastic box, collapsable box supplier, Dimensions(L*W*H):600 * 400 * 220 mm, Volume: 41.33L, foldable plastic box for sale","og_url":"https:\/\/www.plastic-crates.com\/fr\/product\/boite-en-plastique-pliable-zjeu604022w\/","og_site_name":"plastic-crates.com","article_modified_time":"2019-11-23T03:41:33+00:00","og_image":[{"width":498,"height":314,"url":"https:\/\/www.plastic-crates.com\/wp-content\/uploads\/2019\/11\/foldable-plastic-box.jpg","type":"image\/jpeg"}],"twitter_card":"summary_large_image","twitter_title":"foldable plastic box","schema":{"@context":"https:\/\/schema.org","@graph":[{"@type":"WebPage","@id":"https:\/\/www.plastic-crates.com\/product\/foldable-plastic-box-zjeu604022w\/","url":"https:\/\/www.plastic-crates.com\/product\/foldable-plastic-box-zjeu604022w\/","name":"Bo\u00eetes en plastique pliables en gros et \u00e0 prix d&#039;usine","isPartOf":{"@id":"https:\/\/www.plastic-crates.com\/#website"},"primaryImageOfPage":{"@id":"https:\/\/www.plastic-crates.com\/product\/foldable-plastic-box-zjeu604022w\/#primaryimage"},"image":{"@id":"https:\/\/www.plastic-crates.com\/product\/foldable-plastic-box-zjeu604022w\/#primaryimage"},"thumbnailUrl":"https:\/\/www.plastic-crates.com\/wp-content\/uploads\/2019\/11\/foldable-plastic-box.jpg","datePublished":"2019-07-17T16:56:22+00:00","dateModified":"2019-11-23T03:41:33+00:00","description":"Bo\u00eete en plastique pliable en gros, fournisseur de bo\u00eetes pliables, dimensions (L*l*H)\u00a0: 600\u00a0\u00d7\u00a0400\u00a0\u00d7\u00a0220\u00a0mm, volume\u00a0: 41,33\u00a0L, bo\u00eete en plastique pliable \u00e0 vendre","breadcrumb":{"@id":"https:\/\/www.plastic-crates.com\/product\/foldable-plastic-box-zjeu604022w\/#breadcrumb"},"inLanguage":"fr-FR","potentialAction":[{"@type":"ReadAction","target":["https:\/\/www.plastic-crates.com\/product\/foldable-plastic-box-zjeu604022w\/"]}]},{"@type":"ImageObject","inLanguage":"fr-FR","@id":"https:\/\/www.plastic-crates.com\/product\/foldable-plastic-box-zjeu604022w\/#primaryimage","url":"https:\/\/www.plastic-crates.com\/wp-content\/uploads\/2019\/11\/foldable-plastic-box.jpg","contentUrl":"https:\/\/www.plastic-crates.com\/wp-content\/uploads\/2019\/11\/foldable-plastic-box.jpg","width":498,"height":314,"caption":"foldable plastic box"},{"@type":"BreadcrumbList","@id":"https:\/\/www.plastic-crates.com\/product\/foldable-plastic-box-zjeu604022w\/#breadcrumb","itemListElement":[{"@type":"ListItem","position":1,"name":"Home","item":"https:\/\/www.plastic-crates.com\/"},{"@type":"ListItem","position":2,"name":"Products","item":"https:\/\/www.plastic-crates.com\/shop\/"},{"@type":"ListItem","position":3,"name":"foldable plastic box-JOIN-EU604022W"}]},{"@type":"WebSite","@id":"https:\/\/www.plastic-crates.com\/#website","url":"https:\/\/www.plastic-crates.com\/","name":"plastic-crates.com","description":"Fabricant leader de caisses en plastique en Chine","potentialAction":[{"@type":"SearchAction","target":{"@type":"EntryPoint","urlTemplate":"https:\/\/www.plastic-crates.com\/?s={search_term_string}"},"query-input":{"@type":"PropertyValueSpecification","valueRequired":true,"valueName":"search_term_string"}}],"inLanguage":"fr-FR"}]}},"_links":{"self":[{"href":"https:\/\/www.plastic-crates.com\/fr\/wp-json\/wp\/v2\/product\/5832","targetHints":{"allow":["GET"]}}],"collection":[{"href":"https:\/\/www.plastic-crates.com\/fr\/wp-json\/wp\/v2\/product"}],"about":[{"href":"https:\/\/www.plastic-crates.com\/fr\/wp-json\/wp\/v2\/types\/product"}],"wp:featuredmedia":[{"embeddable":true,"href":"https:\/\/www.plastic-crates.com\/fr\/wp-json\/wp\/v2\/media\/5833"}],"wp:attachment":[{"href":"https:\/\/www.plastic-crates.com\/fr\/wp-json\/wp\/v2\/media?parent=5832"}],"wp:term":[{"taxonomy":"product_brand","embeddable":true,"href":"https:\/\/www.plastic-crates.com\/fr\/wp-json\/wp\/v2\/product_brand?post=5832"},{"taxonomy":"product_cat","embeddable":true,"href":"https:\/\/www.plastic-crates.com\/fr\/wp-json\/wp\/v2\/product_cat?post=5832"},{"taxonomy":"product_tag","embeddable":true,"href":"https:\/\/www.plastic-crates.com\/fr\/wp-json\/wp\/v2\/product_tag?post=5832"}],"curies":[{"name":"wp","href":"https:\/\/api.w.org\/{rel}","templated":true}]}}