{"id":6042,"date":"2019-07-28T19:58:57","date_gmt":"2019-07-28T19:58:57","guid":{"rendered":"https:\/\/www.plastic-crates.com\/product\/plastic-collapsible-box-zjkk604034c\/"},"modified":"2019-11-23T03:42:48","modified_gmt":"2019-11-23T03:42:48","slug":"boite-pliable-en-plastique-zjkk604034c","status":"publish","type":"product","link":"https:\/\/www.plastic-crates.com\/fr\/product\/boite-pliable-en-plastique-zjkk604034c\/","title":{"rendered":"bo\u00eete pliable en plastique-JOIN-KK604034C"},"content":{"rendered":"","protected":false},"excerpt":{"rendered":"<div><a href=\"https:\/\/www.plastic-crates.com\/fr\/product-category\/boite-pliable\/\" target=\"_blank\" rel=\"noopener noreferrer\">bo\u00eete de rangement pliable et pliable<\/a>,<a href=\"https:\/\/www.plastic-crates.com\/fr\/product-category\/conteneur-palette\/\" target=\"_blank\" rel=\"noopener noreferrer\">bacs de rangement en plastique en vrac<\/a>,<a href=\"https:\/\/www.plastic-crates.com\/fr\/product-category\/conteneurs-empilables\/\" target=\"_blank\" rel=\"noopener noreferrer\">petits bacs de rangement empilables<\/a>,<a href=\"https:\/\/www.plastic-crates.com\/fr\/product-category\/sacs-fourre-tout-avec-couvercles\/\" target=\"_blank\" rel=\"noopener noreferrer\">grands conteneurs de rangement en plastique<\/a>,<a href=\"https:\/\/www.plastic-crates.com\/fr\/product-category\/bacs-de-stockage-de-pieces\/\" target=\"_blank\" rel=\"noopener noreferrer\">bacs de rangement en plastique avec tiroirs<\/a><\/div>","protected":false},"featured_media":6043,"template":"","meta":{"_acf_changed":false},"product_brand":[],"product_cat":[11],"product_tag":[102],"class_list":{"0":"post-6042","1":"product","2":"type-product","3":"status-publish","4":"has-post-thumbnail","6":"product_cat-collapsable-box","7":"product_tag-plastic-folding-basket","9":"first","10":"instock","11":"product-type-simple"},"acf":[],"yoast_head":"<!-- This site is optimized with the Yoast SEO plugin v26.1.1 - https:\/\/yoast.com\/wordpress\/plugins\/seo\/ -->\n<title>plastic collapsible box wholesale &amp; Factory Price<\/title>\n<meta name=\"description\" content=\"Wholesale plastic collapsible box, collapsable box supplier, Dimensions(L*W*H):600 * 400 * 340 mm, Volume: 63.10L, plastic collapsible box for sale\" \/>\n<meta name=\"robots\" content=\"index, follow, max-snippet:-1, max-image-preview:large, max-video-preview:-1\" \/>\n<link rel=\"canonical\" href=\"https:\/\/www.plastic-crates.com\/fr\/product\/boite-pliable-en-plastique-zjkk604034c\/\" \/>\n<meta property=\"og:locale\" content=\"fr_FR\" \/>\n<meta property=\"og:type\" content=\"article\" \/>\n<meta property=\"og:title\" content=\"plastic collapsible box\" \/>\n<meta property=\"og:description\" content=\"Wholesale plastic collapsible box, collapsable box supplier, Dimensions(L*W*H):600 * 400 * 340 mm, Volume: 63.10L, plastic collapsible box for sale\" \/>\n<meta property=\"og:url\" content=\"https:\/\/www.plastic-crates.com\/fr\/product\/boite-pliable-en-plastique-zjkk604034c\/\" \/>\n<meta property=\"og:site_name\" content=\"plastic-crates.com\" \/>\n<meta property=\"article:modified_time\" content=\"2019-11-23T03:42:48+00:00\" \/>\n<meta property=\"og:image\" content=\"https:\/\/www.plastic-crates.com\/wp-content\/uploads\/2019\/11\/plastic-collapsible-box.jpg\" \/>\n\t<meta property=\"og:image:width\" content=\"498\" \/>\n\t<meta property=\"og:image:height\" content=\"314\" \/>\n\t<meta property=\"og:image:type\" content=\"image\/jpeg\" \/>\n<meta name=\"twitter:card\" content=\"summary_large_image\" \/>\n<meta name=\"twitter:title\" content=\"plastic collapsible box\" \/>\n<script type=\"application\/ld+json\" class=\"yoast-schema-graph\">{\"@context\":\"https:\/\/schema.org\",\"@graph\":[{\"@type\":\"WebPage\",\"@id\":\"https:\/\/www.plastic-crates.com\/product\/plastic-collapsible-box-zjkk604034c\/\",\"url\":\"https:\/\/www.plastic-crates.com\/product\/plastic-collapsible-box-zjkk604034c\/\",\"name\":\"plastic collapsible box wholesale & Factory Price\",\"isPartOf\":{\"@id\":\"https:\/\/www.plastic-crates.com\/#website\"},\"primaryImageOfPage\":{\"@id\":\"https:\/\/www.plastic-crates.com\/product\/plastic-collapsible-box-zjkk604034c\/#primaryimage\"},\"image\":{\"@id\":\"https:\/\/www.plastic-crates.com\/product\/plastic-collapsible-box-zjkk604034c\/#primaryimage\"},\"thumbnailUrl\":\"https:\/\/www.plastic-crates.com\/wp-content\/uploads\/2019\/11\/plastic-collapsible-box.jpg\",\"datePublished\":\"2019-07-28T19:58:57+00:00\",\"dateModified\":\"2019-11-23T03:42:48+00:00\",\"description\":\"Wholesale plastic collapsible box, collapsable box supplier, Dimensions(L*W*H):600 * 400 * 340 mm, Volume: 63.10L, plastic collapsible box for sale\",\"breadcrumb\":{\"@id\":\"https:\/\/www.plastic-crates.com\/product\/plastic-collapsible-box-zjkk604034c\/#breadcrumb\"},\"inLanguage\":\"fr-FR\",\"potentialAction\":[{\"@type\":\"ReadAction\",\"target\":[\"https:\/\/www.plastic-crates.com\/product\/plastic-collapsible-box-zjkk604034c\/\"]}]},{\"@type\":\"ImageObject\",\"inLanguage\":\"fr-FR\",\"@id\":\"https:\/\/www.plastic-crates.com\/product\/plastic-collapsible-box-zjkk604034c\/#primaryimage\",\"url\":\"https:\/\/www.plastic-crates.com\/wp-content\/uploads\/2019\/11\/plastic-collapsible-box.jpg\",\"contentUrl\":\"https:\/\/www.plastic-crates.com\/wp-content\/uploads\/2019\/11\/plastic-collapsible-box.jpg\",\"width\":498,\"height\":314,\"caption\":\"plastic collapsible box\"},{\"@type\":\"BreadcrumbList\",\"@id\":\"https:\/\/www.plastic-crates.com\/product\/plastic-collapsible-box-zjkk604034c\/#breadcrumb\",\"itemListElement\":[{\"@type\":\"ListItem\",\"position\":1,\"name\":\"Home\",\"item\":\"https:\/\/www.plastic-crates.com\/\"},{\"@type\":\"ListItem\",\"position\":2,\"name\":\"Products\",\"item\":\"https:\/\/www.plastic-crates.com\/shop\/\"},{\"@type\":\"ListItem\",\"position\":3,\"name\":\"plastic collapsible box-JOIN-KK604034C\"}]},{\"@type\":\"WebSite\",\"@id\":\"https:\/\/www.plastic-crates.com\/#website\",\"url\":\"https:\/\/www.plastic-crates.com\/\",\"name\":\"plastic-crates.com\",\"description\":\"Leading plastic crates manufacturer in China\",\"potentialAction\":[{\"@type\":\"SearchAction\",\"target\":{\"@type\":\"EntryPoint\",\"urlTemplate\":\"https:\/\/www.plastic-crates.com\/?s={search_term_string}\"},\"query-input\":{\"@type\":\"PropertyValueSpecification\",\"valueRequired\":true,\"valueName\":\"search_term_string\"}}],\"inLanguage\":\"fr-FR\"}]}<\/script>\n<!-- \/ Yoast SEO plugin. -->","yoast_head_json":{"title":"Bo\u00eetes pliables en plastique en gros et \u00e0 prix d&#039;usine","description":"Bo\u00eetes pliables en plastique en gros, fournisseur de bo\u00eetes pliables, Dimensions (L*l*H)\u00a0: 600\u00a0\u00d7\u00a0400\u00a0\u00d7\u00a0340\u00a0mm, Volume\u00a0: 63,10\u00a0L, bo\u00eetes pliables en plastique \u00e0 vendre","robots":{"index":"index","follow":"follow","max-snippet":"max-snippet:-1","max-image-preview":"max-image-preview:large","max-video-preview":"max-video-preview:-1"},"canonical":"https:\/\/www.plastic-crates.com\/fr\/product\/boite-pliable-en-plastique-zjkk604034c\/","og_locale":"fr_FR","og_type":"article","og_title":"plastic collapsible box","og_description":"Wholesale plastic collapsible box, collapsable box supplier, Dimensions(L*W*H):600 * 400 * 340 mm, Volume: 63.10L, plastic collapsible box for sale","og_url":"https:\/\/www.plastic-crates.com\/fr\/product\/boite-pliable-en-plastique-zjkk604034c\/","og_site_name":"plastic-crates.com","article_modified_time":"2019-11-23T03:42:48+00:00","og_image":[{"width":498,"height":314,"url":"https:\/\/www.plastic-crates.com\/wp-content\/uploads\/2019\/11\/plastic-collapsible-box.jpg","type":"image\/jpeg"}],"twitter_card":"summary_large_image","twitter_title":"plastic collapsible box","schema":{"@context":"https:\/\/schema.org","@graph":[{"@type":"WebPage","@id":"https:\/\/www.plastic-crates.com\/product\/plastic-collapsible-box-zjkk604034c\/","url":"https:\/\/www.plastic-crates.com\/product\/plastic-collapsible-box-zjkk604034c\/","name":"Bo\u00eetes pliables en plastique en gros et \u00e0 prix d&#039;usine","isPartOf":{"@id":"https:\/\/www.plastic-crates.com\/#website"},"primaryImageOfPage":{"@id":"https:\/\/www.plastic-crates.com\/product\/plastic-collapsible-box-zjkk604034c\/#primaryimage"},"image":{"@id":"https:\/\/www.plastic-crates.com\/product\/plastic-collapsible-box-zjkk604034c\/#primaryimage"},"thumbnailUrl":"https:\/\/www.plastic-crates.com\/wp-content\/uploads\/2019\/11\/plastic-collapsible-box.jpg","datePublished":"2019-07-28T19:58:57+00:00","dateModified":"2019-11-23T03:42:48+00:00","description":"Bo\u00eetes pliables en plastique en gros, fournisseur de bo\u00eetes pliables, Dimensions (L*l*H)\u00a0: 600\u00a0\u00d7\u00a0400\u00a0\u00d7\u00a0340\u00a0mm, Volume\u00a0: 63,10\u00a0L, bo\u00eetes pliables en plastique \u00e0 vendre","breadcrumb":{"@id":"https:\/\/www.plastic-crates.com\/product\/plastic-collapsible-box-zjkk604034c\/#breadcrumb"},"inLanguage":"fr-FR","potentialAction":[{"@type":"ReadAction","target":["https:\/\/www.plastic-crates.com\/product\/plastic-collapsible-box-zjkk604034c\/"]}]},{"@type":"ImageObject","inLanguage":"fr-FR","@id":"https:\/\/www.plastic-crates.com\/product\/plastic-collapsible-box-zjkk604034c\/#primaryimage","url":"https:\/\/www.plastic-crates.com\/wp-content\/uploads\/2019\/11\/plastic-collapsible-box.jpg","contentUrl":"https:\/\/www.plastic-crates.com\/wp-content\/uploads\/2019\/11\/plastic-collapsible-box.jpg","width":498,"height":314,"caption":"plastic collapsible box"},{"@type":"BreadcrumbList","@id":"https:\/\/www.plastic-crates.com\/product\/plastic-collapsible-box-zjkk604034c\/#breadcrumb","itemListElement":[{"@type":"ListItem","position":1,"name":"Home","item":"https:\/\/www.plastic-crates.com\/"},{"@type":"ListItem","position":2,"name":"Products","item":"https:\/\/www.plastic-crates.com\/shop\/"},{"@type":"ListItem","position":3,"name":"plastic collapsible box-JOIN-KK604034C"}]},{"@type":"WebSite","@id":"https:\/\/www.plastic-crates.com\/#website","url":"https:\/\/www.plastic-crates.com\/","name":"plastic-crates.com","description":"Fabricant leader de caisses en plastique en Chine","potentialAction":[{"@type":"SearchAction","target":{"@type":"EntryPoint","urlTemplate":"https:\/\/www.plastic-crates.com\/?s={search_term_string}"},"query-input":{"@type":"PropertyValueSpecification","valueRequired":true,"valueName":"search_term_string"}}],"inLanguage":"fr-FR"}]}},"_links":{"self":[{"href":"https:\/\/www.plastic-crates.com\/fr\/wp-json\/wp\/v2\/product\/6042","targetHints":{"allow":["GET"]}}],"collection":[{"href":"https:\/\/www.plastic-crates.com\/fr\/wp-json\/wp\/v2\/product"}],"about":[{"href":"https:\/\/www.plastic-crates.com\/fr\/wp-json\/wp\/v2\/types\/product"}],"wp:featuredmedia":[{"embeddable":true,"href":"https:\/\/www.plastic-crates.com\/fr\/wp-json\/wp\/v2\/media\/6043"}],"wp:attachment":[{"href":"https:\/\/www.plastic-crates.com\/fr\/wp-json\/wp\/v2\/media?parent=6042"}],"wp:term":[{"taxonomy":"product_brand","embeddable":true,"href":"https:\/\/www.plastic-crates.com\/fr\/wp-json\/wp\/v2\/product_brand?post=6042"},{"taxonomy":"product_cat","embeddable":true,"href":"https:\/\/www.plastic-crates.com\/fr\/wp-json\/wp\/v2\/product_cat?post=6042"},{"taxonomy":"product_tag","embeddable":true,"href":"https:\/\/www.plastic-crates.com\/fr\/wp-json\/wp\/v2\/product_tag?post=6042"}],"curies":[{"name":"wp","href":"https:\/\/api.w.org\/{rel}","templated":true}]}}