{"id":6207,"date":"2019-10-06T22:17:59","date_gmt":"2019-10-06T22:17:59","guid":{"rendered":"https:\/\/www.plastic-crates.com\/product\/collapsible-shipping-crates-zjxs5336335cbk\/"},"modified":"2019-11-23T03:44:56","modified_gmt":"2019-11-23T03:44:56","slug":"caisses-dexpedition-pliables-zjxs5336335cbk","status":"publish","type":"product","link":"https:\/\/www.plastic-crates.com\/fr\/product\/caisses-dexpedition-pliables-zjxs5336335cbk\/","title":{"rendered":"caisses d&#039;exp\u00e9dition pliables-JOIN-XS5336335CBK"},"content":{"rendered":"","protected":false},"excerpt":{"rendered":"<div><a href=\"https:\/\/www.plastic-crates.com\/fr\/product-category\/boite-pliable\/\" target=\"_blank\" rel=\"noopener noreferrer\">poubelles pliables<\/a>,<a href=\"https:\/\/www.plastic-crates.com\/fr\/product-category\/conteneurs-empilables\/\" target=\"_blank\" rel=\"noopener noreferrer\">grands conteneurs de stockage<\/a>,<a href=\"https:\/\/www.plastic-crates.com\/fr\/product-category\/bacs-de-stockage-de-pieces\/\" target=\"_blank\" rel=\"noopener noreferrer\">bacs en plastique pour \u00e9tag\u00e8re cubique<\/a>,<a href=\"https:\/\/www.plastic-crates.com\/fr\/product-category\/conteneur-palette\/\" target=\"_blank\" rel=\"noopener noreferrer\">conteneurs en vrac avec couvercles<\/a>,<a href=\"https:\/\/www.plastic-crates.com\/fr\/product-category\/sacs-fourre-tout-avec-couvercles\/\" target=\"_blank\" rel=\"noopener noreferrer\">fabrication de caisses de d\u00e9m\u00e9nagement<\/a><\/div>","protected":false},"featured_media":6208,"template":"","meta":{"_acf_changed":false},"product_brand":[],"product_cat":[11],"product_tag":[101],"class_list":{"0":"post-6207","1":"product","2":"type-product","3":"status-publish","4":"has-post-thumbnail","6":"product_cat-collapsable-box","7":"product_tag-plastic-folding-boxes","9":"first","10":"instock","11":"product-type-simple"},"acf":[],"yoast_head":"<!-- This site is optimized with the Yoast SEO plugin v26.1.1 - https:\/\/yoast.com\/wordpress\/plugins\/seo\/ -->\n<title>collapsible shipping crates wholesale &amp; Factory Price<\/title>\n<meta name=\"description\" content=\"Wholesale collapsible shipping crates, collapsable box supplier, Dimensions(L*W*H):530 * 365 * 335 mm, Volume: 51.19L, collapsible shipping crates for sale\" \/>\n<meta name=\"robots\" content=\"index, follow, max-snippet:-1, max-image-preview:large, max-video-preview:-1\" \/>\n<link rel=\"canonical\" href=\"https:\/\/www.plastic-crates.com\/fr\/product\/caisses-dexpedition-pliables-zjxs5336335cbk\/\" \/>\n<meta property=\"og:locale\" content=\"fr_FR\" \/>\n<meta property=\"og:type\" content=\"article\" \/>\n<meta property=\"og:title\" content=\"collapsible shipping crates\" \/>\n<meta property=\"og:description\" content=\"Wholesale collapsible shipping crates, collapsable box supplier, Dimensions(L*W*H):530 * 365 * 335 mm, Volume: 51.19L, collapsible shipping crates for sale\" \/>\n<meta property=\"og:url\" content=\"https:\/\/www.plastic-crates.com\/fr\/product\/caisses-dexpedition-pliables-zjxs5336335cbk\/\" \/>\n<meta property=\"og:site_name\" content=\"plastic-crates.com\" \/>\n<meta property=\"article:modified_time\" content=\"2019-11-23T03:44:56+00:00\" \/>\n<meta property=\"og:image\" content=\"https:\/\/www.plastic-crates.com\/wp-content\/uploads\/2019\/11\/collapsible-shipping-crates.jpg\" \/>\n\t<meta property=\"og:image:width\" content=\"498\" \/>\n\t<meta property=\"og:image:height\" content=\"314\" \/>\n\t<meta property=\"og:image:type\" content=\"image\/jpeg\" \/>\n<meta name=\"twitter:card\" content=\"summary_large_image\" \/>\n<meta name=\"twitter:title\" content=\"collapsible shipping crates\" \/>\n<script type=\"application\/ld+json\" class=\"yoast-schema-graph\">{\"@context\":\"https:\/\/schema.org\",\"@graph\":[{\"@type\":\"WebPage\",\"@id\":\"https:\/\/www.plastic-crates.com\/product\/collapsible-shipping-crates-zjxs5336335cbk\/\",\"url\":\"https:\/\/www.plastic-crates.com\/product\/collapsible-shipping-crates-zjxs5336335cbk\/\",\"name\":\"collapsible shipping crates wholesale & Factory Price\",\"isPartOf\":{\"@id\":\"https:\/\/www.plastic-crates.com\/#website\"},\"primaryImageOfPage\":{\"@id\":\"https:\/\/www.plastic-crates.com\/product\/collapsible-shipping-crates-zjxs5336335cbk\/#primaryimage\"},\"image\":{\"@id\":\"https:\/\/www.plastic-crates.com\/product\/collapsible-shipping-crates-zjxs5336335cbk\/#primaryimage\"},\"thumbnailUrl\":\"https:\/\/www.plastic-crates.com\/wp-content\/uploads\/2019\/11\/collapsible-shipping-crates.jpg\",\"datePublished\":\"2019-10-06T22:17:59+00:00\",\"dateModified\":\"2019-11-23T03:44:56+00:00\",\"description\":\"Wholesale collapsible shipping crates, collapsable box supplier, Dimensions(L*W*H):530 * 365 * 335 mm, Volume: 51.19L, collapsible shipping crates for sale\",\"breadcrumb\":{\"@id\":\"https:\/\/www.plastic-crates.com\/product\/collapsible-shipping-crates-zjxs5336335cbk\/#breadcrumb\"},\"inLanguage\":\"fr-FR\",\"potentialAction\":[{\"@type\":\"ReadAction\",\"target\":[\"https:\/\/www.plastic-crates.com\/product\/collapsible-shipping-crates-zjxs5336335cbk\/\"]}]},{\"@type\":\"ImageObject\",\"inLanguage\":\"fr-FR\",\"@id\":\"https:\/\/www.plastic-crates.com\/product\/collapsible-shipping-crates-zjxs5336335cbk\/#primaryimage\",\"url\":\"https:\/\/www.plastic-crates.com\/wp-content\/uploads\/2019\/11\/collapsible-shipping-crates.jpg\",\"contentUrl\":\"https:\/\/www.plastic-crates.com\/wp-content\/uploads\/2019\/11\/collapsible-shipping-crates.jpg\",\"width\":498,\"height\":314,\"caption\":\"collapsible shipping crates\"},{\"@type\":\"BreadcrumbList\",\"@id\":\"https:\/\/www.plastic-crates.com\/product\/collapsible-shipping-crates-zjxs5336335cbk\/#breadcrumb\",\"itemListElement\":[{\"@type\":\"ListItem\",\"position\":1,\"name\":\"Home\",\"item\":\"https:\/\/www.plastic-crates.com\/\"},{\"@type\":\"ListItem\",\"position\":2,\"name\":\"Products\",\"item\":\"https:\/\/www.plastic-crates.com\/shop\/\"},{\"@type\":\"ListItem\",\"position\":3,\"name\":\"collapsible shipping crates-JOIN-XS5336335CBK\"}]},{\"@type\":\"WebSite\",\"@id\":\"https:\/\/www.plastic-crates.com\/#website\",\"url\":\"https:\/\/www.plastic-crates.com\/\",\"name\":\"plastic-crates.com\",\"description\":\"Leading plastic crates manufacturer in China\",\"potentialAction\":[{\"@type\":\"SearchAction\",\"target\":{\"@type\":\"EntryPoint\",\"urlTemplate\":\"https:\/\/www.plastic-crates.com\/?s={search_term_string}\"},\"query-input\":{\"@type\":\"PropertyValueSpecification\",\"valueRequired\":true,\"valueName\":\"search_term_string\"}}],\"inLanguage\":\"fr-FR\"}]}<\/script>\n<!-- \/ Yoast SEO plugin. -->","yoast_head_json":{"title":"Caisses d&#039;exp\u00e9dition pliables en gros et \u00e0 prix d&#039;usine","description":"Caisses d&#039;exp\u00e9dition pliables en gros, fournisseur de caisses pliables, Dimensions (L*l*H)\u00a0: 530\u00a0\u00d7\u00a0365\u00a0\u00d7\u00a0335\u00a0mm, Volume\u00a0: 51,19\u00a0L, caisses d&#039;exp\u00e9dition pliables \u00e0 vendre","robots":{"index":"index","follow":"follow","max-snippet":"max-snippet:-1","max-image-preview":"max-image-preview:large","max-video-preview":"max-video-preview:-1"},"canonical":"https:\/\/www.plastic-crates.com\/fr\/product\/caisses-dexpedition-pliables-zjxs5336335cbk\/","og_locale":"fr_FR","og_type":"article","og_title":"collapsible shipping crates","og_description":"Wholesale collapsible shipping crates, collapsable box supplier, Dimensions(L*W*H):530 * 365 * 335 mm, Volume: 51.19L, collapsible shipping crates for sale","og_url":"https:\/\/www.plastic-crates.com\/fr\/product\/caisses-dexpedition-pliables-zjxs5336335cbk\/","og_site_name":"plastic-crates.com","article_modified_time":"2019-11-23T03:44:56+00:00","og_image":[{"width":498,"height":314,"url":"https:\/\/www.plastic-crates.com\/wp-content\/uploads\/2019\/11\/collapsible-shipping-crates.jpg","type":"image\/jpeg"}],"twitter_card":"summary_large_image","twitter_title":"collapsible shipping crates","schema":{"@context":"https:\/\/schema.org","@graph":[{"@type":"WebPage","@id":"https:\/\/www.plastic-crates.com\/product\/collapsible-shipping-crates-zjxs5336335cbk\/","url":"https:\/\/www.plastic-crates.com\/product\/collapsible-shipping-crates-zjxs5336335cbk\/","name":"Caisses d&#039;exp\u00e9dition pliables en gros et \u00e0 prix d&#039;usine","isPartOf":{"@id":"https:\/\/www.plastic-crates.com\/#website"},"primaryImageOfPage":{"@id":"https:\/\/www.plastic-crates.com\/product\/collapsible-shipping-crates-zjxs5336335cbk\/#primaryimage"},"image":{"@id":"https:\/\/www.plastic-crates.com\/product\/collapsible-shipping-crates-zjxs5336335cbk\/#primaryimage"},"thumbnailUrl":"https:\/\/www.plastic-crates.com\/wp-content\/uploads\/2019\/11\/collapsible-shipping-crates.jpg","datePublished":"2019-10-06T22:17:59+00:00","dateModified":"2019-11-23T03:44:56+00:00","description":"Caisses d&#039;exp\u00e9dition pliables en gros, fournisseur de caisses pliables, Dimensions (L*l*H)\u00a0: 530\u00a0\u00d7\u00a0365\u00a0\u00d7\u00a0335\u00a0mm, Volume\u00a0: 51,19\u00a0L, caisses d&#039;exp\u00e9dition pliables \u00e0 vendre","breadcrumb":{"@id":"https:\/\/www.plastic-crates.com\/product\/collapsible-shipping-crates-zjxs5336335cbk\/#breadcrumb"},"inLanguage":"fr-FR","potentialAction":[{"@type":"ReadAction","target":["https:\/\/www.plastic-crates.com\/product\/collapsible-shipping-crates-zjxs5336335cbk\/"]}]},{"@type":"ImageObject","inLanguage":"fr-FR","@id":"https:\/\/www.plastic-crates.com\/product\/collapsible-shipping-crates-zjxs5336335cbk\/#primaryimage","url":"https:\/\/www.plastic-crates.com\/wp-content\/uploads\/2019\/11\/collapsible-shipping-crates.jpg","contentUrl":"https:\/\/www.plastic-crates.com\/wp-content\/uploads\/2019\/11\/collapsible-shipping-crates.jpg","width":498,"height":314,"caption":"collapsible shipping crates"},{"@type":"BreadcrumbList","@id":"https:\/\/www.plastic-crates.com\/product\/collapsible-shipping-crates-zjxs5336335cbk\/#breadcrumb","itemListElement":[{"@type":"ListItem","position":1,"name":"Home","item":"https:\/\/www.plastic-crates.com\/"},{"@type":"ListItem","position":2,"name":"Products","item":"https:\/\/www.plastic-crates.com\/shop\/"},{"@type":"ListItem","position":3,"name":"collapsible shipping crates-JOIN-XS5336335CBK"}]},{"@type":"WebSite","@id":"https:\/\/www.plastic-crates.com\/#website","url":"https:\/\/www.plastic-crates.com\/","name":"plastic-crates.com","description":"Fabricant leader de caisses en plastique en Chine","potentialAction":[{"@type":"SearchAction","target":{"@type":"EntryPoint","urlTemplate":"https:\/\/www.plastic-crates.com\/?s={search_term_string}"},"query-input":{"@type":"PropertyValueSpecification","valueRequired":true,"valueName":"search_term_string"}}],"inLanguage":"fr-FR"}]}},"_links":{"self":[{"href":"https:\/\/www.plastic-crates.com\/fr\/wp-json\/wp\/v2\/product\/6207","targetHints":{"allow":["GET"]}}],"collection":[{"href":"https:\/\/www.plastic-crates.com\/fr\/wp-json\/wp\/v2\/product"}],"about":[{"href":"https:\/\/www.plastic-crates.com\/fr\/wp-json\/wp\/v2\/types\/product"}],"wp:featuredmedia":[{"embeddable":true,"href":"https:\/\/www.plastic-crates.com\/fr\/wp-json\/wp\/v2\/media\/6208"}],"wp:attachment":[{"href":"https:\/\/www.plastic-crates.com\/fr\/wp-json\/wp\/v2\/media?parent=6207"}],"wp:term":[{"taxonomy":"product_brand","embeddable":true,"href":"https:\/\/www.plastic-crates.com\/fr\/wp-json\/wp\/v2\/product_brand?post=6207"},{"taxonomy":"product_cat","embeddable":true,"href":"https:\/\/www.plastic-crates.com\/fr\/wp-json\/wp\/v2\/product_cat?post=6207"},{"taxonomy":"product_tag","embeddable":true,"href":"https:\/\/www.plastic-crates.com\/fr\/wp-json\/wp\/v2\/product_tag?post=6207"}],"curies":[{"name":"wp","href":"https:\/\/api.w.org\/{rel}","templated":true}]}}