{"id":6817,"date":"2019-07-01T22:53:41","date_gmt":"2019-07-01T22:53:41","guid":{"rendered":"https:\/\/www.plastic-crates.com\/product\/parts-storage-bins-6112\/"},"modified":"2019-11-23T05:14:35","modified_gmt":"2019-11-23T05:14:35","slug":"parts-storage-bins-6112","status":"publish","type":"product","link":"https:\/\/www.plastic-crates.com\/fr\/product\/parts-storage-bins-6112\/","title":{"rendered":"bacs de rangement de pi\u00e8ces-6112"},"content":{"rendered":"","protected":false},"excerpt":{"rendered":"<div><a href=\"https:\/\/www.plastic-crates.com\/fr\/product-category\/bacs-de-stockage-de-pieces\/\" target=\"_blank\" rel=\"noopener noreferrer\">bacs \u00e0 \u00e9tag\u00e8res empilables<\/a>,<a href=\"https:\/\/www.plastic-crates.com\/fr\/product-category\/conteneur-palette\/\" target=\"_blank\" rel=\"noopener noreferrer\">pallet boxes with lids<\/a>,<a href=\"https:\/\/www.plastic-crates.com\/fr\/product-category\/sacs-fourre-tout-avec-couvercles\/\" target=\"_blank\" rel=\"noopener noreferrer\">eco-friendly lid attached plastic moving boxes for industrial use<\/a>,<a href=\"https:\/\/www.plastic-crates.com\/fr\/product-category\/conteneurs-empilables\/\" target=\"_blank\" rel=\"noopener noreferrer\">plastic box sale<\/a>,<a href=\"https:\/\/www.plastic-crates.com\/fr\/product-category\/boite-pliable\/\" target=\"_blank\" rel=\"noopener noreferrer\">fournisseur de caisses pliables<\/a><\/div>","protected":false},"featured_media":6818,"template":"","meta":{"_acf_changed":false},"product_brand":[],"product_cat":[18],"product_tag":[96,97],"class_list":{"0":"post-6817","1":"product","2":"type-product","3":"status-publish","4":"has-post-thumbnail","6":"product_cat-parts-storage-bins","7":"product_tag-drawer-bin","8":"product_tag-storage-bin-with-divider","10":"first","11":"instock","12":"product-type-simple"},"acf":[],"yoast_head":"<!-- This site is optimized with the Yoast SEO plugin v26.1.1 - https:\/\/yoast.com\/wordpress\/plugins\/seo\/ -->\n<title>parts storage bins wholesale &amp; Factory Price<\/title>\n<meta name=\"description\" content=\"Wholesale parts storage bins, parts storage bins supplier, Dimensions(L*W*H):600 * 147 * 125 mm, Volume: 7.6L, parts storage bins for sale\" \/>\n<meta name=\"robots\" content=\"index, follow, max-snippet:-1, max-image-preview:large, max-video-preview:-1\" \/>\n<link rel=\"canonical\" href=\"https:\/\/www.plastic-crates.com\/fr\/product\/parts-storage-bins-6112\/\" \/>\n<meta property=\"og:locale\" content=\"fr_FR\" \/>\n<meta property=\"og:type\" content=\"article\" \/>\n<meta property=\"og:title\" content=\"parts storage bins\" \/>\n<meta property=\"og:description\" content=\"Wholesale parts storage bins, parts storage bins supplier, Dimensions(L*W*H):600 * 147 * 125 mm, Volume: 7.6L, parts storage bins for sale\" \/>\n<meta property=\"og:url\" content=\"https:\/\/www.plastic-crates.com\/fr\/product\/parts-storage-bins-6112\/\" \/>\n<meta property=\"og:site_name\" content=\"plastic-crates.com\" \/>\n<meta property=\"article:modified_time\" content=\"2019-11-23T05:14:35+00:00\" \/>\n<meta property=\"og:image\" content=\"https:\/\/www.plastic-crates.com\/wp-content\/uploads\/2019\/11\/parts-storage-bins-1.jpg\" \/>\n\t<meta property=\"og:image:width\" content=\"3984\" \/>\n\t<meta property=\"og:image:height\" content=\"2656\" \/>\n\t<meta property=\"og:image:type\" content=\"image\/jpeg\" \/>\n<meta name=\"twitter:card\" content=\"summary_large_image\" \/>\n<meta name=\"twitter:title\" content=\"parts storage bins\" \/>\n<script type=\"application\/ld+json\" class=\"yoast-schema-graph\">{\"@context\":\"https:\/\/schema.org\",\"@graph\":[{\"@type\":\"WebPage\",\"@id\":\"https:\/\/www.plastic-crates.com\/product\/parts-storage-bins-6112\/\",\"url\":\"https:\/\/www.plastic-crates.com\/product\/parts-storage-bins-6112\/\",\"name\":\"parts storage bins wholesale & Factory Price\",\"isPartOf\":{\"@id\":\"https:\/\/www.plastic-crates.com\/#website\"},\"primaryImageOfPage\":{\"@id\":\"https:\/\/www.plastic-crates.com\/product\/parts-storage-bins-6112\/#primaryimage\"},\"image\":{\"@id\":\"https:\/\/www.plastic-crates.com\/product\/parts-storage-bins-6112\/#primaryimage\"},\"thumbnailUrl\":\"https:\/\/www.plastic-crates.com\/wp-content\/uploads\/2019\/11\/parts-storage-bins-1.jpg\",\"datePublished\":\"2019-07-01T22:53:41+00:00\",\"dateModified\":\"2019-11-23T05:14:35+00:00\",\"description\":\"Wholesale parts storage bins, parts storage bins supplier, Dimensions(L*W*H):600 * 147 * 125 mm, Volume: 7.6L, parts storage bins for sale\",\"breadcrumb\":{\"@id\":\"https:\/\/www.plastic-crates.com\/product\/parts-storage-bins-6112\/#breadcrumb\"},\"inLanguage\":\"fr-FR\",\"potentialAction\":[{\"@type\":\"ReadAction\",\"target\":[\"https:\/\/www.plastic-crates.com\/product\/parts-storage-bins-6112\/\"]}]},{\"@type\":\"ImageObject\",\"inLanguage\":\"fr-FR\",\"@id\":\"https:\/\/www.plastic-crates.com\/product\/parts-storage-bins-6112\/#primaryimage\",\"url\":\"https:\/\/www.plastic-crates.com\/wp-content\/uploads\/2019\/11\/parts-storage-bins-1.jpg\",\"contentUrl\":\"https:\/\/www.plastic-crates.com\/wp-content\/uploads\/2019\/11\/parts-storage-bins-1.jpg\",\"width\":3984,\"height\":2656,\"caption\":\"parts storage bins\"},{\"@type\":\"BreadcrumbList\",\"@id\":\"https:\/\/www.plastic-crates.com\/product\/parts-storage-bins-6112\/#breadcrumb\",\"itemListElement\":[{\"@type\":\"ListItem\",\"position\":1,\"name\":\"Home\",\"item\":\"https:\/\/www.plastic-crates.com\/\"},{\"@type\":\"ListItem\",\"position\":2,\"name\":\"Products\",\"item\":\"https:\/\/www.plastic-crates.com\/shop\/\"},{\"@type\":\"ListItem\",\"position\":3,\"name\":\"parts storage bins-6112\"}]},{\"@type\":\"WebSite\",\"@id\":\"https:\/\/www.plastic-crates.com\/#website\",\"url\":\"https:\/\/www.plastic-crates.com\/\",\"name\":\"plastic-crates.com\",\"description\":\"Leading plastic crates manufacturer in China\",\"potentialAction\":[{\"@type\":\"SearchAction\",\"target\":{\"@type\":\"EntryPoint\",\"urlTemplate\":\"https:\/\/www.plastic-crates.com\/?s={search_term_string}\"},\"query-input\":{\"@type\":\"PropertyValueSpecification\",\"valueRequired\":true,\"valueName\":\"search_term_string\"}}],\"inLanguage\":\"fr-FR\"}]}<\/script>\n<!-- \/ Yoast SEO plugin. -->","yoast_head_json":{"title":"parts storage bins wholesale & Factory Price","description":"Wholesale parts storage bins, parts storage bins supplier, Dimensions(L*W*H):600 * 147 * 125 mm, Volume: 7.6L, parts storage bins for sale","robots":{"index":"index","follow":"follow","max-snippet":"max-snippet:-1","max-image-preview":"max-image-preview:large","max-video-preview":"max-video-preview:-1"},"canonical":"https:\/\/www.plastic-crates.com\/fr\/product\/parts-storage-bins-6112\/","og_locale":"fr_FR","og_type":"article","og_title":"parts storage bins","og_description":"Wholesale parts storage bins, parts storage bins supplier, Dimensions(L*W*H):600 * 147 * 125 mm, Volume: 7.6L, parts storage bins for sale","og_url":"https:\/\/www.plastic-crates.com\/fr\/product\/parts-storage-bins-6112\/","og_site_name":"plastic-crates.com","article_modified_time":"2019-11-23T05:14:35+00:00","og_image":[{"width":3984,"height":2656,"url":"https:\/\/www.plastic-crates.com\/wp-content\/uploads\/2019\/11\/parts-storage-bins-1.jpg","type":"image\/jpeg"}],"twitter_card":"summary_large_image","twitter_title":"parts storage bins","schema":{"@context":"https:\/\/schema.org","@graph":[{"@type":"WebPage","@id":"https:\/\/www.plastic-crates.com\/product\/parts-storage-bins-6112\/","url":"https:\/\/www.plastic-crates.com\/product\/parts-storage-bins-6112\/","name":"parts storage bins wholesale & Factory Price","isPartOf":{"@id":"https:\/\/www.plastic-crates.com\/#website"},"primaryImageOfPage":{"@id":"https:\/\/www.plastic-crates.com\/product\/parts-storage-bins-6112\/#primaryimage"},"image":{"@id":"https:\/\/www.plastic-crates.com\/product\/parts-storage-bins-6112\/#primaryimage"},"thumbnailUrl":"https:\/\/www.plastic-crates.com\/wp-content\/uploads\/2019\/11\/parts-storage-bins-1.jpg","datePublished":"2019-07-01T22:53:41+00:00","dateModified":"2019-11-23T05:14:35+00:00","description":"Wholesale parts storage bins, parts storage bins supplier, Dimensions(L*W*H):600 * 147 * 125 mm, Volume: 7.6L, parts storage bins for sale","breadcrumb":{"@id":"https:\/\/www.plastic-crates.com\/product\/parts-storage-bins-6112\/#breadcrumb"},"inLanguage":"fr-FR","potentialAction":[{"@type":"ReadAction","target":["https:\/\/www.plastic-crates.com\/product\/parts-storage-bins-6112\/"]}]},{"@type":"ImageObject","inLanguage":"fr-FR","@id":"https:\/\/www.plastic-crates.com\/product\/parts-storage-bins-6112\/#primaryimage","url":"https:\/\/www.plastic-crates.com\/wp-content\/uploads\/2019\/11\/parts-storage-bins-1.jpg","contentUrl":"https:\/\/www.plastic-crates.com\/wp-content\/uploads\/2019\/11\/parts-storage-bins-1.jpg","width":3984,"height":2656,"caption":"parts storage bins"},{"@type":"BreadcrumbList","@id":"https:\/\/www.plastic-crates.com\/product\/parts-storage-bins-6112\/#breadcrumb","itemListElement":[{"@type":"ListItem","position":1,"name":"Home","item":"https:\/\/www.plastic-crates.com\/"},{"@type":"ListItem","position":2,"name":"Products","item":"https:\/\/www.plastic-crates.com\/shop\/"},{"@type":"ListItem","position":3,"name":"parts storage bins-6112"}]},{"@type":"WebSite","@id":"https:\/\/www.plastic-crates.com\/#website","url":"https:\/\/www.plastic-crates.com\/","name":"plastic-crates.com","description":"Fabricant leader de caisses en plastique en Chine","potentialAction":[{"@type":"SearchAction","target":{"@type":"EntryPoint","urlTemplate":"https:\/\/www.plastic-crates.com\/?s={search_term_string}"},"query-input":{"@type":"PropertyValueSpecification","valueRequired":true,"valueName":"search_term_string"}}],"inLanguage":"fr-FR"}]}},"_links":{"self":[{"href":"https:\/\/www.plastic-crates.com\/fr\/wp-json\/wp\/v2\/product\/6817","targetHints":{"allow":["GET"]}}],"collection":[{"href":"https:\/\/www.plastic-crates.com\/fr\/wp-json\/wp\/v2\/product"}],"about":[{"href":"https:\/\/www.plastic-crates.com\/fr\/wp-json\/wp\/v2\/types\/product"}],"wp:featuredmedia":[{"embeddable":true,"href":"https:\/\/www.plastic-crates.com\/fr\/wp-json\/wp\/v2\/media\/6818"}],"wp:attachment":[{"href":"https:\/\/www.plastic-crates.com\/fr\/wp-json\/wp\/v2\/media?parent=6817"}],"wp:term":[{"taxonomy":"product_brand","embeddable":true,"href":"https:\/\/www.plastic-crates.com\/fr\/wp-json\/wp\/v2\/product_brand?post=6817"},{"taxonomy":"product_cat","embeddable":true,"href":"https:\/\/www.plastic-crates.com\/fr\/wp-json\/wp\/v2\/product_cat?post=6817"},{"taxonomy":"product_tag","embeddable":true,"href":"https:\/\/www.plastic-crates.com\/fr\/wp-json\/wp\/v2\/product_tag?post=6817"}],"curies":[{"name":"wp","href":"https:\/\/api.w.org\/{rel}","templated":true}]}}