{"id":6960,"date":"2021-07-15T05:53:43","date_gmt":"2021-07-15T05:53:43","guid":{"rendered":"https:\/\/www.plastic-crates.com\/?post_type=product&#038;p=6960"},"modified":"2021-07-15T07:04:37","modified_gmt":"2021-07-15T07:04:37","slug":"caisses-de-fruits-empilables","status":"publish","type":"product","link":"https:\/\/www.plastic-crates.com\/fr\/product\/caisses-de-fruits-empilables\/","title":{"rendered":"caisses de fruits empilables"},"content":{"rendered":"<p>Les caisses \u00e0 fruits empilables sont disponibles en plusieurs tailles et styles pour la cueillette, le traitement et l&#039;exp\u00e9dition de petits fruits et l\u00e9gumes comme les fraises ou les asperges.<\/p>\n<p><strong>Caract\u00e9ristiques et avantages<\/strong><\/p>\n<ul>\n<li>Fabriqu\u00e9 \u00e0 partir de mat\u00e9riaux conformes \u00e0 la FDA<\/li>\n<li>R\u00e9siste \u00e0 l&#039;exposition au soleil et aux processus de refroidissement ; r\u00e9siste aux chocs et \u00e0 l&#039;humidit\u00e9 ; ne se fend pas, ne pourrit pas et n&#039;absorbe pas les odeurs<\/li>\n<li>Int\u00e9rieurs faciles \u00e0 nettoyer<\/li>\n<li>Empilez-les lorsqu&#039;ils sont charg\u00e9s, imbriqu\u00e9s lorsqu&#039;ils sont vides pour une efficacit\u00e9 de l&#039;espace<\/li>\n<li>Conceptions ventil\u00e9es pour un refroidissement rapide, un contr\u00f4le de la temp\u00e9rature et un drainage<\/li>\n<li>Utiliser avec des temp\u00e9ratures de -20\u02da \u00e0 120\u02da F<\/li>\n<li>Options de personnalisation et d&#039;identification disponibles<\/li>\n<li>B\u00e9n\u00e9ficie d&#039;une garantie limit\u00e9e d&#039;un an<\/li>\n<li>PEHD recyclable 100%<\/li>\n<\/ul>","protected":false},"excerpt":{"rendered":"<p>Vous pourriez \u00e9galement \u00eatre int\u00e9ress\u00e9 par <a href=\"https:\/\/www.vegcrates.com\/product-category\/euro-containers\/\" target=\"_blank\" rel=\"noopener\">conteneurs gerbables euro<\/a>,<a href=\"https:\/\/www.vegcrates.com\/product-category\/collapsible-storage-crate\/\" target=\"_blank\" rel=\"noopener\">stockage pliable pour la logistique des polym\u00e8res<\/a><\/p>","protected":false},"featured_media":6984,"template":"","meta":{"_acf_changed":false},"product_brand":[],"product_cat":[20],"product_tag":[129,33],"class_list":{"0":"post-6960","1":"product","2":"type-product","3":"status-publish","4":"has-post-thumbnail","6":"product_cat-fruit-crates","7":"product_tag-pizza-storage-crate","8":"product_tag-vegetable-crate","10":"first","11":"instock","12":"product-type-simple"},"acf":[],"yoast_head":"<!-- This site is optimized with the Yoast SEO plugin v26.1.1 - https:\/\/yoast.com\/wordpress\/plugins\/seo\/ -->\n<title>stackable fruit crates | High Quality &amp; Factory Price\u200e<\/title>\n<meta name=\"description\" content=\"Professional supplier of stackable fruit crates, Dimensions(L*W*H):630*400*124mm, Volumn:25L,stackable plastic fruit crate for sale\" \/>\n<meta name=\"robots\" content=\"index, follow, max-snippet:-1, max-image-preview:large, max-video-preview:-1\" \/>\n<link rel=\"canonical\" href=\"https:\/\/www.plastic-crates.com\/fr\/product\/caisses-de-fruits-empilables\/\" \/>\n<meta property=\"og:locale\" content=\"fr_FR\" \/>\n<meta property=\"og:type\" content=\"article\" \/>\n<meta property=\"og:title\" content=\"bread plastic crate | High Quality &amp; Factory Price\u200e\" \/>\n<meta property=\"og:description\" content=\"Professional supplier of stackable fruit crates, Dimensions(L*W*H):630*400*124mm, Volumn:25L,stackable plastic fruit crate for sale\" \/>\n<meta property=\"og:url\" content=\"https:\/\/www.plastic-crates.com\/fr\/product\/caisses-de-fruits-empilables\/\" \/>\n<meta property=\"og:site_name\" content=\"plastic-crates.com\" \/>\n<meta property=\"article:modified_time\" content=\"2021-07-15T07:04:37+00:00\" \/>\n<meta property=\"og:image\" content=\"https:\/\/www.plastic-crates.com\/wp-content\/uploads\/2021\/07\/bread-plastic-crate.jpg\" \/>\n\t<meta property=\"og:image:width\" content=\"700\" \/>\n\t<meta property=\"og:image:height\" content=\"700\" \/>\n\t<meta property=\"og:image:type\" content=\"image\/jpeg\" \/>\n<meta name=\"twitter:card\" content=\"summary_large_image\" \/>\n<meta name=\"twitter:title\" content=\"bread plastic crate | High Quality &amp; Factory Price\u200e\" \/>\n<meta name=\"twitter:label1\" content=\"Dur\u00e9e de lecture estim\u00e9e\" \/>\n\t<meta name=\"twitter:data1\" content=\"1 minute\" \/>\n<script type=\"application\/ld+json\" class=\"yoast-schema-graph\">{\"@context\":\"https:\/\/schema.org\",\"@graph\":[{\"@type\":\"WebPage\",\"@id\":\"https:\/\/www.plastic-crates.com\/product\/stackable-fruit-crates\/\",\"url\":\"https:\/\/www.plastic-crates.com\/product\/stackable-fruit-crates\/\",\"name\":\"stackable fruit crates | High Quality & Factory Price\u200e\",\"isPartOf\":{\"@id\":\"https:\/\/www.plastic-crates.com\/#website\"},\"primaryImageOfPage\":{\"@id\":\"https:\/\/www.plastic-crates.com\/product\/stackable-fruit-crates\/#primaryimage\"},\"image\":{\"@id\":\"https:\/\/www.plastic-crates.com\/product\/stackable-fruit-crates\/#primaryimage\"},\"thumbnailUrl\":\"https:\/\/www.plastic-crates.com\/wp-content\/uploads\/2021\/07\/bread-plastic-crate.jpg\",\"datePublished\":\"2021-07-15T05:53:43+00:00\",\"dateModified\":\"2021-07-15T07:04:37+00:00\",\"description\":\"Professional supplier of stackable fruit crates, Dimensions(L*W*H):630*400*124mm, Volumn:25L,stackable plastic fruit crate for sale\",\"breadcrumb\":{\"@id\":\"https:\/\/www.plastic-crates.com\/product\/stackable-fruit-crates\/#breadcrumb\"},\"inLanguage\":\"fr-FR\",\"potentialAction\":[{\"@type\":\"ReadAction\",\"target\":[\"https:\/\/www.plastic-crates.com\/product\/stackable-fruit-crates\/\"]}]},{\"@type\":\"ImageObject\",\"inLanguage\":\"fr-FR\",\"@id\":\"https:\/\/www.plastic-crates.com\/product\/stackable-fruit-crates\/#primaryimage\",\"url\":\"https:\/\/www.plastic-crates.com\/wp-content\/uploads\/2021\/07\/bread-plastic-crate.jpg\",\"contentUrl\":\"https:\/\/www.plastic-crates.com\/wp-content\/uploads\/2021\/07\/bread-plastic-crate.jpg\",\"width\":700,\"height\":700,\"caption\":\"stackable fruit crates\"},{\"@type\":\"BreadcrumbList\",\"@id\":\"https:\/\/www.plastic-crates.com\/product\/stackable-fruit-crates\/#breadcrumb\",\"itemListElement\":[{\"@type\":\"ListItem\",\"position\":1,\"name\":\"Home\",\"item\":\"https:\/\/www.plastic-crates.com\/\"},{\"@type\":\"ListItem\",\"position\":2,\"name\":\"Products\",\"item\":\"https:\/\/www.plastic-crates.com\/shop\/\"},{\"@type\":\"ListItem\",\"position\":3,\"name\":\"stackable fruit crates\"}]},{\"@type\":\"WebSite\",\"@id\":\"https:\/\/www.plastic-crates.com\/#website\",\"url\":\"https:\/\/www.plastic-crates.com\/\",\"name\":\"plastic-crates.com\",\"description\":\"Leading plastic crates manufacturer in China\",\"potentialAction\":[{\"@type\":\"SearchAction\",\"target\":{\"@type\":\"EntryPoint\",\"urlTemplate\":\"https:\/\/www.plastic-crates.com\/?s={search_term_string}\"},\"query-input\":{\"@type\":\"PropertyValueSpecification\",\"valueRequired\":true,\"valueName\":\"search_term_string\"}}],\"inLanguage\":\"fr-FR\"}]}<\/script>\n<!-- \/ Yoast SEO plugin. -->","yoast_head_json":{"title":"Caisses \u00e0 fruits empilables | Haute qualit\u00e9 et prix d&#039;usine","description":"Fournisseur professionnel de caisses \u00e0 fruits empilables, Dimensions (L * l * H) : 630 * 400 * 124 mm, Volume : 25 L, caisse \u00e0 fruits en plastique empilable \u00e0 vendre","robots":{"index":"index","follow":"follow","max-snippet":"max-snippet:-1","max-image-preview":"max-image-preview:large","max-video-preview":"max-video-preview:-1"},"canonical":"https:\/\/www.plastic-crates.com\/fr\/product\/caisses-de-fruits-empilables\/","og_locale":"fr_FR","og_type":"article","og_title":"bread plastic crate | High Quality & Factory Price\u200e","og_description":"Professional supplier of stackable fruit crates, Dimensions(L*W*H):630*400*124mm, Volumn:25L,stackable plastic fruit crate for sale","og_url":"https:\/\/www.plastic-crates.com\/fr\/product\/caisses-de-fruits-empilables\/","og_site_name":"plastic-crates.com","article_modified_time":"2021-07-15T07:04:37+00:00","og_image":[{"width":700,"height":700,"url":"https:\/\/www.plastic-crates.com\/wp-content\/uploads\/2021\/07\/bread-plastic-crate.jpg","type":"image\/jpeg"}],"twitter_card":"summary_large_image","twitter_title":"bread plastic crate | High Quality & Factory Price\u200e","twitter_misc":{"Dur\u00e9e de lecture estim\u00e9e":"1 minute"},"schema":{"@context":"https:\/\/schema.org","@graph":[{"@type":"WebPage","@id":"https:\/\/www.plastic-crates.com\/product\/stackable-fruit-crates\/","url":"https:\/\/www.plastic-crates.com\/product\/stackable-fruit-crates\/","name":"Caisses \u00e0 fruits empilables | Haute qualit\u00e9 et prix d&#039;usine","isPartOf":{"@id":"https:\/\/www.plastic-crates.com\/#website"},"primaryImageOfPage":{"@id":"https:\/\/www.plastic-crates.com\/product\/stackable-fruit-crates\/#primaryimage"},"image":{"@id":"https:\/\/www.plastic-crates.com\/product\/stackable-fruit-crates\/#primaryimage"},"thumbnailUrl":"https:\/\/www.plastic-crates.com\/wp-content\/uploads\/2021\/07\/bread-plastic-crate.jpg","datePublished":"2021-07-15T05:53:43+00:00","dateModified":"2021-07-15T07:04:37+00:00","description":"Fournisseur professionnel de caisses \u00e0 fruits empilables, Dimensions (L * l * H) : 630 * 400 * 124 mm, Volume : 25 L, caisse \u00e0 fruits en plastique empilable \u00e0 vendre","breadcrumb":{"@id":"https:\/\/www.plastic-crates.com\/product\/stackable-fruit-crates\/#breadcrumb"},"inLanguage":"fr-FR","potentialAction":[{"@type":"ReadAction","target":["https:\/\/www.plastic-crates.com\/product\/stackable-fruit-crates\/"]}]},{"@type":"ImageObject","inLanguage":"fr-FR","@id":"https:\/\/www.plastic-crates.com\/product\/stackable-fruit-crates\/#primaryimage","url":"https:\/\/www.plastic-crates.com\/wp-content\/uploads\/2021\/07\/bread-plastic-crate.jpg","contentUrl":"https:\/\/www.plastic-crates.com\/wp-content\/uploads\/2021\/07\/bread-plastic-crate.jpg","width":700,"height":700,"caption":"stackable fruit crates"},{"@type":"BreadcrumbList","@id":"https:\/\/www.plastic-crates.com\/product\/stackable-fruit-crates\/#breadcrumb","itemListElement":[{"@type":"ListItem","position":1,"name":"Home","item":"https:\/\/www.plastic-crates.com\/"},{"@type":"ListItem","position":2,"name":"Products","item":"https:\/\/www.plastic-crates.com\/shop\/"},{"@type":"ListItem","position":3,"name":"stackable fruit crates"}]},{"@type":"WebSite","@id":"https:\/\/www.plastic-crates.com\/#website","url":"https:\/\/www.plastic-crates.com\/","name":"plastic-crates.com","description":"Fabricant leader de caisses en plastique en Chine","potentialAction":[{"@type":"SearchAction","target":{"@type":"EntryPoint","urlTemplate":"https:\/\/www.plastic-crates.com\/?s={search_term_string}"},"query-input":{"@type":"PropertyValueSpecification","valueRequired":true,"valueName":"search_term_string"}}],"inLanguage":"fr-FR"}]}},"_links":{"self":[{"href":"https:\/\/www.plastic-crates.com\/fr\/wp-json\/wp\/v2\/product\/6960","targetHints":{"allow":["GET"]}}],"collection":[{"href":"https:\/\/www.plastic-crates.com\/fr\/wp-json\/wp\/v2\/product"}],"about":[{"href":"https:\/\/www.plastic-crates.com\/fr\/wp-json\/wp\/v2\/types\/product"}],"wp:featuredmedia":[{"embeddable":true,"href":"https:\/\/www.plastic-crates.com\/fr\/wp-json\/wp\/v2\/media\/6984"}],"wp:attachment":[{"href":"https:\/\/www.plastic-crates.com\/fr\/wp-json\/wp\/v2\/media?parent=6960"}],"wp:term":[{"taxonomy":"product_brand","embeddable":true,"href":"https:\/\/www.plastic-crates.com\/fr\/wp-json\/wp\/v2\/product_brand?post=6960"},{"taxonomy":"product_cat","embeddable":true,"href":"https:\/\/www.plastic-crates.com\/fr\/wp-json\/wp\/v2\/product_cat?post=6960"},{"taxonomy":"product_tag","embeddable":true,"href":"https:\/\/www.plastic-crates.com\/fr\/wp-json\/wp\/v2\/product_tag?post=6960"}],"curies":[{"name":"wp","href":"https:\/\/api.w.org\/{rel}","templated":true}]}}