{"id":6963,"date":"2021-07-15T05:53:44","date_gmt":"2021-07-15T05:53:44","guid":{"rendered":"https:\/\/www.plastic-crates.com\/?post_type=product&#038;p=6963"},"modified":"2021-07-15T07:06:41","modified_gmt":"2021-07-15T07:06:41","slug":"caisses-de-produits-empilables-en-gros","status":"publish","type":"product","link":"https:\/\/www.plastic-crates.com\/fr\/product\/caisses-de-produits-empilables-en-gros\/","title":{"rendered":"caisses de produits empilables en gros"},"content":{"rendered":"<p>Des caisses empilables pour fruits et l\u00e9gumes sont disponibles en plusieurs tailles et styles pour la cueillette, la transformation et l&#039;exp\u00e9dition de petits fruits et l\u00e9gumes comme les fraises ou les asperges.<\/p>\n<p><strong>Caract\u00e9ristiques et avantages<\/strong><\/p>\n<ul>\n<li>Fabriqu\u00e9 \u00e0 partir de mat\u00e9riaux conformes \u00e0 la FDA<\/li>\n<li>R\u00e9siste \u00e0 l&#039;exposition au soleil et aux processus de refroidissement ; r\u00e9siste aux chocs et \u00e0 l&#039;humidit\u00e9 ; ne se fend pas, ne pourrit pas et n&#039;absorbe pas les odeurs<\/li>\n<li>Int\u00e9rieurs faciles \u00e0 nettoyer<\/li>\n<li>Empilez-les lorsqu&#039;ils sont charg\u00e9s, imbriqu\u00e9s lorsqu&#039;ils sont vides pour une efficacit\u00e9 de l&#039;espace<\/li>\n<li>Conceptions ventil\u00e9es pour un refroidissement rapide, un contr\u00f4le de la temp\u00e9rature et un drainage<\/li>\n<li>Utiliser avec des temp\u00e9ratures de -20\u02da \u00e0 120\u02da F<\/li>\n<li>Options de personnalisation et d&#039;identification disponibles<\/li>\n<li>B\u00e9n\u00e9ficie d&#039;une garantie limit\u00e9e d&#039;un an<\/li>\n<li>PEHD recyclable 100%<\/li>\n<\/ul>","protected":false},"excerpt":{"rendered":"<p>Vous pourriez \u00e9galement \u00eatre int\u00e9ress\u00e9 par <a href=\"https:\/\/www.plastic-crates.com\/fr\/product-category\/conteneur-palette\/\" target=\"_blank\" rel=\"noopener\">caisses-palettes en plastique<\/a>,<a href=\"https:\/\/www.plastic-crates.com\/fr\/product-category\/bacs-de-stockage-de-pieces\/\" target=\"_blank\" rel=\"noopener\">bacs de stockage de pi\u00e8ces<\/a><\/p>","protected":false},"featured_media":6999,"template":"","meta":{"_acf_changed":false},"product_brand":[],"product_cat":[20],"product_tag":[132,133],"class_list":{"0":"post-6963","1":"product","2":"type-product","3":"status-publish","4":"has-post-thumbnail","6":"product_cat-fruit-crates","7":"product_tag-plastic-vegetable-crate","8":"product_tag-retaining-freshness-crate","10":"first","11":"instock","12":"product-type-simple"},"acf":[],"yoast_head":"<!-- This site is optimized with the Yoast SEO plugin v26.1.1 - https:\/\/yoast.com\/wordpress\/plugins\/seo\/ -->\n<title>stackable produce crates wholesale | High Quality &amp; Factory Price\u200e<\/title>\n<meta name=\"description\" content=\"Professional manufacturer of stackable produce crates,Vegetable Crates, Dimensions(L*W*H):585*405*310mm, Volumn:60L,produce crates wholesale\" \/>\n<meta name=\"robots\" content=\"index, follow, max-snippet:-1, max-image-preview:large, max-video-preview:-1\" \/>\n<link rel=\"canonical\" href=\"https:\/\/www.plastic-crates.com\/fr\/product\/caisses-de-produits-empilables-en-gros\/\" \/>\n<meta property=\"og:locale\" content=\"fr_FR\" \/>\n<meta property=\"og:type\" content=\"article\" \/>\n<meta property=\"og:title\" content=\"apple crates wholesale | High Quality &amp; Factory Price\u200e\" \/>\n<meta property=\"og:description\" content=\"Professional manufacturer of stackable produce crates,Vegetable Crates, Dimensions(L*W*H):585*405*310mm, Volumn:60L,produce crates wholesale\" \/>\n<meta property=\"og:url\" content=\"https:\/\/www.plastic-crates.com\/fr\/product\/caisses-de-produits-empilables-en-gros\/\" \/>\n<meta property=\"og:site_name\" content=\"plastic-crates.com\" \/>\n<meta property=\"article:modified_time\" content=\"2021-07-15T07:06:41+00:00\" \/>\n<meta property=\"og:image\" content=\"https:\/\/www.plastic-crates.com\/wp-content\/uploads\/2021\/07\/apple-crates-wholesale-4.jpg\" \/>\n\t<meta property=\"og:image:width\" content=\"700\" \/>\n\t<meta property=\"og:image:height\" content=\"700\" \/>\n\t<meta property=\"og:image:type\" content=\"image\/jpeg\" \/>\n<meta name=\"twitter:card\" content=\"summary_large_image\" \/>\n<meta name=\"twitter:title\" content=\"apple crates wholesale | High Quality &amp; Factory Price\u200e\" \/>\n<meta name=\"twitter:label1\" content=\"Dur\u00e9e de lecture estim\u00e9e\" \/>\n\t<meta name=\"twitter:data1\" content=\"1 minute\" \/>\n<script type=\"application\/ld+json\" class=\"yoast-schema-graph\">{\"@context\":\"https:\/\/schema.org\",\"@graph\":[{\"@type\":\"WebPage\",\"@id\":\"https:\/\/www.plastic-crates.com\/product\/stackable-produce-crates-wholesale\/\",\"url\":\"https:\/\/www.plastic-crates.com\/product\/stackable-produce-crates-wholesale\/\",\"name\":\"stackable produce crates wholesale | High Quality & Factory Price\u200e\",\"isPartOf\":{\"@id\":\"https:\/\/www.plastic-crates.com\/#website\"},\"primaryImageOfPage\":{\"@id\":\"https:\/\/www.plastic-crates.com\/product\/stackable-produce-crates-wholesale\/#primaryimage\"},\"image\":{\"@id\":\"https:\/\/www.plastic-crates.com\/product\/stackable-produce-crates-wholesale\/#primaryimage\"},\"thumbnailUrl\":\"https:\/\/www.plastic-crates.com\/wp-content\/uploads\/2021\/07\/apple-crates-wholesale-4.jpg\",\"datePublished\":\"2021-07-15T05:53:44+00:00\",\"dateModified\":\"2021-07-15T07:06:41+00:00\",\"description\":\"Professional manufacturer of stackable produce crates,Vegetable Crates, Dimensions(L*W*H):585*405*310mm, Volumn:60L,produce crates wholesale\",\"breadcrumb\":{\"@id\":\"https:\/\/www.plastic-crates.com\/product\/stackable-produce-crates-wholesale\/#breadcrumb\"},\"inLanguage\":\"fr-FR\",\"potentialAction\":[{\"@type\":\"ReadAction\",\"target\":[\"https:\/\/www.plastic-crates.com\/product\/stackable-produce-crates-wholesale\/\"]}]},{\"@type\":\"ImageObject\",\"inLanguage\":\"fr-FR\",\"@id\":\"https:\/\/www.plastic-crates.com\/product\/stackable-produce-crates-wholesale\/#primaryimage\",\"url\":\"https:\/\/www.plastic-crates.com\/wp-content\/uploads\/2021\/07\/apple-crates-wholesale-4.jpg\",\"contentUrl\":\"https:\/\/www.plastic-crates.com\/wp-content\/uploads\/2021\/07\/apple-crates-wholesale-4.jpg\",\"width\":700,\"height\":700,\"caption\":\"stackable produce crates\"},{\"@type\":\"BreadcrumbList\",\"@id\":\"https:\/\/www.plastic-crates.com\/product\/stackable-produce-crates-wholesale\/#breadcrumb\",\"itemListElement\":[{\"@type\":\"ListItem\",\"position\":1,\"name\":\"Home\",\"item\":\"https:\/\/www.plastic-crates.com\/\"},{\"@type\":\"ListItem\",\"position\":2,\"name\":\"Products\",\"item\":\"https:\/\/www.plastic-crates.com\/shop\/\"},{\"@type\":\"ListItem\",\"position\":3,\"name\":\"stackable produce crates wholesale\"}]},{\"@type\":\"WebSite\",\"@id\":\"https:\/\/www.plastic-crates.com\/#website\",\"url\":\"https:\/\/www.plastic-crates.com\/\",\"name\":\"plastic-crates.com\",\"description\":\"Leading plastic crates manufacturer in China\",\"potentialAction\":[{\"@type\":\"SearchAction\",\"target\":{\"@type\":\"EntryPoint\",\"urlTemplate\":\"https:\/\/www.plastic-crates.com\/?s={search_term_string}\"},\"query-input\":{\"@type\":\"PropertyValueSpecification\",\"valueRequired\":true,\"valueName\":\"search_term_string\"}}],\"inLanguage\":\"fr-FR\"}]}<\/script>\n<!-- \/ Yoast SEO plugin. -->","yoast_head_json":{"title":"Caisses \u00e0 fruits et l\u00e9gumes empilables en gros | Haute qualit\u00e9 et prix d&#039;usine","description":"Fabricant professionnel de caisses \u00e0 fruits et l\u00e9gumes empilables, dimensions (L*l*H)\u00a0: 585*405*310\u00a0mm, volume\u00a0: 60\u00a0L, vente en gros de caisses \u00e0 fruits et l\u00e9gumes","robots":{"index":"index","follow":"follow","max-snippet":"max-snippet:-1","max-image-preview":"max-image-preview:large","max-video-preview":"max-video-preview:-1"},"canonical":"https:\/\/www.plastic-crates.com\/fr\/product\/caisses-de-produits-empilables-en-gros\/","og_locale":"fr_FR","og_type":"article","og_title":"apple crates wholesale | High Quality & Factory Price\u200e","og_description":"Professional manufacturer of stackable produce crates,Vegetable Crates, Dimensions(L*W*H):585*405*310mm, Volumn:60L,produce crates wholesale","og_url":"https:\/\/www.plastic-crates.com\/fr\/product\/caisses-de-produits-empilables-en-gros\/","og_site_name":"plastic-crates.com","article_modified_time":"2021-07-15T07:06:41+00:00","og_image":[{"width":700,"height":700,"url":"https:\/\/www.plastic-crates.com\/wp-content\/uploads\/2021\/07\/apple-crates-wholesale-4.jpg","type":"image\/jpeg"}],"twitter_card":"summary_large_image","twitter_title":"apple crates wholesale | High Quality & Factory Price\u200e","twitter_misc":{"Dur\u00e9e de lecture estim\u00e9e":"1 minute"},"schema":{"@context":"https:\/\/schema.org","@graph":[{"@type":"WebPage","@id":"https:\/\/www.plastic-crates.com\/product\/stackable-produce-crates-wholesale\/","url":"https:\/\/www.plastic-crates.com\/product\/stackable-produce-crates-wholesale\/","name":"Caisses \u00e0 fruits et l\u00e9gumes empilables en gros | Haute qualit\u00e9 et prix d&#039;usine","isPartOf":{"@id":"https:\/\/www.plastic-crates.com\/#website"},"primaryImageOfPage":{"@id":"https:\/\/www.plastic-crates.com\/product\/stackable-produce-crates-wholesale\/#primaryimage"},"image":{"@id":"https:\/\/www.plastic-crates.com\/product\/stackable-produce-crates-wholesale\/#primaryimage"},"thumbnailUrl":"https:\/\/www.plastic-crates.com\/wp-content\/uploads\/2021\/07\/apple-crates-wholesale-4.jpg","datePublished":"2021-07-15T05:53:44+00:00","dateModified":"2021-07-15T07:06:41+00:00","description":"Fabricant professionnel de caisses \u00e0 fruits et l\u00e9gumes empilables, dimensions (L*l*H)\u00a0: 585*405*310\u00a0mm, volume\u00a0: 60\u00a0L, vente en gros de caisses \u00e0 fruits et l\u00e9gumes","breadcrumb":{"@id":"https:\/\/www.plastic-crates.com\/product\/stackable-produce-crates-wholesale\/#breadcrumb"},"inLanguage":"fr-FR","potentialAction":[{"@type":"ReadAction","target":["https:\/\/www.plastic-crates.com\/product\/stackable-produce-crates-wholesale\/"]}]},{"@type":"ImageObject","inLanguage":"fr-FR","@id":"https:\/\/www.plastic-crates.com\/product\/stackable-produce-crates-wholesale\/#primaryimage","url":"https:\/\/www.plastic-crates.com\/wp-content\/uploads\/2021\/07\/apple-crates-wholesale-4.jpg","contentUrl":"https:\/\/www.plastic-crates.com\/wp-content\/uploads\/2021\/07\/apple-crates-wholesale-4.jpg","width":700,"height":700,"caption":"stackable produce crates"},{"@type":"BreadcrumbList","@id":"https:\/\/www.plastic-crates.com\/product\/stackable-produce-crates-wholesale\/#breadcrumb","itemListElement":[{"@type":"ListItem","position":1,"name":"Home","item":"https:\/\/www.plastic-crates.com\/"},{"@type":"ListItem","position":2,"name":"Products","item":"https:\/\/www.plastic-crates.com\/shop\/"},{"@type":"ListItem","position":3,"name":"stackable produce crates wholesale"}]},{"@type":"WebSite","@id":"https:\/\/www.plastic-crates.com\/#website","url":"https:\/\/www.plastic-crates.com\/","name":"plastic-crates.com","description":"Fabricant leader de caisses en plastique en Chine","potentialAction":[{"@type":"SearchAction","target":{"@type":"EntryPoint","urlTemplate":"https:\/\/www.plastic-crates.com\/?s={search_term_string}"},"query-input":{"@type":"PropertyValueSpecification","valueRequired":true,"valueName":"search_term_string"}}],"inLanguage":"fr-FR"}]}},"_links":{"self":[{"href":"https:\/\/www.plastic-crates.com\/fr\/wp-json\/wp\/v2\/product\/6963","targetHints":{"allow":["GET"]}}],"collection":[{"href":"https:\/\/www.plastic-crates.com\/fr\/wp-json\/wp\/v2\/product"}],"about":[{"href":"https:\/\/www.plastic-crates.com\/fr\/wp-json\/wp\/v2\/types\/product"}],"wp:featuredmedia":[{"embeddable":true,"href":"https:\/\/www.plastic-crates.com\/fr\/wp-json\/wp\/v2\/media\/6999"}],"wp:attachment":[{"href":"https:\/\/www.plastic-crates.com\/fr\/wp-json\/wp\/v2\/media?parent=6963"}],"wp:term":[{"taxonomy":"product_brand","embeddable":true,"href":"https:\/\/www.plastic-crates.com\/fr\/wp-json\/wp\/v2\/product_brand?post=6963"},{"taxonomy":"product_cat","embeddable":true,"href":"https:\/\/www.plastic-crates.com\/fr\/wp-json\/wp\/v2\/product_cat?post=6963"},{"taxonomy":"product_tag","embeddable":true,"href":"https:\/\/www.plastic-crates.com\/fr\/wp-json\/wp\/v2\/product_tag?post=6963"}],"curies":[{"name":"wp","href":"https:\/\/api.w.org\/{rel}","templated":true}]}}