{"id":6966,"date":"2021-07-15T05:53:44","date_gmt":"2021-07-15T05:53:44","guid":{"rendered":"https:\/\/www.plastic-crates.com\/?post_type=product&#038;p=6966"},"modified":"2021-07-15T06:21:05","modified_gmt":"2021-07-15T06:21:05","slug":"caisses-de-fruits-en-plastique-blanc-vert-rouge-bleu-jaune","status":"publish","type":"product","link":"https:\/\/www.plastic-crates.com\/fr\/product\/caisses-de-fruits-en-plastique-blanc-vert-rouge-bleu-jaune\/","title":{"rendered":"Caisses \u00e0 fruits en plastique blanc, vert, rouge, bleu, jaune"},"content":{"rendered":"<p>Ces caisses \u00e0 fruits en plastique sont fabriqu\u00e9es avec des mat\u00e9riaux de haute qualit\u00e9 et des techniques de pointe pour garantir une durabilit\u00e9 et une qualit\u00e9 exceptionnelles. Compte tenu de la nature p\u00e9rissable des fruits et l\u00e9gumes, ces caisses offrent une excellente ventilation et un int\u00e9rieur lisse. Elles conviennent aux tomates, pommes, oranges, raisins, mangues, etc. Leur ext\u00e9rieur robuste permet de supporter une charge importante.<\/p>\n<p><img loading=\"lazy\" decoding=\"async\" class=\"alignnone size-full wp-image-6547\" src=\"https:\/\/www.vegcrates.com\/wp-content\/uploads\/2021\/06\/stackable-produce-crates-application.jpeg\" alt=\"application de caisses de produits empilables\" width=\"750\" height=\"290\" \/><\/p>\n<p>D\u00e9tails du produit<\/p>\n<div class=\"table-responsive\">\n<table class=\"table\">\n<tbody>\n<tr>\n<td colspan=\"1\" rowspan=\"1\">\n<div class=\"magic-5\"><span class=\"magic-6\" style=\"color: #000000; font-family: Arial;\"><b data-spm-anchor-id=\"a2700.siteadmin.0.i31.41db3333Tc3boV\">Dimensions<\/b><\/span><\/div>\n<\/td>\n<td colspan=\"1\" rowspan=\"1\">\n<div class=\"magic-7\"><span class=\"magic-6\" style=\"color: #000000; font-family: Arial;\" data-spm-anchor-id=\"a2700.details.0.i41.3b378557YPNL4f\">535x413x228mm<\/span><\/div>\n<\/td>\n<\/tr>\n<tr>\n<td colspan=\"1\" rowspan=\"1\">\n<div class=\"magic-5\"><span class=\"magic-6\" style=\"color: #000000; font-family: Arial;\"><b>Capacit\u00e9 de charge<\/b><\/span><\/div>\n<\/td>\n<td colspan=\"1\" rowspan=\"1\">\n<div class=\"magic-7\"><span class=\"magic-6\" style=\"color: #000000; font-family: Arial;\">35 kg<\/span><\/div>\n<\/td>\n<\/tr>\n<tr>\n<td colspan=\"1\" rowspan=\"1\">\n<div class=\"magic-5\"><span class=\"magic-6\" style=\"color: #000000; font-family: Arial;\"><b>Capacit\u00e9 de la pile<\/b><\/span><\/div>\n<\/td>\n<td colspan=\"1\" rowspan=\"1\">\n<div class=\"magic-7\" data-spm-anchor-id=\"a2700.details.0.i34.3b378557YPNL4f\"><span class=\"magic-6\" style=\"color: #000000; font-family: Arial;\" data-spm-anchor-id=\"a2700.siteadmin.0.i28.41db3333Tc3boV\">210 kg<\/span><\/div>\n<\/td>\n<\/tr>\n<tr>\n<td colspan=\"1\" rowspan=\"1\">\n<div class=\"magic-5\"><span class=\"magic-6\" style=\"color: #000000; font-family: Arial;\"><b>Volume<\/b><\/span><\/div>\n<\/td>\n<td colspan=\"1\" rowspan=\"1\">\n<div class=\"magic-7\"><span class=\"magic-6\" style=\"color: #000000; font-family: Arial;\">42,2 L<\/span><\/div>\n<\/td>\n<\/tr>\n<tr>\n<td colspan=\"1\" rowspan=\"1\">\n<div class=\"magic-5\"><span class=\"magic-6\" style=\"color: #000000; font-family: Arial;\"><b>Taper<\/b><\/span><\/div>\n<\/td>\n<td colspan=\"1\" rowspan=\"1\">\n<div class=\"magic-7\"><span class=\"magic-6\" style=\"color: #000000; font-family: Arial;\" data-spm-anchor-id=\"a2700.siteadmin.0.i33.41db3333Tc3boV\">Ventil\u00e9<\/span><\/div>\n<\/td>\n<\/tr>\n<tr>\n<td colspan=\"1\" rowspan=\"1\">\n<div class=\"magic-5\"><span class=\"magic-6\" style=\"color: #000000; font-family: Arial;\"><b>Mat\u00e9riel<\/b><\/span><\/div>\n<\/td>\n<td colspan=\"1\" rowspan=\"1\">\n<div class=\"magic-7\"><span class=\"magic-6\" style=\"color: #000000; font-family: Arial;\">PP vierge 100%<\/span><\/div>\n<\/td>\n<\/tr>\n<tr>\n<td colspan=\"1\" rowspan=\"1\">\n<div class=\"magic-5\"><span class=\"magic-6\" style=\"color: #000000; font-family: Arial;\"><b>Poids<\/b><\/span><\/div>\n<\/td>\n<td colspan=\"1\" rowspan=\"1\">\n<div class=\"magic-7\"><span class=\"magic-6\" style=\"color: #000000; font-family: Arial;\">1,39 kg<\/span><\/div>\n<\/td>\n<\/tr>\n<tr>\n<td colspan=\"1\" rowspan=\"1\">\n<div class=\"magic-5\"><span class=\"magic-6\" style=\"color: #000000; font-family: Arial;\"><b>Couleur<\/b><\/span><\/div>\n<\/td>\n<td colspan=\"1\" rowspan=\"1\">\n<div class=\"magic-7\"><span class=\"magic-6\" style=\"color: #000000; font-family: Arial;\">Bleu, personnalis\u00e9, etc.<\/span><\/div>\n<\/td>\n<\/tr>\n<tr>\n<td colspan=\"1\" rowspan=\"1\">\n<div class=\"magic-5\"><span class=\"magic-6\" style=\"color: #000000; font-family: Arial;\"><b class=\"magic-8\">Certification<\/b><\/span><\/div>\n<\/td>\n<td colspan=\"1\" rowspan=\"1\">\n<div class=\"magic-7\" data-spm-anchor-id=\"a2700.details.0.i36.3b378557YPNL4f\"><span class=\"magic-6\" style=\"color: #000000; font-family: Arial;\">ISO 9001:2008<\/span><\/div>\n<\/td>\n<\/tr>\n<tr>\n<td colspan=\"1\" rowspan=\"1\">\n<div class=\"magic-5\"><span class=\"magic-6\" style=\"color: #000000; font-family: Arial;\"><b>Application<\/b><\/span><\/div>\n<\/td>\n<td colspan=\"1\" rowspan=\"1\">\n<div class=\"magic-7\"><span class=\"magic-6\" style=\"color: #000000; font-family: Arial;\">Emballage, exp\u00e9dition, transport, logistique<\/span><\/div>\n<\/td>\n<\/tr>\n<\/tbody>\n<\/table>\n<\/div>\n<p>&nbsp;<\/p>\n<p>&nbsp;<\/p>\n<p><strong>Application des caisses en plastique v\u00e9g\u00e9tal<\/strong><\/p>\n<p><img loading=\"lazy\" decoding=\"async\" class=\"alignnone wp-image-6527\" src=\"https:\/\/www.vegcrates.com\/wp-content\/uploads\/2021\/06\/vegetable-crates-application-1-1024x265.png\" alt=\"application de caisses \u00e0 l\u00e9gumes\" width=\"800\" height=\"207\" \/> <img loading=\"lazy\" decoding=\"async\" class=\"alignnone wp-image-6528\" src=\"https:\/\/www.vegcrates.com\/wp-content\/uploads\/2021\/06\/vegetable-crates-application-2-1024x437.png\" alt=\"application de caisses \u00e0 l\u00e9gumes\" width=\"800\" height=\"341\" \/> <img loading=\"lazy\" decoding=\"async\" class=\"alignnone wp-image-6529\" src=\"https:\/\/www.vegcrates.com\/wp-content\/uploads\/2021\/06\/vegetable-crates-application-3-1024x361.png\" alt=\"application de caisses \u00e0 l\u00e9gumes\" width=\"800\" height=\"282\" \/> <img loading=\"lazy\" decoding=\"async\" class=\"alignnone wp-image-6530\" src=\"https:\/\/www.vegcrates.com\/wp-content\/uploads\/2021\/06\/vegetable-crates-application-4-1024x350.png\" alt=\"application de caisses \u00e0 l\u00e9gumes\" width=\"800\" height=\"274\" \/><\/p>\n<p>&nbsp;<\/p>\n<p>Les caisses en plastique pour l\u00e9gumes sont disponibles en plusieurs tailles et styles pour la cueillette, le traitement et l&#039;exp\u00e9dition de petits fruits et l\u00e9gumes comme les fraises ou les asperges.<\/p>\n<p><strong>Emballage et livraison<\/strong><\/p>\n<p><img loading=\"lazy\" decoding=\"async\" class=\"alignnone wp-image-6531\" src=\"https:\/\/www.vegcrates.com\/wp-content\/uploads\/2021\/06\/foldable-crates-for-groceries-delivery-1024x505.png\" alt=\"caisses pliables pour la livraison de courses\" width=\"800\" height=\"395\" \/><\/p>\n<p><strong>Caract\u00e9ristiques et avantages<\/strong><\/p>\n<ul>\n<li>Fabriqu\u00e9 \u00e0 partir de mat\u00e9riaux conformes \u00e0 la FDA<\/li>\n<li>R\u00e9siste \u00e0 l&#039;exposition au soleil et aux processus de refroidissement ; r\u00e9siste aux chocs et \u00e0 l&#039;humidit\u00e9 ; ne se fend pas, ne pourrit pas et n&#039;absorbe pas les odeurs<\/li>\n<li>Int\u00e9rieurs faciles \u00e0 nettoyer<\/li>\n<li>Empilez-les lorsqu&#039;ils sont charg\u00e9s, imbriqu\u00e9s lorsqu&#039;ils sont vides pour une efficacit\u00e9 de l&#039;espace<\/li>\n<li>Conceptions ventil\u00e9es pour un refroidissement rapide, un contr\u00f4le de la temp\u00e9rature et un drainage<\/li>\n<li>Utiliser avec des temp\u00e9ratures de -20\u02da \u00e0 120\u02da F<\/li>\n<li>Options de personnalisation et d&#039;identification disponibles<\/li>\n<li>B\u00e9n\u00e9ficie d&#039;une garantie limit\u00e9e d&#039;un an<\/li>\n<li>PEHD recyclable 100%<\/li>\n<\/ul>","protected":false},"excerpt":{"rendered":"<p>Vous pourriez \u00e9galement \u00eatre int\u00e9ress\u00e9 par <a href=\"https:\/\/www.plastic-crates.com\/fr\/product-category\/boite-pliable\/\" target=\"_blank\" rel=\"noopener\">bo\u00eete de rangement pliable<\/a>,<a href=\"https:\/\/www.plastic-crates.com\/fr\/product-category\/conteneurs-empilables\/\" target=\"_blank\" rel=\"noopener\">conteneur euro empilable \u00e0 vendre<\/a><\/p>","protected":false},"featured_media":7015,"template":"","meta":{"_acf_changed":false},"product_brand":[],"product_cat":[20],"product_tag":[126,127],"class_list":{"0":"post-6966","1":"product","2":"type-product","3":"status-publish","4":"has-post-thumbnail","6":"product_cat-fruit-crates","7":"product_tag-plastic-vegetable-and-fruit-crate","8":"product_tag-plastic-vegetable-basket","10":"first","11":"instock","12":"product-type-simple"},"acf":[],"yoast_head":"<!-- This site is optimized with the Yoast SEO plugin v26.1.1 - https:\/\/yoast.com\/wordpress\/plugins\/seo\/ -->\n<title>Fruit Crates Plastic, Fruit plastic crates manufacturers| Factory Price\u200e<\/title>\n<meta name=\"description\" content=\"Fruit Crates Plastic wholesale, Dimensions(L*W*H):535*413*228mm, Volumn:42.2L, fruit stackable produce crates for sale\" \/>\n<meta name=\"robots\" content=\"index, follow, max-snippet:-1, max-image-preview:large, max-video-preview:-1\" \/>\n<link rel=\"canonical\" href=\"https:\/\/www.plastic-crates.com\/fr\/product\/caisses-de-fruits-en-plastique-blanc-vert-rouge-bleu-jaune\/\" \/>\n<meta property=\"og:locale\" content=\"fr_FR\" \/>\n<meta property=\"og:type\" content=\"article\" \/>\n<meta property=\"og:title\" content=\"vegetable plastic crates | High Quality &amp; Factory Price\u200e\" \/>\n<meta property=\"og:description\" content=\"Fruit Crates Plastic wholesale, Dimensions(L*W*H):535*413*228mm, Volumn:42.2L, fruit stackable produce crates for sale\" \/>\n<meta property=\"og:url\" content=\"https:\/\/www.plastic-crates.com\/fr\/product\/caisses-de-fruits-en-plastique-blanc-vert-rouge-bleu-jaune\/\" \/>\n<meta property=\"og:site_name\" content=\"plastic-crates.com\" \/>\n<meta property=\"article:modified_time\" content=\"2021-07-15T06:21:05+00:00\" \/>\n<meta property=\"og:image\" content=\"https:\/\/www.plastic-crates.com\/wp-content\/uploads\/2021\/07\/stackable-produce-crates-1.jpeg\" \/>\n\t<meta property=\"og:image:width\" content=\"1000\" \/>\n\t<meta property=\"og:image:height\" content=\"1000\" \/>\n\t<meta property=\"og:image:type\" content=\"image\/jpeg\" \/>\n<meta name=\"twitter:card\" content=\"summary_large_image\" \/>\n<meta name=\"twitter:title\" content=\"vegetable plastic crates | High Quality &amp; Factory Price\u200e\" \/>\n<meta name=\"twitter:label1\" content=\"Dur\u00e9e de lecture estim\u00e9e\" \/>\n\t<meta name=\"twitter:data1\" content=\"3 minutes\" \/>\n<script type=\"application\/ld+json\" class=\"yoast-schema-graph\">{\"@context\":\"https:\/\/schema.org\",\"@graph\":[{\"@type\":\"WebPage\",\"@id\":\"https:\/\/www.plastic-crates.com\/product\/fruit-crates-plastic-white-green-red-blue-yellow\/\",\"url\":\"https:\/\/www.plastic-crates.com\/product\/fruit-crates-plastic-white-green-red-blue-yellow\/\",\"name\":\"Fruit Crates Plastic, Fruit plastic crates manufacturers| Factory Price\u200e\",\"isPartOf\":{\"@id\":\"https:\/\/www.plastic-crates.com\/#website\"},\"primaryImageOfPage\":{\"@id\":\"https:\/\/www.plastic-crates.com\/product\/fruit-crates-plastic-white-green-red-blue-yellow\/#primaryimage\"},\"image\":{\"@id\":\"https:\/\/www.plastic-crates.com\/product\/fruit-crates-plastic-white-green-red-blue-yellow\/#primaryimage\"},\"thumbnailUrl\":\"https:\/\/www.plastic-crates.com\/wp-content\/uploads\/2021\/07\/stackable-produce-crates-1.jpeg\",\"datePublished\":\"2021-07-15T05:53:44+00:00\",\"dateModified\":\"2021-07-15T06:21:05+00:00\",\"description\":\"Fruit Crates Plastic wholesale, Dimensions(L*W*H):535*413*228mm, Volumn:42.2L, fruit stackable produce crates for sale\",\"breadcrumb\":{\"@id\":\"https:\/\/www.plastic-crates.com\/product\/fruit-crates-plastic-white-green-red-blue-yellow\/#breadcrumb\"},\"inLanguage\":\"fr-FR\",\"potentialAction\":[{\"@type\":\"ReadAction\",\"target\":[\"https:\/\/www.plastic-crates.com\/product\/fruit-crates-plastic-white-green-red-blue-yellow\/\"]}]},{\"@type\":\"ImageObject\",\"inLanguage\":\"fr-FR\",\"@id\":\"https:\/\/www.plastic-crates.com\/product\/fruit-crates-plastic-white-green-red-blue-yellow\/#primaryimage\",\"url\":\"https:\/\/www.plastic-crates.com\/wp-content\/uploads\/2021\/07\/stackable-produce-crates-1.jpeg\",\"contentUrl\":\"https:\/\/www.plastic-crates.com\/wp-content\/uploads\/2021\/07\/stackable-produce-crates-1.jpeg\",\"width\":1000,\"height\":1000,\"caption\":\"Fruit Crates Plastic\"},{\"@type\":\"BreadcrumbList\",\"@id\":\"https:\/\/www.plastic-crates.com\/product\/fruit-crates-plastic-white-green-red-blue-yellow\/#breadcrumb\",\"itemListElement\":[{\"@type\":\"ListItem\",\"position\":1,\"name\":\"Home\",\"item\":\"https:\/\/www.plastic-crates.com\/\"},{\"@type\":\"ListItem\",\"position\":2,\"name\":\"Products\",\"item\":\"https:\/\/www.plastic-crates.com\/shop\/\"},{\"@type\":\"ListItem\",\"position\":3,\"name\":\"Fruit Crates Plastic White, Green, Red, Blue, Yellow\"}]},{\"@type\":\"WebSite\",\"@id\":\"https:\/\/www.plastic-crates.com\/#website\",\"url\":\"https:\/\/www.plastic-crates.com\/\",\"name\":\"plastic-crates.com\",\"description\":\"Leading plastic crates manufacturer in China\",\"potentialAction\":[{\"@type\":\"SearchAction\",\"target\":{\"@type\":\"EntryPoint\",\"urlTemplate\":\"https:\/\/www.plastic-crates.com\/?s={search_term_string}\"},\"query-input\":{\"@type\":\"PropertyValueSpecification\",\"valueRequired\":true,\"valueName\":\"search_term_string\"}}],\"inLanguage\":\"fr-FR\"}]}<\/script>\n<!-- \/ Yoast SEO plugin. -->","yoast_head_json":{"title":"Caisses \u00e0 fruits en plastique, Fabricant de caisses \u00e0 fruits en plastique | Prix d&#039;usine","description":"Caisses \u00e0 fruits en plastique en gros, dimensions (L * l * H) : 535 * 413 * 228 mm, volume : 42,2 L, caisses \u00e0 fruits empilables \u00e0 vendre","robots":{"index":"index","follow":"follow","max-snippet":"max-snippet:-1","max-image-preview":"max-image-preview:large","max-video-preview":"max-video-preview:-1"},"canonical":"https:\/\/www.plastic-crates.com\/fr\/product\/caisses-de-fruits-en-plastique-blanc-vert-rouge-bleu-jaune\/","og_locale":"fr_FR","og_type":"article","og_title":"vegetable plastic crates | High Quality & Factory Price\u200e","og_description":"Fruit Crates Plastic wholesale, Dimensions(L*W*H):535*413*228mm, Volumn:42.2L, fruit stackable produce crates for sale","og_url":"https:\/\/www.plastic-crates.com\/fr\/product\/caisses-de-fruits-en-plastique-blanc-vert-rouge-bleu-jaune\/","og_site_name":"plastic-crates.com","article_modified_time":"2021-07-15T06:21:05+00:00","og_image":[{"width":1000,"height":1000,"url":"https:\/\/www.plastic-crates.com\/wp-content\/uploads\/2021\/07\/stackable-produce-crates-1.jpeg","type":"image\/jpeg"}],"twitter_card":"summary_large_image","twitter_title":"vegetable plastic crates | High Quality & Factory Price\u200e","twitter_misc":{"Dur\u00e9e de lecture estim\u00e9e":"3 minutes"},"schema":{"@context":"https:\/\/schema.org","@graph":[{"@type":"WebPage","@id":"https:\/\/www.plastic-crates.com\/product\/fruit-crates-plastic-white-green-red-blue-yellow\/","url":"https:\/\/www.plastic-crates.com\/product\/fruit-crates-plastic-white-green-red-blue-yellow\/","name":"Caisses \u00e0 fruits en plastique, Fabricant de caisses \u00e0 fruits en plastique | Prix d&#039;usine","isPartOf":{"@id":"https:\/\/www.plastic-crates.com\/#website"},"primaryImageOfPage":{"@id":"https:\/\/www.plastic-crates.com\/product\/fruit-crates-plastic-white-green-red-blue-yellow\/#primaryimage"},"image":{"@id":"https:\/\/www.plastic-crates.com\/product\/fruit-crates-plastic-white-green-red-blue-yellow\/#primaryimage"},"thumbnailUrl":"https:\/\/www.plastic-crates.com\/wp-content\/uploads\/2021\/07\/stackable-produce-crates-1.jpeg","datePublished":"2021-07-15T05:53:44+00:00","dateModified":"2021-07-15T06:21:05+00:00","description":"Caisses \u00e0 fruits en plastique en gros, dimensions (L * l * H) : 535 * 413 * 228 mm, volume : 42,2 L, caisses \u00e0 fruits empilables \u00e0 vendre","breadcrumb":{"@id":"https:\/\/www.plastic-crates.com\/product\/fruit-crates-plastic-white-green-red-blue-yellow\/#breadcrumb"},"inLanguage":"fr-FR","potentialAction":[{"@type":"ReadAction","target":["https:\/\/www.plastic-crates.com\/product\/fruit-crates-plastic-white-green-red-blue-yellow\/"]}]},{"@type":"ImageObject","inLanguage":"fr-FR","@id":"https:\/\/www.plastic-crates.com\/product\/fruit-crates-plastic-white-green-red-blue-yellow\/#primaryimage","url":"https:\/\/www.plastic-crates.com\/wp-content\/uploads\/2021\/07\/stackable-produce-crates-1.jpeg","contentUrl":"https:\/\/www.plastic-crates.com\/wp-content\/uploads\/2021\/07\/stackable-produce-crates-1.jpeg","width":1000,"height":1000,"caption":"Fruit Crates Plastic"},{"@type":"BreadcrumbList","@id":"https:\/\/www.plastic-crates.com\/product\/fruit-crates-plastic-white-green-red-blue-yellow\/#breadcrumb","itemListElement":[{"@type":"ListItem","position":1,"name":"Home","item":"https:\/\/www.plastic-crates.com\/"},{"@type":"ListItem","position":2,"name":"Products","item":"https:\/\/www.plastic-crates.com\/shop\/"},{"@type":"ListItem","position":3,"name":"Fruit Crates Plastic White, Green, Red, Blue, Yellow"}]},{"@type":"WebSite","@id":"https:\/\/www.plastic-crates.com\/#website","url":"https:\/\/www.plastic-crates.com\/","name":"plastic-crates.com","description":"Fabricant leader de caisses en plastique en Chine","potentialAction":[{"@type":"SearchAction","target":{"@type":"EntryPoint","urlTemplate":"https:\/\/www.plastic-crates.com\/?s={search_term_string}"},"query-input":{"@type":"PropertyValueSpecification","valueRequired":true,"valueName":"search_term_string"}}],"inLanguage":"fr-FR"}]}},"_links":{"self":[{"href":"https:\/\/www.plastic-crates.com\/fr\/wp-json\/wp\/v2\/product\/6966","targetHints":{"allow":["GET"]}}],"collection":[{"href":"https:\/\/www.plastic-crates.com\/fr\/wp-json\/wp\/v2\/product"}],"about":[{"href":"https:\/\/www.plastic-crates.com\/fr\/wp-json\/wp\/v2\/types\/product"}],"wp:featuredmedia":[{"embeddable":true,"href":"https:\/\/www.plastic-crates.com\/fr\/wp-json\/wp\/v2\/media\/7015"}],"wp:attachment":[{"href":"https:\/\/www.plastic-crates.com\/fr\/wp-json\/wp\/v2\/media?parent=6966"}],"wp:term":[{"taxonomy":"product_brand","embeddable":true,"href":"https:\/\/www.plastic-crates.com\/fr\/wp-json\/wp\/v2\/product_brand?post=6966"},{"taxonomy":"product_cat","embeddable":true,"href":"https:\/\/www.plastic-crates.com\/fr\/wp-json\/wp\/v2\/product_cat?post=6966"},{"taxonomy":"product_tag","embeddable":true,"href":"https:\/\/www.plastic-crates.com\/fr\/wp-json\/wp\/v2\/product_tag?post=6966"}],"curies":[{"name":"wp","href":"https:\/\/api.w.org\/{rel}","templated":true}]}}