{"id":6967,"date":"2021-07-15T05:53:44","date_gmt":"2021-07-15T05:53:44","guid":{"rendered":"https:\/\/www.plastic-crates.com\/?post_type=product&#038;p=6967"},"modified":"2021-07-15T06:00:23","modified_gmt":"2021-07-15T06:00:23","slug":"ventilated-plastic-crates-for-shrimp","status":"publish","type":"product","link":"https:\/\/www.plastic-crates.com\/fr\/product\/ventilated-plastic-crates-for-shrimp\/","title":{"rendered":"Caisses en plastique ventil\u00e9es pour crevettes"},"content":{"rendered":"<p>These Ventilated plastic crates for shrimp are made with high grade quality material and latest techniques to ensure their higher durability and superb quality. Considering the perishable nature of fruits &amp; vegetables, the crates have very good ventilation and smooth interious, ther are suitable for tomato, apple, orange, grapes, mango etc, and the tomato crates have sturdy exteriors to handle load.<\/p>\n<p><img loading=\"lazy\" decoding=\"async\" class=\"alignnone size-full wp-image-6556\" src=\"https:\/\/www.vegcrates.com\/wp-content\/uploads\/2021\/06\/ventilated-plastic-crates-detail.png\" alt=\"ventilated plastic crates detail\" width=\"750\" height=\"750\" \/><\/p>\n<p>&nbsp;<\/p>\n<p>D\u00e9tails du produit<\/p>\n<table class=\"table\">\n<tbody>\n<tr>\n<td>Nom du produit<\/td>\n<td>Ventilated plastic crates<\/td>\n<\/tr>\n<\/tbody>\n<tbody>\n<tr>\n<td>material<\/td>\n<td>food grade HDPE<\/td>\n<\/tr>\n<\/tbody>\n<tbody>\n<tr>\n<td>size<\/td>\n<td>618*415*180mm<\/td>\n<\/tr>\n<\/tbody>\n<tbody>\n<tr>\n<td>weight<\/td>\n<td>1.6kgs<\/td>\n<\/tr>\n<\/tbody>\n<tbody>\n<tr>\n<td>color<\/td>\n<td>white,blue,red<\/td>\n<\/tr>\n<\/tbody>\n<tbody>\n<tr>\n<td>custom logo<\/td>\n<td>accepted<\/td>\n<\/tr>\n<\/tbody>\n<tbody>\n<tr>\n<td>Advantages<\/td>\n<td>Plastic crates<\/td>\n<\/tr>\n<\/tbody>\n<\/table>\n<div>\n<div>\n<table>\n<tbody>\n<tr>\n<td>Qty for 20GP\/ 40HQ<\/td>\n<td>585pcs \/ 1620pcs<\/td>\n<\/tr>\n<\/tbody>\n<\/table>\n<\/div>\n<\/div>\n<p><strong>Application des caisses en plastique v\u00e9g\u00e9tal<\/strong><\/p>\n<p><img loading=\"lazy\" decoding=\"async\" class=\"alignnone size-full wp-image-6557\" src=\"https:\/\/www.vegcrates.com\/wp-content\/uploads\/2021\/06\/ventilated-plastic-crates-detail-2.png\" alt=\"ventilated plastic crates\" width=\"750\" height=\"347\" \/><\/p>\n<p><img loading=\"lazy\" decoding=\"async\" class=\"alignnone wp-image-6558 size-full\" src=\"https:\/\/www.vegcrates.com\/wp-content\/uploads\/2021\/06\/ventilated-plastic-crates-application.png\" alt=\"ventilated plastic crates application\" width=\"718\" height=\"1132\" \/><\/p>\n<p><img loading=\"lazy\" decoding=\"async\" class=\"alignnone wp-image-6528\" src=\"https:\/\/www.vegcrates.com\/wp-content\/uploads\/2021\/06\/vegetable-crates-application-2-1024x437.png\" alt=\"application de caisses \u00e0 l\u00e9gumes\" width=\"800\" height=\"341\" \/> <img loading=\"lazy\" decoding=\"async\" class=\"alignnone wp-image-6529\" src=\"https:\/\/www.vegcrates.com\/wp-content\/uploads\/2021\/06\/vegetable-crates-application-3-1024x361.png\" alt=\"application de caisses \u00e0 l\u00e9gumes\" width=\"800\" height=\"282\" \/> <img loading=\"lazy\" decoding=\"async\" class=\"alignnone wp-image-6530\" src=\"https:\/\/www.vegcrates.com\/wp-content\/uploads\/2021\/06\/vegetable-crates-application-4-1024x350.png\" alt=\"application de caisses \u00e0 l\u00e9gumes\" width=\"800\" height=\"274\" \/><\/p>\n<p>&nbsp;<\/p>\n<p>Les caisses en plastique pour l\u00e9gumes sont disponibles en plusieurs tailles et styles pour la cueillette, le traitement et l&#039;exp\u00e9dition de petits fruits et l\u00e9gumes comme les fraises ou les asperges.<\/p>\n<p><strong>Emballage et livraison<\/strong><\/p>\n<p><img loading=\"lazy\" decoding=\"async\" class=\"alignnone wp-image-6531\" src=\"https:\/\/www.vegcrates.com\/wp-content\/uploads\/2021\/06\/foldable-crates-for-groceries-delivery-1024x505.png\" alt=\"caisses pliables pour la livraison de courses\" width=\"800\" height=\"395\" \/><\/p>\n<p><strong>Caract\u00e9ristiques et avantages<\/strong><\/p>\n<ul>\n<li>Fabriqu\u00e9 \u00e0 partir de mat\u00e9riaux conformes \u00e0 la FDA<\/li>\n<li>R\u00e9siste \u00e0 l&#039;exposition au soleil et aux processus de refroidissement ; r\u00e9siste aux chocs et \u00e0 l&#039;humidit\u00e9 ; ne se fend pas, ne pourrit pas et n&#039;absorbe pas les odeurs<\/li>\n<li>Int\u00e9rieurs faciles \u00e0 nettoyer<\/li>\n<li>Empilez-les lorsqu&#039;ils sont charg\u00e9s, imbriqu\u00e9s lorsqu&#039;ils sont vides pour une efficacit\u00e9 de l&#039;espace<\/li>\n<li>Conceptions ventil\u00e9es pour un refroidissement rapide, un contr\u00f4le de la temp\u00e9rature et un drainage<\/li>\n<li>Utiliser avec des temp\u00e9ratures de -20\u02da \u00e0 120\u02da F<\/li>\n<li>Options de personnalisation et d&#039;identification disponibles<\/li>\n<li>B\u00e9n\u00e9ficie d&#039;une garantie limit\u00e9e d&#039;un an<\/li>\n<li>PEHD recyclable 100%<\/li>\n<\/ul>","protected":false},"excerpt":{"rendered":"<p>Vous pourriez \u00e9galement \u00eatre int\u00e9ress\u00e9 par <a href=\"https:\/\/www.vegcrates.com\/product-category\/collapsible-storage-crate\/\" target=\"_blank\" rel=\"noopener\">caisses pliables<\/a>,<a href=\"https:\/\/www.vegcrates.com\/product-category\/euro-containers\/\" target=\"_blank\" rel=\"noopener\">caisses euro \u00e0 vendre<\/a><\/p>","protected":false},"featured_media":7021,"template":"","meta":{"_acf_changed":false},"product_brand":[],"product_cat":[20],"product_tag":[126,127],"class_list":{"0":"post-6967","1":"product","2":"type-product","3":"status-publish","4":"has-post-thumbnail","6":"product_cat-fruit-crates","7":"product_tag-plastic-vegetable-and-fruit-crate","8":"product_tag-plastic-vegetable-basket","10":"first","11":"instock","12":"product-type-simple"},"acf":[],"yoast_head":"<!-- This site is optimized with the Yoast SEO plugin v26.1.1 - https:\/\/yoast.com\/wordpress\/plugins\/seo\/ -->\n<title>Ventilated plastic crates for shrimp | High Quality &amp; Factory Price\u200e<\/title>\n<meta name=\"description\" content=\"Professional manufacturer of Ventilated plastic crates for shrimp, Dimensions(L*W*H):618*415*180mm, Volumn:42.2L, fruit stackable produce crates for sale\" \/>\n<meta name=\"robots\" content=\"index, follow, max-snippet:-1, max-image-preview:large, max-video-preview:-1\" \/>\n<link rel=\"canonical\" href=\"https:\/\/www.plastic-crates.com\/fr\/product\/ventilated-plastic-crates-for-shrimp\/\" \/>\n<meta property=\"og:locale\" content=\"fr_FR\" \/>\n<meta property=\"og:type\" content=\"article\" \/>\n<meta property=\"og:title\" content=\"vegetable plastic crates | High Quality &amp; Factory Price\u200e\" \/>\n<meta property=\"og:description\" content=\"Professional manufacturer of Ventilated plastic crates for shrimp, Dimensions(L*W*H):618*415*180mm, Volumn:42.2L, fruit stackable produce crates for sale\" \/>\n<meta property=\"og:url\" content=\"https:\/\/www.plastic-crates.com\/fr\/product\/ventilated-plastic-crates-for-shrimp\/\" \/>\n<meta property=\"og:site_name\" content=\"plastic-crates.com\" \/>\n<meta property=\"article:modified_time\" content=\"2021-07-15T06:00:23+00:00\" \/>\n<meta property=\"og:image\" content=\"https:\/\/www.plastic-crates.com\/wp-content\/uploads\/2021\/07\/ventilated-plastic-crates-5.png\" \/>\n\t<meta property=\"og:image:width\" content=\"750\" \/>\n\t<meta property=\"og:image:height\" content=\"750\" \/>\n\t<meta property=\"og:image:type\" content=\"image\/png\" \/>\n<meta name=\"twitter:card\" content=\"summary_large_image\" \/>\n<meta name=\"twitter:title\" content=\"vegetable plastic crates | High Quality &amp; Factory Price\u200e\" \/>\n<meta name=\"twitter:label1\" content=\"Dur\u00e9e de lecture estim\u00e9e\" \/>\n\t<meta name=\"twitter:data1\" content=\"3 minutes\" \/>\n<script type=\"application\/ld+json\" class=\"yoast-schema-graph\">{\"@context\":\"https:\/\/schema.org\",\"@graph\":[{\"@type\":\"WebPage\",\"@id\":\"https:\/\/www.plastic-crates.com\/product\/ventilated-plastic-crates-for-shrimp\/\",\"url\":\"https:\/\/www.plastic-crates.com\/product\/ventilated-plastic-crates-for-shrimp\/\",\"name\":\"Ventilated plastic crates for shrimp | High Quality &amp; Factory Price\u200e\",\"isPartOf\":{\"@id\":\"https:\/\/www.plastic-crates.com\/#website\"},\"primaryImageOfPage\":{\"@id\":\"https:\/\/www.plastic-crates.com\/product\/ventilated-plastic-crates-for-shrimp\/#primaryimage\"},\"image\":{\"@id\":\"https:\/\/www.plastic-crates.com\/product\/ventilated-plastic-crates-for-shrimp\/#primaryimage\"},\"thumbnailUrl\":\"https:\/\/www.plastic-crates.com\/wp-content\/uploads\/2021\/07\/ventilated-plastic-crates-5.png\",\"datePublished\":\"2021-07-15T05:53:44+00:00\",\"dateModified\":\"2021-07-15T06:00:23+00:00\",\"description\":\"Professional manufacturer of Ventilated plastic crates for shrimp, Dimensions(L*W*H):618*415*180mm, Volumn:42.2L, fruit stackable produce crates for sale\",\"breadcrumb\":{\"@id\":\"https:\/\/www.plastic-crates.com\/product\/ventilated-plastic-crates-for-shrimp\/#breadcrumb\"},\"inLanguage\":\"fr-FR\",\"potentialAction\":[{\"@type\":\"ReadAction\",\"target\":[\"https:\/\/www.plastic-crates.com\/product\/ventilated-plastic-crates-for-shrimp\/\"]}]},{\"@type\":\"ImageObject\",\"inLanguage\":\"fr-FR\",\"@id\":\"https:\/\/www.plastic-crates.com\/product\/ventilated-plastic-crates-for-shrimp\/#primaryimage\",\"url\":\"https:\/\/www.plastic-crates.com\/wp-content\/uploads\/2021\/07\/ventilated-plastic-crates-5.png\",\"contentUrl\":\"https:\/\/www.plastic-crates.com\/wp-content\/uploads\/2021\/07\/ventilated-plastic-crates-5.png\",\"width\":750,\"height\":750},{\"@type\":\"BreadcrumbList\",\"@id\":\"https:\/\/www.plastic-crates.com\/product\/ventilated-plastic-crates-for-shrimp\/#breadcrumb\",\"itemListElement\":[{\"@type\":\"ListItem\",\"position\":1,\"name\":\"Home\",\"item\":\"https:\/\/www.plastic-crates.com\/\"},{\"@type\":\"ListItem\",\"position\":2,\"name\":\"Products\",\"item\":\"https:\/\/www.plastic-crates.com\/shop\/\"},{\"@type\":\"ListItem\",\"position\":3,\"name\":\"Ventilated plastic crates for shrimp\"}]},{\"@type\":\"WebSite\",\"@id\":\"https:\/\/www.plastic-crates.com\/#website\",\"url\":\"https:\/\/www.plastic-crates.com\/\",\"name\":\"plastic-crates.com\",\"description\":\"Leading plastic crates manufacturer in China\",\"potentialAction\":[{\"@type\":\"SearchAction\",\"target\":{\"@type\":\"EntryPoint\",\"urlTemplate\":\"https:\/\/www.plastic-crates.com\/?s={search_term_string}\"},\"query-input\":{\"@type\":\"PropertyValueSpecification\",\"valueRequired\":true,\"valueName\":\"search_term_string\"}}],\"inLanguage\":\"fr-FR\"}]}<\/script>\n<!-- \/ Yoast SEO plugin. -->","yoast_head_json":{"title":"Ventilated plastic crates for shrimp | High Quality &amp; Factory Price\u200e","description":"Professional manufacturer of Ventilated plastic crates for shrimp, Dimensions(L*W*H):618*415*180mm, Volumn:42.2L, fruit stackable produce crates for sale","robots":{"index":"index","follow":"follow","max-snippet":"max-snippet:-1","max-image-preview":"max-image-preview:large","max-video-preview":"max-video-preview:-1"},"canonical":"https:\/\/www.plastic-crates.com\/fr\/product\/ventilated-plastic-crates-for-shrimp\/","og_locale":"fr_FR","og_type":"article","og_title":"vegetable plastic crates | High Quality &amp; Factory Price\u200e","og_description":"Professional manufacturer of Ventilated plastic crates for shrimp, Dimensions(L*W*H):618*415*180mm, Volumn:42.2L, fruit stackable produce crates for sale","og_url":"https:\/\/www.plastic-crates.com\/fr\/product\/ventilated-plastic-crates-for-shrimp\/","og_site_name":"plastic-crates.com","article_modified_time":"2021-07-15T06:00:23+00:00","og_image":[{"width":750,"height":750,"url":"https:\/\/www.plastic-crates.com\/wp-content\/uploads\/2021\/07\/ventilated-plastic-crates-5.png","type":"image\/png"}],"twitter_card":"summary_large_image","twitter_title":"vegetable plastic crates | High Quality &amp; Factory Price\u200e","twitter_misc":{"Dur\u00e9e de lecture estim\u00e9e":"3 minutes"},"schema":{"@context":"https:\/\/schema.org","@graph":[{"@type":"WebPage","@id":"https:\/\/www.plastic-crates.com\/product\/ventilated-plastic-crates-for-shrimp\/","url":"https:\/\/www.plastic-crates.com\/product\/ventilated-plastic-crates-for-shrimp\/","name":"Ventilated plastic crates for shrimp | High Quality &amp; Factory Price\u200e","isPartOf":{"@id":"https:\/\/www.plastic-crates.com\/#website"},"primaryImageOfPage":{"@id":"https:\/\/www.plastic-crates.com\/product\/ventilated-plastic-crates-for-shrimp\/#primaryimage"},"image":{"@id":"https:\/\/www.plastic-crates.com\/product\/ventilated-plastic-crates-for-shrimp\/#primaryimage"},"thumbnailUrl":"https:\/\/www.plastic-crates.com\/wp-content\/uploads\/2021\/07\/ventilated-plastic-crates-5.png","datePublished":"2021-07-15T05:53:44+00:00","dateModified":"2021-07-15T06:00:23+00:00","description":"Professional manufacturer of Ventilated plastic crates for shrimp, Dimensions(L*W*H):618*415*180mm, Volumn:42.2L, fruit stackable produce crates for sale","breadcrumb":{"@id":"https:\/\/www.plastic-crates.com\/product\/ventilated-plastic-crates-for-shrimp\/#breadcrumb"},"inLanguage":"fr-FR","potentialAction":[{"@type":"ReadAction","target":["https:\/\/www.plastic-crates.com\/product\/ventilated-plastic-crates-for-shrimp\/"]}]},{"@type":"ImageObject","inLanguage":"fr-FR","@id":"https:\/\/www.plastic-crates.com\/product\/ventilated-plastic-crates-for-shrimp\/#primaryimage","url":"https:\/\/www.plastic-crates.com\/wp-content\/uploads\/2021\/07\/ventilated-plastic-crates-5.png","contentUrl":"https:\/\/www.plastic-crates.com\/wp-content\/uploads\/2021\/07\/ventilated-plastic-crates-5.png","width":750,"height":750},{"@type":"BreadcrumbList","@id":"https:\/\/www.plastic-crates.com\/product\/ventilated-plastic-crates-for-shrimp\/#breadcrumb","itemListElement":[{"@type":"ListItem","position":1,"name":"Home","item":"https:\/\/www.plastic-crates.com\/"},{"@type":"ListItem","position":2,"name":"Products","item":"https:\/\/www.plastic-crates.com\/shop\/"},{"@type":"ListItem","position":3,"name":"Ventilated plastic crates for shrimp"}]},{"@type":"WebSite","@id":"https:\/\/www.plastic-crates.com\/#website","url":"https:\/\/www.plastic-crates.com\/","name":"plastic-crates.com","description":"Fabricant leader de caisses en plastique en Chine","potentialAction":[{"@type":"SearchAction","target":{"@type":"EntryPoint","urlTemplate":"https:\/\/www.plastic-crates.com\/?s={search_term_string}"},"query-input":{"@type":"PropertyValueSpecification","valueRequired":true,"valueName":"search_term_string"}}],"inLanguage":"fr-FR"}]}},"_links":{"self":[{"href":"https:\/\/www.plastic-crates.com\/fr\/wp-json\/wp\/v2\/product\/6967","targetHints":{"allow":["GET"]}}],"collection":[{"href":"https:\/\/www.plastic-crates.com\/fr\/wp-json\/wp\/v2\/product"}],"about":[{"href":"https:\/\/www.plastic-crates.com\/fr\/wp-json\/wp\/v2\/types\/product"}],"wp:featuredmedia":[{"embeddable":true,"href":"https:\/\/www.plastic-crates.com\/fr\/wp-json\/wp\/v2\/media\/7021"}],"wp:attachment":[{"href":"https:\/\/www.plastic-crates.com\/fr\/wp-json\/wp\/v2\/media?parent=6967"}],"wp:term":[{"taxonomy":"product_brand","embeddable":true,"href":"https:\/\/www.plastic-crates.com\/fr\/wp-json\/wp\/v2\/product_brand?post=6967"},{"taxonomy":"product_cat","embeddable":true,"href":"https:\/\/www.plastic-crates.com\/fr\/wp-json\/wp\/v2\/product_cat?post=6967"},{"taxonomy":"product_tag","embeddable":true,"href":"https:\/\/www.plastic-crates.com\/fr\/wp-json\/wp\/v2\/product_tag?post=6967"}],"curies":[{"name":"wp","href":"https:\/\/api.w.org\/{rel}","templated":true}]}}