{"id":7134,"date":"2022-03-29T02:36:41","date_gmt":"2022-03-29T02:36:41","guid":{"rendered":"https:\/\/www.plastic-crates.com\/?post_type=product&#038;p=7134"},"modified":"2022-03-29T03:20:12","modified_gmt":"2022-03-29T03:20:12","slug":"conteneurs-euro-auer-st-a","status":"publish","type":"product","link":"https:\/\/www.plastic-crates.com\/fr\/product\/conteneurs-euro-auer-st-a\/","title":{"rendered":"Conteneurs AUER Euro-ST-A"},"content":{"rendered":"<p>Les bacs Euro AUER en plastique robuste sont dot\u00e9s d&#039;angles renforc\u00e9s, ce qui leur permet de supporter les charges les plus lourdes et d&#039;offrir une r\u00e9sistance et une durabilit\u00e9 accrues. Ils sont couramment utilis\u00e9s dans l&#039;industrie automobile, la restauration (qualit\u00e9 alimentaire), la m\u00e9canique (conteneurs antistatiques pour la protection des composants \u00e9lectriques), les bars et les restaurants.<\/p>","protected":false},"excerpt":{"rendered":"<div><a href=\"https:\/\/www.plastic-crates.com\/fr\/product-category\/conteneurs-empilables\/\" target=\"_blank\" rel=\"noopener noreferrer\">bacs de rangement en plastique empilables<\/a>,<a href=\"https:\/\/www.plastic-crates.com\/fr\/product-category\/sacs-fourre-tout-avec-couvercles\/\" target=\"_blank\" rel=\"noopener noreferrer\">conteneurs de stockage en plastique \u00e0 vendre<\/a>,<a href=\"https:\/\/www.plastic-crates.com\/fr\/product-category\/bacs-de-stockage-de-pieces\/\" target=\"_blank\" rel=\"noopener noreferrer\">bacs \u00e0 pi\u00e8ces en plastique<\/a>,<a href=\"https:\/\/www.plastic-crates.com\/fr\/product-category\/boite-pliable\/\" target=\"_blank\" rel=\"noopener noreferrer\">caisses pliantes<\/a>,<a href=\"https:\/\/www.plastic-crates.com\/fr\/product-category\/conteneur-palette\/\" target=\"_blank\" rel=\"noopener noreferrer\">bo\u00eetes en plastique en vrac<\/a><\/div>","protected":false},"featured_media":7140,"template":"","meta":{"_acf_changed":false},"product_brand":[],"product_cat":[15],"product_tag":[109],"class_list":{"0":"post-7134","1":"product","2":"type-product","3":"status-publish","4":"has-post-thumbnail","6":"product_cat-stackable-containers","7":"product_tag-stacking-crate","9":"first","10":"instock","11":"product-type-simple"},"acf":[],"yoast_head":"<!-- This site is optimized with the Yoast SEO plugin v26.1.1 - https:\/\/yoast.com\/wordpress\/plugins\/seo\/ -->\n<title>AUER Euro containers wholesale &amp; Factory Price<\/title>\n<meta name=\"description\" content=\"Wholesale AUER Euro containers, euro stackable plastic containers supplier, Dimensions(L*W*H):300 * 200 * 148 mm, Volume: 5.4L, bale arm container for sale\" \/>\n<meta name=\"robots\" content=\"index, follow, max-snippet:-1, max-image-preview:large, max-video-preview:-1\" \/>\n<link rel=\"canonical\" href=\"https:\/\/www.plastic-crates.com\/fr\/product\/conteneurs-euro-auer-st-a\/\" \/>\n<meta property=\"og:locale\" content=\"fr_FR\" \/>\n<meta property=\"og:type\" content=\"article\" \/>\n<meta property=\"og:title\" content=\"bale arm container\" \/>\n<meta property=\"og:description\" content=\"Wholesale AUER Euro containers, euro stackable plastic containers supplier, Dimensions(L*W*H):300 * 200 * 148 mm, Volume: 5.4L, bale arm container for sale\" \/>\n<meta property=\"og:url\" content=\"https:\/\/www.plastic-crates.com\/fr\/product\/conteneurs-euro-auer-st-a\/\" \/>\n<meta property=\"og:site_name\" content=\"plastic-crates.com\" \/>\n<meta property=\"article:modified_time\" content=\"2022-03-29T03:20:12+00:00\" \/>\n<meta property=\"og:image\" content=\"https:\/\/www.plastic-crates.com\/wp-content\/uploads\/2022\/03\/AUER-Euro-containers-1.jpg\" \/>\n\t<meta property=\"og:image:width\" content=\"700\" \/>\n\t<meta property=\"og:image:height\" content=\"700\" \/>\n\t<meta property=\"og:image:type\" content=\"image\/jpeg\" \/>\n<meta name=\"twitter:card\" content=\"summary_large_image\" \/>\n<meta name=\"twitter:title\" content=\"bale arm container\" \/>\n<meta name=\"twitter:label1\" content=\"Dur\u00e9e de lecture estim\u00e9e\" \/>\n\t<meta name=\"twitter:data1\" content=\"1 minute\" \/>\n<script type=\"application\/ld+json\" class=\"yoast-schema-graph\">{\"@context\":\"https:\/\/schema.org\",\"@graph\":[{\"@type\":\"WebPage\",\"@id\":\"https:\/\/www.plastic-crates.com\/product\/auer-euro-containers-st-a\/\",\"url\":\"https:\/\/www.plastic-crates.com\/product\/auer-euro-containers-st-a\/\",\"name\":\"AUER Euro containers wholesale & Factory Price\",\"isPartOf\":{\"@id\":\"https:\/\/www.plastic-crates.com\/#website\"},\"primaryImageOfPage\":{\"@id\":\"https:\/\/www.plastic-crates.com\/product\/auer-euro-containers-st-a\/#primaryimage\"},\"image\":{\"@id\":\"https:\/\/www.plastic-crates.com\/product\/auer-euro-containers-st-a\/#primaryimage\"},\"thumbnailUrl\":\"https:\/\/www.plastic-crates.com\/wp-content\/uploads\/2022\/03\/AUER-Euro-containers-1.jpg\",\"datePublished\":\"2022-03-29T02:36:41+00:00\",\"dateModified\":\"2022-03-29T03:20:12+00:00\",\"description\":\"Wholesale AUER Euro containers, euro stackable plastic containers supplier, Dimensions(L*W*H):300 * 200 * 148 mm, Volume: 5.4L, bale arm container for sale\",\"breadcrumb\":{\"@id\":\"https:\/\/www.plastic-crates.com\/product\/auer-euro-containers-st-a\/#breadcrumb\"},\"inLanguage\":\"fr-FR\",\"potentialAction\":[{\"@type\":\"ReadAction\",\"target\":[\"https:\/\/www.plastic-crates.com\/product\/auer-euro-containers-st-a\/\"]}]},{\"@type\":\"ImageObject\",\"inLanguage\":\"fr-FR\",\"@id\":\"https:\/\/www.plastic-crates.com\/product\/auer-euro-containers-st-a\/#primaryimage\",\"url\":\"https:\/\/www.plastic-crates.com\/wp-content\/uploads\/2022\/03\/AUER-Euro-containers-1.jpg\",\"contentUrl\":\"https:\/\/www.plastic-crates.com\/wp-content\/uploads\/2022\/03\/AUER-Euro-containers-1.jpg\",\"width\":700,\"height\":700,\"caption\":\"AUER Euro containers\"},{\"@type\":\"BreadcrumbList\",\"@id\":\"https:\/\/www.plastic-crates.com\/product\/auer-euro-containers-st-a\/#breadcrumb\",\"itemListElement\":[{\"@type\":\"ListItem\",\"position\":1,\"name\":\"Home\",\"item\":\"https:\/\/www.plastic-crates.com\/\"},{\"@type\":\"ListItem\",\"position\":2,\"name\":\"Products\",\"item\":\"https:\/\/www.plastic-crates.com\/shop\/\"},{\"@type\":\"ListItem\",\"position\":3,\"name\":\"AUER Euro containers-ST-A\"}]},{\"@type\":\"WebSite\",\"@id\":\"https:\/\/www.plastic-crates.com\/#website\",\"url\":\"https:\/\/www.plastic-crates.com\/\",\"name\":\"plastic-crates.com\",\"description\":\"Leading plastic crates manufacturer in China\",\"potentialAction\":[{\"@type\":\"SearchAction\",\"target\":{\"@type\":\"EntryPoint\",\"urlTemplate\":\"https:\/\/www.plastic-crates.com\/?s={search_term_string}\"},\"query-input\":{\"@type\":\"PropertyValueSpecification\",\"valueRequired\":true,\"valueName\":\"search_term_string\"}}],\"inLanguage\":\"fr-FR\"}]}<\/script>\n<!-- \/ Yoast SEO plugin. -->","yoast_head_json":{"title":"Conteneurs AUER Euro en gros et prix d&#039;usine","description":"Conteneurs Euro AUER en gros, fournisseur de conteneurs en plastique empilables Euro, dimensions (L * l * H) : 300 * 200 * 148 mm, volume : 5,4 L, conteneur \u00e0 bras de balle \u00e0 vendre","robots":{"index":"index","follow":"follow","max-snippet":"max-snippet:-1","max-image-preview":"max-image-preview:large","max-video-preview":"max-video-preview:-1"},"canonical":"https:\/\/www.plastic-crates.com\/fr\/product\/conteneurs-euro-auer-st-a\/","og_locale":"fr_FR","og_type":"article","og_title":"bale arm container","og_description":"Wholesale AUER Euro containers, euro stackable plastic containers supplier, Dimensions(L*W*H):300 * 200 * 148 mm, Volume: 5.4L, bale arm container for sale","og_url":"https:\/\/www.plastic-crates.com\/fr\/product\/conteneurs-euro-auer-st-a\/","og_site_name":"plastic-crates.com","article_modified_time":"2022-03-29T03:20:12+00:00","og_image":[{"width":700,"height":700,"url":"https:\/\/www.plastic-crates.com\/wp-content\/uploads\/2022\/03\/AUER-Euro-containers-1.jpg","type":"image\/jpeg"}],"twitter_card":"summary_large_image","twitter_title":"bale arm container","twitter_misc":{"Dur\u00e9e de lecture estim\u00e9e":"1 minute"},"schema":{"@context":"https:\/\/schema.org","@graph":[{"@type":"WebPage","@id":"https:\/\/www.plastic-crates.com\/product\/auer-euro-containers-st-a\/","url":"https:\/\/www.plastic-crates.com\/product\/auer-euro-containers-st-a\/","name":"Conteneurs AUER Euro en gros et prix d&#039;usine","isPartOf":{"@id":"https:\/\/www.plastic-crates.com\/#website"},"primaryImageOfPage":{"@id":"https:\/\/www.plastic-crates.com\/product\/auer-euro-containers-st-a\/#primaryimage"},"image":{"@id":"https:\/\/www.plastic-crates.com\/product\/auer-euro-containers-st-a\/#primaryimage"},"thumbnailUrl":"https:\/\/www.plastic-crates.com\/wp-content\/uploads\/2022\/03\/AUER-Euro-containers-1.jpg","datePublished":"2022-03-29T02:36:41+00:00","dateModified":"2022-03-29T03:20:12+00:00","description":"Conteneurs Euro AUER en gros, fournisseur de conteneurs en plastique empilables Euro, dimensions (L * l * H) : 300 * 200 * 148 mm, volume : 5,4 L, conteneur \u00e0 bras de balle \u00e0 vendre","breadcrumb":{"@id":"https:\/\/www.plastic-crates.com\/product\/auer-euro-containers-st-a\/#breadcrumb"},"inLanguage":"fr-FR","potentialAction":[{"@type":"ReadAction","target":["https:\/\/www.plastic-crates.com\/product\/auer-euro-containers-st-a\/"]}]},{"@type":"ImageObject","inLanguage":"fr-FR","@id":"https:\/\/www.plastic-crates.com\/product\/auer-euro-containers-st-a\/#primaryimage","url":"https:\/\/www.plastic-crates.com\/wp-content\/uploads\/2022\/03\/AUER-Euro-containers-1.jpg","contentUrl":"https:\/\/www.plastic-crates.com\/wp-content\/uploads\/2022\/03\/AUER-Euro-containers-1.jpg","width":700,"height":700,"caption":"AUER Euro containers"},{"@type":"BreadcrumbList","@id":"https:\/\/www.plastic-crates.com\/product\/auer-euro-containers-st-a\/#breadcrumb","itemListElement":[{"@type":"ListItem","position":1,"name":"Home","item":"https:\/\/www.plastic-crates.com\/"},{"@type":"ListItem","position":2,"name":"Products","item":"https:\/\/www.plastic-crates.com\/shop\/"},{"@type":"ListItem","position":3,"name":"AUER Euro containers-ST-A"}]},{"@type":"WebSite","@id":"https:\/\/www.plastic-crates.com\/#website","url":"https:\/\/www.plastic-crates.com\/","name":"plastic-crates.com","description":"Fabricant leader de caisses en plastique en Chine","potentialAction":[{"@type":"SearchAction","target":{"@type":"EntryPoint","urlTemplate":"https:\/\/www.plastic-crates.com\/?s={search_term_string}"},"query-input":{"@type":"PropertyValueSpecification","valueRequired":true,"valueName":"search_term_string"}}],"inLanguage":"fr-FR"}]}},"_links":{"self":[{"href":"https:\/\/www.plastic-crates.com\/fr\/wp-json\/wp\/v2\/product\/7134","targetHints":{"allow":["GET"]}}],"collection":[{"href":"https:\/\/www.plastic-crates.com\/fr\/wp-json\/wp\/v2\/product"}],"about":[{"href":"https:\/\/www.plastic-crates.com\/fr\/wp-json\/wp\/v2\/types\/product"}],"wp:featuredmedia":[{"embeddable":true,"href":"https:\/\/www.plastic-crates.com\/fr\/wp-json\/wp\/v2\/media\/7140"}],"wp:attachment":[{"href":"https:\/\/www.plastic-crates.com\/fr\/wp-json\/wp\/v2\/media?parent=7134"}],"wp:term":[{"taxonomy":"product_brand","embeddable":true,"href":"https:\/\/www.plastic-crates.com\/fr\/wp-json\/wp\/v2\/product_brand?post=7134"},{"taxonomy":"product_cat","embeddable":true,"href":"https:\/\/www.plastic-crates.com\/fr\/wp-json\/wp\/v2\/product_cat?post=7134"},{"taxonomy":"product_tag","embeddable":true,"href":"https:\/\/www.plastic-crates.com\/fr\/wp-json\/wp\/v2\/product_tag?post=7134"}],"curies":[{"name":"wp","href":"https:\/\/api.w.org\/{rel}","templated":true}]}}