{"id":7151,"date":"2022-04-15T03:43:13","date_gmt":"2022-04-15T03:43:13","guid":{"rendered":"https:\/\/www.plastic-crates.com\/?post_type=product&#038;p=7151"},"modified":"2022-04-15T03:54:04","modified_gmt":"2022-04-15T03:54:04","slug":"conteneurs-euro-avec-couvercle-a-charniere-st-f","status":"publish","type":"product","link":"https:\/\/www.plastic-crates.com\/fr\/product\/conteneurs-euro-avec-couvercle-a-charniere-st-f\/","title":{"rendered":"Conteneurs Euro avec couvercle \u00e0 charni\u00e8re-ST-F"},"content":{"rendered":"<p>Conteneurs euro en gros avec couvercle \u00e0 charni\u00e8re. Nos bacs empilables euro sont dot\u00e9s de coins renforc\u00e9s, ce qui leur permet de supporter les charges les plus lourdes et d&#039;offrir une r\u00e9sistance et une durabilit\u00e9 accrues. Des poign\u00e9es sur les deux c\u00f4t\u00e9s facilitent la manipulation et le transport. Ils peuvent \u00eatre personnalis\u00e9s selon vos besoins\u00a0: couvercles, charni\u00e8res, s\u00e9parateurs int\u00e9rieurs, impression personnalis\u00e9e et fermoirs de verrouillage.<\/p>\n<p>&nbsp;<\/p>\n<p><a href=\"https:\/\/www.plastic-crates.com\/fr\/product-category\/bacs-de-stockage-de-pieces\/\" target=\"_blank\" rel=\"noopener noreferrer\">bac \u00e0 pi\u00e8ces<\/a>,<a href=\"https:\/\/www.plastic-crates.com\/fr\/product-category\/conteneur-palette\/\" target=\"_blank\" rel=\"noopener noreferrer\">conteneurs de stockage en vrac en plastique<\/a>, <a href=\"https:\/\/www.plastic-crate.co.uk\/product-category\/plastic-trays\/\" target=\"_blank\" rel=\"noopener\">plateaux en plastique<\/a><\/p>","protected":false},"excerpt":{"rendered":"<div><a href=\"https:\/\/www.plastic-crates.com\/fr\/product-category\/conteneurs-empilables\/\" target=\"_blank\" rel=\"noopener noreferrer\">bacs de rangement empilables en plastique<\/a>,<a href=\"https:\/\/www.plastic-crates.com\/fr\/product-category\/boite-pliable\/\" target=\"_blank\" rel=\"noopener noreferrer\">conteneurs en plastique pliables<\/a><\/div>","protected":false},"featured_media":7154,"template":"","meta":{"_acf_changed":false},"product_brand":[],"product_cat":[15],"product_tag":[111,109],"class_list":{"0":"post-7151","1":"product","2":"type-product","3":"status-publish","4":"has-post-thumbnail","6":"product_cat-stackable-containers","7":"product_tag-stackable-bin","8":"product_tag-stacking-crate","10":"first","11":"instock","12":"product-type-simple"},"acf":[],"yoast_head":"<!-- This site is optimized with the Yoast SEO plugin v26.1.1 - https:\/\/yoast.com\/wordpress\/plugins\/seo\/ -->\n<title>euro containers with hinged lid wholesale &amp; Factory Price<\/title>\n<meta name=\"description\" content=\"Wholesale euro containers with hinged lid, Dimensions(L*W*H):450 * 450 * 330 mm, Volume: 52L, euro containers with hinged lid for sale\" \/>\n<meta name=\"robots\" content=\"index, follow, max-snippet:-1, max-image-preview:large, max-video-preview:-1\" \/>\n<link rel=\"canonical\" href=\"https:\/\/www.plastic-crates.com\/fr\/product\/conteneurs-euro-avec-couvercle-a-charniere-st-f\/\" \/>\n<meta property=\"og:locale\" content=\"fr_FR\" \/>\n<meta property=\"og:type\" content=\"article\" \/>\n<meta property=\"og:title\" content=\"pe milk crate\" \/>\n<meta property=\"og:description\" content=\"Wholesale euro containers with hinged lid, Dimensions(L*W*H):450 * 450 * 330 mm, Volume: 52L, euro containers with hinged lid for sale\" \/>\n<meta property=\"og:url\" content=\"https:\/\/www.plastic-crates.com\/fr\/product\/conteneurs-euro-avec-couvercle-a-charniere-st-f\/\" \/>\n<meta property=\"og:site_name\" content=\"plastic-crates.com\" \/>\n<meta property=\"article:modified_time\" content=\"2022-04-15T03:54:04+00:00\" \/>\n<meta property=\"og:image\" content=\"https:\/\/www.plastic-crates.com\/wp-content\/uploads\/2022\/04\/euro-containers-with-hinged-lid-4.jpg\" \/>\n\t<meta property=\"og:image:width\" content=\"700\" \/>\n\t<meta property=\"og:image:height\" content=\"700\" \/>\n\t<meta property=\"og:image:type\" content=\"image\/jpeg\" \/>\n<meta name=\"twitter:card\" content=\"summary_large_image\" \/>\n<meta name=\"twitter:title\" content=\"pe milk crate\" \/>\n<script type=\"application\/ld+json\" class=\"yoast-schema-graph\">{\"@context\":\"https:\/\/schema.org\",\"@graph\":[{\"@type\":\"WebPage\",\"@id\":\"https:\/\/www.plastic-crates.com\/product\/euro-containers-with-hinged-lid-st-f\/\",\"url\":\"https:\/\/www.plastic-crates.com\/product\/euro-containers-with-hinged-lid-st-f\/\",\"name\":\"euro containers with hinged lid wholesale & Factory Price\",\"isPartOf\":{\"@id\":\"https:\/\/www.plastic-crates.com\/#website\"},\"primaryImageOfPage\":{\"@id\":\"https:\/\/www.plastic-crates.com\/product\/euro-containers-with-hinged-lid-st-f\/#primaryimage\"},\"image\":{\"@id\":\"https:\/\/www.plastic-crates.com\/product\/euro-containers-with-hinged-lid-st-f\/#primaryimage\"},\"thumbnailUrl\":\"https:\/\/www.plastic-crates.com\/wp-content\/uploads\/2022\/04\/euro-containers-with-hinged-lid-4.jpg\",\"datePublished\":\"2022-04-15T03:43:13+00:00\",\"dateModified\":\"2022-04-15T03:54:04+00:00\",\"description\":\"Wholesale euro containers with hinged lid, Dimensions(L*W*H):450 * 450 * 330 mm, Volume: 52L, euro containers with hinged lid for sale\",\"breadcrumb\":{\"@id\":\"https:\/\/www.plastic-crates.com\/product\/euro-containers-with-hinged-lid-st-f\/#breadcrumb\"},\"inLanguage\":\"fr-FR\",\"potentialAction\":[{\"@type\":\"ReadAction\",\"target\":[\"https:\/\/www.plastic-crates.com\/product\/euro-containers-with-hinged-lid-st-f\/\"]}]},{\"@type\":\"ImageObject\",\"inLanguage\":\"fr-FR\",\"@id\":\"https:\/\/www.plastic-crates.com\/product\/euro-containers-with-hinged-lid-st-f\/#primaryimage\",\"url\":\"https:\/\/www.plastic-crates.com\/wp-content\/uploads\/2022\/04\/euro-containers-with-hinged-lid-4.jpg\",\"contentUrl\":\"https:\/\/www.plastic-crates.com\/wp-content\/uploads\/2022\/04\/euro-containers-with-hinged-lid-4.jpg\",\"width\":700,\"height\":700,\"caption\":\"euro containers with hinged lid\"},{\"@type\":\"BreadcrumbList\",\"@id\":\"https:\/\/www.plastic-crates.com\/product\/euro-containers-with-hinged-lid-st-f\/#breadcrumb\",\"itemListElement\":[{\"@type\":\"ListItem\",\"position\":1,\"name\":\"Home\",\"item\":\"https:\/\/www.plastic-crates.com\/\"},{\"@type\":\"ListItem\",\"position\":2,\"name\":\"Products\",\"item\":\"https:\/\/www.plastic-crates.com\/shop\/\"},{\"@type\":\"ListItem\",\"position\":3,\"name\":\"Euro containers with hinged lid-ST-F\"}]},{\"@type\":\"WebSite\",\"@id\":\"https:\/\/www.plastic-crates.com\/#website\",\"url\":\"https:\/\/www.plastic-crates.com\/\",\"name\":\"plastic-crates.com\",\"description\":\"Leading plastic crates manufacturer in China\",\"potentialAction\":[{\"@type\":\"SearchAction\",\"target\":{\"@type\":\"EntryPoint\",\"urlTemplate\":\"https:\/\/www.plastic-crates.com\/?s={search_term_string}\"},\"query-input\":{\"@type\":\"PropertyValueSpecification\",\"valueRequired\":true,\"valueName\":\"search_term_string\"}}],\"inLanguage\":\"fr-FR\"}]}<\/script>\n<!-- \/ Yoast SEO plugin. -->","yoast_head_json":{"title":"Conteneurs euro avec couvercle \u00e0 charni\u00e8re, vente en gros et prix d&#039;usine","description":"Conteneurs euro en gros avec couvercle \u00e0 charni\u00e8re, Dimensions (L * l * H) : 450 * 450 * 330 mm, Volume : 52 L, conteneurs euro avec couvercle \u00e0 charni\u00e8re \u00e0 vendre","robots":{"index":"index","follow":"follow","max-snippet":"max-snippet:-1","max-image-preview":"max-image-preview:large","max-video-preview":"max-video-preview:-1"},"canonical":"https:\/\/www.plastic-crates.com\/fr\/product\/conteneurs-euro-avec-couvercle-a-charniere-st-f\/","og_locale":"fr_FR","og_type":"article","og_title":"pe milk crate","og_description":"Wholesale euro containers with hinged lid, Dimensions(L*W*H):450 * 450 * 330 mm, Volume: 52L, euro containers with hinged lid for sale","og_url":"https:\/\/www.plastic-crates.com\/fr\/product\/conteneurs-euro-avec-couvercle-a-charniere-st-f\/","og_site_name":"plastic-crates.com","article_modified_time":"2022-04-15T03:54:04+00:00","og_image":[{"width":700,"height":700,"url":"https:\/\/www.plastic-crates.com\/wp-content\/uploads\/2022\/04\/euro-containers-with-hinged-lid-4.jpg","type":"image\/jpeg"}],"twitter_card":"summary_large_image","twitter_title":"pe milk crate","schema":{"@context":"https:\/\/schema.org","@graph":[{"@type":"WebPage","@id":"https:\/\/www.plastic-crates.com\/product\/euro-containers-with-hinged-lid-st-f\/","url":"https:\/\/www.plastic-crates.com\/product\/euro-containers-with-hinged-lid-st-f\/","name":"Conteneurs euro avec couvercle \u00e0 charni\u00e8re, vente en gros et prix d&#039;usine","isPartOf":{"@id":"https:\/\/www.plastic-crates.com\/#website"},"primaryImageOfPage":{"@id":"https:\/\/www.plastic-crates.com\/product\/euro-containers-with-hinged-lid-st-f\/#primaryimage"},"image":{"@id":"https:\/\/www.plastic-crates.com\/product\/euro-containers-with-hinged-lid-st-f\/#primaryimage"},"thumbnailUrl":"https:\/\/www.plastic-crates.com\/wp-content\/uploads\/2022\/04\/euro-containers-with-hinged-lid-4.jpg","datePublished":"2022-04-15T03:43:13+00:00","dateModified":"2022-04-15T03:54:04+00:00","description":"Conteneurs euro en gros avec couvercle \u00e0 charni\u00e8re, Dimensions (L * l * H) : 450 * 450 * 330 mm, Volume : 52 L, conteneurs euro avec couvercle \u00e0 charni\u00e8re \u00e0 vendre","breadcrumb":{"@id":"https:\/\/www.plastic-crates.com\/product\/euro-containers-with-hinged-lid-st-f\/#breadcrumb"},"inLanguage":"fr-FR","potentialAction":[{"@type":"ReadAction","target":["https:\/\/www.plastic-crates.com\/product\/euro-containers-with-hinged-lid-st-f\/"]}]},{"@type":"ImageObject","inLanguage":"fr-FR","@id":"https:\/\/www.plastic-crates.com\/product\/euro-containers-with-hinged-lid-st-f\/#primaryimage","url":"https:\/\/www.plastic-crates.com\/wp-content\/uploads\/2022\/04\/euro-containers-with-hinged-lid-4.jpg","contentUrl":"https:\/\/www.plastic-crates.com\/wp-content\/uploads\/2022\/04\/euro-containers-with-hinged-lid-4.jpg","width":700,"height":700,"caption":"euro containers with hinged lid"},{"@type":"BreadcrumbList","@id":"https:\/\/www.plastic-crates.com\/product\/euro-containers-with-hinged-lid-st-f\/#breadcrumb","itemListElement":[{"@type":"ListItem","position":1,"name":"Home","item":"https:\/\/www.plastic-crates.com\/"},{"@type":"ListItem","position":2,"name":"Products","item":"https:\/\/www.plastic-crates.com\/shop\/"},{"@type":"ListItem","position":3,"name":"Euro containers with hinged lid-ST-F"}]},{"@type":"WebSite","@id":"https:\/\/www.plastic-crates.com\/#website","url":"https:\/\/www.plastic-crates.com\/","name":"plastic-crates.com","description":"Fabricant leader de caisses en plastique en Chine","potentialAction":[{"@type":"SearchAction","target":{"@type":"EntryPoint","urlTemplate":"https:\/\/www.plastic-crates.com\/?s={search_term_string}"},"query-input":{"@type":"PropertyValueSpecification","valueRequired":true,"valueName":"search_term_string"}}],"inLanguage":"fr-FR"}]}},"_links":{"self":[{"href":"https:\/\/www.plastic-crates.com\/fr\/wp-json\/wp\/v2\/product\/7151","targetHints":{"allow":["GET"]}}],"collection":[{"href":"https:\/\/www.plastic-crates.com\/fr\/wp-json\/wp\/v2\/product"}],"about":[{"href":"https:\/\/www.plastic-crates.com\/fr\/wp-json\/wp\/v2\/types\/product"}],"wp:featuredmedia":[{"embeddable":true,"href":"https:\/\/www.plastic-crates.com\/fr\/wp-json\/wp\/v2\/media\/7154"}],"wp:attachment":[{"href":"https:\/\/www.plastic-crates.com\/fr\/wp-json\/wp\/v2\/media?parent=7151"}],"wp:term":[{"taxonomy":"product_brand","embeddable":true,"href":"https:\/\/www.plastic-crates.com\/fr\/wp-json\/wp\/v2\/product_brand?post=7151"},{"taxonomy":"product_cat","embeddable":true,"href":"https:\/\/www.plastic-crates.com\/fr\/wp-json\/wp\/v2\/product_cat?post=7151"},{"taxonomy":"product_tag","embeddable":true,"href":"https:\/\/www.plastic-crates.com\/fr\/wp-json\/wp\/v2\/product_tag?post=7151"}],"curies":[{"name":"wp","href":"https:\/\/api.w.org\/{rel}","templated":true}]}}