{"id":7200,"date":"2022-12-12T04:55:33","date_gmt":"2022-12-12T04:55:33","guid":{"rendered":"https:\/\/www.plastic-crates.com\/?post_type=product&#038;p=7200"},"modified":"2022-12-12T05:27:12","modified_gmt":"2022-12-12T05:27:12","slug":"foldable-plastic-pallet-honeycomb-coaming-sleeve-box","status":"publish","type":"product","link":"https:\/\/www.plastic-crates.com\/fr\/product\/foldable-plastic-pallet-honeycomb-coaming-sleeve-box\/","title":{"rendered":"Caisse \u00e0 manchon en nid d&#039;abeille pour palette en plastique pliable"},"content":{"rendered":"<div style=\"width: 960px;\" class=\"wp-video\"><!--[if lt IE 9]><script>document.createElement('video');<\/script><![endif]-->\n<video class=\"wp-video-shortcode\" id=\"video-7200-1\" width=\"960\" height=\"540\" preload=\"metadata\" controls=\"controls\"><source type=\"video\/mp4\" src=\"https:\/\/www.plastic-crates.com\/wp-content\/uploads\/2022\/12\/plastic-gaylord-pallet-container.mp4?_=1\" \/><a href=\"https:\/\/www.plastic-crates.com\/wp-content\/uploads\/2022\/12\/plastic-gaylord-pallet-container.mp4\">https:\/\/www.plastic-crates.com\/wp-content\/uploads\/2022\/12\/plastic-gaylord-pallet-container.mp4<\/a><\/video><\/div>\n<p>&nbsp;<\/p>\n<p>&nbsp;<\/p>\n<p><strong>Bo\u00eete en plastique Gaylord<\/strong> tailles disponibles<\/p>\n<table border=\"1\" width=\"510\">\n<tbody>\n<tr>\n<td height=\"19\" data-spm-anchor-id=\"a2700.details.0.i7.65943b7dW6kPoZ\">Mod\u00e8le<\/td>\n<td height=\"19\">Diam\u00e8tre ext\u00e9rieur<\/td>\n<td height=\"19\">Diam\u00e8tre int\u00e9rieur<\/td>\n<td height=\"19\">Poids de la palette<\/td>\n<td height=\"19\">Poids du couvercle<\/td>\n<td height=\"19\">Hauteur int\u00e9rieure<\/td>\n<\/tr>\n<tr>\n<td height=\"19\">1<\/td>\n<td height=\"19\" data-spm-anchor-id=\"a2700.details.0.i37.65943b7dW6kPoZ\">1200&#215;1000<\/td>\n<td height=\"19\">1140&#215;940<\/td>\n<td height=\"19\">10 kg<\/td>\n<td height=\"19\">8 kg<\/td>\n<td rowspan=\"12\" height=\"228\" data-spm-anchor-id=\"a2700.details.0.i38.65943b7dW6kPoZ\">hauteur peut<br \/>\n\u00eatre personnalis\u00e9<\/td>\n<\/tr>\n<tr>\n<td height=\"19\">2<\/td>\n<td height=\"19\" data-spm-anchor-id=\"a2700.details.0.i8.65943b7dW6kPoZ\">1150&#215;985<\/td>\n<td height=\"19\">1106&#215;940<\/td>\n<td height=\"19\">10 kg<\/td>\n<td height=\"19\">8 kg<\/td>\n<\/tr>\n<tr>\n<td height=\"19\">3<\/td>\n<td height=\"19\">1200&#215;800<\/td>\n<td height=\"19\">1160&#215;760<\/td>\n<td height=\"19\">8,5 kg<\/td>\n<td height=\"19\">7,5 kg<\/td>\n<\/tr>\n<tr>\n<td height=\"19\">4<\/td>\n<td height=\"19\">1470X1150<\/td>\n<td height=\"19\">1400&#215;1070<\/td>\n<td height=\"19\">15 kg<\/td>\n<td height=\"19\">13 kg<\/td>\n<\/tr>\n<tr>\n<td height=\"19\">5<\/td>\n<td height=\"19\">1350&#215;1150<\/td>\n<td height=\"19\">1280&#215;1070<\/td>\n<td height=\"19\">14 kg<\/td>\n<td height=\"19\">12 kg<\/td>\n<\/tr>\n<tr>\n<td height=\"19\">6<\/td>\n<td height=\"19\">1150&#215;1150<\/td>\n<td height=\"19\">1105&#215;1105<\/td>\n<td height=\"19\">10,5 kg<\/td>\n<td height=\"19\">8,5 kg<\/td>\n<\/tr>\n<tr>\n<td height=\"19\">7<\/td>\n<td height=\"19\">1100&#215;1100<\/td>\n<td height=\"19\">1055&#215;1055<\/td>\n<td height=\"19\">10 kg<\/td>\n<td height=\"19\">8 kg<\/td>\n<\/tr>\n<tr>\n<td height=\"19\">8<\/td>\n<td height=\"19\">1200&#215;1150<\/td>\n<td height=\"19\">1160&#215;1080<\/td>\n<td height=\"19\">12 kg<\/td>\n<td height=\"19\">10 kg<\/td>\n<\/tr>\n<tr>\n<td height=\"19\">9<\/td>\n<td height=\"19\">1600&#215;1150<\/td>\n<td height=\"19\">1540&#215;1080<\/td>\n<td height=\"19\">18,5 kg<\/td>\n<td height=\"19\">12,5 kg<\/td>\n<\/tr>\n<tr>\n<td height=\"19\">10<\/td>\n<td height=\"19\">2070&#215;1150<\/td>\n<td height=\"19\">2000&#215;1080<\/td>\n<td height=\"19\">30 kg<\/td>\n<td height=\"19\">16 kg<\/td>\n<\/tr>\n<tr>\n<td height=\"19\">11<\/td>\n<td height=\"19\">820&#215;600<\/td>\n<td height=\"19\" data-spm-anchor-id=\"a2700.details.0.i9.65943b7dW6kPoZ\">760&#215;560<\/td>\n<td height=\"19\">6 kg<\/td>\n<td height=\"19\">5 kg<\/td>\n<\/tr>\n<tr>\n<td height=\"19\">12<\/td>\n<td height=\"19\">1100&#215;1000<\/td>\n<td height=\"19\">1050&#215;950<\/td>\n<td height=\"19\">10 kg<\/td>\n<td height=\"19\">7,5 kg<\/td>\n<\/tr>\n<\/tbody>\n<\/table>\n<p>&nbsp;<\/p>\n<p><strong>Avantages :<\/strong><\/p>\n<ul>\n<li>bo\u00eetes Gaylord en plastique l\u00e9g\u00e8res et stables<\/li>\n<li>pliable et d\u00e9montable<\/li>\n<li>bo\u00eete gaylord r\u00e9duite \u00e0 seulement 20% de son volume en retour<\/li>\n<li>jusqu&#039;\u00e0 80% co\u00fbts de transport r\u00e9duits<\/li>\n<li>caisse-palette en plastique avec couvercle et palette pour former une unit\u00e9 ferm\u00e9e<\/li>\n<li>transport s\u00fbr, propre et efficace garanti<\/li>\n<li>r\u00e9sistant aux intemp\u00e9ries<\/li>\n<li>tr\u00e8s robuste<\/li>\n<li>facile \u00e0 nettoyer<\/li>\n<\/ul>\n<p><strong>Honeycomb Coaming Sleeve Box feature<\/strong><\/p>\n<p><img loading=\"lazy\" decoding=\"async\" class=\"alignnone wp-image-7189 size-full\" src=\"https:\/\/www.plastic-crates.com\/wp-content\/uploads\/2022\/12\/plastic-gaylord-pallet-container-feature-1.jpg\" alt=\"caract\u00e9ristiques du conteneur-palette en plastique Gaylord\" width=\"750\" height=\"506\" srcset=\"https:\/\/www.plastic-crates.com\/wp-content\/uploads\/2022\/12\/plastic-gaylord-pallet-container-feature-1.jpg 750w, https:\/\/www.plastic-crates.com\/wp-content\/uploads\/2022\/12\/plastic-gaylord-pallet-container-feature-1-300x202.jpg 300w, https:\/\/www.plastic-crates.com\/wp-content\/uploads\/2022\/12\/plastic-gaylord-pallet-container-feature-1-600x405.jpg 600w\" sizes=\"auto, (max-width: 750px) 100vw, 750px\" \/> <img loading=\"lazy\" decoding=\"async\" class=\"alignnone size-full wp-image-7190\" src=\"https:\/\/www.plastic-crates.com\/wp-content\/uploads\/2022\/12\/plastic-gaylord-pallet-container-feature-2.jpg\" alt=\"caract\u00e9ristiques du conteneur-palette en plastique Gaylord\" width=\"750\" height=\"747\" srcset=\"https:\/\/www.plastic-crates.com\/wp-content\/uploads\/2022\/12\/plastic-gaylord-pallet-container-feature-2.jpg 750w, https:\/\/www.plastic-crates.com\/wp-content\/uploads\/2022\/12\/plastic-gaylord-pallet-container-feature-2-300x300.jpg 300w, https:\/\/www.plastic-crates.com\/wp-content\/uploads\/2022\/12\/plastic-gaylord-pallet-container-feature-2-150x150.jpg 150w, https:\/\/www.plastic-crates.com\/wp-content\/uploads\/2022\/12\/plastic-gaylord-pallet-container-feature-2-600x598.jpg 600w, https:\/\/www.plastic-crates.com\/wp-content\/uploads\/2022\/12\/plastic-gaylord-pallet-container-feature-2-100x100.jpg 100w\" sizes=\"auto, (max-width: 750px) 100vw, 750px\" \/> <img loading=\"lazy\" decoding=\"async\" class=\"alignnone size-full wp-image-7191\" src=\"https:\/\/www.plastic-crates.com\/wp-content\/uploads\/2022\/12\/plastic-gaylord-pallet-container-feature-3.jpg\" alt=\"caract\u00e9ristiques du conteneur-palette en plastique Gaylord\" width=\"750\" height=\"615\" srcset=\"https:\/\/www.plastic-crates.com\/wp-content\/uploads\/2022\/12\/plastic-gaylord-pallet-container-feature-3.jpg 750w, https:\/\/www.plastic-crates.com\/wp-content\/uploads\/2022\/12\/plastic-gaylord-pallet-container-feature-3-300x246.jpg 300w, https:\/\/www.plastic-crates.com\/wp-content\/uploads\/2022\/12\/plastic-gaylord-pallet-container-feature-3-600x492.jpg 600w\" sizes=\"auto, (max-width: 750px) 100vw, 750px\" \/><\/p>\n<p>&nbsp;<\/p>\n<p><img loading=\"lazy\" decoding=\"async\" class=\"alignnone size-full wp-image-7192\" src=\"https:\/\/www.plastic-crates.com\/wp-content\/uploads\/2022\/12\/plastic-gaylord-pallet-container-packaging-shipping.jpg\" alt=\"Emballage et exp\u00e9dition de conteneurs-palettes en plastique Gaylord\" width=\"750\" height=\"604\" srcset=\"https:\/\/www.plastic-crates.com\/wp-content\/uploads\/2022\/12\/plastic-gaylord-pallet-container-packaging-shipping.jpg 750w, https:\/\/www.plastic-crates.com\/wp-content\/uploads\/2022\/12\/plastic-gaylord-pallet-container-packaging-shipping-300x242.jpg 300w, https:\/\/www.plastic-crates.com\/wp-content\/uploads\/2022\/12\/plastic-gaylord-pallet-container-packaging-shipping-600x483.jpg 600w\" sizes=\"auto, (max-width: 750px) 100vw, 750px\" \/><\/p>","protected":false},"excerpt":{"rendered":"<div><a href=\"https:\/\/www.plastic-crates.com\/fr\/product-category\/conteneurs-empilables\/\" target=\"_blank\" rel=\"noopener noreferrer\">contenants de stockage en plastique<\/a>,<a href=\"https:\/\/www.plastic-crates.com\/fr\/product-category\/conteneur-palette\/\" target=\"_blank\" rel=\"noopener noreferrer\">conteneurs-palettes empilables<\/a>,<a href=\"https:\/\/www.plastic-crate.co.uk\/product-tag\/ifco-crates-for-sale\/\" target=\"_blank\" rel=\"noopener noreferrer\">Caisses en plastique Ifco<\/a>,<a href=\"https:\/\/www.plastic-crates.com\/fr\/product-category\/sacs-fourre-tout-avec-couvercles\/\" target=\"_blank\" rel=\"noopener noreferrer\">Conteneur \u00e0 parois droites<\/a><\/div>","protected":false},"featured_media":7209,"template":"","meta":{"_acf_changed":false},"product_brand":[],"product_cat":[14],"product_tag":[91,89,88,138,139],"class_list":{"0":"post-7200","1":"product","2":"type-product","3":"status-publish","4":"has-post-thumbnail","6":"product_cat-pallet-container","7":"product_tag-collapsible-plastic-pallet-box","8":"product_tag-corrugated-pallet-box","9":"product_tag-foldable-coaming-box","10":"product_tag-pallet-sleeve-box","11":"product_tag-plastic-gaylord-box-reusable-plastic-gaylord-pallet-container","13":"first","14":"instock","15":"product-type-simple"},"acf":[],"yoast_head":"<!-- This site is optimized with the Yoast SEO plugin v26.1.1 - https:\/\/yoast.com\/wordpress\/plugins\/seo\/ -->\n<title>plastic Honeycomb Coaming Sleeve Box wholesale &amp; Factory Price<\/title>\n<meta name=\"description\" content=\"Plastic Honeycomb Coaming Sleeve Box, Dimensions(L*W*H):2070 * 1150 mm, height can be customized, plastic gaylord box for sale\" \/>\n<meta name=\"robots\" content=\"index, follow, max-snippet:-1, max-image-preview:large, max-video-preview:-1\" \/>\n<link rel=\"canonical\" href=\"https:\/\/www.plastic-crates.com\/fr\/product\/foldable-plastic-pallet-honeycomb-coaming-sleeve-box\/\" \/>\n<meta property=\"og:locale\" content=\"fr_FR\" \/>\n<meta property=\"og:type\" content=\"article\" \/>\n<meta property=\"og:title\" content=\"collapsible plastic pallet box fast supplier\" \/>\n<meta property=\"og:description\" content=\"Plastic Honeycomb Coaming Sleeve Box, Dimensions(L*W*H):2070 * 1150 mm, height can be customized, plastic gaylord box for sale\" \/>\n<meta property=\"og:url\" content=\"https:\/\/www.plastic-crates.com\/fr\/product\/foldable-plastic-pallet-honeycomb-coaming-sleeve-box\/\" \/>\n<meta property=\"og:site_name\" content=\"plastic-crates.com\" \/>\n<meta property=\"article:modified_time\" content=\"2022-12-12T05:27:12+00:00\" \/>\n<meta property=\"og:image\" content=\"https:\/\/www.plastic-crates.com\/wp-content\/uploads\/2022\/12\/Foldable-Plastic-Pallet-Honeycomb-Coaming-Sleeve-Box-b.jpg\" \/>\n\t<meta property=\"og:image:width\" content=\"800\" \/>\n\t<meta property=\"og:image:height\" content=\"800\" \/>\n\t<meta property=\"og:image:type\" content=\"image\/jpeg\" \/>\n<meta name=\"twitter:card\" content=\"summary_large_image\" \/>\n<meta name=\"twitter:title\" content=\"collapsible plastic pallet box fast supplier\" \/>\n<meta name=\"twitter:label1\" content=\"Dur\u00e9e de lecture estim\u00e9e\" \/>\n\t<meta name=\"twitter:data1\" content=\"1 minute\" \/>\n<script type=\"application\/ld+json\" class=\"yoast-schema-graph\">{\"@context\":\"https:\/\/schema.org\",\"@graph\":[{\"@type\":\"WebPage\",\"@id\":\"https:\/\/www.plastic-crates.com\/product\/foldable-plastic-pallet-honeycomb-coaming-sleeve-box\/\",\"url\":\"https:\/\/www.plastic-crates.com\/product\/foldable-plastic-pallet-honeycomb-coaming-sleeve-box\/\",\"name\":\"plastic Honeycomb Coaming Sleeve Box wholesale & Factory Price\",\"isPartOf\":{\"@id\":\"https:\/\/www.plastic-crates.com\/#website\"},\"primaryImageOfPage\":{\"@id\":\"https:\/\/www.plastic-crates.com\/product\/foldable-plastic-pallet-honeycomb-coaming-sleeve-box\/#primaryimage\"},\"image\":{\"@id\":\"https:\/\/www.plastic-crates.com\/product\/foldable-plastic-pallet-honeycomb-coaming-sleeve-box\/#primaryimage\"},\"thumbnailUrl\":\"https:\/\/www.plastic-crates.com\/wp-content\/uploads\/2022\/12\/Foldable-Plastic-Pallet-Honeycomb-Coaming-Sleeve-Box-b.jpg\",\"datePublished\":\"2022-12-12T04:55:33+00:00\",\"dateModified\":\"2022-12-12T05:27:12+00:00\",\"description\":\"Plastic Honeycomb Coaming Sleeve Box, Dimensions(L*W*H):2070 * 1150 mm, height can be customized, plastic gaylord box for sale\",\"breadcrumb\":{\"@id\":\"https:\/\/www.plastic-crates.com\/product\/foldable-plastic-pallet-honeycomb-coaming-sleeve-box\/#breadcrumb\"},\"inLanguage\":\"fr-FR\",\"potentialAction\":[{\"@type\":\"ReadAction\",\"target\":[\"https:\/\/www.plastic-crates.com\/product\/foldable-plastic-pallet-honeycomb-coaming-sleeve-box\/\"]}]},{\"@type\":\"ImageObject\",\"inLanguage\":\"fr-FR\",\"@id\":\"https:\/\/www.plastic-crates.com\/product\/foldable-plastic-pallet-honeycomb-coaming-sleeve-box\/#primaryimage\",\"url\":\"https:\/\/www.plastic-crates.com\/wp-content\/uploads\/2022\/12\/Foldable-Plastic-Pallet-Honeycomb-Coaming-Sleeve-Box-b.jpg\",\"contentUrl\":\"https:\/\/www.plastic-crates.com\/wp-content\/uploads\/2022\/12\/Foldable-Plastic-Pallet-Honeycomb-Coaming-Sleeve-Box-b.jpg\",\"width\":800,\"height\":800,\"caption\":\"Foldable Plastic Pallet Honeycomb Coaming Sleeve Box\"},{\"@type\":\"BreadcrumbList\",\"@id\":\"https:\/\/www.plastic-crates.com\/product\/foldable-plastic-pallet-honeycomb-coaming-sleeve-box\/#breadcrumb\",\"itemListElement\":[{\"@type\":\"ListItem\",\"position\":1,\"name\":\"Home\",\"item\":\"https:\/\/www.plastic-crates.com\/\"},{\"@type\":\"ListItem\",\"position\":2,\"name\":\"Products\",\"item\":\"https:\/\/www.plastic-crates.com\/shop\/\"},{\"@type\":\"ListItem\",\"position\":3,\"name\":\"Foldable Plastic Pallet Honeycomb Coaming Sleeve Box\"}]},{\"@type\":\"WebSite\",\"@id\":\"https:\/\/www.plastic-crates.com\/#website\",\"url\":\"https:\/\/www.plastic-crates.com\/\",\"name\":\"plastic-crates.com\",\"description\":\"Leading plastic crates manufacturer in China\",\"potentialAction\":[{\"@type\":\"SearchAction\",\"target\":{\"@type\":\"EntryPoint\",\"urlTemplate\":\"https:\/\/www.plastic-crates.com\/?s={search_term_string}\"},\"query-input\":{\"@type\":\"PropertyValueSpecification\",\"valueRequired\":true,\"valueName\":\"search_term_string\"}}],\"inLanguage\":\"fr-FR\"}]}<\/script>\n<!-- \/ Yoast SEO plugin. -->","yoast_head_json":{"title":"plastic Honeycomb Coaming Sleeve Box wholesale & Factory Price","description":"Plastic Honeycomb Coaming Sleeve Box, Dimensions(L*W*H):2070 * 1150 mm, height can be customized, plastic gaylord box for sale","robots":{"index":"index","follow":"follow","max-snippet":"max-snippet:-1","max-image-preview":"max-image-preview:large","max-video-preview":"max-video-preview:-1"},"canonical":"https:\/\/www.plastic-crates.com\/fr\/product\/foldable-plastic-pallet-honeycomb-coaming-sleeve-box\/","og_locale":"fr_FR","og_type":"article","og_title":"collapsible plastic pallet box fast supplier","og_description":"Plastic Honeycomb Coaming Sleeve Box, Dimensions(L*W*H):2070 * 1150 mm, height can be customized, plastic gaylord box for sale","og_url":"https:\/\/www.plastic-crates.com\/fr\/product\/foldable-plastic-pallet-honeycomb-coaming-sleeve-box\/","og_site_name":"plastic-crates.com","article_modified_time":"2022-12-12T05:27:12+00:00","og_image":[{"width":800,"height":800,"url":"https:\/\/www.plastic-crates.com\/wp-content\/uploads\/2022\/12\/Foldable-Plastic-Pallet-Honeycomb-Coaming-Sleeve-Box-b.jpg","type":"image\/jpeg"}],"twitter_card":"summary_large_image","twitter_title":"collapsible plastic pallet box fast supplier","twitter_misc":{"Dur\u00e9e de lecture estim\u00e9e":"1 minute"},"schema":{"@context":"https:\/\/schema.org","@graph":[{"@type":"WebPage","@id":"https:\/\/www.plastic-crates.com\/product\/foldable-plastic-pallet-honeycomb-coaming-sleeve-box\/","url":"https:\/\/www.plastic-crates.com\/product\/foldable-plastic-pallet-honeycomb-coaming-sleeve-box\/","name":"plastic Honeycomb Coaming Sleeve Box wholesale & Factory Price","isPartOf":{"@id":"https:\/\/www.plastic-crates.com\/#website"},"primaryImageOfPage":{"@id":"https:\/\/www.plastic-crates.com\/product\/foldable-plastic-pallet-honeycomb-coaming-sleeve-box\/#primaryimage"},"image":{"@id":"https:\/\/www.plastic-crates.com\/product\/foldable-plastic-pallet-honeycomb-coaming-sleeve-box\/#primaryimage"},"thumbnailUrl":"https:\/\/www.plastic-crates.com\/wp-content\/uploads\/2022\/12\/Foldable-Plastic-Pallet-Honeycomb-Coaming-Sleeve-Box-b.jpg","datePublished":"2022-12-12T04:55:33+00:00","dateModified":"2022-12-12T05:27:12+00:00","description":"Plastic Honeycomb Coaming Sleeve Box, Dimensions(L*W*H):2070 * 1150 mm, height can be customized, plastic gaylord box for sale","breadcrumb":{"@id":"https:\/\/www.plastic-crates.com\/product\/foldable-plastic-pallet-honeycomb-coaming-sleeve-box\/#breadcrumb"},"inLanguage":"fr-FR","potentialAction":[{"@type":"ReadAction","target":["https:\/\/www.plastic-crates.com\/product\/foldable-plastic-pallet-honeycomb-coaming-sleeve-box\/"]}]},{"@type":"ImageObject","inLanguage":"fr-FR","@id":"https:\/\/www.plastic-crates.com\/product\/foldable-plastic-pallet-honeycomb-coaming-sleeve-box\/#primaryimage","url":"https:\/\/www.plastic-crates.com\/wp-content\/uploads\/2022\/12\/Foldable-Plastic-Pallet-Honeycomb-Coaming-Sleeve-Box-b.jpg","contentUrl":"https:\/\/www.plastic-crates.com\/wp-content\/uploads\/2022\/12\/Foldable-Plastic-Pallet-Honeycomb-Coaming-Sleeve-Box-b.jpg","width":800,"height":800,"caption":"Foldable Plastic Pallet Honeycomb Coaming Sleeve Box"},{"@type":"BreadcrumbList","@id":"https:\/\/www.plastic-crates.com\/product\/foldable-plastic-pallet-honeycomb-coaming-sleeve-box\/#breadcrumb","itemListElement":[{"@type":"ListItem","position":1,"name":"Home","item":"https:\/\/www.plastic-crates.com\/"},{"@type":"ListItem","position":2,"name":"Products","item":"https:\/\/www.plastic-crates.com\/shop\/"},{"@type":"ListItem","position":3,"name":"Foldable Plastic Pallet Honeycomb Coaming Sleeve Box"}]},{"@type":"WebSite","@id":"https:\/\/www.plastic-crates.com\/#website","url":"https:\/\/www.plastic-crates.com\/","name":"plastic-crates.com","description":"Fabricant leader de caisses en plastique en Chine","potentialAction":[{"@type":"SearchAction","target":{"@type":"EntryPoint","urlTemplate":"https:\/\/www.plastic-crates.com\/?s={search_term_string}"},"query-input":{"@type":"PropertyValueSpecification","valueRequired":true,"valueName":"search_term_string"}}],"inLanguage":"fr-FR"}]}},"_links":{"self":[{"href":"https:\/\/www.plastic-crates.com\/fr\/wp-json\/wp\/v2\/product\/7200","targetHints":{"allow":["GET"]}}],"collection":[{"href":"https:\/\/www.plastic-crates.com\/fr\/wp-json\/wp\/v2\/product"}],"about":[{"href":"https:\/\/www.plastic-crates.com\/fr\/wp-json\/wp\/v2\/types\/product"}],"wp:featuredmedia":[{"embeddable":true,"href":"https:\/\/www.plastic-crates.com\/fr\/wp-json\/wp\/v2\/media\/7209"}],"wp:attachment":[{"href":"https:\/\/www.plastic-crates.com\/fr\/wp-json\/wp\/v2\/media?parent=7200"}],"wp:term":[{"taxonomy":"product_brand","embeddable":true,"href":"https:\/\/www.plastic-crates.com\/fr\/wp-json\/wp\/v2\/product_brand?post=7200"},{"taxonomy":"product_cat","embeddable":true,"href":"https:\/\/www.plastic-crates.com\/fr\/wp-json\/wp\/v2\/product_cat?post=7200"},{"taxonomy":"product_tag","embeddable":true,"href":"https:\/\/www.plastic-crates.com\/fr\/wp-json\/wp\/v2\/product_tag?post=7200"}],"curies":[{"name":"wp","href":"https:\/\/api.w.org\/{rel}","templated":true}]}}